{"id":5902,"date":"2022-02-22T08:09:55","date_gmt":"2022-02-22T08:09:55","guid":{"rendered":"https:\/\/medicinasinc.com\/de\/?post_type=product&#038;p=5902"},"modified":"2022-03-18T00:07:21","modified_gmt":"2022-03-18T00:07:21","slug":"kaufen-5f-adb","status":"publish","type":"product","link":"https:\/\/medicinasinc.com\/de\/product\/kaufen-5f-adb\/","title":{"rendered":"Kaufen Sie 5F-ADB"},"content":{"rendered":"<p>5F-ADB (alternativ 5F-MDMB-PINACA geschrieben) ist ein synthetisches Cannabinoid aus Indazol, das als Wirkstoff in synthetischen Cannabisprodukten verwendet und online als Designerdroge verkauft wird.<\/p>\n<p>5F -ADB ist ein starker Agonist des CB1-Rezeptors, obwohl seine Selektivit\u00e4t f\u00fcr diesen Rezeptor unbekannt ist. 5F-ADB wurde erstmals im November 2014 anhand von Obduktionsproben einer Person gefunden, die nach der Einnahme eines Produkts, das dieses Medikament enthielt, starb. Nachfolgende Tests ergaben, dass 5F-ADB bei insgesamt zehn Menschen nachgewiesen wurde, die zwischen September und Dezember 2014 in Japan an unerkl\u00e4rlichen \u00dcberdosierungen von Medikamenten starben. Basierend auf den relativ niedrigen Konzentrationen, die in Gewebetests entdeckt wurden, wird angenommen, dass 5F-ADB au\u00dferordentlich stark ist und wesentlich gef\u00e4hrlicher als zuvor verkaufte synthetische Cannabisarzneimittel zu sein scheint.<\/p>\n<p>N-[[1-(5- Fluorpentyl)-1H-indazol-3-yl]carbonyl]<\/p>\n<p>-3-methyl-D-valinmethylester (5F-ADB) ist ein hochstarkes synthetisches Cannabis, das beim Menschen gelegentlich schwere psychotische Symptome hervorruft t\u00f6dlich.<\/p>\n<p>Um die neuronalen Mechanismen hinter der 5F-Toxizit\u00e4t aufzukl\u00e4ren, untersuchten wir die Wirkung von ADB auf die dopaminergen und serotonergen Schaltkreise des Mittelhirns, die eine Vielzahl grundlegender Gehirnfunktionen regulieren, einschlie\u00dflich derjenigen, die mit belohnungsbezogenem Verhalten verbunden sind. Elektrophysiologische Ex-vivo-Techniken wurden verwendet, um \u00c4nderungen in der spontanen Feuerungsaktivit\u00e4t von dopaminergen und serotonergen Neuronen aufzuzeichnen, die von 5F-ADB produziert wurden.<\/p>\n<p>5F-ADB (1 M) erh\u00f6hte die spontane Feuerungsrate von dopaminergen Neuronen dramatisch, aber konnten sie in Gegenwart des CB1-Antagonisten AM251 (1 M) nicht aktivieren. Andererseits hatte die gleiche Konzentration von 5F-ADB keine Wirkung auf die serotonerge Neuronenaktivit\u00e4t. Diese Ergebnisse zeigen, dass 5F-ADB lokale CB1-Rezeptoren aktiviert und dopaminerge Systeme im Mittelhirn verst\u00e4rkt, w\u00e4hrend es keine Wirkung auf serotonerge Systeme im Mittelhirn hat.<\/p>\n","protected":false},"excerpt":{"rendered":"<p>Kaufen Sie 5F-ADB zum Verkauf in Gro\u00dfbritannien, Europa und China (auch bekannt als 5F-MDMB-PINACA) ist ein synthetisches Cannabinoid auf Indazolbasis aus der Indazol-3-Carboxamid-Familie, Gro\u00dfhandelsbestellung verf\u00fcgbar<\/p>\n","protected":false},"featured_media":5933,"comment_status":"open","ping_status":"closed","template":"","meta":[],"product_brand":[],"product_cat":[2596],"product_tag":[4066,4073,4070,4067,4068,4069,4071,4074,4072,4075,4076],"class_list":{"0":"post-5902","1":"product","2":"type-product","3":"status-publish","4":"has-post-thumbnail","6":"product_cat-cannabinoide-zum-verkauf","7":"product_tag-5f-adb","8":"product_tag-5f-adb-online-bestellen","9":"product_tag-5f-adb-online-kaufen","10":"product_tag-5f-adb-zu-verkaufen","11":"product_tag-5f-adb-pulver","12":"product_tag-5f-mdmb-pinaca","13":"product_tag-c20h28fn3o3","14":"product_tag-der-beste-platz-um-5f-adb-online-zu-kaufen","15":"product_tag-how-to-buy-5f-adb-online","16":"product_tag-v1715016-75-3","17":"product_tag-wo-zu-kaufen-5f-adb-online","19":"first","20":"instock","21":"featured","22":"shipping-taxable","23":"purchasable","24":"product-type-variable"},"yoast_head":"<!-- This site is optimized with the Yoast SEO plugin v27.3 - https:\/\/yoast.com\/product\/yoast-seo-wordpress\/ -->\n<title>Kaufen Sie 5F-ADB - 5F-MDMB-PINACA - Best Best Global Meds<\/title>\n<meta name=\"description\" content=\"Kaufen Sie 5F-ADB zum Verkauf in Gro\u00dfbritannien, Europa\u00a0(auch bekannt als\u00a05F-MDMB-PINACA) ist ein\u00a0auf Indazol basierendes synthetisches\u00a0Cannabinoid\u00a0aus der Indazol-3-Carboxamid-Familie, Gro\u00dfhandelsbestellung verf\u00fcgbar\" \/>\n<meta name=\"robots\" content=\"index, follow, max-snippet:-1, max-image-preview:large, max-video-preview:-1\" \/>\n<link rel=\"canonical\" href=\"https:\/\/medicinasinc.com\/de\/product\/kaufen-5f-adb\/\" \/>\n<meta property=\"og:locale\" content=\"de_DE\" \/>\n<meta property=\"og:type\" content=\"article\" \/>\n<meta property=\"og:title\" content=\"Kaufen Sie 5F-ADB - 5F-MDMB-PINACA - Best Best Global Meds\" \/>\n<meta property=\"og:description\" content=\"Kaufen Sie 5F-ADB zum Verkauf in Gro\u00dfbritannien, Europa\u00a0(auch bekannt als\u00a05F-MDMB-PINACA) ist ein\u00a0auf Indazol basierendes synthetisches\u00a0Cannabinoid\u00a0aus der Indazol-3-Carboxamid-Familie, Gro\u00dfhandelsbestellung verf\u00fcgbar\" \/>\n<meta property=\"og:url\" content=\"https:\/\/medicinasinc.com\/de\/product\/kaufen-5f-adb\/\" \/>\n<meta property=\"og:site_name\" content=\"Medicinas Inc\" \/>\n<meta property=\"article:modified_time\" content=\"2022-03-18T00:07:21+00:00\" \/>\n<meta property=\"og:image\" content=\"https:\/\/medicinasinc.com\/de\/wp-content\/uploads\/sites\/6\/2022\/02\/Buy-5F-ADB.jpeg\" \/>\n\t<meta property=\"og:image:width\" content=\"800\" \/>\n\t<meta property=\"og:image:height\" content=\"450\" \/>\n\t<meta property=\"og:image:type\" content=\"image\/jpeg\" \/>\n<meta name=\"twitter:card\" content=\"summary_large_image\" \/>\n<meta name=\"twitter:label1\" content=\"Gesch\u00e4tzte Lesezeit\" \/>\n\t<meta name=\"twitter:data1\" content=\"2\u00a0Minuten\" \/>\n<script type=\"application\/ld+json\" class=\"yoast-schema-graph\">{\"@context\":\"https:\\\/\\\/schema.org\",\"@graph\":[{\"@type\":\"WebPage\",\"@id\":\"https:\\\/\\\/medicinasinc.com\\\/de\\\/product\\\/kaufen-5f-adb\\\/\",\"url\":\"https:\\\/\\\/medicinasinc.com\\\/de\\\/product\\\/kaufen-5f-adb\\\/\",\"name\":\"Kaufen Sie 5F-ADB - 5F-MDMB-PINACA - Best Best Global Meds\",\"isPartOf\":{\"@id\":\"https:\\\/\\\/medicinasinc.com\\\/de\\\/#website\"},\"primaryImageOfPage\":{\"@id\":\"https:\\\/\\\/medicinasinc.com\\\/de\\\/product\\\/kaufen-5f-adb\\\/#primaryimage\"},\"image\":{\"@id\":\"https:\\\/\\\/medicinasinc.com\\\/de\\\/product\\\/kaufen-5f-adb\\\/#primaryimage\"},\"thumbnailUrl\":\"https:\\\/\\\/medicinasinc.com\\\/de\\\/wp-content\\\/uploads\\\/sites\\\/6\\\/2022\\\/02\\\/Buy-5F-ADB.jpeg\",\"datePublished\":\"2022-02-22T08:09:55+00:00\",\"dateModified\":\"2022-03-18T00:07:21+00:00\",\"description\":\"Kaufen Sie 5F-ADB zum Verkauf in Gro\u00dfbritannien, Europa\u00a0(auch bekannt als\u00a05F-MDMB-PINACA) ist ein\u00a0auf Indazol basierendes synthetisches\u00a0Cannabinoid\u00a0aus der Indazol-3-Carboxamid-Familie, Gro\u00dfhandelsbestellung verf\u00fcgbar\",\"breadcrumb\":{\"@id\":\"https:\\\/\\\/medicinasinc.com\\\/de\\\/product\\\/kaufen-5f-adb\\\/#breadcrumb\"},\"inLanguage\":\"de\",\"potentialAction\":[{\"@type\":\"ReadAction\",\"target\":[\"https:\\\/\\\/medicinasinc.com\\\/de\\\/product\\\/kaufen-5f-adb\\\/\"]}]},{\"@type\":\"ImageObject\",\"inLanguage\":\"de\",\"@id\":\"https:\\\/\\\/medicinasinc.com\\\/de\\\/product\\\/kaufen-5f-adb\\\/#primaryimage\",\"url\":\"https:\\\/\\\/medicinasinc.com\\\/de\\\/wp-content\\\/uploads\\\/sites\\\/6\\\/2022\\\/02\\\/Buy-5F-ADB.jpeg\",\"contentUrl\":\"https:\\\/\\\/medicinasinc.com\\\/de\\\/wp-content\\\/uploads\\\/sites\\\/6\\\/2022\\\/02\\\/Buy-5F-ADB.jpeg\",\"width\":800,\"height\":450},{\"@type\":\"BreadcrumbList\",\"@id\":\"https:\\\/\\\/medicinasinc.com\\\/de\\\/product\\\/kaufen-5f-adb\\\/#breadcrumb\",\"itemListElement\":[{\"@type\":\"ListItem\",\"position\":1,\"name\":\"Einkaufen\",\"item\":\"https:\\\/\\\/medicinasinc.com\\\/de\\\/einkaufen\\\/\"},{\"@type\":\"ListItem\",\"position\":2,\"name\":\"Kaufen Sie 5F-ADB\"}]},{\"@type\":\"WebSite\",\"@id\":\"https:\\\/\\\/medicinasinc.com\\\/de\\\/#website\",\"url\":\"https:\\\/\\\/medicinasinc.com\\\/de\\\/\",\"name\":\"Medicinas Inc\",\"description\":\"Health Medical Clinic\",\"potentialAction\":[{\"@type\":\"SearchAction\",\"target\":{\"@type\":\"EntryPoint\",\"urlTemplate\":\"https:\\\/\\\/medicinasinc.com\\\/de\\\/?s={search_term_string}\"},\"query-input\":{\"@type\":\"PropertyValueSpecification\",\"valueRequired\":true,\"valueName\":\"search_term_string\"}}],\"inLanguage\":\"de\"}]}<\/script>\n<!-- \/ Yoast SEO plugin. -->","yoast_head_json":{"title":"Kaufen Sie 5F-ADB - 5F-MDMB-PINACA - Best Best Global Meds","description":"Kaufen Sie 5F-ADB zum Verkauf in Gro\u00dfbritannien, Europa\u00a0(auch bekannt als\u00a05F-MDMB-PINACA) ist ein\u00a0auf Indazol basierendes synthetisches\u00a0Cannabinoid\u00a0aus der Indazol-3-Carboxamid-Familie, Gro\u00dfhandelsbestellung verf\u00fcgbar","robots":{"index":"index","follow":"follow","max-snippet":"max-snippet:-1","max-image-preview":"max-image-preview:large","max-video-preview":"max-video-preview:-1"},"canonical":"https:\/\/medicinasinc.com\/de\/product\/kaufen-5f-adb\/","og_locale":"de_DE","og_type":"article","og_title":"Kaufen Sie 5F-ADB - 5F-MDMB-PINACA - Best Best Global Meds","og_description":"Kaufen Sie 5F-ADB zum Verkauf in Gro\u00dfbritannien, Europa\u00a0(auch bekannt als\u00a05F-MDMB-PINACA) ist ein\u00a0auf Indazol basierendes synthetisches\u00a0Cannabinoid\u00a0aus der Indazol-3-Carboxamid-Familie, Gro\u00dfhandelsbestellung verf\u00fcgbar","og_url":"https:\/\/medicinasinc.com\/de\/product\/kaufen-5f-adb\/","og_site_name":"Medicinas Inc","article_modified_time":"2022-03-18T00:07:21+00:00","og_image":[{"width":800,"height":450,"url":"https:\/\/medicinasinc.com\/de\/wp-content\/uploads\/sites\/6\/2022\/02\/Buy-5F-ADB.jpeg","type":"image\/jpeg"}],"twitter_card":"summary_large_image","twitter_misc":{"Gesch\u00e4tzte Lesezeit":"2\u00a0Minuten"},"schema":{"@context":"https:\/\/schema.org","@graph":[{"@type":"WebPage","@id":"https:\/\/medicinasinc.com\/de\/product\/kaufen-5f-adb\/","url":"https:\/\/medicinasinc.com\/de\/product\/kaufen-5f-adb\/","name":"Kaufen Sie 5F-ADB - 5F-MDMB-PINACA - Best Best Global Meds","isPartOf":{"@id":"https:\/\/medicinasinc.com\/de\/#website"},"primaryImageOfPage":{"@id":"https:\/\/medicinasinc.com\/de\/product\/kaufen-5f-adb\/#primaryimage"},"image":{"@id":"https:\/\/medicinasinc.com\/de\/product\/kaufen-5f-adb\/#primaryimage"},"thumbnailUrl":"https:\/\/medicinasinc.com\/de\/wp-content\/uploads\/sites\/6\/2022\/02\/Buy-5F-ADB.jpeg","datePublished":"2022-02-22T08:09:55+00:00","dateModified":"2022-03-18T00:07:21+00:00","description":"Kaufen Sie 5F-ADB zum Verkauf in Gro\u00dfbritannien, Europa\u00a0(auch bekannt als\u00a05F-MDMB-PINACA) ist ein\u00a0auf Indazol basierendes synthetisches\u00a0Cannabinoid\u00a0aus der Indazol-3-Carboxamid-Familie, Gro\u00dfhandelsbestellung verf\u00fcgbar","breadcrumb":{"@id":"https:\/\/medicinasinc.com\/de\/product\/kaufen-5f-adb\/#breadcrumb"},"inLanguage":"de","potentialAction":[{"@type":"ReadAction","target":["https:\/\/medicinasinc.com\/de\/product\/kaufen-5f-adb\/"]}]},{"@type":"ImageObject","inLanguage":"de","@id":"https:\/\/medicinasinc.com\/de\/product\/kaufen-5f-adb\/#primaryimage","url":"https:\/\/medicinasinc.com\/de\/wp-content\/uploads\/sites\/6\/2022\/02\/Buy-5F-ADB.jpeg","contentUrl":"https:\/\/medicinasinc.com\/de\/wp-content\/uploads\/sites\/6\/2022\/02\/Buy-5F-ADB.jpeg","width":800,"height":450},{"@type":"BreadcrumbList","@id":"https:\/\/medicinasinc.com\/de\/product\/kaufen-5f-adb\/#breadcrumb","itemListElement":[{"@type":"ListItem","position":1,"name":"Einkaufen","item":"https:\/\/medicinasinc.com\/de\/einkaufen\/"},{"@type":"ListItem","position":2,"name":"Kaufen Sie 5F-ADB"}]},{"@type":"WebSite","@id":"https:\/\/medicinasinc.com\/de\/#website","url":"https:\/\/medicinasinc.com\/de\/","name":"Medicinas Inc","description":"Health Medical Clinic","potentialAction":[{"@type":"SearchAction","target":{"@type":"EntryPoint","urlTemplate":"https:\/\/medicinasinc.com\/de\/?s={search_term_string}"},"query-input":{"@type":"PropertyValueSpecification","valueRequired":true,"valueName":"search_term_string"}}],"inLanguage":"de"}]}},"_links":{"self":[{"href":"https:\/\/medicinasinc.com\/de\/wp-json\/wp\/v2\/product\/5902","targetHints":{"allow":["GET"]}}],"collection":[{"href":"https:\/\/medicinasinc.com\/de\/wp-json\/wp\/v2\/product"}],"about":[{"href":"https:\/\/medicinasinc.com\/de\/wp-json\/wp\/v2\/types\/product"}],"replies":[{"embeddable":true,"href":"https:\/\/medicinasinc.com\/de\/wp-json\/wp\/v2\/comments?post=5902"}],"wp:featuredmedia":[{"embeddable":true,"href":"https:\/\/medicinasinc.com\/de\/wp-json\/wp\/v2\/media\/5933"}],"wp:attachment":[{"href":"https:\/\/medicinasinc.com\/de\/wp-json\/wp\/v2\/media?parent=5902"}],"wp:term":[{"taxonomy":"product_brand","embeddable":true,"href":"https:\/\/medicinasinc.com\/de\/wp-json\/wp\/v2\/product_brand?post=5902"},{"taxonomy":"product_cat","embeddable":true,"href":"https:\/\/medicinasinc.com\/de\/wp-json\/wp\/v2\/product_cat?post=5902"},{"taxonomy":"product_tag","embeddable":true,"href":"https:\/\/medicinasinc.com\/de\/wp-json\/wp\/v2\/product_tag?post=5902"}],"curies":[{"name":"wp","href":"https:\/\/api.w.org\/{rel}","templated":true}]}}