{"id":5897,"date":"2022-02-22T08:07:13","date_gmt":"2022-02-22T08:07:13","guid":{"rendered":"https:\/\/medicinasinc.com\/de\/?post_type=product&#038;p=5897"},"modified":"2022-03-18T00:07:31","modified_gmt":"2022-03-18T00:07:31","slug":"buy-5c-akb48","status":"publish","type":"product","link":"https:\/\/medicinasinc.com\/de\/product\/buy-5c-akb48\/","title":{"rendered":"5C-AKB48 kaufen"},"content":{"rendered":"<p>Was ist der 5C-AKB48-Code?<\/p>\n<p>5C-AKB48 ist ein synthetisches Cannabinoid, das zur Klasse der Indazolcarboxamide geh\u00f6rt. Es ist das 5-Chlor-Analogon von 5F-AKB48 (oft als AKB48, 5F-APINACA oder 5F-AKB48 bezeichnet), dem bekannteren synthetischen Cannabinoid, das in S\u00fcdkorea entdeckt wurde.<\/p>\n<p>Europas gr\u00f6\u00dfter Einzelh\u00e4ndler von 5C-AKB48-Pulver.<\/p>\n<p>5C-AKB48 kann online mit Bitcoin gekauft werden. 5C-AKB48 ist eine st\u00e4rkere Version von AKB-48, die auf Cannabinoid-Rezeptoren wirkt.<\/p>\n<p>5C-AKB48 soll \u00e4hnliche, aber st\u00e4rkere Wirkungen als 5F-AKB48 haben und, wie alle synthetischen Cannabinoide, es hat eine hohe Affinit\u00e4t zu den CB1- und CB2-Rezeptoren.<\/p>\n<p>5C-AKB48 chemische Eigenschaften<\/p>\n<p>C23H30CIN3O<\/p>\n<p>N- (Adamantan-1-yl)<\/p>\n<p>-1-(5-Chlorpentyl)-1H-indazol<\/p>\n<p>-3-Carboxamid<\/p>\n<p>Molekulargewicht: 400,00 g\/mol<\/p>\n<p>Reinheit : mehr als 98 Prozent<\/p>\n<p>5C-AKB48 ist ein synthetisches Cannabinoid, das zur Familie der Indazol-3-Carboxamide geh\u00f6rt. Es hat \u00e4hnliche molekulare Eigenschaften wie 5F-ABD. Wie viele Cannabinoide hat es eine hohe Affinit\u00e4t zu den CB1- und CB2-Rezeptoren, was zu seinen euphorischen Eigenschaften beitr\u00e4gt. Wie die meisten Cannabinoide ist es in Wasser unl\u00f6slich und bei Raumtemperatur stabil. Wie die meisten Cannabinoide hat 5C-AKB48 ein erhebliches Potenzial zur Verwendung als Schmerzmittel und Appetitanreger. Obwohl keine Versuche am Menschen durchgef\u00fchrt wurden, ist es vern\u00fcnftig anzunehmen, dass 5C-AKB48 die gleichen synthetischen Cannabinoidwirkungen hat wie andere Chemikalien derselben Klasse. Es sollte erw\u00e4hnt werden, dass das Sicherheitsprofil dieses Medikaments nicht gr\u00fcndlich bewertet wurde und dass es nicht f\u00fcr den menschlichen Verzehr bestimmt ist.<\/p>\n<p>Was sind die wahrscheinlichen Nebenwirkungen und Vorsichtsma\u00dfnahmen im Zusammenhang mit 5C-AKB48?<\/p>\n<p>Die Wirkung des 5C-psychoaktiven AKB48 ist vergleichbar mit der anderer nat\u00fcrlicher und synthetischer Cannabinoide, insbesondere 5F-ABD.<\/p>\n<p>Sedierung: Die vielleicht bekannteste Wirkung von Cannabinoiden, Verbraucher berichten von einem tiefen Gef\u00fchl der Ruhe und verringerte Energieniveaus nach dem Konsum von 5C-AKB48.<\/p>\n<p>Entz\u00fcndungen reduzieren: Seit Jahrtausenden werden nat\u00fcrlich vorkommende Cannabinoide wegen ihrer entz\u00fcndungshemmenden Eigenschaften verwendet. CBD (ein nicht-psychoaktives Cannabinoid) hat in letzter Zeit als Schmerz- und Entz\u00fcndungsmittel an Popularit\u00e4t gewonnen. Obwohl keine offiziellen Studien durchgef\u00fchrt wurden, ist es vern\u00fcnftig anzunehmen, dass 5C-AKB48 die mit Cannabinoiden assoziierten entz\u00fcndungshemmenden Eigenschaften besitzt.<\/p>\n<p>Eigenschaften gegen \u00dcbelkeit und Brechreiz: Cannabinoide haben Eigenschaften gegen \u00dcbelkeit und Brechreiz werden seit vielen Jahren klinisch gesehen [1], mit routinem\u00e4\u00dfig verschriebenen Medikamenten wie Marinol, Syndros und Nabilon, die synthetische Cannabinoide enthalten.<\/p>\n<p>Cannabinoide sind seit langem f\u00fcr ihre F\u00e4higkeit bekannt, die Schwere von Migr\u00e4ne signifikant zu verringern und chronische Kopfschmerzen beim Menschen [2]. Leider wurden keine kontrollierten Studien zur N\u00fctzlichkeit von 5C-AKB48 bei der Behandlung von Kopfschmerzen durchgef\u00fchrt, und es gibt nur wenige anekdotische Berichte.<\/p>\n<p>Wie bereits erw\u00e4hnt, wurde keine formelle Forschung zu 5C-AKB48 durchgef\u00fchrt , und daher ist sein Sicherheitsprofil derzeit unklar. Trotz des Fehlens von Tests k\u00f6nnen wir davon ausgehen, dass es die typischen Nebenwirkungen von Cannabis zeigen wird. Daher ist es wichtig, sich daran zu erinnern, dass 5C-AKB48 nur f\u00fcr Forschungszwecke und nicht f\u00fcr den menschlichen Verzehr bestimmt ist. Es sollte nicht ohne die Verwendung geeigneter Laborausr\u00fcstung gehandhabt werden, einschlie\u00dflich Augenschutz und Handschuhen.<\/p>\n<p>Wo kann ich kaufen?<\/p>\n<p>Chemical Planet ist stolz darauf, 5C- von h\u00f6chster Qualit\u00e4t anzubieten. AKB48 auf dem Markt. Chemical Planet ist auch ein vertrauensw\u00fcrdiger Anbieter Nr. 1, der einen schnellen und diskreten Versand an eine Reihe von Orten weltweit bietet.<\/p>\n<p>Um 5C-AKB48 zu kaufen, m\u00fcssen Sie mindestens 18 Jahre alt sein und alle g\u00e4ngigen Kreditkarten besitzen sowie Bitcoin werden akzeptiert. Alle Produkte, einschlie\u00dflich 5C-AKB48, sind ausschlie\u00dflich f\u00fcr Forschungszwecke und nicht f\u00fcr den menschlichen Verzehr bestimmt.<\/p>\n","protected":false},"excerpt":{"rendered":"<p>Kaufen Sie 5c-akb48 zum Verkauf, Gro\u00dfhandel 5c-akb48 UK, bestellen Sie 5cakb48 Europe Lieferanten. 5c-akb48 ist ein synthetisches Cannabinoid auf Indazolbasis, das online als Designerdroge verkauft wird.<\/p>\n","protected":false},"featured_media":5928,"comment_status":"open","ping_status":"closed","template":"","meta":[],"product_brand":[],"product_cat":[2596],"product_tag":[4052,4062,4053,4054,4055,4056,2600,4059,4057,4058,2615,2616,4060,4061,4064,4063,4065],"class_list":{"0":"post-5897","1":"product","2":"type-product","3":"status-publish","4":"has-post-thumbnail","6":"product_cat-cannabinoide-zum-verkauf","7":"product_tag-5c-akb48","8":"product_tag-5c-akb48-online-kaufen","9":"product_tag-5c-akb48-zu-verkaufen","10":"product_tag-5cakb48","11":"product_tag-5f-mdmb-2201-5f-mdmb-2201-cannabinoid","12":"product_tag-5f-mdmb-2201-psychonaut","13":"product_tag-5f-mdmb-2201","14":"product_tag-5f-mdmb-2201-bewertungen","15":"product_tag-5f-mdmb-2201-cayman","16":"product_tag-5f-mdmb-2201-dosierung","17":"product_tag-5f-mdmb-2201-reddit","18":"product_tag-5f-mdmb-2201-berprfung","19":"product_tag-5f-mdmb-2201-wiki","20":"product_tag-5fmdmb2201-5f-mdmb-2201-kannabinoid","21":"product_tag-der-beste-ort-um-5c-akb48-online-zu-kaufen","22":"product_tag-kauf-5c-akb48-online","23":"product_tag-wo-zu-kaufen-5c-akb48-online","25":"first","26":"instock","27":"shipping-taxable","28":"purchasable","29":"product-type-variable"},"yoast_head":"<!-- This site is optimized with the Yoast SEO plugin v27.3 - https:\/\/yoast.com\/product\/yoast-seo-wordpress\/ -->\n<title>Kaufen Sie 5c-akb48 von einem zuverl\u00e4ssigen Anbieter - Cannabinoide - Best Global Meds<\/title>\n<meta name=\"description\" content=\"Kaufen Sie 5c-akb48 zu verkaufen, Gro\u00dfhandel 5c-akb48 UK, bestellen Sie 5cakb48 Europe Lieferant. 5c-akb48 ist ein synthetisches Cannabinoid auf Indazolbasis, das online als Designerdroge verkauft wird.\" \/>\n<meta name=\"robots\" content=\"index, follow, max-snippet:-1, max-image-preview:large, max-video-preview:-1\" \/>\n<link rel=\"canonical\" href=\"https:\/\/medicinasinc.com\/de\/product\/buy-5c-akb48\/\" \/>\n<meta property=\"og:locale\" content=\"de_DE\" \/>\n<meta property=\"og:type\" content=\"article\" \/>\n<meta property=\"og:title\" content=\"Kaufen Sie 5c-akb48 von einem zuverl\u00e4ssigen Anbieter - Cannabinoide - Best Global Meds\" \/>\n<meta property=\"og:description\" content=\"Kaufen Sie 5c-akb48 zu verkaufen, Gro\u00dfhandel 5c-akb48 UK, bestellen Sie 5cakb48 Europe Lieferant. 5c-akb48 ist ein synthetisches Cannabinoid auf Indazolbasis, das online als Designerdroge verkauft wird.\" \/>\n<meta property=\"og:url\" content=\"https:\/\/medicinasinc.com\/de\/product\/buy-5c-akb48\/\" \/>\n<meta property=\"og:site_name\" content=\"Medicinas Inc\" \/>\n<meta property=\"article:modified_time\" content=\"2022-03-18T00:07:31+00:00\" \/>\n<meta property=\"og:image\" content=\"https:\/\/medicinasinc.com\/de\/wp-content\/uploads\/sites\/6\/2022\/02\/Buy-5C-AKB48.png\" \/>\n\t<meta property=\"og:image:width\" content=\"500\" \/>\n\t<meta property=\"og:image:height\" content=\"500\" \/>\n\t<meta property=\"og:image:type\" content=\"image\/png\" \/>\n<meta name=\"twitter:card\" content=\"summary_large_image\" \/>\n<meta name=\"twitter:label1\" content=\"Gesch\u00e4tzte Lesezeit\" \/>\n\t<meta name=\"twitter:data1\" content=\"3\u00a0Minuten\" \/>\n<script type=\"application\/ld+json\" class=\"yoast-schema-graph\">{\"@context\":\"https:\\\/\\\/schema.org\",\"@graph\":[{\"@type\":\"WebPage\",\"@id\":\"https:\\\/\\\/medicinasinc.com\\\/de\\\/product\\\/buy-5c-akb48\\\/\",\"url\":\"https:\\\/\\\/medicinasinc.com\\\/de\\\/product\\\/buy-5c-akb48\\\/\",\"name\":\"Kaufen Sie 5c-akb48 von einem zuverl\u00e4ssigen Anbieter - Cannabinoide - Best Global Meds\",\"isPartOf\":{\"@id\":\"https:\\\/\\\/medicinasinc.com\\\/de\\\/#website\"},\"primaryImageOfPage\":{\"@id\":\"https:\\\/\\\/medicinasinc.com\\\/de\\\/product\\\/buy-5c-akb48\\\/#primaryimage\"},\"image\":{\"@id\":\"https:\\\/\\\/medicinasinc.com\\\/de\\\/product\\\/buy-5c-akb48\\\/#primaryimage\"},\"thumbnailUrl\":\"https:\\\/\\\/medicinasinc.com\\\/de\\\/wp-content\\\/uploads\\\/sites\\\/6\\\/2022\\\/02\\\/Buy-5C-AKB48.png\",\"datePublished\":\"2022-02-22T08:07:13+00:00\",\"dateModified\":\"2022-03-18T00:07:31+00:00\",\"description\":\"Kaufen Sie 5c-akb48 zu verkaufen, Gro\u00dfhandel 5c-akb48 UK, bestellen Sie 5cakb48 Europe Lieferant. 5c-akb48 ist ein synthetisches Cannabinoid auf Indazolbasis, das online als Designerdroge verkauft wird.\",\"breadcrumb\":{\"@id\":\"https:\\\/\\\/medicinasinc.com\\\/de\\\/product\\\/buy-5c-akb48\\\/#breadcrumb\"},\"inLanguage\":\"de\",\"potentialAction\":[{\"@type\":\"ReadAction\",\"target\":[\"https:\\\/\\\/medicinasinc.com\\\/de\\\/product\\\/buy-5c-akb48\\\/\"]}]},{\"@type\":\"ImageObject\",\"inLanguage\":\"de\",\"@id\":\"https:\\\/\\\/medicinasinc.com\\\/de\\\/product\\\/buy-5c-akb48\\\/#primaryimage\",\"url\":\"https:\\\/\\\/medicinasinc.com\\\/de\\\/wp-content\\\/uploads\\\/sites\\\/6\\\/2022\\\/02\\\/Buy-5C-AKB48.png\",\"contentUrl\":\"https:\\\/\\\/medicinasinc.com\\\/de\\\/wp-content\\\/uploads\\\/sites\\\/6\\\/2022\\\/02\\\/Buy-5C-AKB48.png\",\"width\":500,\"height\":500},{\"@type\":\"BreadcrumbList\",\"@id\":\"https:\\\/\\\/medicinasinc.com\\\/de\\\/product\\\/buy-5c-akb48\\\/#breadcrumb\",\"itemListElement\":[{\"@type\":\"ListItem\",\"position\":1,\"name\":\"Einkaufen\",\"item\":\"https:\\\/\\\/medicinasinc.com\\\/de\\\/einkaufen\\\/\"},{\"@type\":\"ListItem\",\"position\":2,\"name\":\"5C-AKB48 kaufen\"}]},{\"@type\":\"WebSite\",\"@id\":\"https:\\\/\\\/medicinasinc.com\\\/de\\\/#website\",\"url\":\"https:\\\/\\\/medicinasinc.com\\\/de\\\/\",\"name\":\"Medicinas Inc\",\"description\":\"Health Medical Clinic\",\"potentialAction\":[{\"@type\":\"SearchAction\",\"target\":{\"@type\":\"EntryPoint\",\"urlTemplate\":\"https:\\\/\\\/medicinasinc.com\\\/de\\\/?s={search_term_string}\"},\"query-input\":{\"@type\":\"PropertyValueSpecification\",\"valueRequired\":true,\"valueName\":\"search_term_string\"}}],\"inLanguage\":\"de\"}]}<\/script>\n<!-- \/ Yoast SEO plugin. -->","yoast_head_json":{"title":"Kaufen Sie 5c-akb48 von einem zuverl\u00e4ssigen Anbieter - Cannabinoide - Best Global Meds","description":"Kaufen Sie 5c-akb48 zu verkaufen, Gro\u00dfhandel 5c-akb48 UK, bestellen Sie 5cakb48 Europe Lieferant. 5c-akb48 ist ein synthetisches Cannabinoid auf Indazolbasis, das online als Designerdroge verkauft wird.","robots":{"index":"index","follow":"follow","max-snippet":"max-snippet:-1","max-image-preview":"max-image-preview:large","max-video-preview":"max-video-preview:-1"},"canonical":"https:\/\/medicinasinc.com\/de\/product\/buy-5c-akb48\/","og_locale":"de_DE","og_type":"article","og_title":"Kaufen Sie 5c-akb48 von einem zuverl\u00e4ssigen Anbieter - Cannabinoide - Best Global Meds","og_description":"Kaufen Sie 5c-akb48 zu verkaufen, Gro\u00dfhandel 5c-akb48 UK, bestellen Sie 5cakb48 Europe Lieferant. 5c-akb48 ist ein synthetisches Cannabinoid auf Indazolbasis, das online als Designerdroge verkauft wird.","og_url":"https:\/\/medicinasinc.com\/de\/product\/buy-5c-akb48\/","og_site_name":"Medicinas Inc","article_modified_time":"2022-03-18T00:07:31+00:00","og_image":[{"width":500,"height":500,"url":"https:\/\/medicinasinc.com\/de\/wp-content\/uploads\/sites\/6\/2022\/02\/Buy-5C-AKB48.png","type":"image\/png"}],"twitter_card":"summary_large_image","twitter_misc":{"Gesch\u00e4tzte Lesezeit":"3\u00a0Minuten"},"schema":{"@context":"https:\/\/schema.org","@graph":[{"@type":"WebPage","@id":"https:\/\/medicinasinc.com\/de\/product\/buy-5c-akb48\/","url":"https:\/\/medicinasinc.com\/de\/product\/buy-5c-akb48\/","name":"Kaufen Sie 5c-akb48 von einem zuverl\u00e4ssigen Anbieter - Cannabinoide - Best Global Meds","isPartOf":{"@id":"https:\/\/medicinasinc.com\/de\/#website"},"primaryImageOfPage":{"@id":"https:\/\/medicinasinc.com\/de\/product\/buy-5c-akb48\/#primaryimage"},"image":{"@id":"https:\/\/medicinasinc.com\/de\/product\/buy-5c-akb48\/#primaryimage"},"thumbnailUrl":"https:\/\/medicinasinc.com\/de\/wp-content\/uploads\/sites\/6\/2022\/02\/Buy-5C-AKB48.png","datePublished":"2022-02-22T08:07:13+00:00","dateModified":"2022-03-18T00:07:31+00:00","description":"Kaufen Sie 5c-akb48 zu verkaufen, Gro\u00dfhandel 5c-akb48 UK, bestellen Sie 5cakb48 Europe Lieferant. 5c-akb48 ist ein synthetisches Cannabinoid auf Indazolbasis, das online als Designerdroge verkauft wird.","breadcrumb":{"@id":"https:\/\/medicinasinc.com\/de\/product\/buy-5c-akb48\/#breadcrumb"},"inLanguage":"de","potentialAction":[{"@type":"ReadAction","target":["https:\/\/medicinasinc.com\/de\/product\/buy-5c-akb48\/"]}]},{"@type":"ImageObject","inLanguage":"de","@id":"https:\/\/medicinasinc.com\/de\/product\/buy-5c-akb48\/#primaryimage","url":"https:\/\/medicinasinc.com\/de\/wp-content\/uploads\/sites\/6\/2022\/02\/Buy-5C-AKB48.png","contentUrl":"https:\/\/medicinasinc.com\/de\/wp-content\/uploads\/sites\/6\/2022\/02\/Buy-5C-AKB48.png","width":500,"height":500},{"@type":"BreadcrumbList","@id":"https:\/\/medicinasinc.com\/de\/product\/buy-5c-akb48\/#breadcrumb","itemListElement":[{"@type":"ListItem","position":1,"name":"Einkaufen","item":"https:\/\/medicinasinc.com\/de\/einkaufen\/"},{"@type":"ListItem","position":2,"name":"5C-AKB48 kaufen"}]},{"@type":"WebSite","@id":"https:\/\/medicinasinc.com\/de\/#website","url":"https:\/\/medicinasinc.com\/de\/","name":"Medicinas Inc","description":"Health Medical Clinic","potentialAction":[{"@type":"SearchAction","target":{"@type":"EntryPoint","urlTemplate":"https:\/\/medicinasinc.com\/de\/?s={search_term_string}"},"query-input":{"@type":"PropertyValueSpecification","valueRequired":true,"valueName":"search_term_string"}}],"inLanguage":"de"}]}},"_links":{"self":[{"href":"https:\/\/medicinasinc.com\/de\/wp-json\/wp\/v2\/product\/5897","targetHints":{"allow":["GET"]}}],"collection":[{"href":"https:\/\/medicinasinc.com\/de\/wp-json\/wp\/v2\/product"}],"about":[{"href":"https:\/\/medicinasinc.com\/de\/wp-json\/wp\/v2\/types\/product"}],"replies":[{"embeddable":true,"href":"https:\/\/medicinasinc.com\/de\/wp-json\/wp\/v2\/comments?post=5897"}],"wp:featuredmedia":[{"embeddable":true,"href":"https:\/\/medicinasinc.com\/de\/wp-json\/wp\/v2\/media\/5928"}],"wp:attachment":[{"href":"https:\/\/medicinasinc.com\/de\/wp-json\/wp\/v2\/media?parent=5897"}],"wp:term":[{"taxonomy":"product_brand","embeddable":true,"href":"https:\/\/medicinasinc.com\/de\/wp-json\/wp\/v2\/product_brand?post=5897"},{"taxonomy":"product_cat","embeddable":true,"href":"https:\/\/medicinasinc.com\/de\/wp-json\/wp\/v2\/product_cat?post=5897"},{"taxonomy":"product_tag","embeddable":true,"href":"https:\/\/medicinasinc.com\/de\/wp-json\/wp\/v2\/product_tag?post=5897"}],"curies":[{"name":"wp","href":"https:\/\/api.w.org\/{rel}","templated":true}]}}