{"id":5893,"date":"2022-02-22T08:05:19","date_gmt":"2022-02-22T08:05:19","guid":{"rendered":"https:\/\/medicinasinc.com\/de\/?post_type=product&#038;p=5893"},"modified":"2022-03-18T00:07:40","modified_gmt":"2022-03-18T00:07:40","slug":"benzyl-methyl-keton-bmk-pulver-online-kaufen","status":"publish","type":"product","link":"https:\/\/medicinasinc.com\/de\/product\/benzyl-methyl-keton-bmk-pulver-online-kaufen\/","title":{"rendered":"Kaufen Sie Benzylmethylketon (BMK) Pulver online"},"content":{"rendered":"<p>Online-Kauf von BMK-Pulver<\/p>\n<p>BMK-Pulver kann online gekauft werden. Die chemische Formel f\u00fcr Phenylaceton ist C6H5CH2COCH3. Es ist ein farbloses \u00d6l, das in organischen L\u00f6sungsmitteln l\u00f6slich ist. Diese Chemikalie wird im Allgemeinen als P2P bezeichnet, da sie bei der Herstellung von Methamphetamin und Amphetamin verwendet wird. Phenylaceton wird beim Menschen als Metabolit von Amphetamin und Methamphetamin durch oxidative Desaminierung, vermittelt durch FMO3, produziert.<\/p>\n<p>Phenylaceton, auch bekannt als Benzylmethylketon (BMK) oder P2P, war der Vorl\u00e4ufer f\u00fcr die Produktion von Amphetamin. Es wird von der Europ\u00e4ischen Union (EU) gem\u00e4\u00df der Verordnung (EG) 273\/2004 \u00fcber Drogenausgangsstoffe und der Ratsverordnung (EG) 111\/2005 \u00fcber den Austausch von Drogenausgangsstoffen geregelt. Daher m\u00fcssen Administratoren die Genehmigung von qualifizierten Spezialisten einholen, um sie zu besitzen, zu importieren oder zu transportieren. In letzter Zeit gab es keine gro\u00dffl\u00e4chigen BMK-F\u00e4nge innerhalb der EU. Wir haben eine wirklich gute Kundenzufriedenheitsbewertung und sind darauf vorbereitet, die besten Online-Lieferanten von Phenylaceton\u00f6l zu werden.<\/p>\n<p>Phenylaceton kann auch aus Vorl\u00e4ufern wie APAAN (Alpha-Phenylacetoacetonitril) synthetisiert werden. In letzter Zeit waren die Importe von APAAN auf einem Allzeithoch und infolgedessen wurde es Ende 2013 in der EU ausgeglichen. Im M\u00e4rz 2014 stimmte die Suchtstoffkommission der Vereinten Nationen einstimmig daf\u00fcr, es weltweit zu regulieren. <\/p>\n<p>Unsere Versand- und Liefermethoden f\u00fcr den Online-Kauf von Phenylaceton\u00f6l sind absolut sicher und einfach. Wir sind bereit, sowohl kleine Mengen als auch gro\u00dfe Mengen unseres Phenylaceton\u00f6ls online zu verkaufen. Unsere Online-Qualit\u00e4t von Phenylaceton\u00f6l ist un\u00fcbertroffen, und wir verkaufen in kleinen\/gro\u00dfen Mengen mit der Gewissheit einer diskreten und zeitnahen Lieferung nach dem Online-Kauf von Phenylaceton\u00f6l. Versand unter anderem per DHL, TNT oder FedEx. Dar\u00fcber hinaus h\u00e4ngt es von der Transportart des Kunden ab, wenn er eine Bestellung f\u00fcr Phenylaceton\u00f6l Online aufgibt. Z\u00f6gern Sie nicht, uns zu kontaktieren, wenn Sie bereit sind, Phenylaceton zu kaufen, da wir den g\u00fcnstigsten Preis anbieten.<\/p>\n<p>Wir m\u00f6chten den Kauf einer gro\u00dfen Auswahl unserer Produkte unkompliziert machen. Sobald Sie bei uns online eine Bestellung f\u00fcr Phenylaceton\u00f6l aufgeben, beraten wir Sie bei Ihrem Kauf. Wir stellen sicher, dass unsere Kunden ihr Paket und hochwertiges Phenylaceton\u00f6l erhalten und dass sie ihre Ziele erreichen, indem wir sicherstellen, dass unsere Artikel ordnungsgem\u00e4\u00df behandelt werden.<\/p>\n","protected":false},"excerpt":{"rendered":"<p>Kaufen Sie Benzylmethylketon (BMK) Pulver online. Unser BMK-Pulver ist zu 100 % im Labor getestet. Wir versenden unser BMK-Pulver als diskrete Expresssendung<\/p>\n","protected":false},"featured_media":5922,"comment_status":"open","ping_status":"closed","template":"","meta":[],"product_brand":[],"product_cat":[2014],"product_tag":[],"class_list":{"0":"post-5893","1":"product","2":"type-product","3":"status-publish","4":"has-post-thumbnail","6":"product_cat-kaufen-forschungschemikalien","8":"first","9":"instock","10":"shipping-taxable","11":"purchasable","12":"product-type-variable"},"yoast_head":"<!-- This site is optimized with the Yoast SEO plugin v27.3 - https:\/\/yoast.com\/product\/yoast-seo-wordpress\/ -->\n<title>Kaufen Sie Benzylmethylketon (BMK) Pulver online - Best Global Meds<\/title>\n<meta name=\"description\" content=\"Kaufen Sie Benzylmethylketon (BMK) Pulver online. Unser BMK-Pulver ist zu 100 % im Labor getestet. Wir versenden unser BMK Pulver als diskrete und Express-Sendung\" \/>\n<meta name=\"robots\" content=\"index, follow, max-snippet:-1, max-image-preview:large, max-video-preview:-1\" \/>\n<link rel=\"canonical\" href=\"https:\/\/medicinasinc.com\/de\/product\/benzyl-methyl-keton-bmk-pulver-online-kaufen\/\" \/>\n<meta property=\"og:locale\" content=\"de_DE\" \/>\n<meta property=\"og:type\" content=\"article\" \/>\n<meta property=\"og:title\" content=\"Kaufen Sie Benzylmethylketon (BMK) Pulver online - Best Global Meds\" \/>\n<meta property=\"og:description\" content=\"Kaufen Sie Benzylmethylketon (BMK) Pulver online. Unser BMK-Pulver ist zu 100 % im Labor getestet. Wir versenden unser BMK Pulver als diskrete und Express-Sendung\" \/>\n<meta property=\"og:url\" content=\"https:\/\/medicinasinc.com\/de\/product\/benzyl-methyl-keton-bmk-pulver-online-kaufen\/\" \/>\n<meta property=\"og:site_name\" content=\"Medicinas Inc\" \/>\n<meta property=\"article:modified_time\" content=\"2022-03-18T00:07:40+00:00\" \/>\n<meta property=\"og:image\" content=\"https:\/\/medicinasinc.com\/de\/wp-content\/uploads\/sites\/6\/2022\/02\/buy-bmk-powder.jpg\" \/>\n\t<meta property=\"og:image:width\" content=\"447\" \/>\n\t<meta property=\"og:image:height\" content=\"389\" \/>\n\t<meta property=\"og:image:type\" content=\"image\/jpeg\" \/>\n<meta name=\"twitter:card\" content=\"summary_large_image\" \/>\n<meta name=\"twitter:label1\" content=\"Gesch\u00e4tzte Lesezeit\" \/>\n\t<meta name=\"twitter:data1\" content=\"2\u00a0Minuten\" \/>\n<script type=\"application\/ld+json\" class=\"yoast-schema-graph\">{\"@context\":\"https:\\\/\\\/schema.org\",\"@graph\":[{\"@type\":\"WebPage\",\"@id\":\"https:\\\/\\\/medicinasinc.com\\\/de\\\/product\\\/benzyl-methyl-keton-bmk-pulver-online-kaufen\\\/\",\"url\":\"https:\\\/\\\/medicinasinc.com\\\/de\\\/product\\\/benzyl-methyl-keton-bmk-pulver-online-kaufen\\\/\",\"name\":\"Kaufen Sie Benzylmethylketon (BMK) Pulver online - Best Global Meds\",\"isPartOf\":{\"@id\":\"https:\\\/\\\/medicinasinc.com\\\/de\\\/#website\"},\"primaryImageOfPage\":{\"@id\":\"https:\\\/\\\/medicinasinc.com\\\/de\\\/product\\\/benzyl-methyl-keton-bmk-pulver-online-kaufen\\\/#primaryimage\"},\"image\":{\"@id\":\"https:\\\/\\\/medicinasinc.com\\\/de\\\/product\\\/benzyl-methyl-keton-bmk-pulver-online-kaufen\\\/#primaryimage\"},\"thumbnailUrl\":\"https:\\\/\\\/medicinasinc.com\\\/de\\\/wp-content\\\/uploads\\\/sites\\\/6\\\/2022\\\/02\\\/buy-bmk-powder.jpg\",\"datePublished\":\"2022-02-22T08:05:19+00:00\",\"dateModified\":\"2022-03-18T00:07:40+00:00\",\"description\":\"Kaufen Sie Benzylmethylketon (BMK) Pulver online. Unser BMK-Pulver ist zu 100 % im Labor getestet. Wir versenden unser BMK Pulver als diskrete und Express-Sendung\",\"breadcrumb\":{\"@id\":\"https:\\\/\\\/medicinasinc.com\\\/de\\\/product\\\/benzyl-methyl-keton-bmk-pulver-online-kaufen\\\/#breadcrumb\"},\"inLanguage\":\"de\",\"potentialAction\":[{\"@type\":\"ReadAction\",\"target\":[\"https:\\\/\\\/medicinasinc.com\\\/de\\\/product\\\/benzyl-methyl-keton-bmk-pulver-online-kaufen\\\/\"]}]},{\"@type\":\"ImageObject\",\"inLanguage\":\"de\",\"@id\":\"https:\\\/\\\/medicinasinc.com\\\/de\\\/product\\\/benzyl-methyl-keton-bmk-pulver-online-kaufen\\\/#primaryimage\",\"url\":\"https:\\\/\\\/medicinasinc.com\\\/de\\\/wp-content\\\/uploads\\\/sites\\\/6\\\/2022\\\/02\\\/buy-bmk-powder.jpg\",\"contentUrl\":\"https:\\\/\\\/medicinasinc.com\\\/de\\\/wp-content\\\/uploads\\\/sites\\\/6\\\/2022\\\/02\\\/buy-bmk-powder.jpg\",\"width\":447,\"height\":389},{\"@type\":\"BreadcrumbList\",\"@id\":\"https:\\\/\\\/medicinasinc.com\\\/de\\\/product\\\/benzyl-methyl-keton-bmk-pulver-online-kaufen\\\/#breadcrumb\",\"itemListElement\":[{\"@type\":\"ListItem\",\"position\":1,\"name\":\"Einkaufen\",\"item\":\"https:\\\/\\\/medicinasinc.com\\\/de\\\/einkaufen\\\/\"},{\"@type\":\"ListItem\",\"position\":2,\"name\":\"Kaufen Sie Benzylmethylketon (BMK) Pulver online\"}]},{\"@type\":\"WebSite\",\"@id\":\"https:\\\/\\\/medicinasinc.com\\\/de\\\/#website\",\"url\":\"https:\\\/\\\/medicinasinc.com\\\/de\\\/\",\"name\":\"Medicinas Inc\",\"description\":\"Health Medical Clinic\",\"potentialAction\":[{\"@type\":\"SearchAction\",\"target\":{\"@type\":\"EntryPoint\",\"urlTemplate\":\"https:\\\/\\\/medicinasinc.com\\\/de\\\/?s={search_term_string}\"},\"query-input\":{\"@type\":\"PropertyValueSpecification\",\"valueRequired\":true,\"valueName\":\"search_term_string\"}}],\"inLanguage\":\"de\"}]}<\/script>\n<!-- \/ Yoast SEO plugin. -->","yoast_head_json":{"title":"Kaufen Sie Benzylmethylketon (BMK) Pulver online - Best Global Meds","description":"Kaufen Sie Benzylmethylketon (BMK) Pulver online. Unser BMK-Pulver ist zu 100 % im Labor getestet. Wir versenden unser BMK Pulver als diskrete und Express-Sendung","robots":{"index":"index","follow":"follow","max-snippet":"max-snippet:-1","max-image-preview":"max-image-preview:large","max-video-preview":"max-video-preview:-1"},"canonical":"https:\/\/medicinasinc.com\/de\/product\/benzyl-methyl-keton-bmk-pulver-online-kaufen\/","og_locale":"de_DE","og_type":"article","og_title":"Kaufen Sie Benzylmethylketon (BMK) Pulver online - Best Global Meds","og_description":"Kaufen Sie Benzylmethylketon (BMK) Pulver online. Unser BMK-Pulver ist zu 100 % im Labor getestet. Wir versenden unser BMK Pulver als diskrete und Express-Sendung","og_url":"https:\/\/medicinasinc.com\/de\/product\/benzyl-methyl-keton-bmk-pulver-online-kaufen\/","og_site_name":"Medicinas Inc","article_modified_time":"2022-03-18T00:07:40+00:00","og_image":[{"width":447,"height":389,"url":"https:\/\/medicinasinc.com\/de\/wp-content\/uploads\/sites\/6\/2022\/02\/buy-bmk-powder.jpg","type":"image\/jpeg"}],"twitter_card":"summary_large_image","twitter_misc":{"Gesch\u00e4tzte Lesezeit":"2\u00a0Minuten"},"schema":{"@context":"https:\/\/schema.org","@graph":[{"@type":"WebPage","@id":"https:\/\/medicinasinc.com\/de\/product\/benzyl-methyl-keton-bmk-pulver-online-kaufen\/","url":"https:\/\/medicinasinc.com\/de\/product\/benzyl-methyl-keton-bmk-pulver-online-kaufen\/","name":"Kaufen Sie Benzylmethylketon (BMK) Pulver online - Best Global Meds","isPartOf":{"@id":"https:\/\/medicinasinc.com\/de\/#website"},"primaryImageOfPage":{"@id":"https:\/\/medicinasinc.com\/de\/product\/benzyl-methyl-keton-bmk-pulver-online-kaufen\/#primaryimage"},"image":{"@id":"https:\/\/medicinasinc.com\/de\/product\/benzyl-methyl-keton-bmk-pulver-online-kaufen\/#primaryimage"},"thumbnailUrl":"https:\/\/medicinasinc.com\/de\/wp-content\/uploads\/sites\/6\/2022\/02\/buy-bmk-powder.jpg","datePublished":"2022-02-22T08:05:19+00:00","dateModified":"2022-03-18T00:07:40+00:00","description":"Kaufen Sie Benzylmethylketon (BMK) Pulver online. Unser BMK-Pulver ist zu 100 % im Labor getestet. Wir versenden unser BMK Pulver als diskrete und Express-Sendung","breadcrumb":{"@id":"https:\/\/medicinasinc.com\/de\/product\/benzyl-methyl-keton-bmk-pulver-online-kaufen\/#breadcrumb"},"inLanguage":"de","potentialAction":[{"@type":"ReadAction","target":["https:\/\/medicinasinc.com\/de\/product\/benzyl-methyl-keton-bmk-pulver-online-kaufen\/"]}]},{"@type":"ImageObject","inLanguage":"de","@id":"https:\/\/medicinasinc.com\/de\/product\/benzyl-methyl-keton-bmk-pulver-online-kaufen\/#primaryimage","url":"https:\/\/medicinasinc.com\/de\/wp-content\/uploads\/sites\/6\/2022\/02\/buy-bmk-powder.jpg","contentUrl":"https:\/\/medicinasinc.com\/de\/wp-content\/uploads\/sites\/6\/2022\/02\/buy-bmk-powder.jpg","width":447,"height":389},{"@type":"BreadcrumbList","@id":"https:\/\/medicinasinc.com\/de\/product\/benzyl-methyl-keton-bmk-pulver-online-kaufen\/#breadcrumb","itemListElement":[{"@type":"ListItem","position":1,"name":"Einkaufen","item":"https:\/\/medicinasinc.com\/de\/einkaufen\/"},{"@type":"ListItem","position":2,"name":"Kaufen Sie Benzylmethylketon (BMK) Pulver online"}]},{"@type":"WebSite","@id":"https:\/\/medicinasinc.com\/de\/#website","url":"https:\/\/medicinasinc.com\/de\/","name":"Medicinas Inc","description":"Health Medical Clinic","potentialAction":[{"@type":"SearchAction","target":{"@type":"EntryPoint","urlTemplate":"https:\/\/medicinasinc.com\/de\/?s={search_term_string}"},"query-input":{"@type":"PropertyValueSpecification","valueRequired":true,"valueName":"search_term_string"}}],"inLanguage":"de"}]}},"_links":{"self":[{"href":"https:\/\/medicinasinc.com\/de\/wp-json\/wp\/v2\/product\/5893","targetHints":{"allow":["GET"]}}],"collection":[{"href":"https:\/\/medicinasinc.com\/de\/wp-json\/wp\/v2\/product"}],"about":[{"href":"https:\/\/medicinasinc.com\/de\/wp-json\/wp\/v2\/types\/product"}],"replies":[{"embeddable":true,"href":"https:\/\/medicinasinc.com\/de\/wp-json\/wp\/v2\/comments?post=5893"}],"wp:featuredmedia":[{"embeddable":true,"href":"https:\/\/medicinasinc.com\/de\/wp-json\/wp\/v2\/media\/5922"}],"wp:attachment":[{"href":"https:\/\/medicinasinc.com\/de\/wp-json\/wp\/v2\/media?parent=5893"}],"wp:term":[{"taxonomy":"product_brand","embeddable":true,"href":"https:\/\/medicinasinc.com\/de\/wp-json\/wp\/v2\/product_brand?post=5893"},{"taxonomy":"product_cat","embeddable":true,"href":"https:\/\/medicinasinc.com\/de\/wp-json\/wp\/v2\/product_cat?post=5893"},{"taxonomy":"product_tag","embeddable":true,"href":"https:\/\/medicinasinc.com\/de\/wp-json\/wp\/v2\/product_tag?post=5893"}],"curies":[{"name":"wp","href":"https:\/\/api.w.org\/{rel}","templated":true}]}}