{"id":5890,"date":"2022-02-22T08:03:24","date_gmt":"2022-02-22T08:03:24","guid":{"rendered":"https:\/\/medicinasinc.com\/de\/?post_type=product&#038;p=5890"},"modified":"2022-03-18T00:07:55","modified_gmt":"2022-03-18T00:07:55","slug":"kaufen-apaan-online-alpha-phenylacetoacetonitril","status":"publish","type":"product","link":"https:\/\/medicinasinc.com\/de\/product\/kaufen-apaan-online-alpha-phenylacetoacetonitril\/","title":{"rendered":"Kaufen Sie APAAN Online (Alpha-Phenylacetoacetonitril)"},"content":{"rendered":"<p>Kaufen Sie APAAN in einer seri\u00f6sen Online-Apotheke.<\/p>\n<p>APAAN, CAS-Registrierungsnummer 4468-48-8, ist ein kristallines Pulver mit einer Farbe von wei\u00df bis hellgelb, das aus Benzylcyanid synthetisiert wird.<\/p>\n<p>Was ist APAAN (Alpha-Phenylacetoacetonitril)?<\/p>\n<p>Alpha-Phenylacetoacetonitril ist eine Chemikalie mit der CAS-Nummer 4468-48-8, die vom Controlled Substances Act als Schedule I Substance (CSA) eingestuft wird. Es wird entdeckt, dass es in geheimen Chemielabors verwendet wird, um illegal eine nach Zeitplan II eingeschr\u00e4nkte Substanz herzustellen, die als Phenyl-2-Propanon oder P2P bekannt ist), Methamphetamin und Amphetamin. Aus diesem Grund hat die DEA beantragt, dass es als kontrollierte Substanz eingestuft wird.<\/p>\n<p>Jede chemische Mischung, die Alpha-Phenylacetoacetonitril enth\u00e4lt, wird von der CSA reguliert, au\u00dfer unter bestimmten Umst\u00e4nden.<\/p>\n<p>Was sind einige Alpha-Phenylacetoacetonitril-Synonyme?<\/p>\n<p>Zus\u00e4tzlich wird Alpha-Phenylacetoacetonitril mit den folgenden Namen bezeichnet:<\/p>\n<p>NSC 11777 NSC 25183 NSC 55206 APAAN 2-Phenylacetoacetonitril<br \/> Was sind die vielen Arten von Alpha-Phenylacetoacetonitril erh\u00e4ltlich?<\/p>\n<p>Diese Chemikalie ist in pulverisierter, gelber, brauner oder wei\u00dfer Form sowie in kristalliner Form mit einem schwachen strohgelben Farbton erh\u00e4ltlich.<\/p>\n<p>Wie kann ich Alpha-Phenylacetoacetonitril kaufen?<\/p>\n<p>Alpha-Phenylacetoacetonitril ist in unserem Online-Shop erh\u00e4ltlich. Unsere Chemikalie ist extrem rein. Nicht nur das, Sie erhalten es bei uns auch zu einem deutlich g\u00fcnstigeren Preis als bei den meisten anderen Anbietern auf dem Markt. Ein weiterer \u00fcberzeugender Anreiz, in unserem Online-Shop einzukaufen, ist, dass wir es diskret und sicher an unsere Kunden an vielen Orten auf der ganzen Welt \u00fcber unsere vertrauensw\u00fcrdigen Kurierpartner verteilen.<\/p>\n<p>Welche Eigenschaften hat Alpha-Phenylacetoacetonitril?<br \/> Im Folgenden sind die spezifischen Merkmale dieser Chemikalie aufgef\u00fchrt:<\/p>\n<p>Verwenden Sie eine Tabelle f\u00fcr diesen Teil (z. B. Schmelzpunkt, Siedepunkt, Dichte, CAS-Nummer, Reinheit und Molekulargewicht).<\/p>\n<p>Welche Anwendungen hat Alpha-Phenylacetoacetonitril?<\/p>\n<p>Alpha-Phenylacetoacetonitril hat keine autorisierte Verwendung au\u00dfer f\u00fcr Forschungs- und Entwicklungszwecke sowie analytische Zwecke in Labors.<\/p>\n<p>Mehrere bekannte Anbieter von Diese Chemikalie umfasst Folgendes:<br \/> Das Folgende ist eine Liste der Lieferanten von Alpha-Phenylacetoacetonitril:<br \/> Aurum Pharmatech LLC Activate Scientific<br \/> Heterozyklische Forschungschemikalien und Bausteine \u200b\u200bMolPort<br \/> Chemische Forschung und Entwicklung von W\u00f6lfe<br \/> AK Scienti fic, Inc. (AKSCI) Alfa Chemistry Oakwood Products<br \/> APIChem Technology Vitas-M Laboratory LabNetwork, a WuXi AppTec Company Chemieliva Pharmaceutical Co., Ltd Hangzhou APIChem Technology Vitas-M Laboratory<br \/> Wie wird Alpha-Phenylacetoacetonitril synthetisiert bzw zubereitet?<\/p>\n<p>60 g reines Natrium mit einer Masse von 2,6 Grammatomen werden mit 700 cc absolutem Alkohol kombiniert. Nach diesem Verfahren wird in einem 2-1-Rundkolben mit R\u00fcckflussk\u00fchler eine Natriumethylatl\u00f6sung hergestellt. Zu dieser erhitzten L\u00f6sung werden 234 g oder 2 Mol reines Benzylcyanid und 264 g oder 3 Mol trockenes Ethylacetat gegeben und ordentlich gesch\u00fcttelt. Der Kondensator ist mit einem Calciumchloridrohr verschlossen. Die L\u00f6sung wird zwei Stunden in einem Dampfbad gekocht und dann \u00fcber Nacht stehengelassen. Am n\u00e4chsten Morgen werden Sie feststellen, dass sich in der Mischung Klumpen gebildet haben. Infolgedessen wird die Fl\u00fcssigkeit mit einem Holzstab umger\u00fchrt, wodurch die Klumpen zerspringen. Anschlie\u00dfend wird es mit einer K\u00e4ltemischung auf eine Temperatur von 10\u00b0 gek\u00fchlt. Die Temperatur wird dann zwei Stunden lang auf diesem Niveau gehalten. Ein 6-Zoll. B\u00fcchner-Trichter dient zum Sammeln des Natriumsalzes, das viermal mit 250 ccm in den Trichter gesp\u00fclt wird. Teile \u00c4ther. Sie werden einen farblosen Filterkuchen entdecken, der 250\u2013275 g entspricht. trockenes Natriumsalz oder 69\u201376 % der vorhergesagten Menge. Die Filtrate vereinigen und zur K\u00e4ltemischung geben.<\/p>\n<p>Bei Raumtemperatur das noch etherfeuchte Natriumsalz in 1,3l Destillat aufl\u00f6sen Wasser und k\u00fchle die L\u00f6sung dann auf 0\u00b0 ab. Nitril durch vorsichtige Zugabe von 90 ml Eisessig und kr\u00e4ftiges Sch\u00fctteln ausf\u00e4llen. Trennen Sie den Niederschlag durch Saugfiltration ab und waschen Sie ihn viermal in 250 ml Wasser unter Verwendung eines Trichters. Sie sollten jetzt einen feuchten Kuchen aus -Phenylacetoacetonitril mit einem Gewicht von 300 g (188-206 g) haben. Es ist zu 59\u201364 % trocken und hat einen Schmelzpunkt von 87\u201389 \u00b0C, was f\u00fcr die meisten Anwendungen geeignet ist.<\/p>\n<p>Wenn eine Umkristallisation der Rohchemikalie gew\u00fcnscht wird, l\u00f6sen Sie den feuchten Kuchen in 100 ml auf kochender Methylalkohol. Die L\u00f6sung filtrieren und durch R\u00fchren auf eine Temperatur von 10\u00b0 abk\u00fchlen. Die Kristalle absaugen und einmal mit 40 ml auf 10\u00b0C gek\u00fchltem Methylalkohol waschen. Das Produkt wiegt im trockenen Zustand 173\u2013191 g (54\u201360 %) und hat einen Schmelzpunkt von 88,5\u201389,5\u00b0. Beim 5:1. Kolben, vereinige die Filtrate und Waschfl\u00fcssigkeiten aus der Natriumsalztrennung. Sie k\u00f6nnen es mit eiskaltem Wasser verd\u00fcnnen, bis die Flasche vollst\u00e4ndig gef\u00fcllt ist. Durch Absaugen die untere Schicht vollst\u00e4ndig entfernen. Ein erheblicher Teil des Ethers kann durch Dekantieren entfernt und der Rest mit einem Scheidetrichter abgetrennt werden.<\/p>\n<p>Extrahieren Sie die w\u00e4ssrige Schicht noch zweimal mit 500 ml Ether und verwerfen Sie dann die Etherextrakte.<\/p>\n<p>Bei reduziertem Druck k\u00f6nnen Sie Etherreste in der w\u00e4ssrigen Schicht entfernen, indem Sie eine Stunde lang mit einer Saugpumpe Luft durch die L\u00f6sung saugen. Durch Zugabe von 60 ml Eisessig das -Phenylacetoacetonitril ausf\u00e4llen.<\/p>\n<p>Wenn \u00d6l verworfen wird, den Kolben in ein Eisbad tauchen, bis der Niederschlag kristallisiert. Trennen Sie die Kristalle durch Saugfiltration und waschen Sie sie viermal in einem mit 50 ml Wasser gef\u00fcllten Trichter. Das hellbraune Material wiegt 50\u201355 g und hat im getrockneten Zustand einen Schmelzpunkt von 83\u201386 \u00b0C. L\u00f6se es dann in den Methylalkohol-Mutterlaugen, die von der Kristallisation der vorherigen Charge \u00fcbrig geblieben sind. Die resultierende L\u00f6sung wird dann in Gegenwart einer Spur von Norite erhitzt. Es wird filtriert und auf eine Temperatur von 10\u00b0 gek\u00fchlt. Sammeln Sie die mit einem Filter erzeugten Kristalle und waschen Sie sie mit 10 ml kaltem Methylalkohol und trocknen Sie sie anschlie\u00dfend. Dann erh\u00e4lt man eine 43\u201348 Gramm schwere Substanz mit einer blassen Strohfarbe und einem Schmelzpunkt von 87\u201389\u00b0. Es wird aus einer L\u00f6sung von 25 ml reinem Methylalkohol und 10 ml kaltem Methylalkohol umkristallisiert. Es entsteht ein 37\u201341 g schweres Material mit einem Schmelzpunkt von 88,5\u201389,5\u00b0. Dies ergibt ein Gesamtmaterial dieser Reinheit mit einem Gewicht zwischen 210 und 232 g oder 66\u201373 Prozent der theoretischen Menge.<\/p>\n<p>Welche Eigenschaften hat Alpha-Phenylacetoacetonitril?<\/p>\n<p>Die folgenden sind die spezifischen Merkmale dieser Chemikalie:<\/p>\n<p>Molekulargewicht: 159,188 g\/mol Genaue Masse: 159,068 g\/mol CAS: 4468-48-8<br \/> 99,8 % Reinheit<br \/> Wie viel kostet Alpha Kosten f\u00fcr Phenylacetoacetonitril?<\/p>\n<p>Die Kosten f\u00fcr diese Chemikalie variieren je nach Anbieter. Der tats\u00e4chliche Preis wird durch den von einem Online-H\u00e4ndler gew\u00e4hrten Rabatt und die Menge der gekauften Chemikalien bestimmt. Wir k\u00f6nnen Ihnen versichern, dass Sie es in unserem Gesch\u00e4ft zum besten Preis auf dem Markt finden. Dar\u00fcber hinaus garantieren wir die Qualit\u00e4t des Produkts und beschleunigen die Lieferung zu Ihnen nach Hause.<\/p>\n<p>Wie wird Alpha-Phenylacetoacetonitril rechtlich eingestuft?<\/p>\n<p>Aufgrund der Tatsache, dass Alpha-Phenylacetoacetonitril eine Chemikalie der Liste I ist, alle Transaktionen die sie enthalten, unabh\u00e4ngig von ihrer Menge, kontrolliert werden.<\/p>\n<p>Hersteller von Gemischen, die diese Chemikalie enthalten und nicht f\u00fcr eine automatische Ausnahmeregelung in Frage kommen, m\u00fcssen einen Freistellungsantrag stellen, da alle chemischen Mischungen, die diese Chemikalie in jeder Konzentration enthalten, reguliert werden. <\/p>\n<p>Welche Warnhinweise m\u00fcssen Sie im Zusammenhang mit dieser Chemikalie beachten?<\/p>\n<p>Beim Umgang mit dieser Substanz ist zu Ihrer eigenen Sicherheit besondere Vorsicht geboten. Im Folgenden sind die Warnungen und Vorsichtsma\u00dfnahmen aufgef\u00fchrt:<\/p>\n<p>Bei oraler Einnahme ist diese Chemikalie \u00e4u\u00dferst gef\u00e4hrlich. Vermeiden Sie es daher um jeden Preis.<br \/> Da es gef\u00e4hrlich ist, wenn es mit Ihrem Fleisch in Kontakt kommt, m\u00fcssen Sie mit \u00e4u\u00dferster Vorsicht damit umgehen und Handschuhe tragen, um Ihre Haut zu sch\u00fctzen.<br \/> Das werden Sie kann Hautreizungen hervorrufen und sogar korrodieren, vermeiden Sie daher zu enge Ber\u00fchrungen.<br \/> Da bekannt ist, dass die Chemikalie schwere Reizungen und Augensch\u00e4den verursacht, ist es wichtig, eine Schutzbrille zu tragen, die die Augen vollst\u00e4ndig bedeckt und so einen unbeabsichtigten Kontakt verhindert mit den Augen.<br \/> Es wurde festgestellt, dass es beim Einatmen \u00e4u\u00dferst gef\u00e4hrlich ist. Daher muss das Gesicht bedeckt sein, um ein versehentliches Einatmen der Chemikalie w\u00e4hrend der Durchf\u00fchrung von Forschung, Entwicklung oder Analyse zu verhindern.<br \/> Das Medikament ist stark genug, um Atembeschwerden hervorzurufen. Sogar eine einzige Exposition gegen\u00fcber ihm kann Toxizit\u00e4t f\u00fcr das Zielorgan hervorrufen. Schwere Entz\u00fcndungen, insbesondere in den Atemwegen, sind m\u00f6glich.<\/p>\n<p>APAAN Online kaufen | Kaufen Sie APAAN zu verkaufen | Kaufen Sie APAAN online | Kaufen Sie APAAN Online (USA, CHINA, UK, WELTWEIT)<\/p>\n","protected":false},"excerpt":{"rendered":"<p>Kaufen Sie APAAN (alpha-Phenylacetoacetonitril) zum Verkauf in Europa, Gro\u00dfbritannien, online ohne Rezept. APAAN (alpha-Phenylacetoacetonitril) online bestellen.<\/p>\n<p>APAAN (alpha-Phenylacetoacetonitril) ist ein analytischer Referenzstandard mit struktureller \u00c4hnlichkeit zu Amphetamin.<\/p>\n<p>-Acetylbenzolacetonitril<\/p>\n<p> 4468-48-8 CAS-Nr.<\/p>\n<p>Synonyme: APAAN ,2-Phenylacetoacetonitrile<\/p>\n<p>Molekularformel: C10H9NO<\/p>\n<p>Formelgewicht: 159,2<\/p>\n<p>Reinheit :\u226598%<\/p>\n<p>Formulierung :Ein kristalliner Feststoff<\/p>\n<p>\u03bbmax :264 nm<\/p>\n<p>Lagerung :-20\u00b0C<\/p>\n<p>Stabilit\u00e4t :\u2265 2 Jahre<\/p>\n","protected":false},"featured_media":5916,"comment_status":"open","ping_status":"closed","template":"","meta":[],"product_brand":[],"product_cat":[703],"product_tag":[],"class_list":{"0":"post-5890","1":"product","2":"type-product","3":"status-publish","4":"has-post-thumbnail","6":"product_cat-kaufen-psychedelische-drogen","8":"first","9":"instock","10":"shipping-taxable","11":"purchasable","12":"product-type-variable"},"yoast_head":"<!-- This site is optimized with the Yoast SEO plugin v27.3 - https:\/\/yoast.com\/product\/yoast-seo-wordpress\/ -->\n<title>Kaufen Sie APAAN Online (Alpha-Phenylacetoacetonitril) - Best Global Meds<\/title>\n<meta name=\"description\" content=\"Kaufen Sie APAAN (alpha-Phenylacetoacetonitril) zum Verkauf Europa, Gro\u00dfbritannien Online ohne Rezept. Bestellen Sie APAAN (alpha-Phenylacetoacetonitril) online.\" \/>\n<meta name=\"robots\" content=\"index, follow, max-snippet:-1, max-image-preview:large, max-video-preview:-1\" \/>\n<link rel=\"canonical\" href=\"https:\/\/medicinasinc.com\/de\/product\/kaufen-apaan-online-alpha-phenylacetoacetonitril\/\" \/>\n<meta property=\"og:locale\" content=\"de_DE\" \/>\n<meta property=\"og:type\" content=\"article\" \/>\n<meta property=\"og:title\" content=\"Kaufen Sie APAAN Online (Alpha-Phenylacetoacetonitril) - Best Global Meds\" \/>\n<meta property=\"og:description\" content=\"Kaufen Sie APAAN (alpha-Phenylacetoacetonitril) zum Verkauf Europa, Gro\u00dfbritannien Online ohne Rezept. Bestellen Sie APAAN (alpha-Phenylacetoacetonitril) online.\" \/>\n<meta property=\"og:url\" content=\"https:\/\/medicinasinc.com\/de\/product\/kaufen-apaan-online-alpha-phenylacetoacetonitril\/\" \/>\n<meta property=\"og:site_name\" content=\"Medicinas Inc\" \/>\n<meta property=\"article:modified_time\" content=\"2022-03-18T00:07:55+00:00\" \/>\n<meta property=\"og:image\" content=\"https:\/\/medicinasinc.com\/de\/wp-content\/uploads\/sites\/6\/2022\/02\/buy-apaan-alpha-phenylacetoacetonitrile.jpg\" \/>\n\t<meta property=\"og:image:width\" content=\"600\" \/>\n\t<meta property=\"og:image:height\" content=\"600\" \/>\n\t<meta property=\"og:image:type\" content=\"image\/jpeg\" \/>\n<meta name=\"twitter:card\" content=\"summary_large_image\" \/>\n<meta name=\"twitter:label1\" content=\"Gesch\u00e4tzte Lesezeit\" \/>\n\t<meta name=\"twitter:data1\" content=\"6\u00a0Minuten\" \/>\n<script type=\"application\/ld+json\" class=\"yoast-schema-graph\">{\"@context\":\"https:\\\/\\\/schema.org\",\"@graph\":[{\"@type\":\"WebPage\",\"@id\":\"https:\\\/\\\/medicinasinc.com\\\/de\\\/product\\\/kaufen-apaan-online-alpha-phenylacetoacetonitril\\\/\",\"url\":\"https:\\\/\\\/medicinasinc.com\\\/de\\\/product\\\/kaufen-apaan-online-alpha-phenylacetoacetonitril\\\/\",\"name\":\"Kaufen Sie APAAN Online (Alpha-Phenylacetoacetonitril) - Best Global Meds\",\"isPartOf\":{\"@id\":\"https:\\\/\\\/medicinasinc.com\\\/de\\\/#website\"},\"primaryImageOfPage\":{\"@id\":\"https:\\\/\\\/medicinasinc.com\\\/de\\\/product\\\/kaufen-apaan-online-alpha-phenylacetoacetonitril\\\/#primaryimage\"},\"image\":{\"@id\":\"https:\\\/\\\/medicinasinc.com\\\/de\\\/product\\\/kaufen-apaan-online-alpha-phenylacetoacetonitril\\\/#primaryimage\"},\"thumbnailUrl\":\"https:\\\/\\\/medicinasinc.com\\\/de\\\/wp-content\\\/uploads\\\/sites\\\/6\\\/2022\\\/02\\\/buy-apaan-alpha-phenylacetoacetonitrile.jpg\",\"datePublished\":\"2022-02-22T08:03:24+00:00\",\"dateModified\":\"2022-03-18T00:07:55+00:00\",\"description\":\"Kaufen Sie APAAN (alpha-Phenylacetoacetonitril) zum Verkauf Europa, Gro\u00dfbritannien Online ohne Rezept. Bestellen Sie APAAN (alpha-Phenylacetoacetonitril) online.\",\"breadcrumb\":{\"@id\":\"https:\\\/\\\/medicinasinc.com\\\/de\\\/product\\\/kaufen-apaan-online-alpha-phenylacetoacetonitril\\\/#breadcrumb\"},\"inLanguage\":\"de\",\"potentialAction\":[{\"@type\":\"ReadAction\",\"target\":[\"https:\\\/\\\/medicinasinc.com\\\/de\\\/product\\\/kaufen-apaan-online-alpha-phenylacetoacetonitril\\\/\"]}]},{\"@type\":\"ImageObject\",\"inLanguage\":\"de\",\"@id\":\"https:\\\/\\\/medicinasinc.com\\\/de\\\/product\\\/kaufen-apaan-online-alpha-phenylacetoacetonitril\\\/#primaryimage\",\"url\":\"https:\\\/\\\/medicinasinc.com\\\/de\\\/wp-content\\\/uploads\\\/sites\\\/6\\\/2022\\\/02\\\/buy-apaan-alpha-phenylacetoacetonitrile.jpg\",\"contentUrl\":\"https:\\\/\\\/medicinasinc.com\\\/de\\\/wp-content\\\/uploads\\\/sites\\\/6\\\/2022\\\/02\\\/buy-apaan-alpha-phenylacetoacetonitrile.jpg\",\"width\":600,\"height\":600},{\"@type\":\"BreadcrumbList\",\"@id\":\"https:\\\/\\\/medicinasinc.com\\\/de\\\/product\\\/kaufen-apaan-online-alpha-phenylacetoacetonitril\\\/#breadcrumb\",\"itemListElement\":[{\"@type\":\"ListItem\",\"position\":1,\"name\":\"Einkaufen\",\"item\":\"https:\\\/\\\/medicinasinc.com\\\/de\\\/einkaufen\\\/\"},{\"@type\":\"ListItem\",\"position\":2,\"name\":\"Kaufen Sie APAAN Online (Alpha-Phenylacetoacetonitril)\"}]},{\"@type\":\"WebSite\",\"@id\":\"https:\\\/\\\/medicinasinc.com\\\/de\\\/#website\",\"url\":\"https:\\\/\\\/medicinasinc.com\\\/de\\\/\",\"name\":\"Medicinas Inc\",\"description\":\"Health Medical Clinic\",\"potentialAction\":[{\"@type\":\"SearchAction\",\"target\":{\"@type\":\"EntryPoint\",\"urlTemplate\":\"https:\\\/\\\/medicinasinc.com\\\/de\\\/?s={search_term_string}\"},\"query-input\":{\"@type\":\"PropertyValueSpecification\",\"valueRequired\":true,\"valueName\":\"search_term_string\"}}],\"inLanguage\":\"de\"}]}<\/script>\n<!-- \/ Yoast SEO plugin. -->","yoast_head_json":{"title":"Kaufen Sie APAAN Online (Alpha-Phenylacetoacetonitril) - Best Global Meds","description":"Kaufen Sie APAAN (alpha-Phenylacetoacetonitril) zum Verkauf Europa, Gro\u00dfbritannien Online ohne Rezept. Bestellen Sie APAAN (alpha-Phenylacetoacetonitril) online.","robots":{"index":"index","follow":"follow","max-snippet":"max-snippet:-1","max-image-preview":"max-image-preview:large","max-video-preview":"max-video-preview:-1"},"canonical":"https:\/\/medicinasinc.com\/de\/product\/kaufen-apaan-online-alpha-phenylacetoacetonitril\/","og_locale":"de_DE","og_type":"article","og_title":"Kaufen Sie APAAN Online (Alpha-Phenylacetoacetonitril) - Best Global Meds","og_description":"Kaufen Sie APAAN (alpha-Phenylacetoacetonitril) zum Verkauf Europa, Gro\u00dfbritannien Online ohne Rezept. Bestellen Sie APAAN (alpha-Phenylacetoacetonitril) online.","og_url":"https:\/\/medicinasinc.com\/de\/product\/kaufen-apaan-online-alpha-phenylacetoacetonitril\/","og_site_name":"Medicinas Inc","article_modified_time":"2022-03-18T00:07:55+00:00","og_image":[{"width":600,"height":600,"url":"https:\/\/medicinasinc.com\/de\/wp-content\/uploads\/sites\/6\/2022\/02\/buy-apaan-alpha-phenylacetoacetonitrile.jpg","type":"image\/jpeg"}],"twitter_card":"summary_large_image","twitter_misc":{"Gesch\u00e4tzte Lesezeit":"6\u00a0Minuten"},"schema":{"@context":"https:\/\/schema.org","@graph":[{"@type":"WebPage","@id":"https:\/\/medicinasinc.com\/de\/product\/kaufen-apaan-online-alpha-phenylacetoacetonitril\/","url":"https:\/\/medicinasinc.com\/de\/product\/kaufen-apaan-online-alpha-phenylacetoacetonitril\/","name":"Kaufen Sie APAAN Online (Alpha-Phenylacetoacetonitril) - Best Global Meds","isPartOf":{"@id":"https:\/\/medicinasinc.com\/de\/#website"},"primaryImageOfPage":{"@id":"https:\/\/medicinasinc.com\/de\/product\/kaufen-apaan-online-alpha-phenylacetoacetonitril\/#primaryimage"},"image":{"@id":"https:\/\/medicinasinc.com\/de\/product\/kaufen-apaan-online-alpha-phenylacetoacetonitril\/#primaryimage"},"thumbnailUrl":"https:\/\/medicinasinc.com\/de\/wp-content\/uploads\/sites\/6\/2022\/02\/buy-apaan-alpha-phenylacetoacetonitrile.jpg","datePublished":"2022-02-22T08:03:24+00:00","dateModified":"2022-03-18T00:07:55+00:00","description":"Kaufen Sie APAAN (alpha-Phenylacetoacetonitril) zum Verkauf Europa, Gro\u00dfbritannien Online ohne Rezept. Bestellen Sie APAAN (alpha-Phenylacetoacetonitril) online.","breadcrumb":{"@id":"https:\/\/medicinasinc.com\/de\/product\/kaufen-apaan-online-alpha-phenylacetoacetonitril\/#breadcrumb"},"inLanguage":"de","potentialAction":[{"@type":"ReadAction","target":["https:\/\/medicinasinc.com\/de\/product\/kaufen-apaan-online-alpha-phenylacetoacetonitril\/"]}]},{"@type":"ImageObject","inLanguage":"de","@id":"https:\/\/medicinasinc.com\/de\/product\/kaufen-apaan-online-alpha-phenylacetoacetonitril\/#primaryimage","url":"https:\/\/medicinasinc.com\/de\/wp-content\/uploads\/sites\/6\/2022\/02\/buy-apaan-alpha-phenylacetoacetonitrile.jpg","contentUrl":"https:\/\/medicinasinc.com\/de\/wp-content\/uploads\/sites\/6\/2022\/02\/buy-apaan-alpha-phenylacetoacetonitrile.jpg","width":600,"height":600},{"@type":"BreadcrumbList","@id":"https:\/\/medicinasinc.com\/de\/product\/kaufen-apaan-online-alpha-phenylacetoacetonitril\/#breadcrumb","itemListElement":[{"@type":"ListItem","position":1,"name":"Einkaufen","item":"https:\/\/medicinasinc.com\/de\/einkaufen\/"},{"@type":"ListItem","position":2,"name":"Kaufen Sie APAAN Online (Alpha-Phenylacetoacetonitril)"}]},{"@type":"WebSite","@id":"https:\/\/medicinasinc.com\/de\/#website","url":"https:\/\/medicinasinc.com\/de\/","name":"Medicinas Inc","description":"Health Medical Clinic","potentialAction":[{"@type":"SearchAction","target":{"@type":"EntryPoint","urlTemplate":"https:\/\/medicinasinc.com\/de\/?s={search_term_string}"},"query-input":{"@type":"PropertyValueSpecification","valueRequired":true,"valueName":"search_term_string"}}],"inLanguage":"de"}]}},"_links":{"self":[{"href":"https:\/\/medicinasinc.com\/de\/wp-json\/wp\/v2\/product\/5890","targetHints":{"allow":["GET"]}}],"collection":[{"href":"https:\/\/medicinasinc.com\/de\/wp-json\/wp\/v2\/product"}],"about":[{"href":"https:\/\/medicinasinc.com\/de\/wp-json\/wp\/v2\/types\/product"}],"replies":[{"embeddable":true,"href":"https:\/\/medicinasinc.com\/de\/wp-json\/wp\/v2\/comments?post=5890"}],"wp:featuredmedia":[{"embeddable":true,"href":"https:\/\/medicinasinc.com\/de\/wp-json\/wp\/v2\/media\/5916"}],"wp:attachment":[{"href":"https:\/\/medicinasinc.com\/de\/wp-json\/wp\/v2\/media?parent=5890"}],"wp:term":[{"taxonomy":"product_brand","embeddable":true,"href":"https:\/\/medicinasinc.com\/de\/wp-json\/wp\/v2\/product_brand?post=5890"},{"taxonomy":"product_cat","embeddable":true,"href":"https:\/\/medicinasinc.com\/de\/wp-json\/wp\/v2\/product_cat?post=5890"},{"taxonomy":"product_tag","embeddable":true,"href":"https:\/\/medicinasinc.com\/de\/wp-json\/wp\/v2\/product_tag?post=5890"}],"curies":[{"name":"wp","href":"https:\/\/api.w.org\/{rel}","templated":true}]}}