{"id":5886,"date":"2022-02-22T07:58:50","date_gmt":"2022-02-22T07:58:50","guid":{"rendered":"https:\/\/medicinasinc.com\/de\/?post_type=product&#038;p=5886"},"modified":"2022-03-18T00:08:07","modified_gmt":"2022-03-18T00:08:07","slug":"kaufen-dilaudid-4-mg","status":"publish","type":"product","link":"https:\/\/medicinasinc.com\/de\/product\/kaufen-dilaudid-4-mg\/","title":{"rendered":"Kaufen Sie Dilaudid 4 mg"},"content":{"rendered":"<p>Kaufen Sie dilaudid 4 mg im Vereinigten K\u00f6nigreich und in Europa in unserer Online-Apotheke Global med mit schneller internationaler Lieferung! Hier bekommen Sie das beste Dilaudid 4 mg zum Kauf!<\/p>\n<p>Dilaudid 4 mg, Hydromorphon ist ein narkotisches Analgetikum. Ein Opioid wird gelegentlich als Bet\u00e4ubungsmittel bezeichnet.<\/p>\n<p>Dilaudid 4 mg ist ein verschreibungspflichtiges Medikament zur Behandlung von m\u00e4\u00dfigen bis starken Schmerzen.<\/p>\n<p>Wenn Sie Dilaudid online erwerben, k\u00f6nnen Sie auch eine Dosis erhalten Information. Sie sollten 2 mg bis 4 mg wie verschrieben f\u00fcr die Erstbehandlung einnehmen.<\/p>\n<p>Dieses Medikament ist in einer Formulierung mit verl\u00e4ngerter Freisetzung zur Behandlung von m\u00e4\u00dfigen bis starken Schmerzen rund um die Uhr erh\u00e4ltlich. Diese Darreichungsform von Dilaudid 4 mg ist nicht zur bedarfsgerechten Anwendung bei Schmerzen bestimmt.<\/p>\n<p>Hydromorphon Dilaudid 4 mg kann auch f\u00fcr andere Anwendungen verwendet werden, die nicht in diesem Arzneimittelleitfaden enthalten sind.<\/p>\n<p>Was ist die wichtigste Information, die ich in Bezug auf Hydromorphon beachten sollte?<\/p>\n<p>Wenn Sie schwere Atemprobleme oder eine Blockade in Ihrem Magen oder Darm haben, sollten Sie Hydromorphon nicht verwenden.<\/p>\n<p>4 mg Dilaudid Hydromorphon kann zu einem schnellen oder vollst\u00e4ndigen Atemstillstand f\u00fchren und eine Gewohnheit entwickeln. Um eine potenziell t\u00f6dliche Dosis zu vermeiden, nehmen Sie nur die vorgeschriebene Dosis ein und schlucken Sie eine Pille mit verl\u00e4ngerter Wirkstofffreisetzung im Ganzen. Geben Sie niemals einer anderen Person Dilaudid 4 mg.<\/p>\n<p>&nbsp;<\/p>\n<p>UNSACHGEM\u00c4SSE ANWENDUNG VON NARKOTISCHEN ARZNEIMITTELN KANN ZU S\u00dcCHTIGKEIT, \u00dcBERDOSIERUNG ODER TOD F\u00dcHREN, insbesondere bei Kindern oder anderen Personen, die das Medikament ohne erhalten ein Rezept.<\/p>\n<p>Wenn die Mutter w\u00e4hrend der Schwangerschaft Dilaudid 4 mg eingenommen hat, kann es beim Neugeborenen zu lebensbedrohlichen Entzugserscheinungen kommen.<\/p>\n<p>Keine alkoholischen Getr\u00e4nke konsumieren.<\/p>\n<p>Dort besteht die M\u00f6glichkeit gef\u00e4hrlicher Nebenwirkungen, einschlie\u00dflich Tod.<\/p>\n<p>Was sollte ich vor Beginn der Behandlung mit Hydromorphon mit meinem Arzt besprechen?<\/p>\n<p>Sie sollten dieses Medikament nicht einnehmen, wenn Sie es jemals hatten eine unerw\u00fcnschte Reaktion auf Hydromorphon oder andere Bet\u00e4ubungsmittel, oder wenn Sie an einer der folgenden Erkrankungen leiden:<\/p>\n<p>schweres Asthma oder Atembeschwerden; eine Blockade in Ihrem Magen oder Darm; oder paralytischer Ileus, ein Darmverschluss.<\/p>\n<p>Wenn Sie innerhalb der letzten 14 Tage einen MAO-Hemmer angewendet haben, nehmen Sie Dilaudid 4 mg Hydromorphon nicht ein. Es kann zu einer potenziell sch\u00e4dlichen Wechselwirkung mit Medikamenten kommen. Isocarboxazid, Linezolid, Methylenblau-Injektion, Phenelzin, Rasagilin, Selegilin und Tranylcypromin sind alle MAO-Hemmer.<\/p>\n<p>Bestimmte Medikamente k\u00f6nnen mit Hydromorphon interagieren, was zu einer potenziell t\u00f6dlichen Krankheit namens Serotonin-Syndrom f\u00fchren kann. Stellen Sie sicher, dass Ihr Arzt alle Medikamente kennt, die Sie gegen Depressionen, Geisteskrankheiten, Parkinson, Migr\u00e4ne, schwere Infektionen oder zur Vorbeugung von \u00dcbelkeit und Erbrechen einnehmen. Konsultieren Sie Ihren Arzt, bevor Sie \u00c4nderungen an der Art oder H\u00e4ufigkeit der Einnahme Ihrer Medikamente vornehmen.<\/p>\n<p>Sie k\u00f6nnen Dilaudid 4 mg Hydromorphon m\u00f6glicherweise nicht einnehmen, wenn Sie derzeit kein opioides (narkotisches) Schmerzmittel einnehmen und sind daf\u00fcr tolerant. Konsultieren Sie Ihren Arzt, wenn Sie sich nicht sicher sind, ob Sie Opioid-tolerant sind.<\/p>\n<p>Um sicherzustellen, dass Hydromorphon f\u00fcr Sie sicher ist, informieren Sie Ihren Arzt, wenn Sie eines der folgenden haben:<\/p>\n<p>jede Art von Atembeschwerden oder Lungenerkrankungen; eine Vorgeschichte von Gehirnersch\u00fctterung, Hirntumor oder Krampfanf\u00e4llen; eine Geschichte von Drogenmissbrauch, Alkoholismus oder Geisteskrankheit; Probleme beim Wasserlassen; Leber- oder Nierenerkrankung; Sulfitallergie; Morbus Addison oder andere Nebennierenerkrankungen; Probleme mit Ihrer Gallenblase, Bauchspeicheldr\u00fcse oder Schilddr\u00fcse; oder wenn Sie ein Beruhigungsmittel wie Valium (Diazepam, Alprazolam, Lorazepam, Ativan, Klonopin, Restoril, Tranxene, Versed, Xanax und andere) einnehmen.<\/p>\n","protected":false},"excerpt":{"rendered":"<p>Kaufen Sie Dilaudid 4 mg zum Verkauf in Gro\u00dfbritannien, Europa in unserem Online-Shop f\u00fcr Best Global-Medikamente mit schneller weltweiter Lieferung! Das beste Dilaudid 4 mg zum Bestellen finden Sie hier!<\/p>\n<p>Dilaudid 4 mg, Hydromorphon kann eine verlangsamte oder aussetzende Atmung verursachen und sich zu einer Gewohnheit entwickeln. Um eine potenziell t\u00f6dliche Dosis zu vermeiden, nehmen Sie nur die vorgeschriebene Dosis ein und schlucken Sie eine Pille mit verl\u00e4ngerter Wirkstofffreisetzung im Ganzen. Geben Sie niemals einer anderen Person Dilaudid 4 mg.<\/p>\n","protected":false},"featured_media":5911,"comment_status":"open","ping_status":"closed","template":"","meta":[],"product_brand":[],"product_cat":[1117],"product_tag":[4048,4045,4050,4046,4049,4051,4047],"class_list":{"0":"post-5886","1":"product","2":"type-product","3":"status-publish","4":"has-post-thumbnail","6":"product_cat-kaufen-sie-schmerz-schlaf-und-sexpillen","7":"product_tag-dilaudid-4-mg-online-bestellen","8":"product_tag-buy-dilaudid-4-mg-online","9":"product_tag-der-beste-ort-um-dilaudid-4-mg-online-zu-kaufen","10":"product_tag-dilaudid-4-mg-for-sale","11":"product_tag-kaufen-dilaudid-4-mg-online","12":"product_tag-where-to-buy-dilaudid-4-mg-online","13":"product_tag-wie-kauft-man-dilaudid-4-mg-online","15":"first","16":"instock","17":"featured","18":"shipping-taxable","19":"purchasable","20":"product-type-variable","21":"has-default-attributes"},"yoast_head":"<!-- This site is optimized with the Yoast SEO plugin v27.3 - https:\/\/yoast.com\/product\/yoast-seo-wordpress\/ -->\n<title>Kaufen Sie Dilaudid 4 mg - Best Best Global Meds<\/title>\n<meta name=\"description\" content=\"Kaufen Sie dilaudid 4 mg zum Verkauf in Gro\u00dfbritannien, Europa in unserem Best Global meds Online-Shop mit schneller weltweiter Lieferung! Die besten Dilaudid 4 mg zum Bestellen finden Sie hier!\" \/>\n<meta name=\"robots\" content=\"index, follow, max-snippet:-1, max-image-preview:large, max-video-preview:-1\" \/>\n<link rel=\"canonical\" href=\"https:\/\/medicinasinc.com\/de\/product\/kaufen-dilaudid-4-mg\/\" \/>\n<meta property=\"og:locale\" content=\"de_DE\" \/>\n<meta property=\"og:type\" content=\"article\" \/>\n<meta property=\"og:title\" content=\"Kaufen Sie Dilaudid 4 mg - Best Best Global Meds\" \/>\n<meta property=\"og:description\" content=\"Kaufen Sie dilaudid 4 mg zum Verkauf in Gro\u00dfbritannien, Europa in unserem Best Global meds Online-Shop mit schneller weltweiter Lieferung! Die besten Dilaudid 4 mg zum Bestellen finden Sie hier!\" \/>\n<meta property=\"og:url\" content=\"https:\/\/medicinasinc.com\/de\/product\/kaufen-dilaudid-4-mg\/\" \/>\n<meta property=\"og:site_name\" content=\"Medicinas Inc\" \/>\n<meta property=\"article:modified_time\" content=\"2022-03-18T00:08:07+00:00\" \/>\n<meta property=\"og:image\" content=\"https:\/\/medicinasinc.com\/de\/wp-content\/uploads\/sites\/6\/2022\/02\/Buy-Dilaudid-4-mg.jpg\" \/>\n\t<meta property=\"og:image:width\" content=\"720\" \/>\n\t<meta property=\"og:image:height\" content=\"445\" \/>\n\t<meta property=\"og:image:type\" content=\"image\/jpeg\" \/>\n<meta name=\"twitter:card\" content=\"summary_large_image\" \/>\n<meta name=\"twitter:label1\" content=\"Gesch\u00e4tzte Lesezeit\" \/>\n\t<meta name=\"twitter:data1\" content=\"3\u00a0Minuten\" \/>\n<script type=\"application\/ld+json\" class=\"yoast-schema-graph\">{\"@context\":\"https:\\\/\\\/schema.org\",\"@graph\":[{\"@type\":\"WebPage\",\"@id\":\"https:\\\/\\\/medicinasinc.com\\\/de\\\/product\\\/kaufen-dilaudid-4-mg\\\/\",\"url\":\"https:\\\/\\\/medicinasinc.com\\\/de\\\/product\\\/kaufen-dilaudid-4-mg\\\/\",\"name\":\"Kaufen Sie Dilaudid 4 mg - Best Best Global Meds\",\"isPartOf\":{\"@id\":\"https:\\\/\\\/medicinasinc.com\\\/de\\\/#website\"},\"primaryImageOfPage\":{\"@id\":\"https:\\\/\\\/medicinasinc.com\\\/de\\\/product\\\/kaufen-dilaudid-4-mg\\\/#primaryimage\"},\"image\":{\"@id\":\"https:\\\/\\\/medicinasinc.com\\\/de\\\/product\\\/kaufen-dilaudid-4-mg\\\/#primaryimage\"},\"thumbnailUrl\":\"https:\\\/\\\/medicinasinc.com\\\/de\\\/wp-content\\\/uploads\\\/sites\\\/6\\\/2022\\\/02\\\/Buy-Dilaudid-4-mg.jpg\",\"datePublished\":\"2022-02-22T07:58:50+00:00\",\"dateModified\":\"2022-03-18T00:08:07+00:00\",\"description\":\"Kaufen Sie dilaudid 4 mg zum Verkauf in Gro\u00dfbritannien, Europa in unserem Best Global meds Online-Shop mit schneller weltweiter Lieferung! Die besten Dilaudid 4 mg zum Bestellen finden Sie hier!\",\"breadcrumb\":{\"@id\":\"https:\\\/\\\/medicinasinc.com\\\/de\\\/product\\\/kaufen-dilaudid-4-mg\\\/#breadcrumb\"},\"inLanguage\":\"de\",\"potentialAction\":[{\"@type\":\"ReadAction\",\"target\":[\"https:\\\/\\\/medicinasinc.com\\\/de\\\/product\\\/kaufen-dilaudid-4-mg\\\/\"]}]},{\"@type\":\"ImageObject\",\"inLanguage\":\"de\",\"@id\":\"https:\\\/\\\/medicinasinc.com\\\/de\\\/product\\\/kaufen-dilaudid-4-mg\\\/#primaryimage\",\"url\":\"https:\\\/\\\/medicinasinc.com\\\/de\\\/wp-content\\\/uploads\\\/sites\\\/6\\\/2022\\\/02\\\/Buy-Dilaudid-4-mg.jpg\",\"contentUrl\":\"https:\\\/\\\/medicinasinc.com\\\/de\\\/wp-content\\\/uploads\\\/sites\\\/6\\\/2022\\\/02\\\/Buy-Dilaudid-4-mg.jpg\",\"width\":720,\"height\":445},{\"@type\":\"BreadcrumbList\",\"@id\":\"https:\\\/\\\/medicinasinc.com\\\/de\\\/product\\\/kaufen-dilaudid-4-mg\\\/#breadcrumb\",\"itemListElement\":[{\"@type\":\"ListItem\",\"position\":1,\"name\":\"Einkaufen\",\"item\":\"https:\\\/\\\/medicinasinc.com\\\/de\\\/einkaufen\\\/\"},{\"@type\":\"ListItem\",\"position\":2,\"name\":\"Kaufen Sie Dilaudid 4 mg\"}]},{\"@type\":\"WebSite\",\"@id\":\"https:\\\/\\\/medicinasinc.com\\\/de\\\/#website\",\"url\":\"https:\\\/\\\/medicinasinc.com\\\/de\\\/\",\"name\":\"Medicinas Inc\",\"description\":\"Health Medical Clinic\",\"potentialAction\":[{\"@type\":\"SearchAction\",\"target\":{\"@type\":\"EntryPoint\",\"urlTemplate\":\"https:\\\/\\\/medicinasinc.com\\\/de\\\/?s={search_term_string}\"},\"query-input\":{\"@type\":\"PropertyValueSpecification\",\"valueRequired\":true,\"valueName\":\"search_term_string\"}}],\"inLanguage\":\"de\"}]}<\/script>\n<!-- \/ Yoast SEO plugin. -->","yoast_head_json":{"title":"Kaufen Sie Dilaudid 4 mg - Best Best Global Meds","description":"Kaufen Sie dilaudid 4 mg zum Verkauf in Gro\u00dfbritannien, Europa in unserem Best Global meds Online-Shop mit schneller weltweiter Lieferung! Die besten Dilaudid 4 mg zum Bestellen finden Sie hier!","robots":{"index":"index","follow":"follow","max-snippet":"max-snippet:-1","max-image-preview":"max-image-preview:large","max-video-preview":"max-video-preview:-1"},"canonical":"https:\/\/medicinasinc.com\/de\/product\/kaufen-dilaudid-4-mg\/","og_locale":"de_DE","og_type":"article","og_title":"Kaufen Sie Dilaudid 4 mg - Best Best Global Meds","og_description":"Kaufen Sie dilaudid 4 mg zum Verkauf in Gro\u00dfbritannien, Europa in unserem Best Global meds Online-Shop mit schneller weltweiter Lieferung! Die besten Dilaudid 4 mg zum Bestellen finden Sie hier!","og_url":"https:\/\/medicinasinc.com\/de\/product\/kaufen-dilaudid-4-mg\/","og_site_name":"Medicinas Inc","article_modified_time":"2022-03-18T00:08:07+00:00","og_image":[{"width":720,"height":445,"url":"https:\/\/medicinasinc.com\/de\/wp-content\/uploads\/sites\/6\/2022\/02\/Buy-Dilaudid-4-mg.jpg","type":"image\/jpeg"}],"twitter_card":"summary_large_image","twitter_misc":{"Gesch\u00e4tzte Lesezeit":"3\u00a0Minuten"},"schema":{"@context":"https:\/\/schema.org","@graph":[{"@type":"WebPage","@id":"https:\/\/medicinasinc.com\/de\/product\/kaufen-dilaudid-4-mg\/","url":"https:\/\/medicinasinc.com\/de\/product\/kaufen-dilaudid-4-mg\/","name":"Kaufen Sie Dilaudid 4 mg - Best Best Global Meds","isPartOf":{"@id":"https:\/\/medicinasinc.com\/de\/#website"},"primaryImageOfPage":{"@id":"https:\/\/medicinasinc.com\/de\/product\/kaufen-dilaudid-4-mg\/#primaryimage"},"image":{"@id":"https:\/\/medicinasinc.com\/de\/product\/kaufen-dilaudid-4-mg\/#primaryimage"},"thumbnailUrl":"https:\/\/medicinasinc.com\/de\/wp-content\/uploads\/sites\/6\/2022\/02\/Buy-Dilaudid-4-mg.jpg","datePublished":"2022-02-22T07:58:50+00:00","dateModified":"2022-03-18T00:08:07+00:00","description":"Kaufen Sie dilaudid 4 mg zum Verkauf in Gro\u00dfbritannien, Europa in unserem Best Global meds Online-Shop mit schneller weltweiter Lieferung! Die besten Dilaudid 4 mg zum Bestellen finden Sie hier!","breadcrumb":{"@id":"https:\/\/medicinasinc.com\/de\/product\/kaufen-dilaudid-4-mg\/#breadcrumb"},"inLanguage":"de","potentialAction":[{"@type":"ReadAction","target":["https:\/\/medicinasinc.com\/de\/product\/kaufen-dilaudid-4-mg\/"]}]},{"@type":"ImageObject","inLanguage":"de","@id":"https:\/\/medicinasinc.com\/de\/product\/kaufen-dilaudid-4-mg\/#primaryimage","url":"https:\/\/medicinasinc.com\/de\/wp-content\/uploads\/sites\/6\/2022\/02\/Buy-Dilaudid-4-mg.jpg","contentUrl":"https:\/\/medicinasinc.com\/de\/wp-content\/uploads\/sites\/6\/2022\/02\/Buy-Dilaudid-4-mg.jpg","width":720,"height":445},{"@type":"BreadcrumbList","@id":"https:\/\/medicinasinc.com\/de\/product\/kaufen-dilaudid-4-mg\/#breadcrumb","itemListElement":[{"@type":"ListItem","position":1,"name":"Einkaufen","item":"https:\/\/medicinasinc.com\/de\/einkaufen\/"},{"@type":"ListItem","position":2,"name":"Kaufen Sie Dilaudid 4 mg"}]},{"@type":"WebSite","@id":"https:\/\/medicinasinc.com\/de\/#website","url":"https:\/\/medicinasinc.com\/de\/","name":"Medicinas Inc","description":"Health Medical Clinic","potentialAction":[{"@type":"SearchAction","target":{"@type":"EntryPoint","urlTemplate":"https:\/\/medicinasinc.com\/de\/?s={search_term_string}"},"query-input":{"@type":"PropertyValueSpecification","valueRequired":true,"valueName":"search_term_string"}}],"inLanguage":"de"}]}},"_links":{"self":[{"href":"https:\/\/medicinasinc.com\/de\/wp-json\/wp\/v2\/product\/5886","targetHints":{"allow":["GET"]}}],"collection":[{"href":"https:\/\/medicinasinc.com\/de\/wp-json\/wp\/v2\/product"}],"about":[{"href":"https:\/\/medicinasinc.com\/de\/wp-json\/wp\/v2\/types\/product"}],"replies":[{"embeddable":true,"href":"https:\/\/medicinasinc.com\/de\/wp-json\/wp\/v2\/comments?post=5886"}],"wp:featuredmedia":[{"embeddable":true,"href":"https:\/\/medicinasinc.com\/de\/wp-json\/wp\/v2\/media\/5911"}],"wp:attachment":[{"href":"https:\/\/medicinasinc.com\/de\/wp-json\/wp\/v2\/media?parent=5886"}],"wp:term":[{"taxonomy":"product_brand","embeddable":true,"href":"https:\/\/medicinasinc.com\/de\/wp-json\/wp\/v2\/product_brand?post=5886"},{"taxonomy":"product_cat","embeddable":true,"href":"https:\/\/medicinasinc.com\/de\/wp-json\/wp\/v2\/product_cat?post=5886"},{"taxonomy":"product_tag","embeddable":true,"href":"https:\/\/medicinasinc.com\/de\/wp-json\/wp\/v2\/product_tag?post=5886"}],"curies":[{"name":"wp","href":"https:\/\/api.w.org\/{rel}","templated":true}]}}