{"id":5875,"date":"2022-02-22T07:46:55","date_gmt":"2022-02-22T07:46:55","guid":{"rendered":"https:\/\/medicinasinc.com\/de\/?post_type=product&#038;p=5875"},"modified":"2022-03-18T00:08:26","modified_gmt":"2022-03-18T00:08:26","slug":"kaufen-gamma-butyrolacton","status":"publish","type":"product","link":"https:\/\/medicinasinc.com\/de\/product\/kaufen-gamma-butyrolacton\/","title":{"rendered":"Kaufen Sie Gamma-Butyrolacton"},"content":{"rendered":"<p>Gamma-Butyrolacton (-Butyrolacton oder GBL) ist eine wei\u00dfe, hygroskopische Fl\u00fcssigkeit mit einem schwachen, charakteristischen Geruch, die wasserl\u00f6slich ist. GBL ist ein weit verbreitetes L\u00f6sungsmittel und Reagenz in der Chemie sowie ein Aromastoff, ein Reinigungsl\u00f6sungsmittel, ein Sekundenkleber-Entferner und ein L\u00f6sungsmittel in einigen nassen Aluminium-Elektrolytkondensatoren.<\/p>\n<p>Kaufen Sie Gamma-Butyrolacton (GBL) 1,0 mg\/ml in Acetonitril-Referenzstandards, abgeleitet von GHB und \u00e4hnlichen Verbindungen. Online erh\u00e4ltlich<\/p>\n<p>Gamma-Butyrolacton zum Verkauf online, gbl (Gamma-Butyrolacton) zum Verkauf, Gamma-Butyrolacton zum Verkauf in Gro\u00dfbritannien, Gamma-Butyrolacton-Reiniger zum Verkauf<\/p>\n<p>Es fungiert als Vorl\u00e4ufer von GHB beim Menschen und wird als Freizeitrauschmittel mit alkohol\u00e4hnlichen Wirkungen verwendet.<\/p>\n<p>GBL wurde in Extrakten aus reinen Weinproben nachgewiesen. Diese Forschung impliziert, dass GBL in einigen Weinen nat\u00fcrlich vorkommt und in vergleichbaren Produkten vorhanden sein kann. Die entdeckte Konzentration lag bei etwa 5 g\/ml, was einfach durch einen einfachen Extraktionsansatz gefolgt von einer GC\/MS-Analyse bestimmt wurde.<\/p>\n<p>GBL kann in K\u00e4searomen nachgewiesen werden, das Endprodukt enth\u00e4lt jedoch normalerweise weniger als 0,0002 Prozent GBL.<\/p>\n<p>GBL wird als Lacton klassifiziert. Es wird unter basischen Bedingungen, beispielsweise in Natronlauge, zu Natrium-Gamma-Hydroxybutyrat, dem Natriumsalz der Gamma-Hydroxybutters\u00e4ure, hydrolysiert. Es erzeugt unter sauren Bedingungen eine Gleichgewichtskombination beider Chemikalien. Anschlie\u00dfend k\u00f6nnen sich diese Chemikalien zu einem Polymer verbinden. Wenn eine nicht-nukleophile Base wie Lithiumdiisopropylamid verwendet wird,<\/p>\n<p>GBL hat das Potenzial, als Alpha-Kohlenstoff-Nukleophil zu wirken. Caprolacton, eine \u00e4hnliche Chemikalie, kann auf diese Weise zur Herstellung eines Polyesters verwendet werden.<\/p>\n<p>GBL ist an und f\u00fcr sich kein Wirkstoff; sein Wirkungsmechanismus leitet sich von seinem Status als Prodrug von GHB ab. Die hypnotische Wirkung von GHB wird verst\u00e4rkt, wenn es mit Alkohol kombiniert wird. In einer Rattenstudie aus dem Jahr 2003 wurde festgestellt, dass GBL eine potenzierte hypnotische Wirkung hat, wenn es mit Ethanol kombiniert wird, da die Messung des Schlaftimings l\u00e4nger war als die Summe der beiden unabh\u00e4ngigen Komponenten.<\/p>\n","protected":false},"excerpt":{"rendered":"<p>Sie k\u00f6nnen Gamma-Butyrolacton von Lieferanten kaufen, denen wir vertrauen, und wir arbeiten mit diesen Lieferanten zusammen, um den Zugang zum Kauf von Gamma-Butyrolacton zum Verkauf in Gro\u00dfbritannien und Europa zu erm\u00f6glichen<\/p>\n<p>Alle Pyrrolidone werden unter Verwendung von GBL als chemischem Zwischenprodukt synthetisiert . Es kann zur Herstellung von Insektiziden, Herbiziden und Wachstumsregulatoren f\u00fcr Pflanzen verwendet werden.<\/p>\n","protected":false},"featured_media":5885,"comment_status":"open","ping_status":"closed","template":"","meta":[],"product_brand":[],"product_cat":[2014],"product_tag":[4034,4031,4036,4032,4035,4033,4037],"class_list":{"0":"post-5875","1":"product","2":"type-product","3":"status-publish","4":"has-post-thumbnail","6":"product_cat-kaufen-forschungschemikalien","7":"product_tag-gamma-butyrolacton-online-bestellen","8":"product_tag-buy-gamma-butyrolactone-online","9":"product_tag-der-beste-ort-um-gamma-butyrolacton-online-zu-kaufen","10":"product_tag-gamma-butyrolacton-zum-verkauf","11":"product_tag-kaufen-gamma-butyrolacton-online","12":"product_tag-how-to-buy-gamma-butyrolactone-online","13":"product_tag-wo-zu-kaufen-gamma-butyrolacton-online","15":"first","16":"instock","17":"featured","18":"shipping-taxable","19":"purchasable","20":"product-type-variable"},"yoast_head":"<!-- This site is optimized with the Yoast SEO plugin v27.3 - https:\/\/yoast.com\/product\/yoast-seo-wordpress\/ -->\n<title>Kaufen Sie Gamma-Butyrolacton - Best Best Global Meds<\/title>\n<meta name=\"description\" content=\"Sie k\u00f6nnen Gamma-Butyrolacton von Lieferanten kaufen, denen wir vertrauen, und wir arbeiten mit diesen Lieferanten zusammen, um den Zugang zum Kauf von Gamma-Butyrolacton zum Verkauf in Gro\u00dfbritannien und Europa zu erm\u00f6glichen\" \/>\n<meta name=\"robots\" content=\"index, follow, max-snippet:-1, max-image-preview:large, max-video-preview:-1\" \/>\n<link rel=\"canonical\" href=\"https:\/\/medicinasinc.com\/de\/product\/kaufen-gamma-butyrolacton\/\" \/>\n<meta property=\"og:locale\" content=\"de_DE\" \/>\n<meta property=\"og:type\" content=\"article\" \/>\n<meta property=\"og:title\" content=\"Kaufen Sie Gamma-Butyrolacton - Best Best Global Meds\" \/>\n<meta property=\"og:description\" content=\"Sie k\u00f6nnen Gamma-Butyrolacton von Lieferanten kaufen, denen wir vertrauen, und wir arbeiten mit diesen Lieferanten zusammen, um den Zugang zum Kauf von Gamma-Butyrolacton zum Verkauf in Gro\u00dfbritannien und Europa zu erm\u00f6glichen\" \/>\n<meta property=\"og:url\" content=\"https:\/\/medicinasinc.com\/de\/product\/kaufen-gamma-butyrolacton\/\" \/>\n<meta property=\"og:site_name\" content=\"Medicinas Inc\" \/>\n<meta property=\"article:modified_time\" content=\"2022-03-18T00:08:26+00:00\" \/>\n<meta property=\"og:image\" content=\"https:\/\/medicinasinc.com\/de\/wp-content\/uploads\/sites\/6\/2022\/02\/Buy-Gamma-Butyrolactone.jpg\" \/>\n\t<meta property=\"og:image:width\" content=\"500\" \/>\n\t<meta property=\"og:image:height\" content=\"500\" \/>\n\t<meta property=\"og:image:type\" content=\"image\/jpeg\" \/>\n<meta name=\"twitter:card\" content=\"summary_large_image\" \/>\n<meta name=\"twitter:label1\" content=\"Gesch\u00e4tzte Lesezeit\" \/>\n\t<meta name=\"twitter:data1\" content=\"2\u00a0Minuten\" \/>\n<script type=\"application\/ld+json\" class=\"yoast-schema-graph\">{\"@context\":\"https:\\\/\\\/schema.org\",\"@graph\":[{\"@type\":\"WebPage\",\"@id\":\"https:\\\/\\\/medicinasinc.com\\\/de\\\/product\\\/kaufen-gamma-butyrolacton\\\/\",\"url\":\"https:\\\/\\\/medicinasinc.com\\\/de\\\/product\\\/kaufen-gamma-butyrolacton\\\/\",\"name\":\"Kaufen Sie Gamma-Butyrolacton - Best Best Global Meds\",\"isPartOf\":{\"@id\":\"https:\\\/\\\/medicinasinc.com\\\/de\\\/#website\"},\"primaryImageOfPage\":{\"@id\":\"https:\\\/\\\/medicinasinc.com\\\/de\\\/product\\\/kaufen-gamma-butyrolacton\\\/#primaryimage\"},\"image\":{\"@id\":\"https:\\\/\\\/medicinasinc.com\\\/de\\\/product\\\/kaufen-gamma-butyrolacton\\\/#primaryimage\"},\"thumbnailUrl\":\"https:\\\/\\\/medicinasinc.com\\\/de\\\/wp-content\\\/uploads\\\/sites\\\/6\\\/2022\\\/02\\\/Buy-Gamma-Butyrolactone.jpg\",\"datePublished\":\"2022-02-22T07:46:55+00:00\",\"dateModified\":\"2022-03-18T00:08:26+00:00\",\"description\":\"Sie k\u00f6nnen Gamma-Butyrolacton von Lieferanten kaufen, denen wir vertrauen, und wir arbeiten mit diesen Lieferanten zusammen, um den Zugang zum Kauf von Gamma-Butyrolacton zum Verkauf in Gro\u00dfbritannien und Europa zu erm\u00f6glichen\",\"breadcrumb\":{\"@id\":\"https:\\\/\\\/medicinasinc.com\\\/de\\\/product\\\/kaufen-gamma-butyrolacton\\\/#breadcrumb\"},\"inLanguage\":\"de\",\"potentialAction\":[{\"@type\":\"ReadAction\",\"target\":[\"https:\\\/\\\/medicinasinc.com\\\/de\\\/product\\\/kaufen-gamma-butyrolacton\\\/\"]}]},{\"@type\":\"ImageObject\",\"inLanguage\":\"de\",\"@id\":\"https:\\\/\\\/medicinasinc.com\\\/de\\\/product\\\/kaufen-gamma-butyrolacton\\\/#primaryimage\",\"url\":\"https:\\\/\\\/medicinasinc.com\\\/de\\\/wp-content\\\/uploads\\\/sites\\\/6\\\/2022\\\/02\\\/Buy-Gamma-Butyrolactone.jpg\",\"contentUrl\":\"https:\\\/\\\/medicinasinc.com\\\/de\\\/wp-content\\\/uploads\\\/sites\\\/6\\\/2022\\\/02\\\/Buy-Gamma-Butyrolactone.jpg\",\"width\":500,\"height\":500},{\"@type\":\"BreadcrumbList\",\"@id\":\"https:\\\/\\\/medicinasinc.com\\\/de\\\/product\\\/kaufen-gamma-butyrolacton\\\/#breadcrumb\",\"itemListElement\":[{\"@type\":\"ListItem\",\"position\":1,\"name\":\"Einkaufen\",\"item\":\"https:\\\/\\\/medicinasinc.com\\\/de\\\/einkaufen\\\/\"},{\"@type\":\"ListItem\",\"position\":2,\"name\":\"Kaufen Sie Gamma-Butyrolacton\"}]},{\"@type\":\"WebSite\",\"@id\":\"https:\\\/\\\/medicinasinc.com\\\/de\\\/#website\",\"url\":\"https:\\\/\\\/medicinasinc.com\\\/de\\\/\",\"name\":\"Medicinas Inc\",\"description\":\"Health Medical Clinic\",\"potentialAction\":[{\"@type\":\"SearchAction\",\"target\":{\"@type\":\"EntryPoint\",\"urlTemplate\":\"https:\\\/\\\/medicinasinc.com\\\/de\\\/?s={search_term_string}\"},\"query-input\":{\"@type\":\"PropertyValueSpecification\",\"valueRequired\":true,\"valueName\":\"search_term_string\"}}],\"inLanguage\":\"de\"}]}<\/script>\n<!-- \/ Yoast SEO plugin. -->","yoast_head_json":{"title":"Kaufen Sie Gamma-Butyrolacton - Best Best Global Meds","description":"Sie k\u00f6nnen Gamma-Butyrolacton von Lieferanten kaufen, denen wir vertrauen, und wir arbeiten mit diesen Lieferanten zusammen, um den Zugang zum Kauf von Gamma-Butyrolacton zum Verkauf in Gro\u00dfbritannien und Europa zu erm\u00f6glichen","robots":{"index":"index","follow":"follow","max-snippet":"max-snippet:-1","max-image-preview":"max-image-preview:large","max-video-preview":"max-video-preview:-1"},"canonical":"https:\/\/medicinasinc.com\/de\/product\/kaufen-gamma-butyrolacton\/","og_locale":"de_DE","og_type":"article","og_title":"Kaufen Sie Gamma-Butyrolacton - Best Best Global Meds","og_description":"Sie k\u00f6nnen Gamma-Butyrolacton von Lieferanten kaufen, denen wir vertrauen, und wir arbeiten mit diesen Lieferanten zusammen, um den Zugang zum Kauf von Gamma-Butyrolacton zum Verkauf in Gro\u00dfbritannien und Europa zu erm\u00f6glichen","og_url":"https:\/\/medicinasinc.com\/de\/product\/kaufen-gamma-butyrolacton\/","og_site_name":"Medicinas Inc","article_modified_time":"2022-03-18T00:08:26+00:00","og_image":[{"width":500,"height":500,"url":"https:\/\/medicinasinc.com\/de\/wp-content\/uploads\/sites\/6\/2022\/02\/Buy-Gamma-Butyrolactone.jpg","type":"image\/jpeg"}],"twitter_card":"summary_large_image","twitter_misc":{"Gesch\u00e4tzte Lesezeit":"2\u00a0Minuten"},"schema":{"@context":"https:\/\/schema.org","@graph":[{"@type":"WebPage","@id":"https:\/\/medicinasinc.com\/de\/product\/kaufen-gamma-butyrolacton\/","url":"https:\/\/medicinasinc.com\/de\/product\/kaufen-gamma-butyrolacton\/","name":"Kaufen Sie Gamma-Butyrolacton - Best Best Global Meds","isPartOf":{"@id":"https:\/\/medicinasinc.com\/de\/#website"},"primaryImageOfPage":{"@id":"https:\/\/medicinasinc.com\/de\/product\/kaufen-gamma-butyrolacton\/#primaryimage"},"image":{"@id":"https:\/\/medicinasinc.com\/de\/product\/kaufen-gamma-butyrolacton\/#primaryimage"},"thumbnailUrl":"https:\/\/medicinasinc.com\/de\/wp-content\/uploads\/sites\/6\/2022\/02\/Buy-Gamma-Butyrolactone.jpg","datePublished":"2022-02-22T07:46:55+00:00","dateModified":"2022-03-18T00:08:26+00:00","description":"Sie k\u00f6nnen Gamma-Butyrolacton von Lieferanten kaufen, denen wir vertrauen, und wir arbeiten mit diesen Lieferanten zusammen, um den Zugang zum Kauf von Gamma-Butyrolacton zum Verkauf in Gro\u00dfbritannien und Europa zu erm\u00f6glichen","breadcrumb":{"@id":"https:\/\/medicinasinc.com\/de\/product\/kaufen-gamma-butyrolacton\/#breadcrumb"},"inLanguage":"de","potentialAction":[{"@type":"ReadAction","target":["https:\/\/medicinasinc.com\/de\/product\/kaufen-gamma-butyrolacton\/"]}]},{"@type":"ImageObject","inLanguage":"de","@id":"https:\/\/medicinasinc.com\/de\/product\/kaufen-gamma-butyrolacton\/#primaryimage","url":"https:\/\/medicinasinc.com\/de\/wp-content\/uploads\/sites\/6\/2022\/02\/Buy-Gamma-Butyrolactone.jpg","contentUrl":"https:\/\/medicinasinc.com\/de\/wp-content\/uploads\/sites\/6\/2022\/02\/Buy-Gamma-Butyrolactone.jpg","width":500,"height":500},{"@type":"BreadcrumbList","@id":"https:\/\/medicinasinc.com\/de\/product\/kaufen-gamma-butyrolacton\/#breadcrumb","itemListElement":[{"@type":"ListItem","position":1,"name":"Einkaufen","item":"https:\/\/medicinasinc.com\/de\/einkaufen\/"},{"@type":"ListItem","position":2,"name":"Kaufen Sie Gamma-Butyrolacton"}]},{"@type":"WebSite","@id":"https:\/\/medicinasinc.com\/de\/#website","url":"https:\/\/medicinasinc.com\/de\/","name":"Medicinas Inc","description":"Health Medical Clinic","potentialAction":[{"@type":"SearchAction","target":{"@type":"EntryPoint","urlTemplate":"https:\/\/medicinasinc.com\/de\/?s={search_term_string}"},"query-input":{"@type":"PropertyValueSpecification","valueRequired":true,"valueName":"search_term_string"}}],"inLanguage":"de"}]}},"_links":{"self":[{"href":"https:\/\/medicinasinc.com\/de\/wp-json\/wp\/v2\/product\/5875","targetHints":{"allow":["GET"]}}],"collection":[{"href":"https:\/\/medicinasinc.com\/de\/wp-json\/wp\/v2\/product"}],"about":[{"href":"https:\/\/medicinasinc.com\/de\/wp-json\/wp\/v2\/types\/product"}],"replies":[{"embeddable":true,"href":"https:\/\/medicinasinc.com\/de\/wp-json\/wp\/v2\/comments?post=5875"}],"wp:featuredmedia":[{"embeddable":true,"href":"https:\/\/medicinasinc.com\/de\/wp-json\/wp\/v2\/media\/5885"}],"wp:attachment":[{"href":"https:\/\/medicinasinc.com\/de\/wp-json\/wp\/v2\/media?parent=5875"}],"wp:term":[{"taxonomy":"product_brand","embeddable":true,"href":"https:\/\/medicinasinc.com\/de\/wp-json\/wp\/v2\/product_brand?post=5875"},{"taxonomy":"product_cat","embeddable":true,"href":"https:\/\/medicinasinc.com\/de\/wp-json\/wp\/v2\/product_cat?post=5875"},{"taxonomy":"product_tag","embeddable":true,"href":"https:\/\/medicinasinc.com\/de\/wp-json\/wp\/v2\/product_tag?post=5875"}],"curies":[{"name":"wp","href":"https:\/\/api.w.org\/{rel}","templated":true}]}}