{"id":5870,"date":"2022-02-22T07:42:43","date_gmt":"2022-02-22T07:42:43","guid":{"rendered":"https:\/\/medicinasinc.com\/de\/?post_type=product&#038;p=5870"},"modified":"2022-08-09T02:15:50","modified_gmt":"2022-08-09T02:15:50","slug":"kaufen-3-cmc-kristall","status":"publish","type":"product","link":"https:\/\/medicinasinc.com\/de\/product\/kaufen-3-cmc-kristall\/","title":{"rendered":"Kaufen Sie 3-cmc-Kristalle"},"content":{"rendered":"<p>Kaufen Sie 3-CMC-KRISTALL, kaufen Sie 3 CMC-KRISTALL, kaufen Sie 3 CMC-KRISTALL, kaufen Sie 3-CMC-KRISTALL<\/p>\n<p>KRISTALL VON 3-CMC, Es sind jetzt so viele Cathinone verf\u00fcgbar, wie durch einen Thread belegt wird in der Benutzer ihre Erfahrungen mit allem, was sie versucht haben, \u00fcberpr\u00fcft haben. Ohne auf jeden von ihnen n\u00e4her einzugehen, hier ist mein Ranking:<br \/>\nbk-MDMA (Methylone) &gt; bk-MBDB (Butylon) &gt; 4-MEC &gt; MABP (Buphedron)<\/p>\n<p>Die einzigen, die ich jemals wieder besitzen w\u00fcrde, sind das ber\u00fcchtigte Mephedron und Methylon, die beide in den letzten Jahren mehr oder weniger weltweit verboten wurden.<\/p>\n<p>Ich habe es bekommen diese Einstufung von jemandem, der sich gut mit dieser Klasse von RCs auskennt, was ich faszinierend fand:<\/p>\n<p>KRISTALLFORM VON 3-CMC, 4-MMC &gt; bk-MDMA &gt; 4-CMC &gt; 3-CMC &gt; 3-MMC &gt; 5-Methylethylon &gt; Butylon &gt; Ethylone<br \/>\nDieses &#8222;Clephedrone&#8220; (4-CMC), das auf dem RC-Markt keinen gro\u00dfen Einfluss hatte, scheint ein nettes Zeug zu sein. Und, AFAIK, an den meisten Orten nicht speziell geplant. Das Sicherheitsprofil ist jedoch gr\u00f6\u00dftenteils unbekannt, und viele haben Angst, da das Amphetamin-Analogon 4-CA bekannterma\u00dfen extrem neurotoxisch ist.<\/p>\n<p>Die einzigen, die ich jemals wieder besitzen w\u00fcrde, sind die ber\u00fcchtigtes Mephedron und Methylon, die beide in den letzten Jahren weltweit mehr oder weniger verboten wurden.<br \/>\nIch habe dieses Ranking von jemandem erhalten, der sich mit dieser Klasse von RCs gut auskennt, was ich faszinierend fand:<\/p>\n<p>KRISTALLFORM VON 3-CMC, 4-MMC &gt; bk-MDMA &gt; 4-CMC &gt; 3-CMC &gt; 3-MMC &gt; 5-Methylethylon &gt; Butylon &gt; Ethylone<br \/>\nDieses &#8222;Clephedrone&#8220; (4-CMC), das auf dem RC-Markt keinen gro\u00dfen Einfluss hatte, scheint ein nettes Zeug zu sein. Und, AFAIK, an den meisten Orten nicht speziell geplant. Das Sicherheitsprofil ist jedoch gr\u00f6\u00dftenteils unbekannt, und viele haben Angst, da das Amphetamin-Analogon 4-CA bekannterma\u00dfen extrem neurotoxisch ist.<\/p>\n","protected":false},"excerpt":{"rendered":"<p>Kaufen Sie 3-CMC CRYSTAL-Pulver zum Verkauf in Gro\u00dfbritannien und Europa in unserem Online-Shop Medicinasinc.com mit schneller weltweiter Lieferung! Die besten 3-CMC CRYSTAL zum Bestellen finden Sie hier!<\/p>\n<p>bk-MDMA &gt; 4-CMC &gt; 3-CMC &gt; 3-MMC &gt; 5-Methylethylon &gt; Butylon &gt; Ethylone<br \/>\nBerichten zufolge soll dieses \u201cClephedone\u201d (4-CMC), das auf dem RC-Markt noch keine gro\u00dfe Pr\u00e4senz hat, ist eigentlich ziemlich gut. Und, AFAIK, an den meisten Orten nicht speziell geplant. Obwohl das Sicherheitsprofil gr\u00f6\u00dftenteils unbekannt ist,<\/p>\n","protected":false},"featured_media":5880,"comment_status":"open","ping_status":"closed","template":"","meta":[],"product_brand":[],"product_cat":[2014],"product_tag":[4027,4025,4024,4170,4028,4026,4172,4030],"class_list":{"0":"post-5870","1":"product","2":"type-product","3":"status-publish","4":"has-post-thumbnail","6":"product_cat-kaufen-forschungschemikalien","7":"product_tag-3-cmc-crystal-online-bestellen","8":"product_tag-3-cmc-crystal-online-kaufen","9":"product_tag-3-cmc-kristall-zu-verkaufen","10":"product_tag-der-beste-ort","11":"product_tag-kauf-3-cmc-crystal-online","12":"product_tag-how-to-buy-3-cmc-crystal-online","13":"product_tag-um-3-cmc-crystal-online-zu-kaufen","14":"product_tag-wo-kauft-3-cmc-kristall-online","16":"first","17":"instock","18":"featured","19":"shipping-taxable","20":"purchasable","21":"product-type-variable"},"yoast_head":"<!-- This site is optimized with the Yoast SEO plugin v27.3 - https:\/\/yoast.com\/product\/yoast-seo-wordpress\/ -->\n<title>Kaufen Sie 3-cmc-Kristalle - Beat Best Global Meds<\/title>\n<meta name=\"description\" content=\"Kaufen Sie 3-CMC CRYSTAL Powder zum Verkauf in Gro\u00dfbritannien, Europa in unserem Online-Shop Medicinasinc.com mit schneller weltweiter Lieferung! Die besten 3-CMC CRYSTAL zum Bestellen finden Sie hier!\" \/>\n<meta name=\"robots\" content=\"index, follow, max-snippet:-1, max-image-preview:large, max-video-preview:-1\" \/>\n<link rel=\"canonical\" href=\"https:\/\/medicinasinc.com\/de\/product\/kaufen-3-cmc-kristall\/\" \/>\n<meta property=\"og:locale\" content=\"de_DE\" \/>\n<meta property=\"og:type\" content=\"article\" \/>\n<meta property=\"og:title\" content=\"Kaufen Sie 3-cmc-Kristalle - Beat Best Global Meds\" \/>\n<meta property=\"og:description\" content=\"Kaufen Sie 3-CMC CRYSTAL Powder zum Verkauf in Gro\u00dfbritannien, Europa in unserem Online-Shop Medicinasinc.com mit schneller weltweiter Lieferung! Die besten 3-CMC CRYSTAL zum Bestellen finden Sie hier!\" \/>\n<meta property=\"og:url\" content=\"https:\/\/medicinasinc.com\/de\/product\/kaufen-3-cmc-kristall\/\" \/>\n<meta property=\"og:site_name\" content=\"Medicinas Inc\" \/>\n<meta property=\"article:modified_time\" content=\"2022-08-09T02:15:50+00:00\" \/>\n<meta property=\"og:image\" content=\"https:\/\/medicinasinc.com\/de\/wp-content\/uploads\/sites\/6\/2022\/02\/Buy-3-CMC-CRYSTAL.jpg\" \/>\n\t<meta property=\"og:image:width\" content=\"720\" \/>\n\t<meta property=\"og:image:height\" content=\"600\" \/>\n\t<meta property=\"og:image:type\" content=\"image\/jpeg\" \/>\n<meta name=\"twitter:card\" content=\"summary_large_image\" \/>\n<meta name=\"twitter:label1\" content=\"Gesch\u00e4tzte Lesezeit\" \/>\n\t<meta name=\"twitter:data1\" content=\"2\u00a0Minuten\" \/>\n<script type=\"application\/ld+json\" class=\"yoast-schema-graph\">{\"@context\":\"https:\\\/\\\/schema.org\",\"@graph\":[{\"@type\":\"WebPage\",\"@id\":\"https:\\\/\\\/medicinasinc.com\\\/de\\\/product\\\/kaufen-3-cmc-kristall\\\/\",\"url\":\"https:\\\/\\\/medicinasinc.com\\\/de\\\/product\\\/kaufen-3-cmc-kristall\\\/\",\"name\":\"Kaufen Sie 3-cmc-Kristalle - Beat Best Global Meds\",\"isPartOf\":{\"@id\":\"https:\\\/\\\/medicinasinc.com\\\/de\\\/#website\"},\"primaryImageOfPage\":{\"@id\":\"https:\\\/\\\/medicinasinc.com\\\/de\\\/product\\\/kaufen-3-cmc-kristall\\\/#primaryimage\"},\"image\":{\"@id\":\"https:\\\/\\\/medicinasinc.com\\\/de\\\/product\\\/kaufen-3-cmc-kristall\\\/#primaryimage\"},\"thumbnailUrl\":\"https:\\\/\\\/medicinasinc.com\\\/de\\\/wp-content\\\/uploads\\\/sites\\\/6\\\/2022\\\/02\\\/Buy-3-CMC-CRYSTAL.jpg\",\"datePublished\":\"2022-02-22T07:42:43+00:00\",\"dateModified\":\"2022-08-09T02:15:50+00:00\",\"description\":\"Kaufen Sie 3-CMC CRYSTAL Powder zum Verkauf in Gro\u00dfbritannien, Europa in unserem Online-Shop Medicinasinc.com mit schneller weltweiter Lieferung! Die besten 3-CMC CRYSTAL zum Bestellen finden Sie hier!\",\"breadcrumb\":{\"@id\":\"https:\\\/\\\/medicinasinc.com\\\/de\\\/product\\\/kaufen-3-cmc-kristall\\\/#breadcrumb\"},\"inLanguage\":\"de\",\"potentialAction\":[{\"@type\":\"ReadAction\",\"target\":[\"https:\\\/\\\/medicinasinc.com\\\/de\\\/product\\\/kaufen-3-cmc-kristall\\\/\"]}]},{\"@type\":\"ImageObject\",\"inLanguage\":\"de\",\"@id\":\"https:\\\/\\\/medicinasinc.com\\\/de\\\/product\\\/kaufen-3-cmc-kristall\\\/#primaryimage\",\"url\":\"https:\\\/\\\/medicinasinc.com\\\/de\\\/wp-content\\\/uploads\\\/sites\\\/6\\\/2022\\\/02\\\/Buy-3-CMC-CRYSTAL.jpg\",\"contentUrl\":\"https:\\\/\\\/medicinasinc.com\\\/de\\\/wp-content\\\/uploads\\\/sites\\\/6\\\/2022\\\/02\\\/Buy-3-CMC-CRYSTAL.jpg\",\"width\":720,\"height\":600},{\"@type\":\"BreadcrumbList\",\"@id\":\"https:\\\/\\\/medicinasinc.com\\\/de\\\/product\\\/kaufen-3-cmc-kristall\\\/#breadcrumb\",\"itemListElement\":[{\"@type\":\"ListItem\",\"position\":1,\"name\":\"Einkaufen\",\"item\":\"https:\\\/\\\/medicinasinc.com\\\/de\\\/einkaufen\\\/\"},{\"@type\":\"ListItem\",\"position\":2,\"name\":\"Kaufen Sie 3-cmc-Kristalle\"}]},{\"@type\":\"WebSite\",\"@id\":\"https:\\\/\\\/medicinasinc.com\\\/de\\\/#website\",\"url\":\"https:\\\/\\\/medicinasinc.com\\\/de\\\/\",\"name\":\"Medicinas Inc\",\"description\":\"Health Medical Clinic\",\"potentialAction\":[{\"@type\":\"SearchAction\",\"target\":{\"@type\":\"EntryPoint\",\"urlTemplate\":\"https:\\\/\\\/medicinasinc.com\\\/de\\\/?s={search_term_string}\"},\"query-input\":{\"@type\":\"PropertyValueSpecification\",\"valueRequired\":true,\"valueName\":\"search_term_string\"}}],\"inLanguage\":\"de\"}]}<\/script>\n<!-- \/ Yoast SEO plugin. -->","yoast_head_json":{"title":"Kaufen Sie 3-cmc-Kristalle - Beat Best Global Meds","description":"Kaufen Sie 3-CMC CRYSTAL Powder zum Verkauf in Gro\u00dfbritannien, Europa in unserem Online-Shop Medicinasinc.com mit schneller weltweiter Lieferung! Die besten 3-CMC CRYSTAL zum Bestellen finden Sie hier!","robots":{"index":"index","follow":"follow","max-snippet":"max-snippet:-1","max-image-preview":"max-image-preview:large","max-video-preview":"max-video-preview:-1"},"canonical":"https:\/\/medicinasinc.com\/de\/product\/kaufen-3-cmc-kristall\/","og_locale":"de_DE","og_type":"article","og_title":"Kaufen Sie 3-cmc-Kristalle - Beat Best Global Meds","og_description":"Kaufen Sie 3-CMC CRYSTAL Powder zum Verkauf in Gro\u00dfbritannien, Europa in unserem Online-Shop Medicinasinc.com mit schneller weltweiter Lieferung! Die besten 3-CMC CRYSTAL zum Bestellen finden Sie hier!","og_url":"https:\/\/medicinasinc.com\/de\/product\/kaufen-3-cmc-kristall\/","og_site_name":"Medicinas Inc","article_modified_time":"2022-08-09T02:15:50+00:00","og_image":[{"width":720,"height":600,"url":"https:\/\/medicinasinc.com\/de\/wp-content\/uploads\/sites\/6\/2022\/02\/Buy-3-CMC-CRYSTAL.jpg","type":"image\/jpeg"}],"twitter_card":"summary_large_image","twitter_misc":{"Gesch\u00e4tzte Lesezeit":"2\u00a0Minuten"},"schema":{"@context":"https:\/\/schema.org","@graph":[{"@type":"WebPage","@id":"https:\/\/medicinasinc.com\/de\/product\/kaufen-3-cmc-kristall\/","url":"https:\/\/medicinasinc.com\/de\/product\/kaufen-3-cmc-kristall\/","name":"Kaufen Sie 3-cmc-Kristalle - Beat Best Global Meds","isPartOf":{"@id":"https:\/\/medicinasinc.com\/de\/#website"},"primaryImageOfPage":{"@id":"https:\/\/medicinasinc.com\/de\/product\/kaufen-3-cmc-kristall\/#primaryimage"},"image":{"@id":"https:\/\/medicinasinc.com\/de\/product\/kaufen-3-cmc-kristall\/#primaryimage"},"thumbnailUrl":"https:\/\/medicinasinc.com\/de\/wp-content\/uploads\/sites\/6\/2022\/02\/Buy-3-CMC-CRYSTAL.jpg","datePublished":"2022-02-22T07:42:43+00:00","dateModified":"2022-08-09T02:15:50+00:00","description":"Kaufen Sie 3-CMC CRYSTAL Powder zum Verkauf in Gro\u00dfbritannien, Europa in unserem Online-Shop Medicinasinc.com mit schneller weltweiter Lieferung! Die besten 3-CMC CRYSTAL zum Bestellen finden Sie hier!","breadcrumb":{"@id":"https:\/\/medicinasinc.com\/de\/product\/kaufen-3-cmc-kristall\/#breadcrumb"},"inLanguage":"de","potentialAction":[{"@type":"ReadAction","target":["https:\/\/medicinasinc.com\/de\/product\/kaufen-3-cmc-kristall\/"]}]},{"@type":"ImageObject","inLanguage":"de","@id":"https:\/\/medicinasinc.com\/de\/product\/kaufen-3-cmc-kristall\/#primaryimage","url":"https:\/\/medicinasinc.com\/de\/wp-content\/uploads\/sites\/6\/2022\/02\/Buy-3-CMC-CRYSTAL.jpg","contentUrl":"https:\/\/medicinasinc.com\/de\/wp-content\/uploads\/sites\/6\/2022\/02\/Buy-3-CMC-CRYSTAL.jpg","width":720,"height":600},{"@type":"BreadcrumbList","@id":"https:\/\/medicinasinc.com\/de\/product\/kaufen-3-cmc-kristall\/#breadcrumb","itemListElement":[{"@type":"ListItem","position":1,"name":"Einkaufen","item":"https:\/\/medicinasinc.com\/de\/einkaufen\/"},{"@type":"ListItem","position":2,"name":"Kaufen Sie 3-cmc-Kristalle"}]},{"@type":"WebSite","@id":"https:\/\/medicinasinc.com\/de\/#website","url":"https:\/\/medicinasinc.com\/de\/","name":"Medicinas Inc","description":"Health Medical Clinic","potentialAction":[{"@type":"SearchAction","target":{"@type":"EntryPoint","urlTemplate":"https:\/\/medicinasinc.com\/de\/?s={search_term_string}"},"query-input":{"@type":"PropertyValueSpecification","valueRequired":true,"valueName":"search_term_string"}}],"inLanguage":"de"}]}},"_links":{"self":[{"href":"https:\/\/medicinasinc.com\/de\/wp-json\/wp\/v2\/product\/5870","targetHints":{"allow":["GET"]}}],"collection":[{"href":"https:\/\/medicinasinc.com\/de\/wp-json\/wp\/v2\/product"}],"about":[{"href":"https:\/\/medicinasinc.com\/de\/wp-json\/wp\/v2\/types\/product"}],"replies":[{"embeddable":true,"href":"https:\/\/medicinasinc.com\/de\/wp-json\/wp\/v2\/comments?post=5870"}],"wp:featuredmedia":[{"embeddable":true,"href":"https:\/\/medicinasinc.com\/de\/wp-json\/wp\/v2\/media\/5880"}],"wp:attachment":[{"href":"https:\/\/medicinasinc.com\/de\/wp-json\/wp\/v2\/media?parent=5870"}],"wp:term":[{"taxonomy":"product_brand","embeddable":true,"href":"https:\/\/medicinasinc.com\/de\/wp-json\/wp\/v2\/product_brand?post=5870"},{"taxonomy":"product_cat","embeddable":true,"href":"https:\/\/medicinasinc.com\/de\/wp-json\/wp\/v2\/product_cat?post=5870"},{"taxonomy":"product_tag","embeddable":true,"href":"https:\/\/medicinasinc.com\/de\/wp-json\/wp\/v2\/product_tag?post=5870"}],"curies":[{"name":"wp","href":"https:\/\/api.w.org\/{rel}","templated":true}]}}