{"id":5863,"date":"2022-02-22T07:36:01","date_gmt":"2022-02-22T07:36:01","guid":{"rendered":"https:\/\/medicinasinc.com\/de\/?post_type=product&#038;p=5863"},"modified":"2022-08-08T22:28:05","modified_gmt":"2022-08-08T22:28:05","slug":"kaufen-gamma-hydroxybutyrat-ghb-pulver","status":"publish","type":"product","link":"https:\/\/medicinasinc.com\/de\/product\/kaufen-gamma-hydroxybutyrat-ghb-pulver\/","title":{"rendered":"Kaufen Sie Gamma-Hydroxybutyrat (GHB) Pulver"},"content":{"rendered":"<p>Online-Kauf von GHB-Pulver<\/p>\n<p>Kaufen Sie GHB-Pulver online. GHB ist ein synthetisches An\u00e4sthetikum. Es ist als transparente Fl\u00fcssigkeit oder Pulver erh\u00e4ltlich und hat einen leicht salzigen Geschmack. Da die Potenz variiert, gibt es keine \u201esichere Dosis\u201c. GBL (Gamma-Butyrolacton) und 1,4-Butandiol sind im Handel als GHB-Alternativen erh\u00e4ltlich. Diese sind legal als Reinigungsl\u00f6sungsmittel erh\u00e4ltlich, und wenn sie geschluckt werden, wandeln sie sich auf nat\u00fcrliche Weise in GHB um.<\/p>\n<p>Gamma-Butyrolacton wird verwendet, um die sportliche Leistungsf\u00e4higkeit, die Schlafqualit\u00e4t sowie die sexuelle Leistungsf\u00e4higkeit und den sexuellen Genuss zu verbessern. Dar\u00fcber hinaus verwenden sie es, um Depressionen und Stress zu behandeln, das Leben zu verl\u00e4ngern, klares Denken zu f\u00f6rdern, Entspannung zu induzieren und Wachstumshormone freizusetzen. Dar\u00fcber hinaus wird GBL zur Reduzierung von K\u00f6rperfett und als Body- oder Muscle-Builder verwendet. Bestimmte Personen verwenden es in der Freizeit.<\/p>\n<p>GHB oder GBL Chemicals for Research<\/p>\n<p>(alternative Namen: Gammahydroxybutyrat, Liquid Ecstasy, Liquid X, Gammahydroxybutyrate)<\/p>\n<p>Typischerweise GHB wird in kleinen Fl\u00e4schchen als klare Fl\u00fcssigkeit mit einer etwas dickeren Konsistenz als Wasser angeboten.<br \/> Dosen werden in kleinen Mengen verabreicht, die als &#8222;Kapseln&#8220; oder &#8222;Caps of G&#8220; bezeichnet werden.<br \/> Obwohl es konsumiert werden kann ganz wird es typischerweise in Wasser oder Saft verd\u00fcnnt und getrunken.<br \/> GHB hat keinen Geruch und keinen erkennbaren Geschmack.<br \/> GBL hat einen milden, salzigen, chemischen Geschmack und Geruch, der beim Mischen mit anderen Fl\u00fcssigkeiten leicht \u00fcberdeckt werden kann . GBL ist eine potentere Version des Medikaments.<br \/> Beschr\u00e4nken Sie sich auf extrem niedrige Dosen von GHB. Es ist ziemlich potent und die Potenz kann von Charge zu Charge erheblich variieren, selbst bei erfahrenen Anwendern. Es wird empfohlen, zwischen den Dosen zu warten. Bestimmte Quellen empfehlen, zwischen den Dosierungen bis zu zwei Stunden zu warten, um Ging Out zu vermeiden.<\/p>\n<p>Die Wirkung von GHB<\/p>\n<p>Die Wirkung beginnt etwa zwanzig Minuten nach der Einnahme und kann bis zu vier Stunden anhalten.<br \/> Kleinere, mildere Mengen f\u00fchren zu Entspannung und Ruhe.<br \/> Wenn Sie h\u00f6here Mengen einnehmen, k\u00f6nnen Schl\u00e4frigkeit, Schwindel und Verwirrtheit auftreten. Au\u00dferdem k\u00f6nnen \u00dcbelkeit, Erbrechen und Muskelkr\u00e4mpfe auftreten.<br \/> Kann zu Kr\u00e4mpfen, Bewusstlosigkeit, Koma und Atembeschwerden f\u00fchren.<br \/> M\u00f6glichkeit zur Steigerung des Muskelwachstums bei Bodybuildern<\/p>\n<p>Sex mit GHB<\/p>\n<p>\u00c4hnlich wie Alkohol reduziert es Hemmungen und erh\u00f6ht gleichzeitig das Selbstvertrauen und die Geselligkeit.<br \/> Erh\u00f6hte taktile Empfindlichkeit und Empfindlichkeit gegen\u00fcber Reizen<br \/> Bestimmte M\u00e4nner haben st\u00e4rkere Erektionen.<br \/> Orgasmen, das sind ziemlich intensiv, obwohl dies dosisabh\u00e4ngig ist<br \/> GHB im \u00dcberma\u00df kann M\u00fcdigkeit und Ohnmacht beim Sex verursachen.<br \/> GHB wird als &#8222;Date-Rape&#8220;-Medikament bezeichnet, weil es Ihre Bereitschaft zum Sex erh\u00f6ht Aktivit\u00e4ten und beeintr\u00e4chtigt Ihre F\u00e4higkeit, sexuelle Grenzen zu etablieren und zu behaupten. Es ist besonders wichtig, die Zustimmung mit Partnern zu best\u00e4tigen, die auf G sind. Halten Sie den Kontakt w\u00e4hrend einer sexuellen Sitzung aufrecht. Sexueller Kontakt mit einer bewusstlosen Person kann als sexueller \u00dcbergriff ausgelegt werden.<\/p>\n","protected":false},"excerpt":{"rendered":"<p>Kaufen Sie Gamma-Hydroxybutters\u00e4ure-GHB-Pulver zum Verkauf in Gro\u00dfbritannien, Europa, Japan, den Vereinigten Arabischen Emiraten, China und Asien vom besten GHB-Gro\u00dfh\u00e4ndler. Wir garantieren diskrete Lieferung weltweit<\/p>\n","protected":false},"featured_media":5873,"comment_status":"open","ping_status":"closed","template":"","meta":[],"product_brand":[],"product_cat":[2014],"product_tag":[4017,4014,4020,4021,4018,4019,4022,4015,4016,4023],"class_list":{"0":"post-5863","1":"product","2":"type-product","3":"status-publish","4":"has-post-thumbnail","6":"product_cat-kaufen-forschungschemikalien","7":"product_tag-arzneimittel","8":"product_tag-buy-gamma-hydroxybutyrate-online","9":"product_tag-gamma-hydroxybuttersure-bodybuilding","10":"product_tag-gamma-hydroxybuttersure-preis","11":"product_tag-gamma-hydroxybuttersure-und-wachstumshormon","12":"product_tag-gamma-hydroxybuttersure-antidepressivum","13":"product_tag-ghb-zu-verkaufen","14":"product_tag-kaufen-ghb","15":"product_tag-ghb-online-kaufen","16":"product_tag-kaufen-ghb-pulver","18":"first","19":"instock","20":"shipping-taxable","21":"purchasable","22":"product-type-variable"},"yoast_head":"<!-- This site is optimized with the Yoast SEO plugin v27.3 - https:\/\/yoast.com\/product\/yoast-seo-wordpress\/ -->\n<title>Kaufen Sie Gamma-Hydroxybutyrat (GHB) -Pulver - Best Best Global Meds<\/title>\n<meta name=\"description\" content=\"Kaufen Sie Gamma-Hydroxybutters\u00e4ure-GHB-Pulver zum Verkauf in Gro\u00dfbritannien, Europa, Japan, den Vereinigten Arabischen Emiraten, China und Asien vom besten GHB-Gro\u00dfh\u00e4ndler. Wir garantieren eine diskrete Lieferung weltweit\" \/>\n<meta name=\"robots\" content=\"index, follow, max-snippet:-1, max-image-preview:large, max-video-preview:-1\" \/>\n<link rel=\"canonical\" href=\"https:\/\/medicinasinc.com\/de\/product\/kaufen-gamma-hydroxybutyrat-ghb-pulver\/\" \/>\n<meta property=\"og:locale\" content=\"de_DE\" \/>\n<meta property=\"og:type\" content=\"article\" \/>\n<meta property=\"og:title\" content=\"Kaufen Sie Gamma-Hydroxybutyrat (GHB) -Pulver - Best Best Global Meds\" \/>\n<meta property=\"og:description\" content=\"Kaufen Sie Gamma-Hydroxybutters\u00e4ure-GHB-Pulver zum Verkauf in Gro\u00dfbritannien, Europa, Japan, den Vereinigten Arabischen Emiraten, China und Asien vom besten GHB-Gro\u00dfh\u00e4ndler. Wir garantieren eine diskrete Lieferung weltweit\" \/>\n<meta property=\"og:url\" content=\"https:\/\/medicinasinc.com\/de\/product\/kaufen-gamma-hydroxybutyrat-ghb-pulver\/\" \/>\n<meta property=\"og:site_name\" content=\"Medicinas Inc\" \/>\n<meta property=\"article:modified_time\" content=\"2022-08-08T22:28:05+00:00\" \/>\n<meta property=\"og:image\" content=\"https:\/\/medicinasinc.com\/de\/wp-content\/uploads\/sites\/6\/2022\/02\/buy-GHB-powder-1.jpg\" \/>\n\t<meta property=\"og:image:width\" content=\"612\" \/>\n\t<meta property=\"og:image:height\" content=\"408\" \/>\n\t<meta property=\"og:image:type\" content=\"image\/jpeg\" \/>\n<meta name=\"twitter:card\" content=\"summary_large_image\" \/>\n<meta name=\"twitter:label1\" content=\"Gesch\u00e4tzte Lesezeit\" \/>\n\t<meta name=\"twitter:data1\" content=\"2\u00a0Minuten\" \/>\n<script type=\"application\/ld+json\" class=\"yoast-schema-graph\">{\"@context\":\"https:\\\/\\\/schema.org\",\"@graph\":[{\"@type\":\"WebPage\",\"@id\":\"https:\\\/\\\/medicinasinc.com\\\/de\\\/product\\\/kaufen-gamma-hydroxybutyrat-ghb-pulver\\\/\",\"url\":\"https:\\\/\\\/medicinasinc.com\\\/de\\\/product\\\/kaufen-gamma-hydroxybutyrat-ghb-pulver\\\/\",\"name\":\"Kaufen Sie Gamma-Hydroxybutyrat (GHB) -Pulver - Best Best Global Meds\",\"isPartOf\":{\"@id\":\"https:\\\/\\\/medicinasinc.com\\\/de\\\/#website\"},\"primaryImageOfPage\":{\"@id\":\"https:\\\/\\\/medicinasinc.com\\\/de\\\/product\\\/kaufen-gamma-hydroxybutyrat-ghb-pulver\\\/#primaryimage\"},\"image\":{\"@id\":\"https:\\\/\\\/medicinasinc.com\\\/de\\\/product\\\/kaufen-gamma-hydroxybutyrat-ghb-pulver\\\/#primaryimage\"},\"thumbnailUrl\":\"https:\\\/\\\/medicinasinc.com\\\/de\\\/wp-content\\\/uploads\\\/sites\\\/6\\\/2022\\\/02\\\/buy-GHB-powder-1.jpg\",\"datePublished\":\"2022-02-22T07:36:01+00:00\",\"dateModified\":\"2022-08-08T22:28:05+00:00\",\"description\":\"Kaufen Sie Gamma-Hydroxybutters\u00e4ure-GHB-Pulver zum Verkauf in Gro\u00dfbritannien, Europa, Japan, den Vereinigten Arabischen Emiraten, China und Asien vom besten GHB-Gro\u00dfh\u00e4ndler. Wir garantieren eine diskrete Lieferung weltweit\",\"breadcrumb\":{\"@id\":\"https:\\\/\\\/medicinasinc.com\\\/de\\\/product\\\/kaufen-gamma-hydroxybutyrat-ghb-pulver\\\/#breadcrumb\"},\"inLanguage\":\"de\",\"potentialAction\":[{\"@type\":\"ReadAction\",\"target\":[\"https:\\\/\\\/medicinasinc.com\\\/de\\\/product\\\/kaufen-gamma-hydroxybutyrat-ghb-pulver\\\/\"]}]},{\"@type\":\"ImageObject\",\"inLanguage\":\"de\",\"@id\":\"https:\\\/\\\/medicinasinc.com\\\/de\\\/product\\\/kaufen-gamma-hydroxybutyrat-ghb-pulver\\\/#primaryimage\",\"url\":\"https:\\\/\\\/medicinasinc.com\\\/de\\\/wp-content\\\/uploads\\\/sites\\\/6\\\/2022\\\/02\\\/buy-GHB-powder-1.jpg\",\"contentUrl\":\"https:\\\/\\\/medicinasinc.com\\\/de\\\/wp-content\\\/uploads\\\/sites\\\/6\\\/2022\\\/02\\\/buy-GHB-powder-1.jpg\",\"width\":612,\"height\":408},{\"@type\":\"BreadcrumbList\",\"@id\":\"https:\\\/\\\/medicinasinc.com\\\/de\\\/product\\\/kaufen-gamma-hydroxybutyrat-ghb-pulver\\\/#breadcrumb\",\"itemListElement\":[{\"@type\":\"ListItem\",\"position\":1,\"name\":\"Einkaufen\",\"item\":\"https:\\\/\\\/medicinasinc.com\\\/de\\\/einkaufen\\\/\"},{\"@type\":\"ListItem\",\"position\":2,\"name\":\"Kaufen Sie Gamma-Hydroxybutyrat (GHB) Pulver\"}]},{\"@type\":\"WebSite\",\"@id\":\"https:\\\/\\\/medicinasinc.com\\\/de\\\/#website\",\"url\":\"https:\\\/\\\/medicinasinc.com\\\/de\\\/\",\"name\":\"Medicinas Inc\",\"description\":\"Health Medical Clinic\",\"potentialAction\":[{\"@type\":\"SearchAction\",\"target\":{\"@type\":\"EntryPoint\",\"urlTemplate\":\"https:\\\/\\\/medicinasinc.com\\\/de\\\/?s={search_term_string}\"},\"query-input\":{\"@type\":\"PropertyValueSpecification\",\"valueRequired\":true,\"valueName\":\"search_term_string\"}}],\"inLanguage\":\"de\"}]}<\/script>\n<!-- \/ Yoast SEO plugin. -->","yoast_head_json":{"title":"Kaufen Sie Gamma-Hydroxybutyrat (GHB) -Pulver - Best Best Global Meds","description":"Kaufen Sie Gamma-Hydroxybutters\u00e4ure-GHB-Pulver zum Verkauf in Gro\u00dfbritannien, Europa, Japan, den Vereinigten Arabischen Emiraten, China und Asien vom besten GHB-Gro\u00dfh\u00e4ndler. Wir garantieren eine diskrete Lieferung weltweit","robots":{"index":"index","follow":"follow","max-snippet":"max-snippet:-1","max-image-preview":"max-image-preview:large","max-video-preview":"max-video-preview:-1"},"canonical":"https:\/\/medicinasinc.com\/de\/product\/kaufen-gamma-hydroxybutyrat-ghb-pulver\/","og_locale":"de_DE","og_type":"article","og_title":"Kaufen Sie Gamma-Hydroxybutyrat (GHB) -Pulver - Best Best Global Meds","og_description":"Kaufen Sie Gamma-Hydroxybutters\u00e4ure-GHB-Pulver zum Verkauf in Gro\u00dfbritannien, Europa, Japan, den Vereinigten Arabischen Emiraten, China und Asien vom besten GHB-Gro\u00dfh\u00e4ndler. Wir garantieren eine diskrete Lieferung weltweit","og_url":"https:\/\/medicinasinc.com\/de\/product\/kaufen-gamma-hydroxybutyrat-ghb-pulver\/","og_site_name":"Medicinas Inc","article_modified_time":"2022-08-08T22:28:05+00:00","og_image":[{"width":612,"height":408,"url":"https:\/\/medicinasinc.com\/de\/wp-content\/uploads\/sites\/6\/2022\/02\/buy-GHB-powder-1.jpg","type":"image\/jpeg"}],"twitter_card":"summary_large_image","twitter_misc":{"Gesch\u00e4tzte Lesezeit":"2\u00a0Minuten"},"schema":{"@context":"https:\/\/schema.org","@graph":[{"@type":"WebPage","@id":"https:\/\/medicinasinc.com\/de\/product\/kaufen-gamma-hydroxybutyrat-ghb-pulver\/","url":"https:\/\/medicinasinc.com\/de\/product\/kaufen-gamma-hydroxybutyrat-ghb-pulver\/","name":"Kaufen Sie Gamma-Hydroxybutyrat (GHB) -Pulver - Best Best Global Meds","isPartOf":{"@id":"https:\/\/medicinasinc.com\/de\/#website"},"primaryImageOfPage":{"@id":"https:\/\/medicinasinc.com\/de\/product\/kaufen-gamma-hydroxybutyrat-ghb-pulver\/#primaryimage"},"image":{"@id":"https:\/\/medicinasinc.com\/de\/product\/kaufen-gamma-hydroxybutyrat-ghb-pulver\/#primaryimage"},"thumbnailUrl":"https:\/\/medicinasinc.com\/de\/wp-content\/uploads\/sites\/6\/2022\/02\/buy-GHB-powder-1.jpg","datePublished":"2022-02-22T07:36:01+00:00","dateModified":"2022-08-08T22:28:05+00:00","description":"Kaufen Sie Gamma-Hydroxybutters\u00e4ure-GHB-Pulver zum Verkauf in Gro\u00dfbritannien, Europa, Japan, den Vereinigten Arabischen Emiraten, China und Asien vom besten GHB-Gro\u00dfh\u00e4ndler. Wir garantieren eine diskrete Lieferung weltweit","breadcrumb":{"@id":"https:\/\/medicinasinc.com\/de\/product\/kaufen-gamma-hydroxybutyrat-ghb-pulver\/#breadcrumb"},"inLanguage":"de","potentialAction":[{"@type":"ReadAction","target":["https:\/\/medicinasinc.com\/de\/product\/kaufen-gamma-hydroxybutyrat-ghb-pulver\/"]}]},{"@type":"ImageObject","inLanguage":"de","@id":"https:\/\/medicinasinc.com\/de\/product\/kaufen-gamma-hydroxybutyrat-ghb-pulver\/#primaryimage","url":"https:\/\/medicinasinc.com\/de\/wp-content\/uploads\/sites\/6\/2022\/02\/buy-GHB-powder-1.jpg","contentUrl":"https:\/\/medicinasinc.com\/de\/wp-content\/uploads\/sites\/6\/2022\/02\/buy-GHB-powder-1.jpg","width":612,"height":408},{"@type":"BreadcrumbList","@id":"https:\/\/medicinasinc.com\/de\/product\/kaufen-gamma-hydroxybutyrat-ghb-pulver\/#breadcrumb","itemListElement":[{"@type":"ListItem","position":1,"name":"Einkaufen","item":"https:\/\/medicinasinc.com\/de\/einkaufen\/"},{"@type":"ListItem","position":2,"name":"Kaufen Sie Gamma-Hydroxybutyrat (GHB) Pulver"}]},{"@type":"WebSite","@id":"https:\/\/medicinasinc.com\/de\/#website","url":"https:\/\/medicinasinc.com\/de\/","name":"Medicinas Inc","description":"Health Medical Clinic","potentialAction":[{"@type":"SearchAction","target":{"@type":"EntryPoint","urlTemplate":"https:\/\/medicinasinc.com\/de\/?s={search_term_string}"},"query-input":{"@type":"PropertyValueSpecification","valueRequired":true,"valueName":"search_term_string"}}],"inLanguage":"de"}]}},"_links":{"self":[{"href":"https:\/\/medicinasinc.com\/de\/wp-json\/wp\/v2\/product\/5863","targetHints":{"allow":["GET"]}}],"collection":[{"href":"https:\/\/medicinasinc.com\/de\/wp-json\/wp\/v2\/product"}],"about":[{"href":"https:\/\/medicinasinc.com\/de\/wp-json\/wp\/v2\/types\/product"}],"replies":[{"embeddable":true,"href":"https:\/\/medicinasinc.com\/de\/wp-json\/wp\/v2\/comments?post=5863"}],"wp:featuredmedia":[{"embeddable":true,"href":"https:\/\/medicinasinc.com\/de\/wp-json\/wp\/v2\/media\/5873"}],"wp:attachment":[{"href":"https:\/\/medicinasinc.com\/de\/wp-json\/wp\/v2\/media?parent=5863"}],"wp:term":[{"taxonomy":"product_brand","embeddable":true,"href":"https:\/\/medicinasinc.com\/de\/wp-json\/wp\/v2\/product_brand?post=5863"},{"taxonomy":"product_cat","embeddable":true,"href":"https:\/\/medicinasinc.com\/de\/wp-json\/wp\/v2\/product_cat?post=5863"},{"taxonomy":"product_tag","embeddable":true,"href":"https:\/\/medicinasinc.com\/de\/wp-json\/wp\/v2\/product_tag?post=5863"}],"curies":[{"name":"wp","href":"https:\/\/api.w.org\/{rel}","templated":true}]}}