{"id":5858,"date":"2022-02-22T07:31:17","date_gmt":"2022-02-22T07:31:17","guid":{"rendered":"https:\/\/medicinasinc.com\/de\/?post_type=product&#038;p=5858"},"modified":"2022-08-03T09:21:56","modified_gmt":"2022-08-03T09:21:56","slug":"kaufen-gamma-hydroxybutyrat-ghb-liquid","status":"publish","type":"product","link":"https:\/\/medicinasinc.com\/de\/product\/kaufen-gamma-hydroxybutyrat-ghb-liquid\/","title":{"rendered":"Kaufen Sie Gamma-Hydroxybutyrat (GHB) Liquid"},"content":{"rendered":"<p>Gamma-Hydroxybutyric GHB zum Verkauf in Gro\u00dfbritannien, Europa, Japan, den Vereinigten Arabischen Emiraten, China und Asien von der besten GHB-Gro\u00dfhandelsquelle. Wir versprechen diskreten internationalen Versand.<\/p>\n<p>-Hydroxybutters\u00e4ure (GHB), auch bekannt als 4-Hydroxybutans\u00e4ure, ist ein nat\u00fcrlich vorkommender Neurotransmitter und eine halluzinogene Substanz. An bestimmten Stellen im Gehirn wirkt es als Vorl\u00e4ufer von GABA, Glutamat und Glycin. Es ist ein bescheidener Agonist am GABAB-Rezeptor und wirkt auf den GHB-Rezeptor. GHB wurde als allgemeines An\u00e4sthetikum und zur Behandlung von Kataplexie, Narkolepsie und Alkoholismus im medizinischen Bereich verwendet. Dar\u00fcber hinaus wird es illegal als Rauschmittel, Leistungssteigerer, Vergewaltigungsdroge und Freizeitmittel verwendet.<\/p>\n<p>Es wird h\u00e4ufig als Salz in Form von Natriumhydroxybutyrat (NaGHB, Natrium Oxybat oder Xyrem) oder Kaliumhydroxybutyrat (KGHB, Kaliumoxybat). GHB entsteht auch w\u00e4hrend der Fermentation und ist in Spuren in einer Vielzahl von Bieren und Weinen sowie in Rindfleisch und kleinen Zitrusfr\u00fcchten enthalten.<\/p>\n<p>GHB wird medizinisch zur Behandlung von Narkolepsie und seltener Alkoholismus eingesetzt. obwohl seine Wirksamkeit im Vergleich zu anderen Pharmakotherapien f\u00fcr Alkoholismus unbekannt bleibt.<\/p>\n<p>Es wird gelegentlich off-label zur Behandlung von Fibromyalgie verwendet.<\/p>\n<p>Natriumoxybat ist ein verschreibungspflichtiges Medikament, das den Wirkstoff GHB enth\u00e4lt (Xyrem). Die US Food and Drug Administration hat Natriumoxybat f\u00fcr die Behandlung von Kataplexie im Zusammenhang mit Narkolepsie und exzessiver Tagesschl\u00e4frigkeit (EDS) im Zusammenhang mit Narkolepsie zugelassen.<\/p>\n<p>In modifizierten multiplen Schlaflatenztests wurde festgestellt, dass GHB zuverl\u00e4ssig verst\u00e4rkt langsamen Schlaf und verringert die Neigung zum REM-Schlaf.<\/p>\n<p>Die von der FDA genehmigte Kennzeichnung f\u00fcr Natriumoxybat weist darauf hin, dass es keinen Beweis daf\u00fcr gibt, dass GHB krebserregend, teratogen oder hepatotoxisch ist. Sein \u00fcberlegenes Sicherheitsprofil gegen\u00fcber Ethanol k\u00f6nnte erkl\u00e4ren, warum GHB immer noch als m\u00f6glicher Alkoholersatz untersucht wird.<\/p>\n","protected":false},"excerpt":{"rendered":"<p>Kaufen Sie Gamma-Hydroxybutyric GHB Liquid zum Verkauf in Gro\u00dfbritannien, Europa, Japan, den Vereinigten Arabischen Emiraten, China und Asien vom besten GHB-Gro\u00dfh\u00e4ndler. Wir garantieren diskrete Lieferung weltweit<\/p>\n<p>Mindestmenge\u00a0200 ml<\/p>\n","protected":false},"featured_media":5868,"comment_status":"open","ping_status":"closed","template":"","meta":[],"product_brand":[],"product_cat":[2014],"product_tag":[4017,4014,4020,4021,4018,4019,4022,4015,4016],"class_list":{"0":"post-5858","1":"product","2":"type-product","3":"status-publish","4":"has-post-thumbnail","6":"product_cat-kaufen-forschungschemikalien","7":"product_tag-arzneimittel","8":"product_tag-buy-gamma-hydroxybutyrate-online","9":"product_tag-gamma-hydroxybuttersure-bodybuilding","10":"product_tag-gamma-hydroxybuttersure-preis","11":"product_tag-gamma-hydroxybuttersure-und-wachstumshormon","12":"product_tag-gamma-hydroxybuttersure-antidepressivum","13":"product_tag-ghb-zu-verkaufen","14":"product_tag-kaufen-ghb","15":"product_tag-ghb-online-kaufen","17":"first","18":"instock","19":"shipping-taxable","20":"purchasable","21":"product-type-variable"},"yoast_head":"<!-- This site is optimized with the Yoast SEO plugin v27.3 - https:\/\/yoast.com\/product\/yoast-seo-wordpress\/ -->\n<title>Kaufen Sie Gamma-Hydroxybutyrat (GHB) - Best Best Global Meds<\/title>\n<meta name=\"description\" content=\"Kaufen Sie Gamma-Hydroxybutyric GHB Liquid zum Verkauf in Gro\u00dfbritannien, Europa, Japan, den Vereinigten Arabischen Emiraten, China und Asien vom besten GHB-Gro\u00dfh\u00e4ndler. Wir garantieren eine diskrete Lieferung weltweit\" \/>\n<meta name=\"robots\" content=\"index, follow, max-snippet:-1, max-image-preview:large, max-video-preview:-1\" \/>\n<link rel=\"canonical\" href=\"https:\/\/medicinasinc.com\/de\/product\/kaufen-gamma-hydroxybutyrat-ghb-liquid\/\" \/>\n<meta property=\"og:locale\" content=\"de_DE\" \/>\n<meta property=\"og:type\" content=\"article\" \/>\n<meta property=\"og:title\" content=\"Kaufen Sie Gamma-Hydroxybutyrat (GHB) - Best Best Global Meds\" \/>\n<meta property=\"og:description\" content=\"Kaufen Sie Gamma-Hydroxybutyric GHB Liquid zum Verkauf in Gro\u00dfbritannien, Europa, Japan, den Vereinigten Arabischen Emiraten, China und Asien vom besten GHB-Gro\u00dfh\u00e4ndler. Wir garantieren eine diskrete Lieferung weltweit\" \/>\n<meta property=\"og:url\" content=\"https:\/\/medicinasinc.com\/de\/product\/kaufen-gamma-hydroxybutyrat-ghb-liquid\/\" \/>\n<meta property=\"og:site_name\" content=\"Medicinas Inc\" \/>\n<meta property=\"article:modified_time\" content=\"2022-08-03T09:21:56+00:00\" \/>\n<meta property=\"og:image\" content=\"https:\/\/medicinasinc.com\/de\/wp-content\/uploads\/sites\/6\/2022\/02\/Buy-gamma-hydroxybutyrate.jpg\" \/>\n\t<meta property=\"og:image:width\" content=\"600\" \/>\n\t<meta property=\"og:image:height\" content=\"450\" \/>\n\t<meta property=\"og:image:type\" content=\"image\/jpeg\" \/>\n<meta name=\"twitter:card\" content=\"summary_large_image\" \/>\n<meta name=\"twitter:label1\" content=\"Gesch\u00e4tzte Lesezeit\" \/>\n\t<meta name=\"twitter:data1\" content=\"2\u00a0Minuten\" \/>\n<script type=\"application\/ld+json\" class=\"yoast-schema-graph\">{\"@context\":\"https:\\\/\\\/schema.org\",\"@graph\":[{\"@type\":\"WebPage\",\"@id\":\"https:\\\/\\\/medicinasinc.com\\\/de\\\/product\\\/kaufen-gamma-hydroxybutyrat-ghb-liquid\\\/\",\"url\":\"https:\\\/\\\/medicinasinc.com\\\/de\\\/product\\\/kaufen-gamma-hydroxybutyrat-ghb-liquid\\\/\",\"name\":\"Kaufen Sie Gamma-Hydroxybutyrat (GHB) - Best Best Global Meds\",\"isPartOf\":{\"@id\":\"https:\\\/\\\/medicinasinc.com\\\/de\\\/#website\"},\"primaryImageOfPage\":{\"@id\":\"https:\\\/\\\/medicinasinc.com\\\/de\\\/product\\\/kaufen-gamma-hydroxybutyrat-ghb-liquid\\\/#primaryimage\"},\"image\":{\"@id\":\"https:\\\/\\\/medicinasinc.com\\\/de\\\/product\\\/kaufen-gamma-hydroxybutyrat-ghb-liquid\\\/#primaryimage\"},\"thumbnailUrl\":\"https:\\\/\\\/medicinasinc.com\\\/de\\\/wp-content\\\/uploads\\\/sites\\\/6\\\/2022\\\/02\\\/Buy-gamma-hydroxybutyrate.jpg\",\"datePublished\":\"2022-02-22T07:31:17+00:00\",\"dateModified\":\"2022-08-03T09:21:56+00:00\",\"description\":\"Kaufen Sie Gamma-Hydroxybutyric GHB Liquid zum Verkauf in Gro\u00dfbritannien, Europa, Japan, den Vereinigten Arabischen Emiraten, China und Asien vom besten GHB-Gro\u00dfh\u00e4ndler. Wir garantieren eine diskrete Lieferung weltweit\",\"breadcrumb\":{\"@id\":\"https:\\\/\\\/medicinasinc.com\\\/de\\\/product\\\/kaufen-gamma-hydroxybutyrat-ghb-liquid\\\/#breadcrumb\"},\"inLanguage\":\"de\",\"potentialAction\":[{\"@type\":\"ReadAction\",\"target\":[\"https:\\\/\\\/medicinasinc.com\\\/de\\\/product\\\/kaufen-gamma-hydroxybutyrat-ghb-liquid\\\/\"]}]},{\"@type\":\"ImageObject\",\"inLanguage\":\"de\",\"@id\":\"https:\\\/\\\/medicinasinc.com\\\/de\\\/product\\\/kaufen-gamma-hydroxybutyrat-ghb-liquid\\\/#primaryimage\",\"url\":\"https:\\\/\\\/medicinasinc.com\\\/de\\\/wp-content\\\/uploads\\\/sites\\\/6\\\/2022\\\/02\\\/Buy-gamma-hydroxybutyrate.jpg\",\"contentUrl\":\"https:\\\/\\\/medicinasinc.com\\\/de\\\/wp-content\\\/uploads\\\/sites\\\/6\\\/2022\\\/02\\\/Buy-gamma-hydroxybutyrate.jpg\",\"width\":600,\"height\":450},{\"@type\":\"BreadcrumbList\",\"@id\":\"https:\\\/\\\/medicinasinc.com\\\/de\\\/product\\\/kaufen-gamma-hydroxybutyrat-ghb-liquid\\\/#breadcrumb\",\"itemListElement\":[{\"@type\":\"ListItem\",\"position\":1,\"name\":\"Einkaufen\",\"item\":\"https:\\\/\\\/medicinasinc.com\\\/de\\\/einkaufen\\\/\"},{\"@type\":\"ListItem\",\"position\":2,\"name\":\"Kaufen Sie Gamma-Hydroxybutyrat (GHB) Liquid\"}]},{\"@type\":\"WebSite\",\"@id\":\"https:\\\/\\\/medicinasinc.com\\\/de\\\/#website\",\"url\":\"https:\\\/\\\/medicinasinc.com\\\/de\\\/\",\"name\":\"Medicinas Inc\",\"description\":\"Health Medical Clinic\",\"potentialAction\":[{\"@type\":\"SearchAction\",\"target\":{\"@type\":\"EntryPoint\",\"urlTemplate\":\"https:\\\/\\\/medicinasinc.com\\\/de\\\/?s={search_term_string}\"},\"query-input\":{\"@type\":\"PropertyValueSpecification\",\"valueRequired\":true,\"valueName\":\"search_term_string\"}}],\"inLanguage\":\"de\"}]}<\/script>\n<!-- \/ Yoast SEO plugin. -->","yoast_head_json":{"title":"Kaufen Sie Gamma-Hydroxybutyrat (GHB) - Best Best Global Meds","description":"Kaufen Sie Gamma-Hydroxybutyric GHB Liquid zum Verkauf in Gro\u00dfbritannien, Europa, Japan, den Vereinigten Arabischen Emiraten, China und Asien vom besten GHB-Gro\u00dfh\u00e4ndler. Wir garantieren eine diskrete Lieferung weltweit","robots":{"index":"index","follow":"follow","max-snippet":"max-snippet:-1","max-image-preview":"max-image-preview:large","max-video-preview":"max-video-preview:-1"},"canonical":"https:\/\/medicinasinc.com\/de\/product\/kaufen-gamma-hydroxybutyrat-ghb-liquid\/","og_locale":"de_DE","og_type":"article","og_title":"Kaufen Sie Gamma-Hydroxybutyrat (GHB) - Best Best Global Meds","og_description":"Kaufen Sie Gamma-Hydroxybutyric GHB Liquid zum Verkauf in Gro\u00dfbritannien, Europa, Japan, den Vereinigten Arabischen Emiraten, China und Asien vom besten GHB-Gro\u00dfh\u00e4ndler. Wir garantieren eine diskrete Lieferung weltweit","og_url":"https:\/\/medicinasinc.com\/de\/product\/kaufen-gamma-hydroxybutyrat-ghb-liquid\/","og_site_name":"Medicinas Inc","article_modified_time":"2022-08-03T09:21:56+00:00","og_image":[{"width":600,"height":450,"url":"https:\/\/medicinasinc.com\/de\/wp-content\/uploads\/sites\/6\/2022\/02\/Buy-gamma-hydroxybutyrate.jpg","type":"image\/jpeg"}],"twitter_card":"summary_large_image","twitter_misc":{"Gesch\u00e4tzte Lesezeit":"2\u00a0Minuten"},"schema":{"@context":"https:\/\/schema.org","@graph":[{"@type":"WebPage","@id":"https:\/\/medicinasinc.com\/de\/product\/kaufen-gamma-hydroxybutyrat-ghb-liquid\/","url":"https:\/\/medicinasinc.com\/de\/product\/kaufen-gamma-hydroxybutyrat-ghb-liquid\/","name":"Kaufen Sie Gamma-Hydroxybutyrat (GHB) - Best Best Global Meds","isPartOf":{"@id":"https:\/\/medicinasinc.com\/de\/#website"},"primaryImageOfPage":{"@id":"https:\/\/medicinasinc.com\/de\/product\/kaufen-gamma-hydroxybutyrat-ghb-liquid\/#primaryimage"},"image":{"@id":"https:\/\/medicinasinc.com\/de\/product\/kaufen-gamma-hydroxybutyrat-ghb-liquid\/#primaryimage"},"thumbnailUrl":"https:\/\/medicinasinc.com\/de\/wp-content\/uploads\/sites\/6\/2022\/02\/Buy-gamma-hydroxybutyrate.jpg","datePublished":"2022-02-22T07:31:17+00:00","dateModified":"2022-08-03T09:21:56+00:00","description":"Kaufen Sie Gamma-Hydroxybutyric GHB Liquid zum Verkauf in Gro\u00dfbritannien, Europa, Japan, den Vereinigten Arabischen Emiraten, China und Asien vom besten GHB-Gro\u00dfh\u00e4ndler. Wir garantieren eine diskrete Lieferung weltweit","breadcrumb":{"@id":"https:\/\/medicinasinc.com\/de\/product\/kaufen-gamma-hydroxybutyrat-ghb-liquid\/#breadcrumb"},"inLanguage":"de","potentialAction":[{"@type":"ReadAction","target":["https:\/\/medicinasinc.com\/de\/product\/kaufen-gamma-hydroxybutyrat-ghb-liquid\/"]}]},{"@type":"ImageObject","inLanguage":"de","@id":"https:\/\/medicinasinc.com\/de\/product\/kaufen-gamma-hydroxybutyrat-ghb-liquid\/#primaryimage","url":"https:\/\/medicinasinc.com\/de\/wp-content\/uploads\/sites\/6\/2022\/02\/Buy-gamma-hydroxybutyrate.jpg","contentUrl":"https:\/\/medicinasinc.com\/de\/wp-content\/uploads\/sites\/6\/2022\/02\/Buy-gamma-hydroxybutyrate.jpg","width":600,"height":450},{"@type":"BreadcrumbList","@id":"https:\/\/medicinasinc.com\/de\/product\/kaufen-gamma-hydroxybutyrat-ghb-liquid\/#breadcrumb","itemListElement":[{"@type":"ListItem","position":1,"name":"Einkaufen","item":"https:\/\/medicinasinc.com\/de\/einkaufen\/"},{"@type":"ListItem","position":2,"name":"Kaufen Sie Gamma-Hydroxybutyrat (GHB) Liquid"}]},{"@type":"WebSite","@id":"https:\/\/medicinasinc.com\/de\/#website","url":"https:\/\/medicinasinc.com\/de\/","name":"Medicinas Inc","description":"Health Medical Clinic","potentialAction":[{"@type":"SearchAction","target":{"@type":"EntryPoint","urlTemplate":"https:\/\/medicinasinc.com\/de\/?s={search_term_string}"},"query-input":{"@type":"PropertyValueSpecification","valueRequired":true,"valueName":"search_term_string"}}],"inLanguage":"de"}]}},"_links":{"self":[{"href":"https:\/\/medicinasinc.com\/de\/wp-json\/wp\/v2\/product\/5858","targetHints":{"allow":["GET"]}}],"collection":[{"href":"https:\/\/medicinasinc.com\/de\/wp-json\/wp\/v2\/product"}],"about":[{"href":"https:\/\/medicinasinc.com\/de\/wp-json\/wp\/v2\/types\/product"}],"replies":[{"embeddable":true,"href":"https:\/\/medicinasinc.com\/de\/wp-json\/wp\/v2\/comments?post=5858"}],"wp:featuredmedia":[{"embeddable":true,"href":"https:\/\/medicinasinc.com\/de\/wp-json\/wp\/v2\/media\/5868"}],"wp:attachment":[{"href":"https:\/\/medicinasinc.com\/de\/wp-json\/wp\/v2\/media?parent=5858"}],"wp:term":[{"taxonomy":"product_brand","embeddable":true,"href":"https:\/\/medicinasinc.com\/de\/wp-json\/wp\/v2\/product_brand?post=5858"},{"taxonomy":"product_cat","embeddable":true,"href":"https:\/\/medicinasinc.com\/de\/wp-json\/wp\/v2\/product_cat?post=5858"},{"taxonomy":"product_tag","embeddable":true,"href":"https:\/\/medicinasinc.com\/de\/wp-json\/wp\/v2\/product_tag?post=5858"}],"curies":[{"name":"wp","href":"https:\/\/api.w.org\/{rel}","templated":true}]}}