{"id":5852,"date":"2022-02-22T07:25:44","date_gmt":"2022-02-22T07:25:44","guid":{"rendered":"https:\/\/medicinasinc.com\/de\/?post_type=product&#038;p=5852"},"modified":"2022-03-18T00:09:16","modified_gmt":"2022-03-18T00:09:16","slug":"amphetamin-pulver-kaufen","status":"publish","type":"product","link":"https:\/\/medicinasinc.com\/de\/product\/amphetamin-pulver-kaufen\/","title":{"rendered":"Kaufen Sie Amphetaminpulver"},"content":{"rendered":"<p>Amphetaminpulver kann online gekauft werden.<\/p>\n<p>Amphetaminpulver online in Gro\u00dfbritannien, Europa und der Europ\u00e4ischen Union, Versandhandel f\u00fcr Amphetaminpulver, Amphetamine sind stimulierende Medikamente, was bedeutet, dass sie die \u00dcbertragung von Nachrichten beschleunigen zwischen Gehirn und K\u00f6rper.<\/p>\n<p>Amphetamine sind Stimulanzien, die die Informations\u00fcbertragung zwischen Gehirn und K\u00f6rper beschleunigen.<\/p>\n<p>Sie k\u00f6nnten auch daran interessiert sein, mehr \u00fcber die Wirkungen zu erfahren und Gesundheitsrisiken im Zusammenhang mit Amphetaminpulver. Es kann sich auf die gleiche Weise manifestieren wie zahlreiche andere Medikamente.<\/p>\n<p>Bestimmte Klassen von Amphetaminen werden von \u00c4rzten zu Recht zur Behandlung von Krankheiten wie Aufmerksamkeitsdefizit-Hyperaktivit\u00e4tsst\u00f6rung (ADHS) und Narkolepsie (bei denen eine Person hat einen unkontrollierbaren Schlafdrang). Andere Arten von Amphetaminen wie Speed \u200b\u200bwerden illegal hergestellt und verkauft. Der st\u00e4rkeren Form von Methamphetamin, kristallinem Methamphetamin (Eis), ist ein separates Informationsblatt gewidmet.<\/p>\n<p>Amphetamine existieren in einer Vielzahl von Formen. Diese Medikamente sind in Pulver-, Tabletten-, Kristall- und Kapselform erh\u00e4ltlich. Wenn sie illegal verkauft werden, k\u00f6nnen sie in \u201eFolien\u201c (Aluminiumfolie), Plastikt\u00fcten oder Miniaturballons verpackt sein.<\/p>\n<p>Amphetaminpulver hat eine Farbpalette von wei\u00df bis braun und enth\u00e4lt gelegentlich Spuren von grau oder rosa. Es hat ein scharfes Aroma und einen bitteren Geschmack. Kapseln und Tabletten, die Amphetamine enthalten, variieren erheblich in Gr\u00f6\u00dfe und Farbe.<\/p>\n<p>Amphetamin \u2013 Illegal hergestellte Amphetamine k\u00f6nnen eine Kombination aus Drogen, Bindemitteln, Koffein und Zucker enthalten. Au\u00dferdem k\u00f6nnen neue psychoaktive Drogen hinzugef\u00fcgt werden.<\/p>\n<p>Umgangssprachliche Begriffe<\/p>\n<p>Geschwindigkeit, schnell, aufsteigend, Uppers, Louee, goey und whiz.<\/p>\n<p>Was f\u00fcr einen Zweck dienen sie?<\/p>\n<p>Im Allgemeinen werden Amphetamine eingenommen, injiziert oder geraucht. Au\u00dferdem werden sie geschnupft.<\/p>\n<p>Wirkung von Amphetaminen<\/p>\n<p>Amphetamine haben eine unterschiedliche Wirkung auf jeden Einzelnen, abh\u00e4ngig von:<\/p>\n<p>Body-Mass-Index, Gewicht und Gesundheit <br \/> Ob die Person an die Einnahme gew\u00f6hnt ist<br \/> Ob andere Medikamente gleichzeitig eingenommen werden<br \/> Die entnommene Summe<br \/> Die Potenz des Medikaments (variiert von Charge zu Charge bei illegal hergestellten Medikamenten)<\/p>\n<p>Amphetamine entfalten ihre Wirkung sofort (ob injiziert oder geraucht) oder innerhalb von 30 Minuten (wenn sie geschnupft oder geschluckt werden).<\/p>\n<p>Die folgenden Auswirkungen k\u00f6nnen auftreten:<\/p>\n<p>Gl\u00fcck und Selbstwert &#8211; Sicherheit<br \/> Mehr sprechen und sich energiegeladener f\u00fchlen<br \/> Wiederholung einfacher Handlungen wie Juckreiz und Kratzen<br \/> Pupillen gro\u00df und Mundtrockenheit<br \/> Schneller Herzschlag und schnelle Atmung<br \/> Z\u00e4hneknirschen <br \/> Unterdr\u00fcckung des Appetits<br \/> \u00dcberm\u00e4\u00dfiges Schwitzen<br \/> Erh\u00f6hte sexuelle Erregung<br \/> \u00dcberdosierung<\/p>\n<p>Wenn eine erhebliche Menge oder eine besonders starke Charge konsumiert wird, kann dies der Fall sein auch zu einer \u00dcberdosierung f\u00fchren. Wenn eines der folgenden Symptome auftritt, sollte sofort ein Krankenwagen gerufen werden, indem Sie die dreifache Null (000) w\u00e4hlen. Rettungskr\u00e4fte sind nicht verpflichtet, sich mit der Polizei zu beraten.<\/p>\n<p>Passt zu einem rasenden Herzschlag<br \/> Schlaganfall, Herzinfarkt und Tod<\/p>\n<p>Schnupfen von Amphetaminen kann die Nasenwege reizen und zu Nasenbluten.<\/p>\n<p>Das Injizieren von Amphetaminen und das Teilen von Nadeln kann Ihr Risiko erh\u00f6hen, an Folgendem zu erkranken:<\/p>\n<p>Virus Hepatitis B<br \/> HIV\/AIDS Hepatitis C<br \/> Tetanus<br \/> Absteigend<\/p>\n<p>Nach Amphetaminkonsum k\u00f6nnen folgende Wirkungen auftreten:<\/p>\n<p>Schlaflosigkeit und Ersch\u00f6pfung<br \/> Kopfschmerzen<br \/> Orientierungslosigkeit und Sehst\u00f6rungen<br \/> Verwirrtheit, Paranoia, und Halluzinationen<br \/> Reizbarkeit, Stimmungsschwankungen und Depressionen sind allesamt Symptome einer Depression.<\/p>\n<p>Die Verwendung eines Beruhigungsmittels wie Alkohol, Benzodiazepine oder Cannabis zur Unterst\u00fctzung des &#8222;Runterkommens&#8220;-Prozesses kann zu einem H\u00f6hepunkt f\u00fchren Zyklus der Abh\u00e4ngigkeit von beiden Arten von Substanzen.<\/p>\n<p>Langzeitfolgen<\/p>\n<p>Der regelm\u00e4\u00dfige Konsum von Amphetaminen kann schlie\u00dflich zu Folgendem f\u00fchren:<\/p>\n<p>Appetitunterdr\u00fcckung und schneller Gewichtsverlust<br \/> Insomnia-Schlaf<br \/> Zahnprobleme und Mundtrockenheit<br \/> Erk\u00e4ltungen und Grippe sind weit verbreitet.<br \/> Konzentrationsschwierigkeiten<br \/> Atembeschwerden<br \/> Muskelstarre<br \/> Panikattacken und Paranoia<br \/> Depression<br \/> Depression<br \/> \/&gt; Herz-Kreislauf- und Nierenprobleme<br \/> Schlaganfallrisiko ist erh\u00f6ht<br \/> Mehr konsumieren m\u00fcssen, um die gew\u00fcnschte Wirkung zu erzielen<br \/> Sucht nach Amphetaminen<br \/> Finanzielle, berufliche und soziale Schwierigkeiten<br \/> Psychose verursacht durch Amphetamine<\/p>\n<p>Au\u00dferdem k\u00f6nnen hohe Dosen und wiederholter starker Konsum zu einer \u201eAmphetaminpsychose\u201c f\u00fchren, die durch paranoide Wahnvorstellungen, Halluzinationen und untypisches aggressives oder gewaltt\u00e4tiges Verhalten gekennzeichnet ist. Diese Symptome klingen oft innerhalb weniger Tage ab, nachdem die Person aufgeh\u00f6rt hat, Amphetamine zu konsumieren.<\/p>\n<p>Amphetamine in Kombination mit anderen Arzneimitteln<\/p>\n<p>Die Wechselwirkungen zwischen Amphetaminen und anderen Substanzen, wie z. rezeptfreie oder verschreibungspflichtige Arzneimittel, k\u00f6nnen unvorhersehbar und t\u00f6dlich sein und zu Folgendem f\u00fchren:<\/p>\n<p>Amphetamine und bestimmte Antidepressiva verursachen Bluthochdruck, der zu unregelm\u00e4\u00dfigem Puls, Herzversagen und Schlaganfall f\u00fchren kann.<\/p>\n<p>4<\/p>\n<p>Amphetamine, die zusammen mit Alkohol, Cannabis oder Benzodiazepinen verwendet werden, setzen den K\u00f6rper unter extremen Stress, da er versucht, mit den widerspr\u00fcchlichen Wirkungen der beiden Drogen fertig zu werden, was zu einer \u00dcberdosierung f\u00fchren kann.<\/p>\n<p>Entzug<\/p>\n<p>Das Aufgeben von Amphetaminen nach l\u00e4ngerem Gebrauch ist schwierig, da sich der K\u00f6rper daran gew\u00f6hnen muss, ohne sie zu funktionieren. Die Entzugserscheinungen sollten innerhalb einer Woche abklingen und nach einem Monat vollst\u00e4ndig verschwunden sein. Zu den Symptomen geh\u00f6ren:<\/p>\n<p>Amphetamin-Verlangen<br \/> Appetitanregung<br \/> Ratlosigkeit und Reizung<br \/> Bluterg\u00fcsse und Schmerzen<br \/> Ersch\u00f6pfung<br \/> Schlaflosigkeit und Alptr\u00e4ume<br \/> Affektive St\u00f6rungen wie Angst, Depression und Paranoia<\/p>\n","protected":false},"excerpt":{"rendered":"<p>Kaufen Sie Amphetaminpulver zum Verkauf in Gro\u00dfbritannien, Europa billige generische und Markenpillen in Sapporo. Sie k\u00f6nnen Amphetaminpulver zum Verkauf online kaufen, indem Sie Bitcoin (BTC) verwenden.<\/p>\n<p>Amphetaminpulver ist ein starkes Stimulans f\u00fcr das zentrale Nervensystem (Neuronen des Gehirns und des R\u00fcckenmarks) und wurde medizinisch zur Behandlung einer Vielzahl von Erkrankungen eingesetzt. Dar\u00fcber hinaus macht es extrem s\u00fcchtig und wurde in der Vergangenheit missbraucht.<\/p>\n<p>Amphetaminpulver ist ein verschreibungspflichtiges Medikament, das zur Behandlung der Aufmerksamkeitsdefizit-Hyperaktivit\u00e4tsst\u00f6rung (ADHS) verwendet wird.<\/p>\n","protected":false},"featured_media":5862,"comment_status":"open","ping_status":"closed","template":"","meta":[],"product_brand":[],"product_cat":[2014,703],"product_tag":[4007,4010,4008,4009,4012,4011,4013],"class_list":{"0":"post-5852","1":"product","2":"type-product","3":"status-publish","4":"has-post-thumbnail","6":"product_cat-kaufen-forschungschemikalien","7":"product_cat-kaufen-psychedelische-drogen","8":"product_tag-amphetamin-pulver","9":"product_tag-amphetamin-pulver-online-bestellen","10":"product_tag-amphetamin-pulver-zum-verkauf","11":"product_tag-buy-amphetamine-powder-online","12":"product_tag-der-beste-ort-um-amphetamin-pulver-online-zu-kaufen","13":"product_tag-kauf-amphetamin-pulver-online","14":"product_tag-where-to-buy-amphetamine-powder-online","16":"first","17":"instock","18":"shipping-taxable","19":"purchasable","20":"product-type-variable"},"yoast_head":"<!-- This site is optimized with the Yoast SEO plugin v27.3 - https:\/\/yoast.com\/product\/yoast-seo-wordpress\/ -->\n<title>Kaufen Sie Amphetaminpulver - Best Best Global Meds<\/title>\n<meta name=\"description\" content=\"Kaufen Sie Amphetaminpulver zum Verkauf in Gro\u00dfbritannien, Europa billige Generika- und Markenpillen in Sapporo. Sie k\u00f6nnen Amphetaminpulver zum Verkauf online bestellen, indem Sie Bitcoin (BTC) verwenden.\" \/>\n<meta name=\"robots\" content=\"index, follow, max-snippet:-1, max-image-preview:large, max-video-preview:-1\" \/>\n<link rel=\"canonical\" href=\"https:\/\/medicinasinc.com\/de\/product\/amphetamin-pulver-kaufen\/\" \/>\n<meta property=\"og:locale\" content=\"de_DE\" \/>\n<meta property=\"og:type\" content=\"article\" \/>\n<meta property=\"og:title\" content=\"Kaufen Sie Amphetaminpulver - Best Best Global Meds\" \/>\n<meta property=\"og:description\" content=\"Kaufen Sie Amphetaminpulver zum Verkauf in Gro\u00dfbritannien, Europa billige Generika- und Markenpillen in Sapporo. Sie k\u00f6nnen Amphetaminpulver zum Verkauf online bestellen, indem Sie Bitcoin (BTC) verwenden.\" \/>\n<meta property=\"og:url\" content=\"https:\/\/medicinasinc.com\/de\/product\/amphetamin-pulver-kaufen\/\" \/>\n<meta property=\"og:site_name\" content=\"Medicinas Inc\" \/>\n<meta property=\"article:modified_time\" content=\"2022-03-18T00:09:16+00:00\" \/>\n<meta property=\"og:image\" content=\"https:\/\/medicinasinc.com\/de\/wp-content\/uploads\/sites\/6\/2022\/02\/Buy-Amphetamine-Powder.png\" \/>\n\t<meta property=\"og:image:width\" content=\"412\" \/>\n\t<meta property=\"og:image:height\" content=\"550\" \/>\n\t<meta property=\"og:image:type\" content=\"image\/png\" \/>\n<meta name=\"twitter:card\" content=\"summary_large_image\" \/>\n<meta name=\"twitter:label1\" content=\"Gesch\u00e4tzte Lesezeit\" \/>\n\t<meta name=\"twitter:data1\" content=\"4\u00a0Minuten\" \/>\n<script type=\"application\/ld+json\" class=\"yoast-schema-graph\">{\"@context\":\"https:\\\/\\\/schema.org\",\"@graph\":[{\"@type\":\"WebPage\",\"@id\":\"https:\\\/\\\/medicinasinc.com\\\/de\\\/product\\\/amphetamin-pulver-kaufen\\\/\",\"url\":\"https:\\\/\\\/medicinasinc.com\\\/de\\\/product\\\/amphetamin-pulver-kaufen\\\/\",\"name\":\"Kaufen Sie Amphetaminpulver - Best Best Global Meds\",\"isPartOf\":{\"@id\":\"https:\\\/\\\/medicinasinc.com\\\/de\\\/#website\"},\"primaryImageOfPage\":{\"@id\":\"https:\\\/\\\/medicinasinc.com\\\/de\\\/product\\\/amphetamin-pulver-kaufen\\\/#primaryimage\"},\"image\":{\"@id\":\"https:\\\/\\\/medicinasinc.com\\\/de\\\/product\\\/amphetamin-pulver-kaufen\\\/#primaryimage\"},\"thumbnailUrl\":\"https:\\\/\\\/medicinasinc.com\\\/de\\\/wp-content\\\/uploads\\\/sites\\\/6\\\/2022\\\/02\\\/Buy-Amphetamine-Powder.png\",\"datePublished\":\"2022-02-22T07:25:44+00:00\",\"dateModified\":\"2022-03-18T00:09:16+00:00\",\"description\":\"Kaufen Sie Amphetaminpulver zum Verkauf in Gro\u00dfbritannien, Europa billige Generika- und Markenpillen in Sapporo. Sie k\u00f6nnen Amphetaminpulver zum Verkauf online bestellen, indem Sie Bitcoin (BTC) verwenden.\",\"breadcrumb\":{\"@id\":\"https:\\\/\\\/medicinasinc.com\\\/de\\\/product\\\/amphetamin-pulver-kaufen\\\/#breadcrumb\"},\"inLanguage\":\"de\",\"potentialAction\":[{\"@type\":\"ReadAction\",\"target\":[\"https:\\\/\\\/medicinasinc.com\\\/de\\\/product\\\/amphetamin-pulver-kaufen\\\/\"]}]},{\"@type\":\"ImageObject\",\"inLanguage\":\"de\",\"@id\":\"https:\\\/\\\/medicinasinc.com\\\/de\\\/product\\\/amphetamin-pulver-kaufen\\\/#primaryimage\",\"url\":\"https:\\\/\\\/medicinasinc.com\\\/de\\\/wp-content\\\/uploads\\\/sites\\\/6\\\/2022\\\/02\\\/Buy-Amphetamine-Powder.png\",\"contentUrl\":\"https:\\\/\\\/medicinasinc.com\\\/de\\\/wp-content\\\/uploads\\\/sites\\\/6\\\/2022\\\/02\\\/Buy-Amphetamine-Powder.png\",\"width\":412,\"height\":550},{\"@type\":\"BreadcrumbList\",\"@id\":\"https:\\\/\\\/medicinasinc.com\\\/de\\\/product\\\/amphetamin-pulver-kaufen\\\/#breadcrumb\",\"itemListElement\":[{\"@type\":\"ListItem\",\"position\":1,\"name\":\"Einkaufen\",\"item\":\"https:\\\/\\\/medicinasinc.com\\\/de\\\/einkaufen\\\/\"},{\"@type\":\"ListItem\",\"position\":2,\"name\":\"Kaufen Sie Amphetaminpulver\"}]},{\"@type\":\"WebSite\",\"@id\":\"https:\\\/\\\/medicinasinc.com\\\/de\\\/#website\",\"url\":\"https:\\\/\\\/medicinasinc.com\\\/de\\\/\",\"name\":\"Medicinas Inc\",\"description\":\"Health Medical Clinic\",\"potentialAction\":[{\"@type\":\"SearchAction\",\"target\":{\"@type\":\"EntryPoint\",\"urlTemplate\":\"https:\\\/\\\/medicinasinc.com\\\/de\\\/?s={search_term_string}\"},\"query-input\":{\"@type\":\"PropertyValueSpecification\",\"valueRequired\":true,\"valueName\":\"search_term_string\"}}],\"inLanguage\":\"de\"}]}<\/script>\n<!-- \/ Yoast SEO plugin. -->","yoast_head_json":{"title":"Kaufen Sie Amphetaminpulver - Best Best Global Meds","description":"Kaufen Sie Amphetaminpulver zum Verkauf in Gro\u00dfbritannien, Europa billige Generika- und Markenpillen in Sapporo. Sie k\u00f6nnen Amphetaminpulver zum Verkauf online bestellen, indem Sie Bitcoin (BTC) verwenden.","robots":{"index":"index","follow":"follow","max-snippet":"max-snippet:-1","max-image-preview":"max-image-preview:large","max-video-preview":"max-video-preview:-1"},"canonical":"https:\/\/medicinasinc.com\/de\/product\/amphetamin-pulver-kaufen\/","og_locale":"de_DE","og_type":"article","og_title":"Kaufen Sie Amphetaminpulver - Best Best Global Meds","og_description":"Kaufen Sie Amphetaminpulver zum Verkauf in Gro\u00dfbritannien, Europa billige Generika- und Markenpillen in Sapporo. Sie k\u00f6nnen Amphetaminpulver zum Verkauf online bestellen, indem Sie Bitcoin (BTC) verwenden.","og_url":"https:\/\/medicinasinc.com\/de\/product\/amphetamin-pulver-kaufen\/","og_site_name":"Medicinas Inc","article_modified_time":"2022-03-18T00:09:16+00:00","og_image":[{"width":412,"height":550,"url":"https:\/\/medicinasinc.com\/de\/wp-content\/uploads\/sites\/6\/2022\/02\/Buy-Amphetamine-Powder.png","type":"image\/png"}],"twitter_card":"summary_large_image","twitter_misc":{"Gesch\u00e4tzte Lesezeit":"4\u00a0Minuten"},"schema":{"@context":"https:\/\/schema.org","@graph":[{"@type":"WebPage","@id":"https:\/\/medicinasinc.com\/de\/product\/amphetamin-pulver-kaufen\/","url":"https:\/\/medicinasinc.com\/de\/product\/amphetamin-pulver-kaufen\/","name":"Kaufen Sie Amphetaminpulver - Best Best Global Meds","isPartOf":{"@id":"https:\/\/medicinasinc.com\/de\/#website"},"primaryImageOfPage":{"@id":"https:\/\/medicinasinc.com\/de\/product\/amphetamin-pulver-kaufen\/#primaryimage"},"image":{"@id":"https:\/\/medicinasinc.com\/de\/product\/amphetamin-pulver-kaufen\/#primaryimage"},"thumbnailUrl":"https:\/\/medicinasinc.com\/de\/wp-content\/uploads\/sites\/6\/2022\/02\/Buy-Amphetamine-Powder.png","datePublished":"2022-02-22T07:25:44+00:00","dateModified":"2022-03-18T00:09:16+00:00","description":"Kaufen Sie Amphetaminpulver zum Verkauf in Gro\u00dfbritannien, Europa billige Generika- und Markenpillen in Sapporo. Sie k\u00f6nnen Amphetaminpulver zum Verkauf online bestellen, indem Sie Bitcoin (BTC) verwenden.","breadcrumb":{"@id":"https:\/\/medicinasinc.com\/de\/product\/amphetamin-pulver-kaufen\/#breadcrumb"},"inLanguage":"de","potentialAction":[{"@type":"ReadAction","target":["https:\/\/medicinasinc.com\/de\/product\/amphetamin-pulver-kaufen\/"]}]},{"@type":"ImageObject","inLanguage":"de","@id":"https:\/\/medicinasinc.com\/de\/product\/amphetamin-pulver-kaufen\/#primaryimage","url":"https:\/\/medicinasinc.com\/de\/wp-content\/uploads\/sites\/6\/2022\/02\/Buy-Amphetamine-Powder.png","contentUrl":"https:\/\/medicinasinc.com\/de\/wp-content\/uploads\/sites\/6\/2022\/02\/Buy-Amphetamine-Powder.png","width":412,"height":550},{"@type":"BreadcrumbList","@id":"https:\/\/medicinasinc.com\/de\/product\/amphetamin-pulver-kaufen\/#breadcrumb","itemListElement":[{"@type":"ListItem","position":1,"name":"Einkaufen","item":"https:\/\/medicinasinc.com\/de\/einkaufen\/"},{"@type":"ListItem","position":2,"name":"Kaufen Sie Amphetaminpulver"}]},{"@type":"WebSite","@id":"https:\/\/medicinasinc.com\/de\/#website","url":"https:\/\/medicinasinc.com\/de\/","name":"Medicinas Inc","description":"Health Medical Clinic","potentialAction":[{"@type":"SearchAction","target":{"@type":"EntryPoint","urlTemplate":"https:\/\/medicinasinc.com\/de\/?s={search_term_string}"},"query-input":{"@type":"PropertyValueSpecification","valueRequired":true,"valueName":"search_term_string"}}],"inLanguage":"de"}]}},"_links":{"self":[{"href":"https:\/\/medicinasinc.com\/de\/wp-json\/wp\/v2\/product\/5852","targetHints":{"allow":["GET"]}}],"collection":[{"href":"https:\/\/medicinasinc.com\/de\/wp-json\/wp\/v2\/product"}],"about":[{"href":"https:\/\/medicinasinc.com\/de\/wp-json\/wp\/v2\/types\/product"}],"replies":[{"embeddable":true,"href":"https:\/\/medicinasinc.com\/de\/wp-json\/wp\/v2\/comments?post=5852"}],"wp:featuredmedia":[{"embeddable":true,"href":"https:\/\/medicinasinc.com\/de\/wp-json\/wp\/v2\/media\/5862"}],"wp:attachment":[{"href":"https:\/\/medicinasinc.com\/de\/wp-json\/wp\/v2\/media?parent=5852"}],"wp:term":[{"taxonomy":"product_brand","embeddable":true,"href":"https:\/\/medicinasinc.com\/de\/wp-json\/wp\/v2\/product_brand?post=5852"},{"taxonomy":"product_cat","embeddable":true,"href":"https:\/\/medicinasinc.com\/de\/wp-json\/wp\/v2\/product_cat?post=5852"},{"taxonomy":"product_tag","embeddable":true,"href":"https:\/\/medicinasinc.com\/de\/wp-json\/wp\/v2\/product_tag?post=5852"}],"curies":[{"name":"wp","href":"https:\/\/api.w.org\/{rel}","templated":true}]}}