{"id":5846,"date":"2022-02-22T07:19:31","date_gmt":"2022-02-22T07:19:31","guid":{"rendered":"https:\/\/medicinasinc.com\/de\/?post_type=product&#038;p=5846"},"modified":"2022-03-18T00:09:28","modified_gmt":"2022-03-18T00:09:28","slug":"genehmigenbitone","status":"publish","type":"product","link":"https:\/\/medicinasinc.com\/de\/product\/genehmigenbitone\/","title":{"rendered":"genehmigenBarbiton"},"content":{"rendered":"<p>Aprobarbiton kann online bei einer erstklassigen Online-Nembutal-Apotheke gekauft werden<\/p>\n<p>Die Online-Nembutal-Apotheke ist seit langer Zeit im Gesch\u00e4ft. Wir haben jetzt ein gr\u00fcndliches Verst\u00e4ndnis der Standpunkte und Erwartungen von Kunden weltweit. Wir sind hier, um alle Ihre Aprobarbiton-Anforderungen zu erf\u00fcllen. Wenn Sie Aprobarbitone online kaufen m\u00f6chten, ist unsere Apotheke der beste Ort daf\u00fcr. Wir bieten dieses therapeutische Medikament zu einem g\u00fcnstigen Preis an. Sie k\u00f6nnen es einfach bei uns kaufen und wir liefern es innerhalb des angegebenen Zeitrahmens.<\/p>\n<p>Welche Rolle spielt Aprobarbiton f\u00fcr Ihre Gesundheit?<\/p>\n<p>Aprobarbiton kann Ihnen dabei helfen, gut zu schlafen . Kurz gesagt, es ist ein ideales Heilmittel f\u00fcr Schlaflose. Es ist bekannt f\u00fcr seine au\u00dfergew\u00f6hnlichen beruhigenden, hypnotischen und krampfl\u00f6senden Eigenschaften.<\/p>\n<p>Warum sollten Sie Aprobarbiton online bei uns kaufen?<\/p>\n<p>Wir sind eine hochspezialisierte Gruppe von Personen mit umfassender Erfahrung im Bereich Medikamente und Drogen. Dar\u00fcber hinaus erweitern wir den Zugang zu Aprobarbiton und anderen Medikamenten auf der ganzen Welt. Sie k\u00f6nnen Aprobarbitone jetzt online zum g\u00fcnstigsten Preis bequem von zu Hause aus beziehen. Wir sind nur einen Mausklick entfernt. Senden Sie Ihre Bestellung noch heute online, um Aprobarbitone zu kaufen, und es wird in K\u00fcrze an Ihre angegebene Adresse geliefert.<\/p>\n","protected":false},"excerpt":{"rendered":"<p>Wie kaufe ich Aprobarbiton online in einer Nembutal-Apotheke?<\/p>\n<p>Die Nembutal Online-Apotheke ist der ideale Ort, um alle Ihre Aprobarbiton-Bed\u00fcrfnisse und -Anforderungen zu erf\u00fcllen. Legen Sie einfach Ihre Medikamente in den Warenkorb, fahren Sie mit dem Zahlungsvorgang fort und geben Sie Ihre Bestellung auf unserer Website auf. Nehmen Sie jetzt Kontakt mit unserer Apotheke auf und erhalten Sie die bestm\u00f6gliche Versorgung f\u00fcr Ihre Gesundheit. Jetzt Aprobarbital kaufen!<\/p>\n","protected":false},"featured_media":5856,"comment_status":"open","ping_status":"closed","template":"","meta":[],"product_brand":[],"product_cat":[3818],"product_tag":[],"class_list":{"0":"post-5846","1":"product","2":"type-product","3":"status-publish","4":"has-post-thumbnail","6":"product_cat-pentobarbital-zu-verkaufen","8":"first","9":"instock","10":"featured","11":"shipping-taxable","12":"purchasable","13":"product-type-variable"},"yoast_head":"<!-- This site is optimized with the Yoast SEO plugin v27.3 - https:\/\/yoast.com\/product\/yoast-seo-wordpress\/ -->\n<title>Kaufen Sie Aprobarbitone - Best Best Global Meds<\/title>\n<meta name=\"robots\" content=\"index, follow, max-snippet:-1, max-image-preview:large, max-video-preview:-1\" \/>\n<link rel=\"canonical\" href=\"https:\/\/medicinasinc.com\/de\/product\/genehmigenbitone\/\" \/>\n<meta property=\"og:locale\" content=\"de_DE\" \/>\n<meta property=\"og:type\" content=\"article\" \/>\n<meta property=\"og:title\" content=\"Kaufen Sie Aprobarbitone - Best Best Global Meds\" \/>\n<meta property=\"og:description\" content=\"Wie kaufe ich Aprobarbiton online in einer Nembutal-Apotheke? Die Nembutal Online-Apotheke ist der ideale Ort, um alle Ihre Aprobarbiton-Bed\u00fcrfnisse und -Anforderungen zu erf\u00fcllen. Legen Sie einfach Ihre Medikamente in den Warenkorb, fahren Sie mit dem Zahlungsvorgang fort und geben Sie Ihre Bestellung auf unserer Website auf. Nehmen Sie jetzt Kontakt mit unserer Apotheke auf und erhalten Sie die bestm\u00f6gliche Versorgung f\u00fcr Ihre Gesundheit. Jetzt Aprobarbital kaufen!\" \/>\n<meta property=\"og:url\" content=\"https:\/\/medicinasinc.com\/de\/product\/genehmigenbitone\/\" \/>\n<meta property=\"og:site_name\" content=\"Medicinas Inc\" \/>\n<meta property=\"article:modified_time\" content=\"2022-03-18T00:09:28+00:00\" \/>\n<meta property=\"og:image\" content=\"https:\/\/medicinasinc.com\/de\/wp-content\/uploads\/sites\/6\/2022\/02\/Aprobarbitone.jpg\" \/>\n\t<meta property=\"og:image:width\" content=\"600\" \/>\n\t<meta property=\"og:image:height\" content=\"600\" \/>\n\t<meta property=\"og:image:type\" content=\"image\/jpeg\" \/>\n<meta name=\"twitter:card\" content=\"summary_large_image\" \/>\n<meta name=\"twitter:label1\" content=\"Gesch\u00e4tzte Lesezeit\" \/>\n\t<meta name=\"twitter:data1\" content=\"1\u00a0Minute\" \/>\n<script type=\"application\/ld+json\" class=\"yoast-schema-graph\">{\"@context\":\"https:\\\/\\\/schema.org\",\"@graph\":[{\"@type\":\"WebPage\",\"@id\":\"https:\\\/\\\/medicinasinc.com\\\/de\\\/product\\\/genehmigenbitone\\\/\",\"url\":\"https:\\\/\\\/medicinasinc.com\\\/de\\\/product\\\/genehmigenbitone\\\/\",\"name\":\"Kaufen Sie Aprobarbitone - Best Best Global Meds\",\"isPartOf\":{\"@id\":\"https:\\\/\\\/medicinasinc.com\\\/de\\\/#website\"},\"primaryImageOfPage\":{\"@id\":\"https:\\\/\\\/medicinasinc.com\\\/de\\\/product\\\/genehmigenbitone\\\/#primaryimage\"},\"image\":{\"@id\":\"https:\\\/\\\/medicinasinc.com\\\/de\\\/product\\\/genehmigenbitone\\\/#primaryimage\"},\"thumbnailUrl\":\"https:\\\/\\\/medicinasinc.com\\\/de\\\/wp-content\\\/uploads\\\/sites\\\/6\\\/2022\\\/02\\\/Aprobarbitone.jpg\",\"datePublished\":\"2022-02-22T07:19:31+00:00\",\"dateModified\":\"2022-03-18T00:09:28+00:00\",\"breadcrumb\":{\"@id\":\"https:\\\/\\\/medicinasinc.com\\\/de\\\/product\\\/genehmigenbitone\\\/#breadcrumb\"},\"inLanguage\":\"de\",\"potentialAction\":[{\"@type\":\"ReadAction\",\"target\":[\"https:\\\/\\\/medicinasinc.com\\\/de\\\/product\\\/genehmigenbitone\\\/\"]}]},{\"@type\":\"ImageObject\",\"inLanguage\":\"de\",\"@id\":\"https:\\\/\\\/medicinasinc.com\\\/de\\\/product\\\/genehmigenbitone\\\/#primaryimage\",\"url\":\"https:\\\/\\\/medicinasinc.com\\\/de\\\/wp-content\\\/uploads\\\/sites\\\/6\\\/2022\\\/02\\\/Aprobarbitone.jpg\",\"contentUrl\":\"https:\\\/\\\/medicinasinc.com\\\/de\\\/wp-content\\\/uploads\\\/sites\\\/6\\\/2022\\\/02\\\/Aprobarbitone.jpg\",\"width\":600,\"height\":600},{\"@type\":\"BreadcrumbList\",\"@id\":\"https:\\\/\\\/medicinasinc.com\\\/de\\\/product\\\/genehmigenbitone\\\/#breadcrumb\",\"itemListElement\":[{\"@type\":\"ListItem\",\"position\":1,\"name\":\"Einkaufen\",\"item\":\"https:\\\/\\\/medicinasinc.com\\\/de\\\/einkaufen\\\/\"},{\"@type\":\"ListItem\",\"position\":2,\"name\":\"genehmigenBarbiton\"}]},{\"@type\":\"WebSite\",\"@id\":\"https:\\\/\\\/medicinasinc.com\\\/de\\\/#website\",\"url\":\"https:\\\/\\\/medicinasinc.com\\\/de\\\/\",\"name\":\"Medicinas Inc\",\"description\":\"Health Medical Clinic\",\"potentialAction\":[{\"@type\":\"SearchAction\",\"target\":{\"@type\":\"EntryPoint\",\"urlTemplate\":\"https:\\\/\\\/medicinasinc.com\\\/de\\\/?s={search_term_string}\"},\"query-input\":{\"@type\":\"PropertyValueSpecification\",\"valueRequired\":true,\"valueName\":\"search_term_string\"}}],\"inLanguage\":\"de\"}]}<\/script>\n<!-- \/ Yoast SEO plugin. -->","yoast_head_json":{"title":"Kaufen Sie Aprobarbitone - Best Best Global Meds","robots":{"index":"index","follow":"follow","max-snippet":"max-snippet:-1","max-image-preview":"max-image-preview:large","max-video-preview":"max-video-preview:-1"},"canonical":"https:\/\/medicinasinc.com\/de\/product\/genehmigenbitone\/","og_locale":"de_DE","og_type":"article","og_title":"Kaufen Sie Aprobarbitone - Best Best Global Meds","og_description":"Wie kaufe ich Aprobarbiton online in einer Nembutal-Apotheke? Die Nembutal Online-Apotheke ist der ideale Ort, um alle Ihre Aprobarbiton-Bed\u00fcrfnisse und -Anforderungen zu erf\u00fcllen. Legen Sie einfach Ihre Medikamente in den Warenkorb, fahren Sie mit dem Zahlungsvorgang fort und geben Sie Ihre Bestellung auf unserer Website auf. Nehmen Sie jetzt Kontakt mit unserer Apotheke auf und erhalten Sie die bestm\u00f6gliche Versorgung f\u00fcr Ihre Gesundheit. Jetzt Aprobarbital kaufen!","og_url":"https:\/\/medicinasinc.com\/de\/product\/genehmigenbitone\/","og_site_name":"Medicinas Inc","article_modified_time":"2022-03-18T00:09:28+00:00","og_image":[{"width":600,"height":600,"url":"https:\/\/medicinasinc.com\/de\/wp-content\/uploads\/sites\/6\/2022\/02\/Aprobarbitone.jpg","type":"image\/jpeg"}],"twitter_card":"summary_large_image","twitter_misc":{"Gesch\u00e4tzte Lesezeit":"1\u00a0Minute"},"schema":{"@context":"https:\/\/schema.org","@graph":[{"@type":"WebPage","@id":"https:\/\/medicinasinc.com\/de\/product\/genehmigenbitone\/","url":"https:\/\/medicinasinc.com\/de\/product\/genehmigenbitone\/","name":"Kaufen Sie Aprobarbitone - Best Best Global Meds","isPartOf":{"@id":"https:\/\/medicinasinc.com\/de\/#website"},"primaryImageOfPage":{"@id":"https:\/\/medicinasinc.com\/de\/product\/genehmigenbitone\/#primaryimage"},"image":{"@id":"https:\/\/medicinasinc.com\/de\/product\/genehmigenbitone\/#primaryimage"},"thumbnailUrl":"https:\/\/medicinasinc.com\/de\/wp-content\/uploads\/sites\/6\/2022\/02\/Aprobarbitone.jpg","datePublished":"2022-02-22T07:19:31+00:00","dateModified":"2022-03-18T00:09:28+00:00","breadcrumb":{"@id":"https:\/\/medicinasinc.com\/de\/product\/genehmigenbitone\/#breadcrumb"},"inLanguage":"de","potentialAction":[{"@type":"ReadAction","target":["https:\/\/medicinasinc.com\/de\/product\/genehmigenbitone\/"]}]},{"@type":"ImageObject","inLanguage":"de","@id":"https:\/\/medicinasinc.com\/de\/product\/genehmigenbitone\/#primaryimage","url":"https:\/\/medicinasinc.com\/de\/wp-content\/uploads\/sites\/6\/2022\/02\/Aprobarbitone.jpg","contentUrl":"https:\/\/medicinasinc.com\/de\/wp-content\/uploads\/sites\/6\/2022\/02\/Aprobarbitone.jpg","width":600,"height":600},{"@type":"BreadcrumbList","@id":"https:\/\/medicinasinc.com\/de\/product\/genehmigenbitone\/#breadcrumb","itemListElement":[{"@type":"ListItem","position":1,"name":"Einkaufen","item":"https:\/\/medicinasinc.com\/de\/einkaufen\/"},{"@type":"ListItem","position":2,"name":"genehmigenBarbiton"}]},{"@type":"WebSite","@id":"https:\/\/medicinasinc.com\/de\/#website","url":"https:\/\/medicinasinc.com\/de\/","name":"Medicinas Inc","description":"Health Medical Clinic","potentialAction":[{"@type":"SearchAction","target":{"@type":"EntryPoint","urlTemplate":"https:\/\/medicinasinc.com\/de\/?s={search_term_string}"},"query-input":{"@type":"PropertyValueSpecification","valueRequired":true,"valueName":"search_term_string"}}],"inLanguage":"de"}]}},"_links":{"self":[{"href":"https:\/\/medicinasinc.com\/de\/wp-json\/wp\/v2\/product\/5846","targetHints":{"allow":["GET"]}}],"collection":[{"href":"https:\/\/medicinasinc.com\/de\/wp-json\/wp\/v2\/product"}],"about":[{"href":"https:\/\/medicinasinc.com\/de\/wp-json\/wp\/v2\/types\/product"}],"replies":[{"embeddable":true,"href":"https:\/\/medicinasinc.com\/de\/wp-json\/wp\/v2\/comments?post=5846"}],"wp:featuredmedia":[{"embeddable":true,"href":"https:\/\/medicinasinc.com\/de\/wp-json\/wp\/v2\/media\/5856"}],"wp:attachment":[{"href":"https:\/\/medicinasinc.com\/de\/wp-json\/wp\/v2\/media?parent=5846"}],"wp:term":[{"taxonomy":"product_brand","embeddable":true,"href":"https:\/\/medicinasinc.com\/de\/wp-json\/wp\/v2\/product_brand?post=5846"},{"taxonomy":"product_cat","embeddable":true,"href":"https:\/\/medicinasinc.com\/de\/wp-json\/wp\/v2\/product_cat?post=5846"},{"taxonomy":"product_tag","embeddable":true,"href":"https:\/\/medicinasinc.com\/de\/wp-json\/wp\/v2\/product_tag?post=5846"}],"curies":[{"name":"wp","href":"https:\/\/api.w.org\/{rel}","templated":true}]}}