{"id":5834,"date":"2022-02-22T07:05:31","date_gmt":"2022-02-22T07:05:31","guid":{"rendered":"https:\/\/medicinasinc.com\/de\/?post_type=product&#038;p=5834"},"modified":"2022-03-18T00:09:45","modified_gmt":"2022-03-18T00:09:45","slug":"kaufen-butabarbital-online","status":"publish","type":"product","link":"https:\/\/medicinasinc.com\/de\/product\/kaufen-butabarbital-online\/","title":{"rendered":"Kaufen Sie Butabarbital online"},"content":{"rendered":"<p>Kaufen Sie Butabarbital-Natrium 50 mg Tabletten von der besten Online-Apotheke.<\/p>\n<p>Nembutal Online Pharmacy ist der beste Ort, um Butabarbital-Natrium 50 mg Tabletten zu den niedrigsten Kosten zu kaufen. Wir sind seit langem in der pharmazeutischen Industrie t\u00e4tig. Bei uns k\u00f6nnen Sie sich auf die bestm\u00f6gliche Versorgung Ihrer Gesundheit verlassen. Unsere qualifizierten Teammitglieder werden alles tun, um Ihre Erwartungen zu \u00fcbertreffen. Kaufen Sie sofort!<\/p>\n<p>Wie sollten Sie Butabarbital-Natrium verwenden, nachdem Sie es bei uns gekauft haben?<\/p>\n<p>Butabarbital-Natrium ist ein ausgezeichnetes Medikament zur Behandlung von Schlaflosigkeit beim Menschen. Typischerweise handelt es sich um ein kurzfristiges Medikament. Diese Substanz kann in der medizinischen Industrie als Beruhigungsmittel vor jeder Operation verwendet werden.<\/p>\n<p>Um eine ordnungsgem\u00e4\u00dfe Verabreichung von Butabarbital-Natrium sicherzustellen, stellen wir unseren Kunden eine manuelle Anleitung zur Verf\u00fcgung. Dieses Handbuch enth\u00e4lt alle Anweisungen des Medikaments. Sie k\u00f6nnen sie einfach einzeln lesen und f\u00fcr die Zwecke verwenden, f\u00fcr die sie bestimmt sind. Auf unsere seri\u00f6se Online-Apotheke k\u00f6nnen Sie voll und ganz vertrauen. Wir ber\u00fccksichtigen konsequent die besten Interessen unserer gesch\u00e4tzten Verbraucher. Wir sind st\u00e4ndig um die Gesundheit unserer Kunden besorgt und pr\u00fcfen alle Produkte vor der Auslieferung.<\/p>\n<p>Sie k\u00f6nnen uns kontaktieren, um die besten Preise f\u00fcr Butabarbital-Natrium zu erhalten. Unsere Experten werden Ihre Bestellung \u00fcbersetzen und f\u00fcr die sofortige Lieferung arrangieren. Ihre Medikamente werden Ihnen innerhalb des von unserer Online-Apotheke vorgegebenen Zeitrahmens zugesandt. Nembutal ist jetzt zu einem g\u00fcnstigen Preis erh\u00e4ltlich!<\/p>\n","protected":false},"excerpt":{"rendered":"<p>Wie bekomme ich Butabarbital-Natrium von einer Nembutal-Online-Apotheke?<\/p>\n<p>Die Online-Nembutal-Apotheke ist jetzt verf\u00fcgbar. Senden Sie Ihre Bestelldaten und Zahlung f\u00fcr Butabarbital-Natrium 50 mg Tabletten auf unserer offiziellen Website. Sobald eine Bestellung aufgegeben wurde, wird sie innerhalb des angegebenen Zeitrahmens bearbeitet. Bestellen Sie noch heute!<\/p>\n","protected":false},"featured_media":5844,"comment_status":"open","ping_status":"closed","template":"","meta":[],"product_brand":[],"product_cat":[3818],"product_tag":[],"class_list":{"0":"post-5834","1":"product","2":"type-product","3":"status-publish","4":"has-post-thumbnail","6":"product_cat-pentobarbital-zu-verkaufen","8":"first","9":"instock","10":"shipping-taxable","11":"purchasable","12":"product-type-variable"},"yoast_head":"<!-- This site is optimized with the Yoast SEO plugin v27.3 - https:\/\/yoast.com\/product\/yoast-seo-wordpress\/ -->\n<title>Kaufen Sie Butabarbital online - die besten besten globalen Medikamente<\/title>\n<meta name=\"robots\" content=\"index, follow, max-snippet:-1, max-image-preview:large, max-video-preview:-1\" \/>\n<link rel=\"canonical\" href=\"https:\/\/medicinasinc.com\/de\/product\/kaufen-butabarbital-online\/\" \/>\n<meta property=\"og:locale\" content=\"de_DE\" \/>\n<meta property=\"og:type\" content=\"article\" \/>\n<meta property=\"og:title\" content=\"Kaufen Sie Butabarbital online - die besten besten globalen Medikamente\" \/>\n<meta property=\"og:description\" content=\"Wie bekomme ich Butabarbital-Natrium von einer Nembutal-Online-Apotheke? Die Online-Nembutal-Apotheke ist jetzt verf\u00fcgbar. Senden Sie Ihre Bestelldaten und Zahlung f\u00fcr Butabarbital-Natrium 50 mg Tabletten auf unserer offiziellen Website. Sobald eine Bestellung aufgegeben wurde, wird sie innerhalb des angegebenen Zeitrahmens bearbeitet. Bestellen Sie noch heute!\" \/>\n<meta property=\"og:url\" content=\"https:\/\/medicinasinc.com\/de\/product\/kaufen-butabarbital-online\/\" \/>\n<meta property=\"og:site_name\" content=\"Medicinas Inc\" \/>\n<meta property=\"article:modified_time\" content=\"2022-03-18T00:09:45+00:00\" \/>\n<meta property=\"og:image\" content=\"https:\/\/medicinasinc.com\/de\/wp-content\/uploads\/sites\/6\/2022\/02\/Buy-Butabarbital.jpg\" \/>\n\t<meta property=\"og:image:width\" content=\"600\" \/>\n\t<meta property=\"og:image:height\" content=\"600\" \/>\n\t<meta property=\"og:image:type\" content=\"image\/jpeg\" \/>\n<meta name=\"twitter:card\" content=\"summary_large_image\" \/>\n<meta name=\"twitter:label1\" content=\"Gesch\u00e4tzte Lesezeit\" \/>\n\t<meta name=\"twitter:data1\" content=\"2\u00a0Minuten\" \/>\n<script type=\"application\/ld+json\" class=\"yoast-schema-graph\">{\"@context\":\"https:\\\/\\\/schema.org\",\"@graph\":[{\"@type\":\"WebPage\",\"@id\":\"https:\\\/\\\/medicinasinc.com\\\/de\\\/product\\\/kaufen-butabarbital-online\\\/\",\"url\":\"https:\\\/\\\/medicinasinc.com\\\/de\\\/product\\\/kaufen-butabarbital-online\\\/\",\"name\":\"Kaufen Sie Butabarbital online - die besten besten globalen Medikamente\",\"isPartOf\":{\"@id\":\"https:\\\/\\\/medicinasinc.com\\\/de\\\/#website\"},\"primaryImageOfPage\":{\"@id\":\"https:\\\/\\\/medicinasinc.com\\\/de\\\/product\\\/kaufen-butabarbital-online\\\/#primaryimage\"},\"image\":{\"@id\":\"https:\\\/\\\/medicinasinc.com\\\/de\\\/product\\\/kaufen-butabarbital-online\\\/#primaryimage\"},\"thumbnailUrl\":\"https:\\\/\\\/medicinasinc.com\\\/de\\\/wp-content\\\/uploads\\\/sites\\\/6\\\/2022\\\/02\\\/Buy-Butabarbital.jpg\",\"datePublished\":\"2022-02-22T07:05:31+00:00\",\"dateModified\":\"2022-03-18T00:09:45+00:00\",\"breadcrumb\":{\"@id\":\"https:\\\/\\\/medicinasinc.com\\\/de\\\/product\\\/kaufen-butabarbital-online\\\/#breadcrumb\"},\"inLanguage\":\"de\",\"potentialAction\":[{\"@type\":\"ReadAction\",\"target\":[\"https:\\\/\\\/medicinasinc.com\\\/de\\\/product\\\/kaufen-butabarbital-online\\\/\"]}]},{\"@type\":\"ImageObject\",\"inLanguage\":\"de\",\"@id\":\"https:\\\/\\\/medicinasinc.com\\\/de\\\/product\\\/kaufen-butabarbital-online\\\/#primaryimage\",\"url\":\"https:\\\/\\\/medicinasinc.com\\\/de\\\/wp-content\\\/uploads\\\/sites\\\/6\\\/2022\\\/02\\\/Buy-Butabarbital.jpg\",\"contentUrl\":\"https:\\\/\\\/medicinasinc.com\\\/de\\\/wp-content\\\/uploads\\\/sites\\\/6\\\/2022\\\/02\\\/Buy-Butabarbital.jpg\",\"width\":600,\"height\":600},{\"@type\":\"BreadcrumbList\",\"@id\":\"https:\\\/\\\/medicinasinc.com\\\/de\\\/product\\\/kaufen-butabarbital-online\\\/#breadcrumb\",\"itemListElement\":[{\"@type\":\"ListItem\",\"position\":1,\"name\":\"Einkaufen\",\"item\":\"https:\\\/\\\/medicinasinc.com\\\/de\\\/einkaufen\\\/\"},{\"@type\":\"ListItem\",\"position\":2,\"name\":\"Kaufen Sie Butabarbital online\"}]},{\"@type\":\"WebSite\",\"@id\":\"https:\\\/\\\/medicinasinc.com\\\/de\\\/#website\",\"url\":\"https:\\\/\\\/medicinasinc.com\\\/de\\\/\",\"name\":\"Medicinas Inc\",\"description\":\"Health Medical Clinic\",\"potentialAction\":[{\"@type\":\"SearchAction\",\"target\":{\"@type\":\"EntryPoint\",\"urlTemplate\":\"https:\\\/\\\/medicinasinc.com\\\/de\\\/?s={search_term_string}\"},\"query-input\":{\"@type\":\"PropertyValueSpecification\",\"valueRequired\":true,\"valueName\":\"search_term_string\"}}],\"inLanguage\":\"de\"}]}<\/script>\n<!-- \/ Yoast SEO plugin. -->","yoast_head_json":{"title":"Kaufen Sie Butabarbital online - die besten besten globalen Medikamente","robots":{"index":"index","follow":"follow","max-snippet":"max-snippet:-1","max-image-preview":"max-image-preview:large","max-video-preview":"max-video-preview:-1"},"canonical":"https:\/\/medicinasinc.com\/de\/product\/kaufen-butabarbital-online\/","og_locale":"de_DE","og_type":"article","og_title":"Kaufen Sie Butabarbital online - die besten besten globalen Medikamente","og_description":"Wie bekomme ich Butabarbital-Natrium von einer Nembutal-Online-Apotheke? Die Online-Nembutal-Apotheke ist jetzt verf\u00fcgbar. Senden Sie Ihre Bestelldaten und Zahlung f\u00fcr Butabarbital-Natrium 50 mg Tabletten auf unserer offiziellen Website. Sobald eine Bestellung aufgegeben wurde, wird sie innerhalb des angegebenen Zeitrahmens bearbeitet. Bestellen Sie noch heute!","og_url":"https:\/\/medicinasinc.com\/de\/product\/kaufen-butabarbital-online\/","og_site_name":"Medicinas Inc","article_modified_time":"2022-03-18T00:09:45+00:00","og_image":[{"width":600,"height":600,"url":"https:\/\/medicinasinc.com\/de\/wp-content\/uploads\/sites\/6\/2022\/02\/Buy-Butabarbital.jpg","type":"image\/jpeg"}],"twitter_card":"summary_large_image","twitter_misc":{"Gesch\u00e4tzte Lesezeit":"2\u00a0Minuten"},"schema":{"@context":"https:\/\/schema.org","@graph":[{"@type":"WebPage","@id":"https:\/\/medicinasinc.com\/de\/product\/kaufen-butabarbital-online\/","url":"https:\/\/medicinasinc.com\/de\/product\/kaufen-butabarbital-online\/","name":"Kaufen Sie Butabarbital online - die besten besten globalen Medikamente","isPartOf":{"@id":"https:\/\/medicinasinc.com\/de\/#website"},"primaryImageOfPage":{"@id":"https:\/\/medicinasinc.com\/de\/product\/kaufen-butabarbital-online\/#primaryimage"},"image":{"@id":"https:\/\/medicinasinc.com\/de\/product\/kaufen-butabarbital-online\/#primaryimage"},"thumbnailUrl":"https:\/\/medicinasinc.com\/de\/wp-content\/uploads\/sites\/6\/2022\/02\/Buy-Butabarbital.jpg","datePublished":"2022-02-22T07:05:31+00:00","dateModified":"2022-03-18T00:09:45+00:00","breadcrumb":{"@id":"https:\/\/medicinasinc.com\/de\/product\/kaufen-butabarbital-online\/#breadcrumb"},"inLanguage":"de","potentialAction":[{"@type":"ReadAction","target":["https:\/\/medicinasinc.com\/de\/product\/kaufen-butabarbital-online\/"]}]},{"@type":"ImageObject","inLanguage":"de","@id":"https:\/\/medicinasinc.com\/de\/product\/kaufen-butabarbital-online\/#primaryimage","url":"https:\/\/medicinasinc.com\/de\/wp-content\/uploads\/sites\/6\/2022\/02\/Buy-Butabarbital.jpg","contentUrl":"https:\/\/medicinasinc.com\/de\/wp-content\/uploads\/sites\/6\/2022\/02\/Buy-Butabarbital.jpg","width":600,"height":600},{"@type":"BreadcrumbList","@id":"https:\/\/medicinasinc.com\/de\/product\/kaufen-butabarbital-online\/#breadcrumb","itemListElement":[{"@type":"ListItem","position":1,"name":"Einkaufen","item":"https:\/\/medicinasinc.com\/de\/einkaufen\/"},{"@type":"ListItem","position":2,"name":"Kaufen Sie Butabarbital online"}]},{"@type":"WebSite","@id":"https:\/\/medicinasinc.com\/de\/#website","url":"https:\/\/medicinasinc.com\/de\/","name":"Medicinas Inc","description":"Health Medical Clinic","potentialAction":[{"@type":"SearchAction","target":{"@type":"EntryPoint","urlTemplate":"https:\/\/medicinasinc.com\/de\/?s={search_term_string}"},"query-input":{"@type":"PropertyValueSpecification","valueRequired":true,"valueName":"search_term_string"}}],"inLanguage":"de"}]}},"_links":{"self":[{"href":"https:\/\/medicinasinc.com\/de\/wp-json\/wp\/v2\/product\/5834","targetHints":{"allow":["GET"]}}],"collection":[{"href":"https:\/\/medicinasinc.com\/de\/wp-json\/wp\/v2\/product"}],"about":[{"href":"https:\/\/medicinasinc.com\/de\/wp-json\/wp\/v2\/types\/product"}],"replies":[{"embeddable":true,"href":"https:\/\/medicinasinc.com\/de\/wp-json\/wp\/v2\/comments?post=5834"}],"wp:featuredmedia":[{"embeddable":true,"href":"https:\/\/medicinasinc.com\/de\/wp-json\/wp\/v2\/media\/5844"}],"wp:attachment":[{"href":"https:\/\/medicinasinc.com\/de\/wp-json\/wp\/v2\/media?parent=5834"}],"wp:term":[{"taxonomy":"product_brand","embeddable":true,"href":"https:\/\/medicinasinc.com\/de\/wp-json\/wp\/v2\/product_brand?post=5834"},{"taxonomy":"product_cat","embeddable":true,"href":"https:\/\/medicinasinc.com\/de\/wp-json\/wp\/v2\/product_cat?post=5834"},{"taxonomy":"product_tag","embeddable":true,"href":"https:\/\/medicinasinc.com\/de\/wp-json\/wp\/v2\/product_tag?post=5834"}],"curies":[{"name":"wp","href":"https:\/\/api.w.org\/{rel}","templated":true}]}}