{"id":5828,"date":"2022-02-22T06:59:00","date_gmt":"2022-02-22T06:59:00","guid":{"rendered":"https:\/\/medicinasinc.com\/de\/?post_type=product&#038;p=5828"},"modified":"2022-03-18T00:09:55","modified_gmt":"2022-03-18T00:09:55","slug":"kaufen-butalbital-online","status":"publish","type":"product","link":"https:\/\/medicinasinc.com\/de\/product\/kaufen-butalbital-online\/","title":{"rendered":"Kaufen Sie Butalbital online"},"content":{"rendered":"<div class=\"mkdf-single-product-content\">\n<div class=\"mkdf-single-product-summary\">\n<div class=\"summary entry-summary\">\n<div class=\"woocommerce-tabs wc-tabs -wrapper\">\n<div id=\"tab-description\" class=\"woocommerce-Tabs-panel woocommerce-Tabs-panel--description panel entry-content wc-tab\" role=\"tabpanel\" aria-labelledby=\"tab-title -description\">\n<div id=\"ftwp-postcontent\">\n<p>Kaufen Sie Nembutal Butalbital ohne Rezept von der besten Online-Apotheke<\/p>\n<p>Online Nembutal Pharmacy ist eine seri\u00f6se Online-Apotheke, die bekannt ist f\u00fcr seine Professionalit\u00e4t und hochwertige Medikamente. Sie k\u00f6nnen Nembutal Butalbital problemlos online ohne Rezept von dieser Website erhalten. Wir sind bestrebt, Kunden weltweit ein qualitativ hochwertiges Produkt anzubieten. Wir gehen auf die W\u00fcnsche und Bed\u00fcrfnisse jedes Kunden ein und erf\u00fcllen diese stets termingerecht.<\/p>\n<p>\u00dcber die Internetplattform k\u00f6nnen Sie schnell mit uns in Kontakt treten und innerhalb kurzer Zeit die gew\u00fcnschten Medikamente erwerben. Heute k\u00f6nnen Sie Butalbital online bestellen!<\/p>\n<p>Was sind die Vorteile von Nembutal Butalbital?<\/p>\n<p>Butalbital ist ein verschreibungspflichtiges Medikament, das f\u00fcr einen kurzen Zeitraum verwendet wird. Dieses Medikament kann in Verbindung mit anderen Medikamenten wie Paracetamol (Acetaminophen) oder Aspirin verwendet werden, um Schmerzen und Kopfschmerzen zu lindern. Dar\u00fcber hinaus wurde es zur Behandlung von Spannungskopfschmerzen zugelassen.<\/p>\n<p>Um Butalbital online zum besten Preis zu kaufen, legen Sie es zun\u00e4chst in Ihren Einkaufswagen. Nachdem Sie die Hinzuf\u00fcgung abgeschlossen haben, k\u00f6nnen Sie mit dem Zahlungsabschluss fortfahren. Wir haben eine Vielzahl von Zahlungs-Gateways integriert. Sie k\u00f6nnen das am besten geeignete ausw\u00e4hlen und den Zahlungsvorgang f\u00fcr Ihre Bestellung abschlie\u00dfen.<\/p>\n<p>Wo kann ich Nembutal Butalbital online zum besten Preis kaufen?<\/p>\n<p>Wenn Ihnen Butalbital verschrieben wurde, es Es ist an der Zeit, Butalbital online in unserer Nembutal-Apotheke zu kaufen.<\/p>\n<p>Die Verbindung mit unserer Online-Apotheke war noch nie so einfach. Unsere Website ist \u00e4u\u00dferst einfach und benutzerfreundlich, was unseren Verbrauchern hilft, sich bei der Bestellung ihrer Produkte wohl zu f\u00fchlen.<\/p>\n<\/p><\/div><\/div><\/div><\/div><\/div><\/div>\n","protected":false},"excerpt":{"rendered":"<p>Unsere Online-Apotheke erh\u00e4lt Ihre Bestellung sofort nach der Bestellung. Wir werden es priorisieren und so schnell wie m\u00f6glich erledigen. Wir brauchen in der Regel 5 Tage, um die Ware zu liefern, was nur Werktage abdeckt. Innerhalb einer Woche erhalten Sie Nembutal Butalbital im bestm\u00f6glichen Zustand. Kaufen Sie sofort ein!<\/p>\n","protected":false},"featured_media":5838,"comment_status":"open","ping_status":"closed","template":"","meta":[],"product_brand":[],"product_cat":[3818],"product_tag":[3975,3928,3976,3977,3980,3840,3982,3983,3978,3845,3984,3985,4001,3974,1051,3989,3990,3991,4002,3934,3993,3994,3865,3996,3998,3999,3988,3992,4000,3847,3987,3995,3986,3997,3936,4003,3973,3972,4004,3981,3979,4005,4006],"class_list":{"0":"post-5828","1":"product","2":"type-product","3":"status-publish","4":"has-post-thumbnail","6":"product_cat-pentobarbital-zu-verkaufen","7":"product_tag-buy-nembutal-mexico","8":"product_tag-buy-nembutal-online","9":"product_tag-buying-nembutal","10":"product_tag-buying-nembutal-online","11":"product_tag-how-much-nembutal-is-fatal","12":"product_tag-how-to-acquire-nembutal","13":"product_tag-how-to-make-nembutal","14":"product_tag-how-to-take-nembutal-to-die","15":"product_tag-medikamente-verschrieben-zur-reduzierung-von-schlaflosigkeit","16":"product_tag-nembutal","17":"product_tag-nembutal-capsules","18":"product_tag-nembutal-porzellan","19":"product_tag-erhalten-nembutal","20":"product_tag-kaufen-nembutal-kanada","21":"product_tag-kaufen-nembutal","22":"product_tag-nembutal-mexiko","23":"product_tag-nembutal-mexiko-2018","24":"product_tag-nembutal-online","25":"product_tag-nembutal-online-bestellen","26":"product_tag-nembutal-online-kaufen","27":"product_tag-nembutal-pentobarbital","28":"product_tag-nembutal-pille","29":"product_tag-nembutal-pills-for-sale","30":"product_tag-nembutal-reddit","31":"product_tag-nembutal-side-effects","32":"product_tag-nembutal-sodium","33":"product_tag-nembutal-tdliche-dosis","34":"product_tag-nembutal-over-the-counter","35":"product_tag-nembutal-zpfchen","36":"product_tag-nembutal-zum-verkauf","37":"product_tag-nembutal-definition","38":"product_tag-nembutal-preis","39":"product_tag-nembutal-tod","40":"product_tag-nembutal-zeitplan","41":"product_tag-nicht-butal-pulver","42":"product_tag-sekundr","43":"product_tag-sind","44":"product_tag-und-amytal","45":"product_tag-was-ist-nembutal","46":"product_tag-wie-man-nembutal-bekommt","47":"product_tag-wie-viel-kostet-nembutal","48":"product_tag-wo-kann-ich-nembutal-kaufen","49":"product_tag-wo-man-nembutal-in-mexiko-kauft","51":"first","52":"instock","53":"shipping-taxable","54":"purchasable","55":"product-type-variable"},"yoast_head":"<!-- This site is optimized with the Yoast SEO plugin v27.3 - https:\/\/yoast.com\/product\/yoast-seo-wordpress\/ -->\n<title>Kaufen Sie Butalbital online - die besten besten globalen Medikamente<\/title>\n<meta name=\"robots\" content=\"index, follow, max-snippet:-1, max-image-preview:large, max-video-preview:-1\" \/>\n<link rel=\"canonical\" href=\"https:\/\/medicinasinc.com\/de\/product\/kaufen-butalbital-online\/\" \/>\n<meta property=\"og:locale\" content=\"de_DE\" \/>\n<meta property=\"og:type\" content=\"article\" \/>\n<meta property=\"og:title\" content=\"Kaufen Sie Butalbital online - die besten besten globalen Medikamente\" \/>\n<meta property=\"og:description\" content=\"Unsere Online-Apotheke erh\u00e4lt Ihre Bestellung sofort nach der Bestellung. Wir werden es priorisieren und so schnell wie m\u00f6glich erledigen. Wir brauchen in der Regel 5 Tage, um die Ware zu liefern, was nur Werktage abdeckt. Innerhalb einer Woche erhalten Sie Nembutal Butalbital im bestm\u00f6glichen Zustand. Kaufen Sie sofort ein!\" \/>\n<meta property=\"og:url\" content=\"https:\/\/medicinasinc.com\/de\/product\/kaufen-butalbital-online\/\" \/>\n<meta property=\"og:site_name\" content=\"Medicinas Inc\" \/>\n<meta property=\"article:modified_time\" content=\"2022-03-18T00:09:55+00:00\" \/>\n<meta property=\"og:image\" content=\"https:\/\/medicinasinc.com\/de\/wp-content\/uploads\/sites\/6\/2022\/02\/Buy-Butalbital-Online.jpg\" \/>\n\t<meta property=\"og:image:width\" content=\"600\" \/>\n\t<meta property=\"og:image:height\" content=\"600\" \/>\n\t<meta property=\"og:image:type\" content=\"image\/jpeg\" \/>\n<meta name=\"twitter:card\" content=\"summary_large_image\" \/>\n<meta name=\"twitter:label1\" content=\"Gesch\u00e4tzte Lesezeit\" \/>\n\t<meta name=\"twitter:data1\" content=\"2\u00a0Minuten\" \/>\n<script type=\"application\/ld+json\" class=\"yoast-schema-graph\">{\"@context\":\"https:\\\/\\\/schema.org\",\"@graph\":[{\"@type\":\"WebPage\",\"@id\":\"https:\\\/\\\/medicinasinc.com\\\/de\\\/product\\\/kaufen-butalbital-online\\\/\",\"url\":\"https:\\\/\\\/medicinasinc.com\\\/de\\\/product\\\/kaufen-butalbital-online\\\/\",\"name\":\"Kaufen Sie Butalbital online - die besten besten globalen Medikamente\",\"isPartOf\":{\"@id\":\"https:\\\/\\\/medicinasinc.com\\\/de\\\/#website\"},\"primaryImageOfPage\":{\"@id\":\"https:\\\/\\\/medicinasinc.com\\\/de\\\/product\\\/kaufen-butalbital-online\\\/#primaryimage\"},\"image\":{\"@id\":\"https:\\\/\\\/medicinasinc.com\\\/de\\\/product\\\/kaufen-butalbital-online\\\/#primaryimage\"},\"thumbnailUrl\":\"https:\\\/\\\/medicinasinc.com\\\/de\\\/wp-content\\\/uploads\\\/sites\\\/6\\\/2022\\\/02\\\/Buy-Butalbital-Online.jpg\",\"datePublished\":\"2022-02-22T06:59:00+00:00\",\"dateModified\":\"2022-03-18T00:09:55+00:00\",\"breadcrumb\":{\"@id\":\"https:\\\/\\\/medicinasinc.com\\\/de\\\/product\\\/kaufen-butalbital-online\\\/#breadcrumb\"},\"inLanguage\":\"de\",\"potentialAction\":[{\"@type\":\"ReadAction\",\"target\":[\"https:\\\/\\\/medicinasinc.com\\\/de\\\/product\\\/kaufen-butalbital-online\\\/\"]}]},{\"@type\":\"ImageObject\",\"inLanguage\":\"de\",\"@id\":\"https:\\\/\\\/medicinasinc.com\\\/de\\\/product\\\/kaufen-butalbital-online\\\/#primaryimage\",\"url\":\"https:\\\/\\\/medicinasinc.com\\\/de\\\/wp-content\\\/uploads\\\/sites\\\/6\\\/2022\\\/02\\\/Buy-Butalbital-Online.jpg\",\"contentUrl\":\"https:\\\/\\\/medicinasinc.com\\\/de\\\/wp-content\\\/uploads\\\/sites\\\/6\\\/2022\\\/02\\\/Buy-Butalbital-Online.jpg\",\"width\":600,\"height\":600},{\"@type\":\"BreadcrumbList\",\"@id\":\"https:\\\/\\\/medicinasinc.com\\\/de\\\/product\\\/kaufen-butalbital-online\\\/#breadcrumb\",\"itemListElement\":[{\"@type\":\"ListItem\",\"position\":1,\"name\":\"Einkaufen\",\"item\":\"https:\\\/\\\/medicinasinc.com\\\/de\\\/einkaufen\\\/\"},{\"@type\":\"ListItem\",\"position\":2,\"name\":\"Kaufen Sie Butalbital online\"}]},{\"@type\":\"WebSite\",\"@id\":\"https:\\\/\\\/medicinasinc.com\\\/de\\\/#website\",\"url\":\"https:\\\/\\\/medicinasinc.com\\\/de\\\/\",\"name\":\"Medicinas Inc\",\"description\":\"Health Medical Clinic\",\"potentialAction\":[{\"@type\":\"SearchAction\",\"target\":{\"@type\":\"EntryPoint\",\"urlTemplate\":\"https:\\\/\\\/medicinasinc.com\\\/de\\\/?s={search_term_string}\"},\"query-input\":{\"@type\":\"PropertyValueSpecification\",\"valueRequired\":true,\"valueName\":\"search_term_string\"}}],\"inLanguage\":\"de\"}]}<\/script>\n<!-- \/ Yoast SEO plugin. -->","yoast_head_json":{"title":"Kaufen Sie Butalbital online - die besten besten globalen Medikamente","robots":{"index":"index","follow":"follow","max-snippet":"max-snippet:-1","max-image-preview":"max-image-preview:large","max-video-preview":"max-video-preview:-1"},"canonical":"https:\/\/medicinasinc.com\/de\/product\/kaufen-butalbital-online\/","og_locale":"de_DE","og_type":"article","og_title":"Kaufen Sie Butalbital online - die besten besten globalen Medikamente","og_description":"Unsere Online-Apotheke erh\u00e4lt Ihre Bestellung sofort nach der Bestellung. Wir werden es priorisieren und so schnell wie m\u00f6glich erledigen. Wir brauchen in der Regel 5 Tage, um die Ware zu liefern, was nur Werktage abdeckt. Innerhalb einer Woche erhalten Sie Nembutal Butalbital im bestm\u00f6glichen Zustand. Kaufen Sie sofort ein!","og_url":"https:\/\/medicinasinc.com\/de\/product\/kaufen-butalbital-online\/","og_site_name":"Medicinas Inc","article_modified_time":"2022-03-18T00:09:55+00:00","og_image":[{"width":600,"height":600,"url":"https:\/\/medicinasinc.com\/de\/wp-content\/uploads\/sites\/6\/2022\/02\/Buy-Butalbital-Online.jpg","type":"image\/jpeg"}],"twitter_card":"summary_large_image","twitter_misc":{"Gesch\u00e4tzte Lesezeit":"2\u00a0Minuten"},"schema":{"@context":"https:\/\/schema.org","@graph":[{"@type":"WebPage","@id":"https:\/\/medicinasinc.com\/de\/product\/kaufen-butalbital-online\/","url":"https:\/\/medicinasinc.com\/de\/product\/kaufen-butalbital-online\/","name":"Kaufen Sie Butalbital online - die besten besten globalen Medikamente","isPartOf":{"@id":"https:\/\/medicinasinc.com\/de\/#website"},"primaryImageOfPage":{"@id":"https:\/\/medicinasinc.com\/de\/product\/kaufen-butalbital-online\/#primaryimage"},"image":{"@id":"https:\/\/medicinasinc.com\/de\/product\/kaufen-butalbital-online\/#primaryimage"},"thumbnailUrl":"https:\/\/medicinasinc.com\/de\/wp-content\/uploads\/sites\/6\/2022\/02\/Buy-Butalbital-Online.jpg","datePublished":"2022-02-22T06:59:00+00:00","dateModified":"2022-03-18T00:09:55+00:00","breadcrumb":{"@id":"https:\/\/medicinasinc.com\/de\/product\/kaufen-butalbital-online\/#breadcrumb"},"inLanguage":"de","potentialAction":[{"@type":"ReadAction","target":["https:\/\/medicinasinc.com\/de\/product\/kaufen-butalbital-online\/"]}]},{"@type":"ImageObject","inLanguage":"de","@id":"https:\/\/medicinasinc.com\/de\/product\/kaufen-butalbital-online\/#primaryimage","url":"https:\/\/medicinasinc.com\/de\/wp-content\/uploads\/sites\/6\/2022\/02\/Buy-Butalbital-Online.jpg","contentUrl":"https:\/\/medicinasinc.com\/de\/wp-content\/uploads\/sites\/6\/2022\/02\/Buy-Butalbital-Online.jpg","width":600,"height":600},{"@type":"BreadcrumbList","@id":"https:\/\/medicinasinc.com\/de\/product\/kaufen-butalbital-online\/#breadcrumb","itemListElement":[{"@type":"ListItem","position":1,"name":"Einkaufen","item":"https:\/\/medicinasinc.com\/de\/einkaufen\/"},{"@type":"ListItem","position":2,"name":"Kaufen Sie Butalbital online"}]},{"@type":"WebSite","@id":"https:\/\/medicinasinc.com\/de\/#website","url":"https:\/\/medicinasinc.com\/de\/","name":"Medicinas Inc","description":"Health Medical Clinic","potentialAction":[{"@type":"SearchAction","target":{"@type":"EntryPoint","urlTemplate":"https:\/\/medicinasinc.com\/de\/?s={search_term_string}"},"query-input":{"@type":"PropertyValueSpecification","valueRequired":true,"valueName":"search_term_string"}}],"inLanguage":"de"}]}},"_links":{"self":[{"href":"https:\/\/medicinasinc.com\/de\/wp-json\/wp\/v2\/product\/5828","targetHints":{"allow":["GET"]}}],"collection":[{"href":"https:\/\/medicinasinc.com\/de\/wp-json\/wp\/v2\/product"}],"about":[{"href":"https:\/\/medicinasinc.com\/de\/wp-json\/wp\/v2\/types\/product"}],"replies":[{"embeddable":true,"href":"https:\/\/medicinasinc.com\/de\/wp-json\/wp\/v2\/comments?post=5828"}],"wp:featuredmedia":[{"embeddable":true,"href":"https:\/\/medicinasinc.com\/de\/wp-json\/wp\/v2\/media\/5838"}],"wp:attachment":[{"href":"https:\/\/medicinasinc.com\/de\/wp-json\/wp\/v2\/media?parent=5828"}],"wp:term":[{"taxonomy":"product_brand","embeddable":true,"href":"https:\/\/medicinasinc.com\/de\/wp-json\/wp\/v2\/product_brand?post=5828"},{"taxonomy":"product_cat","embeddable":true,"href":"https:\/\/medicinasinc.com\/de\/wp-json\/wp\/v2\/product_cat?post=5828"},{"taxonomy":"product_tag","embeddable":true,"href":"https:\/\/medicinasinc.com\/de\/wp-json\/wp\/v2\/product_tag?post=5828"}],"curies":[{"name":"wp","href":"https:\/\/api.w.org\/{rel}","templated":true}]}}