{"id":5822,"date":"2022-02-22T06:52:56","date_gmt":"2022-02-22T06:52:56","guid":{"rendered":"https:\/\/medicinasinc.com\/de\/?post_type=product&#038;p=5822"},"modified":"2022-03-18T00:10:06","modified_gmt":"2022-03-18T00:10:06","slug":"kaufen-nembutal-pentobarbital","status":"publish","type":"product","link":"https:\/\/medicinasinc.com\/de\/product\/kaufen-nembutal-pentobarbital\/","title":{"rendered":"Kaufen Sie Nembutal Pentobarbital"},"content":{"rendered":"<p>Online-Kauf von Nembutal-Pentobarbital von The Best Global Meds<\/p>\n<p>Online-Nembutal-Apotheke ist die einzige seri\u00f6se Quelle f\u00fcr den Online-Kauf von Nembutal-Pentobarbital zu den geringstm\u00f6glichen Kosten.<\/p>\n<p>Sobald wir Ihre Bestelldaten erhalten, beginnen wir mit der Vorbereitung, gefolgt von der Lieferung. Unsere Teammitglieder verpacken Ihre Medikamente sicher und liefern sie Ihnen umgehend. Sie k\u00f6nnen von uns nur das Beste in Bezug auf die Qualit\u00e4t und Aktualit\u00e4t des Nembutal-Pentobarbitals erwarten.<\/p>\n<p>Was sollten Sie beim Kauf von Nembutal-Pentobarbital kaufen? Wo ist der richtige Ort, um es zu kaufen?<\/p>\n<p>Nembutal Pentobarbital ist ein wirksames Medikament gegen Krampfanf\u00e4lle, das normalerweise in Verbindung mit anderen verschreibungspflichtigen Medikamenten verwendet wird. Wenn Sie an Krampfanf\u00e4llen leiden, ist dieses Arzneimittel perfekt f\u00fcr Sie. Sie k\u00f6nnen Ihren Tag mit voller Vitalit\u00e4t und unbesorgt \u00fcber die Anfallsepisode angehen. Es wirkt sich auf zahlreiche Bereiche des Gehirns aus, was zu einem Zustand der Gelassenheit im K\u00f6rper f\u00fchrt.<\/p>\n<p>Nembutal Pentobarbital Online Pharmacy ist die beste Website, um Nembutal Pentobarbital online zum niedrigsten Preis zu kaufen. Dieses Medikament wird hier im bestm\u00f6glichen Zustand und mit gr\u00f6\u00dfter Sorgfalt verkauft. Alle unsere Medikamente werden im Labor getestet und einer Reihe von Tests unterzogen. Wir arbeiten mit den weltweit f\u00fchrenden Pharmaherstellern zusammen. Wenn Sie bei uns Medikamente bekommen, brauchen Sie sich um nichts zu k\u00fcmmern. Sie erhalten zweifellos die gr\u00f6\u00dftm\u00f6gliche F\u00fcrsorge f\u00fcr Ihre Gesundheit!<\/p>\n","protected":false},"excerpt":{"rendered":"<p>Welche Darreichungsformen von Nembutal Phenobarbital ben\u00f6tigen Sie?<\/p>\n<p>Jeder auf der Welt kann Nembutal online in einer Online-Apotheke kaufen. Nehmen Sie jederzeit und von \u00fcberall Kontakt mit uns auf. Alle Fragen oder Bedenken unserer Kunden werden umgehend von einem unserer Kundendienstmitarbeiter beantwortet. Die Qualit\u00e4t Ihrer Medikamente oder der Status Ihrer Lieferung spielen f\u00fcr Sie keine Rolle, wenn Sie mit uns zusammenarbeiten. Nembutal Phenobarbital zum Verkauf kann per Telefon, E-Mail oder SMS gekauft werden. Jetzt ist die Zeit zum Verbinden!<\/p>\n","protected":false},"featured_media":5832,"comment_status":"open","ping_status":"closed","template":"","meta":[],"product_brand":[],"product_cat":[3818],"product_tag":[],"class_list":{"0":"post-5822","1":"product","2":"type-product","3":"status-publish","4":"has-post-thumbnail","6":"product_cat-pentobarbital-zu-verkaufen","8":"first","9":"instock","10":"shipping-taxable","11":"purchasable","12":"product-type-variable"},"yoast_head":"<!-- This site is optimized with the Yoast SEO plugin v27.3 - https:\/\/yoast.com\/product\/yoast-seo-wordpress\/ -->\n<title>Kaufen Sie Nembutal Pentobarbital - Best Global Meds<\/title>\n<meta name=\"robots\" content=\"index, follow, max-snippet:-1, max-image-preview:large, max-video-preview:-1\" \/>\n<link rel=\"canonical\" href=\"https:\/\/medicinasinc.com\/de\/product\/kaufen-nembutal-pentobarbital\/\" \/>\n<meta property=\"og:locale\" content=\"de_DE\" \/>\n<meta property=\"og:type\" content=\"article\" \/>\n<meta property=\"og:title\" content=\"Kaufen Sie Nembutal Pentobarbital - Best Global Meds\" \/>\n<meta property=\"og:description\" content=\"Welche Darreichungsformen von Nembutal Phenobarbital ben\u00f6tigen Sie? Jeder auf der Welt kann Nembutal online in einer Online-Apotheke kaufen. Nehmen Sie jederzeit und von \u00fcberall Kontakt mit uns auf. Alle Fragen oder Bedenken unserer Kunden werden umgehend von einem unserer Kundendienstmitarbeiter beantwortet. Die Qualit\u00e4t Ihrer Medikamente oder der Status Ihrer Lieferung spielen f\u00fcr Sie keine Rolle, wenn Sie mit uns zusammenarbeiten. Nembutal Phenobarbital zum Verkauf kann per Telefon, E-Mail oder SMS gekauft werden. Jetzt ist die Zeit zum Verbinden!\" \/>\n<meta property=\"og:url\" content=\"https:\/\/medicinasinc.com\/de\/product\/kaufen-nembutal-pentobarbital\/\" \/>\n<meta property=\"og:site_name\" content=\"Medicinas Inc\" \/>\n<meta property=\"article:modified_time\" content=\"2022-03-18T00:10:06+00:00\" \/>\n<meta property=\"og:image\" content=\"https:\/\/medicinasinc.com\/de\/wp-content\/uploads\/sites\/6\/2022\/02\/buy-Nembutal-Pentobarbital-1.jpg\" \/>\n\t<meta property=\"og:image:width\" content=\"600\" \/>\n\t<meta property=\"og:image:height\" content=\"600\" \/>\n\t<meta property=\"og:image:type\" content=\"image\/jpeg\" \/>\n<meta name=\"twitter:card\" content=\"summary_large_image\" \/>\n<meta name=\"twitter:label1\" content=\"Gesch\u00e4tzte Lesezeit\" \/>\n\t<meta name=\"twitter:data1\" content=\"2\u00a0Minuten\" \/>\n<script type=\"application\/ld+json\" class=\"yoast-schema-graph\">{\"@context\":\"https:\\\/\\\/schema.org\",\"@graph\":[{\"@type\":\"WebPage\",\"@id\":\"https:\\\/\\\/medicinasinc.com\\\/de\\\/product\\\/kaufen-nembutal-pentobarbital\\\/\",\"url\":\"https:\\\/\\\/medicinasinc.com\\\/de\\\/product\\\/kaufen-nembutal-pentobarbital\\\/\",\"name\":\"Kaufen Sie Nembutal Pentobarbital - Best Global Meds\",\"isPartOf\":{\"@id\":\"https:\\\/\\\/medicinasinc.com\\\/de\\\/#website\"},\"primaryImageOfPage\":{\"@id\":\"https:\\\/\\\/medicinasinc.com\\\/de\\\/product\\\/kaufen-nembutal-pentobarbital\\\/#primaryimage\"},\"image\":{\"@id\":\"https:\\\/\\\/medicinasinc.com\\\/de\\\/product\\\/kaufen-nembutal-pentobarbital\\\/#primaryimage\"},\"thumbnailUrl\":\"https:\\\/\\\/medicinasinc.com\\\/de\\\/wp-content\\\/uploads\\\/sites\\\/6\\\/2022\\\/02\\\/buy-Nembutal-Pentobarbital-1.jpg\",\"datePublished\":\"2022-02-22T06:52:56+00:00\",\"dateModified\":\"2022-03-18T00:10:06+00:00\",\"breadcrumb\":{\"@id\":\"https:\\\/\\\/medicinasinc.com\\\/de\\\/product\\\/kaufen-nembutal-pentobarbital\\\/#breadcrumb\"},\"inLanguage\":\"de\",\"potentialAction\":[{\"@type\":\"ReadAction\",\"target\":[\"https:\\\/\\\/medicinasinc.com\\\/de\\\/product\\\/kaufen-nembutal-pentobarbital\\\/\"]}]},{\"@type\":\"ImageObject\",\"inLanguage\":\"de\",\"@id\":\"https:\\\/\\\/medicinasinc.com\\\/de\\\/product\\\/kaufen-nembutal-pentobarbital\\\/#primaryimage\",\"url\":\"https:\\\/\\\/medicinasinc.com\\\/de\\\/wp-content\\\/uploads\\\/sites\\\/6\\\/2022\\\/02\\\/buy-Nembutal-Pentobarbital-1.jpg\",\"contentUrl\":\"https:\\\/\\\/medicinasinc.com\\\/de\\\/wp-content\\\/uploads\\\/sites\\\/6\\\/2022\\\/02\\\/buy-Nembutal-Pentobarbital-1.jpg\",\"width\":600,\"height\":600},{\"@type\":\"BreadcrumbList\",\"@id\":\"https:\\\/\\\/medicinasinc.com\\\/de\\\/product\\\/kaufen-nembutal-pentobarbital\\\/#breadcrumb\",\"itemListElement\":[{\"@type\":\"ListItem\",\"position\":1,\"name\":\"Einkaufen\",\"item\":\"https:\\\/\\\/medicinasinc.com\\\/de\\\/einkaufen\\\/\"},{\"@type\":\"ListItem\",\"position\":2,\"name\":\"Kaufen Sie Nembutal Pentobarbital\"}]},{\"@type\":\"WebSite\",\"@id\":\"https:\\\/\\\/medicinasinc.com\\\/de\\\/#website\",\"url\":\"https:\\\/\\\/medicinasinc.com\\\/de\\\/\",\"name\":\"Medicinas Inc\",\"description\":\"Health Medical Clinic\",\"potentialAction\":[{\"@type\":\"SearchAction\",\"target\":{\"@type\":\"EntryPoint\",\"urlTemplate\":\"https:\\\/\\\/medicinasinc.com\\\/de\\\/?s={search_term_string}\"},\"query-input\":{\"@type\":\"PropertyValueSpecification\",\"valueRequired\":true,\"valueName\":\"search_term_string\"}}],\"inLanguage\":\"de\"}]}<\/script>\n<!-- \/ Yoast SEO plugin. -->","yoast_head_json":{"title":"Kaufen Sie Nembutal Pentobarbital - Best Global Meds","robots":{"index":"index","follow":"follow","max-snippet":"max-snippet:-1","max-image-preview":"max-image-preview:large","max-video-preview":"max-video-preview:-1"},"canonical":"https:\/\/medicinasinc.com\/de\/product\/kaufen-nembutal-pentobarbital\/","og_locale":"de_DE","og_type":"article","og_title":"Kaufen Sie Nembutal Pentobarbital - Best Global Meds","og_description":"Welche Darreichungsformen von Nembutal Phenobarbital ben\u00f6tigen Sie? Jeder auf der Welt kann Nembutal online in einer Online-Apotheke kaufen. Nehmen Sie jederzeit und von \u00fcberall Kontakt mit uns auf. Alle Fragen oder Bedenken unserer Kunden werden umgehend von einem unserer Kundendienstmitarbeiter beantwortet. Die Qualit\u00e4t Ihrer Medikamente oder der Status Ihrer Lieferung spielen f\u00fcr Sie keine Rolle, wenn Sie mit uns zusammenarbeiten. Nembutal Phenobarbital zum Verkauf kann per Telefon, E-Mail oder SMS gekauft werden. Jetzt ist die Zeit zum Verbinden!","og_url":"https:\/\/medicinasinc.com\/de\/product\/kaufen-nembutal-pentobarbital\/","og_site_name":"Medicinas Inc","article_modified_time":"2022-03-18T00:10:06+00:00","og_image":[{"width":600,"height":600,"url":"https:\/\/medicinasinc.com\/de\/wp-content\/uploads\/sites\/6\/2022\/02\/buy-Nembutal-Pentobarbital-1.jpg","type":"image\/jpeg"}],"twitter_card":"summary_large_image","twitter_misc":{"Gesch\u00e4tzte Lesezeit":"2\u00a0Minuten"},"schema":{"@context":"https:\/\/schema.org","@graph":[{"@type":"WebPage","@id":"https:\/\/medicinasinc.com\/de\/product\/kaufen-nembutal-pentobarbital\/","url":"https:\/\/medicinasinc.com\/de\/product\/kaufen-nembutal-pentobarbital\/","name":"Kaufen Sie Nembutal Pentobarbital - Best Global Meds","isPartOf":{"@id":"https:\/\/medicinasinc.com\/de\/#website"},"primaryImageOfPage":{"@id":"https:\/\/medicinasinc.com\/de\/product\/kaufen-nembutal-pentobarbital\/#primaryimage"},"image":{"@id":"https:\/\/medicinasinc.com\/de\/product\/kaufen-nembutal-pentobarbital\/#primaryimage"},"thumbnailUrl":"https:\/\/medicinasinc.com\/de\/wp-content\/uploads\/sites\/6\/2022\/02\/buy-Nembutal-Pentobarbital-1.jpg","datePublished":"2022-02-22T06:52:56+00:00","dateModified":"2022-03-18T00:10:06+00:00","breadcrumb":{"@id":"https:\/\/medicinasinc.com\/de\/product\/kaufen-nembutal-pentobarbital\/#breadcrumb"},"inLanguage":"de","potentialAction":[{"@type":"ReadAction","target":["https:\/\/medicinasinc.com\/de\/product\/kaufen-nembutal-pentobarbital\/"]}]},{"@type":"ImageObject","inLanguage":"de","@id":"https:\/\/medicinasinc.com\/de\/product\/kaufen-nembutal-pentobarbital\/#primaryimage","url":"https:\/\/medicinasinc.com\/de\/wp-content\/uploads\/sites\/6\/2022\/02\/buy-Nembutal-Pentobarbital-1.jpg","contentUrl":"https:\/\/medicinasinc.com\/de\/wp-content\/uploads\/sites\/6\/2022\/02\/buy-Nembutal-Pentobarbital-1.jpg","width":600,"height":600},{"@type":"BreadcrumbList","@id":"https:\/\/medicinasinc.com\/de\/product\/kaufen-nembutal-pentobarbital\/#breadcrumb","itemListElement":[{"@type":"ListItem","position":1,"name":"Einkaufen","item":"https:\/\/medicinasinc.com\/de\/einkaufen\/"},{"@type":"ListItem","position":2,"name":"Kaufen Sie Nembutal Pentobarbital"}]},{"@type":"WebSite","@id":"https:\/\/medicinasinc.com\/de\/#website","url":"https:\/\/medicinasinc.com\/de\/","name":"Medicinas Inc","description":"Health Medical Clinic","potentialAction":[{"@type":"SearchAction","target":{"@type":"EntryPoint","urlTemplate":"https:\/\/medicinasinc.com\/de\/?s={search_term_string}"},"query-input":{"@type":"PropertyValueSpecification","valueRequired":true,"valueName":"search_term_string"}}],"inLanguage":"de"}]}},"_links":{"self":[{"href":"https:\/\/medicinasinc.com\/de\/wp-json\/wp\/v2\/product\/5822","targetHints":{"allow":["GET"]}}],"collection":[{"href":"https:\/\/medicinasinc.com\/de\/wp-json\/wp\/v2\/product"}],"about":[{"href":"https:\/\/medicinasinc.com\/de\/wp-json\/wp\/v2\/types\/product"}],"replies":[{"embeddable":true,"href":"https:\/\/medicinasinc.com\/de\/wp-json\/wp\/v2\/comments?post=5822"}],"wp:featuredmedia":[{"embeddable":true,"href":"https:\/\/medicinasinc.com\/de\/wp-json\/wp\/v2\/media\/5832"}],"wp:attachment":[{"href":"https:\/\/medicinasinc.com\/de\/wp-json\/wp\/v2\/media?parent=5822"}],"wp:term":[{"taxonomy":"product_brand","embeddable":true,"href":"https:\/\/medicinasinc.com\/de\/wp-json\/wp\/v2\/product_brand?post=5822"},{"taxonomy":"product_cat","embeddable":true,"href":"https:\/\/medicinasinc.com\/de\/wp-json\/wp\/v2\/product_cat?post=5822"},{"taxonomy":"product_tag","embeddable":true,"href":"https:\/\/medicinasinc.com\/de\/wp-json\/wp\/v2\/product_tag?post=5822"}],"curies":[{"name":"wp","href":"https:\/\/api.w.org\/{rel}","templated":true}]}}