{"id":5816,"date":"2022-02-22T06:47:51","date_gmt":"2022-02-22T06:47:51","guid":{"rendered":"https:\/\/medicinasinc.com\/de\/?post_type=product&#038;p=5816"},"modified":"2022-03-18T00:10:17","modified_gmt":"2022-03-18T00:10:17","slug":"kaufen-nembutal-pillen","status":"publish","type":"product","link":"https:\/\/medicinasinc.com\/de\/product\/kaufen-nembutal-pillen\/","title":{"rendered":"Kaufen Sie Nembutal-Pillen"},"content":{"rendered":"<p>Nembutal-Tabletten zum Verkauf von der besten Online-Apotheke zu g\u00fcnstigen Preisen<\/p>\n<p>Sie k\u00f6nnen jetzt Nembutal-Tabletten bei Best Global Meds kaufen und ihr volles Potenzial f\u00fcr Ihre Gesundheit nutzen. Wir ber\u00fccksichtigen Ihre Bestellung und sorgen daf\u00fcr, dass sie dort ankommt, wo sie hin soll. Wenn Sie Nembutal-Tabletten zum Verkauf erwerben m\u00f6chten, setzen Sie sich noch heute mit uns in Verbindung.<\/p>\n<p>Wir sind in der Lage, Nembutal-Tabletten auf pr\u00e4zise Weise anzubieten, da wir in der Branche einen ausgezeichneten Ruf haben. Um sicherzustellen, dass unsere Kunden ihre Bestellungen so schnell wie m\u00f6glich erhalten, verwenden wir einen einfachen und zweckm\u00e4\u00dfigen Versandprozess. Wir setzen alles daran, dass unsere Kunden nicht auf ihre Produkte warten m\u00fcssen.<\/p>\n<p>Als professionelle Online-Apotheke verpassen wir keinen Schlag, wenn es darum geht, dass Ihre Bestellung p\u00fcnktlich ankommt . Damit nichts \u00fcbersehen wird, \u00fcberwacht ein Mitglied unseres Teams rund um die Uhr alles. Wir m\u00f6chten, dass unsere Verbraucher die gr\u00f6\u00dftm\u00f6gliche Sorgfalt f\u00fcr ihr Wohlbefinden haben.<\/p>\n<p>Was ist der Zweck von Nembutal-Pillen?<\/p>\n<p>Der Kauf von Nembutal-Pillen in einer \u00f6rtlichen Apotheke oder Apotheke wird nicht erreicht Sie einfach irgendein altes Medikament. Bei der Behandlung von Schlafentzug handelt es sich um ein Bet\u00e4ubungsmittel, das in hohen Dosen eingesetzt wird. Patienten in Krankenh\u00e4usern und medizinischen Kliniken werden von \u00c4rzten und Chirurgen mit Nembutal-Pillen eingeschl\u00e4fert, um mit dem Prozess fortzufahren. F\u00fcr diejenigen, die Nembutal-Pillen ben\u00f6tigen, k\u00f6nnen Sie sich an die Online Nembutal Pharmacy wenden, eine erstklassige Internet-Apotheke. Hier finden Sie die Gr\u00f6\u00dften der Besten. Nehmen Sie gleich Kontakt mit uns auf!<\/p>\n","protected":false},"excerpt":{"rendered":"<p>Wie finde ich die beste Online-Apotheke, um Nembutal-Pillen zu kaufen?<\/p>\n<p>Kaufen Sie Nembutal [Pillen aus unserer Auswahl an Pentobarbital-Natrium-Pillen und -Injektionen, Barbiturat-Medikamenten und Nembutal zum Verkauf in meiner N\u00e4he mit sicherem Transport.<\/p>\n<p>Wenn Sie sich nicht sicher sind, wie Sie sich mit der besten Online-Apotheke verbinden k\u00f6nnen, um Nembutal-Tabletten online zu kaufen, steht Pentobarbital Global Meds immer zur Verf\u00fcgung, um Ihnen zu helfen. Wir sind hier, um Ihnen beim Online-Kauf von Nembutal-Pillen zum niedrigstm\u00f6glichen Preis behilflich zu sein. Hier k\u00f6nnen Sie Ihre Bestellung aufgeben und auf die zeitnahe Fertigstellung warten. Wir werden die Lieferung nicht unn\u00f6tig verz\u00f6gern. Kontaktieren Sie uns umgehend!<\/p>\n","protected":false},"featured_media":5826,"comment_status":"open","ping_status":"closed","template":"","meta":[],"product_brand":[],"product_cat":[3818],"product_tag":[3868,3825,3839,3832,3857,3858,3863,3864,3865,3859,3862,3871,3861,3860,3867,3915,3837],"class_list":{"0":"post-5816","1":"product","2":"type-product","3":"status-publish","4":"has-post-thumbnail","6":"product_cat-pentobarbital-zu-verkaufen","7":"product_tag-nembutal-pillen-lieferant","8":"product_tag-buy-nembutal-pills-online","9":"product_tag-how-can-i-take-nembutal","10":"product_tag-kann-ich-nembutal-online-bestellen","11":"product_tag-nembutal-pills","12":"product_tag-nembutal-pills-buy","13":"product_tag-nembutal-pills-buy-uk","14":"product_tag-nembutal-pills-dose","15":"product_tag-nembutal-pills-for-sale","16":"product_tag-nembutal-pillen-kaufen-australien","17":"product_tag-nembutal-pillen-online-kaufen","18":"product_tag-nembutal-pillen-bestellen","19":"product_tag-nembutal-pillen-kaufen-europa","20":"product_tag-nembutal-pillen-kaufen-sterreich","21":"product_tag-nembutal-pillen-berdose","22":"product_tag-where-can-i-buy-nembutal-pills","23":"product_tag-wie-kann-ich-nembutal-pillen-bestellen","25":"first","26":"instock","27":"shipping-taxable","28":"purchasable","29":"product-type-variable"},"yoast_head":"<!-- This site is optimized with the Yoast SEO plugin v27.3 - https:\/\/yoast.com\/product\/yoast-seo-wordpress\/ -->\n<title>Kaufen Sie Nembutal-Pillen - die besten besten globalen Medikamente<\/title>\n<meta name=\"description\" content=\"Kaufen Sie Nembutal [Pillen von unseren Pentobarbital Sodium Pills &amp; Injektionen, Barbiturate und Nembutal zum Verkauf in meiner N\u00e4he mit sicherem Versand.\" \/>\n<meta name=\"robots\" content=\"index, follow, max-snippet:-1, max-image-preview:large, max-video-preview:-1\" \/>\n<link rel=\"canonical\" href=\"https:\/\/medicinasinc.com\/de\/product\/kaufen-nembutal-pillen\/\" \/>\n<meta property=\"og:locale\" content=\"de_DE\" \/>\n<meta property=\"og:type\" content=\"article\" \/>\n<meta property=\"og:title\" content=\"Kaufen Sie Nembutal-Pillen - die besten besten globalen Medikamente\" \/>\n<meta property=\"og:description\" content=\"Kaufen Sie Nembutal [Pillen von unseren Pentobarbital Sodium Pills &amp; Injektionen, Barbiturate und Nembutal zum Verkauf in meiner N\u00e4he mit sicherem Versand.\" \/>\n<meta property=\"og:url\" content=\"https:\/\/medicinasinc.com\/de\/product\/kaufen-nembutal-pillen\/\" \/>\n<meta property=\"og:site_name\" content=\"Medicinas Inc\" \/>\n<meta property=\"article:modified_time\" content=\"2022-03-18T00:10:17+00:00\" \/>\n<meta property=\"og:image\" content=\"https:\/\/medicinasinc.com\/de\/wp-content\/uploads\/sites\/6\/2022\/02\/Buy-Nembutal-Pills.jpg\" \/>\n\t<meta property=\"og:image:width\" content=\"600\" \/>\n\t<meta property=\"og:image:height\" content=\"600\" \/>\n\t<meta property=\"og:image:type\" content=\"image\/jpeg\" \/>\n<meta name=\"twitter:card\" content=\"summary_large_image\" \/>\n<meta name=\"twitter:label1\" content=\"Gesch\u00e4tzte Lesezeit\" \/>\n\t<meta name=\"twitter:data1\" content=\"2\u00a0Minuten\" \/>\n<script type=\"application\/ld+json\" class=\"yoast-schema-graph\">{\"@context\":\"https:\\\/\\\/schema.org\",\"@graph\":[{\"@type\":\"WebPage\",\"@id\":\"https:\\\/\\\/medicinasinc.com\\\/de\\\/product\\\/kaufen-nembutal-pillen\\\/\",\"url\":\"https:\\\/\\\/medicinasinc.com\\\/de\\\/product\\\/kaufen-nembutal-pillen\\\/\",\"name\":\"Kaufen Sie Nembutal-Pillen - die besten besten globalen Medikamente\",\"isPartOf\":{\"@id\":\"https:\\\/\\\/medicinasinc.com\\\/de\\\/#website\"},\"primaryImageOfPage\":{\"@id\":\"https:\\\/\\\/medicinasinc.com\\\/de\\\/product\\\/kaufen-nembutal-pillen\\\/#primaryimage\"},\"image\":{\"@id\":\"https:\\\/\\\/medicinasinc.com\\\/de\\\/product\\\/kaufen-nembutal-pillen\\\/#primaryimage\"},\"thumbnailUrl\":\"https:\\\/\\\/medicinasinc.com\\\/de\\\/wp-content\\\/uploads\\\/sites\\\/6\\\/2022\\\/02\\\/Buy-Nembutal-Pills.jpg\",\"datePublished\":\"2022-02-22T06:47:51+00:00\",\"dateModified\":\"2022-03-18T00:10:17+00:00\",\"description\":\"Kaufen Sie Nembutal [Pillen von unseren Pentobarbital Sodium Pills &amp; Injektionen, Barbiturate und Nembutal zum Verkauf in meiner N\u00e4he mit sicherem Versand.\",\"breadcrumb\":{\"@id\":\"https:\\\/\\\/medicinasinc.com\\\/de\\\/product\\\/kaufen-nembutal-pillen\\\/#breadcrumb\"},\"inLanguage\":\"de\",\"potentialAction\":[{\"@type\":\"ReadAction\",\"target\":[\"https:\\\/\\\/medicinasinc.com\\\/de\\\/product\\\/kaufen-nembutal-pillen\\\/\"]}]},{\"@type\":\"ImageObject\",\"inLanguage\":\"de\",\"@id\":\"https:\\\/\\\/medicinasinc.com\\\/de\\\/product\\\/kaufen-nembutal-pillen\\\/#primaryimage\",\"url\":\"https:\\\/\\\/medicinasinc.com\\\/de\\\/wp-content\\\/uploads\\\/sites\\\/6\\\/2022\\\/02\\\/Buy-Nembutal-Pills.jpg\",\"contentUrl\":\"https:\\\/\\\/medicinasinc.com\\\/de\\\/wp-content\\\/uploads\\\/sites\\\/6\\\/2022\\\/02\\\/Buy-Nembutal-Pills.jpg\",\"width\":600,\"height\":600},{\"@type\":\"BreadcrumbList\",\"@id\":\"https:\\\/\\\/medicinasinc.com\\\/de\\\/product\\\/kaufen-nembutal-pillen\\\/#breadcrumb\",\"itemListElement\":[{\"@type\":\"ListItem\",\"position\":1,\"name\":\"Einkaufen\",\"item\":\"https:\\\/\\\/medicinasinc.com\\\/de\\\/einkaufen\\\/\"},{\"@type\":\"ListItem\",\"position\":2,\"name\":\"Kaufen Sie Nembutal-Pillen\"}]},{\"@type\":\"WebSite\",\"@id\":\"https:\\\/\\\/medicinasinc.com\\\/de\\\/#website\",\"url\":\"https:\\\/\\\/medicinasinc.com\\\/de\\\/\",\"name\":\"Medicinas Inc\",\"description\":\"Health Medical Clinic\",\"potentialAction\":[{\"@type\":\"SearchAction\",\"target\":{\"@type\":\"EntryPoint\",\"urlTemplate\":\"https:\\\/\\\/medicinasinc.com\\\/de\\\/?s={search_term_string}\"},\"query-input\":{\"@type\":\"PropertyValueSpecification\",\"valueRequired\":true,\"valueName\":\"search_term_string\"}}],\"inLanguage\":\"de\"}]}<\/script>\n<!-- \/ Yoast SEO plugin. -->","yoast_head_json":{"title":"Kaufen Sie Nembutal-Pillen - die besten besten globalen Medikamente","description":"Kaufen Sie Nembutal [Pillen von unseren Pentobarbital Sodium Pills &amp; Injektionen, Barbiturate und Nembutal zum Verkauf in meiner N\u00e4he mit sicherem Versand.","robots":{"index":"index","follow":"follow","max-snippet":"max-snippet:-1","max-image-preview":"max-image-preview:large","max-video-preview":"max-video-preview:-1"},"canonical":"https:\/\/medicinasinc.com\/de\/product\/kaufen-nembutal-pillen\/","og_locale":"de_DE","og_type":"article","og_title":"Kaufen Sie Nembutal-Pillen - die besten besten globalen Medikamente","og_description":"Kaufen Sie Nembutal [Pillen von unseren Pentobarbital Sodium Pills &amp; Injektionen, Barbiturate und Nembutal zum Verkauf in meiner N\u00e4he mit sicherem Versand.","og_url":"https:\/\/medicinasinc.com\/de\/product\/kaufen-nembutal-pillen\/","og_site_name":"Medicinas Inc","article_modified_time":"2022-03-18T00:10:17+00:00","og_image":[{"width":600,"height":600,"url":"https:\/\/medicinasinc.com\/de\/wp-content\/uploads\/sites\/6\/2022\/02\/Buy-Nembutal-Pills.jpg","type":"image\/jpeg"}],"twitter_card":"summary_large_image","twitter_misc":{"Gesch\u00e4tzte Lesezeit":"2\u00a0Minuten"},"schema":{"@context":"https:\/\/schema.org","@graph":[{"@type":"WebPage","@id":"https:\/\/medicinasinc.com\/de\/product\/kaufen-nembutal-pillen\/","url":"https:\/\/medicinasinc.com\/de\/product\/kaufen-nembutal-pillen\/","name":"Kaufen Sie Nembutal-Pillen - die besten besten globalen Medikamente","isPartOf":{"@id":"https:\/\/medicinasinc.com\/de\/#website"},"primaryImageOfPage":{"@id":"https:\/\/medicinasinc.com\/de\/product\/kaufen-nembutal-pillen\/#primaryimage"},"image":{"@id":"https:\/\/medicinasinc.com\/de\/product\/kaufen-nembutal-pillen\/#primaryimage"},"thumbnailUrl":"https:\/\/medicinasinc.com\/de\/wp-content\/uploads\/sites\/6\/2022\/02\/Buy-Nembutal-Pills.jpg","datePublished":"2022-02-22T06:47:51+00:00","dateModified":"2022-03-18T00:10:17+00:00","description":"Kaufen Sie Nembutal [Pillen von unseren Pentobarbital Sodium Pills &amp; Injektionen, Barbiturate und Nembutal zum Verkauf in meiner N\u00e4he mit sicherem Versand.","breadcrumb":{"@id":"https:\/\/medicinasinc.com\/de\/product\/kaufen-nembutal-pillen\/#breadcrumb"},"inLanguage":"de","potentialAction":[{"@type":"ReadAction","target":["https:\/\/medicinasinc.com\/de\/product\/kaufen-nembutal-pillen\/"]}]},{"@type":"ImageObject","inLanguage":"de","@id":"https:\/\/medicinasinc.com\/de\/product\/kaufen-nembutal-pillen\/#primaryimage","url":"https:\/\/medicinasinc.com\/de\/wp-content\/uploads\/sites\/6\/2022\/02\/Buy-Nembutal-Pills.jpg","contentUrl":"https:\/\/medicinasinc.com\/de\/wp-content\/uploads\/sites\/6\/2022\/02\/Buy-Nembutal-Pills.jpg","width":600,"height":600},{"@type":"BreadcrumbList","@id":"https:\/\/medicinasinc.com\/de\/product\/kaufen-nembutal-pillen\/#breadcrumb","itemListElement":[{"@type":"ListItem","position":1,"name":"Einkaufen","item":"https:\/\/medicinasinc.com\/de\/einkaufen\/"},{"@type":"ListItem","position":2,"name":"Kaufen Sie Nembutal-Pillen"}]},{"@type":"WebSite","@id":"https:\/\/medicinasinc.com\/de\/#website","url":"https:\/\/medicinasinc.com\/de\/","name":"Medicinas Inc","description":"Health Medical Clinic","potentialAction":[{"@type":"SearchAction","target":{"@type":"EntryPoint","urlTemplate":"https:\/\/medicinasinc.com\/de\/?s={search_term_string}"},"query-input":{"@type":"PropertyValueSpecification","valueRequired":true,"valueName":"search_term_string"}}],"inLanguage":"de"}]}},"_links":{"self":[{"href":"https:\/\/medicinasinc.com\/de\/wp-json\/wp\/v2\/product\/5816","targetHints":{"allow":["GET"]}}],"collection":[{"href":"https:\/\/medicinasinc.com\/de\/wp-json\/wp\/v2\/product"}],"about":[{"href":"https:\/\/medicinasinc.com\/de\/wp-json\/wp\/v2\/types\/product"}],"replies":[{"embeddable":true,"href":"https:\/\/medicinasinc.com\/de\/wp-json\/wp\/v2\/comments?post=5816"}],"wp:featuredmedia":[{"embeddable":true,"href":"https:\/\/medicinasinc.com\/de\/wp-json\/wp\/v2\/media\/5826"}],"wp:attachment":[{"href":"https:\/\/medicinasinc.com\/de\/wp-json\/wp\/v2\/media?parent=5816"}],"wp:term":[{"taxonomy":"product_brand","embeddable":true,"href":"https:\/\/medicinasinc.com\/de\/wp-json\/wp\/v2\/product_brand?post=5816"},{"taxonomy":"product_cat","embeddable":true,"href":"https:\/\/medicinasinc.com\/de\/wp-json\/wp\/v2\/product_cat?post=5816"},{"taxonomy":"product_tag","embeddable":true,"href":"https:\/\/medicinasinc.com\/de\/wp-json\/wp\/v2\/product_tag?post=5816"}],"curies":[{"name":"wp","href":"https:\/\/api.w.org\/{rel}","templated":true}]}}