{"id":5810,"date":"2022-02-22T06:41:43","date_gmt":"2022-02-22T06:41:43","guid":{"rendered":"https:\/\/medicinasinc.com\/de\/?post_type=product&#038;p=5810"},"modified":"2022-03-18T00:10:27","modified_gmt":"2022-03-18T00:10:27","slug":"nembutal-tabletten-kaufen","status":"publish","type":"product","link":"https:\/\/medicinasinc.com\/de\/product\/nembutal-tabletten-kaufen\/","title":{"rendered":"Kaufen Sie Nembutal Tabletten"},"content":{"rendered":"<p>Nembutal-Tabletten zum Online-Verkauf zu den niedrigsten Preisen von unserer seri\u00f6sen Online-Apotheke<\/p>\n<p>Die Online-Plattform hat es f\u00fcr jeden einfach und unkompliziert gemacht, Nembutal-Tabletten zu erwerben. Wenn Sie daran interessiert sind, Nembutal-Tabletten auch online zu kaufen, wenden Sie sich an die Online Nembutal Pharmacy. Unsere Apotheke ist ein engagierter, zuverl\u00e4ssiger und wirtschaftlicher Ort f\u00fcr Sie, um Ihren Nembutal-Bedarf zu erf\u00fcllen.<\/p>\n<p>Wir glauben an die Bedeutung hochwertiger Artikel und bem\u00fchen uns, sie unseren Kunden anzubieten. Wir werden Ihre Anfrage zum Online-Kauf von Nembutal-Tabletten zum besten Preis umgehend bearbeiten. Wir lassen Sie nicht ewig warten. Unsere Online-Apotheke versendet Ihre Produkte umgehend. Unser Vertriebssystem ist diskret und sicher. Wir lassen keinen Raum f\u00fcr Fehler. Alle Auftr\u00e4ge werden hier fachm\u00e4nnisch ausgef\u00fchrt. Kaufen Sie sofort!<\/p>\n<p>Nembutal-Tabletten \u2013 Informieren Sie sich \u00fcber die sichere Verwendung mit Hilfe unseres professionellen Teams<\/p>\n<p>Nembutal-Tabletten werden h\u00e4ufig zur Behandlung von Schlaflosigkeit, Sedierung und Krampfanf\u00e4llen verschrieben. Seit langem liefern wir Nembutal-Tabletten in die ganze Welt. In bestimmten F\u00e4llen verwenden Chirurgen dieses Arzneimittel, um Patienten zu sedieren, bevor sie operiert werden. Wir f\u00fchren regelm\u00e4\u00dfige Tests mit diesen Tabletten durch, um ihre Wirksamkeit sicherzustellen.<\/p>\n<p>Wir f\u00fcgen Nembutal-Tabletten einen Medikationsleitfaden bei. Dies hilft unseren Kunden, das Medikament richtig zu verabreichen und die angemessene Dosis basierend auf ihrem Gewicht, Alter und Gesundheitszustand zu verstehen. Dar\u00fcber hinaus glauben wir, dass Nembutal-Tabletten das einfachste und wirksamste Medikament f\u00fcr Personen mit Schlafst\u00f6rungen sind.<\/p>\n<p>Unsere Fachleute sind 24 Stunden am Tag f\u00fcr Sie da, um Ihnen dabei zu helfen, alles \u00fcber die Nembutal-Tabletten zu verstehen. Unsere Nembutal-Tabletten sind preiswert. Sie m\u00fcssen sich jedoch keine Gedanken \u00fcber die Kosten dieses Produkts machen. Bestellen Sie Ihren Bedarf sofort!<\/p>\n","protected":false},"excerpt":{"rendered":"<p>Wie k\u00f6nnen wir Ihnen helfen, Nembutal-Tabletten Phenobarbital zum Verkauf in Gro\u00dfbritannien, Europa online zu kaufen? Die Online-Nembutal-Apotheke steht allen Menschen weltweit zur Verf\u00fcgung. Sie k\u00f6nnen uns jederzeit und \u00fcberall erreichen.<\/p>\n<p>Bei Online Nembutal Pharmacy k\u00f6nnen Sie Nembutal-Tabletten kaufen und innerhalb weniger Tage an Ihre angegebene Adresse liefern lassen. Nembutal-Tabletten m\u00fcssen Ihrem Online-Warenkorb hinzugef\u00fcgt werden, um die Transaktion abzuschlie\u00dfen. Gehen Sie zum Zahlungsbereich und bezahlen Sie, sobald Sie es hinzugef\u00fcgt haben. Sie k\u00f6nnen Ihre Bestellung aufgeben, sobald Sie Ihre Zahlung get\u00e4tigt haben. Wir liefern Ihre Bestellung an Sie aus, sobald sie in unserer Online-Apotheke eingegangen ist. Geben Sie jetzt Ihre Bestellung auf!<\/p>\n","protected":false},"featured_media":5820,"comment_status":"open","ping_status":"closed","template":"","meta":[],"product_brand":[],"product_cat":[3818],"product_tag":[],"class_list":{"0":"post-5810","1":"product","2":"type-product","3":"status-publish","4":"has-post-thumbnail","6":"product_cat-pentobarbital-zu-verkaufen","8":"first","9":"instock","10":"shipping-taxable","11":"purchasable","12":"product-type-variable"},"yoast_head":"<!-- This site is optimized with the Yoast SEO plugin v27.3 - https:\/\/yoast.com\/product\/yoast-seo-wordpress\/ -->\n<title>Kaufen Sie Nembutal-Tabletten - die besten globalen Medikamente<\/title>\n<meta name=\"description\" content=\"Wie k\u00f6nnen wir Ihnen helfen, Nembutal-Tabletten Phenobarbital zum Verkauf in Gro\u00dfbritannien, Europa online zu kaufen? Die Online-Nembutal-Apotheke steht allen Menschen weltweit zur Verf\u00fcgung. Sie k\u00f6nnen uns jederzeit und \u00fcberall erreichen.\" \/>\n<meta name=\"robots\" content=\"index, follow, max-snippet:-1, max-image-preview:large, max-video-preview:-1\" \/>\n<link rel=\"canonical\" href=\"https:\/\/medicinasinc.com\/de\/product\/nembutal-tabletten-kaufen\/\" \/>\n<meta property=\"og:locale\" content=\"de_DE\" \/>\n<meta property=\"og:type\" content=\"article\" \/>\n<meta property=\"og:title\" content=\"Kaufen Sie Nembutal-Tabletten - die besten globalen Medikamente\" \/>\n<meta property=\"og:description\" content=\"Wie k\u00f6nnen wir Ihnen helfen, Nembutal-Tabletten Phenobarbital zum Verkauf in Gro\u00dfbritannien, Europa online zu kaufen? Die Online-Nembutal-Apotheke steht allen Menschen weltweit zur Verf\u00fcgung. Sie k\u00f6nnen uns jederzeit und \u00fcberall erreichen.\" \/>\n<meta property=\"og:url\" content=\"https:\/\/medicinasinc.com\/de\/product\/nembutal-tabletten-kaufen\/\" \/>\n<meta property=\"og:site_name\" content=\"Medicinas Inc\" \/>\n<meta property=\"article:modified_time\" content=\"2022-03-18T00:10:27+00:00\" \/>\n<meta property=\"og:image\" content=\"https:\/\/medicinasinc.com\/de\/wp-content\/uploads\/sites\/6\/2022\/02\/Buy-Nembutal-Tablets.jpg\" \/>\n\t<meta property=\"og:image:width\" content=\"600\" \/>\n\t<meta property=\"og:image:height\" content=\"600\" \/>\n\t<meta property=\"og:image:type\" content=\"image\/jpeg\" \/>\n<meta name=\"twitter:card\" content=\"summary_large_image\" \/>\n<meta name=\"twitter:label1\" content=\"Gesch\u00e4tzte Lesezeit\" \/>\n\t<meta name=\"twitter:data1\" content=\"2\u00a0Minuten\" \/>\n<script type=\"application\/ld+json\" class=\"yoast-schema-graph\">{\"@context\":\"https:\\\/\\\/schema.org\",\"@graph\":[{\"@type\":\"WebPage\",\"@id\":\"https:\\\/\\\/medicinasinc.com\\\/de\\\/product\\\/nembutal-tabletten-kaufen\\\/\",\"url\":\"https:\\\/\\\/medicinasinc.com\\\/de\\\/product\\\/nembutal-tabletten-kaufen\\\/\",\"name\":\"Kaufen Sie Nembutal-Tabletten - die besten globalen Medikamente\",\"isPartOf\":{\"@id\":\"https:\\\/\\\/medicinasinc.com\\\/de\\\/#website\"},\"primaryImageOfPage\":{\"@id\":\"https:\\\/\\\/medicinasinc.com\\\/de\\\/product\\\/nembutal-tabletten-kaufen\\\/#primaryimage\"},\"image\":{\"@id\":\"https:\\\/\\\/medicinasinc.com\\\/de\\\/product\\\/nembutal-tabletten-kaufen\\\/#primaryimage\"},\"thumbnailUrl\":\"https:\\\/\\\/medicinasinc.com\\\/de\\\/wp-content\\\/uploads\\\/sites\\\/6\\\/2022\\\/02\\\/Buy-Nembutal-Tablets.jpg\",\"datePublished\":\"2022-02-22T06:41:43+00:00\",\"dateModified\":\"2022-03-18T00:10:27+00:00\",\"description\":\"Wie k\u00f6nnen wir Ihnen helfen, Nembutal-Tabletten Phenobarbital zum Verkauf in Gro\u00dfbritannien, Europa online zu kaufen? Die Online-Nembutal-Apotheke steht allen Menschen weltweit zur Verf\u00fcgung. Sie k\u00f6nnen uns jederzeit und \u00fcberall erreichen.\",\"breadcrumb\":{\"@id\":\"https:\\\/\\\/medicinasinc.com\\\/de\\\/product\\\/nembutal-tabletten-kaufen\\\/#breadcrumb\"},\"inLanguage\":\"de\",\"potentialAction\":[{\"@type\":\"ReadAction\",\"target\":[\"https:\\\/\\\/medicinasinc.com\\\/de\\\/product\\\/nembutal-tabletten-kaufen\\\/\"]}]},{\"@type\":\"ImageObject\",\"inLanguage\":\"de\",\"@id\":\"https:\\\/\\\/medicinasinc.com\\\/de\\\/product\\\/nembutal-tabletten-kaufen\\\/#primaryimage\",\"url\":\"https:\\\/\\\/medicinasinc.com\\\/de\\\/wp-content\\\/uploads\\\/sites\\\/6\\\/2022\\\/02\\\/Buy-Nembutal-Tablets.jpg\",\"contentUrl\":\"https:\\\/\\\/medicinasinc.com\\\/de\\\/wp-content\\\/uploads\\\/sites\\\/6\\\/2022\\\/02\\\/Buy-Nembutal-Tablets.jpg\",\"width\":600,\"height\":600},{\"@type\":\"BreadcrumbList\",\"@id\":\"https:\\\/\\\/medicinasinc.com\\\/de\\\/product\\\/nembutal-tabletten-kaufen\\\/#breadcrumb\",\"itemListElement\":[{\"@type\":\"ListItem\",\"position\":1,\"name\":\"Einkaufen\",\"item\":\"https:\\\/\\\/medicinasinc.com\\\/de\\\/einkaufen\\\/\"},{\"@type\":\"ListItem\",\"position\":2,\"name\":\"Kaufen Sie Nembutal Tabletten\"}]},{\"@type\":\"WebSite\",\"@id\":\"https:\\\/\\\/medicinasinc.com\\\/de\\\/#website\",\"url\":\"https:\\\/\\\/medicinasinc.com\\\/de\\\/\",\"name\":\"Medicinas Inc\",\"description\":\"Health Medical Clinic\",\"potentialAction\":[{\"@type\":\"SearchAction\",\"target\":{\"@type\":\"EntryPoint\",\"urlTemplate\":\"https:\\\/\\\/medicinasinc.com\\\/de\\\/?s={search_term_string}\"},\"query-input\":{\"@type\":\"PropertyValueSpecification\",\"valueRequired\":true,\"valueName\":\"search_term_string\"}}],\"inLanguage\":\"de\"}]}<\/script>\n<!-- \/ Yoast SEO plugin. -->","yoast_head_json":{"title":"Kaufen Sie Nembutal-Tabletten - die besten globalen Medikamente","description":"Wie k\u00f6nnen wir Ihnen helfen, Nembutal-Tabletten Phenobarbital zum Verkauf in Gro\u00dfbritannien, Europa online zu kaufen? Die Online-Nembutal-Apotheke steht allen Menschen weltweit zur Verf\u00fcgung. Sie k\u00f6nnen uns jederzeit und \u00fcberall erreichen.","robots":{"index":"index","follow":"follow","max-snippet":"max-snippet:-1","max-image-preview":"max-image-preview:large","max-video-preview":"max-video-preview:-1"},"canonical":"https:\/\/medicinasinc.com\/de\/product\/nembutal-tabletten-kaufen\/","og_locale":"de_DE","og_type":"article","og_title":"Kaufen Sie Nembutal-Tabletten - die besten globalen Medikamente","og_description":"Wie k\u00f6nnen wir Ihnen helfen, Nembutal-Tabletten Phenobarbital zum Verkauf in Gro\u00dfbritannien, Europa online zu kaufen? Die Online-Nembutal-Apotheke steht allen Menschen weltweit zur Verf\u00fcgung. Sie k\u00f6nnen uns jederzeit und \u00fcberall erreichen.","og_url":"https:\/\/medicinasinc.com\/de\/product\/nembutal-tabletten-kaufen\/","og_site_name":"Medicinas Inc","article_modified_time":"2022-03-18T00:10:27+00:00","og_image":[{"width":600,"height":600,"url":"https:\/\/medicinasinc.com\/de\/wp-content\/uploads\/sites\/6\/2022\/02\/Buy-Nembutal-Tablets.jpg","type":"image\/jpeg"}],"twitter_card":"summary_large_image","twitter_misc":{"Gesch\u00e4tzte Lesezeit":"2\u00a0Minuten"},"schema":{"@context":"https:\/\/schema.org","@graph":[{"@type":"WebPage","@id":"https:\/\/medicinasinc.com\/de\/product\/nembutal-tabletten-kaufen\/","url":"https:\/\/medicinasinc.com\/de\/product\/nembutal-tabletten-kaufen\/","name":"Kaufen Sie Nembutal-Tabletten - die besten globalen Medikamente","isPartOf":{"@id":"https:\/\/medicinasinc.com\/de\/#website"},"primaryImageOfPage":{"@id":"https:\/\/medicinasinc.com\/de\/product\/nembutal-tabletten-kaufen\/#primaryimage"},"image":{"@id":"https:\/\/medicinasinc.com\/de\/product\/nembutal-tabletten-kaufen\/#primaryimage"},"thumbnailUrl":"https:\/\/medicinasinc.com\/de\/wp-content\/uploads\/sites\/6\/2022\/02\/Buy-Nembutal-Tablets.jpg","datePublished":"2022-02-22T06:41:43+00:00","dateModified":"2022-03-18T00:10:27+00:00","description":"Wie k\u00f6nnen wir Ihnen helfen, Nembutal-Tabletten Phenobarbital zum Verkauf in Gro\u00dfbritannien, Europa online zu kaufen? Die Online-Nembutal-Apotheke steht allen Menschen weltweit zur Verf\u00fcgung. Sie k\u00f6nnen uns jederzeit und \u00fcberall erreichen.","breadcrumb":{"@id":"https:\/\/medicinasinc.com\/de\/product\/nembutal-tabletten-kaufen\/#breadcrumb"},"inLanguage":"de","potentialAction":[{"@type":"ReadAction","target":["https:\/\/medicinasinc.com\/de\/product\/nembutal-tabletten-kaufen\/"]}]},{"@type":"ImageObject","inLanguage":"de","@id":"https:\/\/medicinasinc.com\/de\/product\/nembutal-tabletten-kaufen\/#primaryimage","url":"https:\/\/medicinasinc.com\/de\/wp-content\/uploads\/sites\/6\/2022\/02\/Buy-Nembutal-Tablets.jpg","contentUrl":"https:\/\/medicinasinc.com\/de\/wp-content\/uploads\/sites\/6\/2022\/02\/Buy-Nembutal-Tablets.jpg","width":600,"height":600},{"@type":"BreadcrumbList","@id":"https:\/\/medicinasinc.com\/de\/product\/nembutal-tabletten-kaufen\/#breadcrumb","itemListElement":[{"@type":"ListItem","position":1,"name":"Einkaufen","item":"https:\/\/medicinasinc.com\/de\/einkaufen\/"},{"@type":"ListItem","position":2,"name":"Kaufen Sie Nembutal Tabletten"}]},{"@type":"WebSite","@id":"https:\/\/medicinasinc.com\/de\/#website","url":"https:\/\/medicinasinc.com\/de\/","name":"Medicinas Inc","description":"Health Medical Clinic","potentialAction":[{"@type":"SearchAction","target":{"@type":"EntryPoint","urlTemplate":"https:\/\/medicinasinc.com\/de\/?s={search_term_string}"},"query-input":{"@type":"PropertyValueSpecification","valueRequired":true,"valueName":"search_term_string"}}],"inLanguage":"de"}]}},"_links":{"self":[{"href":"https:\/\/medicinasinc.com\/de\/wp-json\/wp\/v2\/product\/5810","targetHints":{"allow":["GET"]}}],"collection":[{"href":"https:\/\/medicinasinc.com\/de\/wp-json\/wp\/v2\/product"}],"about":[{"href":"https:\/\/medicinasinc.com\/de\/wp-json\/wp\/v2\/types\/product"}],"replies":[{"embeddable":true,"href":"https:\/\/medicinasinc.com\/de\/wp-json\/wp\/v2\/comments?post=5810"}],"wp:featuredmedia":[{"embeddable":true,"href":"https:\/\/medicinasinc.com\/de\/wp-json\/wp\/v2\/media\/5820"}],"wp:attachment":[{"href":"https:\/\/medicinasinc.com\/de\/wp-json\/wp\/v2\/media?parent=5810"}],"wp:term":[{"taxonomy":"product_brand","embeddable":true,"href":"https:\/\/medicinasinc.com\/de\/wp-json\/wp\/v2\/product_brand?post=5810"},{"taxonomy":"product_cat","embeddable":true,"href":"https:\/\/medicinasinc.com\/de\/wp-json\/wp\/v2\/product_cat?post=5810"},{"taxonomy":"product_tag","embeddable":true,"href":"https:\/\/medicinasinc.com\/de\/wp-json\/wp\/v2\/product_tag?post=5810"}],"curies":[{"name":"wp","href":"https:\/\/api.w.org\/{rel}","templated":true}]}}