{"id":5804,"date":"2022-02-22T06:35:00","date_gmt":"2022-02-22T06:35:00","guid":{"rendered":"https:\/\/medicinasinc.com\/de\/?post_type=product&#038;p=5804"},"modified":"2022-03-18T00:10:39","modified_gmt":"2022-03-18T00:10:39","slug":"kaufen-pentobarbital-natrium-online","status":"publish","type":"product","link":"https:\/\/medicinasinc.com\/de\/product\/kaufen-pentobarbital-natrium-online\/","title":{"rendered":"Pentobarbital-Natrium online kaufen"},"content":{"rendered":"<p>Kaufen Sie Pentobarbital-Natrium online.<\/p>\n<p>Eine intraven\u00f6se oder intramuskul\u00e4re Injektion von NEMBUTAL-Natriuml\u00f6sung (Pentobarbital-Natrium-Injektion) ist mit dieser sterilen L\u00f6sung sicher und einfach. Zur Injektion umfasst jeder Milliliter 50 Milligramm Natriumpentobarbital, gel\u00f6st in Propylenglycol 40 Prozent, Ethanol 10 Prozent und Wasser. Mit Salzs\u00e4ure oder Natriumhydroxid kann der pH-Wert auf 9,5 gebracht werden. Es kann in den Muskel oder die Vene des Patienten injiziert werden. Online-Kauf von Natriumpentobarbital f\u00fcr die Euthanasie von Tieren, Natriumpentobarbital f\u00fcr die Euthanasie von Tieren, Natriumpentobarbital-Gruppe, Natriumpentobarbital-Fl\u00fcssigkeit.<\/p>\n<p>Bei Best Global Meds k\u00f6nnen Sie jetzt Natriumpentobarbital online kaufen. Pentobarbital-Natrium-Injektion online bestellen und im vorgegebenen Zeitrahmen bis vor die Haust\u00fcr liefern lassen. Bitte nehmen Sie gleich Kontakt mit uns auf! Natriumpentobarbital zur Tiereuthanasie, Pentobarbital-Natriumfl\u00fcssigkeit<\/p>\n<p>Pentobarbital: Was ist es und wie wird es verwendet?<\/p>\n<p>Die kurzzeitige Anwendung von Pentobarbital, einem Barbiturat, wird zur Behandlung von Schlaflosigkeit eingesetzt. Um Patienten f\u00fcr Operationen einzuschl\u00e4fern, kann Pentobarbital auch als Notfalltherapie eingesetzt werden. Online-Kauf von Pentobarbital-Natrium, Natriumpentobarbital zur Tiereuthanasie und Pentobarbital-Natrium<\/p>\n<p>Pentobarbital kann in hohen Dosen Atemstillstand verursachen und zum Tod f\u00fchren. Einige Staaten und die Bundesregierung in den Vereinigten Staaten setzen es f\u00fcr die Hinrichtung von Kriminellen sowie f\u00fcr die Euthanasie von Tieren ein. Kaufen Sie Pentobarbital-Natrium online.<\/p>\n<p>Wenn es in t\u00f6dlichen Mengen verabreicht wird, ist Pentobarbital t\u00f6dlich. Tier- und Menscheneuthanasie k\u00f6nnen mit diesem Medikament durchgef\u00fchrt werden. In kommerziellen Tiereuthanasie-Injektionen kann es allein oder in Verbindung mit anderen Medikamenten wie Phenytoin verwendet werden.<\/p>\n<p>Euthanasie mit Pentobarbital<\/p>\n<p>Eines der am h\u00e4ufigsten verwendeten Barbiturate f\u00fcr An\u00e4sthesie und Euthanasie in der Veterin\u00e4rmedizin ist Pentobarbital (Nembutal). Wenn Sie friedlich sterben m\u00f6chten, ist dies eine ausgezeichnete Wahl f\u00fcr Euthanasie oder assistierten Suizid. Pentobarbital-Natrium online kaufen.<\/p>\n<p>Pentobarbital-Natrium wird auf welche Weise verabreicht?<br \/> Pentobarbital ist ein Beruhigungsmittel, das intraven\u00f6s oder intraperitoneal verabreicht werden kann. Pentobarbital kann als Bolus (Borkowski et al., 1990) oder CRI verabreicht werden, wenn es als Vollnarkose verwendet wird. Injektionsbeschwerden und Thrombophlebitis sind m\u00f6gliche Nebenwirkungen von Propylenglykol, einem h\u00e4ufigen Bestandteil kommerzieller Behandlungen. Kaufen Sie Pentobarbital-Natrium online.<\/p>\n<p>&nbsp;<\/p>\n<p>Kauf von Natriumpentobarbital in Gro\u00dfbritannien, Beschaffung von Pentobarbital-Natrium f\u00fcr Hunde, Beschaffung von Schlaftabletten mit Pentobarbital-Natrium, Beschaffung von Nembutal-Natrium-Pentobarbital und Beschaffung von Pentobarbital-Natrium Over the Counter sind alle m\u00f6glichen Optionen. Der Kauf von Natriumpentobarbital in Gro\u00dfbritannien ist ebenfalls eine Option. Die Verwendung des Arzneimittels Pentobarbital, auch als Pentobarbitalsalz bekannt, ist ein Beruhigungsmittel zur Behandlung von Anf\u00e4llen bei Hunden. Pentobarbital Sodium Online, Pentobarbital Sodium Buy, Pentobarbital Sodium China, Pentobarbital Sodium Death, Pentobarbital Sodium Dosage, Pentobarbital Sodium Injection For Dogs, Pentobarbital Sodium Injection For Humans, Pentobarbital Sodium Group, Pentobarbital Sodium Injection For Dogs, Pentobarbital Sodium Injection For Humans, Pentobarb<\/p>\n","protected":false},"excerpt":{"rendered":"<p>Nembutal-Pentobarbital zum Verkauf in Gro\u00dfbritannien, Europa online zu den besten Preisen finden Sie nur bei Online Nembutal Pharmacy.<\/p>\n<p>F\u00fcr die intraven\u00f6se oder intramuskul\u00e4re Anwendung ist Pentobarbital-Natrium-Injektion steril. Zur Injektion umfasst jeder Milliliter 50 Milligramm Natriumpentobarbital, gel\u00f6st in Propylenglycol 40 Prozent, Ethanol 10 Prozent und Wasser. Mit Salzs\u00e4ure oder Natronlauge kann der pH-Wert auf 9,5 gebracht werden.<\/p>\n","protected":false},"featured_media":5814,"comment_status":"open","ping_status":"closed","template":"","meta":[],"product_brand":[],"product_cat":[3818],"product_tag":[],"class_list":{"0":"post-5804","1":"product","2":"type-product","3":"status-publish","4":"has-post-thumbnail","6":"product_cat-pentobarbital-zu-verkaufen","8":"first","9":"instock","10":"shipping-taxable","11":"purchasable","12":"product-type-variable"},"yoast_head":"<!-- This site is optimized with the Yoast SEO plugin v27.3 - https:\/\/yoast.com\/product\/yoast-seo-wordpress\/ -->\n<title>Kaufen Sie Pentobarbital-Natrium online - die besten globalen Medikamente<\/title>\n<meta name=\"description\" content=\"Die Online-Nembutal-Apotheke ist der einzige zuverl\u00e4ssige Ort, an dem Sie Nembutal-Pentobarbital zum Verkauf in Gro\u00dfbritannien, Europa online zu den besten verf\u00fcgbaren Preisen kaufen k\u00f6nnen.\" \/>\n<meta name=\"robots\" content=\"index, follow, max-snippet:-1, max-image-preview:large, max-video-preview:-1\" \/>\n<link rel=\"canonical\" href=\"https:\/\/medicinasinc.com\/de\/product\/kaufen-pentobarbital-natrium-online\/\" \/>\n<meta property=\"og:locale\" content=\"de_DE\" \/>\n<meta property=\"og:type\" content=\"article\" \/>\n<meta property=\"og:title\" content=\"Kaufen Sie Pentobarbital-Natrium online - die besten globalen Medikamente\" \/>\n<meta property=\"og:description\" content=\"Die Online-Nembutal-Apotheke ist der einzige zuverl\u00e4ssige Ort, an dem Sie Nembutal-Pentobarbital zum Verkauf in Gro\u00dfbritannien, Europa online zu den besten verf\u00fcgbaren Preisen kaufen k\u00f6nnen.\" \/>\n<meta property=\"og:url\" content=\"https:\/\/medicinasinc.com\/de\/product\/kaufen-pentobarbital-natrium-online\/\" \/>\n<meta property=\"og:site_name\" content=\"Medicinas Inc\" \/>\n<meta property=\"article:modified_time\" content=\"2022-03-18T00:10:39+00:00\" \/>\n<meta property=\"og:image\" content=\"https:\/\/medicinasinc.com\/de\/wp-content\/uploads\/sites\/6\/2022\/02\/buy-Nembutal-Pentobarbital.jpg\" \/>\n\t<meta property=\"og:image:width\" content=\"600\" \/>\n\t<meta property=\"og:image:height\" content=\"600\" \/>\n\t<meta property=\"og:image:type\" content=\"image\/jpeg\" \/>\n<meta name=\"twitter:card\" content=\"summary_large_image\" \/>\n<meta name=\"twitter:label1\" content=\"Gesch\u00e4tzte Lesezeit\" \/>\n\t<meta name=\"twitter:data1\" content=\"3\u00a0Minuten\" \/>\n<script type=\"application\/ld+json\" class=\"yoast-schema-graph\">{\"@context\":\"https:\\\/\\\/schema.org\",\"@graph\":[{\"@type\":\"WebPage\",\"@id\":\"https:\\\/\\\/medicinasinc.com\\\/de\\\/product\\\/kaufen-pentobarbital-natrium-online\\\/\",\"url\":\"https:\\\/\\\/medicinasinc.com\\\/de\\\/product\\\/kaufen-pentobarbital-natrium-online\\\/\",\"name\":\"Kaufen Sie Pentobarbital-Natrium online - die besten globalen Medikamente\",\"isPartOf\":{\"@id\":\"https:\\\/\\\/medicinasinc.com\\\/de\\\/#website\"},\"primaryImageOfPage\":{\"@id\":\"https:\\\/\\\/medicinasinc.com\\\/de\\\/product\\\/kaufen-pentobarbital-natrium-online\\\/#primaryimage\"},\"image\":{\"@id\":\"https:\\\/\\\/medicinasinc.com\\\/de\\\/product\\\/kaufen-pentobarbital-natrium-online\\\/#primaryimage\"},\"thumbnailUrl\":\"https:\\\/\\\/medicinasinc.com\\\/de\\\/wp-content\\\/uploads\\\/sites\\\/6\\\/2022\\\/02\\\/buy-Nembutal-Pentobarbital.jpg\",\"datePublished\":\"2022-02-22T06:35:00+00:00\",\"dateModified\":\"2022-03-18T00:10:39+00:00\",\"description\":\"Die Online-Nembutal-Apotheke ist der einzige zuverl\u00e4ssige Ort, an dem Sie Nembutal-Pentobarbital zum Verkauf in Gro\u00dfbritannien, Europa online zu den besten verf\u00fcgbaren Preisen kaufen k\u00f6nnen.\",\"breadcrumb\":{\"@id\":\"https:\\\/\\\/medicinasinc.com\\\/de\\\/product\\\/kaufen-pentobarbital-natrium-online\\\/#breadcrumb\"},\"inLanguage\":\"de\",\"potentialAction\":[{\"@type\":\"ReadAction\",\"target\":[\"https:\\\/\\\/medicinasinc.com\\\/de\\\/product\\\/kaufen-pentobarbital-natrium-online\\\/\"]}]},{\"@type\":\"ImageObject\",\"inLanguage\":\"de\",\"@id\":\"https:\\\/\\\/medicinasinc.com\\\/de\\\/product\\\/kaufen-pentobarbital-natrium-online\\\/#primaryimage\",\"url\":\"https:\\\/\\\/medicinasinc.com\\\/de\\\/wp-content\\\/uploads\\\/sites\\\/6\\\/2022\\\/02\\\/buy-Nembutal-Pentobarbital.jpg\",\"contentUrl\":\"https:\\\/\\\/medicinasinc.com\\\/de\\\/wp-content\\\/uploads\\\/sites\\\/6\\\/2022\\\/02\\\/buy-Nembutal-Pentobarbital.jpg\",\"width\":600,\"height\":600,\"caption\":\"Buy Nembutal Online\"},{\"@type\":\"BreadcrumbList\",\"@id\":\"https:\\\/\\\/medicinasinc.com\\\/de\\\/product\\\/kaufen-pentobarbital-natrium-online\\\/#breadcrumb\",\"itemListElement\":[{\"@type\":\"ListItem\",\"position\":1,\"name\":\"Einkaufen\",\"item\":\"https:\\\/\\\/medicinasinc.com\\\/de\\\/einkaufen\\\/\"},{\"@type\":\"ListItem\",\"position\":2,\"name\":\"Pentobarbital-Natrium online kaufen\"}]},{\"@type\":\"WebSite\",\"@id\":\"https:\\\/\\\/medicinasinc.com\\\/de\\\/#website\",\"url\":\"https:\\\/\\\/medicinasinc.com\\\/de\\\/\",\"name\":\"Medicinas Inc\",\"description\":\"Health Medical Clinic\",\"potentialAction\":[{\"@type\":\"SearchAction\",\"target\":{\"@type\":\"EntryPoint\",\"urlTemplate\":\"https:\\\/\\\/medicinasinc.com\\\/de\\\/?s={search_term_string}\"},\"query-input\":{\"@type\":\"PropertyValueSpecification\",\"valueRequired\":true,\"valueName\":\"search_term_string\"}}],\"inLanguage\":\"de\"}]}<\/script>\n<!-- \/ Yoast SEO plugin. -->","yoast_head_json":{"title":"Kaufen Sie Pentobarbital-Natrium online - die besten globalen Medikamente","description":"Die Online-Nembutal-Apotheke ist der einzige zuverl\u00e4ssige Ort, an dem Sie Nembutal-Pentobarbital zum Verkauf in Gro\u00dfbritannien, Europa online zu den besten verf\u00fcgbaren Preisen kaufen k\u00f6nnen.","robots":{"index":"index","follow":"follow","max-snippet":"max-snippet:-1","max-image-preview":"max-image-preview:large","max-video-preview":"max-video-preview:-1"},"canonical":"https:\/\/medicinasinc.com\/de\/product\/kaufen-pentobarbital-natrium-online\/","og_locale":"de_DE","og_type":"article","og_title":"Kaufen Sie Pentobarbital-Natrium online - die besten globalen Medikamente","og_description":"Die Online-Nembutal-Apotheke ist der einzige zuverl\u00e4ssige Ort, an dem Sie Nembutal-Pentobarbital zum Verkauf in Gro\u00dfbritannien, Europa online zu den besten verf\u00fcgbaren Preisen kaufen k\u00f6nnen.","og_url":"https:\/\/medicinasinc.com\/de\/product\/kaufen-pentobarbital-natrium-online\/","og_site_name":"Medicinas Inc","article_modified_time":"2022-03-18T00:10:39+00:00","og_image":[{"width":600,"height":600,"url":"https:\/\/medicinasinc.com\/de\/wp-content\/uploads\/sites\/6\/2022\/02\/buy-Nembutal-Pentobarbital.jpg","type":"image\/jpeg"}],"twitter_card":"summary_large_image","twitter_misc":{"Gesch\u00e4tzte Lesezeit":"3\u00a0Minuten"},"schema":{"@context":"https:\/\/schema.org","@graph":[{"@type":"WebPage","@id":"https:\/\/medicinasinc.com\/de\/product\/kaufen-pentobarbital-natrium-online\/","url":"https:\/\/medicinasinc.com\/de\/product\/kaufen-pentobarbital-natrium-online\/","name":"Kaufen Sie Pentobarbital-Natrium online - die besten globalen Medikamente","isPartOf":{"@id":"https:\/\/medicinasinc.com\/de\/#website"},"primaryImageOfPage":{"@id":"https:\/\/medicinasinc.com\/de\/product\/kaufen-pentobarbital-natrium-online\/#primaryimage"},"image":{"@id":"https:\/\/medicinasinc.com\/de\/product\/kaufen-pentobarbital-natrium-online\/#primaryimage"},"thumbnailUrl":"https:\/\/medicinasinc.com\/de\/wp-content\/uploads\/sites\/6\/2022\/02\/buy-Nembutal-Pentobarbital.jpg","datePublished":"2022-02-22T06:35:00+00:00","dateModified":"2022-03-18T00:10:39+00:00","description":"Die Online-Nembutal-Apotheke ist der einzige zuverl\u00e4ssige Ort, an dem Sie Nembutal-Pentobarbital zum Verkauf in Gro\u00dfbritannien, Europa online zu den besten verf\u00fcgbaren Preisen kaufen k\u00f6nnen.","breadcrumb":{"@id":"https:\/\/medicinasinc.com\/de\/product\/kaufen-pentobarbital-natrium-online\/#breadcrumb"},"inLanguage":"de","potentialAction":[{"@type":"ReadAction","target":["https:\/\/medicinasinc.com\/de\/product\/kaufen-pentobarbital-natrium-online\/"]}]},{"@type":"ImageObject","inLanguage":"de","@id":"https:\/\/medicinasinc.com\/de\/product\/kaufen-pentobarbital-natrium-online\/#primaryimage","url":"https:\/\/medicinasinc.com\/de\/wp-content\/uploads\/sites\/6\/2022\/02\/buy-Nembutal-Pentobarbital.jpg","contentUrl":"https:\/\/medicinasinc.com\/de\/wp-content\/uploads\/sites\/6\/2022\/02\/buy-Nembutal-Pentobarbital.jpg","width":600,"height":600,"caption":"Buy Nembutal Online"},{"@type":"BreadcrumbList","@id":"https:\/\/medicinasinc.com\/de\/product\/kaufen-pentobarbital-natrium-online\/#breadcrumb","itemListElement":[{"@type":"ListItem","position":1,"name":"Einkaufen","item":"https:\/\/medicinasinc.com\/de\/einkaufen\/"},{"@type":"ListItem","position":2,"name":"Pentobarbital-Natrium online kaufen"}]},{"@type":"WebSite","@id":"https:\/\/medicinasinc.com\/de\/#website","url":"https:\/\/medicinasinc.com\/de\/","name":"Medicinas Inc","description":"Health Medical Clinic","potentialAction":[{"@type":"SearchAction","target":{"@type":"EntryPoint","urlTemplate":"https:\/\/medicinasinc.com\/de\/?s={search_term_string}"},"query-input":{"@type":"PropertyValueSpecification","valueRequired":true,"valueName":"search_term_string"}}],"inLanguage":"de"}]}},"_links":{"self":[{"href":"https:\/\/medicinasinc.com\/de\/wp-json\/wp\/v2\/product\/5804","targetHints":{"allow":["GET"]}}],"collection":[{"href":"https:\/\/medicinasinc.com\/de\/wp-json\/wp\/v2\/product"}],"about":[{"href":"https:\/\/medicinasinc.com\/de\/wp-json\/wp\/v2\/types\/product"}],"replies":[{"embeddable":true,"href":"https:\/\/medicinasinc.com\/de\/wp-json\/wp\/v2\/comments?post=5804"}],"wp:featuredmedia":[{"embeddable":true,"href":"https:\/\/medicinasinc.com\/de\/wp-json\/wp\/v2\/media\/5814"}],"wp:attachment":[{"href":"https:\/\/medicinasinc.com\/de\/wp-json\/wp\/v2\/media?parent=5804"}],"wp:term":[{"taxonomy":"product_brand","embeddable":true,"href":"https:\/\/medicinasinc.com\/de\/wp-json\/wp\/v2\/product_brand?post=5804"},{"taxonomy":"product_cat","embeddable":true,"href":"https:\/\/medicinasinc.com\/de\/wp-json\/wp\/v2\/product_cat?post=5804"},{"taxonomy":"product_tag","embeddable":true,"href":"https:\/\/medicinasinc.com\/de\/wp-json\/wp\/v2\/product_tag?post=5804"}],"curies":[{"name":"wp","href":"https:\/\/api.w.org\/{rel}","templated":true}]}}