{"id":5798,"date":"2022-02-22T06:27:38","date_gmt":"2022-02-22T06:27:38","guid":{"rendered":"https:\/\/medicinasinc.com\/de\/?post_type=product&#038;p=5798"},"modified":"2022-03-18T00:10:57","modified_gmt":"2022-03-18T00:10:57","slug":"kaufen-phenobarbital-phenobarbital-luminal","status":"publish","type":"product","link":"https:\/\/medicinasinc.com\/de\/product\/kaufen-phenobarbital-phenobarbital-luminal\/","title":{"rendered":"Kaufen Sie Phenobarbital (Phenobarbital) \/ Luminal"},"content":{"rendered":"<p>Kaufen Sie billiges Phenobarbital Luminal Phenobarbital Luminal online von einer seri\u00f6sen Apotheke zum besten Preis<\/p>\n<p>Die Verwendung einer Online-Apotheke wie Nembutal Pharmacy ist eine bequeme M\u00f6glichkeit f\u00fcr Verbraucher, ihre Rezepte und Medikamente zu erhalten. Phenobarbital Luminal kann jederzeit online auf unserer Website gekauft werden, also verpassen Sie es nicht. Hier k\u00f6nnen Sie dieses Medikament zu einem g\u00fcnstigen Preis kaufen.<\/p>\n<p>Mit unserer Online-Apotheke k\u00f6nnen Sie sicher sein, dass Sie immer qualitativ hochwertige Medikamente erhalten. Kunden k\u00f6nnen davon ausgehen, dass ihre Rezepte p\u00fcnktlich in dieser Apotheke eintreffen. Wir dulden in unserem Job keinerlei Tr\u00e4gheit und erledigen jede Aufgabe z\u00fcgig. Setzen Sie sich sofort mit uns in Verbindung, um Phenobarbital Luminal online zum besten Preis zu bestellen und es schnell geliefert zu bekommen, wenn Sie nach einer Online-Apotheke wie unserer suchen!<\/p>\n<p>Luminal Phenobarbital: Was k\u00f6nnen wir tun, um sicherzustellen, dass Sie es verwenden? Sicher?<\/p>\n<p>Phenobarbital Luminal ist ein etabliertes Medikament zur Behandlung epileptischer Anf\u00e4lle. Sie k\u00f6nnen dieses Medikament auch zur Behandlung von Angstzust\u00e4nden, Schlaflosigkeit und anderen Erkrankungen einnehmen. Bevor Sie dieses Medikament einnehmen, sollten Sie Ihren Arzt konsultieren. Phenobarbital Luminal sollte erst nach einem gr\u00fcndlichen Gespr\u00e4ch mit Ihrem Arzt begonnen werden.<\/p>\n<p>Unsere Online-Apotheke liefert mit jeder Bestellung einen ausf\u00fchrlichen Medikationsleitfaden. Aus diesem Grund k\u00f6nnen Sie die Anweisungen des Medikaments sicher befolgen und es verwenden. Wir sind hier, um es Ihnen so einfach wie m\u00f6glich zu machen, Phenobarbital Luminal online zu bestellen. Nutzen Sie die Vorteile dieses Medikaments, indem Sie uns sofort kontaktieren. Wir sind jederzeit f\u00fcr Sie da.<\/p>\n","protected":false},"excerpt":{"rendered":"<p>Welche Online-Apotheke bietet das billigste Phenobarbital Luminal an?<\/p>\n<p>Unsere Online-Apotheke verkauft derzeit Phenobarbital Luminal-Pillen. Verkaufsauftr\u00e4ge von Phenobarbital Luminal werden so schnell wie m\u00f6glich bearbeitet. Nehmen Sie noch heute Kontakt mit uns auf und wir senden Ihnen Ihre Medikamente so schnell wie m\u00f6glich zu. Jetzt ist die Zeit zum Verbinden!<\/p>\n","protected":false},"featured_media":5808,"comment_status":"open","ping_status":"closed","template":"","meta":[],"product_brand":[],"product_cat":[3818],"product_tag":[3955,3960,3956,3966,3957,3962,3963,3959,3958,3967,3961,3965,3964,3968,3970,3971,3969],"class_list":{"0":"post-5798","1":"product","2":"type-product","3":"status-publish","4":"has-post-thumbnail","6":"product_cat-pentobarbital-zu-verkaufen","7":"product_tag-barbiturat-nebenwirkung","8":"product_tag-phenobarbital-dosierung","9":"product_tag-kosten-von-phenobarbital-fr-hunde","10":"product_tag-phenobarbital-nebenwirkungen","11":"product_tag-phenobarb-berdosierung","12":"product_tag-phenobarbital-for-dogs-dosage","13":"product_tag-phenobarbital-for-dogs-side-effects","14":"product_tag-phenobarbital-kontrollierte-substanz","15":"product_tag-phenobarbital-markenname","16":"product_tag-phenobarbital-side-effects-dogs","17":"product_tag-phenobarbital-dozent","18":"product_tag-phenobarbital-berdosierung","19":"product_tag-phenobarbital-level","20":"product_tag-phenobarbiton-level","21":"product_tag-was-ist-phenobarbital","22":"product_tag-was-ist-po-in-medizinischer-begriffe","23":"product_tag-what-is-phenobarb-used-for","25":"first","26":"instock","27":"shipping-taxable","28":"purchasable","29":"product-type-variable"},"yoast_head":"<!-- This site is optimized with the Yoast SEO plugin v27.3 - https:\/\/yoast.com\/product\/yoast-seo-wordpress\/ -->\n<title>Kaufen Sie Phenobarbital (Phenobarbital) \/ Luminal - Best Global Meds<\/title>\n<meta name=\"description\" content=\"Sie k\u00f6nnen jetzt Phenobarbital Luminal-Tabletten bei Online Nembutal Pharmacy kaufen. Ihre Bestellung bei Phenobarbital Luminal zum Verkauf wird in k\u00fcrzester Zeit abgeschlossen. Alles, was Sie tun m\u00fcssen, ist, uns noch heute anzurufen, eine SMS oder eine E-Mail zu senden, und Ihre Medikamente werden bald geliefert. Verbinde jetzt!\" \/>\n<meta name=\"robots\" content=\"index, follow, max-snippet:-1, max-image-preview:large, max-video-preview:-1\" \/>\n<link rel=\"canonical\" href=\"https:\/\/medicinasinc.com\/de\/product\/kaufen-phenobarbital-phenobarbital-luminal\/\" \/>\n<meta property=\"og:locale\" content=\"de_DE\" \/>\n<meta property=\"og:type\" content=\"article\" \/>\n<meta property=\"og:title\" content=\"Kaufen Sie Phenobarbital (Phenobarbital) \/ Luminal - Best Global Meds\" \/>\n<meta property=\"og:description\" content=\"Sie k\u00f6nnen jetzt Phenobarbital Luminal-Tabletten bei Online Nembutal Pharmacy kaufen. Ihre Bestellung bei Phenobarbital Luminal zum Verkauf wird in k\u00fcrzester Zeit abgeschlossen. Alles, was Sie tun m\u00fcssen, ist, uns noch heute anzurufen, eine SMS oder eine E-Mail zu senden, und Ihre Medikamente werden bald geliefert. Verbinde jetzt!\" \/>\n<meta property=\"og:url\" content=\"https:\/\/medicinasinc.com\/de\/product\/kaufen-phenobarbital-phenobarbital-luminal\/\" \/>\n<meta property=\"og:site_name\" content=\"Medicinas Inc\" \/>\n<meta property=\"article:modified_time\" content=\"2022-03-18T00:10:57+00:00\" \/>\n<meta property=\"og:image\" content=\"https:\/\/medicinasinc.com\/de\/wp-content\/uploads\/sites\/6\/2022\/02\/Buy-Phenobarbital-Tablets.jpg\" \/>\n\t<meta property=\"og:image:width\" content=\"600\" \/>\n\t<meta property=\"og:image:height\" content=\"600\" \/>\n\t<meta property=\"og:image:type\" content=\"image\/jpeg\" \/>\n<meta name=\"twitter:card\" content=\"summary_large_image\" \/>\n<meta name=\"twitter:label1\" content=\"Gesch\u00e4tzte Lesezeit\" \/>\n\t<meta name=\"twitter:data1\" content=\"2\u00a0Minuten\" \/>\n<script type=\"application\/ld+json\" class=\"yoast-schema-graph\">{\"@context\":\"https:\\\/\\\/schema.org\",\"@graph\":[{\"@type\":\"WebPage\",\"@id\":\"https:\\\/\\\/medicinasinc.com\\\/de\\\/product\\\/kaufen-phenobarbital-phenobarbital-luminal\\\/\",\"url\":\"https:\\\/\\\/medicinasinc.com\\\/de\\\/product\\\/kaufen-phenobarbital-phenobarbital-luminal\\\/\",\"name\":\"Kaufen Sie Phenobarbital (Phenobarbital) \\\/ Luminal - Best Global Meds\",\"isPartOf\":{\"@id\":\"https:\\\/\\\/medicinasinc.com\\\/de\\\/#website\"},\"primaryImageOfPage\":{\"@id\":\"https:\\\/\\\/medicinasinc.com\\\/de\\\/product\\\/kaufen-phenobarbital-phenobarbital-luminal\\\/#primaryimage\"},\"image\":{\"@id\":\"https:\\\/\\\/medicinasinc.com\\\/de\\\/product\\\/kaufen-phenobarbital-phenobarbital-luminal\\\/#primaryimage\"},\"thumbnailUrl\":\"https:\\\/\\\/medicinasinc.com\\\/de\\\/wp-content\\\/uploads\\\/sites\\\/6\\\/2022\\\/02\\\/Buy-Phenobarbital-Tablets.jpg\",\"datePublished\":\"2022-02-22T06:27:38+00:00\",\"dateModified\":\"2022-03-18T00:10:57+00:00\",\"description\":\"Sie k\u00f6nnen jetzt Phenobarbital Luminal-Tabletten bei Online Nembutal Pharmacy kaufen. Ihre Bestellung bei Phenobarbital Luminal zum Verkauf wird in k\u00fcrzester Zeit abgeschlossen. Alles, was Sie tun m\u00fcssen, ist, uns noch heute anzurufen, eine SMS oder eine E-Mail zu senden, und Ihre Medikamente werden bald geliefert. Verbinde jetzt!\",\"breadcrumb\":{\"@id\":\"https:\\\/\\\/medicinasinc.com\\\/de\\\/product\\\/kaufen-phenobarbital-phenobarbital-luminal\\\/#breadcrumb\"},\"inLanguage\":\"de\",\"potentialAction\":[{\"@type\":\"ReadAction\",\"target\":[\"https:\\\/\\\/medicinasinc.com\\\/de\\\/product\\\/kaufen-phenobarbital-phenobarbital-luminal\\\/\"]}]},{\"@type\":\"ImageObject\",\"inLanguage\":\"de\",\"@id\":\"https:\\\/\\\/medicinasinc.com\\\/de\\\/product\\\/kaufen-phenobarbital-phenobarbital-luminal\\\/#primaryimage\",\"url\":\"https:\\\/\\\/medicinasinc.com\\\/de\\\/wp-content\\\/uploads\\\/sites\\\/6\\\/2022\\\/02\\\/Buy-Phenobarbital-Tablets.jpg\",\"contentUrl\":\"https:\\\/\\\/medicinasinc.com\\\/de\\\/wp-content\\\/uploads\\\/sites\\\/6\\\/2022\\\/02\\\/Buy-Phenobarbital-Tablets.jpg\",\"width\":600,\"height\":600},{\"@type\":\"BreadcrumbList\",\"@id\":\"https:\\\/\\\/medicinasinc.com\\\/de\\\/product\\\/kaufen-phenobarbital-phenobarbital-luminal\\\/#breadcrumb\",\"itemListElement\":[{\"@type\":\"ListItem\",\"position\":1,\"name\":\"Einkaufen\",\"item\":\"https:\\\/\\\/medicinasinc.com\\\/de\\\/einkaufen\\\/\"},{\"@type\":\"ListItem\",\"position\":2,\"name\":\"Kaufen Sie Phenobarbital (Phenobarbital) \\\/ Luminal\"}]},{\"@type\":\"WebSite\",\"@id\":\"https:\\\/\\\/medicinasinc.com\\\/de\\\/#website\",\"url\":\"https:\\\/\\\/medicinasinc.com\\\/de\\\/\",\"name\":\"Medicinas Inc\",\"description\":\"Health Medical Clinic\",\"potentialAction\":[{\"@type\":\"SearchAction\",\"target\":{\"@type\":\"EntryPoint\",\"urlTemplate\":\"https:\\\/\\\/medicinasinc.com\\\/de\\\/?s={search_term_string}\"},\"query-input\":{\"@type\":\"PropertyValueSpecification\",\"valueRequired\":true,\"valueName\":\"search_term_string\"}}],\"inLanguage\":\"de\"}]}<\/script>\n<!-- \/ Yoast SEO plugin. -->","yoast_head_json":{"title":"Kaufen Sie Phenobarbital (Phenobarbital) \/ Luminal - Best Global Meds","description":"Sie k\u00f6nnen jetzt Phenobarbital Luminal-Tabletten bei Online Nembutal Pharmacy kaufen. Ihre Bestellung bei Phenobarbital Luminal zum Verkauf wird in k\u00fcrzester Zeit abgeschlossen. Alles, was Sie tun m\u00fcssen, ist, uns noch heute anzurufen, eine SMS oder eine E-Mail zu senden, und Ihre Medikamente werden bald geliefert. Verbinde jetzt!","robots":{"index":"index","follow":"follow","max-snippet":"max-snippet:-1","max-image-preview":"max-image-preview:large","max-video-preview":"max-video-preview:-1"},"canonical":"https:\/\/medicinasinc.com\/de\/product\/kaufen-phenobarbital-phenobarbital-luminal\/","og_locale":"de_DE","og_type":"article","og_title":"Kaufen Sie Phenobarbital (Phenobarbital) \/ Luminal - Best Global Meds","og_description":"Sie k\u00f6nnen jetzt Phenobarbital Luminal-Tabletten bei Online Nembutal Pharmacy kaufen. Ihre Bestellung bei Phenobarbital Luminal zum Verkauf wird in k\u00fcrzester Zeit abgeschlossen. Alles, was Sie tun m\u00fcssen, ist, uns noch heute anzurufen, eine SMS oder eine E-Mail zu senden, und Ihre Medikamente werden bald geliefert. Verbinde jetzt!","og_url":"https:\/\/medicinasinc.com\/de\/product\/kaufen-phenobarbital-phenobarbital-luminal\/","og_site_name":"Medicinas Inc","article_modified_time":"2022-03-18T00:10:57+00:00","og_image":[{"width":600,"height":600,"url":"https:\/\/medicinasinc.com\/de\/wp-content\/uploads\/sites\/6\/2022\/02\/Buy-Phenobarbital-Tablets.jpg","type":"image\/jpeg"}],"twitter_card":"summary_large_image","twitter_misc":{"Gesch\u00e4tzte Lesezeit":"2\u00a0Minuten"},"schema":{"@context":"https:\/\/schema.org","@graph":[{"@type":"WebPage","@id":"https:\/\/medicinasinc.com\/de\/product\/kaufen-phenobarbital-phenobarbital-luminal\/","url":"https:\/\/medicinasinc.com\/de\/product\/kaufen-phenobarbital-phenobarbital-luminal\/","name":"Kaufen Sie Phenobarbital (Phenobarbital) \/ Luminal - Best Global Meds","isPartOf":{"@id":"https:\/\/medicinasinc.com\/de\/#website"},"primaryImageOfPage":{"@id":"https:\/\/medicinasinc.com\/de\/product\/kaufen-phenobarbital-phenobarbital-luminal\/#primaryimage"},"image":{"@id":"https:\/\/medicinasinc.com\/de\/product\/kaufen-phenobarbital-phenobarbital-luminal\/#primaryimage"},"thumbnailUrl":"https:\/\/medicinasinc.com\/de\/wp-content\/uploads\/sites\/6\/2022\/02\/Buy-Phenobarbital-Tablets.jpg","datePublished":"2022-02-22T06:27:38+00:00","dateModified":"2022-03-18T00:10:57+00:00","description":"Sie k\u00f6nnen jetzt Phenobarbital Luminal-Tabletten bei Online Nembutal Pharmacy kaufen. Ihre Bestellung bei Phenobarbital Luminal zum Verkauf wird in k\u00fcrzester Zeit abgeschlossen. Alles, was Sie tun m\u00fcssen, ist, uns noch heute anzurufen, eine SMS oder eine E-Mail zu senden, und Ihre Medikamente werden bald geliefert. Verbinde jetzt!","breadcrumb":{"@id":"https:\/\/medicinasinc.com\/de\/product\/kaufen-phenobarbital-phenobarbital-luminal\/#breadcrumb"},"inLanguage":"de","potentialAction":[{"@type":"ReadAction","target":["https:\/\/medicinasinc.com\/de\/product\/kaufen-phenobarbital-phenobarbital-luminal\/"]}]},{"@type":"ImageObject","inLanguage":"de","@id":"https:\/\/medicinasinc.com\/de\/product\/kaufen-phenobarbital-phenobarbital-luminal\/#primaryimage","url":"https:\/\/medicinasinc.com\/de\/wp-content\/uploads\/sites\/6\/2022\/02\/Buy-Phenobarbital-Tablets.jpg","contentUrl":"https:\/\/medicinasinc.com\/de\/wp-content\/uploads\/sites\/6\/2022\/02\/Buy-Phenobarbital-Tablets.jpg","width":600,"height":600},{"@type":"BreadcrumbList","@id":"https:\/\/medicinasinc.com\/de\/product\/kaufen-phenobarbital-phenobarbital-luminal\/#breadcrumb","itemListElement":[{"@type":"ListItem","position":1,"name":"Einkaufen","item":"https:\/\/medicinasinc.com\/de\/einkaufen\/"},{"@type":"ListItem","position":2,"name":"Kaufen Sie Phenobarbital (Phenobarbital) \/ Luminal"}]},{"@type":"WebSite","@id":"https:\/\/medicinasinc.com\/de\/#website","url":"https:\/\/medicinasinc.com\/de\/","name":"Medicinas Inc","description":"Health Medical Clinic","potentialAction":[{"@type":"SearchAction","target":{"@type":"EntryPoint","urlTemplate":"https:\/\/medicinasinc.com\/de\/?s={search_term_string}"},"query-input":{"@type":"PropertyValueSpecification","valueRequired":true,"valueName":"search_term_string"}}],"inLanguage":"de"}]}},"_links":{"self":[{"href":"https:\/\/medicinasinc.com\/de\/wp-json\/wp\/v2\/product\/5798","targetHints":{"allow":["GET"]}}],"collection":[{"href":"https:\/\/medicinasinc.com\/de\/wp-json\/wp\/v2\/product"}],"about":[{"href":"https:\/\/medicinasinc.com\/de\/wp-json\/wp\/v2\/types\/product"}],"replies":[{"embeddable":true,"href":"https:\/\/medicinasinc.com\/de\/wp-json\/wp\/v2\/comments?post=5798"}],"wp:featuredmedia":[{"embeddable":true,"href":"https:\/\/medicinasinc.com\/de\/wp-json\/wp\/v2\/media\/5808"}],"wp:attachment":[{"href":"https:\/\/medicinasinc.com\/de\/wp-json\/wp\/v2\/media?parent=5798"}],"wp:term":[{"taxonomy":"product_brand","embeddable":true,"href":"https:\/\/medicinasinc.com\/de\/wp-json\/wp\/v2\/product_brand?post=5798"},{"taxonomy":"product_cat","embeddable":true,"href":"https:\/\/medicinasinc.com\/de\/wp-json\/wp\/v2\/product_cat?post=5798"},{"taxonomy":"product_tag","embeddable":true,"href":"https:\/\/medicinasinc.com\/de\/wp-json\/wp\/v2\/product_tag?post=5798"}],"curies":[{"name":"wp","href":"https:\/\/api.w.org\/{rel}","templated":true}]}}