{"id":5792,"date":"2022-02-22T06:20:38","date_gmt":"2022-02-22T06:20:38","guid":{"rendered":"https:\/\/medicinasinc.com\/de\/?post_type=product&#038;p=5792"},"modified":"2022-03-18T00:11:10","modified_gmt":"2022-03-18T00:11:10","slug":"kaufen-seconal-natrium","status":"publish","type":"product","link":"https:\/\/medicinasinc.com\/de\/product\/kaufen-seconal-natrium\/","title":{"rendered":"Kaufen Sie Seconal Natrium"},"content":{"rendered":"<p>Bestellen Sie Seconal Natrium online bei der besten Apotheke. \u2013<\/p>\n<p>Es ist jetzt m\u00f6glich, Nembutal online mit Seconal Sodium zu den niedrigsten Kosten zu kaufen. In unserer Online-Apotheke k\u00f6nnen Sie Seconal-Natrium bestellen und innerhalb weniger Tage an Ihre Haust\u00fcr liefern lassen. Um Ihr Seconal-Natrium umgehend geliefert zu bekommen, geben Sie einfach eine Bestellung bei uns auf und eines unserer Teammitglieder wird es f\u00fcr Sie vorbereiten und verpacken. Da wir so lange in diesem Gesch\u00e4ft t\u00e4tig sind, haben wir uns einen soliden Ruf als vertrauensw\u00fcrdige Apotheke aufgebaut. Sie k\u00f6nnen sich darauf verlassen, dass wir die qualitativ hochwertigsten Medikamente p\u00fcnktlich liefern.<\/p>\n<p>Was sind die Vorteile von Seconal Sodium? Warum sollten Sie es bei uns kaufen?<\/p>\n<p>Vor der Operation wird Seconal Sodium verwendet, um Ihnen zu helfen, sich zu entspannen. Es geh\u00f6rt zu der Klasse von Medikamenten, die als Barbiturat-Hypnotika bekannt sind, zu denen auch Seconal geh\u00f6rt. Es beruhigt Sie, indem es bestimmte Bereiche Ihres Gehirns beeinflusst. Senioren sollten die Vorteile und Gefahren dieses Medikaments sowie die wirksamerer, aber m\u00f6glicherweise sichererer Medikamente mit ihrem Arzt oder Arzneimittelspezialisten besprechen. Bevor Sie mit der Einnahme von Seconal Sodium beginnen und jedes Mal, wenn Sie eine Nachf\u00fcllung erhalten, lesen Sie den von unserer Online-Apotheke bereitgestellten Medikationsleitfaden. Wenden Sie sich bei Fragen an Ihren Arzt oder einen Arzneimittelspezialisten. Befolgen Sie vor der Operation die Anweisungen Ihres Arztes und nehmen Sie dieses Rezept mit einem Glas Wasser auf n\u00fcchternen Magen ein.<\/p>\n<p>Eine Krankheit, f\u00fcr die Seconal-Natrium ausschlie\u00dflich verwendet wird, ist die unten aufgef\u00fchrte:<\/p>\n<p>zus\u00e4tzliche An\u00e4sthesie-Injektionen<br \/> zus\u00e4tzliches An\u00e4sthesiemittel<\/p>\n<p>Unsere Online-Nembutal-Apotheke verkauft und liefert Seconal-Natrium-Secobarbital so schnell wie m\u00f6glich an Ihren gew\u00fcnschten Ort. Der beste Weg, wie wir Ihnen dienen k\u00f6nnen, ist, uns dies zu gestatten. Es ist sicher, auf unsere Online-Nembutal-Apotheke zu vertrauen. Wir sind st\u00e4ndig hier, um unseren wichtigen Kunden dabei zu helfen, ihre Ziele zu erreichen und ihre Kriterien zu erf\u00fcllen. Bitte nehmen Sie schnellstm\u00f6glich Kontakt mit uns auf!<\/p>\n","protected":false},"excerpt":{"rendered":"<p>Wenden Sie sich an eine Online-Nembutal-Apotheke, um Hilfe zu erhalten<\/p>\n<p>Kaufen Sie Seconal-Natrium zum Verkauf in Gro\u00dfbritannien, Europa und dem Rest der Welt zum bestm\u00f6glichen Preis, indem Sie online bestellen. Unsere Online-Apotheke Seconal Sodium bietet eine gro\u00dfe Auswahl an hochwertigen Vitaminen und Arzneimitteln. Um eine Bestellung aufzugeben, gehen Sie auf die Website.<\/p>\n<p>Jeder auf der Welt kann Nembutal online in einer Online-Apotheke kaufen. Nehmen Sie jederzeit und von \u00fcberall Kontakt mit uns auf. Alle Fragen oder Bedenken unserer Kunden werden umgehend von einem unserer Kundendienstmitarbeiter beantwortet. Wir beginnen mit der Verpackung Ihres Produkts, sobald wir Ihre Bestelldaten von Ihnen erhalten haben. Wir stellen sicher, dass alle unsere Kunden&#8217; Medikamente in einer sicheren und ordnungsgem\u00e4\u00dfen Verpackung ankommen und dass keines davon manipuliert wurde. Die Qualit\u00e4t Ihrer Medikamente oder der Status Ihrer Lieferung spielen f\u00fcr Sie keine Rolle, wenn Sie mit uns zusammenarbeiten. Wir sind hier, um die volle Verantwortung f\u00fcr alles zu \u00fcbernehmen. Von hier aus k\u00f6nnen Sie nur das Beste f\u00fcr Ihr Wohlbefinden erwarten. Sie k\u00f6nnen uns telefonisch, per E-Mail oder per SMS kontaktieren. Kaufen Sie noch heute Seconal Sodium Secobarbital 100 mg von der Online Nembutal Pharmacy und lassen Sie es sich in kurzer Zeit liefern.<\/p>\n","protected":false},"featured_media":5802,"comment_status":"open","ping_status":"closed","template":"","meta":[],"product_brand":[],"product_cat":[59,3818],"product_tag":[3819,3950,3824,3831,3834,3835,3843,3911,3910,3840,3822,3823,3952,3826,3827,3828,3829,3844,3953,3907,3906,3830,3909,3908,3845,3821,3913,3820,3866,3869,3949,3874,3875,3897,3878,3883,3884,3885,3886,3891,3892,3893,3894,3899,3900,3901,3903,3876,3880,3879,3896,3902,3882,3890,3887,3889,3888,3895,3898,3951,3904,3948,3881,3916,3921,3842,3841,3927,3920,3918,3919,3923,3954,3926,3925,3922],"class_list":{"0":"post-5792","1":"product","2":"type-product","3":"status-publish","4":"has-post-thumbnail","6":"product_cat-nicht-kategorisiert","7":"product_cat-pentobarbital-zu-verkaufen","8":"product_tag-best-drug-for-suicide-overdose","9":"product_tag-nembutal-liquid-online-bestellen","10":"product_tag-buy-nembutal-pentobarbital-sodium","11":"product_tag-can-i-buy-pentobarbital","12":"product_tag-can-you-buy-pentobarbital-sodium-over-the-counter","13":"product_tag-can-you-buy-sodium-pentobarbital","14":"product_tag-es-ist-einfach-nembutal-online-zu-kaufen","15":"product_tag-natrium-pentobarbital-haltbarkeit","16":"product_tag-natrium-pentobarbital-hersteller","17":"product_tag-how-to-acquire-nembutal","18":"product_tag-kaufen-nembutal-hier","19":"product_tag-nembutal-liquid-online-kaufen","20":"product_tag-nembutal-flssigkeit-online-kaufen","21":"product_tag-nembutal-natrium-online-kaufen","22":"product_tag-kaufen-pentobarbital-natrium","23":"product_tag-kaufen-pentobarbital-natrium-2021","24":"product_tag-kaufen-pentobarbital-natrium-pentobarbital-natrium-salz","25":"product_tag-lethal-injection-buy-online","26":"product_tag-natrium","27":"product_tag-natrium-pentobarbital-kosten","28":"product_tag-natrium-pentobarbital-nembutal","29":"product_tag-kaufen-natrium-pentobarbital-uk","30":"product_tag-natrium-pentobarbital-fr-euthanasie","31":"product_tag-natrium-pentobarbital-fr-tier-euthanasie","32":"product_tag-nembutal","33":"product_tag-gnstig-nembutal-online-kaufen","34":"product_tag-will-kaufen-nembutal","35":"product_tag-gnstig-nembutal-liquid-online-kaufen","36":"product_tag-nembutal-pills-online","37":"product_tag-nembutal-selbstmord-dosis","38":"product_tag-nembutal-flssigkeit-zum-verkauf","39":"product_tag-pentobarbital","40":"product_tag-pentobarbital-de-sodium-dose-letale","41":"product_tag-pentobarbital-natrium-preis","42":"product_tag-pentobarbital-sodium-anesthesia","43":"product_tag-pentobarbital-sodium-for-dogs","44":"product_tag-pentobarbital-sodium-for-humans","45":"product_tag-pentobarbital-sodium-group","46":"product_tag-pentobarbital-sodium-injection-for-dogs","47":"product_tag-pentobarbital-sodium-nz","48":"product_tag-pentobarbital-sodium-oral","49":"product_tag-pentobarbital-sodium-over-the-counter","50":"product_tag-pentobarbital-sodium-pills","51":"product_tag-pentobarbital-sodium-sleeping-pills","52":"product_tag-pentobarbital-sodium-sleeping-pills-over-the-counter","53":"product_tag-pentobarbital-sodium-tablets","54":"product_tag-pentobarbital-gebrauch","55":"product_tag-pentobarbital-fr-euthanasie","56":"product_tag-pentobarbital-natrium-porzellan","57":"product_tag-pentobarbital-natrium-kaufen","58":"product_tag-pentobarbital-natrium-rezept","59":"product_tag-pentobarbital-natrium-wo-zu-kaufen","60":"product_tag-pentobarbital-natrium-dosierung","61":"product_tag-pentobarbital-natrium-fl-c3-bcssigkeit","62":"product_tag-pentobarbital-natrium-injektion-fr-den-menschen","63":"product_tag-pentobarbital-natrium-injektion-vgl","64":"product_tag-pentobarbital-natrium-injektionslsung","65":"product_tag-pentobarbital-natrium-pulver","66":"product_tag-pentobarbital-natriumsalz","67":"product_tag-phenobarbital-sodium-intravenous","68":"product_tag-purchase-nembutal-online","69":"product_tag-wie-kauft-man-nembutal-flssigkeit-online","70":"product_tag-pentobarbital-natrium-tod","71":"product_tag-where-can-i-buy-nembutal-sodium-pentobarbital","72":"product_tag-where-can-i-purchase-nembutal","73":"product_tag-wie-bestelle-nembutal-per-mail","74":"product_tag-wie-kauft-man-nembutal-online","75":"product_tag-wo-man-pentobarbital-natrium-bekommt","76":"product_tag-wo-kann-ich-natrium-pentobarbital-kaufen","77":"product_tag-wo-kann-ich-pentobarbital-natrium-kaufen","78":"product_tag-wo-kann-ich-pentobarbital-natrium-schlaftabletten-kaufen","79":"product_tag-wo-man-billiges-nembutal-online-kaufen-kann","80":"product_tag-wo-kauft-man-nembutal-flssigkeit-online","81":"product_tag-wo-kauft-pentobarbital-natrium-fur-hunde","82":"product_tag-wo-zu-kaufen-pentobarbital-natrium","83":"product_tag-wo-kann-man-pentobarbital-natrium-kaufen","85":"first","86":"instock","87":"shipping-taxable","88":"purchasable","89":"product-type-variable"},"yoast_head":"<!-- This site is optimized with the Yoast SEO plugin v27.3 - https:\/\/yoast.com\/product\/yoast-seo-wordpress\/ -->\n<title>Kaufen Sie Seconal Sodium - Best Best Global Meds<\/title>\n<meta name=\"description\" content=\"Kaufen Sie Seconal-Natrium zum Verkauf in Gro\u00dfbritannien, Europa 100 mg online zum besten Preis. Riesige Auswahl an hochwertigen Nahrungserg\u00e4nzungsmitteln und Medikamenten in unserer Online-Apotheke Seconal Sodium. Online bestellen.\" \/>\n<meta name=\"robots\" content=\"index, follow, max-snippet:-1, max-image-preview:large, max-video-preview:-1\" \/>\n<link rel=\"canonical\" href=\"https:\/\/medicinasinc.com\/de\/product\/kaufen-seconal-natrium\/\" \/>\n<meta property=\"og:locale\" content=\"de_DE\" \/>\n<meta property=\"og:type\" content=\"article\" \/>\n<meta property=\"og:title\" content=\"Kaufen Sie Seconal Sodium - Best Best Global Meds\" \/>\n<meta property=\"og:description\" content=\"Kaufen Sie Seconal-Natrium zum Verkauf in Gro\u00dfbritannien, Europa 100 mg online zum besten Preis. Riesige Auswahl an hochwertigen Nahrungserg\u00e4nzungsmitteln und Medikamenten in unserer Online-Apotheke Seconal Sodium. Online bestellen.\" \/>\n<meta property=\"og:url\" content=\"https:\/\/medicinasinc.com\/de\/product\/kaufen-seconal-natrium\/\" \/>\n<meta property=\"og:site_name\" content=\"Medicinas Inc\" \/>\n<meta property=\"article:modified_time\" content=\"2022-03-18T00:11:10+00:00\" \/>\n<meta property=\"og:image\" content=\"https:\/\/medicinasinc.com\/de\/wp-content\/uploads\/sites\/6\/2022\/02\/Buy-Seconal-Sodium.jpg\" \/>\n\t<meta property=\"og:image:width\" content=\"600\" \/>\n\t<meta property=\"og:image:height\" content=\"600\" \/>\n\t<meta property=\"og:image:type\" content=\"image\/jpeg\" \/>\n<meta name=\"twitter:card\" content=\"summary_large_image\" \/>\n<meta name=\"twitter:label1\" content=\"Gesch\u00e4tzte Lesezeit\" \/>\n\t<meta name=\"twitter:data1\" content=\"2\u00a0Minuten\" \/>\n<script type=\"application\/ld+json\" class=\"yoast-schema-graph\">{\"@context\":\"https:\\\/\\\/schema.org\",\"@graph\":[{\"@type\":\"WebPage\",\"@id\":\"https:\\\/\\\/medicinasinc.com\\\/de\\\/product\\\/kaufen-seconal-natrium\\\/\",\"url\":\"https:\\\/\\\/medicinasinc.com\\\/de\\\/product\\\/kaufen-seconal-natrium\\\/\",\"name\":\"Kaufen Sie Seconal Sodium - Best Best Global Meds\",\"isPartOf\":{\"@id\":\"https:\\\/\\\/medicinasinc.com\\\/de\\\/#website\"},\"primaryImageOfPage\":{\"@id\":\"https:\\\/\\\/medicinasinc.com\\\/de\\\/product\\\/kaufen-seconal-natrium\\\/#primaryimage\"},\"image\":{\"@id\":\"https:\\\/\\\/medicinasinc.com\\\/de\\\/product\\\/kaufen-seconal-natrium\\\/#primaryimage\"},\"thumbnailUrl\":\"https:\\\/\\\/medicinasinc.com\\\/de\\\/wp-content\\\/uploads\\\/sites\\\/6\\\/2022\\\/02\\\/Buy-Seconal-Sodium.jpg\",\"datePublished\":\"2022-02-22T06:20:38+00:00\",\"dateModified\":\"2022-03-18T00:11:10+00:00\",\"description\":\"Kaufen Sie Seconal-Natrium zum Verkauf in Gro\u00dfbritannien, Europa 100 mg online zum besten Preis. Riesige Auswahl an hochwertigen Nahrungserg\u00e4nzungsmitteln und Medikamenten in unserer Online-Apotheke Seconal Sodium. Online bestellen.\",\"breadcrumb\":{\"@id\":\"https:\\\/\\\/medicinasinc.com\\\/de\\\/product\\\/kaufen-seconal-natrium\\\/#breadcrumb\"},\"inLanguage\":\"de\",\"potentialAction\":[{\"@type\":\"ReadAction\",\"target\":[\"https:\\\/\\\/medicinasinc.com\\\/de\\\/product\\\/kaufen-seconal-natrium\\\/\"]}]},{\"@type\":\"ImageObject\",\"inLanguage\":\"de\",\"@id\":\"https:\\\/\\\/medicinasinc.com\\\/de\\\/product\\\/kaufen-seconal-natrium\\\/#primaryimage\",\"url\":\"https:\\\/\\\/medicinasinc.com\\\/de\\\/wp-content\\\/uploads\\\/sites\\\/6\\\/2022\\\/02\\\/Buy-Seconal-Sodium.jpg\",\"contentUrl\":\"https:\\\/\\\/medicinasinc.com\\\/de\\\/wp-content\\\/uploads\\\/sites\\\/6\\\/2022\\\/02\\\/Buy-Seconal-Sodium.jpg\",\"width\":600,\"height\":600},{\"@type\":\"BreadcrumbList\",\"@id\":\"https:\\\/\\\/medicinasinc.com\\\/de\\\/product\\\/kaufen-seconal-natrium\\\/#breadcrumb\",\"itemListElement\":[{\"@type\":\"ListItem\",\"position\":1,\"name\":\"Einkaufen\",\"item\":\"https:\\\/\\\/medicinasinc.com\\\/de\\\/einkaufen\\\/\"},{\"@type\":\"ListItem\",\"position\":2,\"name\":\"Kaufen Sie Seconal Natrium\"}]},{\"@type\":\"WebSite\",\"@id\":\"https:\\\/\\\/medicinasinc.com\\\/de\\\/#website\",\"url\":\"https:\\\/\\\/medicinasinc.com\\\/de\\\/\",\"name\":\"Medicinas Inc\",\"description\":\"Health Medical Clinic\",\"potentialAction\":[{\"@type\":\"SearchAction\",\"target\":{\"@type\":\"EntryPoint\",\"urlTemplate\":\"https:\\\/\\\/medicinasinc.com\\\/de\\\/?s={search_term_string}\"},\"query-input\":{\"@type\":\"PropertyValueSpecification\",\"valueRequired\":true,\"valueName\":\"search_term_string\"}}],\"inLanguage\":\"de\"}]}<\/script>\n<!-- \/ Yoast SEO plugin. -->","yoast_head_json":{"title":"Kaufen Sie Seconal Sodium - Best Best Global Meds","description":"Kaufen Sie Seconal-Natrium zum Verkauf in Gro\u00dfbritannien, Europa 100 mg online zum besten Preis. Riesige Auswahl an hochwertigen Nahrungserg\u00e4nzungsmitteln und Medikamenten in unserer Online-Apotheke Seconal Sodium. Online bestellen.","robots":{"index":"index","follow":"follow","max-snippet":"max-snippet:-1","max-image-preview":"max-image-preview:large","max-video-preview":"max-video-preview:-1"},"canonical":"https:\/\/medicinasinc.com\/de\/product\/kaufen-seconal-natrium\/","og_locale":"de_DE","og_type":"article","og_title":"Kaufen Sie Seconal Sodium - Best Best Global Meds","og_description":"Kaufen Sie Seconal-Natrium zum Verkauf in Gro\u00dfbritannien, Europa 100 mg online zum besten Preis. Riesige Auswahl an hochwertigen Nahrungserg\u00e4nzungsmitteln und Medikamenten in unserer Online-Apotheke Seconal Sodium. Online bestellen.","og_url":"https:\/\/medicinasinc.com\/de\/product\/kaufen-seconal-natrium\/","og_site_name":"Medicinas Inc","article_modified_time":"2022-03-18T00:11:10+00:00","og_image":[{"width":600,"height":600,"url":"https:\/\/medicinasinc.com\/de\/wp-content\/uploads\/sites\/6\/2022\/02\/Buy-Seconal-Sodium.jpg","type":"image\/jpeg"}],"twitter_card":"summary_large_image","twitter_misc":{"Gesch\u00e4tzte Lesezeit":"2\u00a0Minuten"},"schema":{"@context":"https:\/\/schema.org","@graph":[{"@type":"WebPage","@id":"https:\/\/medicinasinc.com\/de\/product\/kaufen-seconal-natrium\/","url":"https:\/\/medicinasinc.com\/de\/product\/kaufen-seconal-natrium\/","name":"Kaufen Sie Seconal Sodium - Best Best Global Meds","isPartOf":{"@id":"https:\/\/medicinasinc.com\/de\/#website"},"primaryImageOfPage":{"@id":"https:\/\/medicinasinc.com\/de\/product\/kaufen-seconal-natrium\/#primaryimage"},"image":{"@id":"https:\/\/medicinasinc.com\/de\/product\/kaufen-seconal-natrium\/#primaryimage"},"thumbnailUrl":"https:\/\/medicinasinc.com\/de\/wp-content\/uploads\/sites\/6\/2022\/02\/Buy-Seconal-Sodium.jpg","datePublished":"2022-02-22T06:20:38+00:00","dateModified":"2022-03-18T00:11:10+00:00","description":"Kaufen Sie Seconal-Natrium zum Verkauf in Gro\u00dfbritannien, Europa 100 mg online zum besten Preis. Riesige Auswahl an hochwertigen Nahrungserg\u00e4nzungsmitteln und Medikamenten in unserer Online-Apotheke Seconal Sodium. Online bestellen.","breadcrumb":{"@id":"https:\/\/medicinasinc.com\/de\/product\/kaufen-seconal-natrium\/#breadcrumb"},"inLanguage":"de","potentialAction":[{"@type":"ReadAction","target":["https:\/\/medicinasinc.com\/de\/product\/kaufen-seconal-natrium\/"]}]},{"@type":"ImageObject","inLanguage":"de","@id":"https:\/\/medicinasinc.com\/de\/product\/kaufen-seconal-natrium\/#primaryimage","url":"https:\/\/medicinasinc.com\/de\/wp-content\/uploads\/sites\/6\/2022\/02\/Buy-Seconal-Sodium.jpg","contentUrl":"https:\/\/medicinasinc.com\/de\/wp-content\/uploads\/sites\/6\/2022\/02\/Buy-Seconal-Sodium.jpg","width":600,"height":600},{"@type":"BreadcrumbList","@id":"https:\/\/medicinasinc.com\/de\/product\/kaufen-seconal-natrium\/#breadcrumb","itemListElement":[{"@type":"ListItem","position":1,"name":"Einkaufen","item":"https:\/\/medicinasinc.com\/de\/einkaufen\/"},{"@type":"ListItem","position":2,"name":"Kaufen Sie Seconal Natrium"}]},{"@type":"WebSite","@id":"https:\/\/medicinasinc.com\/de\/#website","url":"https:\/\/medicinasinc.com\/de\/","name":"Medicinas Inc","description":"Health Medical Clinic","potentialAction":[{"@type":"SearchAction","target":{"@type":"EntryPoint","urlTemplate":"https:\/\/medicinasinc.com\/de\/?s={search_term_string}"},"query-input":{"@type":"PropertyValueSpecification","valueRequired":true,"valueName":"search_term_string"}}],"inLanguage":"de"}]}},"_links":{"self":[{"href":"https:\/\/medicinasinc.com\/de\/wp-json\/wp\/v2\/product\/5792","targetHints":{"allow":["GET"]}}],"collection":[{"href":"https:\/\/medicinasinc.com\/de\/wp-json\/wp\/v2\/product"}],"about":[{"href":"https:\/\/medicinasinc.com\/de\/wp-json\/wp\/v2\/types\/product"}],"replies":[{"embeddable":true,"href":"https:\/\/medicinasinc.com\/de\/wp-json\/wp\/v2\/comments?post=5792"}],"wp:featuredmedia":[{"embeddable":true,"href":"https:\/\/medicinasinc.com\/de\/wp-json\/wp\/v2\/media\/5802"}],"wp:attachment":[{"href":"https:\/\/medicinasinc.com\/de\/wp-json\/wp\/v2\/media?parent=5792"}],"wp:term":[{"taxonomy":"product_brand","embeddable":true,"href":"https:\/\/medicinasinc.com\/de\/wp-json\/wp\/v2\/product_brand?post=5792"},{"taxonomy":"product_cat","embeddable":true,"href":"https:\/\/medicinasinc.com\/de\/wp-json\/wp\/v2\/product_cat?post=5792"},{"taxonomy":"product_tag","embeddable":true,"href":"https:\/\/medicinasinc.com\/de\/wp-json\/wp\/v2\/product_tag?post=5792"}],"curies":[{"name":"wp","href":"https:\/\/api.w.org\/{rel}","templated":true}]}}