{"id":5785,"date":"2022-02-22T06:12:06","date_gmt":"2022-02-22T06:12:06","guid":{"rendered":"https:\/\/medicinasinc.com\/de\/?post_type=product&#038;p=5785"},"modified":"2022-08-03T08:55:03","modified_gmt":"2022-08-03T08:55:03","slug":"kaufen-nembutal-pentobarbital-natrium","status":"publish","type":"product","link":"https:\/\/medicinasinc.com\/de\/product\/kaufen-nembutal-pentobarbital-natrium\/","title":{"rendered":"Kaufen Sie Nembutal-Pentobarbital-Natrium"},"content":{"rendered":"<p>Best Global Med bietet den besten Preis und die beste Qualit\u00e4t f\u00fcr Nembutal-Pentobarbital-Natrium zum Verkauf. Stellen Sie eine Online-Anfrage auf unserer Website.<\/p>\n<p>Es gibt mehrere Gr\u00fcnde, warum Menschen Nembutal-Pentobarbital zur oralen Einnahme w\u00e4hlen, aber einer der h\u00e4ufigsten ist die fl\u00fcssige Form.<\/p>\n<p>Eine fl\u00fcssige Form von Nembutal Phenobarbital (auch als Nembutal bekannt) ist ein Barbiturat-Arzneimittel. W\u00e4hrend es in den 1940er und 1950er Jahren weit verbreitet als Schlafmittel verwendet wurde, wurde Mesmerizing auch als eine Form von Anti-Angst-Medikament (z. B. Narkotikum) verwendet. Eine \u00dcberdosierung von Nembutal ist weit t\u00f6dlicher als bei den heutigen Schlafmitteln. Es ist eines der besten Medikamente f\u00fcr assistierten Suizid, weil es solide und leise ist. Nembutal wird von vors\u00e4tzlichen Vernichtungsorganisationen in den Vereinigten Staaten (Oregon Death With Dignity Act), der Schweiz (Dignitas) und den Niederlanden verwendet.<\/p>\n<p>Nembutal wurde vom Markt genommen, weil es so einfach war, es zu \u00fcberdosieren (ob versehentlich oder geplant), daher wurde es durch sicherere Schlafmittel ersetzt. F\u00fcr das Jahr 1998 wurde Nembutal von der Liste der empfohlenen Medikamente der australischen Regierung gestrichen. Nembutal hingegen wird immer noch von Tier\u00e4rzten verwendet, um das Leben gr\u00f6\u00dferer Tiere zu beenden. Viele Menschen konnten tier\u00e4rztliches Nembutal erhalten, um ihr Leben zu beenden. Marilyn Monroe, die legend\u00e4re amerikanische Schauspielerin und S\u00e4ngerin, hat sich anscheinend mit einer t\u00f6dlichen Dosis Nembutal umgebracht.<\/p>\n<p>Als Dr. John S. Lundy zum ersten Mal anfing, die Natriumsalz-Gleichung zu verwenden \u2013 Na (Natrium) + Ethyl + Methyl + Butyl + Al \u2013 1930 erhielt es den Markennamen \u201eNembutal\u201c (normales Postfix f\u00fcr Barbiturate). In D\u00e4nemark besitzt Lundbeck die Marke und stellt Nembutal her.<\/p>\n<p>Kurz wirkende Barbiturate umfassen Phenobarbital (US-Englisch) und Pentobarbital (UK-Englisch). Wenn es um Phenobarbital geht, kommt es in einer Vielzahl von Formen vor, einschlie\u00dflich freier \u00c4tzmittel und Salze verschiedener Bestandteile wie Natrium und Kalzium. In Wasser und Ethanol ist das freie \u00c4tzmittel nur wenig l\u00f6slich. Nembutal ist einer der Markennamen des Medikaments.<\/p>\n<p>Die chemische Formel f\u00fcr C11H18N2O3 lautet wie folgt:<\/p>\n<p>Die Leber ist an Stoffwechselprozessen beteiligt.<\/p>\n<p>Halbwertszeit von organischen Verbindungen: 15\u201348 Stunden. Pulverf\u00f6rmige Fl\u00fcssigkeit, Pillen<\/p>\n","protected":false},"excerpt":{"rendered":"<p>Kaufen Sie Nembutal-Pentobarbital-Natrium online in unserem Medicinasinc.com Shop und lassen Sie es sich umgehend an Ihre Haust\u00fcr liefern! Hier finden Sie den besten Ort, um Nembutal online zu kaufen!<\/p>\n<p>Sie k\u00f6nnen Nembutal online bei Medicinas Inc kaufen, das an Ihre Haust\u00fcr liefert. Nembutal ohne Rezept ist hier zu den niedrigsten Kosten erh\u00e4ltlich.<\/p>\n<p>Da \u00dcberdosierungen von Nembutal so h\u00e4ufig vorkamen, wurde das Medikament vom Markt genommen und durch sicherere Schlafmittel ersetzt. Australiern war es 1998 nicht mehr erlaubt, Nembutal als Behandlungsoption zu empfehlen. Auf jeden Fall nehmen Veteranen weiterhin Nembutal ein.<\/p>\n","protected":false},"featured_media":5796,"comment_status":"open","ping_status":"closed","template":"","meta":[],"product_brand":[],"product_cat":[3818],"product_tag":[3819,3950,3824,3831,3834,3835,4183,3911,3910,3840,3822,3952,3826,3827,3828,3829,3844,3953,3907,3906,3830,3909,3908,3845,3821,3913,3820,4184,3866,3869,3949,3874,3875,3897,3878,3883,3884,3885,3886,3891,3892,3893,3894,3899,3900,3901,3903,3876,3880,3879,3896,3902,3882,3890,3887,3889,3888,3895,3898,3951,3904,3948,3881,3916,3921,3842,3841,3927,3920,3918,3919,3923,3954,3926,3922],"class_list":{"0":"post-5785","1":"product","2":"type-product","3":"status-publish","4":"has-post-thumbnail","6":"product_cat-pentobarbital-zu-verkaufen","7":"product_tag-best-drug-for-suicide-overdose","8":"product_tag-nembutal-liquid-online-bestellen","9":"product_tag-buy-nembutal-pentobarbital-sodium","10":"product_tag-can-i-buy-pentobarbital","11":"product_tag-can-you-buy-pentobarbital-sodium-over-the-counter","12":"product_tag-can-you-buy-sodium-pentobarbital","13":"product_tag-es-ist-einfach","14":"product_tag-natrium-pentobarbital-haltbarkeit","15":"product_tag-natrium-pentobarbital-hersteller","16":"product_tag-how-to-acquire-nembutal","17":"product_tag-kaufen-nembutal-hier","18":"product_tag-nembutal-flssigkeit-online-kaufen","19":"product_tag-nembutal-natrium-online-kaufen","20":"product_tag-kaufen-pentobarbital-natrium","21":"product_tag-kaufen-pentobarbital-natrium-2021","22":"product_tag-kaufen-pentobarbital-natrium-pentobarbital-natrium-salz","23":"product_tag-lethal-injection-buy-online","24":"product_tag-natrium","25":"product_tag-natrium-pentobarbital-kosten","26":"product_tag-natrium-pentobarbital-nembutal","27":"product_tag-kaufen-natrium-pentobarbital-uk","28":"product_tag-natrium-pentobarbital-fr-euthanasie","29":"product_tag-natrium-pentobarbital-fr-tier-euthanasie","30":"product_tag-nembutal","31":"product_tag-gnstig-nembutal-online-kaufen","32":"product_tag-will-kaufen-nembutal","33":"product_tag-gnstig-nembutal-liquid-online-kaufen","34":"product_tag-nembutal-online-zu-kaufen","35":"product_tag-nembutal-pills-online","36":"product_tag-nembutal-selbstmord-dosis","37":"product_tag-nembutal-flssigkeit-zum-verkauf","38":"product_tag-pentobarbital","39":"product_tag-pentobarbital-de-sodium-dose-letale","40":"product_tag-pentobarbital-natrium-preis","41":"product_tag-pentobarbital-sodium-anesthesia","42":"product_tag-pentobarbital-sodium-for-dogs","43":"product_tag-pentobarbital-sodium-for-humans","44":"product_tag-pentobarbital-sodium-group","45":"product_tag-pentobarbital-sodium-injection-for-dogs","46":"product_tag-pentobarbital-sodium-nz","47":"product_tag-pentobarbital-sodium-oral","48":"product_tag-pentobarbital-sodium-over-the-counter","49":"product_tag-pentobarbital-sodium-pills","50":"product_tag-pentobarbital-sodium-sleeping-pills","51":"product_tag-pentobarbital-sodium-sleeping-pills-over-the-counter","52":"product_tag-pentobarbital-sodium-tablets","53":"product_tag-pentobarbital-gebrauch","54":"product_tag-pentobarbital-fr-euthanasie","55":"product_tag-pentobarbital-natrium-porzellan","56":"product_tag-pentobarbital-natrium-kaufen","57":"product_tag-pentobarbital-natrium-rezept","58":"product_tag-pentobarbital-natrium-wo-zu-kaufen","59":"product_tag-pentobarbital-natrium-dosierung","60":"product_tag-pentobarbital-natrium-fl-c3-bcssigkeit","61":"product_tag-pentobarbital-natrium-injektion-fr-den-menschen","62":"product_tag-pentobarbital-natrium-injektion-vgl","63":"product_tag-pentobarbital-natrium-injektionslsung","64":"product_tag-pentobarbital-natrium-pulver","65":"product_tag-pentobarbital-natriumsalz","66":"product_tag-phenobarbital-sodium-intravenous","67":"product_tag-purchase-nembutal-online","68":"product_tag-wie-kauft-man-nembutal-flssigkeit-online","69":"product_tag-pentobarbital-natrium-tod","70":"product_tag-where-can-i-buy-nembutal-sodium-pentobarbital","71":"product_tag-where-can-i-purchase-nembutal","72":"product_tag-wie-bestelle-nembutal-per-mail","73":"product_tag-wie-kauft-man-nembutal-online","74":"product_tag-wo-man-pentobarbital-natrium-bekommt","75":"product_tag-wo-kann-ich-natrium-pentobarbital-kaufen","76":"product_tag-wo-kann-ich-pentobarbital-natrium-kaufen","77":"product_tag-wo-kann-ich-pentobarbital-natrium-schlaftabletten-kaufen","78":"product_tag-wo-man-billiges-nembutal-online-kaufen-kann","79":"product_tag-wo-kauft-man-nembutal-flssigkeit-online","80":"product_tag-wo-kauft-pentobarbital-natrium-fur-hunde","81":"product_tag-wo-kann-man-pentobarbital-natrium-kaufen","83":"first","84":"instock","85":"shipping-taxable","86":"purchasable","87":"product-type-variable"},"yoast_head":"<!-- This site is optimized with the Yoast SEO plugin v27.3 - https:\/\/yoast.com\/product\/yoast-seo-wordpress\/ -->\n<title>Kaufen Sie Nembutal Pentobarbital Sodium - Best Global Meds<\/title>\n<meta name=\"description\" content=\"Kaufen Sie Nembutal-Pentobarbital-Natrium in Gro\u00dfbritannien, Europa, Asien und China in unserem Online-Shop Medicinasinc.com mit schneller weltweiter Lieferung! Das beste Nembutal zum Bestellen finden Sie hier!\" \/>\n<meta name=\"robots\" content=\"index, follow, max-snippet:-1, max-image-preview:large, max-video-preview:-1\" \/>\n<link rel=\"canonical\" href=\"https:\/\/medicinasinc.com\/de\/product\/kaufen-nembutal-pentobarbital-natrium\/\" \/>\n<meta property=\"og:locale\" content=\"de_DE\" \/>\n<meta property=\"og:type\" content=\"article\" \/>\n<meta property=\"og:title\" content=\"Kaufen Sie Nembutal Pentobarbital Sodium - Best Global Meds\" \/>\n<meta property=\"og:description\" content=\"Kaufen Sie Nembutal-Pentobarbital-Natrium in Gro\u00dfbritannien, Europa, Asien und China in unserem Online-Shop Medicinasinc.com mit schneller weltweiter Lieferung! Das beste Nembutal zum Bestellen finden Sie hier!\" \/>\n<meta property=\"og:url\" content=\"https:\/\/medicinasinc.com\/de\/product\/kaufen-nembutal-pentobarbital-natrium\/\" \/>\n<meta property=\"og:site_name\" content=\"Medicinas Inc\" \/>\n<meta property=\"article:modified_time\" content=\"2022-08-03T08:55:03+00:00\" \/>\n<meta property=\"og:image\" content=\"https:\/\/medicinasinc.com\/de\/wp-content\/uploads\/sites\/6\/2022\/02\/Buy-Pentobarbital-Sodium-1.jpg\" \/>\n\t<meta property=\"og:image:width\" content=\"356\" \/>\n\t<meta property=\"og:image:height\" content=\"540\" \/>\n\t<meta property=\"og:image:type\" content=\"image\/jpeg\" \/>\n<meta name=\"twitter:card\" content=\"summary_large_image\" \/>\n<meta name=\"twitter:label1\" content=\"Gesch\u00e4tzte Lesezeit\" \/>\n\t<meta name=\"twitter:data1\" content=\"2\u00a0Minuten\" \/>\n<script type=\"application\/ld+json\" class=\"yoast-schema-graph\">{\"@context\":\"https:\\\/\\\/schema.org\",\"@graph\":[{\"@type\":\"WebPage\",\"@id\":\"https:\\\/\\\/medicinasinc.com\\\/de\\\/product\\\/kaufen-nembutal-pentobarbital-natrium\\\/\",\"url\":\"https:\\\/\\\/medicinasinc.com\\\/de\\\/product\\\/kaufen-nembutal-pentobarbital-natrium\\\/\",\"name\":\"Kaufen Sie Nembutal Pentobarbital Sodium - Best Global Meds\",\"isPartOf\":{\"@id\":\"https:\\\/\\\/medicinasinc.com\\\/de\\\/#website\"},\"primaryImageOfPage\":{\"@id\":\"https:\\\/\\\/medicinasinc.com\\\/de\\\/product\\\/kaufen-nembutal-pentobarbital-natrium\\\/#primaryimage\"},\"image\":{\"@id\":\"https:\\\/\\\/medicinasinc.com\\\/de\\\/product\\\/kaufen-nembutal-pentobarbital-natrium\\\/#primaryimage\"},\"thumbnailUrl\":\"https:\\\/\\\/medicinasinc.com\\\/de\\\/wp-content\\\/uploads\\\/sites\\\/6\\\/2022\\\/02\\\/Buy-Pentobarbital-Sodium-1.jpg\",\"datePublished\":\"2022-02-22T06:12:06+00:00\",\"dateModified\":\"2022-08-03T08:55:03+00:00\",\"description\":\"Kaufen Sie Nembutal-Pentobarbital-Natrium in Gro\u00dfbritannien, Europa, Asien und China in unserem Online-Shop Medicinasinc.com mit schneller weltweiter Lieferung! Das beste Nembutal zum Bestellen finden Sie hier!\",\"breadcrumb\":{\"@id\":\"https:\\\/\\\/medicinasinc.com\\\/de\\\/product\\\/kaufen-nembutal-pentobarbital-natrium\\\/#breadcrumb\"},\"inLanguage\":\"de\",\"potentialAction\":[{\"@type\":\"ReadAction\",\"target\":[\"https:\\\/\\\/medicinasinc.com\\\/de\\\/product\\\/kaufen-nembutal-pentobarbital-natrium\\\/\"]}]},{\"@type\":\"ImageObject\",\"inLanguage\":\"de\",\"@id\":\"https:\\\/\\\/medicinasinc.com\\\/de\\\/product\\\/kaufen-nembutal-pentobarbital-natrium\\\/#primaryimage\",\"url\":\"https:\\\/\\\/medicinasinc.com\\\/de\\\/wp-content\\\/uploads\\\/sites\\\/6\\\/2022\\\/02\\\/Buy-Pentobarbital-Sodium-1.jpg\",\"contentUrl\":\"https:\\\/\\\/medicinasinc.com\\\/de\\\/wp-content\\\/uploads\\\/sites\\\/6\\\/2022\\\/02\\\/Buy-Pentobarbital-Sodium-1.jpg\",\"width\":356,\"height\":540},{\"@type\":\"BreadcrumbList\",\"@id\":\"https:\\\/\\\/medicinasinc.com\\\/de\\\/product\\\/kaufen-nembutal-pentobarbital-natrium\\\/#breadcrumb\",\"itemListElement\":[{\"@type\":\"ListItem\",\"position\":1,\"name\":\"Einkaufen\",\"item\":\"https:\\\/\\\/medicinasinc.com\\\/de\\\/einkaufen\\\/\"},{\"@type\":\"ListItem\",\"position\":2,\"name\":\"Kaufen Sie Nembutal-Pentobarbital-Natrium\"}]},{\"@type\":\"WebSite\",\"@id\":\"https:\\\/\\\/medicinasinc.com\\\/de\\\/#website\",\"url\":\"https:\\\/\\\/medicinasinc.com\\\/de\\\/\",\"name\":\"Medicinas Inc\",\"description\":\"Health Medical Clinic\",\"potentialAction\":[{\"@type\":\"SearchAction\",\"target\":{\"@type\":\"EntryPoint\",\"urlTemplate\":\"https:\\\/\\\/medicinasinc.com\\\/de\\\/?s={search_term_string}\"},\"query-input\":{\"@type\":\"PropertyValueSpecification\",\"valueRequired\":true,\"valueName\":\"search_term_string\"}}],\"inLanguage\":\"de\"}]}<\/script>\n<!-- \/ Yoast SEO plugin. -->","yoast_head_json":{"title":"Kaufen Sie Nembutal Pentobarbital Sodium - Best Global Meds","description":"Kaufen Sie Nembutal-Pentobarbital-Natrium in Gro\u00dfbritannien, Europa, Asien und China in unserem Online-Shop Medicinasinc.com mit schneller weltweiter Lieferung! Das beste Nembutal zum Bestellen finden Sie hier!","robots":{"index":"index","follow":"follow","max-snippet":"max-snippet:-1","max-image-preview":"max-image-preview:large","max-video-preview":"max-video-preview:-1"},"canonical":"https:\/\/medicinasinc.com\/de\/product\/kaufen-nembutal-pentobarbital-natrium\/","og_locale":"de_DE","og_type":"article","og_title":"Kaufen Sie Nembutal Pentobarbital Sodium - Best Global Meds","og_description":"Kaufen Sie Nembutal-Pentobarbital-Natrium in Gro\u00dfbritannien, Europa, Asien und China in unserem Online-Shop Medicinasinc.com mit schneller weltweiter Lieferung! Das beste Nembutal zum Bestellen finden Sie hier!","og_url":"https:\/\/medicinasinc.com\/de\/product\/kaufen-nembutal-pentobarbital-natrium\/","og_site_name":"Medicinas Inc","article_modified_time":"2022-08-03T08:55:03+00:00","og_image":[{"width":356,"height":540,"url":"https:\/\/medicinasinc.com\/de\/wp-content\/uploads\/sites\/6\/2022\/02\/Buy-Pentobarbital-Sodium-1.jpg","type":"image\/jpeg"}],"twitter_card":"summary_large_image","twitter_misc":{"Gesch\u00e4tzte Lesezeit":"2\u00a0Minuten"},"schema":{"@context":"https:\/\/schema.org","@graph":[{"@type":"WebPage","@id":"https:\/\/medicinasinc.com\/de\/product\/kaufen-nembutal-pentobarbital-natrium\/","url":"https:\/\/medicinasinc.com\/de\/product\/kaufen-nembutal-pentobarbital-natrium\/","name":"Kaufen Sie Nembutal Pentobarbital Sodium - Best Global Meds","isPartOf":{"@id":"https:\/\/medicinasinc.com\/de\/#website"},"primaryImageOfPage":{"@id":"https:\/\/medicinasinc.com\/de\/product\/kaufen-nembutal-pentobarbital-natrium\/#primaryimage"},"image":{"@id":"https:\/\/medicinasinc.com\/de\/product\/kaufen-nembutal-pentobarbital-natrium\/#primaryimage"},"thumbnailUrl":"https:\/\/medicinasinc.com\/de\/wp-content\/uploads\/sites\/6\/2022\/02\/Buy-Pentobarbital-Sodium-1.jpg","datePublished":"2022-02-22T06:12:06+00:00","dateModified":"2022-08-03T08:55:03+00:00","description":"Kaufen Sie Nembutal-Pentobarbital-Natrium in Gro\u00dfbritannien, Europa, Asien und China in unserem Online-Shop Medicinasinc.com mit schneller weltweiter Lieferung! Das beste Nembutal zum Bestellen finden Sie hier!","breadcrumb":{"@id":"https:\/\/medicinasinc.com\/de\/product\/kaufen-nembutal-pentobarbital-natrium\/#breadcrumb"},"inLanguage":"de","potentialAction":[{"@type":"ReadAction","target":["https:\/\/medicinasinc.com\/de\/product\/kaufen-nembutal-pentobarbital-natrium\/"]}]},{"@type":"ImageObject","inLanguage":"de","@id":"https:\/\/medicinasinc.com\/de\/product\/kaufen-nembutal-pentobarbital-natrium\/#primaryimage","url":"https:\/\/medicinasinc.com\/de\/wp-content\/uploads\/sites\/6\/2022\/02\/Buy-Pentobarbital-Sodium-1.jpg","contentUrl":"https:\/\/medicinasinc.com\/de\/wp-content\/uploads\/sites\/6\/2022\/02\/Buy-Pentobarbital-Sodium-1.jpg","width":356,"height":540},{"@type":"BreadcrumbList","@id":"https:\/\/medicinasinc.com\/de\/product\/kaufen-nembutal-pentobarbital-natrium\/#breadcrumb","itemListElement":[{"@type":"ListItem","position":1,"name":"Einkaufen","item":"https:\/\/medicinasinc.com\/de\/einkaufen\/"},{"@type":"ListItem","position":2,"name":"Kaufen Sie Nembutal-Pentobarbital-Natrium"}]},{"@type":"WebSite","@id":"https:\/\/medicinasinc.com\/de\/#website","url":"https:\/\/medicinasinc.com\/de\/","name":"Medicinas Inc","description":"Health Medical Clinic","potentialAction":[{"@type":"SearchAction","target":{"@type":"EntryPoint","urlTemplate":"https:\/\/medicinasinc.com\/de\/?s={search_term_string}"},"query-input":{"@type":"PropertyValueSpecification","valueRequired":true,"valueName":"search_term_string"}}],"inLanguage":"de"}]}},"_links":{"self":[{"href":"https:\/\/medicinasinc.com\/de\/wp-json\/wp\/v2\/product\/5785","targetHints":{"allow":["GET"]}}],"collection":[{"href":"https:\/\/medicinasinc.com\/de\/wp-json\/wp\/v2\/product"}],"about":[{"href":"https:\/\/medicinasinc.com\/de\/wp-json\/wp\/v2\/types\/product"}],"replies":[{"embeddable":true,"href":"https:\/\/medicinasinc.com\/de\/wp-json\/wp\/v2\/comments?post=5785"}],"wp:featuredmedia":[{"embeddable":true,"href":"https:\/\/medicinasinc.com\/de\/wp-json\/wp\/v2\/media\/5796"}],"wp:attachment":[{"href":"https:\/\/medicinasinc.com\/de\/wp-json\/wp\/v2\/media?parent=5785"}],"wp:term":[{"taxonomy":"product_brand","embeddable":true,"href":"https:\/\/medicinasinc.com\/de\/wp-json\/wp\/v2\/product_brand?post=5785"},{"taxonomy":"product_cat","embeddable":true,"href":"https:\/\/medicinasinc.com\/de\/wp-json\/wp\/v2\/product_cat?post=5785"},{"taxonomy":"product_tag","embeddable":true,"href":"https:\/\/medicinasinc.com\/de\/wp-json\/wp\/v2\/product_tag?post=5785"}],"curies":[{"name":"wp","href":"https:\/\/api.w.org\/{rel}","templated":true}]}}