{"id":5781,"date":"2022-02-22T06:07:08","date_gmt":"2022-02-22T06:07:08","guid":{"rendered":"https:\/\/medicinasinc.com\/de\/?post_type=product&#038;p=5781"},"modified":"2022-08-03T08:55:20","modified_gmt":"2022-08-03T08:55:20","slug":"nembutal-pulver-kaufen","status":"publish","type":"product","link":"https:\/\/medicinasinc.com\/de\/product\/nembutal-pulver-kaufen\/","title":{"rendered":"Kaufen Sie Nembutalpulver"},"content":{"rendered":"<p>Nembutal-Pulver von den besten Lieferanten zu den niedrigsten Preisen<\/p>\n<p>Auf dem Online-Markt finden Sie bei Online Nembutal Pharmacy hochwertige Medikamente und Medikamente. Um Nembutal-Pulver von den besten Nembutal-Pulver-Lieferanten zu erhalten, sollten Sie in unsere Apotheke kommen. Setzen Sie sich noch heute mit uns in Verbindung und wir erledigen Ihre Arbeit sofort. Ihre Medikamente werden an die von Ihnen angegebene Adresse geliefert. F\u00fcr das beste Angebot an Nembutal-Pulver geben Sie gleich Ihre Bestellung auf!<\/p>\n<p>Was k\u00f6nnen Sie erwarten, wenn Sie Nembutal-Pulver verwenden?<\/p>\n<p>Nembutal-Pulver ist daf\u00fcr bekannt, Schlaflosen und denen zu helfen, die es finden Es ist schwierig zu schlafen, um die Augen zu schlie\u00dfen. In vielen F\u00e4llen wird es als Anti-Angst-Medikament eingesetzt. Unsere Online-Apotheke ist der beste Ort, um Nembutal-Pulver zu erwerben, wenn Sie die gleichen Ziele verfolgen.<\/p>\n<p>Welcher Online-Shop verkauft das beste Nembutal-Pulver?<\/p>\n<p>Was auch immer Ihr Grund f\u00fcr die Bestellung von Nembutal-Pulver ist , k\u00f6nnen Sie sich immer darauf verlassen, dass Online Nembutal Pharmacy die Arbeit f\u00fcr Sie richtig erledigt.<\/p>\n<p>Wir verstehen die Bed\u00fcrfnisse und Erwartungen unserer Kunden aufgrund unserer langj\u00e4hrigen Erfahrung. Wir haben niemals Zugriff auf oder speichern Ihre Kreditkarten- oder pers\u00f6nlichen Daten. Alle Informationen werden vertraulich behandelt. Das bedeutet, dass Sie bei uns Nembutal-Pulver zum besten Preis online kaufen k\u00f6nnen.<\/p>\n<p>Durch einen Einkauf in unserer Online-Apotheke sind Sie der Konkurrenz einen Schritt voraus. Im Laufe der Zeit haben wir viele potenzielle Verbraucher gewonnen. Wenn Sie auf der Suche nach den Besten sind, z\u00f6gern Sie nicht, uns jederzeit zu kontaktieren.<\/p>\n","protected":false},"excerpt":{"rendered":"<p>Es gibt eine Reihe von Online-Apotheken, die Nembutal-Pulver-Pentobarbital-Natrium zum Verkauf anbieten, einschlie\u00dflich Medicinasinc.com. Hier finden Sie den besten Ort, um Nembutal online zu kaufen! Es ist jetzt m\u00f6glich, eine Nembutal-Apotheke online bequem von zu Hause aus zu erhalten. Nembutalpulver zum Verkauf zu den geringstm\u00f6glichen Kosten finden Sie hier.<\/p>\n<p>Best Global Meds bietet Nembutalpulver online zum Verkauf zu erschwinglichen Preisen an. Nembutal-Pillen, -Tabletten und -Kapseln von h\u00f6chster Qualit\u00e4t k\u00f6nnen zu den gr\u00f6\u00dften Kosten erworben werden. Z\u00f6gern Sie nicht, sich gleich mit uns in Verbindung zu setzen!<\/p>\n","protected":false},"featured_media":5791,"comment_status":"open","ping_status":"closed","template":"","meta":[],"product_brand":[],"product_cat":[3818],"product_tag":[3941,3928,4170,3930,3839,3832,3929,3845,3935,3932,3933,3934,3938,3939,3940,3936,3942,3937,3943,3944,4185,3946,3947,3931],"class_list":{"0":"post-5781","1":"product","2":"type-product","3":"status-publish","4":"has-post-thumbnail","6":"product_cat-pentobarbital-zu-verkaufen","7":"product_tag-nembutal-pulver-lieferant","8":"product_tag-buy-nembutal-online","9":"product_tag-der-beste-ort","10":"product_tag-how-can-i-order-nembutal-powder","11":"product_tag-how-can-i-take-nembutal","12":"product_tag-kann-ich-nembutal-online-bestellen","13":"product_tag-nembutal-pulver-online-kaufen","14":"product_tag-nembutal","15":"product_tag-nembutal-buy-uk","16":"product_tag-nembutal-kaufen-australien","17":"product_tag-nembutal-kaufen-sterreich","18":"product_tag-nembutal-online-kaufen","19":"product_tag-nembutal-powder-dose","20":"product_tag-nembutal-powder-for-sale","21":"product_tag-nembutal-powder-overdose","22":"product_tag-nicht-butal-pulver","23":"product_tag-bestellen-nembutal-pulver","24":"product_tag-nembutal-pulver-kaufen","25":"product_tag-nembutal-pulver-online-bestellen","26":"product_tag-purchase-nembutal-powder-online","27":"product_tag-um-nembutalpulver-online-zu-kaufen","28":"product_tag-where-can-i-buy-nembutal-powder","29":"product_tag-where-to-buy-nembutal-powder-online","30":"product_tag-wie-man-nembutal-pulver-online-kauft","32":"first","33":"instock","34":"shipping-taxable","35":"purchasable","36":"product-type-variable"},"yoast_head":"<!-- This site is optimized with the Yoast SEO plugin v27.3 - https:\/\/yoast.com\/product\/yoast-seo-wordpress\/ -->\n<title>Kaufen Sie Nembutalpulver - Pentobarbital-Natrium - Best Global Meds<\/title>\n<meta name=\"description\" content=\"Kaufen Sie Nembutal-Pulver Pentobarbital-Natrium zum Verkauf in Gro\u00dfbritannien, den Vereinigten Arabischen Emiraten, Europa und China in unserem Online-Shop Medicinasinc.com mit schneller weltweiter Lieferung! Das beste Nembutal zum Bestellen finden Sie hier!\" \/>\n<meta name=\"robots\" content=\"index, follow, max-snippet:-1, max-image-preview:large, max-video-preview:-1\" \/>\n<link rel=\"canonical\" href=\"https:\/\/medicinasinc.com\/de\/product\/nembutal-pulver-kaufen\/\" \/>\n<meta property=\"og:locale\" content=\"de_DE\" \/>\n<meta property=\"og:type\" content=\"article\" \/>\n<meta property=\"og:title\" content=\"Kaufen Sie Nembutalpulver - Pentobarbital-Natrium - Best Global Meds\" \/>\n<meta property=\"og:description\" content=\"Kaufen Sie Nembutal-Pulver Pentobarbital-Natrium zum Verkauf in Gro\u00dfbritannien, den Vereinigten Arabischen Emiraten, Europa und China in unserem Online-Shop Medicinasinc.com mit schneller weltweiter Lieferung! Das beste Nembutal zum Bestellen finden Sie hier!\" \/>\n<meta property=\"og:url\" content=\"https:\/\/medicinasinc.com\/de\/product\/nembutal-pulver-kaufen\/\" \/>\n<meta property=\"og:site_name\" content=\"Medicinas Inc\" \/>\n<meta property=\"article:modified_time\" content=\"2022-08-03T08:55:20+00:00\" \/>\n<meta property=\"og:image\" content=\"https:\/\/medicinasinc.com\/de\/wp-content\/uploads\/sites\/6\/2022\/02\/Buy-Nembutal-Powder-2.jpg\" \/>\n\t<meta property=\"og:image:width\" content=\"600\" \/>\n\t<meta property=\"og:image:height\" content=\"600\" \/>\n\t<meta property=\"og:image:type\" content=\"image\/jpeg\" \/>\n<meta name=\"twitter:card\" content=\"summary_large_image\" \/>\n<meta name=\"twitter:label1\" content=\"Gesch\u00e4tzte Lesezeit\" \/>\n\t<meta name=\"twitter:data1\" content=\"2\u00a0Minuten\" \/>\n<script type=\"application\/ld+json\" class=\"yoast-schema-graph\">{\"@context\":\"https:\\\/\\\/schema.org\",\"@graph\":[{\"@type\":\"WebPage\",\"@id\":\"https:\\\/\\\/medicinasinc.com\\\/de\\\/product\\\/nembutal-pulver-kaufen\\\/\",\"url\":\"https:\\\/\\\/medicinasinc.com\\\/de\\\/product\\\/nembutal-pulver-kaufen\\\/\",\"name\":\"Kaufen Sie Nembutalpulver - Pentobarbital-Natrium - Best Global Meds\",\"isPartOf\":{\"@id\":\"https:\\\/\\\/medicinasinc.com\\\/de\\\/#website\"},\"primaryImageOfPage\":{\"@id\":\"https:\\\/\\\/medicinasinc.com\\\/de\\\/product\\\/nembutal-pulver-kaufen\\\/#primaryimage\"},\"image\":{\"@id\":\"https:\\\/\\\/medicinasinc.com\\\/de\\\/product\\\/nembutal-pulver-kaufen\\\/#primaryimage\"},\"thumbnailUrl\":\"https:\\\/\\\/medicinasinc.com\\\/de\\\/wp-content\\\/uploads\\\/sites\\\/6\\\/2022\\\/02\\\/Buy-Nembutal-Powder-2.jpg\",\"datePublished\":\"2022-02-22T06:07:08+00:00\",\"dateModified\":\"2022-08-03T08:55:20+00:00\",\"description\":\"Kaufen Sie Nembutal-Pulver Pentobarbital-Natrium zum Verkauf in Gro\u00dfbritannien, den Vereinigten Arabischen Emiraten, Europa und China in unserem Online-Shop Medicinasinc.com mit schneller weltweiter Lieferung! Das beste Nembutal zum Bestellen finden Sie hier!\",\"breadcrumb\":{\"@id\":\"https:\\\/\\\/medicinasinc.com\\\/de\\\/product\\\/nembutal-pulver-kaufen\\\/#breadcrumb\"},\"inLanguage\":\"de\",\"potentialAction\":[{\"@type\":\"ReadAction\",\"target\":[\"https:\\\/\\\/medicinasinc.com\\\/de\\\/product\\\/nembutal-pulver-kaufen\\\/\"]}]},{\"@type\":\"ImageObject\",\"inLanguage\":\"de\",\"@id\":\"https:\\\/\\\/medicinasinc.com\\\/de\\\/product\\\/nembutal-pulver-kaufen\\\/#primaryimage\",\"url\":\"https:\\\/\\\/medicinasinc.com\\\/de\\\/wp-content\\\/uploads\\\/sites\\\/6\\\/2022\\\/02\\\/Buy-Nembutal-Powder-2.jpg\",\"contentUrl\":\"https:\\\/\\\/medicinasinc.com\\\/de\\\/wp-content\\\/uploads\\\/sites\\\/6\\\/2022\\\/02\\\/Buy-Nembutal-Powder-2.jpg\",\"width\":600,\"height\":600},{\"@type\":\"BreadcrumbList\",\"@id\":\"https:\\\/\\\/medicinasinc.com\\\/de\\\/product\\\/nembutal-pulver-kaufen\\\/#breadcrumb\",\"itemListElement\":[{\"@type\":\"ListItem\",\"position\":1,\"name\":\"Einkaufen\",\"item\":\"https:\\\/\\\/medicinasinc.com\\\/de\\\/einkaufen\\\/\"},{\"@type\":\"ListItem\",\"position\":2,\"name\":\"Kaufen Sie Nembutalpulver\"}]},{\"@type\":\"WebSite\",\"@id\":\"https:\\\/\\\/medicinasinc.com\\\/de\\\/#website\",\"url\":\"https:\\\/\\\/medicinasinc.com\\\/de\\\/\",\"name\":\"Medicinas Inc\",\"description\":\"Health Medical Clinic\",\"potentialAction\":[{\"@type\":\"SearchAction\",\"target\":{\"@type\":\"EntryPoint\",\"urlTemplate\":\"https:\\\/\\\/medicinasinc.com\\\/de\\\/?s={search_term_string}\"},\"query-input\":{\"@type\":\"PropertyValueSpecification\",\"valueRequired\":true,\"valueName\":\"search_term_string\"}}],\"inLanguage\":\"de\"}]}<\/script>\n<!-- \/ Yoast SEO plugin. -->","yoast_head_json":{"title":"Kaufen Sie Nembutalpulver - Pentobarbital-Natrium - Best Global Meds","description":"Kaufen Sie Nembutal-Pulver Pentobarbital-Natrium zum Verkauf in Gro\u00dfbritannien, den Vereinigten Arabischen Emiraten, Europa und China in unserem Online-Shop Medicinasinc.com mit schneller weltweiter Lieferung! Das beste Nembutal zum Bestellen finden Sie hier!","robots":{"index":"index","follow":"follow","max-snippet":"max-snippet:-1","max-image-preview":"max-image-preview:large","max-video-preview":"max-video-preview:-1"},"canonical":"https:\/\/medicinasinc.com\/de\/product\/nembutal-pulver-kaufen\/","og_locale":"de_DE","og_type":"article","og_title":"Kaufen Sie Nembutalpulver - Pentobarbital-Natrium - Best Global Meds","og_description":"Kaufen Sie Nembutal-Pulver Pentobarbital-Natrium zum Verkauf in Gro\u00dfbritannien, den Vereinigten Arabischen Emiraten, Europa und China in unserem Online-Shop Medicinasinc.com mit schneller weltweiter Lieferung! Das beste Nembutal zum Bestellen finden Sie hier!","og_url":"https:\/\/medicinasinc.com\/de\/product\/nembutal-pulver-kaufen\/","og_site_name":"Medicinas Inc","article_modified_time":"2022-08-03T08:55:20+00:00","og_image":[{"width":600,"height":600,"url":"https:\/\/medicinasinc.com\/de\/wp-content\/uploads\/sites\/6\/2022\/02\/Buy-Nembutal-Powder-2.jpg","type":"image\/jpeg"}],"twitter_card":"summary_large_image","twitter_misc":{"Gesch\u00e4tzte Lesezeit":"2\u00a0Minuten"},"schema":{"@context":"https:\/\/schema.org","@graph":[{"@type":"WebPage","@id":"https:\/\/medicinasinc.com\/de\/product\/nembutal-pulver-kaufen\/","url":"https:\/\/medicinasinc.com\/de\/product\/nembutal-pulver-kaufen\/","name":"Kaufen Sie Nembutalpulver - Pentobarbital-Natrium - Best Global Meds","isPartOf":{"@id":"https:\/\/medicinasinc.com\/de\/#website"},"primaryImageOfPage":{"@id":"https:\/\/medicinasinc.com\/de\/product\/nembutal-pulver-kaufen\/#primaryimage"},"image":{"@id":"https:\/\/medicinasinc.com\/de\/product\/nembutal-pulver-kaufen\/#primaryimage"},"thumbnailUrl":"https:\/\/medicinasinc.com\/de\/wp-content\/uploads\/sites\/6\/2022\/02\/Buy-Nembutal-Powder-2.jpg","datePublished":"2022-02-22T06:07:08+00:00","dateModified":"2022-08-03T08:55:20+00:00","description":"Kaufen Sie Nembutal-Pulver Pentobarbital-Natrium zum Verkauf in Gro\u00dfbritannien, den Vereinigten Arabischen Emiraten, Europa und China in unserem Online-Shop Medicinasinc.com mit schneller weltweiter Lieferung! Das beste Nembutal zum Bestellen finden Sie hier!","breadcrumb":{"@id":"https:\/\/medicinasinc.com\/de\/product\/nembutal-pulver-kaufen\/#breadcrumb"},"inLanguage":"de","potentialAction":[{"@type":"ReadAction","target":["https:\/\/medicinasinc.com\/de\/product\/nembutal-pulver-kaufen\/"]}]},{"@type":"ImageObject","inLanguage":"de","@id":"https:\/\/medicinasinc.com\/de\/product\/nembutal-pulver-kaufen\/#primaryimage","url":"https:\/\/medicinasinc.com\/de\/wp-content\/uploads\/sites\/6\/2022\/02\/Buy-Nembutal-Powder-2.jpg","contentUrl":"https:\/\/medicinasinc.com\/de\/wp-content\/uploads\/sites\/6\/2022\/02\/Buy-Nembutal-Powder-2.jpg","width":600,"height":600},{"@type":"BreadcrumbList","@id":"https:\/\/medicinasinc.com\/de\/product\/nembutal-pulver-kaufen\/#breadcrumb","itemListElement":[{"@type":"ListItem","position":1,"name":"Einkaufen","item":"https:\/\/medicinasinc.com\/de\/einkaufen\/"},{"@type":"ListItem","position":2,"name":"Kaufen Sie Nembutalpulver"}]},{"@type":"WebSite","@id":"https:\/\/medicinasinc.com\/de\/#website","url":"https:\/\/medicinasinc.com\/de\/","name":"Medicinas Inc","description":"Health Medical Clinic","potentialAction":[{"@type":"SearchAction","target":{"@type":"EntryPoint","urlTemplate":"https:\/\/medicinasinc.com\/de\/?s={search_term_string}"},"query-input":{"@type":"PropertyValueSpecification","valueRequired":true,"valueName":"search_term_string"}}],"inLanguage":"de"}]}},"_links":{"self":[{"href":"https:\/\/medicinasinc.com\/de\/wp-json\/wp\/v2\/product\/5781","targetHints":{"allow":["GET"]}}],"collection":[{"href":"https:\/\/medicinasinc.com\/de\/wp-json\/wp\/v2\/product"}],"about":[{"href":"https:\/\/medicinasinc.com\/de\/wp-json\/wp\/v2\/types\/product"}],"replies":[{"embeddable":true,"href":"https:\/\/medicinasinc.com\/de\/wp-json\/wp\/v2\/comments?post=5781"}],"wp:featuredmedia":[{"embeddable":true,"href":"https:\/\/medicinasinc.com\/de\/wp-json\/wp\/v2\/media\/5791"}],"wp:attachment":[{"href":"https:\/\/medicinasinc.com\/de\/wp-json\/wp\/v2\/media?parent=5781"}],"wp:term":[{"taxonomy":"product_brand","embeddable":true,"href":"https:\/\/medicinasinc.com\/de\/wp-json\/wp\/v2\/product_brand?post=5781"},{"taxonomy":"product_cat","embeddable":true,"href":"https:\/\/medicinasinc.com\/de\/wp-json\/wp\/v2\/product_cat?post=5781"},{"taxonomy":"product_tag","embeddable":true,"href":"https:\/\/medicinasinc.com\/de\/wp-json\/wp\/v2\/product_tag?post=5781"}],"curies":[{"name":"wp","href":"https:\/\/api.w.org\/{rel}","templated":true}]}}