{"id":5777,"date":"2022-02-22T05:58:59","date_gmt":"2022-02-22T05:58:59","guid":{"rendered":"https:\/\/medicinasinc.com\/de\/?post_type=product&#038;p=5777"},"modified":"2022-08-03T08:54:29","modified_gmt":"2022-08-03T08:54:29","slug":"nembutal-kapseln-kaufen","status":"publish","type":"product","link":"https:\/\/medicinasinc.com\/de\/product\/nembutal-kapseln-kaufen\/","title":{"rendered":"Kaufen Sie Nembutal-Kapseln"},"content":{"rendered":"<p>Finden Sie die besten Lieferanten und H\u00e4ndler von Nembutal-Kapseln in unserer Nembutal-Apotheke online<\/p>\n<p>Versuchen Sie, eine seri\u00f6se Online-Apotheke zu finden, in der Sie das beste Angebot f\u00fcr Nembutal-Kapseln bekommen? Jawohl? Dann ist dies der ideale Ort f\u00fcr Sie. Bekannt als Online Nembutal Pharmacy, sind wir eine bekannte Online-Apotheke. Dank unseres Rufs als einer der f\u00fchrenden Online-H\u00e4ndler und Anbieter von Nembutal-Kapseln haben wir viele treue Kunden gewonnen.<\/p>\n<p>Machen Sie sich keine Sorgen, wenn Sie zum ersten Mal Nembutal-Kapseln in unserer Online-Apotheke kaufen . Hier k\u00f6nnen Sie nur das Beste erwarten. Wir sind immer f\u00fcr Sie da, um Ihnen dabei zu helfen, die von Ihnen ben\u00f6tigten Nembutal-Kapseln zu finden und sie so schnell wie m\u00f6glich zu Ihnen zu bringen. In \u00dcbereinstimmung mit Industrienormen erf\u00fcllen oder \u00fcbertreffen wir die Erwartungen unserer Kunden. Die Nembutal-Kapseln unserer Online-Apotheke sind von h\u00f6chster Qualit\u00e4t, einschlie\u00dflich Verpackung und Versand. Kontaktieren Sie uns noch heute, wenn Sie daran interessiert sind, Nembutal-Kapseln zu erhalten, und wir werden Ihre Anforderungen zeitnah erf\u00fcllen.<\/p>\n<p>Warum ist der Kauf von Nembutal-Kapseln in einer Online-Nembutal-Apotheke die beste Wahl?<\/p>\n<p>Unser Unternehmen ist die beste Option, wenn Sie Nembutal-Kapseln auf pr\u00e4zise Weise mit einem qualit\u00e4tsgepr\u00fcften und schnellen Lieferservice w\u00fcnschen. Nembutal-Kapseln in bester Qualit\u00e4t sind zu g\u00fcnstigen Preisen in der Online-Nembutal-Apotheke erh\u00e4ltlich. Da wir keine Zwischenh\u00e4ndler einsetzen, k\u00f6nnen wir f\u00fcr einen reibungslosen Ablauf sorgen. Kundenservice hat f\u00fcr uns Priorit\u00e4t, und wir stellen sicher, dass Bestellungen p\u00fcnktlich geliefert werden.<\/p>\n<p>Wir haben gro\u00dfartige R\u00fcckmeldungen und Bewertungen von unseren Verbrauchern erhalten, weil wir schon lange in diesem Bereich t\u00e4tig sind. Nembutal-Kapseln werden von unserem Team auf sichere Weise an die Kunden gesendet. Wir legen jedem Artikel, den Sie bei uns kaufen, eine Reihe von Anweisungen bei. Diese Anweisungen zeigen Ihnen, wie Sie Ihre verschreibungspflichtigen Nembutal-Kapseln sicher einnehmen.<\/p>\n<p>Sie k\u00f6nnen sich immer auf unseren erstklassigen Service verlassen. Unsere Online-Apotheke kann Ihnen helfen, mehr \u00fcber das Medikament Nembutal-Kapseln zu erfahren. Nembutal-Kapseln waren fr\u00fcher schwer zu bekommen. Im Laufe der Zeit konnte unsere Online-Apotheke jedoch Nembutal-Artikel online anbieten. Sie k\u00f6nnen sie abrufen, wann immer Sie m\u00f6chten.<\/p>\n","protected":false},"excerpt":{"rendered":"<p>Online-Bestellung von Nembutal-Kapseln: Welche Schritte sind zu unternehmen?<\/p>\n<p>Sie k\u00f6nnen Ihre Anfrage zum Online-Kauf von Nembutal-Kapseln zum besten Preis auf unserer offiziellen Website einreichen und in kurzer Zeit abschlie\u00dfen. Wir sind f\u00fcr die Ausf\u00fchrung Ihrer Bestellung verantwortlich. Sie k\u00f6nnen Nembutal-Kapseln jetzt bei uns kaufen, wenn Sie uns noch heute kontaktieren!<\/p>\n<p>In unserem Online-Shop Medicinasinc.com k\u00f6nnen Sie Nembutal-Kapseln, Pillen Europa und Pentobarbital zum Verkauf in Gro\u00dfbritannien mit schneller weltweiter Lieferung erhalten! Hier finden Sie den besten Ort, um Nembutal online zu kaufen!<\/p>\n","protected":false},"featured_media":5786,"comment_status":"open","ping_status":"closed","template":"","meta":[],"product_brand":[],"product_cat":[3818],"product_tag":[3868,3819,3872,3824,3825,3831,3834,3835,4170,4183,3911,3910,3838,3839,3840,3832,3833,3822,3952,3826,3905,3827,3828,3829,3844,3907,3906,3830,3909,3908,3845,3846,3853,3821,3913,3849,3850,3820,3854,3855,4184,3857,3858,3863,3864,3865,3866,3869,3847,3856,3859,3862,3870,3851,3848,3852,3871,3861,3860,3874,3875,3897,3877,3878,3883,3884,3885,3886,3891,3892,3893,3894,3899,3900,3901,3903,3876,3873,3880,3879,3896,3902,3882,3890,3887,3889,3888,3895,3898,3904,3881,3867,4182,3914,3915,3916,3921,3924,3842,3837,3836,3841,3927,3920,3917,3918,3919,3923,3926,3922],"class_list":{"0":"post-5777","1":"product","2":"type-product","3":"status-publish","4":"has-post-thumbnail","6":"product_cat-pentobarbital-zu-verkaufen","7":"product_tag-nembutal-pillen-lieferant","8":"product_tag-best-drug-for-suicide-overdose","9":"product_tag-nembutal-pillen-online-bestellen","10":"product_tag-buy-nembutal-pentobarbital-sodium","11":"product_tag-buy-nembutal-pills-online","12":"product_tag-can-i-buy-pentobarbital","13":"product_tag-can-you-buy-pentobarbital-sodium-over-the-counter","14":"product_tag-can-you-buy-sodium-pentobarbital","15":"product_tag-der-beste-ort","16":"product_tag-es-ist-einfach","17":"product_tag-natrium-pentobarbital-haltbarkeit","18":"product_tag-natrium-pentobarbital-hersteller","19":"product_tag-how-can-i-order-pentobarbital-sodium","20":"product_tag-how-can-i-take-nembutal","21":"product_tag-how-to-acquire-nembutal","22":"product_tag-kann-ich-nembutal-online-bestellen","23":"product_tag-kann-ich-pentobarbital-online-bestellen","24":"product_tag-kaufen-nembutal-hier","25":"product_tag-nembutal-flssigkeit-online-kaufen","26":"product_tag-nembutal-natrium-online-kaufen","27":"product_tag-kaufen-nembutal-pillen-online","28":"product_tag-kaufen-pentobarbital-natrium","29":"product_tag-kaufen-pentobarbital-natrium-2021","30":"product_tag-kaufen-pentobarbital-natrium-pentobarbital-natrium-salz","31":"product_tag-lethal-injection-buy-online","32":"product_tag-natrium-pentobarbital-kosten","33":"product_tag-natrium-pentobarbital-nembutal","34":"product_tag-kaufen-natrium-pentobarbital-uk","35":"product_tag-natrium-pentobarbital-fr-euthanasie","36":"product_tag-natrium-pentobarbital-fr-tier-euthanasie","37":"product_tag-nembutal","38":"product_tag-nembutal-capsule","39":"product_tag-nembutal-flssigdosis","40":"product_tag-gnstig-nembutal-online-kaufen","41":"product_tag-will-kaufen-nembutal","42":"product_tag-nembutal-liquid-buy-australia","43":"product_tag-nembutal-liquid-buy-austria","44":"product_tag-gnstig-nembutal-liquid-online-kaufen","45":"product_tag-nembutal-liquid-overdose","46":"product_tag-nembutal-liquid-supplier","47":"product_tag-nembutal-online-zu-kaufen","48":"product_tag-nembutal-pills","49":"product_tag-nembutal-pills-buy","50":"product_tag-nembutal-pills-buy-uk","51":"product_tag-nembutal-pills-dose","52":"product_tag-nembutal-pills-for-sale","53":"product_tag-nembutal-pills-online","54":"product_tag-nembutal-selbstmord-dosis","55":"product_tag-nembutal-zum-verkauf","56":"product_tag-nembutal-pentobarbital-natrium-kaufen","57":"product_tag-nembutal-pillen-kaufen-australien","58":"product_tag-nembutal-pillen-online-kaufen","59":"product_tag-bestell-nembutal-flssigkeit","60":"product_tag-nembutal-flssigkeit-kaufen-europa","61":"product_tag-nembutal-flssigkeit-kaufen","62":"product_tag-nembutal-liquid-buy-uk","63":"product_tag-nembutal-pillen-bestellen","64":"product_tag-nembutal-pillen-kaufen-europa","65":"product_tag-nembutal-pillen-kaufen-sterreich","66":"product_tag-pentobarbital","67":"product_tag-pentobarbital-de-sodium-dose-letale","68":"product_tag-pentobarbital-natrium-preis","69":"product_tag-pentobarbital-near-me","70":"product_tag-pentobarbital-sodium-anesthesia","71":"product_tag-pentobarbital-sodium-for-dogs","72":"product_tag-pentobarbital-sodium-for-humans","73":"product_tag-pentobarbital-sodium-group","74":"product_tag-pentobarbital-sodium-injection-for-dogs","75":"product_tag-pentobarbital-sodium-nz","76":"product_tag-pentobarbital-sodium-oral","77":"product_tag-pentobarbital-sodium-over-the-counter","78":"product_tag-pentobarbital-sodium-pills","79":"product_tag-pentobarbital-sodium-sleeping-pills","80":"product_tag-pentobarbital-sodium-sleeping-pills-over-the-counter","81":"product_tag-pentobarbital-sodium-tablets","82":"product_tag-pentobarbital-gebrauch","83":"product_tag-pentobarbital-fr-euthanasie","84":"product_tag-ordnung-pentobarbital-natrium","85":"product_tag-pentobarbital-natrium-porzellan","86":"product_tag-pentobarbital-natrium-kaufen","87":"product_tag-pentobarbital-natrium-rezept","88":"product_tag-pentobarbital-natrium-wo-zu-kaufen","89":"product_tag-pentobarbital-natrium-dosierung","90":"product_tag-pentobarbital-natrium-fl-c3-bcssigkeit","91":"product_tag-pentobarbital-natrium-injektion-fr-den-menschen","92":"product_tag-pentobarbital-natrium-injektion-vgl","93":"product_tag-pentobarbital-natrium-injektionslsung","94":"product_tag-pentobarbital-natrium-pulver","95":"product_tag-pentobarbital-natriumsalz","96":"product_tag-purchase-nembutal-online","97":"product_tag-pentobarbital-natrium-tod","98":"product_tag-nembutal-pillen-berdose","99":"product_tag-um-nembutal-pillen-online-zu-kaufen","100":"product_tag-where-can-i-buy-nembutal-liquid","101":"product_tag-where-can-i-buy-nembutal-pills","102":"product_tag-where-can-i-buy-nembutal-sodium-pentobarbital","103":"product_tag-where-can-i-purchase-nembutal","104":"product_tag-where-to-buy-nembutal-pills-online","105":"product_tag-wie-bestelle-nembutal-per-mail","106":"product_tag-wie-kann-ich-nembutal-pillen-bestellen","107":"product_tag-wie-kann-ich-nembutalflssigkeit-bestellen","108":"product_tag-wie-kauft-man-nembutal-online","109":"product_tag-wo-man-pentobarbital-natrium-bekommt","110":"product_tag-wo-kann-ich-natrium-pentobarbital-kaufen","111":"product_tag-wo-kann-ich-pentobarbital-kaufen","112":"product_tag-wo-kann-ich-pentobarbital-natrium-kaufen","113":"product_tag-wo-kann-ich-pentobarbital-natrium-schlaftabletten-kaufen","114":"product_tag-wo-man-billiges-nembutal-online-kaufen-kann","115":"product_tag-wo-kauft-pentobarbital-natrium-fur-hunde","116":"product_tag-wo-kann-man-pentobarbital-natrium-kaufen","118":"first","119":"instock","120":"shipping-taxable","121":"purchasable","122":"product-type-variable"},"yoast_head":"<!-- This site is optimized with the Yoast SEO plugin v27.3 - https:\/\/yoast.com\/product\/yoast-seo-wordpress\/ -->\n<title>Kaufen Sie Nembutal-Kapseln - Bestellen Sie Nembutal-Kapseln - Best Global Meds<\/title>\n<meta name=\"description\" content=\"Kaufen\/bestellen Sie Nembutal-Kapseln, Pillen zum Verkauf in Gro\u00dfbritannien, Europa, China, Japan, Israel in einer seri\u00f6sen Online-Apotheke ohne Rezept und mit garantiert diskretem Versand.\" \/>\n<meta name=\"robots\" content=\"index, follow, max-snippet:-1, max-image-preview:large, max-video-preview:-1\" \/>\n<link rel=\"canonical\" href=\"https:\/\/medicinasinc.com\/de\/product\/nembutal-kapseln-kaufen\/\" \/>\n<meta property=\"og:locale\" content=\"de_DE\" \/>\n<meta property=\"og:type\" content=\"article\" \/>\n<meta property=\"og:title\" content=\"Kaufen Sie Nembutal-Kapseln - Bestellen Sie Nembutal-Kapseln - Best Global Meds\" \/>\n<meta property=\"og:description\" content=\"Kaufen\/bestellen Sie Nembutal-Kapseln, Pillen zum Verkauf in Gro\u00dfbritannien, Europa, China, Japan, Israel in einer seri\u00f6sen Online-Apotheke ohne Rezept und mit garantiert diskretem Versand.\" \/>\n<meta property=\"og:url\" content=\"https:\/\/medicinasinc.com\/de\/product\/nembutal-kapseln-kaufen\/\" \/>\n<meta property=\"og:site_name\" content=\"Medicinas Inc\" \/>\n<meta property=\"article:modified_time\" content=\"2022-08-03T08:54:29+00:00\" \/>\n<meta property=\"og:image\" content=\"https:\/\/medicinasinc.com\/de\/wp-content\/uploads\/sites\/6\/2022\/02\/Buy-Nembutal-Capsules.jpg\" \/>\n\t<meta property=\"og:image:width\" content=\"600\" \/>\n\t<meta property=\"og:image:height\" content=\"600\" \/>\n\t<meta property=\"og:image:type\" content=\"image\/jpeg\" \/>\n<meta name=\"twitter:card\" content=\"summary_large_image\" \/>\n<meta name=\"twitter:label1\" content=\"Gesch\u00e4tzte Lesezeit\" \/>\n\t<meta name=\"twitter:data1\" content=\"2\u00a0Minuten\" \/>\n<script type=\"application\/ld+json\" class=\"yoast-schema-graph\">{\"@context\":\"https:\\\/\\\/schema.org\",\"@graph\":[{\"@type\":\"WebPage\",\"@id\":\"https:\\\/\\\/medicinasinc.com\\\/de\\\/product\\\/nembutal-kapseln-kaufen\\\/\",\"url\":\"https:\\\/\\\/medicinasinc.com\\\/de\\\/product\\\/nembutal-kapseln-kaufen\\\/\",\"name\":\"Kaufen Sie Nembutal-Kapseln - Bestellen Sie Nembutal-Kapseln - Best Global Meds\",\"isPartOf\":{\"@id\":\"https:\\\/\\\/medicinasinc.com\\\/de\\\/#website\"},\"primaryImageOfPage\":{\"@id\":\"https:\\\/\\\/medicinasinc.com\\\/de\\\/product\\\/nembutal-kapseln-kaufen\\\/#primaryimage\"},\"image\":{\"@id\":\"https:\\\/\\\/medicinasinc.com\\\/de\\\/product\\\/nembutal-kapseln-kaufen\\\/#primaryimage\"},\"thumbnailUrl\":\"https:\\\/\\\/medicinasinc.com\\\/de\\\/wp-content\\\/uploads\\\/sites\\\/6\\\/2022\\\/02\\\/Buy-Nembutal-Capsules.jpg\",\"datePublished\":\"2022-02-22T05:58:59+00:00\",\"dateModified\":\"2022-08-03T08:54:29+00:00\",\"description\":\"Kaufen\\\/bestellen Sie Nembutal-Kapseln, Pillen zum Verkauf in Gro\u00dfbritannien, Europa, China, Japan, Israel in einer seri\u00f6sen Online-Apotheke ohne Rezept und mit garantiert diskretem Versand.\",\"breadcrumb\":{\"@id\":\"https:\\\/\\\/medicinasinc.com\\\/de\\\/product\\\/nembutal-kapseln-kaufen\\\/#breadcrumb\"},\"inLanguage\":\"de\",\"potentialAction\":[{\"@type\":\"ReadAction\",\"target\":[\"https:\\\/\\\/medicinasinc.com\\\/de\\\/product\\\/nembutal-kapseln-kaufen\\\/\"]}]},{\"@type\":\"ImageObject\",\"inLanguage\":\"de\",\"@id\":\"https:\\\/\\\/medicinasinc.com\\\/de\\\/product\\\/nembutal-kapseln-kaufen\\\/#primaryimage\",\"url\":\"https:\\\/\\\/medicinasinc.com\\\/de\\\/wp-content\\\/uploads\\\/sites\\\/6\\\/2022\\\/02\\\/Buy-Nembutal-Capsules.jpg\",\"contentUrl\":\"https:\\\/\\\/medicinasinc.com\\\/de\\\/wp-content\\\/uploads\\\/sites\\\/6\\\/2022\\\/02\\\/Buy-Nembutal-Capsules.jpg\",\"width\":600,\"height\":600},{\"@type\":\"BreadcrumbList\",\"@id\":\"https:\\\/\\\/medicinasinc.com\\\/de\\\/product\\\/nembutal-kapseln-kaufen\\\/#breadcrumb\",\"itemListElement\":[{\"@type\":\"ListItem\",\"position\":1,\"name\":\"Einkaufen\",\"item\":\"https:\\\/\\\/medicinasinc.com\\\/de\\\/einkaufen\\\/\"},{\"@type\":\"ListItem\",\"position\":2,\"name\":\"Kaufen Sie Nembutal-Kapseln\"}]},{\"@type\":\"WebSite\",\"@id\":\"https:\\\/\\\/medicinasinc.com\\\/de\\\/#website\",\"url\":\"https:\\\/\\\/medicinasinc.com\\\/de\\\/\",\"name\":\"Medicinas Inc\",\"description\":\"Health Medical Clinic\",\"potentialAction\":[{\"@type\":\"SearchAction\",\"target\":{\"@type\":\"EntryPoint\",\"urlTemplate\":\"https:\\\/\\\/medicinasinc.com\\\/de\\\/?s={search_term_string}\"},\"query-input\":{\"@type\":\"PropertyValueSpecification\",\"valueRequired\":true,\"valueName\":\"search_term_string\"}}],\"inLanguage\":\"de\"}]}<\/script>\n<!-- \/ Yoast SEO plugin. -->","yoast_head_json":{"title":"Kaufen Sie Nembutal-Kapseln - Bestellen Sie Nembutal-Kapseln - Best Global Meds","description":"Kaufen\/bestellen Sie Nembutal-Kapseln, Pillen zum Verkauf in Gro\u00dfbritannien, Europa, China, Japan, Israel in einer seri\u00f6sen Online-Apotheke ohne Rezept und mit garantiert diskretem Versand.","robots":{"index":"index","follow":"follow","max-snippet":"max-snippet:-1","max-image-preview":"max-image-preview:large","max-video-preview":"max-video-preview:-1"},"canonical":"https:\/\/medicinasinc.com\/de\/product\/nembutal-kapseln-kaufen\/","og_locale":"de_DE","og_type":"article","og_title":"Kaufen Sie Nembutal-Kapseln - Bestellen Sie Nembutal-Kapseln - Best Global Meds","og_description":"Kaufen\/bestellen Sie Nembutal-Kapseln, Pillen zum Verkauf in Gro\u00dfbritannien, Europa, China, Japan, Israel in einer seri\u00f6sen Online-Apotheke ohne Rezept und mit garantiert diskretem Versand.","og_url":"https:\/\/medicinasinc.com\/de\/product\/nembutal-kapseln-kaufen\/","og_site_name":"Medicinas Inc","article_modified_time":"2022-08-03T08:54:29+00:00","og_image":[{"width":600,"height":600,"url":"https:\/\/medicinasinc.com\/de\/wp-content\/uploads\/sites\/6\/2022\/02\/Buy-Nembutal-Capsules.jpg","type":"image\/jpeg"}],"twitter_card":"summary_large_image","twitter_misc":{"Gesch\u00e4tzte Lesezeit":"2\u00a0Minuten"},"schema":{"@context":"https:\/\/schema.org","@graph":[{"@type":"WebPage","@id":"https:\/\/medicinasinc.com\/de\/product\/nembutal-kapseln-kaufen\/","url":"https:\/\/medicinasinc.com\/de\/product\/nembutal-kapseln-kaufen\/","name":"Kaufen Sie Nembutal-Kapseln - Bestellen Sie Nembutal-Kapseln - Best Global Meds","isPartOf":{"@id":"https:\/\/medicinasinc.com\/de\/#website"},"primaryImageOfPage":{"@id":"https:\/\/medicinasinc.com\/de\/product\/nembutal-kapseln-kaufen\/#primaryimage"},"image":{"@id":"https:\/\/medicinasinc.com\/de\/product\/nembutal-kapseln-kaufen\/#primaryimage"},"thumbnailUrl":"https:\/\/medicinasinc.com\/de\/wp-content\/uploads\/sites\/6\/2022\/02\/Buy-Nembutal-Capsules.jpg","datePublished":"2022-02-22T05:58:59+00:00","dateModified":"2022-08-03T08:54:29+00:00","description":"Kaufen\/bestellen Sie Nembutal-Kapseln, Pillen zum Verkauf in Gro\u00dfbritannien, Europa, China, Japan, Israel in einer seri\u00f6sen Online-Apotheke ohne Rezept und mit garantiert diskretem Versand.","breadcrumb":{"@id":"https:\/\/medicinasinc.com\/de\/product\/nembutal-kapseln-kaufen\/#breadcrumb"},"inLanguage":"de","potentialAction":[{"@type":"ReadAction","target":["https:\/\/medicinasinc.com\/de\/product\/nembutal-kapseln-kaufen\/"]}]},{"@type":"ImageObject","inLanguage":"de","@id":"https:\/\/medicinasinc.com\/de\/product\/nembutal-kapseln-kaufen\/#primaryimage","url":"https:\/\/medicinasinc.com\/de\/wp-content\/uploads\/sites\/6\/2022\/02\/Buy-Nembutal-Capsules.jpg","contentUrl":"https:\/\/medicinasinc.com\/de\/wp-content\/uploads\/sites\/6\/2022\/02\/Buy-Nembutal-Capsules.jpg","width":600,"height":600},{"@type":"BreadcrumbList","@id":"https:\/\/medicinasinc.com\/de\/product\/nembutal-kapseln-kaufen\/#breadcrumb","itemListElement":[{"@type":"ListItem","position":1,"name":"Einkaufen","item":"https:\/\/medicinasinc.com\/de\/einkaufen\/"},{"@type":"ListItem","position":2,"name":"Kaufen Sie Nembutal-Kapseln"}]},{"@type":"WebSite","@id":"https:\/\/medicinasinc.com\/de\/#website","url":"https:\/\/medicinasinc.com\/de\/","name":"Medicinas Inc","description":"Health Medical Clinic","potentialAction":[{"@type":"SearchAction","target":{"@type":"EntryPoint","urlTemplate":"https:\/\/medicinasinc.com\/de\/?s={search_term_string}"},"query-input":{"@type":"PropertyValueSpecification","valueRequired":true,"valueName":"search_term_string"}}],"inLanguage":"de"}]}},"_links":{"self":[{"href":"https:\/\/medicinasinc.com\/de\/wp-json\/wp\/v2\/product\/5777","targetHints":{"allow":["GET"]}}],"collection":[{"href":"https:\/\/medicinasinc.com\/de\/wp-json\/wp\/v2\/product"}],"about":[{"href":"https:\/\/medicinasinc.com\/de\/wp-json\/wp\/v2\/types\/product"}],"replies":[{"embeddable":true,"href":"https:\/\/medicinasinc.com\/de\/wp-json\/wp\/v2\/comments?post=5777"}],"wp:featuredmedia":[{"embeddable":true,"href":"https:\/\/medicinasinc.com\/de\/wp-json\/wp\/v2\/media\/5786"}],"wp:attachment":[{"href":"https:\/\/medicinasinc.com\/de\/wp-json\/wp\/v2\/media?parent=5777"}],"wp:term":[{"taxonomy":"product_brand","embeddable":true,"href":"https:\/\/medicinasinc.com\/de\/wp-json\/wp\/v2\/product_brand?post=5777"},{"taxonomy":"product_cat","embeddable":true,"href":"https:\/\/medicinasinc.com\/de\/wp-json\/wp\/v2\/product_cat?post=5777"},{"taxonomy":"product_tag","embeddable":true,"href":"https:\/\/medicinasinc.com\/de\/wp-json\/wp\/v2\/product_tag?post=5777"}],"curies":[{"name":"wp","href":"https:\/\/api.w.org\/{rel}","templated":true}]}}