{"id":5739,"date":"2022-02-22T05:15:21","date_gmt":"2022-02-22T05:15:21","guid":{"rendered":"https:\/\/medicinasinc.com\/de\/?post_type=product&#038;p=5739"},"modified":"2022-03-18T00:11:55","modified_gmt":"2022-03-18T00:11:55","slug":"kaufen-pyrazolam-0-5-mg-pellets","status":"publish","type":"product","link":"https:\/\/medicinasinc.com\/de\/product\/kaufen-pyrazolam-0-5-mg-pellets\/","title":{"rendered":"Kaufen Sie Pyrazolam 0,5 mg Pellets"},"content":{"rendered":"<p>Pyrazolam 0,5 mg Pellets zum Verkauf in Gro\u00dfbritannien, Europa, Australien und der Europ\u00e4ischen Union. Pyrazolam-Preis, Pyrazolam-Lieferung \u00fcber Nacht und Bezugsquellen f\u00fcr hochwertiges Pyrazolam.<\/p>\n<p>Bitcoin kann verwendet werden, um 1 mg Pyrazolam-Pellets online zu kaufen. C16H12BrN5 ist die Molek\u00fclstruktur dieses Presspellets. Pyrazolam kann schwer zu bekommen sein.<\/p>\n<p>Zur Benzodiazepin-Medikamentenklasse geh\u00f6rt Pyrazolam, ein brandneues Beruhigungsmittel. Entspannung, Enthemmung und Euphorie sind nur einige der positiven Nebenwirkungen, von denen Menschen berichten. Kaufen und bestellen Sie billige Pyrazolam-Pellets 2022 im Internet.<\/p>\n<p>Benzodiazepine wie Pyrazolam und Diazepam haben weniger Euphorie und sind sedierender, daher werden sie nicht h\u00e4ufig f\u00fcr Erholungszwecke verwendet.<\/p>\n<p> Arzneimittel 2022 Pyrazolam-Pellets g\u00fcnstig online bestellen<\/p>\n<p>Es gibt viele verschiedene Wirkungen, die durch die Einnahme von Benzos erzeugt werden k\u00f6nnen, weil sie an die Benzodiazepin-Rezeptorstelle binden und die Wirksamkeit und Wirkung von Gamma-Aminobutters\u00e4ure auf ihre Rezeptoren verst\u00e4rken.<\/p>\n<p> &gt; <\/p>\n<p>Die sedierende oder beruhigende Wirkung von Pyazolam auf das Nervensystem kann seiner Modulation dieser Stelle zugeschrieben werden, die der produktivste inhibitorische Rezeptorsatz des Gehirns ist.<\/p>\n<p>Der Kauf von Pyrazolam von einem seri\u00f6sen Lieferanten stellt sicher, dass Sie es tun werden erhalten Sie Ihre Bestellung rechtzeitig f\u00fcr das Jahr 2021.<\/p>\n<p>Anstelle von Benzodiazepin-Rezeptoren kann die krampfl\u00f6sende Wirkung von Benzodiazepinen auf deren Bindung an spannungsabh\u00e4ngige Natriumkan\u00e4le zur\u00fcckzuf\u00fchren sein.<\/p>\n<p>Wirkungen auf die K\u00f6rper<br \/> Schwindel<br \/> Verlust von motorische Funktion<br \/> Entspannung der Muskeln<br \/> Depression des Atmungssystems<br \/> Pyazolam wirkt weniger sedierend als andere Benzodiazepine, es sei denn, es wird in hohen Dosen eingenommen, weshalb es oft zur Behandlung von Schlaflosigkeit verschrieben wird.<br \/> Auswirkungen auf den Geist<\/p>\n<p>Die kognitiven Wirkungen von Pyrazolam lassen sich in mehrere Komponenten aufteilen, die mit zunehmender Dosierung an Intensit\u00e4t zunehmen.<\/p>\n<p>Der Kauf von Pyrazolam von einem seri\u00f6sen Lieferanten stellt sicher, dass Sie Ihre erhalten rechtzeitig f\u00fcr das Jahr 2021 bestellen.<\/p>\n<p>Viele Menschen beschreiben die allgemeine Wirkung von Pyrazolam auf die Psyche als leichte Beruhigung, jedoch mit entsprechend starker Angstminderung. Es hat eine gro\u00dfe Anzahl kognitiver Wirkungen, die h\u00e4ufig mit Depressionen in Verbindung gebracht werden.<\/p>\n<p>Im Allgemeinen geh\u00f6ren zu den auff\u00e4lligsten kognitiven Wirkungen:<\/p>\n<p>Amnesie<br \/> Unterdr\u00fcckung von Angstzust\u00e4nden<br \/> Verlangsamung des Geistes<br \/> Unterdr\u00fcckung der Datenanalyse<br \/> Enthemmung<br \/> Wiederholtes Wiederholen eigener Fehler<br \/> N\u00fcchternheitswahn: Trotz offensichtlicher Gegenbeweise, wie z. B. schwere kognitive Beeintr\u00e4chtigung u Unf\u00e4higkeit, vollst\u00e4ndig mit anderen zu kommunizieren, bleibt der falsche Glaube, dass man v\u00f6llig n\u00fcchtern ist, im Individuum bestehen.<br \/> Traumaugmentation<br \/> Erstaunliche Kontraste<br \/> Pyrazolam-Pellets 2021 bestellen, Pyrazolam g\u00fcnstig online kaufen 2021<\/p>\n<p>Es ist nicht ungew\u00f6hnlich, dass Menschen, die Benzodiazepine einnehmen, ungew\u00f6hnliche Nebenwirkungen wie eine Zunahme der Anfallsh\u00e4ufigkeit, Aggression, Reizbarkeit und Selbstmordgedanken erfahren.<\/p>\n<p>Drogenkonsumenten in der Freizeit, Menschen mit psychischen Erkrankungen, Kinder, und Patienten mit Hochdosis-Schemata sind eher betroffen e diese paradoxen Wirkungen.<\/p>\n<p>Sucht- und Toleranzpotential<\/p>\n<p>Pyrazolam hat ein hohes Ma\u00df an k\u00f6rperlicher und geistiger Abh\u00e4ngigkeit.<br \/> Toleranz gegen\u00fcber der sedativ-hypnotischen Wirkung wird sich innerhalb weniger entwickeln Tagen regelm\u00e4\u00dfiger Anwendung des Medikaments.<\/p>\n<p>Die Toleranz kehrt innerhalb von 7 bis 14 Tagen nach Beendigung auf den Normalwert zur\u00fcck. Es ist jedoch m\u00f6glich, dass es je nach Dauer und Intensit\u00e4t der Anwendung erheblich l\u00e4nger dauern kann.<\/p>\n<p>Nach einigen Wochen oder l\u00e4nger bei konstanter Dosierung k\u00f6nnen Entzugserscheinungen oder Rebound-Symptome auftreten, die eine Behandlung erforderlich machen allm\u00e4hliche Dosisreduktion.<\/p>\n<p>Wechselwirkungen, die sch\u00e4dlich sein k\u00f6nnten. Pyrazolam online kaufen, Pyrazolam Pellets 2022 bestellen<\/p>\n<p>Viele Medikamente sind f\u00fcr sich genommen sicher, aber in Kombination mit anderen Substanzen k\u00f6nnen sie gef\u00e4hrlich und sogar lebensbedrohlich sein. Einige der gef\u00e4hrlichsten Kombinationen sind unten aufgef\u00fchrt, aber das ist vorbei bedeutet keine vollst\u00e4ndige Liste.<\/p>\n<p>Aber selbst in niedrigen Dosen k\u00f6nnen bestimmte Kombinationen das Todesrisiko erh\u00f6hen. Vor dem Konsum einer Mischung aus zwei oder mehr Substanzen sollte eine unabh\u00e4ngige Untersuchung durchgef\u00fchrt werden, um sicherzustellen, dass sie sicher ist.<\/p>\n<p>Die Kombination eines Beruhigungsmittels mit einem anderen Beruhigungsmittel kann zu einer gef\u00e4hrlichen oder sogar t\u00f6dlichen Atemdepression f\u00fchren. Bei hohen Dosen kann die Muskelrelaxation, Sedierung und Amnesie, die jedes dieser Medikamente verursacht, bis zu einem unerwarteten Bewusstseinsverlust verst\u00e4rkt werden.<\/p>\n<p>Als Ergebnis dieser Kombination besteht das Risiko von Erbrechen und Tod durch Ersticken bei Bewusstlosigkeit erh\u00f6ht. Personen, die davon betroffen sind, sollten versuchen, in der stabilen Seitenlage zu schlafen oder sich von einem Freund dorthin bringen lassen.<\/p>\n<p>Benzodiazepine und Stimulanzien sollten wegen des Risikos einer \u00fcberm\u00e4\u00dfigen Vergiftung nicht kombiniert werden. Die sedierende Wirkung von Benzodiazepinen wird durch Stimulanzien verringert, was f\u00fcr die meisten Menschen die wichtigste \u00dcberlegung ist, wenn sie ihren Rauschzustand einsch\u00e4tzen.<\/p>\n","protected":false},"excerpt":{"rendered":"<p>In Gro\u00dfbritannien, Europa, Australien und der EU sind Pyrazolam 0,5 mg Pellets erh\u00e4ltlich. Pyrazolam online kaufen, Pyrazolam \u00fcber Nacht versenden, Pyrazolam kosten.<\/p>\n<p>Kaufen Sie 1 mg Pyrazolam-Pellets mit Bitcoin in einer Online-Apotheke. C16H12BrN5 ist die molekulare Struktur dieses chemischen Presspellets. Pyrazolam kann schwer zu bekommen sein.<\/p>\n<p>Pyrazolam 0,5 mg Pellets sind online erh\u00e4ltlich. Der Theorie zufolge soll Pyrazolam weniger Ataxie und Sedierung verursachen als andere Wirkstoffe. Da es keine aktiven Metaboliten enth\u00e4lt, hat Pyrazolam eine l\u00e4ngere Halbwertszeit (durchschnittlich 6 Stunden) und eine linearere Wirkung als die meisten anderen Benzodiazepine.<\/p>\n","protected":false},"featured_media":5751,"comment_status":"open","ping_status":"closed","template":"","meta":[],"product_brand":[],"product_cat":[2014],"product_tag":[3798,3805,3806,3799,3800,3797,3807,3801,3802,3803,3809,3808,3804,3811,3815,3812,3810,3814,3813,3816,3817],"class_list":{"0":"post-5739","1":"product","2":"type-product","3":"status-publish","4":"has-post-thumbnail","6":"product_cat-kaufen-forschungschemikalien","7":"product_tag-best-quality-pyrazolam","8":"product_tag-bestellen-sie-pyrazolam-0-5-paletten","9":"product_tag-bestellen-pyrazolam-uk","10":"product_tag-buy-pyrazolam-0-5-mg","11":"product_tag-buy-pyrazolam-0-5-mg-pellets","12":"product_tag-best-place-to-order-pyrazolam-0-5-mg-paletten","13":"product_tag-kauf-pyrazolam","14":"product_tag-kaufen-pyrazolam-europa","15":"product_tag-kaufe-pyrazolam-in-der-nahe","16":"product_tag-kaufen-pyrazolam-online","17":"product_tag-pyrazolam-0-5-mg-berprfung","18":"product_tag-pyrazolam-0-5-mg-zum-verkauf","19":"product_tag-bestell-pyrazolam","20":"product_tag-pyrazolam-for-sale","21":"product_tag-pyrazolam-grohandel","22":"product_tag-pyrazolam-preis","23":"product_tag-pyrazolam-effekt","24":"product_tag-pyrazolam-lieferant","25":"product_tag-pyrazolam-verkauf","26":"product_tag-where-can-i-fine-pyrazolam-pallets","27":"product_tag-wo-zu-kaufen-pyrazolam-0-5-mg","29":"first","30":"instock","31":"shipping-taxable","32":"purchasable","33":"product-type-variable","34":"has-default-attributes"},"yoast_head":"<!-- This site is optimized with the Yoast SEO plugin v27.3 - https:\/\/yoast.com\/product\/yoast-seo-wordpress\/ -->\n<title>Kaufen Sie Pyrazolam 0,5 mg Pellets - Pyrazolam 0,5 mg - Best Global Meds<\/title>\n<meta name=\"description\" content=\"Kaufen Sie Pyrazolam 0,5 mg Pellets zum Verkauf in Gro\u00dfbritannien, Europa, AU, EU, bestellen Sie g\u00fcnstige\u00a0Pyrazolam-Pellets\u00a02022, wo Sie\u00a0hochwertige\u00a0Pyrazolam-\u00dcbernachtlieferung\u00a0kaufen k\u00f6nnen,\u00a0Pyrazolam-Preis.\" \/>\n<meta name=\"robots\" content=\"index, follow, max-snippet:-1, max-image-preview:large, max-video-preview:-1\" \/>\n<link rel=\"canonical\" href=\"https:\/\/medicinasinc.com\/de\/product\/kaufen-pyrazolam-0-5-mg-pellets\/\" \/>\n<meta property=\"og:locale\" content=\"de_DE\" \/>\n<meta property=\"og:type\" content=\"article\" \/>\n<meta property=\"og:title\" content=\"Kaufen Sie Pyrazolam 0,5 mg Pellets - Pyrazolam 0,5 mg - Best Global Meds\" \/>\n<meta property=\"og:description\" content=\"Kaufen Sie Pyrazolam 0,5 mg Pellets zum Verkauf in Gro\u00dfbritannien, Europa, AU, EU, bestellen Sie g\u00fcnstige\u00a0Pyrazolam-Pellets\u00a02022, wo Sie\u00a0hochwertige\u00a0Pyrazolam-\u00dcbernachtlieferung\u00a0kaufen k\u00f6nnen,\u00a0Pyrazolam-Preis.\" \/>\n<meta property=\"og:url\" content=\"https:\/\/medicinasinc.com\/de\/product\/kaufen-pyrazolam-0-5-mg-pellets\/\" \/>\n<meta property=\"og:site_name\" content=\"Medicinas Inc\" \/>\n<meta property=\"article:modified_time\" content=\"2022-03-18T00:11:55+00:00\" \/>\n<meta property=\"og:image\" content=\"https:\/\/medicinasinc.com\/de\/wp-content\/uploads\/sites\/6\/2022\/02\/buy-pyrazolam-0-5-mg-pellets-online.jpg\" \/>\n\t<meta property=\"og:image:width\" content=\"600\" \/>\n\t<meta property=\"og:image:height\" content=\"600\" \/>\n\t<meta property=\"og:image:type\" content=\"image\/jpeg\" \/>\n<meta name=\"twitter:card\" content=\"summary_large_image\" \/>\n<meta name=\"twitter:label1\" content=\"Gesch\u00e4tzte Lesezeit\" \/>\n\t<meta name=\"twitter:data1\" content=\"4\u00a0Minuten\" \/>\n<script type=\"application\/ld+json\" class=\"yoast-schema-graph\">{\"@context\":\"https:\\\/\\\/schema.org\",\"@graph\":[{\"@type\":\"WebPage\",\"@id\":\"https:\\\/\\\/medicinasinc.com\\\/de\\\/product\\\/kaufen-pyrazolam-0-5-mg-pellets\\\/\",\"url\":\"https:\\\/\\\/medicinasinc.com\\\/de\\\/product\\\/kaufen-pyrazolam-0-5-mg-pellets\\\/\",\"name\":\"Kaufen Sie Pyrazolam 0,5 mg Pellets - Pyrazolam 0,5 mg - Best Global Meds\",\"isPartOf\":{\"@id\":\"https:\\\/\\\/medicinasinc.com\\\/de\\\/#website\"},\"primaryImageOfPage\":{\"@id\":\"https:\\\/\\\/medicinasinc.com\\\/de\\\/product\\\/kaufen-pyrazolam-0-5-mg-pellets\\\/#primaryimage\"},\"image\":{\"@id\":\"https:\\\/\\\/medicinasinc.com\\\/de\\\/product\\\/kaufen-pyrazolam-0-5-mg-pellets\\\/#primaryimage\"},\"thumbnailUrl\":\"https:\\\/\\\/medicinasinc.com\\\/de\\\/wp-content\\\/uploads\\\/sites\\\/6\\\/2022\\\/02\\\/buy-pyrazolam-0-5-mg-pellets-online.jpg\",\"datePublished\":\"2022-02-22T05:15:21+00:00\",\"dateModified\":\"2022-03-18T00:11:55+00:00\",\"description\":\"Kaufen Sie Pyrazolam 0,5 mg Pellets zum Verkauf in Gro\u00dfbritannien, Europa, AU, EU, bestellen Sie g\u00fcnstige\u00a0Pyrazolam-Pellets\u00a02022, wo Sie\u00a0hochwertige\u00a0Pyrazolam-\u00dcbernachtlieferung\u00a0kaufen k\u00f6nnen,\u00a0Pyrazolam-Preis.\",\"breadcrumb\":{\"@id\":\"https:\\\/\\\/medicinasinc.com\\\/de\\\/product\\\/kaufen-pyrazolam-0-5-mg-pellets\\\/#breadcrumb\"},\"inLanguage\":\"de\",\"potentialAction\":[{\"@type\":\"ReadAction\",\"target\":[\"https:\\\/\\\/medicinasinc.com\\\/de\\\/product\\\/kaufen-pyrazolam-0-5-mg-pellets\\\/\"]}]},{\"@type\":\"ImageObject\",\"inLanguage\":\"de\",\"@id\":\"https:\\\/\\\/medicinasinc.com\\\/de\\\/product\\\/kaufen-pyrazolam-0-5-mg-pellets\\\/#primaryimage\",\"url\":\"https:\\\/\\\/medicinasinc.com\\\/de\\\/wp-content\\\/uploads\\\/sites\\\/6\\\/2022\\\/02\\\/buy-pyrazolam-0-5-mg-pellets-online.jpg\",\"contentUrl\":\"https:\\\/\\\/medicinasinc.com\\\/de\\\/wp-content\\\/uploads\\\/sites\\\/6\\\/2022\\\/02\\\/buy-pyrazolam-0-5-mg-pellets-online.jpg\",\"width\":600,\"height\":600},{\"@type\":\"BreadcrumbList\",\"@id\":\"https:\\\/\\\/medicinasinc.com\\\/de\\\/product\\\/kaufen-pyrazolam-0-5-mg-pellets\\\/#breadcrumb\",\"itemListElement\":[{\"@type\":\"ListItem\",\"position\":1,\"name\":\"Einkaufen\",\"item\":\"https:\\\/\\\/medicinasinc.com\\\/de\\\/einkaufen\\\/\"},{\"@type\":\"ListItem\",\"position\":2,\"name\":\"Kaufen Sie Pyrazolam 0,5 mg Pellets\"}]},{\"@type\":\"WebSite\",\"@id\":\"https:\\\/\\\/medicinasinc.com\\\/de\\\/#website\",\"url\":\"https:\\\/\\\/medicinasinc.com\\\/de\\\/\",\"name\":\"Medicinas Inc\",\"description\":\"Health Medical Clinic\",\"potentialAction\":[{\"@type\":\"SearchAction\",\"target\":{\"@type\":\"EntryPoint\",\"urlTemplate\":\"https:\\\/\\\/medicinasinc.com\\\/de\\\/?s={search_term_string}\"},\"query-input\":{\"@type\":\"PropertyValueSpecification\",\"valueRequired\":true,\"valueName\":\"search_term_string\"}}],\"inLanguage\":\"de\"}]}<\/script>\n<!-- \/ Yoast SEO plugin. -->","yoast_head_json":{"title":"Kaufen Sie Pyrazolam 0,5 mg Pellets - Pyrazolam 0,5 mg - Best Global Meds","description":"Kaufen Sie Pyrazolam 0,5 mg Pellets zum Verkauf in Gro\u00dfbritannien, Europa, AU, EU, bestellen Sie g\u00fcnstige\u00a0Pyrazolam-Pellets\u00a02022, wo Sie\u00a0hochwertige\u00a0Pyrazolam-\u00dcbernachtlieferung\u00a0kaufen k\u00f6nnen,\u00a0Pyrazolam-Preis.","robots":{"index":"index","follow":"follow","max-snippet":"max-snippet:-1","max-image-preview":"max-image-preview:large","max-video-preview":"max-video-preview:-1"},"canonical":"https:\/\/medicinasinc.com\/de\/product\/kaufen-pyrazolam-0-5-mg-pellets\/","og_locale":"de_DE","og_type":"article","og_title":"Kaufen Sie Pyrazolam 0,5 mg Pellets - Pyrazolam 0,5 mg - Best Global Meds","og_description":"Kaufen Sie Pyrazolam 0,5 mg Pellets zum Verkauf in Gro\u00dfbritannien, Europa, AU, EU, bestellen Sie g\u00fcnstige\u00a0Pyrazolam-Pellets\u00a02022, wo Sie\u00a0hochwertige\u00a0Pyrazolam-\u00dcbernachtlieferung\u00a0kaufen k\u00f6nnen,\u00a0Pyrazolam-Preis.","og_url":"https:\/\/medicinasinc.com\/de\/product\/kaufen-pyrazolam-0-5-mg-pellets\/","og_site_name":"Medicinas Inc","article_modified_time":"2022-03-18T00:11:55+00:00","og_image":[{"width":600,"height":600,"url":"https:\/\/medicinasinc.com\/de\/wp-content\/uploads\/sites\/6\/2022\/02\/buy-pyrazolam-0-5-mg-pellets-online.jpg","type":"image\/jpeg"}],"twitter_card":"summary_large_image","twitter_misc":{"Gesch\u00e4tzte Lesezeit":"4\u00a0Minuten"},"schema":{"@context":"https:\/\/schema.org","@graph":[{"@type":"WebPage","@id":"https:\/\/medicinasinc.com\/de\/product\/kaufen-pyrazolam-0-5-mg-pellets\/","url":"https:\/\/medicinasinc.com\/de\/product\/kaufen-pyrazolam-0-5-mg-pellets\/","name":"Kaufen Sie Pyrazolam 0,5 mg Pellets - Pyrazolam 0,5 mg - Best Global Meds","isPartOf":{"@id":"https:\/\/medicinasinc.com\/de\/#website"},"primaryImageOfPage":{"@id":"https:\/\/medicinasinc.com\/de\/product\/kaufen-pyrazolam-0-5-mg-pellets\/#primaryimage"},"image":{"@id":"https:\/\/medicinasinc.com\/de\/product\/kaufen-pyrazolam-0-5-mg-pellets\/#primaryimage"},"thumbnailUrl":"https:\/\/medicinasinc.com\/de\/wp-content\/uploads\/sites\/6\/2022\/02\/buy-pyrazolam-0-5-mg-pellets-online.jpg","datePublished":"2022-02-22T05:15:21+00:00","dateModified":"2022-03-18T00:11:55+00:00","description":"Kaufen Sie Pyrazolam 0,5 mg Pellets zum Verkauf in Gro\u00dfbritannien, Europa, AU, EU, bestellen Sie g\u00fcnstige\u00a0Pyrazolam-Pellets\u00a02022, wo Sie\u00a0hochwertige\u00a0Pyrazolam-\u00dcbernachtlieferung\u00a0kaufen k\u00f6nnen,\u00a0Pyrazolam-Preis.","breadcrumb":{"@id":"https:\/\/medicinasinc.com\/de\/product\/kaufen-pyrazolam-0-5-mg-pellets\/#breadcrumb"},"inLanguage":"de","potentialAction":[{"@type":"ReadAction","target":["https:\/\/medicinasinc.com\/de\/product\/kaufen-pyrazolam-0-5-mg-pellets\/"]}]},{"@type":"ImageObject","inLanguage":"de","@id":"https:\/\/medicinasinc.com\/de\/product\/kaufen-pyrazolam-0-5-mg-pellets\/#primaryimage","url":"https:\/\/medicinasinc.com\/de\/wp-content\/uploads\/sites\/6\/2022\/02\/buy-pyrazolam-0-5-mg-pellets-online.jpg","contentUrl":"https:\/\/medicinasinc.com\/de\/wp-content\/uploads\/sites\/6\/2022\/02\/buy-pyrazolam-0-5-mg-pellets-online.jpg","width":600,"height":600},{"@type":"BreadcrumbList","@id":"https:\/\/medicinasinc.com\/de\/product\/kaufen-pyrazolam-0-5-mg-pellets\/#breadcrumb","itemListElement":[{"@type":"ListItem","position":1,"name":"Einkaufen","item":"https:\/\/medicinasinc.com\/de\/einkaufen\/"},{"@type":"ListItem","position":2,"name":"Kaufen Sie Pyrazolam 0,5 mg Pellets"}]},{"@type":"WebSite","@id":"https:\/\/medicinasinc.com\/de\/#website","url":"https:\/\/medicinasinc.com\/de\/","name":"Medicinas Inc","description":"Health Medical Clinic","potentialAction":[{"@type":"SearchAction","target":{"@type":"EntryPoint","urlTemplate":"https:\/\/medicinasinc.com\/de\/?s={search_term_string}"},"query-input":{"@type":"PropertyValueSpecification","valueRequired":true,"valueName":"search_term_string"}}],"inLanguage":"de"}]}},"_links":{"self":[{"href":"https:\/\/medicinasinc.com\/de\/wp-json\/wp\/v2\/product\/5739","targetHints":{"allow":["GET"]}}],"collection":[{"href":"https:\/\/medicinasinc.com\/de\/wp-json\/wp\/v2\/product"}],"about":[{"href":"https:\/\/medicinasinc.com\/de\/wp-json\/wp\/v2\/types\/product"}],"replies":[{"embeddable":true,"href":"https:\/\/medicinasinc.com\/de\/wp-json\/wp\/v2\/comments?post=5739"}],"wp:featuredmedia":[{"embeddable":true,"href":"https:\/\/medicinasinc.com\/de\/wp-json\/wp\/v2\/media\/5751"}],"wp:attachment":[{"href":"https:\/\/medicinasinc.com\/de\/wp-json\/wp\/v2\/media?parent=5739"}],"wp:term":[{"taxonomy":"product_brand","embeddable":true,"href":"https:\/\/medicinasinc.com\/de\/wp-json\/wp\/v2\/product_brand?post=5739"},{"taxonomy":"product_cat","embeddable":true,"href":"https:\/\/medicinasinc.com\/de\/wp-json\/wp\/v2\/product_cat?post=5739"},{"taxonomy":"product_tag","embeddable":true,"href":"https:\/\/medicinasinc.com\/de\/wp-json\/wp\/v2\/product_tag?post=5739"}],"curies":[{"name":"wp","href":"https:\/\/api.w.org\/{rel}","templated":true}]}}