{"id":5735,"date":"2022-02-22T05:09:43","date_gmt":"2022-02-22T05:09:43","guid":{"rendered":"https:\/\/medicinasinc.com\/de\/?post_type=product&#038;p=5735"},"modified":"2022-03-18T00:12:05","modified_gmt":"2022-03-18T00:12:05","slug":"buy-al-lad-pulver","status":"publish","type":"product","link":"https:\/\/medicinasinc.com\/de\/product\/buy-al-lad-pulver\/","title":{"rendered":"Kaufen Sie Al-Lad-Pulver"},"content":{"rendered":"<p>Kaufen Sie Al-Lad-Pulver in Gro\u00dfbritannien, Europa, Australien und der EU und erhalten Sie es bis 2022 zu einem g\u00fcnstigen Preis. Al-Lad-Pulververkauf, wo man Al-Lad-Pulver \u00fcber Nacht mit Lieferung kaufen kann.<\/p>\n<p>Pulveriertes AL-LAD. Gro\u00dfh\u00e4ndler und Lieferant von zu 99 Prozent reinen pharmazeutischen Rohstoffen, Forschungschemikalien und Generika, einschlie\u00dflich AL-LAD-Pulver. Verpackung, die sowohl sicher als auch diskret ist, sowie Versand, der verfolgt wurde.<\/p>\n<p>Ein Analogon von Lysergs\u00e4urediethylamid, bekannt als AL-LAD oder 6-Allyl-6-nor-LSD, ist eine Chemikalie Verbindung (LSD). Eine LSD-\u00e4hnliche psychoaktive Droge aus der Klasse der Lysergamide, die verabreicht wird, um die gleichen psychedelischen Wirkungen hervorzurufen.<\/p>\n<p>Information That&#8217;s Quick and Dirty<\/p>\n<p>AL-LAD ist der Produktname.<br \/> 6-6-nor-6-allyl-6-nor, AL-LAD<br \/> -LSD<br \/> CAS-Nummer: 65527-61-9<br \/> C22H27N3O ist die Summenformel<br \/> The International Union of Pure and Applied Chemistry (6aR,9R)<br \/> -N,N-diethyl-7-prop<br \/> -2-enyl-6,6a,8,9<br \/> -tetrahydro- 4H-Indolo[4,3-fg]<br \/>Chinolin-9-Carboxamid<br \/> Das Molekulargewicht betr\u00e4gt 349,5 g\/mol.<br \/> 99,5 Prozent frei von Verunreinigungen<br \/> Wei\u00df oder gebrochen wei\u00df kristallines Pulver im Aussehen<\/p>\n<p>Lieferant von AL-LAD-Pulver<\/p>\n<p>Auf dem pharmazeutischen Rohstoffmarkt sind wir bekannt f\u00fcr unser breites Produktsortiment und f\u00fcr die Bereitstellung zuverl\u00e4ssiger Tropf- Versandservice f\u00fcr Generika auf h\u00f6chstem Niveau. Das Ziel des AL-LAD-Pulvergro\u00dfh\u00e4ndlers ist es, Kunden qualitativ hochwertige Produkte zu wettbewerbsf\u00e4higen Preisen anzubieten.<\/p>\n","protected":false},"excerpt":{"rendered":"<div class=\"woocommerce-product-details__short-description\">\n<p>Kaufen Sie al-lad-Pulver zum Verkauf in Gro\u00dfbritannien, Europa, AU, EU, bestellen Sie g\u00fcnstiges al-lad-Pulver 2022, wo Sie hochwertiges al-lad kaufen k\u00f6nnen Pulver Lieferung \u00fcber Nacht, alle Pulververk\u00e4ufe.<\/p>\n<p>Kaufen Sie AL-LAD Powder Europe von einem vertrauensw\u00fcrdigen Lieferanten von Forschungschemikalien. AL-LAD-Pulver wird von einem Gro\u00dfh\u00e4ndler verkauft, der aus der EU versendet.<\/p>\n<p>Menschen, die AL-LAD-Pulver kaufen m\u00f6chten, k\u00f6nnen es zu den besten Preisen bekommen. Es enth\u00e4lt hochwertige Lysergamide und andere Verbindungen. Die niedrigsten Preise. Es gibt einen Rabatt. Der weltweite Versand ist schnell.<\/p>\n<p>Kaufen Sie Al-lad Pulver online. 6-Allyl-6-nor-Lysergs\u00e4urediethylamid, auch bekannt als Aladdin, ist eine halbsynthetische halluzinogene Droge, die Menschen verr\u00fcckt machen kann.<\/p>\n<table class=\"table\" style=\"height: 249px\" width=\"455\">\n<tbody>\n<tr>\n<th><\/th>\n<td><\/td>\n<\/tr>\n<tr>\n<th>Mindestbestellmenge:<\/th>\n<td>20 g<\/td>\n<\/tr>\n<tr>\n<th>Lieferf\u00e4higkeit:<\/th>\n<td>100 kg\/Monat<\/td>\n<\/tr>\n<tr>\n<th>Hafen:<\/th>\n<td> Warschau, Niederlande<\/td>\n<\/tr>\n<tr>\n<th>Zahlungsbedingungen:<\/th>\n<td>Bank\u00fcberweisung, Bitcoin, WU\/MG, Andere<\/td>\n<\/tr>\n<tr>\n<th>Verpackungsdetails:<\/th>\n<td>Auf Kundenwunsch<\/td>\n<\/tr>\n<tr>\n<th>Lieferdetails:<\/th>\n<td>Expressversand, DPD, Pharma Courier EU<\/td>\n<\/tr>\n<\/tbody>\n<\/table><\/div>\n","protected":false},"featured_media":5747,"comment_status":"open","ping_status":"closed","template":"","meta":[],"product_brand":[],"product_cat":[2014],"product_tag":[3757,3758,3759,3760,3761,3762,3763,3767,3768,3769,3774,3775,3776,3777,3772,3773,3765,3770,3766,3771,3778,3779,3780,3764,3791,3792,3782,3785,3786,3787,3788,3790,3789,3783,3784,3781,3793,3794,3796,3795],"class_list":{"0":"post-5735","1":"product","2":"type-product","3":"status-publish","4":"has-post-thumbnail","6":"product_cat-kaufen-forschungschemikalien","7":"product_tag-al-lad-sicherheit","8":"product_tag-al-lad-lieferant","9":"product_tag-al-lad-buy","10":"product_tag-al-lad-dosage","11":"product_tag-al-lad-drug","12":"product_tag-al-lad-effects","13":"product_tag-al-lad-erowid","14":"product_tag-al-lad-powder-effect","15":"product_tag-al-lad-powder-europe","16":"product_tag-al-lad-powder-for-sale","17":"product_tag-al-lad-powder-sale","18":"product_tag-al-lad-powder-sales","19":"product_tag-al-lad-powder-supplier","20":"product_tag-al-lad-powder-wholesale","21":"product_tag-al-lad-pulver-rezension","22":"product_tag-al-lad-pulver-bewertungen","23":"product_tag-al-lad-pulver-kaufen","24":"product_tag-al-lad-pulver-zum-online-verkauf","25":"product_tag-al-lad-pulver-china","26":"product_tag-al-lad-pulverpreise","27":"product_tag-al-lad-reddit","28":"product_tag-al-lad-reisebericht","29":"product_tag-al-lad-verkufer","30":"product_tag-al-lad-erfahrung","31":"product_tag-bestellen-al-lad-pulver","32":"product_tag-kauf-al-lad-pulver","33":"product_tag-beste-qualitt-al-lad-pulver","34":"product_tag-buy-al-lad-uk","35":"product_tag-buy-al-lad-online","36":"product_tag-buy-al-lad-powder-australia","37":"product_tag-buy-al-lad-powder-europe","38":"product_tag-easychems-review","39":"product_tag-easy-chems-review","40":"product_tag-buy-al-lad-kanada","41":"product_tag-buy-al-lad-pulver","42":"product_tag-bereits-let-legalitt","43":"product_tag-probe-al-lad-pulver","44":"product_tag-wo-kaufen-al-lad","45":"product_tag-wo-bestelle-al-lad-pulver","46":"product_tag-wo-man-al-lad-pulver-kaufen-kann","48":"first","49":"instock","50":"shipping-taxable","51":"purchasable","52":"product-type-variable","53":"has-default-attributes"},"yoast_head":"<!-- This site is optimized with the Yoast SEO plugin v27.3 - https:\/\/yoast.com\/product\/yoast-seo-wordpress\/ -->\n<title>Kaufen Sie Al-Lad-Pulver - Al-Lad-Pulver zum Verkauf - Best Global Meds<\/title>\n<meta name=\"description\" content=\"Kaufen Sie al-lad-Pulver zum Verkauf in Gro\u00dfbritannien, Europa, AU, EU, bestellen Sie g\u00fcnstiges al-lad-Pulver 2022, wo Sie hochwertiges al-lad-Pulver kaufen k\u00f6nnen Lieferung \u00fcber Nacht, Verkauf von al-lad-Pulver.\" \/>\n<meta name=\"robots\" content=\"index, follow, max-snippet:-1, max-image-preview:large, max-video-preview:-1\" \/>\n<link rel=\"canonical\" href=\"https:\/\/medicinasinc.com\/de\/product\/buy-al-lad-pulver\/\" \/>\n<meta property=\"og:locale\" content=\"de_DE\" \/>\n<meta property=\"og:type\" content=\"article\" \/>\n<meta property=\"og:title\" content=\"Kaufen Sie Al-Lad-Pulver - Al-Lad-Pulver zum Verkauf - Best Global Meds\" \/>\n<meta property=\"og:description\" content=\"Kaufen Sie al-lad-Pulver zum Verkauf in Gro\u00dfbritannien, Europa, AU, EU, bestellen Sie g\u00fcnstiges al-lad-Pulver 2022, wo Sie hochwertiges al-lad-Pulver kaufen k\u00f6nnen Lieferung \u00fcber Nacht, Verkauf von al-lad-Pulver.\" \/>\n<meta property=\"og:url\" content=\"https:\/\/medicinasinc.com\/de\/product\/buy-al-lad-pulver\/\" \/>\n<meta property=\"og:site_name\" content=\"Medicinas Inc\" \/>\n<meta property=\"article:modified_time\" content=\"2022-03-18T00:12:05+00:00\" \/>\n<meta property=\"og:image\" content=\"https:\/\/medicinasinc.com\/de\/wp-content\/uploads\/sites\/6\/2022\/02\/Buy-al-lad-powder.jpg\" \/>\n\t<meta property=\"og:image:width\" content=\"931\" \/>\n\t<meta property=\"og:image:height\" content=\"799\" \/>\n\t<meta property=\"og:image:type\" content=\"image\/jpeg\" \/>\n<meta name=\"twitter:card\" content=\"summary_large_image\" \/>\n<meta name=\"twitter:label1\" content=\"Gesch\u00e4tzte Lesezeit\" \/>\n\t<meta name=\"twitter:data1\" content=\"1\u00a0Minute\" \/>\n<script type=\"application\/ld+json\" class=\"yoast-schema-graph\">{\"@context\":\"https:\\\/\\\/schema.org\",\"@graph\":[{\"@type\":\"WebPage\",\"@id\":\"https:\\\/\\\/medicinasinc.com\\\/de\\\/product\\\/buy-al-lad-pulver\\\/\",\"url\":\"https:\\\/\\\/medicinasinc.com\\\/de\\\/product\\\/buy-al-lad-pulver\\\/\",\"name\":\"Kaufen Sie Al-Lad-Pulver - Al-Lad-Pulver zum Verkauf - Best Global Meds\",\"isPartOf\":{\"@id\":\"https:\\\/\\\/medicinasinc.com\\\/de\\\/#website\"},\"primaryImageOfPage\":{\"@id\":\"https:\\\/\\\/medicinasinc.com\\\/de\\\/product\\\/buy-al-lad-pulver\\\/#primaryimage\"},\"image\":{\"@id\":\"https:\\\/\\\/medicinasinc.com\\\/de\\\/product\\\/buy-al-lad-pulver\\\/#primaryimage\"},\"thumbnailUrl\":\"https:\\\/\\\/medicinasinc.com\\\/de\\\/wp-content\\\/uploads\\\/sites\\\/6\\\/2022\\\/02\\\/Buy-al-lad-powder.jpg\",\"datePublished\":\"2022-02-22T05:09:43+00:00\",\"dateModified\":\"2022-03-18T00:12:05+00:00\",\"description\":\"Kaufen Sie al-lad-Pulver zum Verkauf in Gro\u00dfbritannien, Europa, AU, EU, bestellen Sie g\u00fcnstiges al-lad-Pulver 2022, wo Sie hochwertiges al-lad-Pulver kaufen k\u00f6nnen Lieferung \u00fcber Nacht, Verkauf von al-lad-Pulver.\",\"breadcrumb\":{\"@id\":\"https:\\\/\\\/medicinasinc.com\\\/de\\\/product\\\/buy-al-lad-pulver\\\/#breadcrumb\"},\"inLanguage\":\"de\",\"potentialAction\":[{\"@type\":\"ReadAction\",\"target\":[\"https:\\\/\\\/medicinasinc.com\\\/de\\\/product\\\/buy-al-lad-pulver\\\/\"]}]},{\"@type\":\"ImageObject\",\"inLanguage\":\"de\",\"@id\":\"https:\\\/\\\/medicinasinc.com\\\/de\\\/product\\\/buy-al-lad-pulver\\\/#primaryimage\",\"url\":\"https:\\\/\\\/medicinasinc.com\\\/de\\\/wp-content\\\/uploads\\\/sites\\\/6\\\/2022\\\/02\\\/Buy-al-lad-powder.jpg\",\"contentUrl\":\"https:\\\/\\\/medicinasinc.com\\\/de\\\/wp-content\\\/uploads\\\/sites\\\/6\\\/2022\\\/02\\\/Buy-al-lad-powder.jpg\",\"width\":931,\"height\":799},{\"@type\":\"BreadcrumbList\",\"@id\":\"https:\\\/\\\/medicinasinc.com\\\/de\\\/product\\\/buy-al-lad-pulver\\\/#breadcrumb\",\"itemListElement\":[{\"@type\":\"ListItem\",\"position\":1,\"name\":\"Einkaufen\",\"item\":\"https:\\\/\\\/medicinasinc.com\\\/de\\\/einkaufen\\\/\"},{\"@type\":\"ListItem\",\"position\":2,\"name\":\"Kaufen Sie Al-Lad-Pulver\"}]},{\"@type\":\"WebSite\",\"@id\":\"https:\\\/\\\/medicinasinc.com\\\/de\\\/#website\",\"url\":\"https:\\\/\\\/medicinasinc.com\\\/de\\\/\",\"name\":\"Medicinas Inc\",\"description\":\"Health Medical Clinic\",\"potentialAction\":[{\"@type\":\"SearchAction\",\"target\":{\"@type\":\"EntryPoint\",\"urlTemplate\":\"https:\\\/\\\/medicinasinc.com\\\/de\\\/?s={search_term_string}\"},\"query-input\":{\"@type\":\"PropertyValueSpecification\",\"valueRequired\":true,\"valueName\":\"search_term_string\"}}],\"inLanguage\":\"de\"}]}<\/script>\n<!-- \/ Yoast SEO plugin. -->","yoast_head_json":{"title":"Kaufen Sie Al-Lad-Pulver - Al-Lad-Pulver zum Verkauf - Best Global Meds","description":"Kaufen Sie al-lad-Pulver zum Verkauf in Gro\u00dfbritannien, Europa, AU, EU, bestellen Sie g\u00fcnstiges al-lad-Pulver 2022, wo Sie hochwertiges al-lad-Pulver kaufen k\u00f6nnen Lieferung \u00fcber Nacht, Verkauf von al-lad-Pulver.","robots":{"index":"index","follow":"follow","max-snippet":"max-snippet:-1","max-image-preview":"max-image-preview:large","max-video-preview":"max-video-preview:-1"},"canonical":"https:\/\/medicinasinc.com\/de\/product\/buy-al-lad-pulver\/","og_locale":"de_DE","og_type":"article","og_title":"Kaufen Sie Al-Lad-Pulver - Al-Lad-Pulver zum Verkauf - Best Global Meds","og_description":"Kaufen Sie al-lad-Pulver zum Verkauf in Gro\u00dfbritannien, Europa, AU, EU, bestellen Sie g\u00fcnstiges al-lad-Pulver 2022, wo Sie hochwertiges al-lad-Pulver kaufen k\u00f6nnen Lieferung \u00fcber Nacht, Verkauf von al-lad-Pulver.","og_url":"https:\/\/medicinasinc.com\/de\/product\/buy-al-lad-pulver\/","og_site_name":"Medicinas Inc","article_modified_time":"2022-03-18T00:12:05+00:00","og_image":[{"width":931,"height":799,"url":"https:\/\/medicinasinc.com\/de\/wp-content\/uploads\/sites\/6\/2022\/02\/Buy-al-lad-powder.jpg","type":"image\/jpeg"}],"twitter_card":"summary_large_image","twitter_misc":{"Gesch\u00e4tzte Lesezeit":"1\u00a0Minute"},"schema":{"@context":"https:\/\/schema.org","@graph":[{"@type":"WebPage","@id":"https:\/\/medicinasinc.com\/de\/product\/buy-al-lad-pulver\/","url":"https:\/\/medicinasinc.com\/de\/product\/buy-al-lad-pulver\/","name":"Kaufen Sie Al-Lad-Pulver - Al-Lad-Pulver zum Verkauf - Best Global Meds","isPartOf":{"@id":"https:\/\/medicinasinc.com\/de\/#website"},"primaryImageOfPage":{"@id":"https:\/\/medicinasinc.com\/de\/product\/buy-al-lad-pulver\/#primaryimage"},"image":{"@id":"https:\/\/medicinasinc.com\/de\/product\/buy-al-lad-pulver\/#primaryimage"},"thumbnailUrl":"https:\/\/medicinasinc.com\/de\/wp-content\/uploads\/sites\/6\/2022\/02\/Buy-al-lad-powder.jpg","datePublished":"2022-02-22T05:09:43+00:00","dateModified":"2022-03-18T00:12:05+00:00","description":"Kaufen Sie al-lad-Pulver zum Verkauf in Gro\u00dfbritannien, Europa, AU, EU, bestellen Sie g\u00fcnstiges al-lad-Pulver 2022, wo Sie hochwertiges al-lad-Pulver kaufen k\u00f6nnen Lieferung \u00fcber Nacht, Verkauf von al-lad-Pulver.","breadcrumb":{"@id":"https:\/\/medicinasinc.com\/de\/product\/buy-al-lad-pulver\/#breadcrumb"},"inLanguage":"de","potentialAction":[{"@type":"ReadAction","target":["https:\/\/medicinasinc.com\/de\/product\/buy-al-lad-pulver\/"]}]},{"@type":"ImageObject","inLanguage":"de","@id":"https:\/\/medicinasinc.com\/de\/product\/buy-al-lad-pulver\/#primaryimage","url":"https:\/\/medicinasinc.com\/de\/wp-content\/uploads\/sites\/6\/2022\/02\/Buy-al-lad-powder.jpg","contentUrl":"https:\/\/medicinasinc.com\/de\/wp-content\/uploads\/sites\/6\/2022\/02\/Buy-al-lad-powder.jpg","width":931,"height":799},{"@type":"BreadcrumbList","@id":"https:\/\/medicinasinc.com\/de\/product\/buy-al-lad-pulver\/#breadcrumb","itemListElement":[{"@type":"ListItem","position":1,"name":"Einkaufen","item":"https:\/\/medicinasinc.com\/de\/einkaufen\/"},{"@type":"ListItem","position":2,"name":"Kaufen Sie Al-Lad-Pulver"}]},{"@type":"WebSite","@id":"https:\/\/medicinasinc.com\/de\/#website","url":"https:\/\/medicinasinc.com\/de\/","name":"Medicinas Inc","description":"Health Medical Clinic","potentialAction":[{"@type":"SearchAction","target":{"@type":"EntryPoint","urlTemplate":"https:\/\/medicinasinc.com\/de\/?s={search_term_string}"},"query-input":{"@type":"PropertyValueSpecification","valueRequired":true,"valueName":"search_term_string"}}],"inLanguage":"de"}]}},"_links":{"self":[{"href":"https:\/\/medicinasinc.com\/de\/wp-json\/wp\/v2\/product\/5735","targetHints":{"allow":["GET"]}}],"collection":[{"href":"https:\/\/medicinasinc.com\/de\/wp-json\/wp\/v2\/product"}],"about":[{"href":"https:\/\/medicinasinc.com\/de\/wp-json\/wp\/v2\/types\/product"}],"replies":[{"embeddable":true,"href":"https:\/\/medicinasinc.com\/de\/wp-json\/wp\/v2\/comments?post=5735"}],"wp:featuredmedia":[{"embeddable":true,"href":"https:\/\/medicinasinc.com\/de\/wp-json\/wp\/v2\/media\/5747"}],"wp:attachment":[{"href":"https:\/\/medicinasinc.com\/de\/wp-json\/wp\/v2\/media?parent=5735"}],"wp:term":[{"taxonomy":"product_brand","embeddable":true,"href":"https:\/\/medicinasinc.com\/de\/wp-json\/wp\/v2\/product_brand?post=5735"},{"taxonomy":"product_cat","embeddable":true,"href":"https:\/\/medicinasinc.com\/de\/wp-json\/wp\/v2\/product_cat?post=5735"},{"taxonomy":"product_tag","embeddable":true,"href":"https:\/\/medicinasinc.com\/de\/wp-json\/wp\/v2\/product_tag?post=5735"}],"curies":[{"name":"wp","href":"https:\/\/api.w.org\/{rel}","templated":true}]}}