{"id":5731,"date":"2022-02-22T05:03:24","date_gmt":"2022-02-22T05:03:24","guid":{"rendered":"https:\/\/medicinasinc.com\/de\/?post_type=product&#038;p=5731"},"modified":"2022-03-18T00:12:14","modified_gmt":"2022-03-18T00:12:14","slug":"sexacy-pulver-kaufen","status":"publish","type":"product","link":"https:\/\/medicinasinc.com\/de\/product\/sexacy-pulver-kaufen\/","title":{"rendered":"Kaufen Sie Sextacy-Pulver"},"content":{"rendered":"<p>Stellen Sie sicher, dass Sie Sextacy Powder kaufen.<\/p>\n<p>Kaufen Sie Sextacy Powder online in gro\u00dfen Mengen und kaufen Sie es in gro\u00dfen Mengen.<\/p>\n<p>Sextacy Powder ist ein neues und aufregendes Markenprodukt, das Sie kaufen k\u00f6nnen kaufen.<br \/> Wenn Sie Sextacy verwenden m\u00f6chten, m\u00fcssen Sie es in Pulverform kaufen. Die Hauptzutat ist a-PVP.<\/p>\n<p>St\u00e4rke ist 5\/5. Sextacy Das beste Puder, dessen Verwendung legal ist.<br \/> Es ist an der Zeit, mit diesem neuen und gro\u00dfartigen Produkt ins Labor zu gehen.<\/p>\n<p>Sie k\u00f6nnen reines Sextacy-Pulver online kaufen.<\/p>\n<div class=\"product-next- previous\">\n<div class=\"product-prev\"><\/div><\/div>\n","protected":false},"excerpt":{"rendered":"<p>Pure Quality Sextacy Powder zum Verkauf in Europa, Gro\u00dfbritannien und Australien kann im Internet gekauft werden. Wenn Sie Sextacy verwenden m\u00f6chten, m\u00fcssen Sie es in Pulverform kaufen. Der Hauptbestandteil ist a-PVP.<\/p>\n<p>Kaufen Sie Sextacy Legal High Powder im Internet. Das k\u00f6nnen Sie tun<\/p>\n<p>Viel auf einmal kaufen Sextacy ist ein neues und aufregendes Markenprodukt, das Sie kaufen k\u00f6nnen. Sextacy ist ein PVP, und das ist es.<\/p>\n<p>Es gibt viele Websites, auf denen du viele Badesalze f\u00fcr viel Geld kaufen kannst.<\/p>\n<p>Online, du k\u00f6nnen Sextacy-Badesalze von Global Medicine kaufen. Die Verkaufspreise f\u00fcr Sextacy-Badesalz finden Sie in diesem Text<\/p>\n","protected":false},"featured_media":5742,"comment_status":"open","ping_status":"closed","template":"","meta":[],"product_brand":[],"product_cat":[2014],"product_tag":[3754,3732,3733,3734,3735,3545,3742,3743,3744,3745,3750,3751,3752,3753,3739,3740,3746,3748,3736,3755,3737,3738,3747,3749,3731,3741,3756],"class_list":{"0":"post-5731","1":"product","2":"type-product","3":"status-publish","4":"has-post-thumbnail","6":"product_cat-kaufen-forschungschemikalien","7":"product_tag-sextacy-pulver-lieferant","8":"product_tag-best-sextacy-powder-online","9":"product_tag-buy-sextacy-powder","10":"product_tag-buy-sextacy-powder-europe","11":"product_tag-buy-sextacy-powder-online","12":"product_tag-kauf-methoxetamin","13":"product_tag-sextacy-powder-for-sale-online","14":"product_tag-sextacy-powder-google","15":"product_tag-sextacy-powder-mail","16":"product_tag-sextacy-powder-mail-order","17":"product_tag-sextacy-powder-purchase","18":"product_tag-sextacy-powder-reviews","19":"product_tag-sextacy-powder-sale","20":"product_tag-sextacy-powder-shipping","21":"product_tag-sextacy-pillows-effekt","22":"product_tag-sextacy-pulver-europa","23":"product_tag-sextacy-pulver-in-meiner-nhe","24":"product_tag-sextacy-pulver-bestellung","25":"product_tag-sexacy-pulver-bestellen","26":"product_tag-sextacy-pulver-gro-c3-9fhandel","27":"product_tag-kauf-sextacy-pulver","28":"product_tag-sextacy-pulver-kaufen","29":"product_tag-sextacy-pulver-online","30":"product_tag-sextacy-pulver-ber-nacht","31":"product_tag-sexacy-pulver-bester-qualitt","32":"product_tag-sextacy-pulver-zu-verkaufen","33":"product_tag-wo-man-sexacy-pulver-kaufen-kann","35":"first","36":"instock","37":"shipping-taxable","38":"purchasable","39":"product-type-variable","40":"has-default-attributes"},"yoast_head":"<!-- This site is optimized with the Yoast SEO plugin v27.3 - https:\/\/yoast.com\/product\/yoast-seo-wordpress\/ -->\n<title>Kaufen Sie Sextacy Powder - Verkauf von Sextacy Powder - Best Global Meds<\/title>\n<meta name=\"description\" content=\"Kaufen Sie Sextacy-Pulver in reiner Qualit\u00e4t zum Verkauf in Europa, Gro\u00dfbritannien und Australien online. Der Wirkstoff in Sextacy ist a-PVP und dieses Produkt ist nur in Pulverform erh\u00e4ltlich! Sextacy-Pulver bestellen\" \/>\n<meta name=\"robots\" content=\"index, follow, max-snippet:-1, max-image-preview:large, max-video-preview:-1\" \/>\n<link rel=\"canonical\" href=\"https:\/\/medicinasinc.com\/de\/product\/sexacy-pulver-kaufen\/\" \/>\n<meta property=\"og:locale\" content=\"de_DE\" \/>\n<meta property=\"og:type\" content=\"article\" \/>\n<meta property=\"og:title\" content=\"Kaufen Sie Sextacy Powder - Verkauf von Sextacy Powder - Best Global Meds\" \/>\n<meta property=\"og:description\" content=\"Kaufen Sie Sextacy-Pulver in reiner Qualit\u00e4t zum Verkauf in Europa, Gro\u00dfbritannien und Australien online. Der Wirkstoff in Sextacy ist a-PVP und dieses Produkt ist nur in Pulverform erh\u00e4ltlich! Sextacy-Pulver bestellen\" \/>\n<meta property=\"og:url\" content=\"https:\/\/medicinasinc.com\/de\/product\/sexacy-pulver-kaufen\/\" \/>\n<meta property=\"og:site_name\" content=\"Medicinas Inc\" \/>\n<meta property=\"article:modified_time\" content=\"2022-03-18T00:12:14+00:00\" \/>\n<meta property=\"og:image\" content=\"https:\/\/medicinasinc.com\/de\/wp-content\/uploads\/sites\/6\/2022\/02\/Buy-Sextacy-Powder.jpg\" \/>\n\t<meta property=\"og:image:width\" content=\"300\" \/>\n\t<meta property=\"og:image:height\" content=\"300\" \/>\n\t<meta property=\"og:image:type\" content=\"image\/jpeg\" \/>\n<meta name=\"twitter:card\" content=\"summary_large_image\" \/>\n<meta name=\"twitter:label1\" content=\"Gesch\u00e4tzte Lesezeit\" \/>\n\t<meta name=\"twitter:data1\" content=\"1\u00a0Minute\" \/>\n<script type=\"application\/ld+json\" class=\"yoast-schema-graph\">{\"@context\":\"https:\\\/\\\/schema.org\",\"@graph\":[{\"@type\":\"WebPage\",\"@id\":\"https:\\\/\\\/medicinasinc.com\\\/de\\\/product\\\/sexacy-pulver-kaufen\\\/\",\"url\":\"https:\\\/\\\/medicinasinc.com\\\/de\\\/product\\\/sexacy-pulver-kaufen\\\/\",\"name\":\"Kaufen Sie Sextacy Powder - Verkauf von Sextacy Powder - Best Global Meds\",\"isPartOf\":{\"@id\":\"https:\\\/\\\/medicinasinc.com\\\/de\\\/#website\"},\"primaryImageOfPage\":{\"@id\":\"https:\\\/\\\/medicinasinc.com\\\/de\\\/product\\\/sexacy-pulver-kaufen\\\/#primaryimage\"},\"image\":{\"@id\":\"https:\\\/\\\/medicinasinc.com\\\/de\\\/product\\\/sexacy-pulver-kaufen\\\/#primaryimage\"},\"thumbnailUrl\":\"https:\\\/\\\/medicinasinc.com\\\/de\\\/wp-content\\\/uploads\\\/sites\\\/6\\\/2022\\\/02\\\/Buy-Sextacy-Powder.jpg\",\"datePublished\":\"2022-02-22T05:03:24+00:00\",\"dateModified\":\"2022-03-18T00:12:14+00:00\",\"description\":\"Kaufen Sie Sextacy-Pulver in reiner Qualit\u00e4t zum Verkauf in Europa, Gro\u00dfbritannien und Australien online. Der Wirkstoff in Sextacy ist a-PVP und dieses Produkt ist nur in Pulverform erh\u00e4ltlich! Sextacy-Pulver bestellen\",\"breadcrumb\":{\"@id\":\"https:\\\/\\\/medicinasinc.com\\\/de\\\/product\\\/sexacy-pulver-kaufen\\\/#breadcrumb\"},\"inLanguage\":\"de\",\"potentialAction\":[{\"@type\":\"ReadAction\",\"target\":[\"https:\\\/\\\/medicinasinc.com\\\/de\\\/product\\\/sexacy-pulver-kaufen\\\/\"]}]},{\"@type\":\"ImageObject\",\"inLanguage\":\"de\",\"@id\":\"https:\\\/\\\/medicinasinc.com\\\/de\\\/product\\\/sexacy-pulver-kaufen\\\/#primaryimage\",\"url\":\"https:\\\/\\\/medicinasinc.com\\\/de\\\/wp-content\\\/uploads\\\/sites\\\/6\\\/2022\\\/02\\\/Buy-Sextacy-Powder.jpg\",\"contentUrl\":\"https:\\\/\\\/medicinasinc.com\\\/de\\\/wp-content\\\/uploads\\\/sites\\\/6\\\/2022\\\/02\\\/Buy-Sextacy-Powder.jpg\",\"width\":300,\"height\":300},{\"@type\":\"BreadcrumbList\",\"@id\":\"https:\\\/\\\/medicinasinc.com\\\/de\\\/product\\\/sexacy-pulver-kaufen\\\/#breadcrumb\",\"itemListElement\":[{\"@type\":\"ListItem\",\"position\":1,\"name\":\"Einkaufen\",\"item\":\"https:\\\/\\\/medicinasinc.com\\\/de\\\/einkaufen\\\/\"},{\"@type\":\"ListItem\",\"position\":2,\"name\":\"Kaufen Sie Sextacy-Pulver\"}]},{\"@type\":\"WebSite\",\"@id\":\"https:\\\/\\\/medicinasinc.com\\\/de\\\/#website\",\"url\":\"https:\\\/\\\/medicinasinc.com\\\/de\\\/\",\"name\":\"Medicinas Inc\",\"description\":\"Health Medical Clinic\",\"potentialAction\":[{\"@type\":\"SearchAction\",\"target\":{\"@type\":\"EntryPoint\",\"urlTemplate\":\"https:\\\/\\\/medicinasinc.com\\\/de\\\/?s={search_term_string}\"},\"query-input\":{\"@type\":\"PropertyValueSpecification\",\"valueRequired\":true,\"valueName\":\"search_term_string\"}}],\"inLanguage\":\"de\"}]}<\/script>\n<!-- \/ Yoast SEO plugin. -->","yoast_head_json":{"title":"Kaufen Sie Sextacy Powder - Verkauf von Sextacy Powder - Best Global Meds","description":"Kaufen Sie Sextacy-Pulver in reiner Qualit\u00e4t zum Verkauf in Europa, Gro\u00dfbritannien und Australien online. Der Wirkstoff in Sextacy ist a-PVP und dieses Produkt ist nur in Pulverform erh\u00e4ltlich! Sextacy-Pulver bestellen","robots":{"index":"index","follow":"follow","max-snippet":"max-snippet:-1","max-image-preview":"max-image-preview:large","max-video-preview":"max-video-preview:-1"},"canonical":"https:\/\/medicinasinc.com\/de\/product\/sexacy-pulver-kaufen\/","og_locale":"de_DE","og_type":"article","og_title":"Kaufen Sie Sextacy Powder - Verkauf von Sextacy Powder - Best Global Meds","og_description":"Kaufen Sie Sextacy-Pulver in reiner Qualit\u00e4t zum Verkauf in Europa, Gro\u00dfbritannien und Australien online. Der Wirkstoff in Sextacy ist a-PVP und dieses Produkt ist nur in Pulverform erh\u00e4ltlich! Sextacy-Pulver bestellen","og_url":"https:\/\/medicinasinc.com\/de\/product\/sexacy-pulver-kaufen\/","og_site_name":"Medicinas Inc","article_modified_time":"2022-03-18T00:12:14+00:00","og_image":[{"width":300,"height":300,"url":"https:\/\/medicinasinc.com\/de\/wp-content\/uploads\/sites\/6\/2022\/02\/Buy-Sextacy-Powder.jpg","type":"image\/jpeg"}],"twitter_card":"summary_large_image","twitter_misc":{"Gesch\u00e4tzte Lesezeit":"1\u00a0Minute"},"schema":{"@context":"https:\/\/schema.org","@graph":[{"@type":"WebPage","@id":"https:\/\/medicinasinc.com\/de\/product\/sexacy-pulver-kaufen\/","url":"https:\/\/medicinasinc.com\/de\/product\/sexacy-pulver-kaufen\/","name":"Kaufen Sie Sextacy Powder - Verkauf von Sextacy Powder - Best Global Meds","isPartOf":{"@id":"https:\/\/medicinasinc.com\/de\/#website"},"primaryImageOfPage":{"@id":"https:\/\/medicinasinc.com\/de\/product\/sexacy-pulver-kaufen\/#primaryimage"},"image":{"@id":"https:\/\/medicinasinc.com\/de\/product\/sexacy-pulver-kaufen\/#primaryimage"},"thumbnailUrl":"https:\/\/medicinasinc.com\/de\/wp-content\/uploads\/sites\/6\/2022\/02\/Buy-Sextacy-Powder.jpg","datePublished":"2022-02-22T05:03:24+00:00","dateModified":"2022-03-18T00:12:14+00:00","description":"Kaufen Sie Sextacy-Pulver in reiner Qualit\u00e4t zum Verkauf in Europa, Gro\u00dfbritannien und Australien online. Der Wirkstoff in Sextacy ist a-PVP und dieses Produkt ist nur in Pulverform erh\u00e4ltlich! Sextacy-Pulver bestellen","breadcrumb":{"@id":"https:\/\/medicinasinc.com\/de\/product\/sexacy-pulver-kaufen\/#breadcrumb"},"inLanguage":"de","potentialAction":[{"@type":"ReadAction","target":["https:\/\/medicinasinc.com\/de\/product\/sexacy-pulver-kaufen\/"]}]},{"@type":"ImageObject","inLanguage":"de","@id":"https:\/\/medicinasinc.com\/de\/product\/sexacy-pulver-kaufen\/#primaryimage","url":"https:\/\/medicinasinc.com\/de\/wp-content\/uploads\/sites\/6\/2022\/02\/Buy-Sextacy-Powder.jpg","contentUrl":"https:\/\/medicinasinc.com\/de\/wp-content\/uploads\/sites\/6\/2022\/02\/Buy-Sextacy-Powder.jpg","width":300,"height":300},{"@type":"BreadcrumbList","@id":"https:\/\/medicinasinc.com\/de\/product\/sexacy-pulver-kaufen\/#breadcrumb","itemListElement":[{"@type":"ListItem","position":1,"name":"Einkaufen","item":"https:\/\/medicinasinc.com\/de\/einkaufen\/"},{"@type":"ListItem","position":2,"name":"Kaufen Sie Sextacy-Pulver"}]},{"@type":"WebSite","@id":"https:\/\/medicinasinc.com\/de\/#website","url":"https:\/\/medicinasinc.com\/de\/","name":"Medicinas Inc","description":"Health Medical Clinic","potentialAction":[{"@type":"SearchAction","target":{"@type":"EntryPoint","urlTemplate":"https:\/\/medicinasinc.com\/de\/?s={search_term_string}"},"query-input":{"@type":"PropertyValueSpecification","valueRequired":true,"valueName":"search_term_string"}}],"inLanguage":"de"}]}},"_links":{"self":[{"href":"https:\/\/medicinasinc.com\/de\/wp-json\/wp\/v2\/product\/5731","targetHints":{"allow":["GET"]}}],"collection":[{"href":"https:\/\/medicinasinc.com\/de\/wp-json\/wp\/v2\/product"}],"about":[{"href":"https:\/\/medicinasinc.com\/de\/wp-json\/wp\/v2\/types\/product"}],"replies":[{"embeddable":true,"href":"https:\/\/medicinasinc.com\/de\/wp-json\/wp\/v2\/comments?post=5731"}],"wp:featuredmedia":[{"embeddable":true,"href":"https:\/\/medicinasinc.com\/de\/wp-json\/wp\/v2\/media\/5742"}],"wp:attachment":[{"href":"https:\/\/medicinasinc.com\/de\/wp-json\/wp\/v2\/media?parent=5731"}],"wp:term":[{"taxonomy":"product_brand","embeddable":true,"href":"https:\/\/medicinasinc.com\/de\/wp-json\/wp\/v2\/product_brand?post=5731"},{"taxonomy":"product_cat","embeddable":true,"href":"https:\/\/medicinasinc.com\/de\/wp-json\/wp\/v2\/product_cat?post=5731"},{"taxonomy":"product_tag","embeddable":true,"href":"https:\/\/medicinasinc.com\/de\/wp-json\/wp\/v2\/product_tag?post=5731"}],"curies":[{"name":"wp","href":"https:\/\/api.w.org\/{rel}","templated":true}]}}