{"id":5730,"date":"2022-02-22T05:01:35","date_gmt":"2022-02-22T05:01:35","guid":{"rendered":"https:\/\/medicinasinc.com\/de\/?post_type=product&#038;p=5730"},"modified":"2022-08-03T09:00:25","modified_gmt":"2022-08-03T09:00:25","slug":"kaufen-reines-mdma-pulver","status":"publish","type":"product","link":"https:\/\/medicinasinc.com\/de\/product\/kaufen-reines-mdma-pulver\/","title":{"rendered":"Kaufen Sie reines MDMA-Pulver"},"content":{"rendered":"<p>Kaufen Sie MDMA in Pulverform<\/p>\n<p>MDMA-Pulver, MDMA-Kristalle und Ecstasy<\/p>\n<p>Mit ihren gleicherma\u00dfen stimulierenden und halluzinogenen Eigenschaften sind MDMA-Pulverkristalle eines der beliebtesten Freizeitmittel Substanzen, die heute auf dem Markt sind.<\/p>\n<p>1,2 Typischerweise<\/p>\n<p>MDMA-Pulver kann online gekauft werden.<\/p>\n<p>MDMA-Pulver zum Verkauf in seiner reinsten Form, online.<\/p>\n<p>Wir verkaufen nur das hochwertigste MDMA (Ecstasy\/Molly)-Pulver online unter.<\/p>\n<p>Reines MDMA-Pulver ist online erh\u00e4ltlich.<\/p>\n<p>Der billigste Ort Ecstasy\/Molly-Pulver kaufen<\/p>\n<p>Haben MDMA-Pulver Vor- oder Nachteile gegen\u00fcber Pillen?<\/p>\n<p>Zerkleinerte MDMA-Kristalle oder -Pulver sind eine weitere M\u00f6glichkeit, an die Substanz zu kommen.<\/p>\n<p>Oral verabreichtes MDMA (kurz f\u00fcr 3,4-Methylendioxymethamphetamin), dessen chemischer Name 3,4-Methylendioxymethamphetamin ist, hat eine Halbwertszeit von 3 bis 6 Stunden. Ein bis zwei MDMA-Tabletten mit jeweils 60 bis 120 Milligramm MDMA sind die am h\u00e4ufigsten genannte Dosis. 1 Wenn die Wirkung der ersten Dosis nachl\u00e4sst, ist es nicht ungew\u00f6hnlich, dass Benutzer eine zweite Dosis des Arzneimittels einnehmen.<\/p>\n","protected":false},"excerpt":{"rendered":"<p>Kaufen Sie hochwertiges MDMA-Pulver zum Verkauf in Gro\u00dfbritannien, Europa und Australien in unserem Online-Shop Medicinasinc.com mit schneller weltweiter Lieferung! Das beste MDMA-Pulver zum Bestellen findest du hier!<\/p>\n<ul>\n<li>MDMA-Pulver pur online kaufen<\/li>\n<li>MDMA-Pulver pur online<\/li>\n<li>Ecstasy\/Molly Powder kaufen<\/li>\n<li>Ecstasy\/Molly Powder online kaufen<\/li>\n<\/ul>\n","protected":false},"featured_media":5740,"comment_status":"open","ping_status":"closed","template":"","meta":[],"product_brand":[],"product_cat":[2014],"product_tag":[3701,3702,3724,3706,3707,4170,3708,3609,3703,3659,3709,3712,3713,3714,3715,3719,3720,3721,3723,3711,3705,3647,3718,3722,3662,3725,3704,3716,3717,3710,3726,4186,3730,3729,3728],"class_list":{"0":"post-5730","1":"product","2":"type-product","3":"status-publish","4":"has-post-thumbnail","6":"product_cat-kaufen-forschungschemikalien","7":"product_tag-best-mdma-powder","8":"product_tag-best-quality-mdma-powder","9":"product_tag-mdma-pulverkristall-online-bestellen","10":"product_tag-buy-mdma-powder-near-me","11":"product_tag-buy-mdma-powder-online","12":"product_tag-der-beste-ort","13":"product_tag-how-to-buy-mdma-powder-crystal-online","14":"product_tag-mdma-pulver-kauf","15":"product_tag-kaufen-mdma-pulver-kristall-online","16":"product_tag-mdma-powder","17":"product_tag-mdma-powder-crystal-for-sale","18":"product_tag-mdma-powder-for-sale-online","19":"product_tag-mdma-powder-google","20":"product_tag-mdma-powder-mail-order","21":"product_tag-mdma-powder-near-me","22":"product_tag-mdma-powder-reddit","23":"product_tag-mdma-powder-review","24":"product_tag-mdma-powder-reviews","25":"product_tag-bestellen-mdma-pulver","26":"product_tag-mdma-pulver-europa","27":"product_tag-kaufen-mdma-pulver-europa","28":"product_tag-kaufen-mdma-pulver","29":"product_tag-mdma-pulver-preis","30":"product_tag-mdma-pulver-versand","31":"product_tag-mdma-pulver-zu-verkaufen","32":"product_tag-kauf-mdma-pulver","33":"product_tag-kauf-mdma-pulver-mich","34":"product_tag-mdma-pulver-online","35":"product_tag-mdma-pulver-ber-nacht","36":"product_tag-mdma-kissen-effekt","37":"product_tag-purchase-mdma-powder-crystal-online","38":"product_tag-um-mdma-powder-crystal-online-zu-kaufen","39":"product_tag-where-to-order-mdma-powder","40":"product_tag-wo-zu-kaufen-mdma-pulver-kristall-online","41":"product_tag-wo-zu-kaufen-mdma-pulver","43":"first","44":"instock","45":"shipping-taxable","46":"purchasable","47":"product-type-variable","48":"has-default-attributes"},"yoast_head":"<!-- This site is optimized with the Yoast SEO plugin v27.3 - https:\/\/yoast.com\/product\/yoast-seo-wordpress\/ -->\n<title>Kaufen Sie reines MDMA-Pulver - MDMA-Pulver zum Verkauf - Best Global Meds<\/title>\n<meta name=\"description\" content=\"Kaufen Sie hochwertiges MDMA-Pulver zum Verkauf in Gro\u00dfbritannien, Europa und Australien in unserem Online-Shop Medicinasinc.com mit schneller weltweiter Lieferung! Das beste MDMA-Pulver zum Bestellen findest du hier!\" \/>\n<meta name=\"robots\" content=\"index, follow, max-snippet:-1, max-image-preview:large, max-video-preview:-1\" \/>\n<link rel=\"canonical\" href=\"https:\/\/medicinasinc.com\/de\/product\/kaufen-reines-mdma-pulver\/\" \/>\n<meta property=\"og:locale\" content=\"de_DE\" \/>\n<meta property=\"og:type\" content=\"article\" \/>\n<meta property=\"og:title\" content=\"Kaufen Sie reines MDMA-Pulver - MDMA-Pulver zum Verkauf - Best Global Meds\" \/>\n<meta property=\"og:description\" content=\"Kaufen Sie hochwertiges MDMA-Pulver zum Verkauf in Gro\u00dfbritannien, Europa und Australien in unserem Online-Shop Medicinasinc.com mit schneller weltweiter Lieferung! Das beste MDMA-Pulver zum Bestellen findest du hier!\" \/>\n<meta property=\"og:url\" content=\"https:\/\/medicinasinc.com\/de\/product\/kaufen-reines-mdma-pulver\/\" \/>\n<meta property=\"og:site_name\" content=\"Medicinas Inc\" \/>\n<meta property=\"article:modified_time\" content=\"2022-08-03T09:00:25+00:00\" \/>\n<meta property=\"og:image\" content=\"https:\/\/medicinasinc.com\/de\/wp-content\/uploads\/sites\/6\/2022\/02\/Buy-pure-mdma-powder.jpg\" \/>\n\t<meta property=\"og:image:width\" content=\"1500\" \/>\n\t<meta property=\"og:image:height\" content=\"1496\" \/>\n\t<meta property=\"og:image:type\" content=\"image\/jpeg\" \/>\n<meta name=\"twitter:card\" content=\"summary_large_image\" \/>\n<meta name=\"twitter:label1\" content=\"Gesch\u00e4tzte Lesezeit\" \/>\n\t<meta name=\"twitter:data1\" content=\"1\u00a0Minute\" \/>\n<script type=\"application\/ld+json\" class=\"yoast-schema-graph\">{\"@context\":\"https:\\\/\\\/schema.org\",\"@graph\":[{\"@type\":\"WebPage\",\"@id\":\"https:\\\/\\\/medicinasinc.com\\\/de\\\/product\\\/kaufen-reines-mdma-pulver\\\/\",\"url\":\"https:\\\/\\\/medicinasinc.com\\\/de\\\/product\\\/kaufen-reines-mdma-pulver\\\/\",\"name\":\"Kaufen Sie reines MDMA-Pulver - MDMA-Pulver zum Verkauf - Best Global Meds\",\"isPartOf\":{\"@id\":\"https:\\\/\\\/medicinasinc.com\\\/de\\\/#website\"},\"primaryImageOfPage\":{\"@id\":\"https:\\\/\\\/medicinasinc.com\\\/de\\\/product\\\/kaufen-reines-mdma-pulver\\\/#primaryimage\"},\"image\":{\"@id\":\"https:\\\/\\\/medicinasinc.com\\\/de\\\/product\\\/kaufen-reines-mdma-pulver\\\/#primaryimage\"},\"thumbnailUrl\":\"https:\\\/\\\/medicinasinc.com\\\/de\\\/wp-content\\\/uploads\\\/sites\\\/6\\\/2022\\\/02\\\/Buy-pure-mdma-powder.jpg\",\"datePublished\":\"2022-02-22T05:01:35+00:00\",\"dateModified\":\"2022-08-03T09:00:25+00:00\",\"description\":\"Kaufen Sie hochwertiges MDMA-Pulver zum Verkauf in Gro\u00dfbritannien, Europa und Australien in unserem Online-Shop Medicinasinc.com mit schneller weltweiter Lieferung! Das beste MDMA-Pulver zum Bestellen findest du hier!\",\"breadcrumb\":{\"@id\":\"https:\\\/\\\/medicinasinc.com\\\/de\\\/product\\\/kaufen-reines-mdma-pulver\\\/#breadcrumb\"},\"inLanguage\":\"de\",\"potentialAction\":[{\"@type\":\"ReadAction\",\"target\":[\"https:\\\/\\\/medicinasinc.com\\\/de\\\/product\\\/kaufen-reines-mdma-pulver\\\/\"]}]},{\"@type\":\"ImageObject\",\"inLanguage\":\"de\",\"@id\":\"https:\\\/\\\/medicinasinc.com\\\/de\\\/product\\\/kaufen-reines-mdma-pulver\\\/#primaryimage\",\"url\":\"https:\\\/\\\/medicinasinc.com\\\/de\\\/wp-content\\\/uploads\\\/sites\\\/6\\\/2022\\\/02\\\/Buy-pure-mdma-powder.jpg\",\"contentUrl\":\"https:\\\/\\\/medicinasinc.com\\\/de\\\/wp-content\\\/uploads\\\/sites\\\/6\\\/2022\\\/02\\\/Buy-pure-mdma-powder.jpg\",\"width\":1500,\"height\":1496},{\"@type\":\"BreadcrumbList\",\"@id\":\"https:\\\/\\\/medicinasinc.com\\\/de\\\/product\\\/kaufen-reines-mdma-pulver\\\/#breadcrumb\",\"itemListElement\":[{\"@type\":\"ListItem\",\"position\":1,\"name\":\"Einkaufen\",\"item\":\"https:\\\/\\\/medicinasinc.com\\\/de\\\/einkaufen\\\/\"},{\"@type\":\"ListItem\",\"position\":2,\"name\":\"Kaufen Sie reines MDMA-Pulver\"}]},{\"@type\":\"WebSite\",\"@id\":\"https:\\\/\\\/medicinasinc.com\\\/de\\\/#website\",\"url\":\"https:\\\/\\\/medicinasinc.com\\\/de\\\/\",\"name\":\"Medicinas Inc\",\"description\":\"Health Medical Clinic\",\"potentialAction\":[{\"@type\":\"SearchAction\",\"target\":{\"@type\":\"EntryPoint\",\"urlTemplate\":\"https:\\\/\\\/medicinasinc.com\\\/de\\\/?s={search_term_string}\"},\"query-input\":{\"@type\":\"PropertyValueSpecification\",\"valueRequired\":true,\"valueName\":\"search_term_string\"}}],\"inLanguage\":\"de\"}]}<\/script>\n<!-- \/ Yoast SEO plugin. -->","yoast_head_json":{"title":"Kaufen Sie reines MDMA-Pulver - MDMA-Pulver zum Verkauf - Best Global Meds","description":"Kaufen Sie hochwertiges MDMA-Pulver zum Verkauf in Gro\u00dfbritannien, Europa und Australien in unserem Online-Shop Medicinasinc.com mit schneller weltweiter Lieferung! Das beste MDMA-Pulver zum Bestellen findest du hier!","robots":{"index":"index","follow":"follow","max-snippet":"max-snippet:-1","max-image-preview":"max-image-preview:large","max-video-preview":"max-video-preview:-1"},"canonical":"https:\/\/medicinasinc.com\/de\/product\/kaufen-reines-mdma-pulver\/","og_locale":"de_DE","og_type":"article","og_title":"Kaufen Sie reines MDMA-Pulver - MDMA-Pulver zum Verkauf - Best Global Meds","og_description":"Kaufen Sie hochwertiges MDMA-Pulver zum Verkauf in Gro\u00dfbritannien, Europa und Australien in unserem Online-Shop Medicinasinc.com mit schneller weltweiter Lieferung! Das beste MDMA-Pulver zum Bestellen findest du hier!","og_url":"https:\/\/medicinasinc.com\/de\/product\/kaufen-reines-mdma-pulver\/","og_site_name":"Medicinas Inc","article_modified_time":"2022-08-03T09:00:25+00:00","og_image":[{"width":1500,"height":1496,"url":"https:\/\/medicinasinc.com\/de\/wp-content\/uploads\/sites\/6\/2022\/02\/Buy-pure-mdma-powder.jpg","type":"image\/jpeg"}],"twitter_card":"summary_large_image","twitter_misc":{"Gesch\u00e4tzte Lesezeit":"1\u00a0Minute"},"schema":{"@context":"https:\/\/schema.org","@graph":[{"@type":"WebPage","@id":"https:\/\/medicinasinc.com\/de\/product\/kaufen-reines-mdma-pulver\/","url":"https:\/\/medicinasinc.com\/de\/product\/kaufen-reines-mdma-pulver\/","name":"Kaufen Sie reines MDMA-Pulver - MDMA-Pulver zum Verkauf - Best Global Meds","isPartOf":{"@id":"https:\/\/medicinasinc.com\/de\/#website"},"primaryImageOfPage":{"@id":"https:\/\/medicinasinc.com\/de\/product\/kaufen-reines-mdma-pulver\/#primaryimage"},"image":{"@id":"https:\/\/medicinasinc.com\/de\/product\/kaufen-reines-mdma-pulver\/#primaryimage"},"thumbnailUrl":"https:\/\/medicinasinc.com\/de\/wp-content\/uploads\/sites\/6\/2022\/02\/Buy-pure-mdma-powder.jpg","datePublished":"2022-02-22T05:01:35+00:00","dateModified":"2022-08-03T09:00:25+00:00","description":"Kaufen Sie hochwertiges MDMA-Pulver zum Verkauf in Gro\u00dfbritannien, Europa und Australien in unserem Online-Shop Medicinasinc.com mit schneller weltweiter Lieferung! Das beste MDMA-Pulver zum Bestellen findest du hier!","breadcrumb":{"@id":"https:\/\/medicinasinc.com\/de\/product\/kaufen-reines-mdma-pulver\/#breadcrumb"},"inLanguage":"de","potentialAction":[{"@type":"ReadAction","target":["https:\/\/medicinasinc.com\/de\/product\/kaufen-reines-mdma-pulver\/"]}]},{"@type":"ImageObject","inLanguage":"de","@id":"https:\/\/medicinasinc.com\/de\/product\/kaufen-reines-mdma-pulver\/#primaryimage","url":"https:\/\/medicinasinc.com\/de\/wp-content\/uploads\/sites\/6\/2022\/02\/Buy-pure-mdma-powder.jpg","contentUrl":"https:\/\/medicinasinc.com\/de\/wp-content\/uploads\/sites\/6\/2022\/02\/Buy-pure-mdma-powder.jpg","width":1500,"height":1496},{"@type":"BreadcrumbList","@id":"https:\/\/medicinasinc.com\/de\/product\/kaufen-reines-mdma-pulver\/#breadcrumb","itemListElement":[{"@type":"ListItem","position":1,"name":"Einkaufen","item":"https:\/\/medicinasinc.com\/de\/einkaufen\/"},{"@type":"ListItem","position":2,"name":"Kaufen Sie reines MDMA-Pulver"}]},{"@type":"WebSite","@id":"https:\/\/medicinasinc.com\/de\/#website","url":"https:\/\/medicinasinc.com\/de\/","name":"Medicinas Inc","description":"Health Medical Clinic","potentialAction":[{"@type":"SearchAction","target":{"@type":"EntryPoint","urlTemplate":"https:\/\/medicinasinc.com\/de\/?s={search_term_string}"},"query-input":{"@type":"PropertyValueSpecification","valueRequired":true,"valueName":"search_term_string"}}],"inLanguage":"de"}]}},"_links":{"self":[{"href":"https:\/\/medicinasinc.com\/de\/wp-json\/wp\/v2\/product\/5730","targetHints":{"allow":["GET"]}}],"collection":[{"href":"https:\/\/medicinasinc.com\/de\/wp-json\/wp\/v2\/product"}],"about":[{"href":"https:\/\/medicinasinc.com\/de\/wp-json\/wp\/v2\/types\/product"}],"replies":[{"embeddable":true,"href":"https:\/\/medicinasinc.com\/de\/wp-json\/wp\/v2\/comments?post=5730"}],"wp:featuredmedia":[{"embeddable":true,"href":"https:\/\/medicinasinc.com\/de\/wp-json\/wp\/v2\/media\/5740"}],"wp:attachment":[{"href":"https:\/\/medicinasinc.com\/de\/wp-json\/wp\/v2\/media?parent=5730"}],"wp:term":[{"taxonomy":"product_brand","embeddable":true,"href":"https:\/\/medicinasinc.com\/de\/wp-json\/wp\/v2\/product_brand?post=5730"},{"taxonomy":"product_cat","embeddable":true,"href":"https:\/\/medicinasinc.com\/de\/wp-json\/wp\/v2\/product_cat?post=5730"},{"taxonomy":"product_tag","embeddable":true,"href":"https:\/\/medicinasinc.com\/de\/wp-json\/wp\/v2\/product_tag?post=5730"}],"curies":[{"name":"wp","href":"https:\/\/api.w.org\/{rel}","templated":true}]}}