{"id":5729,"date":"2022-02-22T04:59:37","date_gmt":"2022-02-22T04:59:37","guid":{"rendered":"https:\/\/medicinasinc.com\/de\/?post_type=product&#038;p=5729"},"modified":"2022-03-18T00:12:39","modified_gmt":"2022-03-18T00:12:39","slug":"hydrocodon-pulver-kaufen","status":"publish","type":"product","link":"https:\/\/medicinasinc.com\/de\/product\/hydrocodon-pulver-kaufen\/","title":{"rendered":"Kaufen Sie Hydrocodon-Pulver"},"content":{"rendered":"<p>Um Hydrocodone-Pulver online zu kaufen, klicken Sie hier.<br \/> Online k\u00f6nnen Sie Hydrocodone-Pulver in gro\u00dfen Mengen zu einem guten Preis zu Gro\u00dfhandelspreisen kaufen. Hydrocodon, das unter dem Markennamen Hysingla und anderen Namen verkauft wird, ist ein Opioid, das zur Behandlung von Schmerzen eingesetzt werden kann, die lange anhalten, wenn andere Behandlungen nicht wirken. Als Hustenmittel wird es auch von Personen \u00fcber 18 Jahren verwendet. Die Menschen essen es. Paracetamol und Hydrocodon werden normalerweise zusammen verkauft. Ibuprofen und Hydrocodon werden normalerweise auch zusammen verkauft. Es selbst kommt in einer lang wirkenden Form, die Sie kaufen k\u00f6nnen.<\/p>\n<p>Es gibt zwei Arten von Hydrocodon-Salz oder -Pulver:<\/p>\n<p>Hydrocodon ist ein halbsynthetisches Opioid, das aus die Codeinpflanze. Hydrocodon kann oral eingenommen werden, um Schmerzen zu lindern und Husten zu stoppen, oft mit Paracetamol oder Ibuprofen. In den Vereinigten Staaten gibt es viele Rezepte f\u00fcr Hydrocodon.<\/p>\n","protected":false},"excerpt":{"rendered":"<p>Hydrocodon-Pulver zum Verkauf in Europa, Gro\u00dfbritannien und Australien. Codein wird zur Herstellung von Hydrocodonpulver, einem halbsynthetischen Opioid, verwendet. G\u00fcnstigste Preise f\u00fcr Hydrocodone-Pulver.<\/p>\n<p>Kaufen Sie Hydrocodone-Pulver online aus einer zuverl\u00e4ssigen Quelle.<\/p>\n<p>Es ist ein halbsynthetisches Opioid, das aus Codein gewonnen wird. Hydrocodon-Pulver<\/p>\n","protected":false},"featured_media":5738,"comment_status":"open","ping_status":"closed","template":"","meta":[],"product_brand":[],"product_cat":[2014],"product_tag":[3670,3674,3688,3689,3676,3685,3677,3684,3687,3679,3678,3682,3683,3681,3680,3671,3672,3673,3691,3692,3694,3693,3690,3695,3696,3697,3686,3675,3698,3700,3699],"class_list":{"0":"post-5729","1":"product","2":"type-product","3":"status-publish","4":"has-post-thumbnail","6":"product_cat-kaufen-forschungschemikalien","7":"product_tag-buy-hydrocodone-acetaminophen","8":"product_tag-can-hydrocodone-kill-you","9":"product_tag-hydrocodon-vs-kratom","10":"product_tag-hydrocodon-vs-vicodin","11":"product_tag-hydrocodon-hcl","12":"product_tag-hydrocodon-pulver-review","13":"product_tag-hydrocodon-pulver","14":"product_tag-hydrocodon-pulver-reddit","15":"product_tag-hydrocodon-pulver-verwendungen","16":"product_tag-hydrocodon-pulver-effekt","17":"product_tag-hydrocodone-powder-buy","18":"product_tag-hydrocodone-powder-order","19":"product_tag-hydrocodone-powder-price","20":"product_tag-hydrocodon-pulver-zu-verkaufen","21":"product_tag-hydrocodon-pulver-zum-compoundieren","22":"product_tag-kaufen-hydrocodone-online-usa","23":"product_tag-kaufen-hydrocodon-online-ohne-rx","24":"product_tag-hydrocodon-pulver-kaufen","25":"product_tag-kratom-und-hydrocodon-kombination","26":"product_tag-kratom-bali-im-vergleich-mit-hydrocodon","27":"product_tag-kratom-gegen-hydrocodon-strke","28":"product_tag-kratom-im-vergleich-mit-norco","29":"product_tag-kratom-und-hydrocodon","30":"product_tag-mischen-von-kratom-und-hydrocodon","31":"product_tag-pure-hydrocodone-powder-for-sale","32":"product_tag-rohes-hydrocodon-pulver","33":"product_tag-hydrocodon-pulver-verkauf","34":"product_tag-verursacht-hydrocodon-verstopfung","35":"product_tag-was-passiert-wenn-man-hydrocodon-schnupft","36":"product_tag-wo-zu-kaufen-hydrocodon-pillen","37":"product_tag-woraus-hydrocodon-besteht","39":"first","40":"instock","41":"shipping-taxable","42":"purchasable","43":"product-type-variable","44":"has-default-attributes"},"yoast_head":"<!-- This site is optimized with the Yoast SEO plugin v27.3 - https:\/\/yoast.com\/product\/yoast-seo-wordpress\/ -->\n<title>Kaufen Sie Hydrocodone Powder - Hydrocodone Powder - Best Global Meds<\/title>\n<meta name=\"description\" content=\"Kaufen Sie hochwertiges Hydrocodon-Pulver zum Verkauf in Europa, Gro\u00dfbritannien und Australien online. Hydrocodon-Pulver ist ein halbsynthetisches Opioid, das aus Codein gewonnen wird. Bestellen Sie Hydrocodone Pulver zu den besten Preisen\" \/>\n<meta name=\"robots\" content=\"index, follow, max-snippet:-1, max-image-preview:large, max-video-preview:-1\" \/>\n<link rel=\"canonical\" href=\"https:\/\/medicinasinc.com\/de\/product\/hydrocodon-pulver-kaufen\/\" \/>\n<meta property=\"og:locale\" content=\"de_DE\" \/>\n<meta property=\"og:type\" content=\"article\" \/>\n<meta property=\"og:title\" content=\"Kaufen Sie Hydrocodone Powder - Hydrocodone Powder - Best Global Meds\" \/>\n<meta property=\"og:description\" content=\"Kaufen Sie hochwertiges Hydrocodon-Pulver zum Verkauf in Europa, Gro\u00dfbritannien und Australien online. Hydrocodon-Pulver ist ein halbsynthetisches Opioid, das aus Codein gewonnen wird. Bestellen Sie Hydrocodone Pulver zu den besten Preisen\" \/>\n<meta property=\"og:url\" content=\"https:\/\/medicinasinc.com\/de\/product\/hydrocodon-pulver-kaufen\/\" \/>\n<meta property=\"og:site_name\" content=\"Medicinas Inc\" \/>\n<meta property=\"article:modified_time\" content=\"2022-03-18T00:12:39+00:00\" \/>\n<meta property=\"og:image\" content=\"https:\/\/medicinasinc.com\/de\/wp-content\/uploads\/sites\/6\/2022\/02\/Buy-Hydrocodone-Powder.jpg\" \/>\n\t<meta property=\"og:image:width\" content=\"650\" \/>\n\t<meta property=\"og:image:height\" content=\"390\" \/>\n\t<meta property=\"og:image:type\" content=\"image\/jpeg\" \/>\n<meta name=\"twitter:card\" content=\"summary_large_image\" \/>\n<meta name=\"twitter:label1\" content=\"Gesch\u00e4tzte Lesezeit\" \/>\n\t<meta name=\"twitter:data1\" content=\"1\u00a0Minute\" \/>\n<script type=\"application\/ld+json\" class=\"yoast-schema-graph\">{\"@context\":\"https:\\\/\\\/schema.org\",\"@graph\":[{\"@type\":\"WebPage\",\"@id\":\"https:\\\/\\\/medicinasinc.com\\\/de\\\/product\\\/hydrocodon-pulver-kaufen\\\/\",\"url\":\"https:\\\/\\\/medicinasinc.com\\\/de\\\/product\\\/hydrocodon-pulver-kaufen\\\/\",\"name\":\"Kaufen Sie Hydrocodone Powder - Hydrocodone Powder - Best Global Meds\",\"isPartOf\":{\"@id\":\"https:\\\/\\\/medicinasinc.com\\\/de\\\/#website\"},\"primaryImageOfPage\":{\"@id\":\"https:\\\/\\\/medicinasinc.com\\\/de\\\/product\\\/hydrocodon-pulver-kaufen\\\/#primaryimage\"},\"image\":{\"@id\":\"https:\\\/\\\/medicinasinc.com\\\/de\\\/product\\\/hydrocodon-pulver-kaufen\\\/#primaryimage\"},\"thumbnailUrl\":\"https:\\\/\\\/medicinasinc.com\\\/de\\\/wp-content\\\/uploads\\\/sites\\\/6\\\/2022\\\/02\\\/Buy-Hydrocodone-Powder.jpg\",\"datePublished\":\"2022-02-22T04:59:37+00:00\",\"dateModified\":\"2022-03-18T00:12:39+00:00\",\"description\":\"Kaufen Sie hochwertiges Hydrocodon-Pulver zum Verkauf in Europa, Gro\u00dfbritannien und Australien online. Hydrocodon-Pulver ist ein halbsynthetisches Opioid, das aus Codein gewonnen wird. Bestellen Sie Hydrocodone Pulver zu den besten Preisen\",\"breadcrumb\":{\"@id\":\"https:\\\/\\\/medicinasinc.com\\\/de\\\/product\\\/hydrocodon-pulver-kaufen\\\/#breadcrumb\"},\"inLanguage\":\"de\",\"potentialAction\":[{\"@type\":\"ReadAction\",\"target\":[\"https:\\\/\\\/medicinasinc.com\\\/de\\\/product\\\/hydrocodon-pulver-kaufen\\\/\"]}]},{\"@type\":\"ImageObject\",\"inLanguage\":\"de\",\"@id\":\"https:\\\/\\\/medicinasinc.com\\\/de\\\/product\\\/hydrocodon-pulver-kaufen\\\/#primaryimage\",\"url\":\"https:\\\/\\\/medicinasinc.com\\\/de\\\/wp-content\\\/uploads\\\/sites\\\/6\\\/2022\\\/02\\\/Buy-Hydrocodone-Powder.jpg\",\"contentUrl\":\"https:\\\/\\\/medicinasinc.com\\\/de\\\/wp-content\\\/uploads\\\/sites\\\/6\\\/2022\\\/02\\\/Buy-Hydrocodone-Powder.jpg\",\"width\":650,\"height\":390},{\"@type\":\"BreadcrumbList\",\"@id\":\"https:\\\/\\\/medicinasinc.com\\\/de\\\/product\\\/hydrocodon-pulver-kaufen\\\/#breadcrumb\",\"itemListElement\":[{\"@type\":\"ListItem\",\"position\":1,\"name\":\"Einkaufen\",\"item\":\"https:\\\/\\\/medicinasinc.com\\\/de\\\/einkaufen\\\/\"},{\"@type\":\"ListItem\",\"position\":2,\"name\":\"Kaufen Sie Hydrocodon-Pulver\"}]},{\"@type\":\"WebSite\",\"@id\":\"https:\\\/\\\/medicinasinc.com\\\/de\\\/#website\",\"url\":\"https:\\\/\\\/medicinasinc.com\\\/de\\\/\",\"name\":\"Medicinas Inc\",\"description\":\"Health Medical Clinic\",\"potentialAction\":[{\"@type\":\"SearchAction\",\"target\":{\"@type\":\"EntryPoint\",\"urlTemplate\":\"https:\\\/\\\/medicinasinc.com\\\/de\\\/?s={search_term_string}\"},\"query-input\":{\"@type\":\"PropertyValueSpecification\",\"valueRequired\":true,\"valueName\":\"search_term_string\"}}],\"inLanguage\":\"de\"}]}<\/script>\n<!-- \/ Yoast SEO plugin. -->","yoast_head_json":{"title":"Kaufen Sie Hydrocodone Powder - Hydrocodone Powder - Best Global Meds","description":"Kaufen Sie hochwertiges Hydrocodon-Pulver zum Verkauf in Europa, Gro\u00dfbritannien und Australien online. Hydrocodon-Pulver ist ein halbsynthetisches Opioid, das aus Codein gewonnen wird. Bestellen Sie Hydrocodone Pulver zu den besten Preisen","robots":{"index":"index","follow":"follow","max-snippet":"max-snippet:-1","max-image-preview":"max-image-preview:large","max-video-preview":"max-video-preview:-1"},"canonical":"https:\/\/medicinasinc.com\/de\/product\/hydrocodon-pulver-kaufen\/","og_locale":"de_DE","og_type":"article","og_title":"Kaufen Sie Hydrocodone Powder - Hydrocodone Powder - Best Global Meds","og_description":"Kaufen Sie hochwertiges Hydrocodon-Pulver zum Verkauf in Europa, Gro\u00dfbritannien und Australien online. Hydrocodon-Pulver ist ein halbsynthetisches Opioid, das aus Codein gewonnen wird. Bestellen Sie Hydrocodone Pulver zu den besten Preisen","og_url":"https:\/\/medicinasinc.com\/de\/product\/hydrocodon-pulver-kaufen\/","og_site_name":"Medicinas Inc","article_modified_time":"2022-03-18T00:12:39+00:00","og_image":[{"width":650,"height":390,"url":"https:\/\/medicinasinc.com\/de\/wp-content\/uploads\/sites\/6\/2022\/02\/Buy-Hydrocodone-Powder.jpg","type":"image\/jpeg"}],"twitter_card":"summary_large_image","twitter_misc":{"Gesch\u00e4tzte Lesezeit":"1\u00a0Minute"},"schema":{"@context":"https:\/\/schema.org","@graph":[{"@type":"WebPage","@id":"https:\/\/medicinasinc.com\/de\/product\/hydrocodon-pulver-kaufen\/","url":"https:\/\/medicinasinc.com\/de\/product\/hydrocodon-pulver-kaufen\/","name":"Kaufen Sie Hydrocodone Powder - Hydrocodone Powder - Best Global Meds","isPartOf":{"@id":"https:\/\/medicinasinc.com\/de\/#website"},"primaryImageOfPage":{"@id":"https:\/\/medicinasinc.com\/de\/product\/hydrocodon-pulver-kaufen\/#primaryimage"},"image":{"@id":"https:\/\/medicinasinc.com\/de\/product\/hydrocodon-pulver-kaufen\/#primaryimage"},"thumbnailUrl":"https:\/\/medicinasinc.com\/de\/wp-content\/uploads\/sites\/6\/2022\/02\/Buy-Hydrocodone-Powder.jpg","datePublished":"2022-02-22T04:59:37+00:00","dateModified":"2022-03-18T00:12:39+00:00","description":"Kaufen Sie hochwertiges Hydrocodon-Pulver zum Verkauf in Europa, Gro\u00dfbritannien und Australien online. Hydrocodon-Pulver ist ein halbsynthetisches Opioid, das aus Codein gewonnen wird. Bestellen Sie Hydrocodone Pulver zu den besten Preisen","breadcrumb":{"@id":"https:\/\/medicinasinc.com\/de\/product\/hydrocodon-pulver-kaufen\/#breadcrumb"},"inLanguage":"de","potentialAction":[{"@type":"ReadAction","target":["https:\/\/medicinasinc.com\/de\/product\/hydrocodon-pulver-kaufen\/"]}]},{"@type":"ImageObject","inLanguage":"de","@id":"https:\/\/medicinasinc.com\/de\/product\/hydrocodon-pulver-kaufen\/#primaryimage","url":"https:\/\/medicinasinc.com\/de\/wp-content\/uploads\/sites\/6\/2022\/02\/Buy-Hydrocodone-Powder.jpg","contentUrl":"https:\/\/medicinasinc.com\/de\/wp-content\/uploads\/sites\/6\/2022\/02\/Buy-Hydrocodone-Powder.jpg","width":650,"height":390},{"@type":"BreadcrumbList","@id":"https:\/\/medicinasinc.com\/de\/product\/hydrocodon-pulver-kaufen\/#breadcrumb","itemListElement":[{"@type":"ListItem","position":1,"name":"Einkaufen","item":"https:\/\/medicinasinc.com\/de\/einkaufen\/"},{"@type":"ListItem","position":2,"name":"Kaufen Sie Hydrocodon-Pulver"}]},{"@type":"WebSite","@id":"https:\/\/medicinasinc.com\/de\/#website","url":"https:\/\/medicinasinc.com\/de\/","name":"Medicinas Inc","description":"Health Medical Clinic","potentialAction":[{"@type":"SearchAction","target":{"@type":"EntryPoint","urlTemplate":"https:\/\/medicinasinc.com\/de\/?s={search_term_string}"},"query-input":{"@type":"PropertyValueSpecification","valueRequired":true,"valueName":"search_term_string"}}],"inLanguage":"de"}]}},"_links":{"self":[{"href":"https:\/\/medicinasinc.com\/de\/wp-json\/wp\/v2\/product\/5729","targetHints":{"allow":["GET"]}}],"collection":[{"href":"https:\/\/medicinasinc.com\/de\/wp-json\/wp\/v2\/product"}],"about":[{"href":"https:\/\/medicinasinc.com\/de\/wp-json\/wp\/v2\/types\/product"}],"replies":[{"embeddable":true,"href":"https:\/\/medicinasinc.com\/de\/wp-json\/wp\/v2\/comments?post=5729"}],"wp:featuredmedia":[{"embeddable":true,"href":"https:\/\/medicinasinc.com\/de\/wp-json\/wp\/v2\/media\/5738"}],"wp:attachment":[{"href":"https:\/\/medicinasinc.com\/de\/wp-json\/wp\/v2\/media?parent=5729"}],"wp:term":[{"taxonomy":"product_brand","embeddable":true,"href":"https:\/\/medicinasinc.com\/de\/wp-json\/wp\/v2\/product_brand?post=5729"},{"taxonomy":"product_cat","embeddable":true,"href":"https:\/\/medicinasinc.com\/de\/wp-json\/wp\/v2\/product_cat?post=5729"},{"taxonomy":"product_tag","embeddable":true,"href":"https:\/\/medicinasinc.com\/de\/wp-json\/wp\/v2\/product_tag?post=5729"}],"curies":[{"name":"wp","href":"https:\/\/api.w.org\/{rel}","templated":true}]}}