{"id":5710,"date":"2022-02-22T04:39:11","date_gmt":"2022-02-22T04:39:11","guid":{"rendered":"https:\/\/medicinasinc.com\/de\/?post_type=product&#038;p=5710"},"modified":"2022-03-18T00:12:48","modified_gmt":"2022-03-18T00:12:48","slug":"kaufen-mdma-kristalle","status":"publish","type":"product","link":"https:\/\/medicinasinc.com\/de\/product\/kaufen-mdma-kristalle\/","title":{"rendered":"Kaufen Sie mdma-Kristalle"},"content":{"rendered":"<p>WO MAN MDMA-PULVER UND -KRISTALL ONLINE BESTELLEN KANN<\/p>\n<p>CRYSTAL MDMA ist im Internet erh\u00e4ltlich. Der Online-Kauf von MDMA-Pulver ist einfach und bequem. 3,4-Methylendioxymethamphetamin, h\u00e4ufiger als Ecstasy bezeichnet, ist ein Stimulans und wird im Allgemeinen zum Spa\u00df verwendet. Um die gew\u00fcnschten Ergebnisse zu erzielen, umfassen die Auswirkungen ver\u00e4nderte Gef\u00fchle und einen Schub an Energie, Empathie und Freude. MDMA kann direkt hier auf unserer Website gekauft werden. Anfangs wurde MDMA haupts\u00e4chlich von Leuten konsumiert, die Nachtclubs und n\u00e4chtliche Tanzpartys (bekannt als \u201eRaves\u201c) besuchten, aber die Droge hat sich seitdem einem breiteren Publikum zugewandt und wird jetzt als Ecstasy oder Molly bezeichnet.<\/p>\n<p> Es ist eine synthetische Droge, die Stimmung und Wahrnehmung beeinflusst, 3,4-Methylendioxy-Methamphetamin (MDMA) (Bewusstsein f\u00fcr umgebende Objekte und Bedingungen). Als Stimulans und Halluzinogen erzeugt es Empfindungen von erh\u00f6hter Energie, Vergn\u00fcgen und emotionaler W\u00e4rme sowie verwirrte Sinneserfahrungen.<\/p>\n<p>Wie wirkt MDMA CYSTAL | Pulver, das von seinen Benutzern verwendet wird?<\/p>\n<p>MDMA wird \u00fcblicherweise in Form einer Pille oder Kapsel verwendet, obwohl es auch als Fl\u00fcssigkeit eingenommen oder als Pulver geschnupft werden kann. Es ist \u00fcblich, dieses pulverisierte MDMA (MDMA CRYSTAL) Molly zu nennen, ein umgangssprachlicher Begriff f\u00fcr die angeblich &#8222;reine&#8220; kristalline Pulverform der Droge. MDMA kann von manchen Menschen mit anderen Substanzen wie Alkohol oder Marihuana kombiniert werden.<\/p>\n<p>Welche Wirkungen hat MDMA auf das Gehirn?<\/p>\n<p>Drei Gehirnmolek\u00fcle werden durch MDMA aktiviert: <\/p>\n<p>Gesteigerte Energie und Aktivit\u00e4t sind zwei der Wirkungen von Dopamin, das als Belohnung im Belohnungssystem des Gehirns fungiert.<br \/> Personen mit kardiovaskul\u00e4ren oder vaskul\u00e4ren Problemen sind anf\u00e4lliger f\u00fcr die Wirkung von Noradrenalin, das erh\u00f6ht die Herzfrequenz und den Blutdruck.<br \/> Es gibt viele Funktionen, die Serotonin beeinflusst, wie Stimmung, Hunger und Schlaf. Es wirkt sich auch auf die sexuelle Erregung und das Vertrauen aus, indem es die Freisetzung von Hormonen verursacht. Menschen, die MDMA einnehmen, berichten von Gef\u00fchlen emotionaler Verbundenheit, verbesserter Stimmung und Empathie als Folge der serotoninfreisetzenden Wirkung des Medikaments. Kaufen Sie Molly-Pillen in einer seri\u00f6sen Online-Apotheke.<\/p>\n<p>&nbsp;<\/p>\n<p>Was andere negative Auswirkungen auf die Gesundheit betrifft:<\/p>\n<p>Bauchschmerzen und Kr\u00e4mpfe<br \/> Z\u00e4hneknirschen verursachte einen Schleier in meiner Sicht<br \/> Sch\u00fcttelfrost<\/p>\n","protected":false},"excerpt":{"rendered":"<p>Kaufen Sie MDMA-Kristalle zum Verkauf in Gro\u00dfbritannien und Europa bei uns. Kunden, die bei uns kaufen, k\u00f6nnen sicher sein, dass sie das bekommen, wof\u00fcr sie bezahlen. Kaufen Sie jetzt 3,4-Methylendioxymethamphetamin.<\/p>\n<p>Es gibt Ecstasy\/Molly-Kristalle zum Verkauf (Sie k\u00f6nnen Ecstasy\/Molly-Kristalle online kaufen). Es gibt viele Orte, an denen Sie MDMA-Kristalle online kaufen k\u00f6nnen. Sie k\u00f6nnen Kristalle von Methylone auch online kaufen.<\/p>\n","protected":false},"featured_media":5720,"comment_status":"open","ping_status":"closed","template":"","meta":[],"product_brand":[],"product_cat":[2014],"product_tag":[3663,3646,501,506,3666,3645,3644,3649,3650,3652,3651,3656,3654,3658,3659,3660,3647,3662,3657,3661,539,3655,3664,3665,3667,3668,3669,3648,3653],"class_list":{"0":"post-5710","1":"product","2":"type-product","3":"status-publish","4":"has-post-thumbnail","6":"product_cat-kaufen-forschungschemikalien","7":"product_tag-bestelle-mdma-kristall-online","8":"product_tag-buy-mdma-crystals","9":"product_tag-buy-mdma-online","10":"product_tag-buy-pure-mdma-online","11":"product_tag-der-beste-ort-um-mdma-kristall-online-zu-kaufen","12":"product_tag-kaufen-mdma-kristall-online","13":"product_tag-kaufen-mdma-kristall","14":"product_tag-mail-order-mdma","15":"product_tag-mail-order-mdma-crystal","16":"product_tag-mdma-crystal-for-sale-online","17":"product_tag-mdma-kristall-zu-verkaufen","18":"product_tag-mdma-crystals-reddit","19":"product_tag-mdma-kristalle-zu-verkaufen","20":"product_tag-mdma-online-kaufen","21":"product_tag-mdma-powder","22":"product_tag-mdma-powder-crystals","23":"product_tag-kaufen-mdma-pulver","24":"product_tag-mdma-pulver-zu-verkaufen","25":"product_tag-mdma-zu-verkaufen-usa","26":"product_tag-mdma-pulver-kristalle-online","27":"product_tag-order-mdma-online","28":"product_tag-mdma-kristalle-preise","29":"product_tag-purchase-mdma-crystal-online","30":"product_tag-tags-kaufen-ecstasy-usa","31":"product_tag-where-can-i-buy-mdma","32":"product_tag-where-to-buy-mdma-crystal-online","33":"product_tag-where-to-get-mdma-usa","34":"product_tag-wie-kauft-man-mdma-kristall-online","35":"product_tag-mdma-kristalleffekt","37":"first","38":"instock","39":"shipping-taxable","40":"purchasable","41":"product-type-variable","42":"has-default-attributes"},"yoast_head":"<!-- This site is optimized with the Yoast SEO plugin v27.3 - https:\/\/yoast.com\/product\/yoast-seo-wordpress\/ -->\n<title>Kaufen Sie MDMA-Kristalle - MDMA-Kristalle zum Verkauf - Best Global Meds<\/title>\n<meta name=\"description\" content=\"Kaufen Sie MDMA-Kristalle zum Verkauf in Gro\u00dfbritannien, Europa. Wir bieten die zuverl\u00e4ssigste Transaktion und verkaufen zu sehr g\u00fcnstigen Preisen. Bestellen Sie jetzt 3,4-Methyl\u200bendioxy\u200bmethamphetamin\" \/>\n<meta name=\"robots\" content=\"index, follow, max-snippet:-1, max-image-preview:large, max-video-preview:-1\" \/>\n<link rel=\"canonical\" href=\"https:\/\/medicinasinc.com\/de\/product\/kaufen-mdma-kristalle\/\" \/>\n<meta property=\"og:locale\" content=\"de_DE\" \/>\n<meta property=\"og:type\" content=\"article\" \/>\n<meta property=\"og:title\" content=\"Kaufen Sie MDMA-Kristalle - MDMA-Kristalle zum Verkauf - Best Global Meds\" \/>\n<meta property=\"og:description\" content=\"Kaufen Sie MDMA-Kristalle zum Verkauf in Gro\u00dfbritannien, Europa. Wir bieten die zuverl\u00e4ssigste Transaktion und verkaufen zu sehr g\u00fcnstigen Preisen. Bestellen Sie jetzt 3,4-Methyl\u200bendioxy\u200bmethamphetamin\" \/>\n<meta property=\"og:url\" content=\"https:\/\/medicinasinc.com\/de\/product\/kaufen-mdma-kristalle\/\" \/>\n<meta property=\"og:site_name\" content=\"Medicinas Inc\" \/>\n<meta property=\"article:modified_time\" content=\"2022-03-18T00:12:48+00:00\" \/>\n<meta property=\"og:image\" content=\"https:\/\/medicinasinc.com\/de\/wp-content\/uploads\/sites\/6\/2022\/02\/Buy-mdma-crystals.jpg\" \/>\n\t<meta property=\"og:image:width\" content=\"600\" \/>\n\t<meta property=\"og:image:height\" content=\"600\" \/>\n\t<meta property=\"og:image:type\" content=\"image\/jpeg\" \/>\n<meta name=\"twitter:card\" content=\"summary_large_image\" \/>\n<meta name=\"twitter:label1\" content=\"Gesch\u00e4tzte Lesezeit\" \/>\n\t<meta name=\"twitter:data1\" content=\"2\u00a0Minuten\" \/>\n<script type=\"application\/ld+json\" class=\"yoast-schema-graph\">{\"@context\":\"https:\\\/\\\/schema.org\",\"@graph\":[{\"@type\":\"WebPage\",\"@id\":\"https:\\\/\\\/medicinasinc.com\\\/de\\\/product\\\/kaufen-mdma-kristalle\\\/\",\"url\":\"https:\\\/\\\/medicinasinc.com\\\/de\\\/product\\\/kaufen-mdma-kristalle\\\/\",\"name\":\"Kaufen Sie MDMA-Kristalle - MDMA-Kristalle zum Verkauf - Best Global Meds\",\"isPartOf\":{\"@id\":\"https:\\\/\\\/medicinasinc.com\\\/de\\\/#website\"},\"primaryImageOfPage\":{\"@id\":\"https:\\\/\\\/medicinasinc.com\\\/de\\\/product\\\/kaufen-mdma-kristalle\\\/#primaryimage\"},\"image\":{\"@id\":\"https:\\\/\\\/medicinasinc.com\\\/de\\\/product\\\/kaufen-mdma-kristalle\\\/#primaryimage\"},\"thumbnailUrl\":\"https:\\\/\\\/medicinasinc.com\\\/de\\\/wp-content\\\/uploads\\\/sites\\\/6\\\/2022\\\/02\\\/Buy-mdma-crystals.jpg\",\"datePublished\":\"2022-02-22T04:39:11+00:00\",\"dateModified\":\"2022-03-18T00:12:48+00:00\",\"description\":\"Kaufen Sie MDMA-Kristalle zum Verkauf in Gro\u00dfbritannien, Europa. Wir bieten die zuverl\u00e4ssigste Transaktion und verkaufen zu sehr g\u00fcnstigen Preisen. Bestellen Sie jetzt 3,4-Methyl\u200bendioxy\u200bmethamphetamin\",\"breadcrumb\":{\"@id\":\"https:\\\/\\\/medicinasinc.com\\\/de\\\/product\\\/kaufen-mdma-kristalle\\\/#breadcrumb\"},\"inLanguage\":\"de\",\"potentialAction\":[{\"@type\":\"ReadAction\",\"target\":[\"https:\\\/\\\/medicinasinc.com\\\/de\\\/product\\\/kaufen-mdma-kristalle\\\/\"]}]},{\"@type\":\"ImageObject\",\"inLanguage\":\"de\",\"@id\":\"https:\\\/\\\/medicinasinc.com\\\/de\\\/product\\\/kaufen-mdma-kristalle\\\/#primaryimage\",\"url\":\"https:\\\/\\\/medicinasinc.com\\\/de\\\/wp-content\\\/uploads\\\/sites\\\/6\\\/2022\\\/02\\\/Buy-mdma-crystals.jpg\",\"contentUrl\":\"https:\\\/\\\/medicinasinc.com\\\/de\\\/wp-content\\\/uploads\\\/sites\\\/6\\\/2022\\\/02\\\/Buy-mdma-crystals.jpg\",\"width\":600,\"height\":600},{\"@type\":\"BreadcrumbList\",\"@id\":\"https:\\\/\\\/medicinasinc.com\\\/de\\\/product\\\/kaufen-mdma-kristalle\\\/#breadcrumb\",\"itemListElement\":[{\"@type\":\"ListItem\",\"position\":1,\"name\":\"Einkaufen\",\"item\":\"https:\\\/\\\/medicinasinc.com\\\/de\\\/einkaufen\\\/\"},{\"@type\":\"ListItem\",\"position\":2,\"name\":\"Kaufen Sie mdma-Kristalle\"}]},{\"@type\":\"WebSite\",\"@id\":\"https:\\\/\\\/medicinasinc.com\\\/de\\\/#website\",\"url\":\"https:\\\/\\\/medicinasinc.com\\\/de\\\/\",\"name\":\"Medicinas Inc\",\"description\":\"Health Medical Clinic\",\"potentialAction\":[{\"@type\":\"SearchAction\",\"target\":{\"@type\":\"EntryPoint\",\"urlTemplate\":\"https:\\\/\\\/medicinasinc.com\\\/de\\\/?s={search_term_string}\"},\"query-input\":{\"@type\":\"PropertyValueSpecification\",\"valueRequired\":true,\"valueName\":\"search_term_string\"}}],\"inLanguage\":\"de\"}]}<\/script>\n<!-- \/ Yoast SEO plugin. -->","yoast_head_json":{"title":"Kaufen Sie MDMA-Kristalle - MDMA-Kristalle zum Verkauf - Best Global Meds","description":"Kaufen Sie MDMA-Kristalle zum Verkauf in Gro\u00dfbritannien, Europa. Wir bieten die zuverl\u00e4ssigste Transaktion und verkaufen zu sehr g\u00fcnstigen Preisen. Bestellen Sie jetzt 3,4-Methyl\u200bendioxy\u200bmethamphetamin","robots":{"index":"index","follow":"follow","max-snippet":"max-snippet:-1","max-image-preview":"max-image-preview:large","max-video-preview":"max-video-preview:-1"},"canonical":"https:\/\/medicinasinc.com\/de\/product\/kaufen-mdma-kristalle\/","og_locale":"de_DE","og_type":"article","og_title":"Kaufen Sie MDMA-Kristalle - MDMA-Kristalle zum Verkauf - Best Global Meds","og_description":"Kaufen Sie MDMA-Kristalle zum Verkauf in Gro\u00dfbritannien, Europa. Wir bieten die zuverl\u00e4ssigste Transaktion und verkaufen zu sehr g\u00fcnstigen Preisen. Bestellen Sie jetzt 3,4-Methyl\u200bendioxy\u200bmethamphetamin","og_url":"https:\/\/medicinasinc.com\/de\/product\/kaufen-mdma-kristalle\/","og_site_name":"Medicinas Inc","article_modified_time":"2022-03-18T00:12:48+00:00","og_image":[{"width":600,"height":600,"url":"https:\/\/medicinasinc.com\/de\/wp-content\/uploads\/sites\/6\/2022\/02\/Buy-mdma-crystals.jpg","type":"image\/jpeg"}],"twitter_card":"summary_large_image","twitter_misc":{"Gesch\u00e4tzte Lesezeit":"2\u00a0Minuten"},"schema":{"@context":"https:\/\/schema.org","@graph":[{"@type":"WebPage","@id":"https:\/\/medicinasinc.com\/de\/product\/kaufen-mdma-kristalle\/","url":"https:\/\/medicinasinc.com\/de\/product\/kaufen-mdma-kristalle\/","name":"Kaufen Sie MDMA-Kristalle - MDMA-Kristalle zum Verkauf - Best Global Meds","isPartOf":{"@id":"https:\/\/medicinasinc.com\/de\/#website"},"primaryImageOfPage":{"@id":"https:\/\/medicinasinc.com\/de\/product\/kaufen-mdma-kristalle\/#primaryimage"},"image":{"@id":"https:\/\/medicinasinc.com\/de\/product\/kaufen-mdma-kristalle\/#primaryimage"},"thumbnailUrl":"https:\/\/medicinasinc.com\/de\/wp-content\/uploads\/sites\/6\/2022\/02\/Buy-mdma-crystals.jpg","datePublished":"2022-02-22T04:39:11+00:00","dateModified":"2022-03-18T00:12:48+00:00","description":"Kaufen Sie MDMA-Kristalle zum Verkauf in Gro\u00dfbritannien, Europa. Wir bieten die zuverl\u00e4ssigste Transaktion und verkaufen zu sehr g\u00fcnstigen Preisen. Bestellen Sie jetzt 3,4-Methyl\u200bendioxy\u200bmethamphetamin","breadcrumb":{"@id":"https:\/\/medicinasinc.com\/de\/product\/kaufen-mdma-kristalle\/#breadcrumb"},"inLanguage":"de","potentialAction":[{"@type":"ReadAction","target":["https:\/\/medicinasinc.com\/de\/product\/kaufen-mdma-kristalle\/"]}]},{"@type":"ImageObject","inLanguage":"de","@id":"https:\/\/medicinasinc.com\/de\/product\/kaufen-mdma-kristalle\/#primaryimage","url":"https:\/\/medicinasinc.com\/de\/wp-content\/uploads\/sites\/6\/2022\/02\/Buy-mdma-crystals.jpg","contentUrl":"https:\/\/medicinasinc.com\/de\/wp-content\/uploads\/sites\/6\/2022\/02\/Buy-mdma-crystals.jpg","width":600,"height":600},{"@type":"BreadcrumbList","@id":"https:\/\/medicinasinc.com\/de\/product\/kaufen-mdma-kristalle\/#breadcrumb","itemListElement":[{"@type":"ListItem","position":1,"name":"Einkaufen","item":"https:\/\/medicinasinc.com\/de\/einkaufen\/"},{"@type":"ListItem","position":2,"name":"Kaufen Sie mdma-Kristalle"}]},{"@type":"WebSite","@id":"https:\/\/medicinasinc.com\/de\/#website","url":"https:\/\/medicinasinc.com\/de\/","name":"Medicinas Inc","description":"Health Medical Clinic","potentialAction":[{"@type":"SearchAction","target":{"@type":"EntryPoint","urlTemplate":"https:\/\/medicinasinc.com\/de\/?s={search_term_string}"},"query-input":{"@type":"PropertyValueSpecification","valueRequired":true,"valueName":"search_term_string"}}],"inLanguage":"de"}]}},"_links":{"self":[{"href":"https:\/\/medicinasinc.com\/de\/wp-json\/wp\/v2\/product\/5710","targetHints":{"allow":["GET"]}}],"collection":[{"href":"https:\/\/medicinasinc.com\/de\/wp-json\/wp\/v2\/product"}],"about":[{"href":"https:\/\/medicinasinc.com\/de\/wp-json\/wp\/v2\/types\/product"}],"replies":[{"embeddable":true,"href":"https:\/\/medicinasinc.com\/de\/wp-json\/wp\/v2\/comments?post=5710"}],"wp:featuredmedia":[{"embeddable":true,"href":"https:\/\/medicinasinc.com\/de\/wp-json\/wp\/v2\/media\/5720"}],"wp:attachment":[{"href":"https:\/\/medicinasinc.com\/de\/wp-json\/wp\/v2\/media?parent=5710"}],"wp:term":[{"taxonomy":"product_brand","embeddable":true,"href":"https:\/\/medicinasinc.com\/de\/wp-json\/wp\/v2\/product_brand?post=5710"},{"taxonomy":"product_cat","embeddable":true,"href":"https:\/\/medicinasinc.com\/de\/wp-json\/wp\/v2\/product_cat?post=5710"},{"taxonomy":"product_tag","embeddable":true,"href":"https:\/\/medicinasinc.com\/de\/wp-json\/wp\/v2\/product_tag?post=5710"}],"curies":[{"name":"wp","href":"https:\/\/api.w.org\/{rel}","templated":true}]}}