{"id":5703,"date":"2022-02-22T04:29:46","date_gmt":"2022-02-22T04:29:46","guid":{"rendered":"https:\/\/medicinasinc.com\/de\/?post_type=product&#038;p=5703"},"modified":"2022-03-18T00:13:00","modified_gmt":"2022-03-18T00:13:00","slug":"kaufen-dimethyltryptamin-dmt","status":"publish","type":"product","link":"https:\/\/medicinasinc.com\/de\/product\/kaufen-dimethyltryptamin-dmt\/","title":{"rendered":"Kaufen Sie Dimethyltryptamin DMT"},"content":{"rendered":"<p>Es gibt viele Orte, an denen man DMT-Pulver online kaufen kann.<\/p>\n<p>DMT gibt es schon seit langer Zeit. Die Droge wurde im Laufe der Jahre viel f\u00fcr viele verschiedene Dinge verwendet, bis sie von der Regierung als eine Droge angesehen wurde, die gef\u00e4hrlich sein k\u00f6nnte, wenn sie auf die Spitze getrieben wird. Sie k\u00f6nnen DMT-Pulver m\u00f6glicherweise nicht online kaufen, wenn Sie nicht wissen, wie es geht. Endlich hat sich Ihre harte Arbeit ausgezahlt und Sie haben die gew\u00fcnschten Ergebnisse. Bestglobalmeds ist eine Website, auf der Sie DMT online zu einem g\u00fcnstigen Preis kaufen k\u00f6nnen. Es hat hochwertiges und reines DMT.<\/p>\n<p>Eine Antwort auf die Frage &#8222;Was ist DMT-Pulver?&#8220;<\/p>\n<p>DMT (N,N-Dimethyltryptamin) ist ein nat\u00fcrliches psychedelisches Tryptamin, das es kann finden sich in Pflanzen, Tieren und Menschen. Es geh\u00f6rt zur Gruppe der psychedelischen Drogen (Substanzen, die Sie bewusster machen). DMT-Mischungen von Changa werden ebenfalls auf diese Weise hergestellt. Sie k\u00f6nnen in Pulverform oder in Pulverform gebracht werden.<\/p>\n<p>Es ist eine nat\u00fcrlich vorkommende Substanz, die in kleinen Mengen im menschlichen Gehirn vorkommt, wo ihre Funktion unbekannt ist. DMT ist bekannt f\u00fcr seine Kraft. Wenn Du es rauchst, dauert der psychedelische Trip nur 5 bis 30 Minuten, aber die Wirkung ist stark und langanhaltend. Das Gef\u00fchl, dass er oder sie an einen v\u00f6llig anderen Ort geschickt wurde, mit Ger\u00e4uschen und Bildern, die Sie an kaledonische Dinge denken lassen,<\/p>\n<p>Ayahuasca-Gebr\u00e4ue, die mit DMT-haltiger Baumrinde und anderen Pflanzen hergestellt werden, die enthalten eine Chemikalie namens MAOI (Monoaminoxidase-Hemmer, f\u00fcr die wirklich Kranken). Der MAOI l\u00e4sst DMT viel l\u00e4nger in unserem K\u00f6rper verweilen und verl\u00e4ngert die psychiatrische Erfahrung um Stunden. DMT wird seit langem in der traditionellen Medizin verwendet.<\/p>\n<p>In den letzten Jahren ist dieses Gebr\u00e4u aufgrund seiner heilenden Eigenschaften immer beliebter geworden, auch zur Behandlung von Drogenmissbrauch. Im Vergleich zum \u201eharten Patriarchen\u201c von Sbog\u00e1ne wurde die \u201eliebevolle Matriarchin\u201c der Ayahuasca-Heilung als \u201eliebevolle Matriarchin\u201c bezeichnet. Es hilft Menschen, die Abwehrmechanismen abzubauen, die sie m\u00f6glicherweise aufgebaut haben und die sie daran hindern, sich mit anderen zu verbinden.<\/p>\n<p>Wissen Sie, wie DMT aussieht?<br \/> Beschreiben Sie, wie DMT aussieht.<br \/> WENN es rein ist, sieht es aus wie wei\u00dfes kristallisiertes Pulver oder etwas anderes.<br \/> Auch wenn es nicht rein ist, sieht es aus wie ein gelbes, oranges oder rosa Pulver oder eine Fl\u00fcssigkeit. Dies kommt h\u00e4ufiger vor, ist aber nicht die einzige Betrachtungsweise.<br \/> Eine br\u00e4unlich\/rote Kr\u00e4utermischung ergibt, wenn sie mit Kr\u00e4utern gemischt wird, ein Getr\u00e4nk namens Ayahuasca trinken.<br \/>DMT schmeckt und riecht nach was.<\/p>\n<p>N,N-Dimethyltr\u0443ptamin hat einen sehr starken Geruch und Geschmack, den viele Menschen, einschlie\u00dflich unserer Kunden, mit verbranntem Plastik und neuen Schuhen verglichen haben.<\/p>\n<p>Wie wird DMT verwendet?<\/p>\n<p>Wenn Sie DMT online kaufen, denken Sie daran, dass es haupts\u00e4chlich auf drei Arten verwendet werden kann: Schmatzen, Wechseln und Wickeln.<\/p>\n<p>Das DMT wird geraucht.<\/p>\n<p>Menschen mischen DMT manchmal mit Kr\u00e4utern wie Ayahuasca, um ein Getr\u00e4nk namens Ch\u00e1ng\u0430 herzustellen. Dies liegt daran, dass DMT gef\u00e4hrlich ist und gef\u00e4hrlich zu rauchen sein kann. Jede Charge Changa ist unterschiedlich, je nachdem, welche Kr\u00e4uter verwendet werden, daher variiert die St\u00e4rke jeder Charge.<\/p>\n<p>Menschen werden mit DMT betrunken<\/p>\n<p>Ch\u00e1cruna ist ein s\u00fcdamerikanisches Kraut, das DMT enth\u00e4lt es. Manchmal wird es mit der Ayahuas\u00e7a-Pflanze gemischt, um das schamanische Gebr\u00e4u Ayahuas\u00e7a herzustellen.<\/p>\n<p>DMT jemandem geben<\/p>\n<p>DMT kann f\u00fcr die Injektion vorbereitet werden, und dies kann sehr gef\u00e4hrlich sein , auch.<\/p>\n<p>Das Schnupfen von DMT<\/p>\n<p>Um DMT zu erhalten, k\u00f6nnen Sie es zu Pulver zersto\u00dfen und schnupfen.<\/p>\n<p>Dosierung<\/p>\n<p>DMT: 15-60mg geraucht (nur in einer Glaspfeife), 20-50mg geschnupft und 30 bis 150mg getrunken.<\/p>\n<p>Changa: Es h\u00e4ngt alles davon ab, wie viel DMT im Anteil ist.<\/p>\n<p>Solange gen\u00fcgend DMT in der Mischung ist.<\/p>\n<p>Was passiert, wenn du DMT nimmst?<br \/> Wie denkst du dar\u00fcber?<\/p>\n<p> DMT ist daf\u00fcr bekannt, Menschen, die es einnehmen, ein sehr intensives \u201etrp\u201c zu geben, was die Bezeichnung f\u00fcr die Erfahrung der Einnahme von Psychedelika ist.<\/p>\n<p>Wenn Sie DMT einnehmen, sieht die Welt ganz anders aus. Farben, Ger\u00e4usche, Objekte und sogar die Zeit k\u00f6nnen alles sein wirken sehr unterschiedlich. Einige Menschen haben w\u00e4hrend der Einnahme von DMT au\u00dferk\u00f6rperliche Erfahrungen.<\/p>\n<p>Es kann Sie dazu bringen:<\/p>\n<p>Dinge zu sehen und zu h\u00f6ren, die nicht da sind (halluznieren), was gut sein k\u00f6nnte oder schlechte Erfahrung. F\u00fchlen Sie sich wie Zeit und Bewegung beschleunigen oder verlangsamen. Dies nennt man \u201eVisuals\u201c.<br \/> Wie verhalten sich Menschen?<\/p>\n<p>Menschen k\u00f6nnen sich auf eine Weise verhalten, die sie nicht erwarten, wenn sie high auf DMT sind, genau wie bei jeder halluzinogenen Droge.<\/p>\n<p> p&gt; <\/p>\n<p>Mehrere Benutzer sagen, dass sie sich f\u00fchlen, als ob sie eine Nahtoderfahrung durchmachen, und infolgedessen werden sie sehr ruhig und schauen nach innen.<\/p>\n<p>Einige Leute sagen, dass sie es k\u00f6nnen Sie bewegen sich nicht, w\u00e4hrend sie auf DMT sind.<\/p>\n<p>Wann beginnt DMT bei Ihnen zu wirken?<\/p>\n<p>Es h\u00e4ngt alles davon ab, wie viel Sie genommen haben, wie gro\u00df Sie sind , ob Sie gegessen haben und welche anderen Drogen Sie genommen haben.<\/p>\n<p>Dieses Wort ist auch als &#8222;k\u0441k&#8220; bekannt.<\/p>\n<p>Beim Rauchen kommt DMT sehr schnell. Es kann lange dauern, bis sich die Wirkung zeigt, wenn sie Teil einer Ayahuasca-Zeremonie ist.<\/p>\n<p>Wie lange hat sie gedauert?<\/p>\n<p>Sie k\u00f6nnen sehr aufgeregt sein, wenn Sie sich einer DMT unterziehen Reise, aber sie dauern auch sehr schnell, manchmal nur wenige Minuten. Als Teil einer Ayahuasca-Zeremonie kann ein DMT-Trip mehrere Stunden dauern, aber auch sehr kurz sein.<\/p>\n<p>Aus diesen Gr\u00fcnden war DMT in den 1960er Jahren als \u201eBr\u00f6tchen-Trip\u201c bekannt Vereinigte Staaten. Ein Benutzer konnte mit dieser Droge die volle Tiefe und Bandbreite einer Erfahrung machen, die schneller war als mit anderen Drogen, wie LSD oder Magic Mushrooms.<\/p>\n<p>Was hat DMT?<br \/> So wirkt sich k\u00f6rperliche Gesundheit aus wirkt:<\/p>\n<p>Viele Menschen in S\u00fcdamerika trinken oder essen Getr\u00e4nke oder Speisen, die DMT enthalten, als Teil ihrer Lebensweise. Das bekannteste Beispiel sind Ayahuasca-Zeremonien.<\/p>\n<p>Es gibt einige Leute, die denken, dass DMT eine spirituelle Droge ist, die auch sicher ist, aber es ist immer noch ein chemisches Halluzinogen.<\/p>\n<p>Es kann:<\/p>\n<p>Es ist an der Zeit, Ihren Blutdruck zu \u00fcberpr\u00fcfen.<br \/> Wenn Sie bereits an einer Herzerkrankung leiden, kann eine Erh\u00f6hung Ihrer Herzfrequenz Sie krank machen und dazu f\u00fchren, dass Sie gehen m\u00f6chten. Das liegt daran, dass Ihr K\u00f6rper eine Menge Gift bekommt.<\/p>\n<p>Wenn Sie DMT einnehmen, kann es viele verschiedene und manchmal sehr be\u00e4ngstigende Wirkungen haben. Diese Effekte sind m\u00f6glicherweise nicht einmal im Kopf einer Person vorhanden.<\/p>\n<p>Es kann sehr verwirrend und be\u00e4ngstigend sein, wenn eine Person hereinkommt.<\/p>\n<p>Es kann Ihnen helfen: wenn Sie eine Droge wie DMT einnehmen .<\/p>\n<p>Flashbacks treten auf, wenn ein Teil einer Reise nach der urspr\u00fcnglichen Reise noch einmal erlebt wird.<br \/> Behalten Sie jemanden im Auge, der in der Vergangenheit psychische Probleme hatte. Es k\u00f6nnte Probleme f\u00fcr jemanden verursachen, der nicht wusste, dass er einem Risiko f\u00fcr psychische Gesundheitsprobleme ausgesetzt war.<br \/> Wenn der Trip schief geht, k\u00f6nnte sich der Benutzer verletzen. Wenn Sie also schlechte oder \u00e4ngstliche Stimmung haben, sollten Sie DMT vielleicht nicht einnehmen.<br \/> F\u00fchrt zu unangenehmen und emotionalen Effekten, die nach der Einnahme des Medikaments tagelang anhalten k\u00f6nnen. Diese Effekte k\u00f6nnen unangenehm oder emotional sein.<\/p>\n<div class=\"product-next- previous\">\n<div class=\"product-prev\"><\/div><\/div>\n","protected":false},"excerpt":{"rendered":"<p>Kaufen Sie Dimethyltryptamin DMT zum Verkauf in Gro\u00dfbritannien, Europa, Australien. Wir bieten die zuverl\u00e4ssigste Transaktion und verkaufen zu sehr g\u00fcnstigen Preisen. Jetzt DMT zu Bestpreisen bestellen. Unser Dimethyltryptamin ist eines der besten vom zuverl\u00e4ssigsten Lieferanten. Kontaktieren Sie jetzt, um Ihr Dimethyltryptamin-DMT in reiner Qualit\u00e4t zum Verkauf zu bestellen<\/p>\n<p><em>Dmt<\/em>\u00a0ist eine starke halluzinogene Droge, die in mehreren Pflanzen vorkommt geraucht, geschnupft oder mit Ayahuasca gemischt werden. Bestellen Sie\u00a0<em>DMT<\/em>\u00a0online.<\/p>\n","protected":false},"featured_media":5713,"comment_status":"open","ping_status":"closed","template":"","meta":[],"product_brand":[],"product_cat":[2014,703],"product_tag":[3640,3623,3622,3615,3624,3629,3625,3616,3628,3626,3627,3632,3631,3635,3641,3617,3633,3295,3636,3634,3637,3638,3639,3630,3619,3620,3621,3618,3642,3643],"class_list":{"0":"post-5703","1":"product","2":"type-product","3":"status-publish","4":"has-post-thumbnail","6":"product_cat-kaufen-forschungschemikalien","7":"product_cat-kaufen-psychedelische-drogen","8":"product_tag-ordnung-dimethyltryptamin","9":"product_tag-billige-psychodroge","10":"product_tag-bu-hl-drug-nln","11":"product_tag-best-place-to-buy-dimethyltryptamin","12":"product_tag-dimethyltryptamin","13":"product_tag-dimethyltryptamin-ordnung","14":"product_tag-dimethyltryptamin-kaufen","15":"product_tag-kaufen-dimethyltryptamin","16":"product_tag-dimethyltryptamin-zu-verkaufen","17":"product_tag-dimethyltryptamin-dosierung-fr-schwangere-frauen","18":"product_tag-dimethyltryptamin-effekt","19":"product_tag-dimethyltryptamin-berprfung","20":"product_tag-dimethyltryptamine-reddit","21":"product_tag-dmt-zu-verkaufen","22":"product_tag-bestell-dmt","23":"product_tag-kaufen-dmt","24":"product_tag-dmt-kaufen","25":"product_tag-dmt-order","26":"product_tag-dmt-reddit","27":"product_tag-dmt-effekt","28":"product_tag-dmt-rezension","29":"product_tag-dmt-verkauf","30":"product_tag-dmt-vertrieb","31":"product_tag-dimethyltryptamin-kauf","32":"product_tag-das-ist--dmt","33":"product_tag-bu-psychekisch-trocken","34":"product_tag-bu-pur-dmthltrtmn-dmt-onl-d1n","35":"product_tag-kaufen-pure-dmt","36":"product_tag-pure-dmt-zu-verkaufen","37":"product_tag-what-is-dmt-powder","39":"first","40":"instock","41":"shipping-taxable","42":"purchasable","43":"product-type-variable","44":"has-default-attributes"},"yoast_head":"<!-- This site is optimized with the Yoast SEO plugin v27.2 - https:\/\/yoast.com\/product\/yoast-seo-wordpress\/ -->\n<title>Kaufen Sie Dimethyltryptamin DMT - Dmt zum Verkauf - Best Global Meds<\/title>\n<meta name=\"description\" content=\"Kaufen Sie Dimethyltryptamin DMT zum Verkauf in Gro\u00dfbritannien, Europa, AU. Wir bieten die zuverl\u00e4ssigste Transaktion und verkaufen zu sehr g\u00fcnstigen Preisen. Jetzt DMT zu Bestpreisen bestellen\" \/>\n<meta name=\"robots\" content=\"index, follow, max-snippet:-1, max-image-preview:large, max-video-preview:-1\" \/>\n<link rel=\"canonical\" href=\"https:\/\/medicinasinc.com\/de\/product\/kaufen-dimethyltryptamin-dmt\/\" \/>\n<meta property=\"og:locale\" content=\"de_DE\" \/>\n<meta property=\"og:type\" content=\"article\" \/>\n<meta property=\"og:title\" content=\"Kaufen Sie Dimethyltryptamin DMT - Dmt zum Verkauf - Best Global Meds\" \/>\n<meta property=\"og:description\" content=\"Kaufen Sie Dimethyltryptamin DMT zum Verkauf in Gro\u00dfbritannien, Europa, AU. Wir bieten die zuverl\u00e4ssigste Transaktion und verkaufen zu sehr g\u00fcnstigen Preisen. Jetzt DMT zu Bestpreisen bestellen\" \/>\n<meta property=\"og:url\" content=\"https:\/\/medicinasinc.com\/de\/product\/kaufen-dimethyltryptamin-dmt\/\" \/>\n<meta property=\"og:site_name\" content=\"Medicinas Inc\" \/>\n<meta property=\"article:modified_time\" content=\"2022-03-18T00:13:00+00:00\" \/>\n<meta property=\"og:image\" content=\"https:\/\/medicinasinc.com\/de\/wp-content\/uploads\/sites\/6\/2022\/02\/DMT-for-Sale.jpg\" \/>\n\t<meta property=\"og:image:width\" content=\"500\" \/>\n\t<meta property=\"og:image:height\" content=\"500\" \/>\n\t<meta property=\"og:image:type\" content=\"image\/jpeg\" \/>\n<meta name=\"twitter:card\" content=\"summary_large_image\" \/>\n<meta name=\"twitter:label1\" content=\"Gesch\u00e4tzte Lesezeit\" \/>\n\t<meta name=\"twitter:data1\" content=\"6\u00a0Minuten\" \/>\n<script type=\"application\/ld+json\" class=\"yoast-schema-graph\">{\"@context\":\"https:\/\/schema.org\",\"@graph\":[{\"@type\":\"WebPage\",\"@id\":\"https:\/\/medicinasinc.com\/de\/product\/kaufen-dimethyltryptamin-dmt\/\",\"url\":\"https:\/\/medicinasinc.com\/de\/product\/kaufen-dimethyltryptamin-dmt\/\",\"name\":\"Kaufen Sie Dimethyltryptamin DMT - Dmt zum Verkauf - Best Global Meds\",\"isPartOf\":{\"@id\":\"https:\/\/medicinasinc.com\/de\/#website\"},\"primaryImageOfPage\":{\"@id\":\"https:\/\/medicinasinc.com\/de\/product\/kaufen-dimethyltryptamin-dmt\/#primaryimage\"},\"image\":{\"@id\":\"https:\/\/medicinasinc.com\/de\/product\/kaufen-dimethyltryptamin-dmt\/#primaryimage\"},\"thumbnailUrl\":\"https:\/\/medicinasinc.com\/de\/wp-content\/uploads\/sites\/6\/2022\/02\/DMT-for-Sale.jpg\",\"datePublished\":\"2022-02-22T04:29:46+00:00\",\"dateModified\":\"2022-03-18T00:13:00+00:00\",\"description\":\"Kaufen Sie Dimethyltryptamin DMT zum Verkauf in Gro\u00dfbritannien, Europa, AU. Wir bieten die zuverl\u00e4ssigste Transaktion und verkaufen zu sehr g\u00fcnstigen Preisen. Jetzt DMT zu Bestpreisen bestellen\",\"breadcrumb\":{\"@id\":\"https:\/\/medicinasinc.com\/de\/product\/kaufen-dimethyltryptamin-dmt\/#breadcrumb\"},\"inLanguage\":\"de\",\"potentialAction\":[{\"@type\":\"ReadAction\",\"target\":[\"https:\/\/medicinasinc.com\/de\/product\/kaufen-dimethyltryptamin-dmt\/\"]}]},{\"@type\":\"ImageObject\",\"inLanguage\":\"de\",\"@id\":\"https:\/\/medicinasinc.com\/de\/product\/kaufen-dimethyltryptamin-dmt\/#primaryimage\",\"url\":\"https:\/\/medicinasinc.com\/de\/wp-content\/uploads\/sites\/6\/2022\/02\/DMT-for-Sale.jpg\",\"contentUrl\":\"https:\/\/medicinasinc.com\/de\/wp-content\/uploads\/sites\/6\/2022\/02\/DMT-for-Sale.jpg\",\"width\":500,\"height\":500},{\"@type\":\"BreadcrumbList\",\"@id\":\"https:\/\/medicinasinc.com\/de\/product\/kaufen-dimethyltryptamin-dmt\/#breadcrumb\",\"itemListElement\":[{\"@type\":\"ListItem\",\"position\":1,\"name\":\"Einkaufen\",\"item\":\"https:\/\/medicinasinc.com\/de\/einkaufen\/\"},{\"@type\":\"ListItem\",\"position\":2,\"name\":\"Kaufen Sie Dimethyltryptamin DMT\"}]},{\"@type\":\"WebSite\",\"@id\":\"https:\/\/medicinasinc.com\/de\/#website\",\"url\":\"https:\/\/medicinasinc.com\/de\/\",\"name\":\"Medicinas Inc\",\"description\":\"Health Medical Clinic\",\"potentialAction\":[{\"@type\":\"SearchAction\",\"target\":{\"@type\":\"EntryPoint\",\"urlTemplate\":\"https:\/\/medicinasinc.com\/de\/?s={search_term_string}\"},\"query-input\":{\"@type\":\"PropertyValueSpecification\",\"valueRequired\":true,\"valueName\":\"search_term_string\"}}],\"inLanguage\":\"de\"}]}<\/script>\n<!-- \/ Yoast SEO plugin. -->","yoast_head_json":{"title":"Kaufen Sie Dimethyltryptamin DMT - Dmt zum Verkauf - Best Global Meds","description":"Kaufen Sie Dimethyltryptamin DMT zum Verkauf in Gro\u00dfbritannien, Europa, AU. Wir bieten die zuverl\u00e4ssigste Transaktion und verkaufen zu sehr g\u00fcnstigen Preisen. Jetzt DMT zu Bestpreisen bestellen","robots":{"index":"index","follow":"follow","max-snippet":"max-snippet:-1","max-image-preview":"max-image-preview:large","max-video-preview":"max-video-preview:-1"},"canonical":"https:\/\/medicinasinc.com\/de\/product\/kaufen-dimethyltryptamin-dmt\/","og_locale":"de_DE","og_type":"article","og_title":"Kaufen Sie Dimethyltryptamin DMT - Dmt zum Verkauf - Best Global Meds","og_description":"Kaufen Sie Dimethyltryptamin DMT zum Verkauf in Gro\u00dfbritannien, Europa, AU. Wir bieten die zuverl\u00e4ssigste Transaktion und verkaufen zu sehr g\u00fcnstigen Preisen. Jetzt DMT zu Bestpreisen bestellen","og_url":"https:\/\/medicinasinc.com\/de\/product\/kaufen-dimethyltryptamin-dmt\/","og_site_name":"Medicinas Inc","article_modified_time":"2022-03-18T00:13:00+00:00","og_image":[{"width":500,"height":500,"url":"https:\/\/medicinasinc.com\/de\/wp-content\/uploads\/sites\/6\/2022\/02\/DMT-for-Sale.jpg","type":"image\/jpeg"}],"twitter_card":"summary_large_image","twitter_misc":{"Gesch\u00e4tzte Lesezeit":"6\u00a0Minuten"},"schema":{"@context":"https:\/\/schema.org","@graph":[{"@type":"WebPage","@id":"https:\/\/medicinasinc.com\/de\/product\/kaufen-dimethyltryptamin-dmt\/","url":"https:\/\/medicinasinc.com\/de\/product\/kaufen-dimethyltryptamin-dmt\/","name":"Kaufen Sie Dimethyltryptamin DMT - Dmt zum Verkauf - Best Global Meds","isPartOf":{"@id":"https:\/\/medicinasinc.com\/de\/#website"},"primaryImageOfPage":{"@id":"https:\/\/medicinasinc.com\/de\/product\/kaufen-dimethyltryptamin-dmt\/#primaryimage"},"image":{"@id":"https:\/\/medicinasinc.com\/de\/product\/kaufen-dimethyltryptamin-dmt\/#primaryimage"},"thumbnailUrl":"https:\/\/medicinasinc.com\/de\/wp-content\/uploads\/sites\/6\/2022\/02\/DMT-for-Sale.jpg","datePublished":"2022-02-22T04:29:46+00:00","dateModified":"2022-03-18T00:13:00+00:00","description":"Kaufen Sie Dimethyltryptamin DMT zum Verkauf in Gro\u00dfbritannien, Europa, AU. Wir bieten die zuverl\u00e4ssigste Transaktion und verkaufen zu sehr g\u00fcnstigen Preisen. Jetzt DMT zu Bestpreisen bestellen","breadcrumb":{"@id":"https:\/\/medicinasinc.com\/de\/product\/kaufen-dimethyltryptamin-dmt\/#breadcrumb"},"inLanguage":"de","potentialAction":[{"@type":"ReadAction","target":["https:\/\/medicinasinc.com\/de\/product\/kaufen-dimethyltryptamin-dmt\/"]}]},{"@type":"ImageObject","inLanguage":"de","@id":"https:\/\/medicinasinc.com\/de\/product\/kaufen-dimethyltryptamin-dmt\/#primaryimage","url":"https:\/\/medicinasinc.com\/de\/wp-content\/uploads\/sites\/6\/2022\/02\/DMT-for-Sale.jpg","contentUrl":"https:\/\/medicinasinc.com\/de\/wp-content\/uploads\/sites\/6\/2022\/02\/DMT-for-Sale.jpg","width":500,"height":500},{"@type":"BreadcrumbList","@id":"https:\/\/medicinasinc.com\/de\/product\/kaufen-dimethyltryptamin-dmt\/#breadcrumb","itemListElement":[{"@type":"ListItem","position":1,"name":"Einkaufen","item":"https:\/\/medicinasinc.com\/de\/einkaufen\/"},{"@type":"ListItem","position":2,"name":"Kaufen Sie Dimethyltryptamin DMT"}]},{"@type":"WebSite","@id":"https:\/\/medicinasinc.com\/de\/#website","url":"https:\/\/medicinasinc.com\/de\/","name":"Medicinas Inc","description":"Health Medical Clinic","potentialAction":[{"@type":"SearchAction","target":{"@type":"EntryPoint","urlTemplate":"https:\/\/medicinasinc.com\/de\/?s={search_term_string}"},"query-input":{"@type":"PropertyValueSpecification","valueRequired":true,"valueName":"search_term_string"}}],"inLanguage":"de"}]}},"_links":{"self":[{"href":"https:\/\/medicinasinc.com\/de\/wp-json\/wp\/v2\/product\/5703","targetHints":{"allow":["GET"]}}],"collection":[{"href":"https:\/\/medicinasinc.com\/de\/wp-json\/wp\/v2\/product"}],"about":[{"href":"https:\/\/medicinasinc.com\/de\/wp-json\/wp\/v2\/types\/product"}],"replies":[{"embeddable":true,"href":"https:\/\/medicinasinc.com\/de\/wp-json\/wp\/v2\/comments?post=5703"}],"wp:featuredmedia":[{"embeddable":true,"href":"https:\/\/medicinasinc.com\/de\/wp-json\/wp\/v2\/media\/5713"}],"wp:attachment":[{"href":"https:\/\/medicinasinc.com\/de\/wp-json\/wp\/v2\/media?parent=5703"}],"wp:term":[{"taxonomy":"product_brand","embeddable":true,"href":"https:\/\/medicinasinc.com\/de\/wp-json\/wp\/v2\/product_brand?post=5703"},{"taxonomy":"product_cat","embeddable":true,"href":"https:\/\/medicinasinc.com\/de\/wp-json\/wp\/v2\/product_cat?post=5703"},{"taxonomy":"product_tag","embeddable":true,"href":"https:\/\/medicinasinc.com\/de\/wp-json\/wp\/v2\/product_tag?post=5703"}],"curies":[{"name":"wp","href":"https:\/\/api.w.org\/{rel}","templated":true}]}}