{"id":5696,"date":"2022-02-22T04:23:00","date_gmt":"2022-02-22T04:23:00","guid":{"rendered":"https:\/\/medicinasinc.com\/de\/?post_type=product&#038;p=5696"},"modified":"2022-08-03T08:04:47","modified_gmt":"2022-08-03T08:04:47","slug":"ephenidin-pulver-kaufen","status":"publish","type":"product","link":"https:\/\/medicinasinc.com\/de\/product\/ephenidin-pulver-kaufen\/","title":{"rendered":"Kaufen Sie Ephenidin-Pulver"},"content":{"rendered":"<p>Ephenidin-Pulver: Kaufen Sie Ephenidin in Gro\u00dfbritannien, Europa, Asien, den USA, Australien, China und dem Rest der Welt von Ephenidin-Pulver.<\/p>\n<p>Europ\u00e4isches Ephenidin zum Verkauf, Anbieter von Ephenidin, z Verkauf. Gro\u00dfh\u00e4ndler von Ephenidin k\u00f6nnen es nach Europa schicken.<\/p>\n<p>Ephenidin, das auch als NEDPA und EPE bekannt ist, ist ein dissoziatives An\u00e4sthetikum, das zur Klasse der Diarylethylamine geh\u00f6rt. Physikalisch \u00e4hnelt Ephenidin Diarylethylaminen wie Diphenidin und Methoxphenidin, die auch als Ephenidin bezeichnet werden. Sedierung, Halluzinationen, An\u00e4sthesie und au\u00dferk\u00f6rperliche Zust\u00e4nde, die als &#8222;dissoziative An\u00e4sthesie&#8220; bezeichnet werden, sind einige der Nebenwirkungen.<\/p>\n<p>Detaillierte Informationen zu diesem Produkt:<\/p>\n<p>Niederl\u00e4ndisch, Litauisch , und American<br \/>\nSein Name ist Ephenidine Powder.<br \/>\nEPE ist der IUPAC-Name f\u00fcr N-Ethyl-1,2-diphenylethylamine.<br \/>\nCAS-Nummer: 60951-19-1<br \/>\nC16H19N ist der MF.<br \/>\n\u00dcber 99,5 Prozent<br \/>\nSo sieht es aus:<br \/>\nAluminiumbeutel oder Plastikbeutel: So verpacken:<\/p>\n<p>Die Zahlungsbedingungen:<\/p>\n<p>Der Mindestbestellwert: Fragen Sie nach den Zahlungsbedingungen: Bitcoin, Money Gram, Bank\u00fcberweisung usw.<\/p>\n<p>Liefer- und Versandregeln:<\/p>\n<p>1. Wir versenden die Ware innerhalb von 1 Tag nach Zahlungseingang.<br \/>\n2: Wir versenden die Ware per UPS, DHL, TNT oder FEDEX. Wir w\u00e4hlen den besten Kurier f\u00fcr jedes Land aus und finden den sichersten Weg, um die Waren zu Ihnen zu bringen.<br \/>\nEs dauert etwa drei bis f\u00fcnf Tage, um Post von EMS zu erhalten. DHL, UPS und FedEx ben\u00f6tigen 4-5 Tage.<br \/>\n4. Die Zollbestimmungen in L\u00e4ndern wie Russland, Australien und Kanada sind sehr streng, aber wir k\u00f6nnen sicherstellen, dass wir 100 % der Zeit liefern.<br \/>\n5. In der Regel sollten Sie die Ware in 4-5 Tagen erhalten. Sollte die Ware verloren gegangen sein oder aus anderen Gr\u00fcnden nicht angekommen sein, werden wir sie erneut versenden.<\/p>\n<p>Preis: Bitte erfragen.<\/p>\n<p>Hinweis:<\/p>\n<p>Wir haben viele Stammkunden auf der ganzen Welt und hoffen, noch lange mit Ihnen zusammenarbeiten zu k\u00f6nnen. F\u00fcr weitere Informationen z\u00f6gern Sie bitte nicht, sich mit uns in Verbindung zu setzen. Wir werden unser Bestes tun, um Ihre Bed\u00fcrfnisse zu erf\u00fcllen. Danke!<\/p>\n","protected":false},"excerpt":{"rendered":"<div class=\"woocommerce-product-details__short-description\">\n<p>Medicinasinc.com bietet hochreines Ephenidinpulver in Gro\u00dfbritannien, Europa und Australien zum Verkauf an, und wir k\u00f6nnen es Ihnen \u00fcberall auf der Welt zusenden. Hier k\u00f6nnen Sie das beste Ephenidin-Pulver bestellen.<\/p>\n<p>Kaufen Sie Ephenidin-Pulver online und erhalten Sie es zu einem guten Preis. Ein Medikament namens Ephedrin ist ein dissoziatives An\u00e4sthetikum. Es blockiert auch den NMDA-Rezeptor, was die Wahrscheinlichkeit verringert, dass das Medikament wirkt.<\/p>\n<p>Kaufen Sie reines, hochwertiges Ephenidin-Pulver online mit Bitcoin \u2013 das k\u00f6nnen Sie tun.<\/p>\n<p>Shop f\u00fcr legale Medikamente online kaufen, Forschungschemikalien, pharmazeutische Rohpulver und mehr in einem Gesch\u00e4ft kaufen.<\/p>\n<p>Ephenidin-Pulver, pharmazeutische Zwischenprodukte und Rohpulver werden von dieser Firma verkauft.<\/p>\n<p>Das gibt es Ephenidin-Pillen zu verkaufen. China\u00a0Ephenidin\u00a0Lieferant. Gro\u00dfhandel\u00a0Ephenidin\u00a0Exporteur<\/p>\n<p><em>Kaufen Sie Ephenidinpulver<\/em> jetzt im Gro\u00dfhandel online in gro\u00dfen Mengen. Ephenidin ist ein dissoziatives An\u00e4sthetikum und wirkt als Antagonist f\u00fcr NMDA.<\/p>\n<p>&nbsp;<\/p>\n<\/div>\n","protected":false},"featured_media":5707,"comment_status":"open","ping_status":"closed","template":"","meta":[],"product_brand":[],"product_cat":[2014],"product_tag":[3607,3598,3611,3612,3592,3593,3594,3595,3596,3597,3599,3605,3601,3600,3604,3603,3606,3602,3608,3609,3591,3610,3613,3614],"class_list":{"0":"post-5696","1":"product","2":"type-product","3":"status-publish","4":"has-post-thumbnail","6":"product_cat-kaufen-forschungschemikalien","7":"product_tag-ephenidin-pulver-lieferant","8":"product_tag-begriff","9":"product_tag-bestell-ephenidin-pulver","10":"product_tag-ephenidin-pulver-online-bestellen","11":"product_tag-buy-ephenidine-powder","12":"product_tag-buy-ephenidine-powder-europe","13":"product_tag-buy-ephenidine-powder-online","14":"product_tag-diarylethylamin","15":"product_tag-dissoziativ","16":"product_tag-dissoziativ-ansthetisch","17":"product_tag-ephenidin","18":"product_tag-ephenidin-pulver-bestellung","19":"product_tag-ephenidin-pulver-kaufen","20":"product_tag-ephenidin-pulver-bulk","21":"product_tag-ephenidin-pulver-zum-verkauf","22":"product_tag-ephenidin-pulver-effekt","23":"product_tag-ephenidine-powder-reddit","24":"product_tag-ephenidin-pulver-porzellan","25":"product_tag-ephenidin-pulver-gro-c3-9fhandel","26":"product_tag-mdma-pulver-kauf","27":"product_tag-narkose","28":"product_tag-nedpa","29":"product_tag-reines-ephenidin-pulver","30":"product_tag-what-is-ephenidine-powder","32":"first","33":"instock","34":"featured","35":"shipping-taxable","36":"purchasable","37":"product-type-variable","38":"has-default-attributes"},"yoast_head":"<!-- This site is optimized with the Yoast SEO plugin v27.3 - https:\/\/yoast.com\/product\/yoast-seo-wordpress\/ -->\n<title>Kaufen Sie Ephenidin-Pulver - Ephenidin-Pulver online - Best Global Meds<\/title>\n<meta name=\"description\" content=\"Kaufen Sie hochreines Ephenidin-Pulver zum Verkauf in Gro\u00dfbritannien, Europa und Australien in unserem Online-Shop Medicinasinc.com mit schneller weltweiter Lieferung! Das beste Ephenidin-Pulver zum Bestellen finden Sie hier!\" \/>\n<meta name=\"robots\" content=\"index, follow, max-snippet:-1, max-image-preview:large, max-video-preview:-1\" \/>\n<link rel=\"canonical\" href=\"https:\/\/medicinasinc.com\/de\/product\/ephenidin-pulver-kaufen\/\" \/>\n<meta property=\"og:locale\" content=\"de_DE\" \/>\n<meta property=\"og:type\" content=\"article\" \/>\n<meta property=\"og:title\" content=\"Kaufen Sie Ephenidin-Pulver - Ephenidin-Pulver online - Best Global Meds\" \/>\n<meta property=\"og:description\" content=\"Kaufen Sie hochreines Ephenidin-Pulver zum Verkauf in Gro\u00dfbritannien, Europa und Australien in unserem Online-Shop Medicinasinc.com mit schneller weltweiter Lieferung! Das beste Ephenidin-Pulver zum Bestellen finden Sie hier!\" \/>\n<meta property=\"og:url\" content=\"https:\/\/medicinasinc.com\/de\/product\/ephenidin-pulver-kaufen\/\" \/>\n<meta property=\"og:site_name\" content=\"Medicinas Inc\" \/>\n<meta property=\"article:modified_time\" content=\"2022-08-03T08:04:47+00:00\" \/>\n<meta property=\"og:image\" content=\"https:\/\/medicinasinc.com\/de\/wp-content\/uploads\/sites\/6\/2022\/02\/Buy-Ephenidine-Powder-1.jpg\" \/>\n\t<meta property=\"og:image:width\" content=\"1080\" \/>\n\t<meta property=\"og:image:height\" content=\"1166\" \/>\n\t<meta property=\"og:image:type\" content=\"image\/jpeg\" \/>\n<meta name=\"twitter:card\" content=\"summary_large_image\" \/>\n<meta name=\"twitter:label1\" content=\"Gesch\u00e4tzte Lesezeit\" \/>\n\t<meta name=\"twitter:data1\" content=\"2\u00a0Minuten\" \/>\n<script type=\"application\/ld+json\" class=\"yoast-schema-graph\">{\"@context\":\"https:\\\/\\\/schema.org\",\"@graph\":[{\"@type\":\"WebPage\",\"@id\":\"https:\\\/\\\/medicinasinc.com\\\/de\\\/product\\\/ephenidin-pulver-kaufen\\\/\",\"url\":\"https:\\\/\\\/medicinasinc.com\\\/de\\\/product\\\/ephenidin-pulver-kaufen\\\/\",\"name\":\"Kaufen Sie Ephenidin-Pulver - Ephenidin-Pulver online - Best Global Meds\",\"isPartOf\":{\"@id\":\"https:\\\/\\\/medicinasinc.com\\\/de\\\/#website\"},\"primaryImageOfPage\":{\"@id\":\"https:\\\/\\\/medicinasinc.com\\\/de\\\/product\\\/ephenidin-pulver-kaufen\\\/#primaryimage\"},\"image\":{\"@id\":\"https:\\\/\\\/medicinasinc.com\\\/de\\\/product\\\/ephenidin-pulver-kaufen\\\/#primaryimage\"},\"thumbnailUrl\":\"https:\\\/\\\/medicinasinc.com\\\/de\\\/wp-content\\\/uploads\\\/sites\\\/6\\\/2022\\\/02\\\/Buy-Ephenidine-Powder-1.jpg\",\"datePublished\":\"2022-02-22T04:23:00+00:00\",\"dateModified\":\"2022-08-03T08:04:47+00:00\",\"description\":\"Kaufen Sie hochreines Ephenidin-Pulver zum Verkauf in Gro\u00dfbritannien, Europa und Australien in unserem Online-Shop Medicinasinc.com mit schneller weltweiter Lieferung! Das beste Ephenidin-Pulver zum Bestellen finden Sie hier!\",\"breadcrumb\":{\"@id\":\"https:\\\/\\\/medicinasinc.com\\\/de\\\/product\\\/ephenidin-pulver-kaufen\\\/#breadcrumb\"},\"inLanguage\":\"de\",\"potentialAction\":[{\"@type\":\"ReadAction\",\"target\":[\"https:\\\/\\\/medicinasinc.com\\\/de\\\/product\\\/ephenidin-pulver-kaufen\\\/\"]}]},{\"@type\":\"ImageObject\",\"inLanguage\":\"de\",\"@id\":\"https:\\\/\\\/medicinasinc.com\\\/de\\\/product\\\/ephenidin-pulver-kaufen\\\/#primaryimage\",\"url\":\"https:\\\/\\\/medicinasinc.com\\\/de\\\/wp-content\\\/uploads\\\/sites\\\/6\\\/2022\\\/02\\\/Buy-Ephenidine-Powder-1.jpg\",\"contentUrl\":\"https:\\\/\\\/medicinasinc.com\\\/de\\\/wp-content\\\/uploads\\\/sites\\\/6\\\/2022\\\/02\\\/Buy-Ephenidine-Powder-1.jpg\",\"width\":1080,\"height\":1166},{\"@type\":\"BreadcrumbList\",\"@id\":\"https:\\\/\\\/medicinasinc.com\\\/de\\\/product\\\/ephenidin-pulver-kaufen\\\/#breadcrumb\",\"itemListElement\":[{\"@type\":\"ListItem\",\"position\":1,\"name\":\"Einkaufen\",\"item\":\"https:\\\/\\\/medicinasinc.com\\\/de\\\/einkaufen\\\/\"},{\"@type\":\"ListItem\",\"position\":2,\"name\":\"Kaufen Sie Ephenidin-Pulver\"}]},{\"@type\":\"WebSite\",\"@id\":\"https:\\\/\\\/medicinasinc.com\\\/de\\\/#website\",\"url\":\"https:\\\/\\\/medicinasinc.com\\\/de\\\/\",\"name\":\"Medicinas Inc\",\"description\":\"Health Medical Clinic\",\"potentialAction\":[{\"@type\":\"SearchAction\",\"target\":{\"@type\":\"EntryPoint\",\"urlTemplate\":\"https:\\\/\\\/medicinasinc.com\\\/de\\\/?s={search_term_string}\"},\"query-input\":{\"@type\":\"PropertyValueSpecification\",\"valueRequired\":true,\"valueName\":\"search_term_string\"}}],\"inLanguage\":\"de\"}]}<\/script>\n<!-- \/ Yoast SEO plugin. -->","yoast_head_json":{"title":"Kaufen Sie Ephenidin-Pulver - Ephenidin-Pulver online - Best Global Meds","description":"Kaufen Sie hochreines Ephenidin-Pulver zum Verkauf in Gro\u00dfbritannien, Europa und Australien in unserem Online-Shop Medicinasinc.com mit schneller weltweiter Lieferung! Das beste Ephenidin-Pulver zum Bestellen finden Sie hier!","robots":{"index":"index","follow":"follow","max-snippet":"max-snippet:-1","max-image-preview":"max-image-preview:large","max-video-preview":"max-video-preview:-1"},"canonical":"https:\/\/medicinasinc.com\/de\/product\/ephenidin-pulver-kaufen\/","og_locale":"de_DE","og_type":"article","og_title":"Kaufen Sie Ephenidin-Pulver - Ephenidin-Pulver online - Best Global Meds","og_description":"Kaufen Sie hochreines Ephenidin-Pulver zum Verkauf in Gro\u00dfbritannien, Europa und Australien in unserem Online-Shop Medicinasinc.com mit schneller weltweiter Lieferung! Das beste Ephenidin-Pulver zum Bestellen finden Sie hier!","og_url":"https:\/\/medicinasinc.com\/de\/product\/ephenidin-pulver-kaufen\/","og_site_name":"Medicinas Inc","article_modified_time":"2022-08-03T08:04:47+00:00","og_image":[{"width":1080,"height":1166,"url":"https:\/\/medicinasinc.com\/de\/wp-content\/uploads\/sites\/6\/2022\/02\/Buy-Ephenidine-Powder-1.jpg","type":"image\/jpeg"}],"twitter_card":"summary_large_image","twitter_misc":{"Gesch\u00e4tzte Lesezeit":"2\u00a0Minuten"},"schema":{"@context":"https:\/\/schema.org","@graph":[{"@type":"WebPage","@id":"https:\/\/medicinasinc.com\/de\/product\/ephenidin-pulver-kaufen\/","url":"https:\/\/medicinasinc.com\/de\/product\/ephenidin-pulver-kaufen\/","name":"Kaufen Sie Ephenidin-Pulver - Ephenidin-Pulver online - Best Global Meds","isPartOf":{"@id":"https:\/\/medicinasinc.com\/de\/#website"},"primaryImageOfPage":{"@id":"https:\/\/medicinasinc.com\/de\/product\/ephenidin-pulver-kaufen\/#primaryimage"},"image":{"@id":"https:\/\/medicinasinc.com\/de\/product\/ephenidin-pulver-kaufen\/#primaryimage"},"thumbnailUrl":"https:\/\/medicinasinc.com\/de\/wp-content\/uploads\/sites\/6\/2022\/02\/Buy-Ephenidine-Powder-1.jpg","datePublished":"2022-02-22T04:23:00+00:00","dateModified":"2022-08-03T08:04:47+00:00","description":"Kaufen Sie hochreines Ephenidin-Pulver zum Verkauf in Gro\u00dfbritannien, Europa und Australien in unserem Online-Shop Medicinasinc.com mit schneller weltweiter Lieferung! Das beste Ephenidin-Pulver zum Bestellen finden Sie hier!","breadcrumb":{"@id":"https:\/\/medicinasinc.com\/de\/product\/ephenidin-pulver-kaufen\/#breadcrumb"},"inLanguage":"de","potentialAction":[{"@type":"ReadAction","target":["https:\/\/medicinasinc.com\/de\/product\/ephenidin-pulver-kaufen\/"]}]},{"@type":"ImageObject","inLanguage":"de","@id":"https:\/\/medicinasinc.com\/de\/product\/ephenidin-pulver-kaufen\/#primaryimage","url":"https:\/\/medicinasinc.com\/de\/wp-content\/uploads\/sites\/6\/2022\/02\/Buy-Ephenidine-Powder-1.jpg","contentUrl":"https:\/\/medicinasinc.com\/de\/wp-content\/uploads\/sites\/6\/2022\/02\/Buy-Ephenidine-Powder-1.jpg","width":1080,"height":1166},{"@type":"BreadcrumbList","@id":"https:\/\/medicinasinc.com\/de\/product\/ephenidin-pulver-kaufen\/#breadcrumb","itemListElement":[{"@type":"ListItem","position":1,"name":"Einkaufen","item":"https:\/\/medicinasinc.com\/de\/einkaufen\/"},{"@type":"ListItem","position":2,"name":"Kaufen Sie Ephenidin-Pulver"}]},{"@type":"WebSite","@id":"https:\/\/medicinasinc.com\/de\/#website","url":"https:\/\/medicinasinc.com\/de\/","name":"Medicinas Inc","description":"Health Medical Clinic","potentialAction":[{"@type":"SearchAction","target":{"@type":"EntryPoint","urlTemplate":"https:\/\/medicinasinc.com\/de\/?s={search_term_string}"},"query-input":{"@type":"PropertyValueSpecification","valueRequired":true,"valueName":"search_term_string"}}],"inLanguage":"de"}]}},"_links":{"self":[{"href":"https:\/\/medicinasinc.com\/de\/wp-json\/wp\/v2\/product\/5696","targetHints":{"allow":["GET"]}}],"collection":[{"href":"https:\/\/medicinasinc.com\/de\/wp-json\/wp\/v2\/product"}],"about":[{"href":"https:\/\/medicinasinc.com\/de\/wp-json\/wp\/v2\/types\/product"}],"replies":[{"embeddable":true,"href":"https:\/\/medicinasinc.com\/de\/wp-json\/wp\/v2\/comments?post=5696"}],"wp:featuredmedia":[{"embeddable":true,"href":"https:\/\/medicinasinc.com\/de\/wp-json\/wp\/v2\/media\/5707"}],"wp:attachment":[{"href":"https:\/\/medicinasinc.com\/de\/wp-json\/wp\/v2\/media?parent=5696"}],"wp:term":[{"taxonomy":"product_brand","embeddable":true,"href":"https:\/\/medicinasinc.com\/de\/wp-json\/wp\/v2\/product_brand?post=5696"},{"taxonomy":"product_cat","embeddable":true,"href":"https:\/\/medicinasinc.com\/de\/wp-json\/wp\/v2\/product_cat?post=5696"},{"taxonomy":"product_tag","embeddable":true,"href":"https:\/\/medicinasinc.com\/de\/wp-json\/wp\/v2\/product_tag?post=5696"}],"curies":[{"name":"wp","href":"https:\/\/api.w.org\/{rel}","templated":true}]}}