{"id":5686,"date":"2022-02-22T04:12:43","date_gmt":"2022-02-22T04:12:43","guid":{"rendered":"https:\/\/medicinasinc.com\/de\/?post_type=product&#038;p=5686"},"modified":"2022-03-18T00:13:21","modified_gmt":"2022-03-18T00:13:21","slug":"kaufen-ald-52-pulver","status":"publish","type":"product","link":"https:\/\/medicinasinc.com\/de\/product\/kaufen-ald-52-pulver\/","title":{"rendered":"Kaufen Sie ALD-52-Pulver"},"content":{"rendered":"<p><a href=\"https:\/\/www.bestglobalmeds.com\/product\/research-chemicals\/buy-ald-52-powder\/\"><strong>ALD-52-Pulver<\/strong><\/a>. Gro\u00dfh\u00e4ndler und Lieferant von reinem\u00a0<em>ALD-52-Pulver<\/em>\u00a0zum niedrigsten Preis und verschiedenen pharmazeutischen Rohstoffen mit einer Reinheit von &gt;99\u00a0%, Forschungschemikalien und Generika. Sichere und diskrete Verpackung mit Sendungsverfolgung.<\/p>\n<p>ALD-52, auch als 1-Acetyl-LSD bekannt, ist ein chemisches Analogon von Lysergs\u00e4urediethylamid (LSD). Es ist eine psychedelische Substanz der Klasse der Lysergamide, die bei Verabreichung LSD-\u00e4hnliche psychedelische Wirkungen hervorruft.<\/p>\n<p class=\"h2_style\">Schnelle Details<\/p>\n<p>Produktname: <a href=\"https:\/\/www.bestglobalmeds.com\/product\/research-chemicals\/buy-ald-52-powder\/\">ALD-52<\/a><br \/> Synonyme: ALD-52, 1-Acetyl-LSD, 1A-LSD , 1A-LAD<br \/> CAS-Nr.: 3270-02-8<br \/> Summenformel: C22H27N3O2<br \/> IUPAC: (6aR,9R)-4-Acetyl-N,N-diethyl-7-methyl -4,6,6a,7,8,9-Hexahydroindolo[4,3-fg]chinolin-9-carboxamid<br \/> Molekulargewicht: 365,477 g\/mol<br \/> Reinheit: 99,6 %<br \/> Aussehen : Wei\u00dfes kristallines Pulver \/ cremefarbenes Pulver<\/p>\n<h2>ALD-52-Pulverlieferant<\/h2>\n<p>Als einer der f\u00fchrenden europ\u00e4ischen Pharmarohstofflieferanten sind wir bekannt f\u00fcr das au\u00dfergew\u00f6hnliche Produktsortiment und unsere Drop-Shipping-Services f\u00fcr hochwertige Generika. Als Gro\u00dfh\u00e4ndler f\u00fcr ALD-52-Pulver sind wir bestrebt, qualitativ hochwertige und kosteng\u00fcnstige Produkte auf den Markt zu bringen.<\/p>\n<div class=\"product-next- previous\">\n<div class=\"product-prev\"><\/div><\/div>\n","protected":false},"excerpt":{"rendered":"<p>Der beste Ort, um ALD-52-Pulver zu kaufen, ist in Gro\u00dfbritannien. Sie k\u00f6nnen es auch aus Europa, Australien und der EU zu einem g\u00fcnstigen Preis kaufen. Kaufen Sie ALD-52-Pulver 2022, ALD-52-Pulver Lieferung \u00fcber Nacht, ALD-52-Pulverpreis.<\/p>\n<p>Eines der Unternehmen, das ALD-52 herstellt und verkauft.<\/p>\n<p>Online-Shop: kaufen ALD-52 online, ALD-52 zu verkaufen, ALD-52-Anbieter, ALD-52-Pulver, jetzt kaufen<\/p>\n<p>ALD-52\u00a0reddit. Der Versand ist kostenlos.<\/p>\n<p>Sie k\u00f6nnen reines Pulver mit 10 mg ALD-52 online kaufen.<\/p>\n<p>&nbsp;<\/p>\n<p><strong>25 %<\/strong>\u00a0aus f\u00fcr\u00a0<strong>40\u00a0mg\u00a0<\/strong>und mehr. Gutscheincode: bhobos2018z<\/p>\n<table class=\"table\">\n<tbody>\n<tr>\n<th><span style=\"font-weight: 400\">Mindestbestellmenge:<\/span><\/th>\n<td>10 g<\/td>\n<\/tr>\n<tr>\n<th><span style=\"font-weight: 400\">Lieferf\u00e4higkeit:<\/span><\/th>\n<td>100 kg\/Monat<\/td>\n<\/tr>\n<tr>\n<th><span style=\"font-weight: 400\">Hafen:<\/span><\/th>\n<td>Warschau, Niederlande<\/td>\n<\/tr>\n<tr>\n<th><span style=\"font-weight: 400\">Zahlungsbedingungen:<\/span><\/th>\n<td>Bank\u00fcberweisung, Bitcoin, WU\/MG, Andere<\/td>\n<\/tr>\n<tr>\n<th><span style=\"font-weight: 400\">Verpackungsdetails:<\/span><\/th>\n<td>Auf Kundenwunsch<\/td>\n<\/tr>\n<tr>\n<th><span style=\"font-weight: 400\">Lieferdetails:<\/span><\/th>\n<td>DPD, Expressversand, Pharma Courier EU<\/td>\n<\/tr>\n<\/tbody>\n<\/table>\n","protected":false},"featured_media":5699,"comment_status":"open","ping_status":"closed","template":"","meta":[],"product_brand":[],"product_cat":[2014],"product_tag":[3584,3578,3579,3580,3581,3577,3582,3575,3574,3576,3587,3583,3586,3585,3588,3589,3590],"class_list":{"0":"post-5686","1":"product","2":"type-product","3":"status-publish","4":"has-post-thumbnail","6":"product_cat-kaufen-forschungschemikalien","7":"product_tag-kaufen-ald-52","8":"product_tag-ald-52-powder-for-sale","9":"product_tag-ald-52-powder-order","10":"product_tag-ald-52-powder-reddit","11":"product_tag-ald-52-powder-supplier","12":"product_tag-ald-52-pillows-effekt","13":"product_tag-ald-52-pulver-grohandel","14":"product_tag-ald-52-zu-verkaufen","15":"product_tag-ald-52-dosierung","16":"product_tag-ald-52-pulver","17":"product_tag-ald-52-pulver-bestellen","18":"product_tag-best-place-to-order-ald-52","19":"product_tag-buy-ald-52-powder-online","20":"product_tag-kaufen-ald-52-pulver","21":"product_tag-pure-ald-52-powder","22":"product_tag-pure-ald-52-powder-google","23":"product_tag-was-ist-ald-52-pulver","25":"first","26":"instock","27":"shipping-taxable","28":"purchasable","29":"product-type-simple"},"yoast_head":"<!-- This site is optimized with the Yoast SEO plugin v27.3 - https:\/\/yoast.com\/product\/yoast-seo-wordpress\/ -->\n<title>Kaufen Sie ALD-52-Pulver - ALD-52-Pulver online - Best Global Meds<\/title>\n<meta name=\"description\" content=\"Kaufen Kaufen Sie ALD-52-Pulver zum Verkauf in Gro\u00dfbritannien, Europa, AU, EU, bestellen Sie g\u00fcnstig\u00a0Kaufen Sie ALD-52-Pulver\u00a02022, wo Sie\u00a0kaufen\u00a0hochwertige\u00a0Kaufen Sie ALD-52-Pulver \u00fcber Nacht,\u00a0ALD-52-Pulver\u00a0Preis.\" \/>\n<meta name=\"robots\" content=\"index, follow, max-snippet:-1, max-image-preview:large, max-video-preview:-1\" \/>\n<link rel=\"canonical\" href=\"https:\/\/medicinasinc.com\/de\/product\/kaufen-ald-52-pulver\/\" \/>\n<meta property=\"og:locale\" content=\"de_DE\" \/>\n<meta property=\"og:type\" content=\"article\" \/>\n<meta property=\"og:title\" content=\"Kaufen Sie ALD-52-Pulver - ALD-52-Pulver online - Best Global Meds\" \/>\n<meta property=\"og:description\" content=\"Kaufen Kaufen Sie ALD-52-Pulver zum Verkauf in Gro\u00dfbritannien, Europa, AU, EU, bestellen Sie g\u00fcnstig\u00a0Kaufen Sie ALD-52-Pulver\u00a02022, wo Sie\u00a0kaufen\u00a0hochwertige\u00a0Kaufen Sie ALD-52-Pulver \u00fcber Nacht,\u00a0ALD-52-Pulver\u00a0Preis.\" \/>\n<meta property=\"og:url\" content=\"https:\/\/medicinasinc.com\/de\/product\/kaufen-ald-52-pulver\/\" \/>\n<meta property=\"og:site_name\" content=\"Medicinas Inc\" \/>\n<meta property=\"article:modified_time\" content=\"2022-03-18T00:13:21+00:00\" \/>\n<meta property=\"og:image\" content=\"https:\/\/medicinasinc.com\/de\/wp-content\/uploads\/sites\/6\/2022\/02\/Buy-ALD-52-Powder.jpg\" \/>\n\t<meta property=\"og:image:width\" content=\"1080\" \/>\n\t<meta property=\"og:image:height\" content=\"995\" \/>\n\t<meta property=\"og:image:type\" content=\"image\/jpeg\" \/>\n<meta name=\"twitter:card\" content=\"summary_large_image\" \/>\n<meta name=\"twitter:label1\" content=\"Gesch\u00e4tzte Lesezeit\" \/>\n\t<meta name=\"twitter:data1\" content=\"1\u00a0Minute\" \/>\n<script type=\"application\/ld+json\" class=\"yoast-schema-graph\">{\"@context\":\"https:\\\/\\\/schema.org\",\"@graph\":[{\"@type\":\"WebPage\",\"@id\":\"https:\\\/\\\/medicinasinc.com\\\/de\\\/product\\\/kaufen-ald-52-pulver\\\/\",\"url\":\"https:\\\/\\\/medicinasinc.com\\\/de\\\/product\\\/kaufen-ald-52-pulver\\\/\",\"name\":\"Kaufen Sie ALD-52-Pulver - ALD-52-Pulver online - Best Global Meds\",\"isPartOf\":{\"@id\":\"https:\\\/\\\/medicinasinc.com\\\/de\\\/#website\"},\"primaryImageOfPage\":{\"@id\":\"https:\\\/\\\/medicinasinc.com\\\/de\\\/product\\\/kaufen-ald-52-pulver\\\/#primaryimage\"},\"image\":{\"@id\":\"https:\\\/\\\/medicinasinc.com\\\/de\\\/product\\\/kaufen-ald-52-pulver\\\/#primaryimage\"},\"thumbnailUrl\":\"https:\\\/\\\/medicinasinc.com\\\/de\\\/wp-content\\\/uploads\\\/sites\\\/6\\\/2022\\\/02\\\/Buy-ALD-52-Powder.jpg\",\"datePublished\":\"2022-02-22T04:12:43+00:00\",\"dateModified\":\"2022-03-18T00:13:21+00:00\",\"description\":\"Kaufen Kaufen Sie ALD-52-Pulver zum Verkauf in Gro\u00dfbritannien, Europa, AU, EU, bestellen Sie g\u00fcnstig\u00a0Kaufen Sie ALD-52-Pulver\u00a02022, wo Sie\u00a0kaufen\u00a0hochwertige\u00a0Kaufen Sie ALD-52-Pulver \u00fcber Nacht,\u00a0ALD-52-Pulver\u00a0Preis.\",\"breadcrumb\":{\"@id\":\"https:\\\/\\\/medicinasinc.com\\\/de\\\/product\\\/kaufen-ald-52-pulver\\\/#breadcrumb\"},\"inLanguage\":\"de\",\"potentialAction\":[{\"@type\":\"ReadAction\",\"target\":[\"https:\\\/\\\/medicinasinc.com\\\/de\\\/product\\\/kaufen-ald-52-pulver\\\/\"]}]},{\"@type\":\"ImageObject\",\"inLanguage\":\"de\",\"@id\":\"https:\\\/\\\/medicinasinc.com\\\/de\\\/product\\\/kaufen-ald-52-pulver\\\/#primaryimage\",\"url\":\"https:\\\/\\\/medicinasinc.com\\\/de\\\/wp-content\\\/uploads\\\/sites\\\/6\\\/2022\\\/02\\\/Buy-ALD-52-Powder.jpg\",\"contentUrl\":\"https:\\\/\\\/medicinasinc.com\\\/de\\\/wp-content\\\/uploads\\\/sites\\\/6\\\/2022\\\/02\\\/Buy-ALD-52-Powder.jpg\",\"width\":1080,\"height\":995},{\"@type\":\"BreadcrumbList\",\"@id\":\"https:\\\/\\\/medicinasinc.com\\\/de\\\/product\\\/kaufen-ald-52-pulver\\\/#breadcrumb\",\"itemListElement\":[{\"@type\":\"ListItem\",\"position\":1,\"name\":\"Einkaufen\",\"item\":\"https:\\\/\\\/medicinasinc.com\\\/de\\\/einkaufen\\\/\"},{\"@type\":\"ListItem\",\"position\":2,\"name\":\"Kaufen Sie ALD-52-Pulver\"}]},{\"@type\":\"WebSite\",\"@id\":\"https:\\\/\\\/medicinasinc.com\\\/de\\\/#website\",\"url\":\"https:\\\/\\\/medicinasinc.com\\\/de\\\/\",\"name\":\"Medicinas Inc\",\"description\":\"Health Medical Clinic\",\"potentialAction\":[{\"@type\":\"SearchAction\",\"target\":{\"@type\":\"EntryPoint\",\"urlTemplate\":\"https:\\\/\\\/medicinasinc.com\\\/de\\\/?s={search_term_string}\"},\"query-input\":{\"@type\":\"PropertyValueSpecification\",\"valueRequired\":true,\"valueName\":\"search_term_string\"}}],\"inLanguage\":\"de\"}]}<\/script>\n<!-- \/ Yoast SEO plugin. -->","yoast_head_json":{"title":"Kaufen Sie ALD-52-Pulver - ALD-52-Pulver online - Best Global Meds","description":"Kaufen Kaufen Sie ALD-52-Pulver zum Verkauf in Gro\u00dfbritannien, Europa, AU, EU, bestellen Sie g\u00fcnstig\u00a0Kaufen Sie ALD-52-Pulver\u00a02022, wo Sie\u00a0kaufen\u00a0hochwertige\u00a0Kaufen Sie ALD-52-Pulver \u00fcber Nacht,\u00a0ALD-52-Pulver\u00a0Preis.","robots":{"index":"index","follow":"follow","max-snippet":"max-snippet:-1","max-image-preview":"max-image-preview:large","max-video-preview":"max-video-preview:-1"},"canonical":"https:\/\/medicinasinc.com\/de\/product\/kaufen-ald-52-pulver\/","og_locale":"de_DE","og_type":"article","og_title":"Kaufen Sie ALD-52-Pulver - ALD-52-Pulver online - Best Global Meds","og_description":"Kaufen Kaufen Sie ALD-52-Pulver zum Verkauf in Gro\u00dfbritannien, Europa, AU, EU, bestellen Sie g\u00fcnstig\u00a0Kaufen Sie ALD-52-Pulver\u00a02022, wo Sie\u00a0kaufen\u00a0hochwertige\u00a0Kaufen Sie ALD-52-Pulver \u00fcber Nacht,\u00a0ALD-52-Pulver\u00a0Preis.","og_url":"https:\/\/medicinasinc.com\/de\/product\/kaufen-ald-52-pulver\/","og_site_name":"Medicinas Inc","article_modified_time":"2022-03-18T00:13:21+00:00","og_image":[{"width":1080,"height":995,"url":"https:\/\/medicinasinc.com\/de\/wp-content\/uploads\/sites\/6\/2022\/02\/Buy-ALD-52-Powder.jpg","type":"image\/jpeg"}],"twitter_card":"summary_large_image","twitter_misc":{"Gesch\u00e4tzte Lesezeit":"1\u00a0Minute"},"schema":{"@context":"https:\/\/schema.org","@graph":[{"@type":"WebPage","@id":"https:\/\/medicinasinc.com\/de\/product\/kaufen-ald-52-pulver\/","url":"https:\/\/medicinasinc.com\/de\/product\/kaufen-ald-52-pulver\/","name":"Kaufen Sie ALD-52-Pulver - ALD-52-Pulver online - Best Global Meds","isPartOf":{"@id":"https:\/\/medicinasinc.com\/de\/#website"},"primaryImageOfPage":{"@id":"https:\/\/medicinasinc.com\/de\/product\/kaufen-ald-52-pulver\/#primaryimage"},"image":{"@id":"https:\/\/medicinasinc.com\/de\/product\/kaufen-ald-52-pulver\/#primaryimage"},"thumbnailUrl":"https:\/\/medicinasinc.com\/de\/wp-content\/uploads\/sites\/6\/2022\/02\/Buy-ALD-52-Powder.jpg","datePublished":"2022-02-22T04:12:43+00:00","dateModified":"2022-03-18T00:13:21+00:00","description":"Kaufen Kaufen Sie ALD-52-Pulver zum Verkauf in Gro\u00dfbritannien, Europa, AU, EU, bestellen Sie g\u00fcnstig\u00a0Kaufen Sie ALD-52-Pulver\u00a02022, wo Sie\u00a0kaufen\u00a0hochwertige\u00a0Kaufen Sie ALD-52-Pulver \u00fcber Nacht,\u00a0ALD-52-Pulver\u00a0Preis.","breadcrumb":{"@id":"https:\/\/medicinasinc.com\/de\/product\/kaufen-ald-52-pulver\/#breadcrumb"},"inLanguage":"de","potentialAction":[{"@type":"ReadAction","target":["https:\/\/medicinasinc.com\/de\/product\/kaufen-ald-52-pulver\/"]}]},{"@type":"ImageObject","inLanguage":"de","@id":"https:\/\/medicinasinc.com\/de\/product\/kaufen-ald-52-pulver\/#primaryimage","url":"https:\/\/medicinasinc.com\/de\/wp-content\/uploads\/sites\/6\/2022\/02\/Buy-ALD-52-Powder.jpg","contentUrl":"https:\/\/medicinasinc.com\/de\/wp-content\/uploads\/sites\/6\/2022\/02\/Buy-ALD-52-Powder.jpg","width":1080,"height":995},{"@type":"BreadcrumbList","@id":"https:\/\/medicinasinc.com\/de\/product\/kaufen-ald-52-pulver\/#breadcrumb","itemListElement":[{"@type":"ListItem","position":1,"name":"Einkaufen","item":"https:\/\/medicinasinc.com\/de\/einkaufen\/"},{"@type":"ListItem","position":2,"name":"Kaufen Sie ALD-52-Pulver"}]},{"@type":"WebSite","@id":"https:\/\/medicinasinc.com\/de\/#website","url":"https:\/\/medicinasinc.com\/de\/","name":"Medicinas Inc","description":"Health Medical Clinic","potentialAction":[{"@type":"SearchAction","target":{"@type":"EntryPoint","urlTemplate":"https:\/\/medicinasinc.com\/de\/?s={search_term_string}"},"query-input":{"@type":"PropertyValueSpecification","valueRequired":true,"valueName":"search_term_string"}}],"inLanguage":"de"}]}},"_links":{"self":[{"href":"https:\/\/medicinasinc.com\/de\/wp-json\/wp\/v2\/product\/5686","targetHints":{"allow":["GET"]}}],"collection":[{"href":"https:\/\/medicinasinc.com\/de\/wp-json\/wp\/v2\/product"}],"about":[{"href":"https:\/\/medicinasinc.com\/de\/wp-json\/wp\/v2\/types\/product"}],"replies":[{"embeddable":true,"href":"https:\/\/medicinasinc.com\/de\/wp-json\/wp\/v2\/comments?post=5686"}],"wp:featuredmedia":[{"embeddable":true,"href":"https:\/\/medicinasinc.com\/de\/wp-json\/wp\/v2\/media\/5699"}],"wp:attachment":[{"href":"https:\/\/medicinasinc.com\/de\/wp-json\/wp\/v2\/media?parent=5686"}],"wp:term":[{"taxonomy":"product_brand","embeddable":true,"href":"https:\/\/medicinasinc.com\/de\/wp-json\/wp\/v2\/product_brand?post=5686"},{"taxonomy":"product_cat","embeddable":true,"href":"https:\/\/medicinasinc.com\/de\/wp-json\/wp\/v2\/product_cat?post=5686"},{"taxonomy":"product_tag","embeddable":true,"href":"https:\/\/medicinasinc.com\/de\/wp-json\/wp\/v2\/product_tag?post=5686"}],"curies":[{"name":"wp","href":"https:\/\/api.w.org\/{rel}","templated":true}]}}