{"id":5685,"date":"2022-02-22T04:11:15","date_gmt":"2022-02-22T04:11:15","guid":{"rendered":"https:\/\/medicinasinc.com\/de\/?post_type=product&#038;p=5685"},"modified":"2022-08-03T08:58:30","modified_gmt":"2022-08-03T08:58:30","slug":"pump-it-badesalz-kaufen","status":"publish","type":"product","link":"https:\/\/medicinasinc.com\/de\/product\/pump-it-badesalz-kaufen\/","title":{"rendered":"Kaufen Sie Pump It Badesalz"},"content":{"rendered":"<p>Es ist eine gute Idee, Pump-It-Badesalzpulver zu kaufen<\/p>\n<p>Kaufen Sie Pump-It-Badesalzpulver von einer vertrauensw\u00fcrdigen Quelle. Wir verkaufen die besten Badeprodukte, wie Badesalze. Badesalze geben Ihnen ein sanftes, sinnliches Bad, bei dem Sie sich nach der Anwendung sauber f\u00fchlen. Unsere Kunden k\u00f6nnen jedoch sicher sein, dass sie die besten Produkte auf dem Markt erhalten. Wir verkaufen und kaufen jedoch auch andere konzentrierte Badesalze zu guten Preisen.<\/p>\n<p>Unsere Badesalze haben einen starken Geruch.<\/p>\n<p>Pump-It-Pulver-Badesalz soll Ihr Badeerlebnis verbessern noch aufregender, energischer und euphorischer. Eine kleine Menge gen\u00fcgt, um Gro\u00dfes zu bewirken. Sie k\u00f6nnen jedoch einfach eine kleine Menge in ein hei\u00dfes Bad geben, um das Wasser auf nat\u00fcrliche Weise weicher zu machen, wodurch Sie sich danach sehr energetisiert und gl\u00fccklich f\u00fchlen werden. Es wird jedoch verwendet, um wie die nat\u00fcrlichen hei\u00dfen Quellen des griechischen Meeres auszusehen. Verwenden Sie Pump-It Powder zun\u00e4chst sparsam, denn zu viel verschmutzt Ihr Badewasser und macht Sie ungl\u00fccklich. Wenn Sie Pump-It-Pulver jedoch richtig anwenden, kann es Ihnen dabei helfen, Orte zu erreichen, die Sie f\u00fcr unm\u00f6glich hielten.<\/p>\n<p>Verwandte Artikel:<br \/>\nSie k\u00f6nnen einige unserer Original-Badesalze in der Liste unten sehen .<br \/>\nEs sind 500 mg konzentriertes Badesalz von Rave On.<br \/>\nEight Ballz Badesalz enth\u00e4lt 500 mg davon.<br \/>\nPremium-Badesalz aus Hollywood enth\u00e4lt 1 Gramm.<br \/>\n500 mg DIAMOND DUST<br \/>\nEin Essl\u00f6ffel enth\u00e4lt 500 mg Pulver.<br \/>\nDas Black Diamond Novelty Powder besteht aus Black Diamond.<br \/>\nEs enth\u00e4lt 500 mg Pump-it-Pulver von Eight Ballz.<br \/>\n500 mg White Rush Bath Salze<br \/>\nIvory Wave Ultra Badesalz enth\u00e4lt 500 mg davon.<br \/>\nIvory Wave 500 mg Badesalz<br \/>\nIn diesem Fall sind 500 mg Lady Bubbles Badesalz in der Packung.<br \/>\nWolke 9 Badesalze haben 500 mg davon.<br \/>\nIn dieser Flasche sind 500 mg Heavenly Soak Euphoric \u2013 Novelty Powder enthalten.<br \/>\nEs sind 500 mg Heavenly Soak \u2013 Energy \u2013 Fun Powder.<br \/>\n500 mg Sky \u2013 Fun Pulver<br \/>\nEs gibt 500 mg Neuheitspulver der in Molly&#8217;s Blend \u2013<\/p>\n<p>&nbsp;<\/p>\n<p>Vanilla Sky Bath Salts 500 mg, Fizz Concentrated Bath Salts 500 mg, Bolivian Ivory Wave Recharge Bath Salts 500 mg, White Girl Concentrated Bath Salts 500 mg, Tranquility Concentrated Bath Salts 500 mg, X Rated Bath Salts 500 mg<br \/>\nIvory Smooth 500 mg Bath Salts<br \/>\n50 mg Blue Wave Bath Salts<br \/>\nBlue Silk sind 500 mg Badesalz.<br \/>\nIn diesem Fall 500 mg Es wurde bolivianisches Badesalz verwendet.<br \/>\nBadesalz von G. Pheonix<\/p>\n<p>&nbsp;<\/p>\n<p>In diesem Fall ist White Girl 500 mg konzentriertes Badesalz genau das, was Sie brauchen.<br \/>\n500 mg White Lady Badesalz<br \/>\nBliss konzentriertes Badesalz enth\u00e4lt 500 mg Salz in jedem Beutel.<br \/>\nDas Schneeleoparden-Badesalz enth\u00e4lt 500 mg davon in jedem Beutel.<br \/>\n500 mg zus\u00e4tzliches Badesalz von Lunar Welle. 500 mg konzentriertes Badesalz von White Horse.<br \/>\n500 mg belebendes Badesalz<br \/>\n500 mg Cloud 10 Badesalz<br \/>\nBlue Magic: 500 mg Badesalz<br \/>\nBadesalz mit dem Namen Scarface hat 500 mg davon.<br \/>\nViele mehr Leute auch.<\/p>\n","protected":false},"excerpt":{"rendered":"<p>In unserem Online-Shop Medicinasinc.com k\u00f6nnen Sie Pump It Badesalz zum Verkauf in Gro\u00dfbritannien, Europa und Australien kaufen, und wir werden es sofort versenden. Hier k\u00f6nnen Sie das beste Pump It Badesalz kaufen!<\/p>\n<p>Es ist sicher, Pump It Up Badesalz von Global medicinas Bath Salts zu kaufen. Wir verkaufen konzentriertes K2-Badesalz zu g\u00fcnstigen Preisen im Internet.<\/p>\n<p>Zum besten Preis k\u00f6nnen Sie Pump It Badesalz online in einem Gesch\u00e4ft kaufen. Wir versprechen einen sicheren Versand in die ganze Welt.<\/p>\n<p>Wo m\u00f6chten Sie \u201cPump-It Powder Bath Salts\u201d kaufen? Best Global Meds bietet Ihnen die M\u00f6glichkeit, verst\u00e4rkte Badesalze zum Verkauf online zu kaufen.<\/p>\n","protected":false},"featured_media":5697,"comment_status":"open","ping_status":"closed","template":"","meta":[],"product_brand":[],"product_cat":[2014],"product_tag":[3567,3565,3566,3571,3568,3573,3570,3569,3572],"class_list":{"0":"post-5685","1":"product","2":"type-product","3":"status-publish","4":"has-post-thumbnail","6":"product_cat-kaufen-forschungschemikalien","7":"product_tag-pump-it-badesalz-bestellen","8":"product_tag-buy-pump-it-bath-salt","9":"product_tag-pump-it-pulver-badesalze-kaufen","10":"product_tag-pump-it-badesalz-bestellung","11":"product_tag-pump-it-badesalz-kaufen","12":"product_tag-pump-it-badesalz-reddit","13":"product_tag-pump-it-badesalz-zu-verkaufen","14":"product_tag-pump-it-badesalz-effekt","15":"product_tag-pump-it-badesalz-pulver","17":"first","18":"instock","19":"featured","20":"shipping-taxable","21":"purchasable","22":"product-type-variable","23":"has-default-attributes"},"yoast_head":"<!-- This site is optimized with the Yoast SEO plugin v27.3 - https:\/\/yoast.com\/product\/yoast-seo-wordpress\/ -->\n<title>Kaufen Sie Pump It Bath Salt - Pump It Bath Salt - Best Global Meds<\/title>\n<meta name=\"description\" content=\"Kaufen Sie Pump It Badesalz zum Verkauf in Gro\u00dfbritannien, Europa, AU in unserem Medicinasinc Online-Shop mit schneller weltweiter Lieferung! Das beste Pump It Badesalz zum Bestellen findest du hier!\" \/>\n<meta name=\"robots\" content=\"index, follow, max-snippet:-1, max-image-preview:large, max-video-preview:-1\" \/>\n<link rel=\"canonical\" href=\"https:\/\/medicinasinc.com\/de\/product\/pump-it-badesalz-kaufen\/\" \/>\n<meta property=\"og:locale\" content=\"de_DE\" \/>\n<meta property=\"og:type\" content=\"article\" \/>\n<meta property=\"og:title\" content=\"Kaufen Sie Pump It Bath Salt - Pump It Bath Salt - Best Global Meds\" \/>\n<meta property=\"og:description\" content=\"Kaufen Sie Pump It Badesalz zum Verkauf in Gro\u00dfbritannien, Europa, AU in unserem Medicinasinc Online-Shop mit schneller weltweiter Lieferung! Das beste Pump It Badesalz zum Bestellen findest du hier!\" \/>\n<meta property=\"og:url\" content=\"https:\/\/medicinasinc.com\/de\/product\/pump-it-badesalz-kaufen\/\" \/>\n<meta property=\"og:site_name\" content=\"Medicinas Inc\" \/>\n<meta property=\"article:modified_time\" content=\"2022-08-03T08:58:30+00:00\" \/>\n<meta property=\"og:image\" content=\"https:\/\/medicinasinc.com\/de\/wp-content\/uploads\/sites\/6\/2022\/02\/Buy-Pump-It-Bath-Salt.jpg\" \/>\n\t<meta property=\"og:image:width\" content=\"600\" \/>\n\t<meta property=\"og:image:height\" content=\"600\" \/>\n\t<meta property=\"og:image:type\" content=\"image\/jpeg\" \/>\n<meta name=\"twitter:card\" content=\"summary_large_image\" \/>\n<meta name=\"twitter:label1\" content=\"Gesch\u00e4tzte Lesezeit\" \/>\n\t<meta name=\"twitter:data1\" content=\"2\u00a0Minuten\" \/>\n<script type=\"application\/ld+json\" class=\"yoast-schema-graph\">{\"@context\":\"https:\\\/\\\/schema.org\",\"@graph\":[{\"@type\":\"WebPage\",\"@id\":\"https:\\\/\\\/medicinasinc.com\\\/de\\\/product\\\/pump-it-badesalz-kaufen\\\/\",\"url\":\"https:\\\/\\\/medicinasinc.com\\\/de\\\/product\\\/pump-it-badesalz-kaufen\\\/\",\"name\":\"Kaufen Sie Pump It Bath Salt - Pump It Bath Salt - Best Global Meds\",\"isPartOf\":{\"@id\":\"https:\\\/\\\/medicinasinc.com\\\/de\\\/#website\"},\"primaryImageOfPage\":{\"@id\":\"https:\\\/\\\/medicinasinc.com\\\/de\\\/product\\\/pump-it-badesalz-kaufen\\\/#primaryimage\"},\"image\":{\"@id\":\"https:\\\/\\\/medicinasinc.com\\\/de\\\/product\\\/pump-it-badesalz-kaufen\\\/#primaryimage\"},\"thumbnailUrl\":\"https:\\\/\\\/medicinasinc.com\\\/de\\\/wp-content\\\/uploads\\\/sites\\\/6\\\/2022\\\/02\\\/Buy-Pump-It-Bath-Salt.jpg\",\"datePublished\":\"2022-02-22T04:11:15+00:00\",\"dateModified\":\"2022-08-03T08:58:30+00:00\",\"description\":\"Kaufen Sie Pump It Badesalz zum Verkauf in Gro\u00dfbritannien, Europa, AU in unserem Medicinasinc Online-Shop mit schneller weltweiter Lieferung! Das beste Pump It Badesalz zum Bestellen findest du hier!\",\"breadcrumb\":{\"@id\":\"https:\\\/\\\/medicinasinc.com\\\/de\\\/product\\\/pump-it-badesalz-kaufen\\\/#breadcrumb\"},\"inLanguage\":\"de\",\"potentialAction\":[{\"@type\":\"ReadAction\",\"target\":[\"https:\\\/\\\/medicinasinc.com\\\/de\\\/product\\\/pump-it-badesalz-kaufen\\\/\"]}]},{\"@type\":\"ImageObject\",\"inLanguage\":\"de\",\"@id\":\"https:\\\/\\\/medicinasinc.com\\\/de\\\/product\\\/pump-it-badesalz-kaufen\\\/#primaryimage\",\"url\":\"https:\\\/\\\/medicinasinc.com\\\/de\\\/wp-content\\\/uploads\\\/sites\\\/6\\\/2022\\\/02\\\/Buy-Pump-It-Bath-Salt.jpg\",\"contentUrl\":\"https:\\\/\\\/medicinasinc.com\\\/de\\\/wp-content\\\/uploads\\\/sites\\\/6\\\/2022\\\/02\\\/Buy-Pump-It-Bath-Salt.jpg\",\"width\":600,\"height\":600},{\"@type\":\"BreadcrumbList\",\"@id\":\"https:\\\/\\\/medicinasinc.com\\\/de\\\/product\\\/pump-it-badesalz-kaufen\\\/#breadcrumb\",\"itemListElement\":[{\"@type\":\"ListItem\",\"position\":1,\"name\":\"Einkaufen\",\"item\":\"https:\\\/\\\/medicinasinc.com\\\/de\\\/einkaufen\\\/\"},{\"@type\":\"ListItem\",\"position\":2,\"name\":\"Kaufen Sie Pump It Badesalz\"}]},{\"@type\":\"WebSite\",\"@id\":\"https:\\\/\\\/medicinasinc.com\\\/de\\\/#website\",\"url\":\"https:\\\/\\\/medicinasinc.com\\\/de\\\/\",\"name\":\"Medicinas Inc\",\"description\":\"Health Medical Clinic\",\"potentialAction\":[{\"@type\":\"SearchAction\",\"target\":{\"@type\":\"EntryPoint\",\"urlTemplate\":\"https:\\\/\\\/medicinasinc.com\\\/de\\\/?s={search_term_string}\"},\"query-input\":{\"@type\":\"PropertyValueSpecification\",\"valueRequired\":true,\"valueName\":\"search_term_string\"}}],\"inLanguage\":\"de\"}]}<\/script>\n<!-- \/ Yoast SEO plugin. -->","yoast_head_json":{"title":"Kaufen Sie Pump It Bath Salt - Pump It Bath Salt - Best Global Meds","description":"Kaufen Sie Pump It Badesalz zum Verkauf in Gro\u00dfbritannien, Europa, AU in unserem Medicinasinc Online-Shop mit schneller weltweiter Lieferung! Das beste Pump It Badesalz zum Bestellen findest du hier!","robots":{"index":"index","follow":"follow","max-snippet":"max-snippet:-1","max-image-preview":"max-image-preview:large","max-video-preview":"max-video-preview:-1"},"canonical":"https:\/\/medicinasinc.com\/de\/product\/pump-it-badesalz-kaufen\/","og_locale":"de_DE","og_type":"article","og_title":"Kaufen Sie Pump It Bath Salt - Pump It Bath Salt - Best Global Meds","og_description":"Kaufen Sie Pump It Badesalz zum Verkauf in Gro\u00dfbritannien, Europa, AU in unserem Medicinasinc Online-Shop mit schneller weltweiter Lieferung! Das beste Pump It Badesalz zum Bestellen findest du hier!","og_url":"https:\/\/medicinasinc.com\/de\/product\/pump-it-badesalz-kaufen\/","og_site_name":"Medicinas Inc","article_modified_time":"2022-08-03T08:58:30+00:00","og_image":[{"width":600,"height":600,"url":"https:\/\/medicinasinc.com\/de\/wp-content\/uploads\/sites\/6\/2022\/02\/Buy-Pump-It-Bath-Salt.jpg","type":"image\/jpeg"}],"twitter_card":"summary_large_image","twitter_misc":{"Gesch\u00e4tzte Lesezeit":"2\u00a0Minuten"},"schema":{"@context":"https:\/\/schema.org","@graph":[{"@type":"WebPage","@id":"https:\/\/medicinasinc.com\/de\/product\/pump-it-badesalz-kaufen\/","url":"https:\/\/medicinasinc.com\/de\/product\/pump-it-badesalz-kaufen\/","name":"Kaufen Sie Pump It Bath Salt - Pump It Bath Salt - Best Global Meds","isPartOf":{"@id":"https:\/\/medicinasinc.com\/de\/#website"},"primaryImageOfPage":{"@id":"https:\/\/medicinasinc.com\/de\/product\/pump-it-badesalz-kaufen\/#primaryimage"},"image":{"@id":"https:\/\/medicinasinc.com\/de\/product\/pump-it-badesalz-kaufen\/#primaryimage"},"thumbnailUrl":"https:\/\/medicinasinc.com\/de\/wp-content\/uploads\/sites\/6\/2022\/02\/Buy-Pump-It-Bath-Salt.jpg","datePublished":"2022-02-22T04:11:15+00:00","dateModified":"2022-08-03T08:58:30+00:00","description":"Kaufen Sie Pump It Badesalz zum Verkauf in Gro\u00dfbritannien, Europa, AU in unserem Medicinasinc Online-Shop mit schneller weltweiter Lieferung! Das beste Pump It Badesalz zum Bestellen findest du hier!","breadcrumb":{"@id":"https:\/\/medicinasinc.com\/de\/product\/pump-it-badesalz-kaufen\/#breadcrumb"},"inLanguage":"de","potentialAction":[{"@type":"ReadAction","target":["https:\/\/medicinasinc.com\/de\/product\/pump-it-badesalz-kaufen\/"]}]},{"@type":"ImageObject","inLanguage":"de","@id":"https:\/\/medicinasinc.com\/de\/product\/pump-it-badesalz-kaufen\/#primaryimage","url":"https:\/\/medicinasinc.com\/de\/wp-content\/uploads\/sites\/6\/2022\/02\/Buy-Pump-It-Bath-Salt.jpg","contentUrl":"https:\/\/medicinasinc.com\/de\/wp-content\/uploads\/sites\/6\/2022\/02\/Buy-Pump-It-Bath-Salt.jpg","width":600,"height":600},{"@type":"BreadcrumbList","@id":"https:\/\/medicinasinc.com\/de\/product\/pump-it-badesalz-kaufen\/#breadcrumb","itemListElement":[{"@type":"ListItem","position":1,"name":"Einkaufen","item":"https:\/\/medicinasinc.com\/de\/einkaufen\/"},{"@type":"ListItem","position":2,"name":"Kaufen Sie Pump It Badesalz"}]},{"@type":"WebSite","@id":"https:\/\/medicinasinc.com\/de\/#website","url":"https:\/\/medicinasinc.com\/de\/","name":"Medicinas Inc","description":"Health Medical Clinic","potentialAction":[{"@type":"SearchAction","target":{"@type":"EntryPoint","urlTemplate":"https:\/\/medicinasinc.com\/de\/?s={search_term_string}"},"query-input":{"@type":"PropertyValueSpecification","valueRequired":true,"valueName":"search_term_string"}}],"inLanguage":"de"}]}},"_links":{"self":[{"href":"https:\/\/medicinasinc.com\/de\/wp-json\/wp\/v2\/product\/5685","targetHints":{"allow":["GET"]}}],"collection":[{"href":"https:\/\/medicinasinc.com\/de\/wp-json\/wp\/v2\/product"}],"about":[{"href":"https:\/\/medicinasinc.com\/de\/wp-json\/wp\/v2\/types\/product"}],"replies":[{"embeddable":true,"href":"https:\/\/medicinasinc.com\/de\/wp-json\/wp\/v2\/comments?post=5685"}],"wp:featuredmedia":[{"embeddable":true,"href":"https:\/\/medicinasinc.com\/de\/wp-json\/wp\/v2\/media\/5697"}],"wp:attachment":[{"href":"https:\/\/medicinasinc.com\/de\/wp-json\/wp\/v2\/media?parent=5685"}],"wp:term":[{"taxonomy":"product_brand","embeddable":true,"href":"https:\/\/medicinasinc.com\/de\/wp-json\/wp\/v2\/product_brand?post=5685"},{"taxonomy":"product_cat","embeddable":true,"href":"https:\/\/medicinasinc.com\/de\/wp-json\/wp\/v2\/product_cat?post=5685"},{"taxonomy":"product_tag","embeddable":true,"href":"https:\/\/medicinasinc.com\/de\/wp-json\/wp\/v2\/product_tag?post=5685"}],"curies":[{"name":"wp","href":"https:\/\/api.w.org\/{rel}","templated":true}]}}