{"id":5684,"date":"2022-02-22T04:10:18","date_gmt":"2022-02-22T04:10:18","guid":{"rendered":"https:\/\/medicinasinc.com\/de\/?post_type=product&#038;p=5684"},"modified":"2022-03-18T00:13:42","modified_gmt":"2022-03-18T00:13:42","slug":"kaufen-mmb-2201-pulver","status":"publish","type":"product","link":"https:\/\/medicinasinc.com\/de\/product\/kaufen-mmb-2201-pulver\/","title":{"rendered":"Kaufen Sie MMB-2201 Pulver"},"content":{"rendered":"<p>MDMB-2201-Medikament ist eine erstklassige Forschungschemikalie, die Sie online zu einem vern\u00fcnftigen Preis erhalten k\u00f6nnen. Der vertrauensw\u00fcrdige Anbieter bestglobalmed.com bietet 5F-MDMB-2201 zu einem g\u00fcnstigen Preis an. Als Designerdroge und als Wirkstoff in synthetisierten Cannabismischungen ist MMB-2201 ein starkes synthetisches Cannabinoid auf Indol-3-Carboxamid-Basis.<\/p>\n<p>Synthetisches Cannabinoid auf Indol-3-Carboxamid-Basis MMB-2201 ( auch bekannt als 5F-MMB-PICA, 5F-AMB-PICA und I-AMB) wurde als Designerdroge und als Inhaltsstoff in synthetischen Cannabismischungen beworben. Erstmals im Januar 2014 in Russland und Wei\u00dfrussland gemeldet, wurde es seitdem in vielen weiteren L\u00e4ndern verkauft. Das Gegenst\u00fcck zum Indolkern von 5F-AMB ist diese Verbindung. synthetische Cannabisverbindungen mit einer N-1-Methoxycarbonylgruppe, die einen Indol-3-Carboxamid-Kern oder einen Indazol-3-Carboxamid-Kern sowie einen Isopropyl- oder t-Butyl-Substituenten enthalten, haben sich als deutlich sch\u00e4dlicher erwiesen als \u00e4ltere synthetische Cannabinoide Verbindungen<\/p>\n<p>Das synthetische Cannabinoid 5F-MDMB-2201 ist MMB-2201 (Indazol-Familie) sehr \u00e4hnlich. Sowohl an den CB1- als auch an den CB2-Rezeptoren \u00fcbt 5F-MDMB-2201 eine signifikante Wirkung (Agonismus) aus.<\/p>\n<p>Stoffwechselname: Methyl 2-methyl-1H-indole-3-carboxamido-dimethylbutaneate<\/p>\n<p>Als Designermedizin und Wirkstoff in synthetischen Cannabismischungen ist MMB-2201 ein synthetisches Cannabinoid auf Indol-3-Carboxamid-Basis.<\/p>\n<p>889493-21-2 CAS-Nummer<\/p>\n<p>C21H29FN2O3 ist die chemische Formel.<\/p>\n<p>Mindestreinheit von 99,7 Prozent<\/p>\n<p>376,49 ist das Molekulargewicht<\/p>\n<p>Kristalle\/Pulver im Aussehen<\/p>\n<p> Das auf Indol-3-Carboxamid basierende synthetische Cannabinoid MMB-2201 (auch bekannt als 5F-MMB-PICA, 5F-AMB-PICA und I-AMB) ist ein Designer-Medikament und Wirkstoff in synthetischen Cannabismischungen. Obwohl es urspr\u00fcnglich im Januar dieses Jahres in Russland und Wei\u00dfrussland gemeldet wurde, wurde es sp\u00e4ter in einer Reihe anderer L\u00e4nder zum Verkauf angeboten. Das Kerngegenst\u00fcck von 5F-Indol AMB findet sich in dieser Verbindung. Es wurde festgestellt, dass neuere synthetische Cannabisverbindungen mit einem Indol-3-Carboxamid- oder Indazol-3-Carboxamid-Kern und einer N-1-Methoxycarbonylgruppe, die an einen Isopropyl- oder t-Butyl-Substituenten gebunden ist, weitaus sch\u00e4dlicher sind als \u00e4ltere synthetische Cannabinoidverbindungen. &#8211;<\/p>\n<p>Das synthetische Cannabinoid 5F-MDMB-2201 ist MMB-2201 (Indazol-Familie) sehr \u00e4hnlich. Sowohl die CB1- als auch die CB2-Rezeptoren sind stark antagonistisch gegen\u00fcber 5F-MDMB-2201.<\/p>\n<p>Metabolischer Name: Methyl 2-methyl-1H-indole-3-carboxamido-dimethylbutaneate.<\/p>\n<p>As a Designermedizin und Wirkstoff in synthetischen Cannabismischungen, MMB-2201 ist ein synthetisches Cannabinoid auf Indol-3-Carboxamid-Basis.<\/p>\n<p>889493-21-2 CAS-Nummer<\/p>\n<p>C21H29FN2O3 ist die chemische Formel .<\/p>\n<p>Mindestreinheit von 99,7 Prozent<\/p>\n<p>376,49 ist das Molekulargewicht<\/p>\n<p>Kristalle und Pulver<\/p>\n","protected":false},"excerpt":{"rendered":"<p>Kaufen Sie MMB-2201-Pulver zum Verkauf in Gro\u00dfbritannien, Europa und Australien. Wir bieten die zuverl\u00e4ssigste Transaktion und verkaufen zu sehr g\u00fcnstigen Preisen. Bestellen Sie MMB-2201 Powder jetzt zu besten Preisen<\/p>\n<p>Online kaufen MMB-2201 Powder Pure Online. MMB-2201-Pulver ist auch: 5F-MMB-PICA, 5F-AMB-PICA oder I-AMB.<\/p>\n<p>5CAKB48 MMB022,\u00a0<em>MPHP2201<\/em>\u00a0hochreines und gelbes\u00a0<em>Pulver<\/em>\u00a0online &#8230; <em>Mmbfub<\/em>,\u00a0<em>Mphp2201<\/em>, 5f-mdmb-<em>2201<\/em>, 5feapb\/5feapb, Mmb022, 4-cdc, Fub144,\u00a0<em>Fub2201<\/em>.<\/p>\n<p><em>Kaufen<\/em>\u00a05F MDMB Online &#8211; Sie k\u00f6nnen 5F-MDMB-<em>2201-Pulver<\/em> zu einem g\u00fcnstigen Preis bei &#8230; 5F MDMB\u00a0<em>2201<\/em>\u00a0Crystals ist auch als 5F-<em>MMB<\/em>-PICA, 5F-AMB-PICA und I-AMB bekannt.<\/p>\n<p>&nbsp;<\/p>\n","protected":false},"featured_media":5695,"comment_status":"open","ping_status":"closed","template":"","meta":[],"product_brand":[],"product_cat":[2596],"product_tag":[2600,2626,2601,2602,2619,2627,2604,2605,2610,2611,2612,2613,2606,2628,2607,2622,2609,2614,2608,2615,2603,2616,3564,3563,2621,2620,2625,2629,2631],"class_list":{"0":"post-5684","1":"product","2":"type-product","3":"status-publish","4":"has-post-thumbnail","6":"product_cat-cannabinoide-zum-verkauf","7":"product_tag-5f-mdmb-2201","8":"product_tag-bestellung-5f-mdmb-2201","9":"product_tag-5f-mdmb-2201-cannabinoide","10":"product_tag-5f-mdmb-2201-cannabinoide-zum-verkauf","11":"product_tag-buy-5f-mdmb-2201","12":"product_tag-5f-mdmb-2201-online-bestellen","13":"product_tag-5f-mdmb-2201-zum-verkauf-online","14":"product_tag-5f-mdmb-2201-powder","15":"product_tag-5f-mdmb-2201-powder-review","16":"product_tag-5f-mdmb-2201-powder-supplier","17":"product_tag-5f-mdmb-2201-powder-uk","18":"product_tag-5f-mdmb-2201-powder-usa","19":"product_tag-5f-mdmb-2201-pulver-australien","20":"product_tag-bestellung-5f-mdmb-2201-pulver","21":"product_tag-5f-mdmb-2201-pulver-kanada","22":"product_tag-5f-mdmb-2201-pulver-online-kaufen","23":"product_tag-5f-mdmb-2201-pulver-zu-verkaufen","24":"product_tag-5f-mdmb-2201-pulver-anbieter","25":"product_tag-5f-mdmb-2201-pulver-dosierung","26":"product_tag-5f-mdmb-2201-reddit","27":"product_tag-5f-mdmb-2201-zu-verkaufen","28":"product_tag-5f-mdmb-2201-berprfung","29":"product_tag-remove-term-5f-mdmb-2201-5f-mdmb-2201-pulver-zum-verkauf","30":"product_tag-term-5f-mdmb-2201-5f-mdmb-2201-effekt-entfernen","31":"product_tag-buy-5f-mdmb-2201-online","32":"product_tag-buy-5f-mdmb-2201-cannabinoid","33":"product_tag-mail-5f-mdmb-2201","34":"product_tag-pure-5f-mdmb-2201-pulver","35":"product_tag-bezugsquellen-5f-mdmb-2201","37":"first","38":"instock","39":"shipping-taxable","40":"purchasable","41":"product-type-variable","42":"has-default-attributes"},"yoast_head":"<!-- This site is optimized with the Yoast SEO plugin v27.3 - https:\/\/yoast.com\/product\/yoast-seo-wordpress\/ -->\n<title>Kaufen Sie MMB-2201-Pulver - MMB-2201 zu verkaufen - Best Global Meds<\/title>\n<meta name=\"description\" content=\"Kaufen Sie MMB-2201-Pulver zum Verkauf in Gro\u00dfbritannien, Europa, AU. Wir bieten die zuverl\u00e4ssigste Transaktion und verkaufen zu sehr g\u00fcnstigen Preisen. Jetzt MMB-2201 Pulver zu Bestpreisen bestellen\" \/>\n<meta name=\"robots\" content=\"index, follow, max-snippet:-1, max-image-preview:large, max-video-preview:-1\" \/>\n<link rel=\"canonical\" href=\"https:\/\/medicinasinc.com\/de\/product\/kaufen-mmb-2201-pulver\/\" \/>\n<meta property=\"og:locale\" content=\"de_DE\" \/>\n<meta property=\"og:type\" content=\"article\" \/>\n<meta property=\"og:title\" content=\"Kaufen Sie MMB-2201-Pulver - MMB-2201 zu verkaufen - Best Global Meds\" \/>\n<meta property=\"og:description\" content=\"Kaufen Sie MMB-2201-Pulver zum Verkauf in Gro\u00dfbritannien, Europa, AU. Wir bieten die zuverl\u00e4ssigste Transaktion und verkaufen zu sehr g\u00fcnstigen Preisen. Jetzt MMB-2201 Pulver zu Bestpreisen bestellen\" \/>\n<meta property=\"og:url\" content=\"https:\/\/medicinasinc.com\/de\/product\/kaufen-mmb-2201-pulver\/\" \/>\n<meta property=\"og:site_name\" content=\"Medicinas Inc\" \/>\n<meta property=\"article:modified_time\" content=\"2022-03-18T00:13:42+00:00\" \/>\n<meta property=\"og:image\" content=\"https:\/\/medicinasinc.com\/de\/wp-content\/uploads\/sites\/6\/2022\/02\/Buy-MMB-2201-Powder.jpg\" \/>\n\t<meta property=\"og:image:width\" content=\"600\" \/>\n\t<meta property=\"og:image:height\" content=\"600\" \/>\n\t<meta property=\"og:image:type\" content=\"image\/jpeg\" \/>\n<meta name=\"twitter:card\" content=\"summary_large_image\" \/>\n<meta name=\"twitter:label1\" content=\"Gesch\u00e4tzte Lesezeit\" \/>\n\t<meta name=\"twitter:data1\" content=\"2\u00a0Minuten\" \/>\n<script type=\"application\/ld+json\" class=\"yoast-schema-graph\">{\"@context\":\"https:\\\/\\\/schema.org\",\"@graph\":[{\"@type\":\"WebPage\",\"@id\":\"https:\\\/\\\/medicinasinc.com\\\/de\\\/product\\\/kaufen-mmb-2201-pulver\\\/\",\"url\":\"https:\\\/\\\/medicinasinc.com\\\/de\\\/product\\\/kaufen-mmb-2201-pulver\\\/\",\"name\":\"Kaufen Sie MMB-2201-Pulver - MMB-2201 zu verkaufen - Best Global Meds\",\"isPartOf\":{\"@id\":\"https:\\\/\\\/medicinasinc.com\\\/de\\\/#website\"},\"primaryImageOfPage\":{\"@id\":\"https:\\\/\\\/medicinasinc.com\\\/de\\\/product\\\/kaufen-mmb-2201-pulver\\\/#primaryimage\"},\"image\":{\"@id\":\"https:\\\/\\\/medicinasinc.com\\\/de\\\/product\\\/kaufen-mmb-2201-pulver\\\/#primaryimage\"},\"thumbnailUrl\":\"https:\\\/\\\/medicinasinc.com\\\/de\\\/wp-content\\\/uploads\\\/sites\\\/6\\\/2022\\\/02\\\/Buy-MMB-2201-Powder.jpg\",\"datePublished\":\"2022-02-22T04:10:18+00:00\",\"dateModified\":\"2022-03-18T00:13:42+00:00\",\"description\":\"Kaufen Sie MMB-2201-Pulver zum Verkauf in Gro\u00dfbritannien, Europa, AU. Wir bieten die zuverl\u00e4ssigste Transaktion und verkaufen zu sehr g\u00fcnstigen Preisen. Jetzt MMB-2201 Pulver zu Bestpreisen bestellen\",\"breadcrumb\":{\"@id\":\"https:\\\/\\\/medicinasinc.com\\\/de\\\/product\\\/kaufen-mmb-2201-pulver\\\/#breadcrumb\"},\"inLanguage\":\"de\",\"potentialAction\":[{\"@type\":\"ReadAction\",\"target\":[\"https:\\\/\\\/medicinasinc.com\\\/de\\\/product\\\/kaufen-mmb-2201-pulver\\\/\"]}]},{\"@type\":\"ImageObject\",\"inLanguage\":\"de\",\"@id\":\"https:\\\/\\\/medicinasinc.com\\\/de\\\/product\\\/kaufen-mmb-2201-pulver\\\/#primaryimage\",\"url\":\"https:\\\/\\\/medicinasinc.com\\\/de\\\/wp-content\\\/uploads\\\/sites\\\/6\\\/2022\\\/02\\\/Buy-MMB-2201-Powder.jpg\",\"contentUrl\":\"https:\\\/\\\/medicinasinc.com\\\/de\\\/wp-content\\\/uploads\\\/sites\\\/6\\\/2022\\\/02\\\/Buy-MMB-2201-Powder.jpg\",\"width\":600,\"height\":600},{\"@type\":\"BreadcrumbList\",\"@id\":\"https:\\\/\\\/medicinasinc.com\\\/de\\\/product\\\/kaufen-mmb-2201-pulver\\\/#breadcrumb\",\"itemListElement\":[{\"@type\":\"ListItem\",\"position\":1,\"name\":\"Einkaufen\",\"item\":\"https:\\\/\\\/medicinasinc.com\\\/de\\\/einkaufen\\\/\"},{\"@type\":\"ListItem\",\"position\":2,\"name\":\"Kaufen Sie MMB-2201 Pulver\"}]},{\"@type\":\"WebSite\",\"@id\":\"https:\\\/\\\/medicinasinc.com\\\/de\\\/#website\",\"url\":\"https:\\\/\\\/medicinasinc.com\\\/de\\\/\",\"name\":\"Medicinas Inc\",\"description\":\"Health Medical Clinic\",\"potentialAction\":[{\"@type\":\"SearchAction\",\"target\":{\"@type\":\"EntryPoint\",\"urlTemplate\":\"https:\\\/\\\/medicinasinc.com\\\/de\\\/?s={search_term_string}\"},\"query-input\":{\"@type\":\"PropertyValueSpecification\",\"valueRequired\":true,\"valueName\":\"search_term_string\"}}],\"inLanguage\":\"de\"}]}<\/script>\n<!-- \/ Yoast SEO plugin. -->","yoast_head_json":{"title":"Kaufen Sie MMB-2201-Pulver - MMB-2201 zu verkaufen - Best Global Meds","description":"Kaufen Sie MMB-2201-Pulver zum Verkauf in Gro\u00dfbritannien, Europa, AU. Wir bieten die zuverl\u00e4ssigste Transaktion und verkaufen zu sehr g\u00fcnstigen Preisen. Jetzt MMB-2201 Pulver zu Bestpreisen bestellen","robots":{"index":"index","follow":"follow","max-snippet":"max-snippet:-1","max-image-preview":"max-image-preview:large","max-video-preview":"max-video-preview:-1"},"canonical":"https:\/\/medicinasinc.com\/de\/product\/kaufen-mmb-2201-pulver\/","og_locale":"de_DE","og_type":"article","og_title":"Kaufen Sie MMB-2201-Pulver - MMB-2201 zu verkaufen - Best Global Meds","og_description":"Kaufen Sie MMB-2201-Pulver zum Verkauf in Gro\u00dfbritannien, Europa, AU. Wir bieten die zuverl\u00e4ssigste Transaktion und verkaufen zu sehr g\u00fcnstigen Preisen. Jetzt MMB-2201 Pulver zu Bestpreisen bestellen","og_url":"https:\/\/medicinasinc.com\/de\/product\/kaufen-mmb-2201-pulver\/","og_site_name":"Medicinas Inc","article_modified_time":"2022-03-18T00:13:42+00:00","og_image":[{"width":600,"height":600,"url":"https:\/\/medicinasinc.com\/de\/wp-content\/uploads\/sites\/6\/2022\/02\/Buy-MMB-2201-Powder.jpg","type":"image\/jpeg"}],"twitter_card":"summary_large_image","twitter_misc":{"Gesch\u00e4tzte Lesezeit":"2\u00a0Minuten"},"schema":{"@context":"https:\/\/schema.org","@graph":[{"@type":"WebPage","@id":"https:\/\/medicinasinc.com\/de\/product\/kaufen-mmb-2201-pulver\/","url":"https:\/\/medicinasinc.com\/de\/product\/kaufen-mmb-2201-pulver\/","name":"Kaufen Sie MMB-2201-Pulver - MMB-2201 zu verkaufen - Best Global Meds","isPartOf":{"@id":"https:\/\/medicinasinc.com\/de\/#website"},"primaryImageOfPage":{"@id":"https:\/\/medicinasinc.com\/de\/product\/kaufen-mmb-2201-pulver\/#primaryimage"},"image":{"@id":"https:\/\/medicinasinc.com\/de\/product\/kaufen-mmb-2201-pulver\/#primaryimage"},"thumbnailUrl":"https:\/\/medicinasinc.com\/de\/wp-content\/uploads\/sites\/6\/2022\/02\/Buy-MMB-2201-Powder.jpg","datePublished":"2022-02-22T04:10:18+00:00","dateModified":"2022-03-18T00:13:42+00:00","description":"Kaufen Sie MMB-2201-Pulver zum Verkauf in Gro\u00dfbritannien, Europa, AU. Wir bieten die zuverl\u00e4ssigste Transaktion und verkaufen zu sehr g\u00fcnstigen Preisen. Jetzt MMB-2201 Pulver zu Bestpreisen bestellen","breadcrumb":{"@id":"https:\/\/medicinasinc.com\/de\/product\/kaufen-mmb-2201-pulver\/#breadcrumb"},"inLanguage":"de","potentialAction":[{"@type":"ReadAction","target":["https:\/\/medicinasinc.com\/de\/product\/kaufen-mmb-2201-pulver\/"]}]},{"@type":"ImageObject","inLanguage":"de","@id":"https:\/\/medicinasinc.com\/de\/product\/kaufen-mmb-2201-pulver\/#primaryimage","url":"https:\/\/medicinasinc.com\/de\/wp-content\/uploads\/sites\/6\/2022\/02\/Buy-MMB-2201-Powder.jpg","contentUrl":"https:\/\/medicinasinc.com\/de\/wp-content\/uploads\/sites\/6\/2022\/02\/Buy-MMB-2201-Powder.jpg","width":600,"height":600},{"@type":"BreadcrumbList","@id":"https:\/\/medicinasinc.com\/de\/product\/kaufen-mmb-2201-pulver\/#breadcrumb","itemListElement":[{"@type":"ListItem","position":1,"name":"Einkaufen","item":"https:\/\/medicinasinc.com\/de\/einkaufen\/"},{"@type":"ListItem","position":2,"name":"Kaufen Sie MMB-2201 Pulver"}]},{"@type":"WebSite","@id":"https:\/\/medicinasinc.com\/de\/#website","url":"https:\/\/medicinasinc.com\/de\/","name":"Medicinas Inc","description":"Health Medical Clinic","potentialAction":[{"@type":"SearchAction","target":{"@type":"EntryPoint","urlTemplate":"https:\/\/medicinasinc.com\/de\/?s={search_term_string}"},"query-input":{"@type":"PropertyValueSpecification","valueRequired":true,"valueName":"search_term_string"}}],"inLanguage":"de"}]}},"_links":{"self":[{"href":"https:\/\/medicinasinc.com\/de\/wp-json\/wp\/v2\/product\/5684","targetHints":{"allow":["GET"]}}],"collection":[{"href":"https:\/\/medicinasinc.com\/de\/wp-json\/wp\/v2\/product"}],"about":[{"href":"https:\/\/medicinasinc.com\/de\/wp-json\/wp\/v2\/types\/product"}],"replies":[{"embeddable":true,"href":"https:\/\/medicinasinc.com\/de\/wp-json\/wp\/v2\/comments?post=5684"}],"wp:featuredmedia":[{"embeddable":true,"href":"https:\/\/medicinasinc.com\/de\/wp-json\/wp\/v2\/media\/5695"}],"wp:attachment":[{"href":"https:\/\/medicinasinc.com\/de\/wp-json\/wp\/v2\/media?parent=5684"}],"wp:term":[{"taxonomy":"product_brand","embeddable":true,"href":"https:\/\/medicinasinc.com\/de\/wp-json\/wp\/v2\/product_brand?post=5684"},{"taxonomy":"product_cat","embeddable":true,"href":"https:\/\/medicinasinc.com\/de\/wp-json\/wp\/v2\/product_cat?post=5684"},{"taxonomy":"product_tag","embeddable":true,"href":"https:\/\/medicinasinc.com\/de\/wp-json\/wp\/v2\/product_tag?post=5684"}],"curies":[{"name":"wp","href":"https:\/\/api.w.org\/{rel}","templated":true}]}}