{"id":5682,"date":"2022-02-22T04:07:27","date_gmt":"2022-02-22T04:07:27","guid":{"rendered":"https:\/\/medicinasinc.com\/de\/?post_type=product&#038;p=5682"},"modified":"2022-03-18T00:13:55","modified_gmt":"2022-03-18T00:13:55","slug":"kaufen-kein-stier-badesalz","status":"publish","type":"product","link":"https:\/\/medicinasinc.com\/de\/product\/kaufen-kein-stier-badesalz\/","title":{"rendered":"Kaufen Sie No Bull Badesalz"},"content":{"rendered":"<p>Besorgen Sie sich stressabbauende Badesalze<\/p>\n<p>Badesalze ohne Stier sind im Angebot. Damit Sie ein entspannendes, sinnliches Bad haben, stellen wir Ihnen hochwertige Badezus\u00e4tze wie Badesalze zur Verf\u00fcgung. Wenn Sie bei uns Badesalz online kaufen, k\u00f6nnen Sie sicher sein, dass Sie das bestm\u00f6gliche Produkt erhalten. Andere Badesalzkonzentrate sind zu vern\u00fcnftigen Preisen \u00fcber unseren Gro\u00df- und Einzelhandel erh\u00e4ltlich.<\/p>\n<p>Es dreht sich alles um unsere Produkte<\/p>\n<p>Ein Bad mit No-Bull-Badesalzen wird Sie beleben , energisch und euphorisch. Ein bescheidenes bisschen ist alles, was erforderlich ist, um eine signifikante Wirkung zu erzielen. Geben Sie alternativ eine kleine Menge in Ihr hei\u00dfes Bad und Sie werden sich verj\u00fcngt und ekstatisch f\u00fchlen. Trotzdem verwenden viele Menschen es, um die echten hei\u00dfen Quellen entlang der griechischen K\u00fcste nachzuahmen. Achtung: Unser Produkt ist ein starkes Badesalz f\u00fcr die Meditation. Verwenden Sie am Anfang nur eine kleine Menge, um Ihr Badewasser nicht zu tr\u00fcb zu machen. Bei richtiger Anwendung kann No Bull Badesalz Ihnen jedoch helfen, zuvor un\u00fcberwindbare H\u00f6hen zu erobern.<\/p>\n<p>WEITERE DINGE ZU VERSUCHEN<br \/> Ivory Wave Recharge Bath Salts 500 mg, White Girl 500 mg konzentriertes Badesalz, Tranquility Concentrated Bath Salze 500 mg und X-bewertete Badesalze 500 mg sind nur einige der Badesalze, die wir f\u00fchren.<br \/> Badesalze Konzentriertes Ivory Smooth 500 mg<br \/> Badesalze 50 mg Blue Wave<br \/> Reines Badesalz &#8211; Blue Silk, 500 mg <br \/> 500 mg bolivianisches Badesalz<br \/> Rave On Bath Salt Tranquility 500 mg konzentriertes Badesalz von G Pheonix.<br \/> 500 mg Eight Ballz Badesalz.<br \/> TOILETTENSALZ, 1 GRAMM, HOLLYWOOD<br \/> Diamond Dust \u2013 500 mg<br \/> 500 mg Drone V Fun Powder<br \/> Novelty Powder Black Diamond von Black Diamond<br \/> Novelty Powder Pump-it Powder 500 mg Eight Ballz<br \/> 500 mg White Rush Bath Salts.<br \/> 400 g Pure Bath Salts Ivory Wave Ultra<br \/> Salts of the Wave 500 mg Ivory<br \/> 500 mg Lady Bubbles Badesalz.<br \/> 50 0 mg Cloud 9 Bath Salts<br \/> Powder 500 mg Heavenly Soak \u2013 Euphoric \u2013 Novelty<br \/> Energy \u2013 Novelty Powder 500 mg von Heavenly Soak<br \/> The Sky \u2013 Novelty Powder \u2013 500 mg<br \/> Novelty Powder 500 mg, Mollys Mischung<\/p>\n","protected":false},"excerpt":{"rendered":"<p>Hochwertiges konzentriertes Badesalz.<\/p>\n<p>100\u00a0% weltweit legal<\/p>\n<p><em>Kaufen Sie<\/em>\u00a0White Girl\u00a0<em>Badesalz<\/em>\u00a0von zugelassenen Lieferanten . Erstklassige Reinheit, faire Preise, schnelle garantierte Lieferung, R\u00fcckerstattungs- \/ R\u00fcckgaberecht, gro\u00dfartiger Kundenservice.<\/p>\n<p>Bezahlen Sie zu viel f\u00fcr\u00a0<em>kein<\/em>&#8211;<em>Bull-Badesalz<\/em> online? <em>Kaufen Sie kein<\/em>&#8211;<em>Bullen-Badesalz<\/em> online bei Best Global Meds. Informieren Sie sich <em>informieren<\/em>\u00a0\u00fcber\u00a0<em>no<\/em>&#8211;<em>Bullen-Badesalz<\/em>\u00a0zum Sonderpreis.<\/p>\n<p><em>Kaufen Sie No Bull Badesalz<\/em>\u00a0Online zum besten Preis. Wir garantieren einen sicheren weltweiten Versand.<\/p>\n","protected":false},"featured_media":5693,"comment_status":"open","ping_status":"closed","template":"","meta":[],"product_brand":[],"product_cat":[2014],"product_tag":[3548,3549,3551,3553,3552,3555,3556,3554,3557,3558,3561,3559,3550,3560,3562],"class_list":{"0":"post-5682","1":"product","2":"type-product","3":"status-publish","4":"has-post-thumbnail","6":"product_cat-kaufen-forschungschemikalien","7":"product_tag-buy-no-bull-bath-salt","8":"product_tag-buy-no-bull-powder-cleaner-1000mg-bath-salt-online","9":"product_tag-no-bull-badesalz-kaufen","10":"product_tag-kein-bull-badesalz-google","11":"product_tag-kein-bullen-badesalz-effekt","12":"product_tag-no-bull-bath-salt-reddit","13":"product_tag-kein-bullen-badesalz-verkauf","14":"product_tag-no-bull-badesalz-bestellung","15":"product_tag-no-bull-puder-reiniger-1000mg-badesalz","16":"product_tag-no-bull-puder-reiniger-1000mg-badesalz-online","17":"product_tag-no-bull-badesalz-online-bestellen","18":"product_tag-no-bull-badesalz","19":"product_tag-kaufen-no-bull-badesalze-online","20":"product_tag-no-bull-badesalz-zu-verkaufen","21":"product_tag-where-to-buy-no-bull-bath-salts","23":"first","24":"instock","25":"shipping-taxable","26":"purchasable","27":"product-type-variable","28":"has-default-attributes"},"yoast_head":"<!-- This site is optimized with the Yoast SEO plugin v27.2 - https:\/\/yoast.com\/product\/yoast-seo-wordpress\/ -->\n<title>Kaufen Sie No Bull Badesalz - No Bull Badesalz online - Best Global Meds<\/title>\n<meta name=\"description\" content=\"Kaufen Sie No Bull Badesalz zum Verkauf in Gro\u00dfbritannien, Europa, AU. Wir bieten die zuverl\u00e4ssigste Transaktion und verkaufen zu sehr g\u00fcnstigen Preisen. Jetzt No Bull Badesalz zu Bestpreisen bestellen\" \/>\n<meta name=\"robots\" content=\"index, follow, max-snippet:-1, max-image-preview:large, max-video-preview:-1\" \/>\n<link rel=\"canonical\" href=\"https:\/\/medicinasinc.com\/de\/product\/kaufen-kein-stier-badesalz\/\" \/>\n<meta property=\"og:locale\" content=\"de_DE\" \/>\n<meta property=\"og:type\" content=\"article\" \/>\n<meta property=\"og:title\" content=\"Kaufen Sie No Bull Badesalz - No Bull Badesalz online - Best Global Meds\" \/>\n<meta property=\"og:description\" content=\"Kaufen Sie No Bull Badesalz zum Verkauf in Gro\u00dfbritannien, Europa, AU. Wir bieten die zuverl\u00e4ssigste Transaktion und verkaufen zu sehr g\u00fcnstigen Preisen. Jetzt No Bull Badesalz zu Bestpreisen bestellen\" \/>\n<meta property=\"og:url\" content=\"https:\/\/medicinasinc.com\/de\/product\/kaufen-kein-stier-badesalz\/\" \/>\n<meta property=\"og:site_name\" content=\"Medicinas Inc\" \/>\n<meta property=\"article:modified_time\" content=\"2022-03-18T00:13:55+00:00\" \/>\n<meta property=\"og:image\" content=\"https:\/\/medicinasinc.com\/de\/wp-content\/uploads\/sites\/6\/2022\/02\/Buy-No-Bull-Bath-Salt.jpg\" \/>\n\t<meta property=\"og:image:width\" content=\"600\" \/>\n\t<meta property=\"og:image:height\" content=\"600\" \/>\n\t<meta property=\"og:image:type\" content=\"image\/jpeg\" \/>\n<meta name=\"twitter:card\" content=\"summary_large_image\" \/>\n<meta name=\"twitter:label1\" content=\"Gesch\u00e4tzte Lesezeit\" \/>\n\t<meta name=\"twitter:data1\" content=\"2\u00a0Minuten\" \/>\n<script type=\"application\/ld+json\" class=\"yoast-schema-graph\">{\"@context\":\"https:\/\/schema.org\",\"@graph\":[{\"@type\":\"WebPage\",\"@id\":\"https:\/\/medicinasinc.com\/de\/product\/kaufen-kein-stier-badesalz\/\",\"url\":\"https:\/\/medicinasinc.com\/de\/product\/kaufen-kein-stier-badesalz\/\",\"name\":\"Kaufen Sie No Bull Badesalz - No Bull Badesalz online - Best Global Meds\",\"isPartOf\":{\"@id\":\"https:\/\/medicinasinc.com\/de\/#website\"},\"primaryImageOfPage\":{\"@id\":\"https:\/\/medicinasinc.com\/de\/product\/kaufen-kein-stier-badesalz\/#primaryimage\"},\"image\":{\"@id\":\"https:\/\/medicinasinc.com\/de\/product\/kaufen-kein-stier-badesalz\/#primaryimage\"},\"thumbnailUrl\":\"https:\/\/medicinasinc.com\/de\/wp-content\/uploads\/sites\/6\/2022\/02\/Buy-No-Bull-Bath-Salt.jpg\",\"datePublished\":\"2022-02-22T04:07:27+00:00\",\"dateModified\":\"2022-03-18T00:13:55+00:00\",\"description\":\"Kaufen Sie No Bull Badesalz zum Verkauf in Gro\u00dfbritannien, Europa, AU. Wir bieten die zuverl\u00e4ssigste Transaktion und verkaufen zu sehr g\u00fcnstigen Preisen. Jetzt No Bull Badesalz zu Bestpreisen bestellen\",\"breadcrumb\":{\"@id\":\"https:\/\/medicinasinc.com\/de\/product\/kaufen-kein-stier-badesalz\/#breadcrumb\"},\"inLanguage\":\"de\",\"potentialAction\":[{\"@type\":\"ReadAction\",\"target\":[\"https:\/\/medicinasinc.com\/de\/product\/kaufen-kein-stier-badesalz\/\"]}]},{\"@type\":\"ImageObject\",\"inLanguage\":\"de\",\"@id\":\"https:\/\/medicinasinc.com\/de\/product\/kaufen-kein-stier-badesalz\/#primaryimage\",\"url\":\"https:\/\/medicinasinc.com\/de\/wp-content\/uploads\/sites\/6\/2022\/02\/Buy-No-Bull-Bath-Salt.jpg\",\"contentUrl\":\"https:\/\/medicinasinc.com\/de\/wp-content\/uploads\/sites\/6\/2022\/02\/Buy-No-Bull-Bath-Salt.jpg\",\"width\":600,\"height\":600},{\"@type\":\"BreadcrumbList\",\"@id\":\"https:\/\/medicinasinc.com\/de\/product\/kaufen-kein-stier-badesalz\/#breadcrumb\",\"itemListElement\":[{\"@type\":\"ListItem\",\"position\":1,\"name\":\"Einkaufen\",\"item\":\"https:\/\/medicinasinc.com\/de\/einkaufen\/\"},{\"@type\":\"ListItem\",\"position\":2,\"name\":\"Kaufen Sie No Bull Badesalz\"}]},{\"@type\":\"WebSite\",\"@id\":\"https:\/\/medicinasinc.com\/de\/#website\",\"url\":\"https:\/\/medicinasinc.com\/de\/\",\"name\":\"Medicinas Inc\",\"description\":\"Health Medical Clinic\",\"potentialAction\":[{\"@type\":\"SearchAction\",\"target\":{\"@type\":\"EntryPoint\",\"urlTemplate\":\"https:\/\/medicinasinc.com\/de\/?s={search_term_string}\"},\"query-input\":{\"@type\":\"PropertyValueSpecification\",\"valueRequired\":true,\"valueName\":\"search_term_string\"}}],\"inLanguage\":\"de\"}]}<\/script>\n<!-- \/ Yoast SEO plugin. -->","yoast_head_json":{"title":"Kaufen Sie No Bull Badesalz - No Bull Badesalz online - Best Global Meds","description":"Kaufen Sie No Bull Badesalz zum Verkauf in Gro\u00dfbritannien, Europa, AU. Wir bieten die zuverl\u00e4ssigste Transaktion und verkaufen zu sehr g\u00fcnstigen Preisen. Jetzt No Bull Badesalz zu Bestpreisen bestellen","robots":{"index":"index","follow":"follow","max-snippet":"max-snippet:-1","max-image-preview":"max-image-preview:large","max-video-preview":"max-video-preview:-1"},"canonical":"https:\/\/medicinasinc.com\/de\/product\/kaufen-kein-stier-badesalz\/","og_locale":"de_DE","og_type":"article","og_title":"Kaufen Sie No Bull Badesalz - No Bull Badesalz online - Best Global Meds","og_description":"Kaufen Sie No Bull Badesalz zum Verkauf in Gro\u00dfbritannien, Europa, AU. Wir bieten die zuverl\u00e4ssigste Transaktion und verkaufen zu sehr g\u00fcnstigen Preisen. Jetzt No Bull Badesalz zu Bestpreisen bestellen","og_url":"https:\/\/medicinasinc.com\/de\/product\/kaufen-kein-stier-badesalz\/","og_site_name":"Medicinas Inc","article_modified_time":"2022-03-18T00:13:55+00:00","og_image":[{"width":600,"height":600,"url":"https:\/\/medicinasinc.com\/de\/wp-content\/uploads\/sites\/6\/2022\/02\/Buy-No-Bull-Bath-Salt.jpg","type":"image\/jpeg"}],"twitter_card":"summary_large_image","twitter_misc":{"Gesch\u00e4tzte Lesezeit":"2\u00a0Minuten"},"schema":{"@context":"https:\/\/schema.org","@graph":[{"@type":"WebPage","@id":"https:\/\/medicinasinc.com\/de\/product\/kaufen-kein-stier-badesalz\/","url":"https:\/\/medicinasinc.com\/de\/product\/kaufen-kein-stier-badesalz\/","name":"Kaufen Sie No Bull Badesalz - No Bull Badesalz online - Best Global Meds","isPartOf":{"@id":"https:\/\/medicinasinc.com\/de\/#website"},"primaryImageOfPage":{"@id":"https:\/\/medicinasinc.com\/de\/product\/kaufen-kein-stier-badesalz\/#primaryimage"},"image":{"@id":"https:\/\/medicinasinc.com\/de\/product\/kaufen-kein-stier-badesalz\/#primaryimage"},"thumbnailUrl":"https:\/\/medicinasinc.com\/de\/wp-content\/uploads\/sites\/6\/2022\/02\/Buy-No-Bull-Bath-Salt.jpg","datePublished":"2022-02-22T04:07:27+00:00","dateModified":"2022-03-18T00:13:55+00:00","description":"Kaufen Sie No Bull Badesalz zum Verkauf in Gro\u00dfbritannien, Europa, AU. Wir bieten die zuverl\u00e4ssigste Transaktion und verkaufen zu sehr g\u00fcnstigen Preisen. Jetzt No Bull Badesalz zu Bestpreisen bestellen","breadcrumb":{"@id":"https:\/\/medicinasinc.com\/de\/product\/kaufen-kein-stier-badesalz\/#breadcrumb"},"inLanguage":"de","potentialAction":[{"@type":"ReadAction","target":["https:\/\/medicinasinc.com\/de\/product\/kaufen-kein-stier-badesalz\/"]}]},{"@type":"ImageObject","inLanguage":"de","@id":"https:\/\/medicinasinc.com\/de\/product\/kaufen-kein-stier-badesalz\/#primaryimage","url":"https:\/\/medicinasinc.com\/de\/wp-content\/uploads\/sites\/6\/2022\/02\/Buy-No-Bull-Bath-Salt.jpg","contentUrl":"https:\/\/medicinasinc.com\/de\/wp-content\/uploads\/sites\/6\/2022\/02\/Buy-No-Bull-Bath-Salt.jpg","width":600,"height":600},{"@type":"BreadcrumbList","@id":"https:\/\/medicinasinc.com\/de\/product\/kaufen-kein-stier-badesalz\/#breadcrumb","itemListElement":[{"@type":"ListItem","position":1,"name":"Einkaufen","item":"https:\/\/medicinasinc.com\/de\/einkaufen\/"},{"@type":"ListItem","position":2,"name":"Kaufen Sie No Bull Badesalz"}]},{"@type":"WebSite","@id":"https:\/\/medicinasinc.com\/de\/#website","url":"https:\/\/medicinasinc.com\/de\/","name":"Medicinas Inc","description":"Health Medical Clinic","potentialAction":[{"@type":"SearchAction","target":{"@type":"EntryPoint","urlTemplate":"https:\/\/medicinasinc.com\/de\/?s={search_term_string}"},"query-input":{"@type":"PropertyValueSpecification","valueRequired":true,"valueName":"search_term_string"}}],"inLanguage":"de"}]}},"_links":{"self":[{"href":"https:\/\/medicinasinc.com\/de\/wp-json\/wp\/v2\/product\/5682","targetHints":{"allow":["GET"]}}],"collection":[{"href":"https:\/\/medicinasinc.com\/de\/wp-json\/wp\/v2\/product"}],"about":[{"href":"https:\/\/medicinasinc.com\/de\/wp-json\/wp\/v2\/types\/product"}],"replies":[{"embeddable":true,"href":"https:\/\/medicinasinc.com\/de\/wp-json\/wp\/v2\/comments?post=5682"}],"wp:featuredmedia":[{"embeddable":true,"href":"https:\/\/medicinasinc.com\/de\/wp-json\/wp\/v2\/media\/5693"}],"wp:attachment":[{"href":"https:\/\/medicinasinc.com\/de\/wp-json\/wp\/v2\/media?parent=5682"}],"wp:term":[{"taxonomy":"product_brand","embeddable":true,"href":"https:\/\/medicinasinc.com\/de\/wp-json\/wp\/v2\/product_brand?post=5682"},{"taxonomy":"product_cat","embeddable":true,"href":"https:\/\/medicinasinc.com\/de\/wp-json\/wp\/v2\/product_cat?post=5682"},{"taxonomy":"product_tag","embeddable":true,"href":"https:\/\/medicinasinc.com\/de\/wp-json\/wp\/v2\/product_tag?post=5682"}],"curies":[{"name":"wp","href":"https:\/\/api.w.org\/{rel}","templated":true}]}}