{"id":5677,"date":"2022-02-22T04:00:21","date_gmt":"2022-02-22T04:00:21","guid":{"rendered":"https:\/\/medicinasinc.com\/de\/?post_type=product&#038;p=5677"},"modified":"2022-03-18T00:14:04","modified_gmt":"2022-03-18T00:14:04","slug":"kaufen-sie-methoxetamin","status":"publish","type":"product","link":"https:\/\/medicinasinc.com\/de\/product\/kaufen-sie-methoxetamin\/","title":{"rendered":"Methoxetamin kaufen"},"content":{"rendered":"<p>Methoxetamin MXE zum Verkauf im Internet<\/p>\n<p>Wissen Sie, was es ist?<\/p>\n<p>Dissoziatives Halluzinogen Methoxetamin MXE Online, abgek\u00fcrzt als MXE, wurde als Designerdroge verkauft. Dissoziativa wie Ketamin und Phencyclidin (PCP), die f\u00fcr den medizinischen Einsatz als An\u00e4sthetika bestimmt waren, wurden f\u00fcr den pharmazeutischen Markt geschaffen. Es ist m\u00f6glich, Methoxetamin online oder bei lokalen Anbietern zu kaufen. Zum Verkauf steht Methoxetamin-MXE-Pulver, das zu einem niedrigen Preis oder in gro\u00dfen Mengen zu h\u00f6heren Kosten gekauft werden kann.<\/p>\n<p>Methoxetamin (MXE), ein Halluzinogen und An\u00e4sthetikum, das als Antagonist auf den NMDA-Rezeptor wirkt , ist mit dem Tierarzneimittel Ketamin verwandt. Die Wirkung von Methoxetamin soll st\u00e4rker und langanhaltender sein als die von Ketamin, was es zu einer idealen Option f\u00fcr Studenten macht, die diese Substanz erforschen. Methoxetamin ist von BAC ausschlie\u00dflich f\u00fcr Forschungszwecke erh\u00e4ltlich. MXE Methoxetamin online ohne Rezept<\/p>\n<p>Methoxetamin ist eine beliebte Droge, und viele Menschen suchen nach M\u00f6glichkeiten, sie in die H\u00e4nde zu bekommen, ohne ihr Zuhause zu verlassen. Daher fordern sie m\u00f6glichst einfache Zahlungs- und Lieferm\u00f6glichkeiten. Allerdings geht es ihnen vor allem darum, unentdeckt zu bleiben. Sie k\u00f6nnen hier jedoch anonym und sicher Methoxetamin kaufen, indem Sie Geld per Kreditkarte senden. Das Senden von Geld mit Western Union oder Money Gram ist eine einfache M\u00f6glichkeit, dies zu erreichen. Wir k\u00f6nnen uns jedoch die Diskretion ansehen. Daher halten wir Bitcoin f\u00fcr das ideale Zahlungsmittel. Geben Sie jetzt Ihre Bestellung auf und senden Sie uns eine Best\u00e4tigung, nachdem Sie fertig sind.<\/p>\n<p>Methoxetamin MXE zum Verkauf im Internet<\/p>\n<p>Als seri\u00f6ser Anbieter von Forschungschemikalien und Pharmazeutika, Unser Chemikalienlager hat in fast alle L\u00e4nder der Welt geliefert. F\u00fcr die Bequemlichkeit unserer Kunden nehmen wir auch Bitcoin und Geschenkkarten an. Nachfolgend sind einige unserer beliebtesten Artikel aufgef\u00fchrt.<\/p>\n<p>MXE-Pulver auf dem Markt zum Verkauf<br \/> Kaufen Sie 25 I-NBOMe online.<br \/> A-PVP-Kristalle k\u00f6nnen gekauft werden<br \/> Actavis Promethazin mit Codein 32 oz ist erh\u00e4ltlich.<br \/> AB-PINACA kann online gekauft werden.<br \/> Adderall online ohne Rezept<br \/> AK-B48 kaufen<br \/> Amphetamin in Pulverform kaufen.<br \/> Butylone-Kristalle zu verkaufen<\/p>\n","protected":false},"excerpt":{"rendered":"<p>Kaufen Sie Methoxetamin MXE zum Verkauf in Gro\u00dfbritannien, Europa und Australien. Wir bieten die zuverl\u00e4ssigste Transaktion und verkaufen zu sehr g\u00fcnstigen Preisen. Bestellen Sie Methoxetamine MXE jetzt zu den besten Preisen<\/p>\n<p>Menschen k\u00f6nnen Methoxetamine MXE in Gro\u00dfbritannien kaufen. Kunden, die bei uns kaufen, k\u00f6nnen sicher sein, dass sie das bekommen, wof\u00fcr sie bezahlen. Methoxetamin MXE kann jetzt zu den besten Preisen gekauft werden.<\/p>\n<p>Kaufen Sie Methoxetamin online, bestellen Sie das beste MXE 99 Prozent reine Lieferung \u00fcber Nacht und finden Sie heraus, wo Sie Methoxetamin mit einer Kreditkarte kaufen k\u00f6nnen. Der MXE-Preis.<\/p>\n<p>Methoxetamin ist ein Medikament, das zur Behandlung von Schmerzen eingesetzt wird. Ein Halluzinogen namens Methoxetamine MXE, oder kurz MXE, wurde als \u201eDesignerdroge\u201c verkauft.<\/p>\n","protected":false},"featured_media":5687,"comment_status":"open","ping_status":"closed","template":"","meta":[],"product_brand":[],"product_cat":[2014],"product_tag":[3524,3283,3525,3526,3529,3530,3531,3532,3545,3534,3544,3527,3533,3540,3535,3528,3537,3538,3539,3536,3541,3542,3543,3546,3547],"class_list":{"0":"post-5677","1":"product","2":"type-product","3":"status-publish","4":"has-post-thumbnail","6":"product_cat-kaufen-forschungschemikalien","7":"product_tag-best-mxe-vendor","8":"product_tag-best-place-to-buy-mxe","9":"product_tag-buy-methoxetamine","10":"product_tag-buy-methoxetamine-mxe-online","11":"product_tag-buy-mxe-online","12":"product_tag-buy-mxe-research-chemical","13":"product_tag-buy-mxe-united-states","14":"product_tag-kaufen-forschungschemikalien-methoxetamin","15":"product_tag-kauf-methoxetamin","16":"product_tag-methoxetamin-online","17":"product_tag-methoxetamin-online-bestellen","18":"product_tag-methoxetamin-online-kaufen","19":"product_tag-methoxetamin-zum-verkauf","20":"product_tag-mxe-zu-verkaufen","21":"product_tag-mxe","22":"product_tag-buy-mxe-1g","23":"product_tag-mxe-buy-online","24":"product_tag-mxe-drug-for-sale","25":"product_tag-mxe-drug-info","26":"product_tag-mxe-kaufen","27":"product_tag-mxe-methoxetamin","28":"product_tag-mxe-methoxetamin-erowid","29":"product_tag-mxe-anbieter","30":"product_tag-wo-kann-ich-mxe-kaufen","31":"product_tag-wo-zu-kaufen-mxe-online","33":"first","34":"instock","35":"shipping-taxable","36":"purchasable","37":"product-type-variable","38":"has-default-attributes"},"yoast_head":"<!-- This site is optimized with the Yoast SEO plugin v27.3 - https:\/\/yoast.com\/product\/yoast-seo-wordpress\/ -->\n<title>Kaufen Sie Methoxetamin - Methoxetamin - Best Global Meds<\/title>\n<meta name=\"description\" content=\"Kaufen Sie Methoxetamin MXE zum Verkauf in Gro\u00dfbritannien, Europa, AU. Wir bieten die zuverl\u00e4ssigste Transaktion und verkaufen zu sehr g\u00fcnstigen Preisen. Bestellen Sie Methoxetamine MXE jetzt zu den besten Preisen\" \/>\n<meta name=\"robots\" content=\"index, follow, max-snippet:-1, max-image-preview:large, max-video-preview:-1\" \/>\n<link rel=\"canonical\" href=\"https:\/\/medicinasinc.com\/de\/product\/kaufen-sie-methoxetamin\/\" \/>\n<meta property=\"og:locale\" content=\"de_DE\" \/>\n<meta property=\"og:type\" content=\"article\" \/>\n<meta property=\"og:title\" content=\"Kaufen Sie Methoxetamin - Methoxetamin - Best Global Meds\" \/>\n<meta property=\"og:description\" content=\"Kaufen Sie Methoxetamin MXE zum Verkauf in Gro\u00dfbritannien, Europa, AU. Wir bieten die zuverl\u00e4ssigste Transaktion und verkaufen zu sehr g\u00fcnstigen Preisen. Bestellen Sie Methoxetamine MXE jetzt zu den besten Preisen\" \/>\n<meta property=\"og:url\" content=\"https:\/\/medicinasinc.com\/de\/product\/kaufen-sie-methoxetamin\/\" \/>\n<meta property=\"og:site_name\" content=\"Medicinas Inc\" \/>\n<meta property=\"article:modified_time\" content=\"2022-03-18T00:14:04+00:00\" \/>\n<meta property=\"og:image\" content=\"https:\/\/medicinasinc.com\/de\/wp-content\/uploads\/sites\/6\/2022\/02\/Buy-Methoxetamine.webp\" \/>\n\t<meta property=\"og:image:width\" content=\"750\" \/>\n\t<meta property=\"og:image:height\" content=\"461\" \/>\n\t<meta property=\"og:image:type\" content=\"image\/webp\" \/>\n<meta name=\"twitter:card\" content=\"summary_large_image\" \/>\n<meta name=\"twitter:label1\" content=\"Gesch\u00e4tzte Lesezeit\" \/>\n\t<meta name=\"twitter:data1\" content=\"2\u00a0Minuten\" \/>\n<script type=\"application\/ld+json\" class=\"yoast-schema-graph\">{\"@context\":\"https:\\\/\\\/schema.org\",\"@graph\":[{\"@type\":\"WebPage\",\"@id\":\"https:\\\/\\\/medicinasinc.com\\\/de\\\/product\\\/kaufen-sie-methoxetamin\\\/\",\"url\":\"https:\\\/\\\/medicinasinc.com\\\/de\\\/product\\\/kaufen-sie-methoxetamin\\\/\",\"name\":\"Kaufen Sie Methoxetamin - Methoxetamin - Best Global Meds\",\"isPartOf\":{\"@id\":\"https:\\\/\\\/medicinasinc.com\\\/de\\\/#website\"},\"primaryImageOfPage\":{\"@id\":\"https:\\\/\\\/medicinasinc.com\\\/de\\\/product\\\/kaufen-sie-methoxetamin\\\/#primaryimage\"},\"image\":{\"@id\":\"https:\\\/\\\/medicinasinc.com\\\/de\\\/product\\\/kaufen-sie-methoxetamin\\\/#primaryimage\"},\"thumbnailUrl\":\"https:\\\/\\\/medicinasinc.com\\\/de\\\/wp-content\\\/uploads\\\/sites\\\/6\\\/2022\\\/02\\\/Buy-Methoxetamine.webp\",\"datePublished\":\"2022-02-22T04:00:21+00:00\",\"dateModified\":\"2022-03-18T00:14:04+00:00\",\"description\":\"Kaufen Sie Methoxetamin MXE zum Verkauf in Gro\u00dfbritannien, Europa, AU. Wir bieten die zuverl\u00e4ssigste Transaktion und verkaufen zu sehr g\u00fcnstigen Preisen. Bestellen Sie Methoxetamine MXE jetzt zu den besten Preisen\",\"breadcrumb\":{\"@id\":\"https:\\\/\\\/medicinasinc.com\\\/de\\\/product\\\/kaufen-sie-methoxetamin\\\/#breadcrumb\"},\"inLanguage\":\"de\",\"potentialAction\":[{\"@type\":\"ReadAction\",\"target\":[\"https:\\\/\\\/medicinasinc.com\\\/de\\\/product\\\/kaufen-sie-methoxetamin\\\/\"]}]},{\"@type\":\"ImageObject\",\"inLanguage\":\"de\",\"@id\":\"https:\\\/\\\/medicinasinc.com\\\/de\\\/product\\\/kaufen-sie-methoxetamin\\\/#primaryimage\",\"url\":\"https:\\\/\\\/medicinasinc.com\\\/de\\\/wp-content\\\/uploads\\\/sites\\\/6\\\/2022\\\/02\\\/Buy-Methoxetamine.webp\",\"contentUrl\":\"https:\\\/\\\/medicinasinc.com\\\/de\\\/wp-content\\\/uploads\\\/sites\\\/6\\\/2022\\\/02\\\/Buy-Methoxetamine.webp\",\"width\":750,\"height\":461},{\"@type\":\"BreadcrumbList\",\"@id\":\"https:\\\/\\\/medicinasinc.com\\\/de\\\/product\\\/kaufen-sie-methoxetamin\\\/#breadcrumb\",\"itemListElement\":[{\"@type\":\"ListItem\",\"position\":1,\"name\":\"Einkaufen\",\"item\":\"https:\\\/\\\/medicinasinc.com\\\/de\\\/einkaufen\\\/\"},{\"@type\":\"ListItem\",\"position\":2,\"name\":\"Methoxetamin kaufen\"}]},{\"@type\":\"WebSite\",\"@id\":\"https:\\\/\\\/medicinasinc.com\\\/de\\\/#website\",\"url\":\"https:\\\/\\\/medicinasinc.com\\\/de\\\/\",\"name\":\"Medicinas Inc\",\"description\":\"Health Medical Clinic\",\"potentialAction\":[{\"@type\":\"SearchAction\",\"target\":{\"@type\":\"EntryPoint\",\"urlTemplate\":\"https:\\\/\\\/medicinasinc.com\\\/de\\\/?s={search_term_string}\"},\"query-input\":{\"@type\":\"PropertyValueSpecification\",\"valueRequired\":true,\"valueName\":\"search_term_string\"}}],\"inLanguage\":\"de\"}]}<\/script>\n<!-- \/ Yoast SEO plugin. -->","yoast_head_json":{"title":"Kaufen Sie Methoxetamin - Methoxetamin - Best Global Meds","description":"Kaufen Sie Methoxetamin MXE zum Verkauf in Gro\u00dfbritannien, Europa, AU. Wir bieten die zuverl\u00e4ssigste Transaktion und verkaufen zu sehr g\u00fcnstigen Preisen. Bestellen Sie Methoxetamine MXE jetzt zu den besten Preisen","robots":{"index":"index","follow":"follow","max-snippet":"max-snippet:-1","max-image-preview":"max-image-preview:large","max-video-preview":"max-video-preview:-1"},"canonical":"https:\/\/medicinasinc.com\/de\/product\/kaufen-sie-methoxetamin\/","og_locale":"de_DE","og_type":"article","og_title":"Kaufen Sie Methoxetamin - Methoxetamin - Best Global Meds","og_description":"Kaufen Sie Methoxetamin MXE zum Verkauf in Gro\u00dfbritannien, Europa, AU. Wir bieten die zuverl\u00e4ssigste Transaktion und verkaufen zu sehr g\u00fcnstigen Preisen. Bestellen Sie Methoxetamine MXE jetzt zu den besten Preisen","og_url":"https:\/\/medicinasinc.com\/de\/product\/kaufen-sie-methoxetamin\/","og_site_name":"Medicinas Inc","article_modified_time":"2022-03-18T00:14:04+00:00","og_image":[{"width":750,"height":461,"url":"https:\/\/medicinasinc.com\/de\/wp-content\/uploads\/sites\/6\/2022\/02\/Buy-Methoxetamine.webp","type":"image\/webp"}],"twitter_card":"summary_large_image","twitter_misc":{"Gesch\u00e4tzte Lesezeit":"2\u00a0Minuten"},"schema":{"@context":"https:\/\/schema.org","@graph":[{"@type":"WebPage","@id":"https:\/\/medicinasinc.com\/de\/product\/kaufen-sie-methoxetamin\/","url":"https:\/\/medicinasinc.com\/de\/product\/kaufen-sie-methoxetamin\/","name":"Kaufen Sie Methoxetamin - Methoxetamin - Best Global Meds","isPartOf":{"@id":"https:\/\/medicinasinc.com\/de\/#website"},"primaryImageOfPage":{"@id":"https:\/\/medicinasinc.com\/de\/product\/kaufen-sie-methoxetamin\/#primaryimage"},"image":{"@id":"https:\/\/medicinasinc.com\/de\/product\/kaufen-sie-methoxetamin\/#primaryimage"},"thumbnailUrl":"https:\/\/medicinasinc.com\/de\/wp-content\/uploads\/sites\/6\/2022\/02\/Buy-Methoxetamine.webp","datePublished":"2022-02-22T04:00:21+00:00","dateModified":"2022-03-18T00:14:04+00:00","description":"Kaufen Sie Methoxetamin MXE zum Verkauf in Gro\u00dfbritannien, Europa, AU. Wir bieten die zuverl\u00e4ssigste Transaktion und verkaufen zu sehr g\u00fcnstigen Preisen. Bestellen Sie Methoxetamine MXE jetzt zu den besten Preisen","breadcrumb":{"@id":"https:\/\/medicinasinc.com\/de\/product\/kaufen-sie-methoxetamin\/#breadcrumb"},"inLanguage":"de","potentialAction":[{"@type":"ReadAction","target":["https:\/\/medicinasinc.com\/de\/product\/kaufen-sie-methoxetamin\/"]}]},{"@type":"ImageObject","inLanguage":"de","@id":"https:\/\/medicinasinc.com\/de\/product\/kaufen-sie-methoxetamin\/#primaryimage","url":"https:\/\/medicinasinc.com\/de\/wp-content\/uploads\/sites\/6\/2022\/02\/Buy-Methoxetamine.webp","contentUrl":"https:\/\/medicinasinc.com\/de\/wp-content\/uploads\/sites\/6\/2022\/02\/Buy-Methoxetamine.webp","width":750,"height":461},{"@type":"BreadcrumbList","@id":"https:\/\/medicinasinc.com\/de\/product\/kaufen-sie-methoxetamin\/#breadcrumb","itemListElement":[{"@type":"ListItem","position":1,"name":"Einkaufen","item":"https:\/\/medicinasinc.com\/de\/einkaufen\/"},{"@type":"ListItem","position":2,"name":"Methoxetamin kaufen"}]},{"@type":"WebSite","@id":"https:\/\/medicinasinc.com\/de\/#website","url":"https:\/\/medicinasinc.com\/de\/","name":"Medicinas Inc","description":"Health Medical Clinic","potentialAction":[{"@type":"SearchAction","target":{"@type":"EntryPoint","urlTemplate":"https:\/\/medicinasinc.com\/de\/?s={search_term_string}"},"query-input":{"@type":"PropertyValueSpecification","valueRequired":true,"valueName":"search_term_string"}}],"inLanguage":"de"}]}},"_links":{"self":[{"href":"https:\/\/medicinasinc.com\/de\/wp-json\/wp\/v2\/product\/5677","targetHints":{"allow":["GET"]}}],"collection":[{"href":"https:\/\/medicinasinc.com\/de\/wp-json\/wp\/v2\/product"}],"about":[{"href":"https:\/\/medicinasinc.com\/de\/wp-json\/wp\/v2\/types\/product"}],"replies":[{"embeddable":true,"href":"https:\/\/medicinasinc.com\/de\/wp-json\/wp\/v2\/comments?post=5677"}],"wp:featuredmedia":[{"embeddable":true,"href":"https:\/\/medicinasinc.com\/de\/wp-json\/wp\/v2\/media\/5687"}],"wp:attachment":[{"href":"https:\/\/medicinasinc.com\/de\/wp-json\/wp\/v2\/media?parent=5677"}],"wp:term":[{"taxonomy":"product_brand","embeddable":true,"href":"https:\/\/medicinasinc.com\/de\/wp-json\/wp\/v2\/product_brand?post=5677"},{"taxonomy":"product_cat","embeddable":true,"href":"https:\/\/medicinasinc.com\/de\/wp-json\/wp\/v2\/product_cat?post=5677"},{"taxonomy":"product_tag","embeddable":true,"href":"https:\/\/medicinasinc.com\/de\/wp-json\/wp\/v2\/product_tag?post=5677"}],"curies":[{"name":"wp","href":"https:\/\/api.w.org\/{rel}","templated":true}]}}