{"id":5673,"date":"2022-02-22T03:54:58","date_gmt":"2022-02-22T03:54:58","guid":{"rendered":"https:\/\/medicinasinc.com\/de\/?post_type=product&#038;p=5673"},"modified":"2022-03-18T00:14:13","modified_gmt":"2022-03-18T00:14:13","slug":"kaufen-alprox-2mg-pillen-xanax","status":"publish","type":"product","link":"https:\/\/medicinasinc.com\/de\/product\/kaufen-alprox-2mg-pillen-xanax\/","title":{"rendered":"Kaufen Sie Alprox 2mg Tabletten (Xanax)"},"content":{"rendered":"<p>Menschen, die 2 mg XANAX online g\u00fcnstig kaufen m\u00f6chten, sollten nach ihnen Ausschau halten. Bestellen Sie XANAX 2 mg von Global Home Med zu einem g\u00fcnstigen Preis und lassen Sie es direkt an Ihre Haust\u00fcr liefern!<\/p>\n<p>Alprazolam kann in Gro\u00dfbritannien gekauft werden, also k\u00f6nnen Sie das tun. Eine Marke von Xanax namens Alprazolam enth\u00e4lt 2 mg davon Droge darin. In Gro\u00dfbritannien ist es wirkungsvoller, die 2-mg-Tablette dieses guten Medikaments gegen Angstzust\u00e4nde einzunehmen.<\/p>\n<p>Menschen, die Xanax kaufen m\u00f6chten, k\u00f6nnen es online kaufen. Xanax-Riegel zum Verkauf \u2013 Kaufen Sie Xanax 2 mg online \u2013 Kaufen Sie Xanax 1 mg online \u2013<\/p>\n<p>Xanax kann dazu f\u00fchren, dass Sie sich schl\u00e4frig und ruhig f\u00fchlen, wodurch Sie sich entspannt und wohl f\u00fchlen.<\/p>\n<p>Kaufen Sie Xanax 2 mg das Vereinigte K\u00f6nigreich. Bestellen Sie Xanax Overnight sinnvoll. Fussy Wilburn detoniert sein sublimierendes Angebot Xanax online kaufen auf Reddit.<\/p>\n<p>Menschen k\u00f6nnen billiges Xanax ohne \u00e4rztliches Attest kaufen. Wenn Sie Zoloft online kaufen, finden Sie es in den besten Online-Apotheken. Sie k\u00f6nnen Xanax und Phentermin auch online g\u00fcnstig kaufen. Auf diesem Bild sehen Sie generische Xanax 2 mg Riegel, die wie das Original aussehen.<\/p>\n<p>Um Panikst\u00f6rungen und Angstzust\u00e4nde zu behandeln, kaufen Sie Xanax 2 mg Alprazolam 0,5 mg, 1 mg oder 2 mg Tablette. Menschen, die Angst haben und gestresst sind, k\u00f6nnen sehr \u00e4ngstlich und gestresst sein. Beginnen Sie am besten mit einer kleinen Menge und steigern Sie die Menge dann allm\u00e4hlich. Brechen Sie die Einnahme dieses Arzneimittels nicht sofort ab, da es zu Entzugserscheinungen wie Krampfanf\u00e4llen, aggressivem Verhalten, verschwommenem Sehen und mehr f\u00fchren kann, wie wenn Sie die Einnahme beenden.<\/p>\n<p>Nehmen Sie die Alprazolam 0,5 MG-Tablette mit oder ohne Nahrung, aber essen Sie nichts, bevor Sie es einnehmen. Nehmen Sie nicht mehr ein, als der Arzt Ihnen gesagt hat. Wenn Sie irgendwelche schlimmen Nebenwirkungen haben, suchen Sie Ihren Arzt auf. Sprechen Sie auf jeden Fall mit Ihrem Arzt, bevor Sie die Einnahme des Arzneimittels abbrechen, da dies zu einem schlechten Gef\u00fchl f\u00fchren k\u00f6nnte.<\/p>\n<p>Wie es wirkt<br \/> Dieses Arzneimittel bindet an die Chloridkan\u00e4le und l\u00e4sst Chloridionen flie\u00dfen in. Dadurch wird die Membran des Neurons stabiler und hyperpolarisiert, wodurch die Zelle nicht mehr erregt wird.<\/p>\n","protected":false},"excerpt":{"rendered":"<p>Kaufen Sie Alprox Xanax 2 mg Pillen zum Verkauf in Gro\u00dfbritannien, Europa. Alprox online kaufen, Xanax online kaufen, Alprox online kaufen, Xanax kaufen, Alprox 2mg, wo kann ich Alprox online kaufen.<\/p>\n<p>Online k\u00f6nnen Sie Alprox 2mg Pillen g\u00fcnstig kaufen (Xanax). In diesem Fall erhalten Sie Alprox online. Sie k\u00f6nnen es auch online erhalten, Alprox online kaufen, Xanax online beziehen und herausfinden, wo Sie es bekommen k\u00f6nnen.<\/p>\n<p>Sie k\u00f6nnen Alprazolam Xanax 2 mg Tabletten in unserem Global medicinas Shop kaufen und schnell geliefert bekommen in jedes Land der Welt! Hier finden Sie die beste Alprazolam 2 MG Tablette, die Sie kaufen k\u00f6nnen.<\/p>\n<p>Kaufen Sie Xanax 2 MG Tablette wird verwendet, um Panikst\u00f6rungen und Angstzust\u00e4nde zu behandeln, wie z. B. pl\u00f6tzliche extreme Angst und Stress, der durch Stress verursacht wird. Beginnen Sie am besten mit einer kleinen Menge und steigern Sie die Menge dann allm\u00e4hlich. Brechen Sie die Einnahme dieses Arzneimittels nicht sofort ab, da es zu Entzugserscheinungen wie Krampfanf\u00e4llen, aggressivem Verhalten, verschwommenem Sehen und mehr f\u00fchren kann, wenn Sie die Einnahme zu schnell beenden.<\/p>\n","protected":false},"featured_media":5683,"comment_status":"open","ping_status":"closed","template":"","meta":[],"product_brand":[],"product_cat":[1117],"product_tag":[1143,3502,1188,3507,3503,3504,1192,1189,1168,3506,3508,1182,1194,3510,3512,3513,3514,3515,3517,3509,3511,3521,3518,3505,3516,3522,3519,3520,3523],"class_list":{"0":"post-5673","1":"product","2":"type-product","3":"status-publish","4":"has-post-thumbnail","6":"product_cat-kaufen-sie-schmerz-schlaf-und-sexpillen","7":"product_tag-alprazolam-zu-verkaufen","8":"product_tag-best-shop-xanax-2-mg-uk","9":"product_tag-alprazolam-online-bestellen","10":"product_tag-bestellung-xanax-2-mg-uk","11":"product_tag-buy-xanax-2-mg","12":"product_tag-buy-xanax-2-mg-uk","13":"product_tag-der-beste-platz-um-alprazolam-online-zu-kaufen","14":"product_tag-kauf-alprazolam-online","15":"product_tag-alprazolam-online-kaufen","16":"product_tag-kaufen-xanax-online","17":"product_tag-where-to-buy-xanax-2-mg-uk","18":"product_tag-wie-kauft-man-alprazolam-online","19":"product_tag-wo-man-alprazolam-online-kaufen-kann","20":"product_tag-xanax-2-mg-europa","21":"product_tag-xanax-2-mg-for-sale-uk","22":"product_tag-xanax-2-mg-google","23":"product_tag-xanax-2-mg-online-uk","24":"product_tag-xanax-2-mg-schwangere-frau","25":"product_tag-xanax-2-mg-uk","26":"product_tag-xanax-2-mg-wirkung","27":"product_tag-xanax-2-mg-zu-verkaufen","28":"product_tag-xanax-2mg-bestellung","29":"product_tag-xanax-2mg-kaufen","30":"product_tag-kaufen-xanax-2mg","31":"product_tag-xanax-2-mg-reddit","32":"product_tag-xanax-2mg-reddit","33":"product_tag-xanax-2mg-wirkung","34":"product_tag-xanax-2mg-zu-verkaufen","35":"product_tag-xanax-riegel-zu-verkaufen","37":"first","38":"instock","39":"shipping-taxable","40":"purchasable","41":"product-type-variable","42":"has-default-attributes"},"yoast_head":"<!-- This site is optimized with the Yoast SEO plugin v27.3 - https:\/\/yoast.com\/product\/yoast-seo-wordpress\/ -->\n<title>Kaufen Sie Alprox 2 mg Tabletten (Xanax) - Xanax 2 mg - Best Global Meds<\/title>\n<meta name=\"description\" content=\"Kaufen Sie Alprox Xanax 2 mg Pillen zum Verkauf in Gro\u00dfbritannien, Europa. Alprox online kaufen, Xanax online kaufen, Alprox online kaufen, Xanax kaufen, Alprox 2mg bestellen, wo kann ich Alprox online kaufen.\" \/>\n<meta name=\"robots\" content=\"index, follow, max-snippet:-1, max-image-preview:large, max-video-preview:-1\" \/>\n<link rel=\"canonical\" href=\"https:\/\/medicinasinc.com\/de\/product\/kaufen-alprox-2mg-pillen-xanax\/\" \/>\n<meta property=\"og:locale\" content=\"de_DE\" \/>\n<meta property=\"og:type\" content=\"article\" \/>\n<meta property=\"og:title\" content=\"Kaufen Sie Alprox 2 mg Tabletten (Xanax) - Xanax 2 mg - Best Global Meds\" \/>\n<meta property=\"og:description\" content=\"Kaufen Sie Alprox Xanax 2 mg Pillen zum Verkauf in Gro\u00dfbritannien, Europa. Alprox online kaufen, Xanax online kaufen, Alprox online kaufen, Xanax kaufen, Alprox 2mg bestellen, wo kann ich Alprox online kaufen.\" \/>\n<meta property=\"og:url\" content=\"https:\/\/medicinasinc.com\/de\/product\/kaufen-alprox-2mg-pillen-xanax\/\" \/>\n<meta property=\"og:site_name\" content=\"Medicinas Inc\" \/>\n<meta property=\"article:modified_time\" content=\"2022-03-18T00:14:13+00:00\" \/>\n<meta property=\"og:image\" content=\"https:\/\/medicinasinc.com\/de\/wp-content\/uploads\/sites\/6\/2022\/02\/Buy-xanax-2-mg.jpg\" \/>\n\t<meta property=\"og:image:width\" content=\"400\" \/>\n\t<meta property=\"og:image:height\" content=\"350\" \/>\n\t<meta property=\"og:image:type\" content=\"image\/jpeg\" \/>\n<meta name=\"twitter:card\" content=\"summary_large_image\" \/>\n<meta name=\"twitter:label1\" content=\"Gesch\u00e4tzte Lesezeit\" \/>\n\t<meta name=\"twitter:data1\" content=\"2\u00a0Minuten\" \/>\n<script type=\"application\/ld+json\" class=\"yoast-schema-graph\">{\"@context\":\"https:\\\/\\\/schema.org\",\"@graph\":[{\"@type\":\"WebPage\",\"@id\":\"https:\\\/\\\/medicinasinc.com\\\/de\\\/product\\\/kaufen-alprox-2mg-pillen-xanax\\\/\",\"url\":\"https:\\\/\\\/medicinasinc.com\\\/de\\\/product\\\/kaufen-alprox-2mg-pillen-xanax\\\/\",\"name\":\"Kaufen Sie Alprox 2 mg Tabletten (Xanax) - Xanax 2 mg - Best Global Meds\",\"isPartOf\":{\"@id\":\"https:\\\/\\\/medicinasinc.com\\\/de\\\/#website\"},\"primaryImageOfPage\":{\"@id\":\"https:\\\/\\\/medicinasinc.com\\\/de\\\/product\\\/kaufen-alprox-2mg-pillen-xanax\\\/#primaryimage\"},\"image\":{\"@id\":\"https:\\\/\\\/medicinasinc.com\\\/de\\\/product\\\/kaufen-alprox-2mg-pillen-xanax\\\/#primaryimage\"},\"thumbnailUrl\":\"https:\\\/\\\/medicinasinc.com\\\/de\\\/wp-content\\\/uploads\\\/sites\\\/6\\\/2022\\\/02\\\/Buy-xanax-2-mg.jpg\",\"datePublished\":\"2022-02-22T03:54:58+00:00\",\"dateModified\":\"2022-03-18T00:14:13+00:00\",\"description\":\"Kaufen Sie Alprox Xanax 2 mg Pillen zum Verkauf in Gro\u00dfbritannien, Europa. Alprox online kaufen, Xanax online kaufen, Alprox online kaufen, Xanax kaufen, Alprox 2mg bestellen, wo kann ich Alprox online kaufen.\",\"breadcrumb\":{\"@id\":\"https:\\\/\\\/medicinasinc.com\\\/de\\\/product\\\/kaufen-alprox-2mg-pillen-xanax\\\/#breadcrumb\"},\"inLanguage\":\"de\",\"potentialAction\":[{\"@type\":\"ReadAction\",\"target\":[\"https:\\\/\\\/medicinasinc.com\\\/de\\\/product\\\/kaufen-alprox-2mg-pillen-xanax\\\/\"]}]},{\"@type\":\"ImageObject\",\"inLanguage\":\"de\",\"@id\":\"https:\\\/\\\/medicinasinc.com\\\/de\\\/product\\\/kaufen-alprox-2mg-pillen-xanax\\\/#primaryimage\",\"url\":\"https:\\\/\\\/medicinasinc.com\\\/de\\\/wp-content\\\/uploads\\\/sites\\\/6\\\/2022\\\/02\\\/Buy-xanax-2-mg.jpg\",\"contentUrl\":\"https:\\\/\\\/medicinasinc.com\\\/de\\\/wp-content\\\/uploads\\\/sites\\\/6\\\/2022\\\/02\\\/Buy-xanax-2-mg.jpg\",\"width\":400,\"height\":350},{\"@type\":\"BreadcrumbList\",\"@id\":\"https:\\\/\\\/medicinasinc.com\\\/de\\\/product\\\/kaufen-alprox-2mg-pillen-xanax\\\/#breadcrumb\",\"itemListElement\":[{\"@type\":\"ListItem\",\"position\":1,\"name\":\"Einkaufen\",\"item\":\"https:\\\/\\\/medicinasinc.com\\\/de\\\/einkaufen\\\/\"},{\"@type\":\"ListItem\",\"position\":2,\"name\":\"Kaufen Sie Alprox 2mg Tabletten (Xanax)\"}]},{\"@type\":\"WebSite\",\"@id\":\"https:\\\/\\\/medicinasinc.com\\\/de\\\/#website\",\"url\":\"https:\\\/\\\/medicinasinc.com\\\/de\\\/\",\"name\":\"Medicinas Inc\",\"description\":\"Health Medical Clinic\",\"potentialAction\":[{\"@type\":\"SearchAction\",\"target\":{\"@type\":\"EntryPoint\",\"urlTemplate\":\"https:\\\/\\\/medicinasinc.com\\\/de\\\/?s={search_term_string}\"},\"query-input\":{\"@type\":\"PropertyValueSpecification\",\"valueRequired\":true,\"valueName\":\"search_term_string\"}}],\"inLanguage\":\"de\"}]}<\/script>\n<!-- \/ Yoast SEO plugin. -->","yoast_head_json":{"title":"Kaufen Sie Alprox 2 mg Tabletten (Xanax) - Xanax 2 mg - Best Global Meds","description":"Kaufen Sie Alprox Xanax 2 mg Pillen zum Verkauf in Gro\u00dfbritannien, Europa. Alprox online kaufen, Xanax online kaufen, Alprox online kaufen, Xanax kaufen, Alprox 2mg bestellen, wo kann ich Alprox online kaufen.","robots":{"index":"index","follow":"follow","max-snippet":"max-snippet:-1","max-image-preview":"max-image-preview:large","max-video-preview":"max-video-preview:-1"},"canonical":"https:\/\/medicinasinc.com\/de\/product\/kaufen-alprox-2mg-pillen-xanax\/","og_locale":"de_DE","og_type":"article","og_title":"Kaufen Sie Alprox 2 mg Tabletten (Xanax) - Xanax 2 mg - Best Global Meds","og_description":"Kaufen Sie Alprox Xanax 2 mg Pillen zum Verkauf in Gro\u00dfbritannien, Europa. Alprox online kaufen, Xanax online kaufen, Alprox online kaufen, Xanax kaufen, Alprox 2mg bestellen, wo kann ich Alprox online kaufen.","og_url":"https:\/\/medicinasinc.com\/de\/product\/kaufen-alprox-2mg-pillen-xanax\/","og_site_name":"Medicinas Inc","article_modified_time":"2022-03-18T00:14:13+00:00","og_image":[{"width":400,"height":350,"url":"https:\/\/medicinasinc.com\/de\/wp-content\/uploads\/sites\/6\/2022\/02\/Buy-xanax-2-mg.jpg","type":"image\/jpeg"}],"twitter_card":"summary_large_image","twitter_misc":{"Gesch\u00e4tzte Lesezeit":"2\u00a0Minuten"},"schema":{"@context":"https:\/\/schema.org","@graph":[{"@type":"WebPage","@id":"https:\/\/medicinasinc.com\/de\/product\/kaufen-alprox-2mg-pillen-xanax\/","url":"https:\/\/medicinasinc.com\/de\/product\/kaufen-alprox-2mg-pillen-xanax\/","name":"Kaufen Sie Alprox 2 mg Tabletten (Xanax) - Xanax 2 mg - Best Global Meds","isPartOf":{"@id":"https:\/\/medicinasinc.com\/de\/#website"},"primaryImageOfPage":{"@id":"https:\/\/medicinasinc.com\/de\/product\/kaufen-alprox-2mg-pillen-xanax\/#primaryimage"},"image":{"@id":"https:\/\/medicinasinc.com\/de\/product\/kaufen-alprox-2mg-pillen-xanax\/#primaryimage"},"thumbnailUrl":"https:\/\/medicinasinc.com\/de\/wp-content\/uploads\/sites\/6\/2022\/02\/Buy-xanax-2-mg.jpg","datePublished":"2022-02-22T03:54:58+00:00","dateModified":"2022-03-18T00:14:13+00:00","description":"Kaufen Sie Alprox Xanax 2 mg Pillen zum Verkauf in Gro\u00dfbritannien, Europa. Alprox online kaufen, Xanax online kaufen, Alprox online kaufen, Xanax kaufen, Alprox 2mg bestellen, wo kann ich Alprox online kaufen.","breadcrumb":{"@id":"https:\/\/medicinasinc.com\/de\/product\/kaufen-alprox-2mg-pillen-xanax\/#breadcrumb"},"inLanguage":"de","potentialAction":[{"@type":"ReadAction","target":["https:\/\/medicinasinc.com\/de\/product\/kaufen-alprox-2mg-pillen-xanax\/"]}]},{"@type":"ImageObject","inLanguage":"de","@id":"https:\/\/medicinasinc.com\/de\/product\/kaufen-alprox-2mg-pillen-xanax\/#primaryimage","url":"https:\/\/medicinasinc.com\/de\/wp-content\/uploads\/sites\/6\/2022\/02\/Buy-xanax-2-mg.jpg","contentUrl":"https:\/\/medicinasinc.com\/de\/wp-content\/uploads\/sites\/6\/2022\/02\/Buy-xanax-2-mg.jpg","width":400,"height":350},{"@type":"BreadcrumbList","@id":"https:\/\/medicinasinc.com\/de\/product\/kaufen-alprox-2mg-pillen-xanax\/#breadcrumb","itemListElement":[{"@type":"ListItem","position":1,"name":"Einkaufen","item":"https:\/\/medicinasinc.com\/de\/einkaufen\/"},{"@type":"ListItem","position":2,"name":"Kaufen Sie Alprox 2mg Tabletten (Xanax)"}]},{"@type":"WebSite","@id":"https:\/\/medicinasinc.com\/de\/#website","url":"https:\/\/medicinasinc.com\/de\/","name":"Medicinas Inc","description":"Health Medical Clinic","potentialAction":[{"@type":"SearchAction","target":{"@type":"EntryPoint","urlTemplate":"https:\/\/medicinasinc.com\/de\/?s={search_term_string}"},"query-input":{"@type":"PropertyValueSpecification","valueRequired":true,"valueName":"search_term_string"}}],"inLanguage":"de"}]}},"_links":{"self":[{"href":"https:\/\/medicinasinc.com\/de\/wp-json\/wp\/v2\/product\/5673","targetHints":{"allow":["GET"]}}],"collection":[{"href":"https:\/\/medicinasinc.com\/de\/wp-json\/wp\/v2\/product"}],"about":[{"href":"https:\/\/medicinasinc.com\/de\/wp-json\/wp\/v2\/types\/product"}],"replies":[{"embeddable":true,"href":"https:\/\/medicinasinc.com\/de\/wp-json\/wp\/v2\/comments?post=5673"}],"wp:featuredmedia":[{"embeddable":true,"href":"https:\/\/medicinasinc.com\/de\/wp-json\/wp\/v2\/media\/5683"}],"wp:attachment":[{"href":"https:\/\/medicinasinc.com\/de\/wp-json\/wp\/v2\/media?parent=5673"}],"wp:term":[{"taxonomy":"product_brand","embeddable":true,"href":"https:\/\/medicinasinc.com\/de\/wp-json\/wp\/v2\/product_brand?post=5673"},{"taxonomy":"product_cat","embeddable":true,"href":"https:\/\/medicinasinc.com\/de\/wp-json\/wp\/v2\/product_cat?post=5673"},{"taxonomy":"product_tag","embeddable":true,"href":"https:\/\/medicinasinc.com\/de\/wp-json\/wp\/v2\/product_tag?post=5673"}],"curies":[{"name":"wp","href":"https:\/\/api.w.org\/{rel}","templated":true}]}}