{"id":5667,"date":"2022-02-22T03:49:11","date_gmt":"2022-02-22T03:49:11","guid":{"rendered":"https:\/\/medicinasinc.com\/de\/?post_type=product&#038;p=5667"},"modified":"2022-03-18T00:14:22","modified_gmt":"2022-03-18T00:14:22","slug":"kaufen-rock-on-badesalz","status":"publish","type":"product","link":"https:\/\/medicinasinc.com\/de\/product\/kaufen-rock-on-badesalz\/","title":{"rendered":"Kaufen Sie Rock On Badesalz"},"content":{"rendered":"<p><strong>In diesem Fall k\u00f6nnen Sie Rock On Bath Salt im Internet kaufen.<\/strong><\/p>\n<p>Kaufen Sie Rock On Bath Salt zum Verkauf in Gro\u00dfbritannien, Europa und Australien f\u00fcr ein Gut Preis. Kunden, die bei uns kaufen, k\u00f6nnen sicher sein, dass sie das bekommen, wof\u00fcr sie bezahlen. Dieses Rock On Badesalz gibt es jetzt zu den besten Preisen.<\/p>\n","protected":false},"excerpt":{"rendered":"<div class=\"woocommerce-product-details__short-description\">\n<p><strong>Der Produktpreis gilt f\u00fcr 10 Gramm<\/strong><\/p>\n<p>Kaufen Sie Rock On Badesalz zum Verkauf in Gro\u00dfbritannien, Europa, AU. Wir bieten die zuverl\u00e4ssigste Transaktion und verkaufen zu sehr g\u00fcnstigen Preisen. Rock On Badesalz jetzt zum Bestpreis<\/p>\n<\/p><\/div>\n","protected":false},"featured_media":5676,"comment_status":"open","ping_status":"closed","template":"","meta":[],"product_brand":[],"product_cat":[2014],"product_tag":[3479,3433,3435,3097,3483,3451,3484,3485,3486,3487,3445,3436,3446,3434,3447,3449,3448,3095,3437,3439,3440,3442,3441,3470,3443,3444,3452,3453,3454,3455,3457,3458,3501,3473,3474,3476,3475,3083,3456,3468,3469,3450,3466,3467,3472,3477,3478,3165,3481,3480,3482,3438,3488,3489,3494,3495,3496,3498,3499,3497,3471],"class_list":{"0":"post-5667","1":"product","2":"type-product","3":"status-publish","4":"has-post-thumbnail","6":"product_cat-kaufen-forschungschemikalien","7":"product_tag-mchte-badesalz-online-kaufen","8":"product_tag-badesalz-droge","9":"product_tag-badesalze-drogenverkauf-online","10":"product_tag-badesalz-kaufen","11":"product_tag-badesalz-medikament-online-bestellen","12":"product_tag-badesalz-mit-paypal-online-kaufen","13":"product_tag-badesalz-online-bestellen","14":"product_tag-badesalze-online-bestellen-badesalze-grosshandel","15":"product_tag-badesalz-online-bestellen-cod","16":"product_tag-badesalz-online-mit-kreditkarte-bestellen","17":"product_tag-badesalz-medikament-online-kaufen","18":"product_tag-badesalze-online-verkaufen","19":"product_tag-badesalz-online-kaufen","20":"product_tag-badesalz-medikament-zum-verkauf-online","21":"product_tag-badesalz-kaufen-online-legal","22":"product_tag-badesalz-online-mit-kreditkarte-kaufen","23":"product_tag-badesalz-online-kaufen-wo-kann-ich-badesalz-online-kaufen","24":"product_tag-badesalze-zu-verkaufen","25":"product_tag-badesalz-online-verkauf-mit-kreditkarte","26":"product_tag-bath-salts-sales-online","27":"product_tag-bathsalts","28":"product_tag-best-quality-online-bath-salts","29":"product_tag-beste-badesalze","30":"product_tag-billig-badesalz","31":"product_tag-buy-amped-novelty-powder-500mg","32":"product_tag-buy-bath-salts-cod","33":"product_tag-buy-cheap-bath-salts-order-bath-salts-drug-online","34":"product_tag-buy-eight-ballz-bath-salts-online","35":"product_tag-buy-ivory-wave-bath-salt-1000mg","36":"product_tag-buy-ivory-wave-for-sale-online","37":"product_tag-buy-mephedrone-bath-salts-online-with-credit-card","38":"product_tag-buy-pump-it-bath-salt-1000mg","39":"product_tag-buy-rock-on-bath-salt-online","40":"product_tag-diskrete-badesalz-hndler-online","41":"product_tag-acht-ballz-badesalz-online-verkaufen","42":"product_tag-elfenbeinwelle","43":"product_tag-find-legit-badesalz-lieferanten-online","44":"product_tag-ivory-wave-bath-salts","45":"product_tag-k2-badesalz-online-kaufen","46":"product_tag-kannst-du-badesalze-im-handel-kaufen","47":"product_tag-kannst-du-noch-badesalz-kaufen","48":"product_tag-badesalze-online-mit-kreditkarte-kaufen","49":"product_tag-sexacy-badesalze-online-kaufen","50":"product_tag-synthetische-badesalze-online-kaufen","51":"product_tag-konzentrierte-badesalze","52":"product_tag-legale-badesalze-zum-verkauf-online","53":"product_tag-legitime-badesalz-lieferanten-online","54":"product_tag-mdpv-badesalz-zu-verkaufen","55":"product_tag-mephedron-badesalz-wo-zu-kaufen","56":"product_tag-mephedron-badesalz-zu-verkaufen","57":"product_tag-mephedron","58":"product_tag-badesalz-online-shop","59":"product_tag-purchase-bath-salts-online","60":"product_tag-qualitt-badesalz-arzneimittel-zum-online-verkauf","61":"product_tag-sicherster-online-shop-um-badesalze-zu-kaufen","62":"product_tag-vanille-himmel-badesalz-zu-verkaufen","63":"product_tag-was-machen-badesalze-tun","64":"product_tag-where-can-i-get-bath-salts","65":"product_tag-where-can-i-order-mdpv-bath-salts-online","66":"product_tag-wo-kann-ich-badesalz-online-kaufen","67":"product_tag-wolke-9-badesalz","69":"first","70":"instock","71":"shipping-taxable","72":"purchasable","73":"product-type-variable"},"yoast_head":"<!-- This site is optimized with the Yoast SEO plugin v27.3 - https:\/\/yoast.com\/product\/yoast-seo-wordpress\/ -->\n<title>Kaufen Sie Rock On Bath Salt online - Rock On Bath Salt - Best Global Meds<\/title>\n<meta name=\"description\" content=\"Kaufen Sie Rock On Badesalz zum Verkauf in Gro\u00dfbritannien, Europa, AU. Wir bieten die zuverl\u00e4ssigste Transaktion und verkaufen zu sehr g\u00fcnstigen Preisen. Rock On Badesalz jetzt zum besten Preis\" \/>\n<meta name=\"robots\" content=\"index, follow, max-snippet:-1, max-image-preview:large, max-video-preview:-1\" \/>\n<link rel=\"canonical\" href=\"https:\/\/medicinasinc.com\/de\/product\/kaufen-rock-on-badesalz\/\" \/>\n<meta property=\"og:locale\" content=\"de_DE\" \/>\n<meta property=\"og:type\" content=\"article\" \/>\n<meta property=\"og:title\" content=\"Kaufen Sie Rock On Bath Salt online - Rock On Bath Salt - Best Global Meds\" \/>\n<meta property=\"og:description\" content=\"Kaufen Sie Rock On Badesalz zum Verkauf in Gro\u00dfbritannien, Europa, AU. Wir bieten die zuverl\u00e4ssigste Transaktion und verkaufen zu sehr g\u00fcnstigen Preisen. Rock On Badesalz jetzt zum besten Preis\" \/>\n<meta property=\"og:url\" content=\"https:\/\/medicinasinc.com\/de\/product\/kaufen-rock-on-badesalz\/\" \/>\n<meta property=\"og:site_name\" content=\"Medicinas Inc\" \/>\n<meta property=\"article:modified_time\" content=\"2022-03-18T00:14:22+00:00\" \/>\n<meta property=\"og:image\" content=\"https:\/\/medicinasinc.com\/de\/wp-content\/uploads\/sites\/6\/2022\/02\/Buy-Rock-On-Bath-Salt.jpeg\" \/>\n\t<meta property=\"og:image:width\" content=\"640\" \/>\n\t<meta property=\"og:image:height\" content=\"428\" \/>\n\t<meta property=\"og:image:type\" content=\"image\/jpeg\" \/>\n<meta name=\"twitter:card\" content=\"summary_large_image\" \/>\n<meta name=\"twitter:label1\" content=\"Gesch\u00e4tzte Lesezeit\" \/>\n\t<meta name=\"twitter:data1\" content=\"1\u00a0Minute\" \/>\n<script type=\"application\/ld+json\" class=\"yoast-schema-graph\">{\"@context\":\"https:\\\/\\\/schema.org\",\"@graph\":[{\"@type\":\"WebPage\",\"@id\":\"https:\\\/\\\/medicinasinc.com\\\/de\\\/product\\\/kaufen-rock-on-badesalz\\\/\",\"url\":\"https:\\\/\\\/medicinasinc.com\\\/de\\\/product\\\/kaufen-rock-on-badesalz\\\/\",\"name\":\"Kaufen Sie Rock On Bath Salt online - Rock On Bath Salt - Best Global Meds\",\"isPartOf\":{\"@id\":\"https:\\\/\\\/medicinasinc.com\\\/de\\\/#website\"},\"primaryImageOfPage\":{\"@id\":\"https:\\\/\\\/medicinasinc.com\\\/de\\\/product\\\/kaufen-rock-on-badesalz\\\/#primaryimage\"},\"image\":{\"@id\":\"https:\\\/\\\/medicinasinc.com\\\/de\\\/product\\\/kaufen-rock-on-badesalz\\\/#primaryimage\"},\"thumbnailUrl\":\"https:\\\/\\\/medicinasinc.com\\\/de\\\/wp-content\\\/uploads\\\/sites\\\/6\\\/2022\\\/02\\\/Buy-Rock-On-Bath-Salt.jpeg\",\"datePublished\":\"2022-02-22T03:49:11+00:00\",\"dateModified\":\"2022-03-18T00:14:22+00:00\",\"description\":\"Kaufen Sie Rock On Badesalz zum Verkauf in Gro\u00dfbritannien, Europa, AU. Wir bieten die zuverl\u00e4ssigste Transaktion und verkaufen zu sehr g\u00fcnstigen Preisen. Rock On Badesalz jetzt zum besten Preis\",\"breadcrumb\":{\"@id\":\"https:\\\/\\\/medicinasinc.com\\\/de\\\/product\\\/kaufen-rock-on-badesalz\\\/#breadcrumb\"},\"inLanguage\":\"de\",\"potentialAction\":[{\"@type\":\"ReadAction\",\"target\":[\"https:\\\/\\\/medicinasinc.com\\\/de\\\/product\\\/kaufen-rock-on-badesalz\\\/\"]}]},{\"@type\":\"ImageObject\",\"inLanguage\":\"de\",\"@id\":\"https:\\\/\\\/medicinasinc.com\\\/de\\\/product\\\/kaufen-rock-on-badesalz\\\/#primaryimage\",\"url\":\"https:\\\/\\\/medicinasinc.com\\\/de\\\/wp-content\\\/uploads\\\/sites\\\/6\\\/2022\\\/02\\\/Buy-Rock-On-Bath-Salt.jpeg\",\"contentUrl\":\"https:\\\/\\\/medicinasinc.com\\\/de\\\/wp-content\\\/uploads\\\/sites\\\/6\\\/2022\\\/02\\\/Buy-Rock-On-Bath-Salt.jpeg\",\"width\":640,\"height\":428},{\"@type\":\"BreadcrumbList\",\"@id\":\"https:\\\/\\\/medicinasinc.com\\\/de\\\/product\\\/kaufen-rock-on-badesalz\\\/#breadcrumb\",\"itemListElement\":[{\"@type\":\"ListItem\",\"position\":1,\"name\":\"Einkaufen\",\"item\":\"https:\\\/\\\/medicinasinc.com\\\/de\\\/einkaufen\\\/\"},{\"@type\":\"ListItem\",\"position\":2,\"name\":\"Kaufen Sie Rock On Badesalz\"}]},{\"@type\":\"WebSite\",\"@id\":\"https:\\\/\\\/medicinasinc.com\\\/de\\\/#website\",\"url\":\"https:\\\/\\\/medicinasinc.com\\\/de\\\/\",\"name\":\"Medicinas Inc\",\"description\":\"Health Medical Clinic\",\"potentialAction\":[{\"@type\":\"SearchAction\",\"target\":{\"@type\":\"EntryPoint\",\"urlTemplate\":\"https:\\\/\\\/medicinasinc.com\\\/de\\\/?s={search_term_string}\"},\"query-input\":{\"@type\":\"PropertyValueSpecification\",\"valueRequired\":true,\"valueName\":\"search_term_string\"}}],\"inLanguage\":\"de\"}]}<\/script>\n<!-- \/ Yoast SEO plugin. -->","yoast_head_json":{"title":"Kaufen Sie Rock On Bath Salt online - Rock On Bath Salt - Best Global Meds","description":"Kaufen Sie Rock On Badesalz zum Verkauf in Gro\u00dfbritannien, Europa, AU. Wir bieten die zuverl\u00e4ssigste Transaktion und verkaufen zu sehr g\u00fcnstigen Preisen. Rock On Badesalz jetzt zum besten Preis","robots":{"index":"index","follow":"follow","max-snippet":"max-snippet:-1","max-image-preview":"max-image-preview:large","max-video-preview":"max-video-preview:-1"},"canonical":"https:\/\/medicinasinc.com\/de\/product\/kaufen-rock-on-badesalz\/","og_locale":"de_DE","og_type":"article","og_title":"Kaufen Sie Rock On Bath Salt online - Rock On Bath Salt - Best Global Meds","og_description":"Kaufen Sie Rock On Badesalz zum Verkauf in Gro\u00dfbritannien, Europa, AU. Wir bieten die zuverl\u00e4ssigste Transaktion und verkaufen zu sehr g\u00fcnstigen Preisen. Rock On Badesalz jetzt zum besten Preis","og_url":"https:\/\/medicinasinc.com\/de\/product\/kaufen-rock-on-badesalz\/","og_site_name":"Medicinas Inc","article_modified_time":"2022-03-18T00:14:22+00:00","og_image":[{"width":640,"height":428,"url":"https:\/\/medicinasinc.com\/de\/wp-content\/uploads\/sites\/6\/2022\/02\/Buy-Rock-On-Bath-Salt.jpeg","type":"image\/jpeg"}],"twitter_card":"summary_large_image","twitter_misc":{"Gesch\u00e4tzte Lesezeit":"1\u00a0Minute"},"schema":{"@context":"https:\/\/schema.org","@graph":[{"@type":"WebPage","@id":"https:\/\/medicinasinc.com\/de\/product\/kaufen-rock-on-badesalz\/","url":"https:\/\/medicinasinc.com\/de\/product\/kaufen-rock-on-badesalz\/","name":"Kaufen Sie Rock On Bath Salt online - Rock On Bath Salt - Best Global Meds","isPartOf":{"@id":"https:\/\/medicinasinc.com\/de\/#website"},"primaryImageOfPage":{"@id":"https:\/\/medicinasinc.com\/de\/product\/kaufen-rock-on-badesalz\/#primaryimage"},"image":{"@id":"https:\/\/medicinasinc.com\/de\/product\/kaufen-rock-on-badesalz\/#primaryimage"},"thumbnailUrl":"https:\/\/medicinasinc.com\/de\/wp-content\/uploads\/sites\/6\/2022\/02\/Buy-Rock-On-Bath-Salt.jpeg","datePublished":"2022-02-22T03:49:11+00:00","dateModified":"2022-03-18T00:14:22+00:00","description":"Kaufen Sie Rock On Badesalz zum Verkauf in Gro\u00dfbritannien, Europa, AU. Wir bieten die zuverl\u00e4ssigste Transaktion und verkaufen zu sehr g\u00fcnstigen Preisen. Rock On Badesalz jetzt zum besten Preis","breadcrumb":{"@id":"https:\/\/medicinasinc.com\/de\/product\/kaufen-rock-on-badesalz\/#breadcrumb"},"inLanguage":"de","potentialAction":[{"@type":"ReadAction","target":["https:\/\/medicinasinc.com\/de\/product\/kaufen-rock-on-badesalz\/"]}]},{"@type":"ImageObject","inLanguage":"de","@id":"https:\/\/medicinasinc.com\/de\/product\/kaufen-rock-on-badesalz\/#primaryimage","url":"https:\/\/medicinasinc.com\/de\/wp-content\/uploads\/sites\/6\/2022\/02\/Buy-Rock-On-Bath-Salt.jpeg","contentUrl":"https:\/\/medicinasinc.com\/de\/wp-content\/uploads\/sites\/6\/2022\/02\/Buy-Rock-On-Bath-Salt.jpeg","width":640,"height":428},{"@type":"BreadcrumbList","@id":"https:\/\/medicinasinc.com\/de\/product\/kaufen-rock-on-badesalz\/#breadcrumb","itemListElement":[{"@type":"ListItem","position":1,"name":"Einkaufen","item":"https:\/\/medicinasinc.com\/de\/einkaufen\/"},{"@type":"ListItem","position":2,"name":"Kaufen Sie Rock On Badesalz"}]},{"@type":"WebSite","@id":"https:\/\/medicinasinc.com\/de\/#website","url":"https:\/\/medicinasinc.com\/de\/","name":"Medicinas Inc","description":"Health Medical Clinic","potentialAction":[{"@type":"SearchAction","target":{"@type":"EntryPoint","urlTemplate":"https:\/\/medicinasinc.com\/de\/?s={search_term_string}"},"query-input":{"@type":"PropertyValueSpecification","valueRequired":true,"valueName":"search_term_string"}}],"inLanguage":"de"}]}},"_links":{"self":[{"href":"https:\/\/medicinasinc.com\/de\/wp-json\/wp\/v2\/product\/5667","targetHints":{"allow":["GET"]}}],"collection":[{"href":"https:\/\/medicinasinc.com\/de\/wp-json\/wp\/v2\/product"}],"about":[{"href":"https:\/\/medicinasinc.com\/de\/wp-json\/wp\/v2\/types\/product"}],"replies":[{"embeddable":true,"href":"https:\/\/medicinasinc.com\/de\/wp-json\/wp\/v2\/comments?post=5667"}],"wp:featuredmedia":[{"embeddable":true,"href":"https:\/\/medicinasinc.com\/de\/wp-json\/wp\/v2\/media\/5676"}],"wp:attachment":[{"href":"https:\/\/medicinasinc.com\/de\/wp-json\/wp\/v2\/media?parent=5667"}],"wp:term":[{"taxonomy":"product_brand","embeddable":true,"href":"https:\/\/medicinasinc.com\/de\/wp-json\/wp\/v2\/product_brand?post=5667"},{"taxonomy":"product_cat","embeddable":true,"href":"https:\/\/medicinasinc.com\/de\/wp-json\/wp\/v2\/product_cat?post=5667"},{"taxonomy":"product_tag","embeddable":true,"href":"https:\/\/medicinasinc.com\/de\/wp-json\/wp\/v2\/product_tag?post=5667"}],"curies":[{"name":"wp","href":"https:\/\/api.w.org\/{rel}","templated":true}]}}