{"id":5653,"date":"2022-02-22T03:27:38","date_gmt":"2022-02-22T03:27:38","guid":{"rendered":"https:\/\/medicinasinc.com\/de\/?post_type=product&#038;p=5653"},"modified":"2022-08-09T03:27:04","modified_gmt":"2022-08-09T03:27:04","slug":"kaufen-3-mmc-pulver","status":"publish","type":"product","link":"https:\/\/medicinasinc.com\/de\/product\/kaufen-3-mmc-pulver\/","title":{"rendered":"Kaufen Sie 3-mmc-Pulver"},"content":{"rendered":"<p>Der beste Ort, um 3-MMC-Pulver online zu kaufen, ist Best Global Meds, der beste Ort, um 3-MMC-Pulver von einem Chemikalienlieferanten in Europa zu kaufen.<\/p>\n<p>Bank\u00fcberweisung oder Bitcoin-Zahlungen? Sehen Sie sich die Details an der Kasse an.<br \/>\nBitte beachten Sie, dass Sie nur bei einem Dienst versichert sind, der nachverfolgt und versichert ist. Wenn Ihr Paket verloren geht, erhalten Sie nach 30 Tagen eine kostenlose R\u00fccksendung. Wenn Ihr Paket verloren geht, erhalten Sie keinen kostenlosen R\u00fcckversand.<br \/>\nBitcoin-Bestellungen, die vor 15:30\u00a0Uhr eingehen, werden noch am selben Tag versendet.<br \/>\nKaufen Sie 3MMC-Karten.<\/p>\n<p>Sie k\u00f6nnen Chemical kaufen 3-MMC-Pulver von www.bestglobalmeds.com in gro\u00dfen Mengen zu einem g\u00fcnstigen Preis.<\/p>\n<p>3-Methylmethcathinon oder 3-MMC ist ein Beispiel f\u00fcr ein Molek\u00fcl aus der Klasse der Cathinone, die ihnen hinzugef\u00fcgt wurden . Sie sind eine Art Amphetamin mit einem Phenylring, der \u00fcber eine Ethylkette und eine zus\u00e4tzliche Methylsubstitution an R mit einer Aminogruppe (NH2) verbunden ist.<\/p>\n<p>3-MMC und andere Cathinone unterscheiden sich voneinander andere, weil sie Keton-Substitutionen am Beta-Kohlenstoff des Amphetamin-Skeletts haben, was sie zu -Keto-Amphetaminen macht. Methylsubstitutionen: 3-MMC hat zwei auf seiner Cathinonstruktur, eine an R3 der Phenylgruppe und eine an der Stickstoffgruppe RN, wo die Methylgruppe hingeht. 3-MMC ist Mephedron \u00e4hnlich, bis auf eine Sache: Die Methylgruppe befindet sich an R3 statt an R4.<\/p>\n<p>Es gibt viele verschiedene M\u00f6glichkeiten, wie Sie 3-MMC-Pulver verwenden k\u00f6nnen, aber es ist nur so gedacht f\u00fcr die Forschung verwendet. Es kann f\u00fcr keines dieser anderen Dinge verwendet werden.<\/p>\n<p>Bevor Sie Forschungschemikalien kaufen, vergewissern Sie sich, dass Sie die richtigen Werkzeuge haben und dass Ihr Arbeitsbereich gut bel\u00fcftet ist.<\/p>\n<p>Sie m\u00fcssen mindestens 18 Jahre alt sein, um diesen Artikel zu kaufen.<\/p>\n<p>Das 3-MMC-Pulver ist in unserem Heimatland, in dem wir leben, legal. Es liegt an Ihnen, die Gesetze in Ihrem Land, Landkreis, Ihrer Region, Ihrem Staat oder Ihrer Stadt zu kennen und zu befolgen. Wir sind nicht verantwortlich f\u00fcr das, was Sie tun oder was nach Ihrer Bestellung passiert.<\/p>\n","protected":false},"excerpt":{"rendered":"<p>3-Methylmethcathinon, auch bekannt als 3-MMC oder Metaphedron[1], ist ein neues Medikament. Das Hydrochloridsalz von 3-MMC ist ein wei\u00dfes Pulver, das wie Flocken aussieht.<\/p>\n<p>Wo kann ich 3-MMC-Pulver zum Verkauf in Gro\u00dfbritannien und Europa kaufen? In Kristall-, Pellet- und Pulverform bieten wir hochwertiges 3-MMC zum Verkauf an. Sie k\u00f6nnen es bei uns bei Best Global Meds kaufen.<\/p>\n<p>Es ist einfach, 3-MMC-Pulver online bei einem Unternehmen namens Bestglobalmeds.com zu kaufen, das einer der besten Chemikalienlieferanten in Europa ist. Bank\u00fcberweisung oder Bitcoin-Zahlungen sind zwei M\u00f6glichkeiten, Dinge zu bezahlen.<\/p>\n","protected":false},"featured_media":5664,"comment_status":"open","ping_status":"closed","template":"","meta":[],"product_brand":[],"product_cat":[2014],"product_tag":[2101,2337,2102,2395,2103,2105,2131,2326,2104,2327,2107,2110,2111,2112,2113,2114,2115,2116,2144,2118,2119,2108,2120,2121,2122,2123,2124,2127,2128,2129,2130,2135,2136,2137,2139,2143,2140,2141,2142,2117,2106,2125,2399,2126,2368,2134,2138,2133,2132,2398,2145,2146,2152,2229,2153,2150,2151,2155,2179,2331,2156,2387,2332,2157,2388,2333,2158,2431,2372,2159,2160,2165,2166,2167,2168,2172,2173,2174,2175,2176,2177,2180,2182,2183,2186,2191,2192,2193,2194,2199,2200,2201,2203,2202,2204,2209,2210,2211,2212,2216,2217,2218,2205,2208,2213,2219,2221,2222,2223,2225,2226,2232,2233,2234,2238,2240,2243,2244,2245,2246,2247,2248,2249,2250,2252,2253,2254,2255,2256,2257,2258,2259,2260,2261,2262,2264,2266,2267,2268,2269,2270,2271,2276,2277,2278,2279,2418,2345,2335,3500,2280,2282,2283,2284,2285,2287,2288,2289,2290,2293,2185,2281,2187,2188,2189,2190,2286,2272,2305,2274,2195,2196,2308,2360,2198,2407,2294,2322,2346,2295,2323,2297,2298,2299,2300,2301,2303,2302,2304,2306,2307,2309,2220,2421,2422,2163,2161,2162,2384,2414,2227,2228,2428,2430,2169,2310,2311,2312,2313,2314,2316,2315,2317,2318,2319,2320,2321,2328,2329,2334,2336,2325,2338,2339,2340,2330,2341,2342,2343,2344,2347,2207,2215,2206,2214,2348,2349,2350,2351,2352,2353,2354,2355,2356,2357,2358,2359,2361,2362,2363,2364,2365,2366,2367,2369,2370,2371,2374,2379,2380,2381,2382,2383,2385,2386,2389,2390,2392,2324,2394,2396,2397,2400,2401,2402,2404,2405,2406,2426,2427,2429,2435,2436,2437,2438,2439,2440,2441,2442,2443,2444,2445,2446,2447,2449,2450,2451,2452,2453,2454,2455,2456,2457,2458,2459,2460,2461,2462,2463,2464,2465,2466,2467,2469,2468,2470,2471,2472,2473,2474,2475,2476],"class_list":{"0":"post-5653","1":"product","2":"type-product","3":"status-publish","4":"has-post-thumbnail","6":"product_cat-kaufen-forschungschemikalien","7":"product_tag-2-fdck","8":"product_tag-magazin-2-fdck","9":"product_tag-2-mmc","10":"product_tag-store-2-mmc","11":"product_tag-3-cmc","12":"product_tag-3-mmc","13":"product_tag-3-mmc-puder-effekt","14":"product_tag-store-3-cmc","15":"product_tag-3mm","16":"product_tag-store-3-mma","17":"product_tag-3-mmc-bulgarien","18":"product_tag-3-mmc-cyprus","19":"product_tag-3-mmc-czechia","20":"product_tag-3-mmc-denmark","21":"product_tag-3-mmc-estland","22":"product_tag-3-mmc-finnland","23":"product_tag-3-mmc-frankreich","24":"product_tag-3-mmc-griechenland","25":"product_tag-3-mmc-grohandel","26":"product_tag-3-mmc-irland","27":"product_tag-3-mmc-italien","28":"product_tag-3-mmc-kroatien","29":"product_tag-3-mmc-latvia","30":"product_tag-3-mmc-litauen","31":"product_tag-3-mmc-luxemburg","32":"product_tag-3-mmc-malta","33":"product_tag-3-mmc-niederlande","34":"product_tag-3-mmc-polen","35":"product_tag-3-mmc-portugal","36":"product_tag-3-mmc-powder","37":"product_tag-3-mmc-powder-bulk","38":"product_tag-3-mmc-powder-reddit","39":"product_tag-3-mmc-powder-sale","40":"product_tag-3-mmc-powder-sales","41":"product_tag-3-mmc-rumnien","42":"product_tag-3-mmc-schweden","43":"product_tag-3-mmc-slowakei","44":"product_tag-3-mmc-slowenien","45":"product_tag-3-mmc-spain","46":"product_tag-3-mmc-ungarn","47":"product_tag-3-mmc-bitcoin","48":"product_tag-3-mmc-pellets","49":"product_tag-store-3-mmc-pellets","50":"product_tag-3-mmc-pillen","51":"product_tag-shop-3-mmc-pillen","52":"product_tag-3-mmc-pulver-bestellung","53":"product_tag-3-mmc-pulver-grohandel","54":"product_tag-3-mmc-pulver-online","55":"product_tag-3-mmc-pulver-zum-verkauf","56":"product_tag-store-3-mmc","57":"product_tag-3mmc","58":"product_tag-3mmc-belgien","59":"product_tag-3mmc-grohandel","60":"product_tag-kaufen-3mmc","61":"product_tag-3mmc-mit-bitcoin","62":"product_tag-3mmc-romania","63":"product_tag-3mmc-spanien","64":"product_tag-4-cmc","65":"product_tag-kaufen-4-cmc","66":"product_tag-store-4-cmc","67":"product_tag-5-mmpa","68":"product_tag-shop-5-mmpa","69":"product_tag-store-5-mmpa","70":"product_tag-a-php","71":"product_tag-shop-a-php","72":"product_tag-store-a-php","73":"product_tag-a-pihp","74":"product_tag-vasarold-meg-pihp","75":"product_tag-shop-at-pihp","76":"product_tag-acheter-2-fdck","77":"product_tag-acheter-2-mmc","78":"product_tag-acheter-3-mmc-pills","79":"product_tag-acheter-4-cmc","80":"product_tag-acheter-5-mmpa","81":"product_tag-acheter-a-php","82":"product_tag-acquista-2-fdck","83":"product_tag-acquista-2-mmc","84":"product_tag-acquista-3-cmc","85":"product_tag-acquista-3-mma","86":"product_tag-acquista-3-mmc","87":"product_tag-acquista-3-mmc-pellets","88":"product_tag-acquista-5-mmpa","89":"product_tag-acquista-a-pihp","90":"product_tag-acquista-eutylone","91":"product_tag-al-por-mayor-2-mmc","92":"product_tag-al-por-mayor-3-mmc-pills","93":"product_tag-al-por-mayor-4-cmc","94":"product_tag-al-por-mayor-5-mmpa","95":"product_tag-al-por-mayor-a-php","96":"product_tag-best-3-cmc","97":"product_tag-best-3-mmc","98":"product_tag-best-4-cmc","99":"product_tag-best-hexedrone","100":"product_tag-best-a-pihp","101":"product_tag-best-hexen","102":"product_tag-bulk-3-mmc","103":"product_tag-bulk-3-mmc-pellets","104":"product_tag-bulk-3-mmc-pills","105":"product_tag-bulk-4-cmc","106":"product_tag-bulk-eutylone","107":"product_tag-bulk-hexedrone","108":"product_tag-bulk-hexen","109":"product_tag-bulk-2-fdck","110":"product_tag-masse-3-mmma","111":"product_tag-bulk-5-mmpa","112":"product_tag-buy-2-fdck","113":"product_tag-buy-3-cmc","114":"product_tag-buy-3-mma","115":"product_tag-buy-3-mmc","116":"product_tag-buy-3-mmc-pellets","117":"product_tag-buy-3-mmc-pills","118":"product_tag-buy-3mmc-powder","119":"product_tag-buy-4-cmc","120":"product_tag-buy-5-mmpa","121":"product_tag-buy-eutylone","122":"product_tag-buy-hexen","123":"product_tag-comprar-2-fdck","124":"product_tag-comprar-2-mmc","125":"product_tag-comprar-3-cmc","126":"product_tag-comprar-3-mma","127":"product_tag-comprar-3-mmc","128":"product_tag-comprar-3-mmc-pellets","129":"product_tag-comprar-3-mmc-pills","130":"product_tag-comprar-4-cmc","131":"product_tag-comprar-a-php","132":"product_tag-comprar-a-pihp","133":"product_tag-comprar-eutylone","134":"product_tag-comprar-hexedrone","135":"product_tag-comprar-hexen","136":"product_tag-cumpara-2-fdck","137":"product_tag-cumpara-3-cmc","138":"product_tag-cumpara-3-mma","139":"product_tag-cumpara-3-mmc","140":"product_tag-cumpara-4-cmc","141":"product_tag-cumpara-5-mmpa","142":"product_tag-cumpara-a-pihp","143":"product_tag-cumpara-hexedrone","144":"product_tag-cumpara-hexen","145":"product_tag-en-gros-2-fdck","146":"product_tag-en-gros-3-cmc","147":"product_tag-en-gros-3-mma","148":"product_tag-en-gros-3-mmc","149":"product_tag-en-gros-eutylone","150":"product_tag-en-gros-hexedrone","151":"product_tag-en-gros-hexen","152":"product_tag-etylon","153":"product_tag-take-off-eutylon","154":"product_tag-etylon-laden","155":"product_tag-store-etylon","156":"product_tag-forschungschemikalie-3-mmc-pulver","157":"product_tag-groothandel-2-fdck","158":"product_tag-groothandel-3-cmc","159":"product_tag-groothandel-3-mma","160":"product_tag-groothandel-3-mmc","161":"product_tag-groothandel-3-mmc-pellets","162":"product_tag-groothandel-4-cmc","163":"product_tag-groothandel-5-mmpa","164":"product_tag-groothandel-a-php","165":"product_tag-groothandel-a-pihp","166":"product_tag-groothandel-hexen","167":"product_tag-grohandel-2-fdck","168":"product_tag-grohandel-2-mmc","169":"product_tag-grohandel-3-cmc","170":"product_tag-grohandel-3-mma","171":"product_tag-grohandel-3-mmc","172":"product_tag-grohandel-3-mmc-pellets","173":"product_tag-grohandel-3-mmc-pillen","174":"product_tag-grohandel-4-cmc","175":"product_tag-grohandel-5-mmpa","176":"product_tag-grohandel-a-php","177":"product_tag-grohandel-zu-pihp","178":"product_tag-grohandel-eutylon","179":"product_tag-ingrosso-etylon","180":"product_tag-grohandel-hexedrone","181":"product_tag-grohandel-hexen","182":"product_tag-store-hexen","183":"product_tag-hexedron","184":"product_tag-hexedron-kaufen","185":"product_tag-hexedrone-shop","186":"product_tag-hexen","187":"product_tag-hexen-kaufen","188":"product_tag-ingrosso-2-fdck","189":"product_tag-ingrosso-2-mmc","190":"product_tag-ingrosso-3-cmc","191":"product_tag-ingrosso-3-mma","192":"product_tag-ingrosso-3-mmc","193":"product_tag-ingrosso-3-mmc-pills","194":"product_tag-ingrosso-3-mmc-pellets","195":"product_tag-ingrosso-4-cmc","196":"product_tag-ingrosso-a-php","197":"product_tag-ingrosso-a-pihp","198":"product_tag-ingrosso-hexen","199":"product_tag-kaufen-2-mmc","200":"product_tag-vasarold-meg-2-fdck","201":"product_tag-vasarold-meg-2-mmc","202":"product_tag-kaufen-3-mmc","203":"product_tag-kaufen-3-cmc","204":"product_tag-kaufen-3-mma","205":"product_tag-shop-3-mmc-pellets","206":"product_tag-take-off-3-mmc-pillen","207":"product_tag-kaufe-3-mmc-pulver-europa","208":"product_tag-kaufen-3-mmc-pulver-uk","209":"product_tag-vasarold-meg-4-cmc","210":"product_tag-vasarold-meg-a-php","211":"product_tag-kaufen-bei-pihp","212":"product_tag-koop-2-fdck","213":"product_tag-koop-2-mmc","214":"product_tag-koop-3-cmc","215":"product_tag-koop-3-mma","216":"product_tag-koop-3-mmc","217":"product_tag-koop-3-mmc-pills","218":"product_tag-koop-3-mmc-pellets","219":"product_tag-koop-4-cmc","220":"product_tag-koop-5-mmpa","221":"product_tag-koop-a-php","222":"product_tag-koop-a-pihp","223":"product_tag-koop-eutylone","224":"product_tag-magasin-3-mmc","225":"product_tag-magasin-3-mmc-pellets","226":"product_tag-magasin-a-pihp","227":"product_tag-magasin-hexen","228":"product_tag-magazin-2-mmc","229":"product_tag-magazin-3-cmc","230":"product_tag-magazin-3-mma","231":"product_tag-magazin-3-mmc","232":"product_tag-magazin-3-mmc-pillen","233":"product_tag-magazin-4-cmc","234":"product_tag-magazin-5-mmpa","235":"product_tag-magazin-a-php","236":"product_tag-magazin-a-pihp","237":"product_tag-magazin-hexen","238":"product_tag-bulk-3-cmc","239":"product_tag-bulk-a-pihp","240":"product_tag-bulk-2-mmc","241":"product_tag-bulk-a-php","242":"product_tag-nagykereskedelem-2-fdck","243":"product_tag-nagykereskedelem-2-mmc","244":"product_tag-nagykereskedelem-3-cmc","245":"product_tag-nagykereskedelem-3-mma","246":"product_tag-nagykereskedelem-3-mmc","247":"product_tag-nagykereskedelem-3-mmc-pellets","248":"product_tag-nagykereskedelem-3-mmc-pills","249":"product_tag-nagykereskedelem-4-cmc","250":"product_tag-nagykereskedelem-5-mmpa","251":"product_tag-nagykereskedelem-a-php","252":"product_tag-nagykereskedelem-a-pihp","253":"product_tag-nagykereskedelem-eutylone","254":"product_tag-nagykereskedelem-hexen","255":"product_tag-negozio-2-fdck","256":"product_tag-negozio-2-mmc","257":"product_tag-negozio-3-cmc","258":"product_tag-negozio-3-mma","259":"product_tag-negozio-3-mmc","260":"product_tag-negozio-3-mmc-pellets","261":"product_tag-negozio-4-cmc","262":"product_tag-negozio-5-mmpa","263":"product_tag-negozio-a-php","264":"product_tag-negozio-hexen","265":"product_tag-shop-2-fdck","266":"product_tag-shop-2-mmc","267":"product_tag-shop-3-cmc","268":"product_tag-shop-3-mma","269":"product_tag-shop-3-mmc","270":"product_tag-shop-3-mmc-pills","271":"product_tag-shop-4-cmc","272":"product_tag-shop-a-pihp","273":"product_tag-shop-eutylone","274":"product_tag-shop-hexen","275":"product_tag-store-2-fdck","276":"product_tag-tienda-2-fdck","277":"product_tag-tienda-3-cmc","278":"product_tag-tienda-3-mma","279":"product_tag-tienda-3-mmc-pills","280":"product_tag-tienda-4-cmc","281":"product_tag-tienda-5-mmpa","282":"product_tag-tienda-a-pihp","283":"product_tag-tienda-eutylone","284":"product_tag-tienda-hexedrone","285":"product_tag-vasarold-meg-3-mmc-pellets","286":"product_tag-vasarold-meg-3-mmc-pills","287":"product_tag-vasarold-meg-5-mmpa","288":"product_tag-vente-en-gros-2-fdck","289":"product_tag-vente-en-gros-2-mmc","290":"product_tag-vente-en-gros-3-cmc","291":"product_tag-vente-en-gros-3-mma","292":"product_tag-vente-en-gros-3-mmc","293":"product_tag-vente-en-gros-3-mmc-pellets","294":"product_tag-vente-en-gros-3-mmc-pills","295":"product_tag-vente-en-gros-4-cmc","296":"product_tag-vente-en-gros-5-mmpa","297":"product_tag-vente-en-gros-a-php","298":"product_tag-vente-en-gros-a-pihp","299":"product_tag-vente-en-gros-eutylone","300":"product_tag-vente-en-gros-hexen","301":"product_tag-wholesale-2-fdck","302":"product_tag-wholesale-2-mmc","303":"product_tag-wholesale-3-cmc","304":"product_tag-wholesale-3-mma","305":"product_tag-wholesale-3-mmc","306":"product_tag-wholesale-3-mmc-pellets","307":"product_tag-wholesale-3-mmc-pills","308":"product_tag-wholesale-4-cmc","309":"product_tag-wholesale-5-mmpa","310":"product_tag-wholesale-a-php","311":"product_tag-wholesale-a-pihp","312":"product_tag-wholesale-eutylone","313":"product_tag-wholesale-hexedrone","314":"product_tag-wholesale-hexen","315":"product_tag-winkel-2-fdck","316":"product_tag-winkel-2-mmc","317":"product_tag-winkel-3-cmc","318":"product_tag-winkel-3-mma","319":"product_tag-winkel-3-mmc","320":"product_tag-winkel-3-mmc-pills","321":"product_tag-winkel-3-mmc-pellets","322":"product_tag-winkel-4-cmc","323":"product_tag-winkel-5-mmpa","324":"product_tag-winkel-a-php","325":"product_tag-winkel-a-pihp","326":"product_tag-winkel-eutylone","327":"product_tag-winkel-hexedrone","328":"product_tag-winkel-hexen","330":"first","331":"instock","332":"shipping-taxable","333":"purchasable","334":"product-type-variable","335":"has-default-attributes"},"yoast_head":"<!-- This site is optimized with the Yoast SEO plugin v27.3 - https:\/\/yoast.com\/product\/yoast-seo-wordpress\/ -->\n<title>Kaufen Sie 3-mmc-Pulver - 3-mmc-Pulver zum Verkauf - Best Global Meds<\/title>\n<meta name=\"description\" content=\"Wo kann man 3-mmc-Pulver zum Verkauf in Gro\u00dfbritannien und Europa kaufen? Hier bei Medicinas Inc bieten wir hochwertiges 3-MMC-Pulver zum Verkauf in Kristall-, Pellet- und Pulverform an.\" \/>\n<meta name=\"robots\" content=\"index, follow, max-snippet:-1, max-image-preview:large, max-video-preview:-1\" \/>\n<link rel=\"canonical\" href=\"https:\/\/medicinasinc.com\/de\/product\/kaufen-3-mmc-pulver\/\" \/>\n<meta property=\"og:locale\" content=\"de_DE\" \/>\n<meta property=\"og:type\" content=\"article\" \/>\n<meta property=\"og:title\" content=\"Kaufen Sie 3-mmc-Pulver - 3-mmc-Pulver zum Verkauf - Best Global Meds\" \/>\n<meta property=\"og:description\" content=\"Wo kann man 3-mmc-Pulver zum Verkauf in Gro\u00dfbritannien und Europa kaufen? Hier bei Medicinas Inc bieten wir hochwertiges 3-MMC-Pulver zum Verkauf in Kristall-, Pellet- und Pulverform an.\" \/>\n<meta property=\"og:url\" content=\"https:\/\/medicinasinc.com\/de\/product\/kaufen-3-mmc-pulver\/\" \/>\n<meta property=\"og:site_name\" content=\"Medicinas Inc\" \/>\n<meta property=\"article:modified_time\" content=\"2022-08-09T03:27:04+00:00\" \/>\n<meta property=\"og:image\" content=\"https:\/\/medicinasinc.com\/de\/wp-content\/uploads\/sites\/6\/2022\/02\/3-MMC-powder.jpg\" \/>\n\t<meta property=\"og:image:width\" content=\"350\" \/>\n\t<meta property=\"og:image:height\" content=\"350\" \/>\n\t<meta property=\"og:image:type\" content=\"image\/jpeg\" \/>\n<meta name=\"twitter:card\" content=\"summary_large_image\" \/>\n<meta name=\"twitter:label1\" content=\"Gesch\u00e4tzte Lesezeit\" \/>\n\t<meta name=\"twitter:data1\" content=\"2\u00a0Minuten\" \/>\n<script type=\"application\/ld+json\" class=\"yoast-schema-graph\">{\"@context\":\"https:\\\/\\\/schema.org\",\"@graph\":[{\"@type\":\"WebPage\",\"@id\":\"https:\\\/\\\/medicinasinc.com\\\/de\\\/product\\\/kaufen-3-mmc-pulver\\\/\",\"url\":\"https:\\\/\\\/medicinasinc.com\\\/de\\\/product\\\/kaufen-3-mmc-pulver\\\/\",\"name\":\"Kaufen Sie 3-mmc-Pulver - 3-mmc-Pulver zum Verkauf - Best Global Meds\",\"isPartOf\":{\"@id\":\"https:\\\/\\\/medicinasinc.com\\\/de\\\/#website\"},\"primaryImageOfPage\":{\"@id\":\"https:\\\/\\\/medicinasinc.com\\\/de\\\/product\\\/kaufen-3-mmc-pulver\\\/#primaryimage\"},\"image\":{\"@id\":\"https:\\\/\\\/medicinasinc.com\\\/de\\\/product\\\/kaufen-3-mmc-pulver\\\/#primaryimage\"},\"thumbnailUrl\":\"https:\\\/\\\/medicinasinc.com\\\/de\\\/wp-content\\\/uploads\\\/sites\\\/6\\\/2022\\\/02\\\/3-MMC-powder.jpg\",\"datePublished\":\"2022-02-22T03:27:38+00:00\",\"dateModified\":\"2022-08-09T03:27:04+00:00\",\"description\":\"Wo kann man 3-mmc-Pulver zum Verkauf in Gro\u00dfbritannien und Europa kaufen? Hier bei Medicinas Inc bieten wir hochwertiges 3-MMC-Pulver zum Verkauf in Kristall-, Pellet- und Pulverform an.\",\"breadcrumb\":{\"@id\":\"https:\\\/\\\/medicinasinc.com\\\/de\\\/product\\\/kaufen-3-mmc-pulver\\\/#breadcrumb\"},\"inLanguage\":\"de\",\"potentialAction\":[{\"@type\":\"ReadAction\",\"target\":[\"https:\\\/\\\/medicinasinc.com\\\/de\\\/product\\\/kaufen-3-mmc-pulver\\\/\"]}]},{\"@type\":\"ImageObject\",\"inLanguage\":\"de\",\"@id\":\"https:\\\/\\\/medicinasinc.com\\\/de\\\/product\\\/kaufen-3-mmc-pulver\\\/#primaryimage\",\"url\":\"https:\\\/\\\/medicinasinc.com\\\/de\\\/wp-content\\\/uploads\\\/sites\\\/6\\\/2022\\\/02\\\/3-MMC-powder.jpg\",\"contentUrl\":\"https:\\\/\\\/medicinasinc.com\\\/de\\\/wp-content\\\/uploads\\\/sites\\\/6\\\/2022\\\/02\\\/3-MMC-powder.jpg\",\"width\":350,\"height\":350},{\"@type\":\"BreadcrumbList\",\"@id\":\"https:\\\/\\\/medicinasinc.com\\\/de\\\/product\\\/kaufen-3-mmc-pulver\\\/#breadcrumb\",\"itemListElement\":[{\"@type\":\"ListItem\",\"position\":1,\"name\":\"Einkaufen\",\"item\":\"https:\\\/\\\/medicinasinc.com\\\/de\\\/einkaufen\\\/\"},{\"@type\":\"ListItem\",\"position\":2,\"name\":\"Kaufen Sie 3-mmc-Pulver\"}]},{\"@type\":\"WebSite\",\"@id\":\"https:\\\/\\\/medicinasinc.com\\\/de\\\/#website\",\"url\":\"https:\\\/\\\/medicinasinc.com\\\/de\\\/\",\"name\":\"Medicinas Inc\",\"description\":\"Health Medical Clinic\",\"potentialAction\":[{\"@type\":\"SearchAction\",\"target\":{\"@type\":\"EntryPoint\",\"urlTemplate\":\"https:\\\/\\\/medicinasinc.com\\\/de\\\/?s={search_term_string}\"},\"query-input\":{\"@type\":\"PropertyValueSpecification\",\"valueRequired\":true,\"valueName\":\"search_term_string\"}}],\"inLanguage\":\"de\"}]}<\/script>\n<!-- \/ Yoast SEO plugin. -->","yoast_head_json":{"title":"Kaufen Sie 3-mmc-Pulver - 3-mmc-Pulver zum Verkauf - Best Global Meds","description":"Wo kann man 3-mmc-Pulver zum Verkauf in Gro\u00dfbritannien und Europa kaufen? Hier bei Medicinas Inc bieten wir hochwertiges 3-MMC-Pulver zum Verkauf in Kristall-, Pellet- und Pulverform an.","robots":{"index":"index","follow":"follow","max-snippet":"max-snippet:-1","max-image-preview":"max-image-preview:large","max-video-preview":"max-video-preview:-1"},"canonical":"https:\/\/medicinasinc.com\/de\/product\/kaufen-3-mmc-pulver\/","og_locale":"de_DE","og_type":"article","og_title":"Kaufen Sie 3-mmc-Pulver - 3-mmc-Pulver zum Verkauf - Best Global Meds","og_description":"Wo kann man 3-mmc-Pulver zum Verkauf in Gro\u00dfbritannien und Europa kaufen? Hier bei Medicinas Inc bieten wir hochwertiges 3-MMC-Pulver zum Verkauf in Kristall-, Pellet- und Pulverform an.","og_url":"https:\/\/medicinasinc.com\/de\/product\/kaufen-3-mmc-pulver\/","og_site_name":"Medicinas Inc","article_modified_time":"2022-08-09T03:27:04+00:00","og_image":[{"width":350,"height":350,"url":"https:\/\/medicinasinc.com\/de\/wp-content\/uploads\/sites\/6\/2022\/02\/3-MMC-powder.jpg","type":"image\/jpeg"}],"twitter_card":"summary_large_image","twitter_misc":{"Gesch\u00e4tzte Lesezeit":"2\u00a0Minuten"},"schema":{"@context":"https:\/\/schema.org","@graph":[{"@type":"WebPage","@id":"https:\/\/medicinasinc.com\/de\/product\/kaufen-3-mmc-pulver\/","url":"https:\/\/medicinasinc.com\/de\/product\/kaufen-3-mmc-pulver\/","name":"Kaufen Sie 3-mmc-Pulver - 3-mmc-Pulver zum Verkauf - Best Global Meds","isPartOf":{"@id":"https:\/\/medicinasinc.com\/de\/#website"},"primaryImageOfPage":{"@id":"https:\/\/medicinasinc.com\/de\/product\/kaufen-3-mmc-pulver\/#primaryimage"},"image":{"@id":"https:\/\/medicinasinc.com\/de\/product\/kaufen-3-mmc-pulver\/#primaryimage"},"thumbnailUrl":"https:\/\/medicinasinc.com\/de\/wp-content\/uploads\/sites\/6\/2022\/02\/3-MMC-powder.jpg","datePublished":"2022-02-22T03:27:38+00:00","dateModified":"2022-08-09T03:27:04+00:00","description":"Wo kann man 3-mmc-Pulver zum Verkauf in Gro\u00dfbritannien und Europa kaufen? Hier bei Medicinas Inc bieten wir hochwertiges 3-MMC-Pulver zum Verkauf in Kristall-, Pellet- und Pulverform an.","breadcrumb":{"@id":"https:\/\/medicinasinc.com\/de\/product\/kaufen-3-mmc-pulver\/#breadcrumb"},"inLanguage":"de","potentialAction":[{"@type":"ReadAction","target":["https:\/\/medicinasinc.com\/de\/product\/kaufen-3-mmc-pulver\/"]}]},{"@type":"ImageObject","inLanguage":"de","@id":"https:\/\/medicinasinc.com\/de\/product\/kaufen-3-mmc-pulver\/#primaryimage","url":"https:\/\/medicinasinc.com\/de\/wp-content\/uploads\/sites\/6\/2022\/02\/3-MMC-powder.jpg","contentUrl":"https:\/\/medicinasinc.com\/de\/wp-content\/uploads\/sites\/6\/2022\/02\/3-MMC-powder.jpg","width":350,"height":350},{"@type":"BreadcrumbList","@id":"https:\/\/medicinasinc.com\/de\/product\/kaufen-3-mmc-pulver\/#breadcrumb","itemListElement":[{"@type":"ListItem","position":1,"name":"Einkaufen","item":"https:\/\/medicinasinc.com\/de\/einkaufen\/"},{"@type":"ListItem","position":2,"name":"Kaufen Sie 3-mmc-Pulver"}]},{"@type":"WebSite","@id":"https:\/\/medicinasinc.com\/de\/#website","url":"https:\/\/medicinasinc.com\/de\/","name":"Medicinas Inc","description":"Health Medical Clinic","potentialAction":[{"@type":"SearchAction","target":{"@type":"EntryPoint","urlTemplate":"https:\/\/medicinasinc.com\/de\/?s={search_term_string}"},"query-input":{"@type":"PropertyValueSpecification","valueRequired":true,"valueName":"search_term_string"}}],"inLanguage":"de"}]}},"_links":{"self":[{"href":"https:\/\/medicinasinc.com\/de\/wp-json\/wp\/v2\/product\/5653","targetHints":{"allow":["GET"]}}],"collection":[{"href":"https:\/\/medicinasinc.com\/de\/wp-json\/wp\/v2\/product"}],"about":[{"href":"https:\/\/medicinasinc.com\/de\/wp-json\/wp\/v2\/types\/product"}],"replies":[{"embeddable":true,"href":"https:\/\/medicinasinc.com\/de\/wp-json\/wp\/v2\/comments?post=5653"}],"wp:featuredmedia":[{"embeddable":true,"href":"https:\/\/medicinasinc.com\/de\/wp-json\/wp\/v2\/media\/5664"}],"wp:attachment":[{"href":"https:\/\/medicinasinc.com\/de\/wp-json\/wp\/v2\/media?parent=5653"}],"wp:term":[{"taxonomy":"product_brand","embeddable":true,"href":"https:\/\/medicinasinc.com\/de\/wp-json\/wp\/v2\/product_brand?post=5653"},{"taxonomy":"product_cat","embeddable":true,"href":"https:\/\/medicinasinc.com\/de\/wp-json\/wp\/v2\/product_cat?post=5653"},{"taxonomy":"product_tag","embeddable":true,"href":"https:\/\/medicinasinc.com\/de\/wp-json\/wp\/v2\/product_tag?post=5653"}],"curies":[{"name":"wp","href":"https:\/\/api.w.org\/{rel}","templated":true}]}}