{"id":5652,"date":"2022-02-22T03:24:25","date_gmt":"2022-02-22T03:24:25","guid":{"rendered":"https:\/\/medicinasinc.com\/de\/?post_type=product&#038;p=5652"},"modified":"2022-03-18T00:14:46","modified_gmt":"2022-03-18T00:14:46","slug":"quecksilber-badesalz-kaufen","status":"publish","type":"product","link":"https:\/\/medicinasinc.com\/de\/product\/quecksilber-badesalz-kaufen\/","title":{"rendered":"Kaufen Sie Quicksilver Badesalz"},"content":{"rendered":"<p><strong>Sie k\u00f6nnen Quick Silver Badesalz im Internet kaufen.<\/strong><\/p>\n<p>In Gro\u00dfbritannien, Europa und Australien k\u00f6nnen Sie Quicksilver Badesalz f\u00fcr viel Geld kaufen. Kunden, die bei uns kaufen, k\u00f6nnen sicher sein, dass sie das bekommen, wof\u00fcr sie bezahlen. Jetzt ist die beste Zeit, Quicksilver Badesalz zu den besten Preisen zu kaufen.<\/p>\n<div class=\"product-next- previous\">\n<div class=\"product-prev\"><\/div><\/div>\n","protected":false},"excerpt":{"rendered":"<div class=\"woocommerce-product-details__short-description\">\n<p>Konzentriertes Badesalz der besten Marken. Methylaminopropan: Methiopropamin ist 1-Thiophen-2-yl-2-methylaminopropan.<\/p>\n<p>Zum besten Preis k\u00f6nnen Sie QuickSilver Badesalz online kaufen. Wir versprechen einen sicheren Versand in die ganze Welt.<\/p>\n<p>Kaufen Sie 1000 mg QuickSilver Badesalz online. Konzentriertes Badesalz der besten Marken. 1-(Thiophen-2-yl)-2-methylaminopropan wird als Methiopropamin bezeichnet.<\/p>\n<\/p><\/div>\n","protected":false},"featured_media":5662,"comment_status":"open","ping_status":"closed","template":"","meta":[],"product_brand":[],"product_cat":[2014],"product_tag":[3479,3432,3433,3435,3097,3483,3451,3484,3485,3486,3487,3445,3436,3446,3434,3447,3449,3448,3095,3437,3439,3440,3442,3441,3470,3443,3444,3452,3453,3454,3455,3457,3458,3459,3460,3461,3462,3465,3473,3474,3476,3475,3493,3083,3456,3468,3469,3450,3463,3464,3466,3467,3472,3477,3478,3165,3481,3480,3482,3438,3488,3489,3492,3491,3490,3494,3495,3496,3498,3499,3497,3471],"class_list":{"0":"post-5652","1":"product","2":"type-product","3":"status-publish","4":"has-post-thumbnail","6":"product_cat-kaufen-forschungschemikalien","7":"product_tag-mchte-badesalz-online-kaufen","8":"product_tag-badesalz","9":"product_tag-badesalz-droge","10":"product_tag-badesalze-drogenverkauf-online","11":"product_tag-badesalz-kaufen","12":"product_tag-badesalz-medikament-online-bestellen","13":"product_tag-badesalz-mit-paypal-online-kaufen","14":"product_tag-badesalz-online-bestellen","15":"product_tag-badesalze-online-bestellen-badesalze-grosshandel","16":"product_tag-badesalz-online-bestellen-cod","17":"product_tag-badesalz-online-mit-kreditkarte-bestellen","18":"product_tag-badesalz-medikament-online-kaufen","19":"product_tag-badesalze-online-verkaufen","20":"product_tag-badesalz-online-kaufen","21":"product_tag-badesalz-medikament-zum-verkauf-online","22":"product_tag-badesalz-kaufen-online-legal","23":"product_tag-badesalz-online-mit-kreditkarte-kaufen","24":"product_tag-badesalz-online-kaufen-wo-kann-ich-badesalz-online-kaufen","25":"product_tag-badesalze-zu-verkaufen","26":"product_tag-badesalz-online-verkauf-mit-kreditkarte","27":"product_tag-bath-salts-sales-online","28":"product_tag-bathsalts","29":"product_tag-best-quality-online-bath-salts","30":"product_tag-beste-badesalze","31":"product_tag-billig-badesalz","32":"product_tag-buy-amped-novelty-powder-500mg","33":"product_tag-buy-bath-salts-cod","34":"product_tag-buy-cheap-bath-salts-order-bath-salts-drug-online","35":"product_tag-buy-eight-ballz-bath-salts-online","36":"product_tag-buy-ivory-wave-bath-salt-1000mg","37":"product_tag-buy-ivory-wave-for-sale-online","38":"product_tag-buy-mephedrone-bath-salts-online-with-credit-card","39":"product_tag-buy-pump-it-bath-salt-1000mg","40":"product_tag-buy-quick-silver","41":"product_tag-buy-quick-silver-bath-salt-online","42":"product_tag-buy-quick-silver-bath-salts-australia","43":"product_tag-buy-quick-silver-bath-salts-canada","44":"product_tag-buy-research-chemicals-order","45":"product_tag-diskrete-badesalz-hndler-online","46":"product_tag-acht-ballz-badesalz-online-verkaufen","47":"product_tag-elfenbeinwelle","48":"product_tag-find-legit-badesalz-lieferanten-online","49":"product_tag-quecksilber-badesalze-anbieter-forschungschemikalien","50":"product_tag-ivory-wave-bath-salts","51":"product_tag-k2-badesalz-online-kaufen","52":"product_tag-kannst-du-badesalze-im-handel-kaufen","53":"product_tag-kannst-du-noch-badesalz-kaufen","54":"product_tag-badesalze-online-mit-kreditkarte-kaufen","55":"product_tag-kaufe-quick-silver-badesalz-online","56":"product_tag-kaufe-quick-silver-badesalze-usa","57":"product_tag-sexacy-badesalze-online-kaufen","58":"product_tag-synthetische-badesalze-online-kaufen","59":"product_tag-konzentrierte-badesalze","60":"product_tag-legale-badesalze-zum-verkauf-online","61":"product_tag-legitime-badesalz-lieferanten-online","62":"product_tag-mdpv-badesalz-zu-verkaufen","63":"product_tag-mephedron-badesalz-wo-zu-kaufen","64":"product_tag-mephedron-badesalz-zu-verkaufen","65":"product_tag-mephedron","66":"product_tag-badesalz-online-shop","67":"product_tag-purchase-bath-salts-online","68":"product_tag-qualitt-badesalz-arzneimittel-zum-online-verkauf","69":"product_tag-quecksilber-badesalz-online","70":"product_tag-quick-silver-bath-salts-for-sale","71":"product_tag-quecksilber-badesalz","72":"product_tag-sicherster-online-shop-um-badesalze-zu-kaufen","73":"product_tag-vanille-himmel-badesalz-zu-verkaufen","74":"product_tag-was-machen-badesalze-tun","75":"product_tag-where-can-i-get-bath-salts","76":"product_tag-where-can-i-order-mdpv-bath-salts-online","77":"product_tag-wo-kann-ich-badesalz-online-kaufen","78":"product_tag-wolke-9-badesalz","80":"first","81":"instock","82":"shipping-taxable","83":"purchasable","84":"product-type-variable","85":"has-default-attributes"},"yoast_head":"<!-- This site is optimized with the Yoast SEO plugin v27.3 - https:\/\/yoast.com\/product\/yoast-seo-wordpress\/ -->\n<title>Kaufen Sie Quick Silver Bath Salt - Quick Silver Bath Salt - Best Global Meds<\/title>\n<meta name=\"description\" content=\"Kaufen Sie Quicksilver Badesalz zum Verkauf in UK, Europa, AU. Wir bieten die zuverl\u00e4ssigste Transaktion und verkaufen zu sehr g\u00fcnstigen Preisen. Jetzt Quicksilver Badesalz zu Bestpreisen bestellen\" \/>\n<meta name=\"robots\" content=\"index, follow, max-snippet:-1, max-image-preview:large, max-video-preview:-1\" \/>\n<link rel=\"canonical\" href=\"https:\/\/medicinasinc.com\/de\/product\/quecksilber-badesalz-kaufen\/\" \/>\n<meta property=\"og:locale\" content=\"de_DE\" \/>\n<meta property=\"og:type\" content=\"article\" \/>\n<meta property=\"og:title\" content=\"Kaufen Sie Quick Silver Bath Salt - Quick Silver Bath Salt - Best Global Meds\" \/>\n<meta property=\"og:description\" content=\"Kaufen Sie Quicksilver Badesalz zum Verkauf in UK, Europa, AU. Wir bieten die zuverl\u00e4ssigste Transaktion und verkaufen zu sehr g\u00fcnstigen Preisen. Jetzt Quicksilver Badesalz zu Bestpreisen bestellen\" \/>\n<meta property=\"og:url\" content=\"https:\/\/medicinasinc.com\/de\/product\/quecksilber-badesalz-kaufen\/\" \/>\n<meta property=\"og:site_name\" content=\"Medicinas Inc\" \/>\n<meta property=\"article:modified_time\" content=\"2022-03-18T00:14:46+00:00\" \/>\n<meta property=\"og:image\" content=\"https:\/\/medicinasinc.com\/de\/wp-content\/uploads\/sites\/6\/2022\/02\/Buy-Quicksilver-Bath-Salt.jpg\" \/>\n\t<meta property=\"og:image:width\" content=\"600\" \/>\n\t<meta property=\"og:image:height\" content=\"599\" \/>\n\t<meta property=\"og:image:type\" content=\"image\/jpeg\" \/>\n<meta name=\"twitter:card\" content=\"summary_large_image\" \/>\n<meta name=\"twitter:label1\" content=\"Gesch\u00e4tzte Lesezeit\" \/>\n\t<meta name=\"twitter:data1\" content=\"1\u00a0Minute\" \/>\n<script type=\"application\/ld+json\" class=\"yoast-schema-graph\">{\"@context\":\"https:\\\/\\\/schema.org\",\"@graph\":[{\"@type\":\"WebPage\",\"@id\":\"https:\\\/\\\/medicinasinc.com\\\/de\\\/product\\\/quecksilber-badesalz-kaufen\\\/\",\"url\":\"https:\\\/\\\/medicinasinc.com\\\/de\\\/product\\\/quecksilber-badesalz-kaufen\\\/\",\"name\":\"Kaufen Sie Quick Silver Bath Salt - Quick Silver Bath Salt - Best Global Meds\",\"isPartOf\":{\"@id\":\"https:\\\/\\\/medicinasinc.com\\\/de\\\/#website\"},\"primaryImageOfPage\":{\"@id\":\"https:\\\/\\\/medicinasinc.com\\\/de\\\/product\\\/quecksilber-badesalz-kaufen\\\/#primaryimage\"},\"image\":{\"@id\":\"https:\\\/\\\/medicinasinc.com\\\/de\\\/product\\\/quecksilber-badesalz-kaufen\\\/#primaryimage\"},\"thumbnailUrl\":\"https:\\\/\\\/medicinasinc.com\\\/de\\\/wp-content\\\/uploads\\\/sites\\\/6\\\/2022\\\/02\\\/Buy-Quicksilver-Bath-Salt.jpg\",\"datePublished\":\"2022-02-22T03:24:25+00:00\",\"dateModified\":\"2022-03-18T00:14:46+00:00\",\"description\":\"Kaufen Sie Quicksilver Badesalz zum Verkauf in UK, Europa, AU. Wir bieten die zuverl\u00e4ssigste Transaktion und verkaufen zu sehr g\u00fcnstigen Preisen. Jetzt Quicksilver Badesalz zu Bestpreisen bestellen\",\"breadcrumb\":{\"@id\":\"https:\\\/\\\/medicinasinc.com\\\/de\\\/product\\\/quecksilber-badesalz-kaufen\\\/#breadcrumb\"},\"inLanguage\":\"de\",\"potentialAction\":[{\"@type\":\"ReadAction\",\"target\":[\"https:\\\/\\\/medicinasinc.com\\\/de\\\/product\\\/quecksilber-badesalz-kaufen\\\/\"]}]},{\"@type\":\"ImageObject\",\"inLanguage\":\"de\",\"@id\":\"https:\\\/\\\/medicinasinc.com\\\/de\\\/product\\\/quecksilber-badesalz-kaufen\\\/#primaryimage\",\"url\":\"https:\\\/\\\/medicinasinc.com\\\/de\\\/wp-content\\\/uploads\\\/sites\\\/6\\\/2022\\\/02\\\/Buy-Quicksilver-Bath-Salt.jpg\",\"contentUrl\":\"https:\\\/\\\/medicinasinc.com\\\/de\\\/wp-content\\\/uploads\\\/sites\\\/6\\\/2022\\\/02\\\/Buy-Quicksilver-Bath-Salt.jpg\",\"width\":600,\"height\":599},{\"@type\":\"BreadcrumbList\",\"@id\":\"https:\\\/\\\/medicinasinc.com\\\/de\\\/product\\\/quecksilber-badesalz-kaufen\\\/#breadcrumb\",\"itemListElement\":[{\"@type\":\"ListItem\",\"position\":1,\"name\":\"Einkaufen\",\"item\":\"https:\\\/\\\/medicinasinc.com\\\/de\\\/einkaufen\\\/\"},{\"@type\":\"ListItem\",\"position\":2,\"name\":\"Kaufen Sie Quicksilver Badesalz\"}]},{\"@type\":\"WebSite\",\"@id\":\"https:\\\/\\\/medicinasinc.com\\\/de\\\/#website\",\"url\":\"https:\\\/\\\/medicinasinc.com\\\/de\\\/\",\"name\":\"Medicinas Inc\",\"description\":\"Health Medical Clinic\",\"potentialAction\":[{\"@type\":\"SearchAction\",\"target\":{\"@type\":\"EntryPoint\",\"urlTemplate\":\"https:\\\/\\\/medicinasinc.com\\\/de\\\/?s={search_term_string}\"},\"query-input\":{\"@type\":\"PropertyValueSpecification\",\"valueRequired\":true,\"valueName\":\"search_term_string\"}}],\"inLanguage\":\"de\"}]}<\/script>\n<!-- \/ Yoast SEO plugin. -->","yoast_head_json":{"title":"Kaufen Sie Quick Silver Bath Salt - Quick Silver Bath Salt - Best Global Meds","description":"Kaufen Sie Quicksilver Badesalz zum Verkauf in UK, Europa, AU. Wir bieten die zuverl\u00e4ssigste Transaktion und verkaufen zu sehr g\u00fcnstigen Preisen. Jetzt Quicksilver Badesalz zu Bestpreisen bestellen","robots":{"index":"index","follow":"follow","max-snippet":"max-snippet:-1","max-image-preview":"max-image-preview:large","max-video-preview":"max-video-preview:-1"},"canonical":"https:\/\/medicinasinc.com\/de\/product\/quecksilber-badesalz-kaufen\/","og_locale":"de_DE","og_type":"article","og_title":"Kaufen Sie Quick Silver Bath Salt - Quick Silver Bath Salt - Best Global Meds","og_description":"Kaufen Sie Quicksilver Badesalz zum Verkauf in UK, Europa, AU. Wir bieten die zuverl\u00e4ssigste Transaktion und verkaufen zu sehr g\u00fcnstigen Preisen. Jetzt Quicksilver Badesalz zu Bestpreisen bestellen","og_url":"https:\/\/medicinasinc.com\/de\/product\/quecksilber-badesalz-kaufen\/","og_site_name":"Medicinas Inc","article_modified_time":"2022-03-18T00:14:46+00:00","og_image":[{"width":600,"height":599,"url":"https:\/\/medicinasinc.com\/de\/wp-content\/uploads\/sites\/6\/2022\/02\/Buy-Quicksilver-Bath-Salt.jpg","type":"image\/jpeg"}],"twitter_card":"summary_large_image","twitter_misc":{"Gesch\u00e4tzte Lesezeit":"1\u00a0Minute"},"schema":{"@context":"https:\/\/schema.org","@graph":[{"@type":"WebPage","@id":"https:\/\/medicinasinc.com\/de\/product\/quecksilber-badesalz-kaufen\/","url":"https:\/\/medicinasinc.com\/de\/product\/quecksilber-badesalz-kaufen\/","name":"Kaufen Sie Quick Silver Bath Salt - Quick Silver Bath Salt - Best Global Meds","isPartOf":{"@id":"https:\/\/medicinasinc.com\/de\/#website"},"primaryImageOfPage":{"@id":"https:\/\/medicinasinc.com\/de\/product\/quecksilber-badesalz-kaufen\/#primaryimage"},"image":{"@id":"https:\/\/medicinasinc.com\/de\/product\/quecksilber-badesalz-kaufen\/#primaryimage"},"thumbnailUrl":"https:\/\/medicinasinc.com\/de\/wp-content\/uploads\/sites\/6\/2022\/02\/Buy-Quicksilver-Bath-Salt.jpg","datePublished":"2022-02-22T03:24:25+00:00","dateModified":"2022-03-18T00:14:46+00:00","description":"Kaufen Sie Quicksilver Badesalz zum Verkauf in UK, Europa, AU. Wir bieten die zuverl\u00e4ssigste Transaktion und verkaufen zu sehr g\u00fcnstigen Preisen. Jetzt Quicksilver Badesalz zu Bestpreisen bestellen","breadcrumb":{"@id":"https:\/\/medicinasinc.com\/de\/product\/quecksilber-badesalz-kaufen\/#breadcrumb"},"inLanguage":"de","potentialAction":[{"@type":"ReadAction","target":["https:\/\/medicinasinc.com\/de\/product\/quecksilber-badesalz-kaufen\/"]}]},{"@type":"ImageObject","inLanguage":"de","@id":"https:\/\/medicinasinc.com\/de\/product\/quecksilber-badesalz-kaufen\/#primaryimage","url":"https:\/\/medicinasinc.com\/de\/wp-content\/uploads\/sites\/6\/2022\/02\/Buy-Quicksilver-Bath-Salt.jpg","contentUrl":"https:\/\/medicinasinc.com\/de\/wp-content\/uploads\/sites\/6\/2022\/02\/Buy-Quicksilver-Bath-Salt.jpg","width":600,"height":599},{"@type":"BreadcrumbList","@id":"https:\/\/medicinasinc.com\/de\/product\/quecksilber-badesalz-kaufen\/#breadcrumb","itemListElement":[{"@type":"ListItem","position":1,"name":"Einkaufen","item":"https:\/\/medicinasinc.com\/de\/einkaufen\/"},{"@type":"ListItem","position":2,"name":"Kaufen Sie Quicksilver Badesalz"}]},{"@type":"WebSite","@id":"https:\/\/medicinasinc.com\/de\/#website","url":"https:\/\/medicinasinc.com\/de\/","name":"Medicinas Inc","description":"Health Medical Clinic","potentialAction":[{"@type":"SearchAction","target":{"@type":"EntryPoint","urlTemplate":"https:\/\/medicinasinc.com\/de\/?s={search_term_string}"},"query-input":{"@type":"PropertyValueSpecification","valueRequired":true,"valueName":"search_term_string"}}],"inLanguage":"de"}]}},"_links":{"self":[{"href":"https:\/\/medicinasinc.com\/de\/wp-json\/wp\/v2\/product\/5652","targetHints":{"allow":["GET"]}}],"collection":[{"href":"https:\/\/medicinasinc.com\/de\/wp-json\/wp\/v2\/product"}],"about":[{"href":"https:\/\/medicinasinc.com\/de\/wp-json\/wp\/v2\/types\/product"}],"replies":[{"embeddable":true,"href":"https:\/\/medicinasinc.com\/de\/wp-json\/wp\/v2\/comments?post=5652"}],"wp:featuredmedia":[{"embeddable":true,"href":"https:\/\/medicinasinc.com\/de\/wp-json\/wp\/v2\/media\/5662"}],"wp:attachment":[{"href":"https:\/\/medicinasinc.com\/de\/wp-json\/wp\/v2\/media?parent=5652"}],"wp:term":[{"taxonomy":"product_brand","embeddable":true,"href":"https:\/\/medicinasinc.com\/de\/wp-json\/wp\/v2\/product_brand?post=5652"},{"taxonomy":"product_cat","embeddable":true,"href":"https:\/\/medicinasinc.com\/de\/wp-json\/wp\/v2\/product_cat?post=5652"},{"taxonomy":"product_tag","embeddable":true,"href":"https:\/\/medicinasinc.com\/de\/wp-json\/wp\/v2\/product_tag?post=5652"}],"curies":[{"name":"wp","href":"https:\/\/api.w.org\/{rel}","templated":true}]}}