{"id":5651,"date":"2022-02-22T03:22:57","date_gmt":"2022-02-22T03:22:57","guid":{"rendered":"https:\/\/medicinasinc.com\/de\/?post_type=product&#038;p=5651"},"modified":"2022-08-03T08:57:07","modified_gmt":"2022-08-03T08:57:07","slug":"oxycodon-pulver-kaufen","status":"publish","type":"product","link":"https:\/\/medicinasinc.com\/de\/product\/oxycodon-pulver-kaufen\/","title":{"rendered":"Kaufen Sie Oxycodonpulver"},"content":{"rendered":"<p>Sie k\u00f6nnen hochwertiges Oxycodon-Pulver auf einer Website wie dieser kaufen:<br \/>\nOxycodon-Pulver zum Verkauf kann Ihnen helfen, Ihre Schmerzen zu beenden und besser zu werden.<\/p>\n<p>Oxycodon geh\u00f6rt zu einer Gruppe von Arzneimitteln, die als narkotische Analgetika. Es wird verwendet, um chronische Schmerzen zu behandeln, die sehr schlimm sind, wenn andere Behandlungen nicht gut genug wirken. Verschreibungspflichtige Formen dieses Medikaments sollen Menschen helfen, die den ganzen Tag \u00fcber an Arthritis, Krebs oder anderen k\u00f6rperlichen Problemen leiden. Die Wirkungsweise ist \u00e4hnlich wie bei anderen Opiaten. Es bindet an Rezeptoren im Gehirn und ver\u00e4ndert die Reaktion des Gehirns auf Schmerzen.<\/p>\n<p>Das zum Verkauf stehende Oxycodon-Pulver ist ein starker Inhaltsstoff in einer Vielzahl von Schmerzmitteln, die in verschiedenen Formen und Gr\u00f6\u00dfen erh\u00e4ltlich sind. Es wird normalerweise zusammen mit Ibuprofen und Aspirin verabreicht, kann aber auch alleine verabreicht werden.<\/p>\n<p>Oxycodon-Pulver kann online im bekanntesten Gesch\u00e4ft der Vereinigten Staaten gekauft werden.<\/p>\n<p>Bestgoalmeds. com Shop ist ein wertorientiertes Unternehmen, das seit mehr als 15 Jahren die besten Medikamente verkauft. In unserem Gesch\u00e4ft k\u00f6nnen Sie Oxycodon-Pulver kaufen, das in einem zugelassenen Labor auf Qualit\u00e4t gepr\u00fcft wurde. Von den USA bis nach Asien bedienen wir Kunden aus der ganzen Welt. Es ist einfach, unsere Produkte zu kaufen, weil sie legal sind und Sie sich um nichts k\u00fcmmern m\u00fcssen. Wenn es um uns geht, halten wir alles privat, weil wir Ihre Privatsph\u00e4re sch\u00e4tzen. Bitte kontaktieren Sie uns, wenn Sie Fragen oder Bedenken haben!<\/p>\n","protected":false},"excerpt":{"rendered":"<div class=\"woocommerce-product-details__short-description\">\n<p>Kaufen Sie Oxycodon-Pulver in Gro\u00dfbritannien und Europa bei Medicinasinc.com, wo Sie es schnell aus der ganzen Welt bekommen k\u00f6nnen. Hier k\u00f6nnen Sie das beste Oxycodon-Pulver kaufen, das Sie finden k\u00f6nnen.<\/p>\n<p>Sie k\u00f6nnen hochwertiges Oxycodon-Pulver online f\u00fcr m\u00e4\u00dfige bis starke Schmerzen kaufen, wenn Sie den ganzen Tag und die ganze Nacht lang schmerzfrei sein m\u00fcssen Zeit.<\/p>\n<p>Sie k\u00f6nnen Oxycodone-Pulver zum besten Preis im Internet kaufen. USpharma Shop ist eine bekannte Online-Apotheke, die legale Medikamente verkauft. Bestellen Sie online und sparen Sie Zeit und Geld.<\/p>\n<p>Oxycodon (Bulk) besteht zu 100 % aus Pulver. Oxycodon ist der generische Name (Masse). Sehen Sie sich den kostenlosen Coupon an. In diesem Abschnitt erfahren Sie, wie man es verwendet, was es tut, was es kann und wie man es vermeidet.<\/p>\n<p>Eines der vielen Alkaloide im persischen Mohn hei\u00dft Thebain, und Oxycodonpulver ist es aus diesem Alkaloid hergestellt. Oxycodon-Pulver ist ein wei\u00dfes, geruchloses, kristallines Pulver, das aus diesem Alkaloid hergestellt wird. Oxycodonhydrochlorid l\u00f6st sich in Wasser auf (1 g in 6 bis 7 ml) und ist ein wenig l\u00f6slich in Alkohol, aber nicht sehr viel (Octanol-Wasser-Verteilungskoeffizient betr\u00e4gt 0,7).<\/p>\n<p>Oxycodonhydrochlorid besteht aus 4 , 5a-Epoxy-14-hydroxy-3-methoxy-17-methylmorphinan-6-on-Hydrochlorid, das ist die chemische Bezeichnung.<\/p>\n<p>Ein halbsynthetisches Opioid-Analgetikum namens Oxycodon-Pulver wird zur Behandlung von mittelschweren bis starke Schmerzen. Oxycodon-Pulver wird normalerweise zur Behandlung von mittelschweren bis starken Schmerzen eingesetzt. Als Oxycodon 1917 in Deutschland hergestellt wurde, geh\u00f6rte es zu einer Gruppe halbsynthetischer Opioide, die hergestellt wurden, um die bestehenden Opioide zu verbessern.<\/p>\n<\/div>\n","protected":false},"featured_media":5660,"comment_status":"open","ping_status":"closed","template":"","meta":[],"product_brand":[],"product_cat":[2014],"product_tag":[3415,3417,3416,3423,3424,3426,3429,3428,3419,3421,3422,3427,3420,3418,3430,3425,3431],"class_list":{"0":"post-5651","1":"product","2":"type-product","3":"status-publish","4":"has-post-thumbnail","6":"product_cat-kaufen-forschungschemikalien","7":"product_tag-best-place-to-buy-oxycodone-powder","8":"product_tag-bestellen-oxycodon-pulver","9":"product_tag-buy-oxycodone-powder","10":"product_tag-oxycodon-pulver-deutschland","11":"product_tag-oxycodon-pulver-mail","12":"product_tag-oxycodon-pulver-online","13":"product_tag-oxycodon-pulver-reddit","14":"product_tag-oxycodon-pulver-bestellung-uk","15":"product_tag-oxycodon-pulver-effekt","16":"product_tag-oxycodone-powder-for-sale","17":"product_tag-oxycodone-powder-for-sale-uk","18":"product_tag-oxycodone-powder-order","19":"product_tag-oxycodon-pulver-europa","20":"product_tag-oxycodon-pulver-kaufen","21":"product_tag-oxycodon-pulver-verkauf","22":"product_tag-oxycodon-pulver-versandhandel","23":"product_tag-bezugsquellen-fr-oxycodon-pulver","25":"first","26":"instock","27":"shipping-taxable","28":"purchasable","29":"product-type-variable","30":"has-default-attributes"},"yoast_head":"<!-- This site is optimized with the Yoast SEO plugin v27.2 - https:\/\/yoast.com\/product\/yoast-seo-wordpress\/ -->\n<title>Kaufen Sie Oxycodon-Pulver - Oxycodon-Pulver - Best Global Meds<\/title>\n<meta name=\"description\" content=\"Kaufen Sie Oxycodon-Pulver UK, Europa in unserem Online-Shop Medicinasinc.com mit schneller weltweiter Lieferung! Das beste Oxycodon-Pulver zum Bestellen finden Sie hier!\" \/>\n<meta name=\"robots\" content=\"index, follow, max-snippet:-1, max-image-preview:large, max-video-preview:-1\" \/>\n<link rel=\"canonical\" href=\"https:\/\/medicinasinc.com\/de\/product\/oxycodon-pulver-kaufen\/\" \/>\n<meta property=\"og:locale\" content=\"de_DE\" \/>\n<meta property=\"og:type\" content=\"article\" \/>\n<meta property=\"og:title\" content=\"Kaufen Sie Oxycodon-Pulver - Oxycodon-Pulver - Best Global Meds\" \/>\n<meta property=\"og:description\" content=\"Kaufen Sie Oxycodon-Pulver UK, Europa in unserem Online-Shop Medicinasinc.com mit schneller weltweiter Lieferung! Das beste Oxycodon-Pulver zum Bestellen finden Sie hier!\" \/>\n<meta property=\"og:url\" content=\"https:\/\/medicinasinc.com\/de\/product\/oxycodon-pulver-kaufen\/\" \/>\n<meta property=\"og:site_name\" content=\"Medicinas Inc\" \/>\n<meta property=\"article:modified_time\" content=\"2022-08-03T08:57:07+00:00\" \/>\n<meta property=\"og:image\" content=\"https:\/\/medicinasinc.com\/de\/wp-content\/uploads\/sites\/6\/2022\/02\/Buy-oxycodone-powder.jpeg\" \/>\n\t<meta property=\"og:image:width\" content=\"510\" \/>\n\t<meta property=\"og:image:height\" content=\"389\" \/>\n\t<meta property=\"og:image:type\" content=\"image\/jpeg\" \/>\n<meta name=\"twitter:card\" content=\"summary_large_image\" \/>\n<meta name=\"twitter:label1\" content=\"Gesch\u00e4tzte Lesezeit\" \/>\n\t<meta name=\"twitter:data1\" content=\"2\u00a0Minuten\" \/>\n<script type=\"application\/ld+json\" class=\"yoast-schema-graph\">{\"@context\":\"https:\/\/schema.org\",\"@graph\":[{\"@type\":\"WebPage\",\"@id\":\"https:\/\/medicinasinc.com\/de\/product\/oxycodon-pulver-kaufen\/\",\"url\":\"https:\/\/medicinasinc.com\/de\/product\/oxycodon-pulver-kaufen\/\",\"name\":\"Kaufen Sie Oxycodon-Pulver - Oxycodon-Pulver - Best Global Meds\",\"isPartOf\":{\"@id\":\"https:\/\/medicinasinc.com\/de\/#website\"},\"primaryImageOfPage\":{\"@id\":\"https:\/\/medicinasinc.com\/de\/product\/oxycodon-pulver-kaufen\/#primaryimage\"},\"image\":{\"@id\":\"https:\/\/medicinasinc.com\/de\/product\/oxycodon-pulver-kaufen\/#primaryimage\"},\"thumbnailUrl\":\"https:\/\/medicinasinc.com\/de\/wp-content\/uploads\/sites\/6\/2022\/02\/Buy-oxycodone-powder.jpeg\",\"datePublished\":\"2022-02-22T03:22:57+00:00\",\"dateModified\":\"2022-08-03T08:57:07+00:00\",\"description\":\"Kaufen Sie Oxycodon-Pulver UK, Europa in unserem Online-Shop Medicinasinc.com mit schneller weltweiter Lieferung! Das beste Oxycodon-Pulver zum Bestellen finden Sie hier!\",\"breadcrumb\":{\"@id\":\"https:\/\/medicinasinc.com\/de\/product\/oxycodon-pulver-kaufen\/#breadcrumb\"},\"inLanguage\":\"de\",\"potentialAction\":[{\"@type\":\"ReadAction\",\"target\":[\"https:\/\/medicinasinc.com\/de\/product\/oxycodon-pulver-kaufen\/\"]}]},{\"@type\":\"ImageObject\",\"inLanguage\":\"de\",\"@id\":\"https:\/\/medicinasinc.com\/de\/product\/oxycodon-pulver-kaufen\/#primaryimage\",\"url\":\"https:\/\/medicinasinc.com\/de\/wp-content\/uploads\/sites\/6\/2022\/02\/Buy-oxycodone-powder.jpeg\",\"contentUrl\":\"https:\/\/medicinasinc.com\/de\/wp-content\/uploads\/sites\/6\/2022\/02\/Buy-oxycodone-powder.jpeg\",\"width\":510,\"height\":389},{\"@type\":\"BreadcrumbList\",\"@id\":\"https:\/\/medicinasinc.com\/de\/product\/oxycodon-pulver-kaufen\/#breadcrumb\",\"itemListElement\":[{\"@type\":\"ListItem\",\"position\":1,\"name\":\"Einkaufen\",\"item\":\"https:\/\/medicinasinc.com\/de\/einkaufen\/\"},{\"@type\":\"ListItem\",\"position\":2,\"name\":\"Kaufen Sie Oxycodonpulver\"}]},{\"@type\":\"WebSite\",\"@id\":\"https:\/\/medicinasinc.com\/de\/#website\",\"url\":\"https:\/\/medicinasinc.com\/de\/\",\"name\":\"Medicinas Inc\",\"description\":\"Health Medical Clinic\",\"potentialAction\":[{\"@type\":\"SearchAction\",\"target\":{\"@type\":\"EntryPoint\",\"urlTemplate\":\"https:\/\/medicinasinc.com\/de\/?s={search_term_string}\"},\"query-input\":{\"@type\":\"PropertyValueSpecification\",\"valueRequired\":true,\"valueName\":\"search_term_string\"}}],\"inLanguage\":\"de\"}]}<\/script>\n<!-- \/ Yoast SEO plugin. -->","yoast_head_json":{"title":"Kaufen Sie Oxycodon-Pulver - Oxycodon-Pulver - Best Global Meds","description":"Kaufen Sie Oxycodon-Pulver UK, Europa in unserem Online-Shop Medicinasinc.com mit schneller weltweiter Lieferung! Das beste Oxycodon-Pulver zum Bestellen finden Sie hier!","robots":{"index":"index","follow":"follow","max-snippet":"max-snippet:-1","max-image-preview":"max-image-preview:large","max-video-preview":"max-video-preview:-1"},"canonical":"https:\/\/medicinasinc.com\/de\/product\/oxycodon-pulver-kaufen\/","og_locale":"de_DE","og_type":"article","og_title":"Kaufen Sie Oxycodon-Pulver - Oxycodon-Pulver - Best Global Meds","og_description":"Kaufen Sie Oxycodon-Pulver UK, Europa in unserem Online-Shop Medicinasinc.com mit schneller weltweiter Lieferung! Das beste Oxycodon-Pulver zum Bestellen finden Sie hier!","og_url":"https:\/\/medicinasinc.com\/de\/product\/oxycodon-pulver-kaufen\/","og_site_name":"Medicinas Inc","article_modified_time":"2022-08-03T08:57:07+00:00","og_image":[{"width":510,"height":389,"url":"https:\/\/medicinasinc.com\/de\/wp-content\/uploads\/sites\/6\/2022\/02\/Buy-oxycodone-powder.jpeg","type":"image\/jpeg"}],"twitter_card":"summary_large_image","twitter_misc":{"Gesch\u00e4tzte Lesezeit":"2\u00a0Minuten"},"schema":{"@context":"https:\/\/schema.org","@graph":[{"@type":"WebPage","@id":"https:\/\/medicinasinc.com\/de\/product\/oxycodon-pulver-kaufen\/","url":"https:\/\/medicinasinc.com\/de\/product\/oxycodon-pulver-kaufen\/","name":"Kaufen Sie Oxycodon-Pulver - Oxycodon-Pulver - Best Global Meds","isPartOf":{"@id":"https:\/\/medicinasinc.com\/de\/#website"},"primaryImageOfPage":{"@id":"https:\/\/medicinasinc.com\/de\/product\/oxycodon-pulver-kaufen\/#primaryimage"},"image":{"@id":"https:\/\/medicinasinc.com\/de\/product\/oxycodon-pulver-kaufen\/#primaryimage"},"thumbnailUrl":"https:\/\/medicinasinc.com\/de\/wp-content\/uploads\/sites\/6\/2022\/02\/Buy-oxycodone-powder.jpeg","datePublished":"2022-02-22T03:22:57+00:00","dateModified":"2022-08-03T08:57:07+00:00","description":"Kaufen Sie Oxycodon-Pulver UK, Europa in unserem Online-Shop Medicinasinc.com mit schneller weltweiter Lieferung! Das beste Oxycodon-Pulver zum Bestellen finden Sie hier!","breadcrumb":{"@id":"https:\/\/medicinasinc.com\/de\/product\/oxycodon-pulver-kaufen\/#breadcrumb"},"inLanguage":"de","potentialAction":[{"@type":"ReadAction","target":["https:\/\/medicinasinc.com\/de\/product\/oxycodon-pulver-kaufen\/"]}]},{"@type":"ImageObject","inLanguage":"de","@id":"https:\/\/medicinasinc.com\/de\/product\/oxycodon-pulver-kaufen\/#primaryimage","url":"https:\/\/medicinasinc.com\/de\/wp-content\/uploads\/sites\/6\/2022\/02\/Buy-oxycodone-powder.jpeg","contentUrl":"https:\/\/medicinasinc.com\/de\/wp-content\/uploads\/sites\/6\/2022\/02\/Buy-oxycodone-powder.jpeg","width":510,"height":389},{"@type":"BreadcrumbList","@id":"https:\/\/medicinasinc.com\/de\/product\/oxycodon-pulver-kaufen\/#breadcrumb","itemListElement":[{"@type":"ListItem","position":1,"name":"Einkaufen","item":"https:\/\/medicinasinc.com\/de\/einkaufen\/"},{"@type":"ListItem","position":2,"name":"Kaufen Sie Oxycodonpulver"}]},{"@type":"WebSite","@id":"https:\/\/medicinasinc.com\/de\/#website","url":"https:\/\/medicinasinc.com\/de\/","name":"Medicinas Inc","description":"Health Medical Clinic","potentialAction":[{"@type":"SearchAction","target":{"@type":"EntryPoint","urlTemplate":"https:\/\/medicinasinc.com\/de\/?s={search_term_string}"},"query-input":{"@type":"PropertyValueSpecification","valueRequired":true,"valueName":"search_term_string"}}],"inLanguage":"de"}]}},"_links":{"self":[{"href":"https:\/\/medicinasinc.com\/de\/wp-json\/wp\/v2\/product\/5651","targetHints":{"allow":["GET"]}}],"collection":[{"href":"https:\/\/medicinasinc.com\/de\/wp-json\/wp\/v2\/product"}],"about":[{"href":"https:\/\/medicinasinc.com\/de\/wp-json\/wp\/v2\/types\/product"}],"replies":[{"embeddable":true,"href":"https:\/\/medicinasinc.com\/de\/wp-json\/wp\/v2\/comments?post=5651"}],"wp:featuredmedia":[{"embeddable":true,"href":"https:\/\/medicinasinc.com\/de\/wp-json\/wp\/v2\/media\/5660"}],"wp:attachment":[{"href":"https:\/\/medicinasinc.com\/de\/wp-json\/wp\/v2\/media?parent=5651"}],"wp:term":[{"taxonomy":"product_brand","embeddable":true,"href":"https:\/\/medicinasinc.com\/de\/wp-json\/wp\/v2\/product_brand?post=5651"},{"taxonomy":"product_cat","embeddable":true,"href":"https:\/\/medicinasinc.com\/de\/wp-json\/wp\/v2\/product_cat?post=5651"},{"taxonomy":"product_tag","embeddable":true,"href":"https:\/\/medicinasinc.com\/de\/wp-json\/wp\/v2\/product_tag?post=5651"}],"curies":[{"name":"wp","href":"https:\/\/api.w.org\/{rel}","templated":true}]}}