{"id":5638,"date":"2022-02-22T03:11:29","date_gmt":"2022-02-22T03:11:29","guid":{"rendered":"https:\/\/medicinasinc.com\/de\/?post_type=product&#038;p=5638"},"modified":"2022-08-03T09:01:56","modified_gmt":"2022-08-03T09:01:56","slug":"sexacy-badesalz-kaufen","status":"publish","type":"product","link":"https:\/\/medicinasinc.com\/de\/product\/sexacy-badesalz-kaufen\/","title":{"rendered":"Kaufen Sie Sextacy Badesalz"},"content":{"rendered":"<p>Kaufen Sie Sextacy-Badesalz in einem Online-Shop wie diesem:<br \/>\nKaufen Sie Sextacy-Badesalz zum Baden.<\/p>\n<p>Dies ist ein konzentriertes Badesalz. Sie k\u00f6nnen sich jedoch immer noch entspannen und sich von Sextacy f\u00fcr eine Weile von den Dingen ablenken lassen. Nehmen Sie ein hei\u00dfes Bad und f\u00fcgen Sie den Inhalt hinzu. Dadurch wird das Wasser auf nat\u00fcrliche Weise weicher, wodurch Sie sich sehr ruhig und beruhigt f\u00fchlen.<\/p>\n<p>Es ist sehr wichtig, dass Sie mit einer sehr kleinen Menge Sextacy-Badesalz beginnen, um zu sehen, wie Ihr K\u00f6rper reagiert. Da Sextacy Ultimate so stark ist, m\u00fcssen Sie m\u00f6glicherweise mehr davon in Ihrem Bad verwenden, um die volle Entspannung zu erreichen, die Sie sich w\u00fcnschen.<\/p>\n<p>Sextacy ist eine gro\u00dfe Sache.<\/p>\n<p>Im MP-Test , Folgendes ist passiert:<\/p>\n<p>Wenn Ihnen Ivory Wave nicht ausreicht, ist dies die st\u00e4rkere Version eines gro\u00dfartigen und hochwertigen Produkts. Es ist Ivory Wave sehr \u00e4hnlich, aber es hat einige zus\u00e4tzliche Zutaten, die es noch besser machen. Allerdings macht es dich sehr, sehr geil und gibt dir das Gef\u00fchl, mitten in deinem Bad zu tr\u00e4umen. Es wird sehr stark sein und Sie sollten vorsichtig sein, wenn Sie es verwenden. Es wird Ihr Bad sehr schnell machen. Beginnen Sie mit sehr wenig. F\u00fcr 6 bis 9 Stunden kommt es in etwa 10 Minuten und es dauert so lange. Allerdings ist Sextacy Badesalz Ivory Ultra sehr \u00e4hnlich, aber es hat immer noch seine eigene magische Note LOL. Dies ist jedoch ein gro\u00dfartiges Produkt, daher w\u00fcrde ich es mit Vorsicht empfehlen und das Feedback kommen lassen! Ein Muss!<\/p>\n<p>Natriumbikarbonat, Natriumchlorid, Tiefseesalz, Mineralien und andere nat\u00fcrlich vorkommende Spurenelemente sind nur einige der Inhaltsstoffe.<\/p>\n<p>Legalit\u00e4t: Dieses Produkt ist legal jedes Land, weil es aus Kr\u00e4utern hergestellt wird.<\/p>\n<p>In diesem Fall ist White Girl 500 mg konzentriertes Badesalz genau das, was Sie brauchen.<br \/>\n500 mg White Lady Badesalz<br \/>\nBliss konzentriertes Badesalz haben 500 mg Salz in jedem Beutel.<br \/>\nDie Badesalze von Snow Leopard enthalten 500 mg davon in jedem Beutel.<br \/>\n500 mg zus\u00e4tzliches Badesalz von Lunar Wave. 500 mg konzentriertes Badesalz von White Horse.<br \/>\n500 mg belebendes Badesalz<br \/>\n500 mg Cloud 10 Badesalz<br \/>\nBlue Magic: 500 mg Badesalz<br \/>\nBadesalz mit dem Namen Scarface hat 500 mg davon.<br \/>\nViele mehr Leute auch.<\/p>\n","protected":false},"excerpt":{"rendered":"<div class=\"woocommerce-product-details__short-description\">\n<p>Es ist ganz einfach, Sextacy-Badesalz online in unserem Medicinasinc.com-Shop zu kaufen und es schnell zu Ihnen nach Hause in Europa und Gro\u00dfbritannien liefern zu lassen. Der beste Ort, um Sextacy-Badesalz zu kaufen, ist hier!<\/p>\n<p>Kaufen Sie 50 P\u00e4ckchen konzentriertes Sextacy-Badesalz im Internet. Konzentriertes Sextacy: 10 P\u00e4ckchen \u00e0 10 Kaufen Sie konzentriertes Sextacy 20 P\u00e4ckchen Badesalz im Internet.<\/p>\n<p>Es gibt viele Websites, auf denen Sie viel Badesalz f\u00fcr viel Geld kaufen k\u00f6nnen.<\/p>\n<p>&gt;<\/p>\n<p>Online k\u00f6nnen Sie Sextacy-Badesalze von Global Medicine kaufen. Die Verkaufspreise f\u00fcr Sextacy-Badesalz finden Sie in diesem Text<\/p>\n<\/div>\n","protected":false},"featured_media":5650,"comment_status":"open","ping_status":"closed","template":"","meta":[],"product_brand":[],"product_cat":[2014],"product_tag":[3396,3397,3399,3398,3400,3403,3407,3414,3404,3413,3409,3411,3412,3401,3408,3405,3410,3402,3406],"class_list":{"0":"post-5638","1":"product","2":"type-product","3":"status-publish","4":"has-post-thumbnail","6":"product_cat-kaufen-forschungschemikalien","7":"product_tag-best-place-to-buy-sextacy-bath-salt","8":"product_tag-best-sextacy-bath-salt","9":"product_tag-buy-sextacy-bath-salts-uk","10":"product_tag-sexacy-badesalz-kaufen","11":"product_tag-order-sextacy-bath-salt","12":"product_tag-sextacy-badesalz-alibaba","13":"product_tag-sextacy-badesalz-europa","14":"product_tag-sextacy-badesalz-grohandel","15":"product_tag-sextacy-badesalz-kaufen","16":"product_tag-sextacy-badesalz-lieferant","17":"product_tag-sextacy-badesalz-online","18":"product_tag-sextacy-badesalz-reddit","19":"product_tag-sextacy-badesalz-verkauf","20":"product_tag-sexacy-badesalz-weiterverkaufen","21":"product_tag-sextacy-badesalz-zu-verkaufen","22":"product_tag-sextacy-bath-salt-china","23":"product_tag-sextacy-bath-salt-order","24":"product_tag-sextacy-badesalz","25":"product_tag-sextacy-badesalz-effekt","27":"first","28":"instock","29":"shipping-taxable","30":"purchasable","31":"product-type-variable"},"yoast_head":"<!-- This site is optimized with the Yoast SEO plugin v27.3 - https:\/\/yoast.com\/product\/yoast-seo-wordpress\/ -->\n<title>Kaufen Sie Sextacy Badesalz - Sextacy Badesalz - Best Global Meds<\/title>\n<meta name=\"description\" content=\"Kaufen Sie Sextacy Badesalz zum Verkauf in Gro\u00dfbritannien, Europa in unserem Online-Shop Medicinasinc.com mit schneller weltweiter Lieferung! Das beste Sextacy Badesalz zum Bestellen findest Du bei uns!\" \/>\n<meta name=\"robots\" content=\"index, follow, max-snippet:-1, max-image-preview:large, max-video-preview:-1\" \/>\n<link rel=\"canonical\" href=\"https:\/\/medicinasinc.com\/de\/product\/sexacy-badesalz-kaufen\/\" \/>\n<meta property=\"og:locale\" content=\"de_DE\" \/>\n<meta property=\"og:type\" content=\"article\" \/>\n<meta property=\"og:title\" content=\"Kaufen Sie Sextacy Badesalz - Sextacy Badesalz - Best Global Meds\" \/>\n<meta property=\"og:description\" content=\"Kaufen Sie Sextacy Badesalz zum Verkauf in Gro\u00dfbritannien, Europa in unserem Online-Shop Medicinasinc.com mit schneller weltweiter Lieferung! Das beste Sextacy Badesalz zum Bestellen findest Du bei uns!\" \/>\n<meta property=\"og:url\" content=\"https:\/\/medicinasinc.com\/de\/product\/sexacy-badesalz-kaufen\/\" \/>\n<meta property=\"og:site_name\" content=\"Medicinas Inc\" \/>\n<meta property=\"article:modified_time\" content=\"2022-08-03T09:01:56+00:00\" \/>\n<meta property=\"og:image\" content=\"https:\/\/medicinasinc.com\/de\/wp-content\/uploads\/sites\/6\/2022\/02\/Buy-Sextacy-Bath-Salt.jpg\" \/>\n\t<meta property=\"og:image:width\" content=\"600\" \/>\n\t<meta property=\"og:image:height\" content=\"600\" \/>\n\t<meta property=\"og:image:type\" content=\"image\/jpeg\" \/>\n<meta name=\"twitter:card\" content=\"summary_large_image\" \/>\n<meta name=\"twitter:label1\" content=\"Gesch\u00e4tzte Lesezeit\" \/>\n\t<meta name=\"twitter:data1\" content=\"2\u00a0Minuten\" \/>\n<script type=\"application\/ld+json\" class=\"yoast-schema-graph\">{\"@context\":\"https:\\\/\\\/schema.org\",\"@graph\":[{\"@type\":\"WebPage\",\"@id\":\"https:\\\/\\\/medicinasinc.com\\\/de\\\/product\\\/sexacy-badesalz-kaufen\\\/\",\"url\":\"https:\\\/\\\/medicinasinc.com\\\/de\\\/product\\\/sexacy-badesalz-kaufen\\\/\",\"name\":\"Kaufen Sie Sextacy Badesalz - Sextacy Badesalz - Best Global Meds\",\"isPartOf\":{\"@id\":\"https:\\\/\\\/medicinasinc.com\\\/de\\\/#website\"},\"primaryImageOfPage\":{\"@id\":\"https:\\\/\\\/medicinasinc.com\\\/de\\\/product\\\/sexacy-badesalz-kaufen\\\/#primaryimage\"},\"image\":{\"@id\":\"https:\\\/\\\/medicinasinc.com\\\/de\\\/product\\\/sexacy-badesalz-kaufen\\\/#primaryimage\"},\"thumbnailUrl\":\"https:\\\/\\\/medicinasinc.com\\\/de\\\/wp-content\\\/uploads\\\/sites\\\/6\\\/2022\\\/02\\\/Buy-Sextacy-Bath-Salt.jpg\",\"datePublished\":\"2022-02-22T03:11:29+00:00\",\"dateModified\":\"2022-08-03T09:01:56+00:00\",\"description\":\"Kaufen Sie Sextacy Badesalz zum Verkauf in Gro\u00dfbritannien, Europa in unserem Online-Shop Medicinasinc.com mit schneller weltweiter Lieferung! Das beste Sextacy Badesalz zum Bestellen findest Du bei uns!\",\"breadcrumb\":{\"@id\":\"https:\\\/\\\/medicinasinc.com\\\/de\\\/product\\\/sexacy-badesalz-kaufen\\\/#breadcrumb\"},\"inLanguage\":\"de\",\"potentialAction\":[{\"@type\":\"ReadAction\",\"target\":[\"https:\\\/\\\/medicinasinc.com\\\/de\\\/product\\\/sexacy-badesalz-kaufen\\\/\"]}]},{\"@type\":\"ImageObject\",\"inLanguage\":\"de\",\"@id\":\"https:\\\/\\\/medicinasinc.com\\\/de\\\/product\\\/sexacy-badesalz-kaufen\\\/#primaryimage\",\"url\":\"https:\\\/\\\/medicinasinc.com\\\/de\\\/wp-content\\\/uploads\\\/sites\\\/6\\\/2022\\\/02\\\/Buy-Sextacy-Bath-Salt.jpg\",\"contentUrl\":\"https:\\\/\\\/medicinasinc.com\\\/de\\\/wp-content\\\/uploads\\\/sites\\\/6\\\/2022\\\/02\\\/Buy-Sextacy-Bath-Salt.jpg\",\"width\":600,\"height\":600},{\"@type\":\"BreadcrumbList\",\"@id\":\"https:\\\/\\\/medicinasinc.com\\\/de\\\/product\\\/sexacy-badesalz-kaufen\\\/#breadcrumb\",\"itemListElement\":[{\"@type\":\"ListItem\",\"position\":1,\"name\":\"Einkaufen\",\"item\":\"https:\\\/\\\/medicinasinc.com\\\/de\\\/einkaufen\\\/\"},{\"@type\":\"ListItem\",\"position\":2,\"name\":\"Kaufen Sie Sextacy Badesalz\"}]},{\"@type\":\"WebSite\",\"@id\":\"https:\\\/\\\/medicinasinc.com\\\/de\\\/#website\",\"url\":\"https:\\\/\\\/medicinasinc.com\\\/de\\\/\",\"name\":\"Medicinas Inc\",\"description\":\"Health Medical Clinic\",\"potentialAction\":[{\"@type\":\"SearchAction\",\"target\":{\"@type\":\"EntryPoint\",\"urlTemplate\":\"https:\\\/\\\/medicinasinc.com\\\/de\\\/?s={search_term_string}\"},\"query-input\":{\"@type\":\"PropertyValueSpecification\",\"valueRequired\":true,\"valueName\":\"search_term_string\"}}],\"inLanguage\":\"de\"}]}<\/script>\n<!-- \/ Yoast SEO plugin. -->","yoast_head_json":{"title":"Kaufen Sie Sextacy Badesalz - Sextacy Badesalz - Best Global Meds","description":"Kaufen Sie Sextacy Badesalz zum Verkauf in Gro\u00dfbritannien, Europa in unserem Online-Shop Medicinasinc.com mit schneller weltweiter Lieferung! Das beste Sextacy Badesalz zum Bestellen findest Du bei uns!","robots":{"index":"index","follow":"follow","max-snippet":"max-snippet:-1","max-image-preview":"max-image-preview:large","max-video-preview":"max-video-preview:-1"},"canonical":"https:\/\/medicinasinc.com\/de\/product\/sexacy-badesalz-kaufen\/","og_locale":"de_DE","og_type":"article","og_title":"Kaufen Sie Sextacy Badesalz - Sextacy Badesalz - Best Global Meds","og_description":"Kaufen Sie Sextacy Badesalz zum Verkauf in Gro\u00dfbritannien, Europa in unserem Online-Shop Medicinasinc.com mit schneller weltweiter Lieferung! Das beste Sextacy Badesalz zum Bestellen findest Du bei uns!","og_url":"https:\/\/medicinasinc.com\/de\/product\/sexacy-badesalz-kaufen\/","og_site_name":"Medicinas Inc","article_modified_time":"2022-08-03T09:01:56+00:00","og_image":[{"width":600,"height":600,"url":"https:\/\/medicinasinc.com\/de\/wp-content\/uploads\/sites\/6\/2022\/02\/Buy-Sextacy-Bath-Salt.jpg","type":"image\/jpeg"}],"twitter_card":"summary_large_image","twitter_misc":{"Gesch\u00e4tzte Lesezeit":"2\u00a0Minuten"},"schema":{"@context":"https:\/\/schema.org","@graph":[{"@type":"WebPage","@id":"https:\/\/medicinasinc.com\/de\/product\/sexacy-badesalz-kaufen\/","url":"https:\/\/medicinasinc.com\/de\/product\/sexacy-badesalz-kaufen\/","name":"Kaufen Sie Sextacy Badesalz - Sextacy Badesalz - Best Global Meds","isPartOf":{"@id":"https:\/\/medicinasinc.com\/de\/#website"},"primaryImageOfPage":{"@id":"https:\/\/medicinasinc.com\/de\/product\/sexacy-badesalz-kaufen\/#primaryimage"},"image":{"@id":"https:\/\/medicinasinc.com\/de\/product\/sexacy-badesalz-kaufen\/#primaryimage"},"thumbnailUrl":"https:\/\/medicinasinc.com\/de\/wp-content\/uploads\/sites\/6\/2022\/02\/Buy-Sextacy-Bath-Salt.jpg","datePublished":"2022-02-22T03:11:29+00:00","dateModified":"2022-08-03T09:01:56+00:00","description":"Kaufen Sie Sextacy Badesalz zum Verkauf in Gro\u00dfbritannien, Europa in unserem Online-Shop Medicinasinc.com mit schneller weltweiter Lieferung! Das beste Sextacy Badesalz zum Bestellen findest Du bei uns!","breadcrumb":{"@id":"https:\/\/medicinasinc.com\/de\/product\/sexacy-badesalz-kaufen\/#breadcrumb"},"inLanguage":"de","potentialAction":[{"@type":"ReadAction","target":["https:\/\/medicinasinc.com\/de\/product\/sexacy-badesalz-kaufen\/"]}]},{"@type":"ImageObject","inLanguage":"de","@id":"https:\/\/medicinasinc.com\/de\/product\/sexacy-badesalz-kaufen\/#primaryimage","url":"https:\/\/medicinasinc.com\/de\/wp-content\/uploads\/sites\/6\/2022\/02\/Buy-Sextacy-Bath-Salt.jpg","contentUrl":"https:\/\/medicinasinc.com\/de\/wp-content\/uploads\/sites\/6\/2022\/02\/Buy-Sextacy-Bath-Salt.jpg","width":600,"height":600},{"@type":"BreadcrumbList","@id":"https:\/\/medicinasinc.com\/de\/product\/sexacy-badesalz-kaufen\/#breadcrumb","itemListElement":[{"@type":"ListItem","position":1,"name":"Einkaufen","item":"https:\/\/medicinasinc.com\/de\/einkaufen\/"},{"@type":"ListItem","position":2,"name":"Kaufen Sie Sextacy Badesalz"}]},{"@type":"WebSite","@id":"https:\/\/medicinasinc.com\/de\/#website","url":"https:\/\/medicinasinc.com\/de\/","name":"Medicinas Inc","description":"Health Medical Clinic","potentialAction":[{"@type":"SearchAction","target":{"@type":"EntryPoint","urlTemplate":"https:\/\/medicinasinc.com\/de\/?s={search_term_string}"},"query-input":{"@type":"PropertyValueSpecification","valueRequired":true,"valueName":"search_term_string"}}],"inLanguage":"de"}]}},"_links":{"self":[{"href":"https:\/\/medicinasinc.com\/de\/wp-json\/wp\/v2\/product\/5638","targetHints":{"allow":["GET"]}}],"collection":[{"href":"https:\/\/medicinasinc.com\/de\/wp-json\/wp\/v2\/product"}],"about":[{"href":"https:\/\/medicinasinc.com\/de\/wp-json\/wp\/v2\/types\/product"}],"replies":[{"embeddable":true,"href":"https:\/\/medicinasinc.com\/de\/wp-json\/wp\/v2\/comments?post=5638"}],"wp:featuredmedia":[{"embeddable":true,"href":"https:\/\/medicinasinc.com\/de\/wp-json\/wp\/v2\/media\/5650"}],"wp:attachment":[{"href":"https:\/\/medicinasinc.com\/de\/wp-json\/wp\/v2\/media?parent=5638"}],"wp:term":[{"taxonomy":"product_brand","embeddable":true,"href":"https:\/\/medicinasinc.com\/de\/wp-json\/wp\/v2\/product_brand?post=5638"},{"taxonomy":"product_cat","embeddable":true,"href":"https:\/\/medicinasinc.com\/de\/wp-json\/wp\/v2\/product_cat?post=5638"},{"taxonomy":"product_tag","embeddable":true,"href":"https:\/\/medicinasinc.com\/de\/wp-json\/wp\/v2\/product_tag?post=5638"}],"curies":[{"name":"wp","href":"https:\/\/api.w.org\/{rel}","templated":true}]}}