{"id":5637,"date":"2022-02-22T03:10:06","date_gmt":"2022-02-22T03:10:06","guid":{"rendered":"https:\/\/medicinasinc.com\/de\/?post_type=product&#038;p=5637"},"modified":"2022-03-18T00:15:21","modified_gmt":"2022-03-18T00:15:21","slug":"badesalz-kaufen","status":"publish","type":"product","link":"https:\/\/medicinasinc.com\/de\/product\/badesalz-kaufen\/","title":{"rendered":"Sparkle Badesalz kaufen"},"content":{"rendered":"<p>Details zum Produkt<\/p>\n<p>Wenn Sie unser SPARKLING BADESALZ verwenden, k\u00f6nnen Sie Ihre Zeit in der Wanne angenehmer gestalten. Dieser Premium-Badezusatz enth\u00e4lt Salze aus dem Toten Meer und Bittersalz, die dem K\u00f6rper helfen, Giftstoffe loszuwerden. Kokosmilchpulver, Haferprotein und Kaolinerde machen die Haut weich und n\u00e4hren sie. Eukalyptus-, Wacholder- und Lavendel\u00f6l helfen den Menschen, sich zu entspannen, besser zu schlafen und haben aromatherapeutische Vorteile.<\/p>\n<p>SPRITZENDES BADESALZ wird in einer ma\u00dfgefertigten Glaskaraffe von 10 Unzen geliefert, die in Seegras eingewickelt ist. Die Innenseite des Deckels dient zum Abmessen der Salze.<\/p>\n<p>Der ZERO WASTE NACHF\u00dcLLTASCHE besteht aus Papier, das zu Hause kompostiert werden kann. Es ist unsere Antwort auf die Einweg-Badesalzbeutel aus Plastik, die wir fr\u00fcher hergestellt haben. Wenn ein Beutel das \u00f6sterreichische OK HOME-Siegel tr\u00e4gt, bedeutet dies, dass er sich in Ihrem Gartenkomposthaufen vollst\u00e4ndig zersetzt. Der ZERO WASTE REFILL-Beutel enth\u00e4lt 10 Unzen Salz.<\/p>\n<p>Verwendung<\/p>\n<p>Gie\u00dfen Sie 2-3 bis drei Verschlusskappen in eine Tasse mit warmem Wasser, wobei der Deckel nach innen zeigt die Schaufel. An den sanften Bl\u00e4schen und dem leichten Funkeln erkennen Sie, wann es Zeit ist, Ihren K\u00f6rper einzucremen.<\/p>\n<p>Nach dem Bad brauchen Sie nicht abzusp\u00fclen. Du kannst deinen K\u00f6rper mit einem Handtuch abtupfen. Trage anschlie\u00dfend K\u00f6rper\u00f6l auf, um die Feuchtigkeit zu bewahren.<\/p>\n<p>Inhaltsstoffe<\/p>\n<p>Magnesiumsulfat, Cocos Nucifera-Extrakt, Kaolinerde, Glimmerpulver und Natriumnatrium sind einige der Inhaltsstoffe in Maris Sal , das auch als Totes-Meer-Salz oder Meersalz bekannt ist.<\/p>\n<p>Hydriertes Haferprotein (Haferprotein) und Bikarbonat<\/p>\n<p>PULVER: Kolloidales Silber, Vaccinium angustifolium-Fruchtextrakt (Heidelbeerextrakt), Coco-Glucoside, Eucalyptus globulus Blatt\u00f6l, Lavandula angustifolia Bl\u00fcten\u00f6l, Juniperus communis Holz\u00f6l und Lavandula angustifolia Bl\u00fcten\u00f6l (\u00e4therisches Wacholder\u00f6l)<\/p>\n<div class=\"product-next- previous\">\n<div class=\" product-prev\"><\/div><\/div>\n","protected":false},"excerpt":{"rendered":"<p>Im Vereinigten K\u00f6nigreich, in der EU und in Australien k\u00f6nnen Sie prickelndes Badesalz kaufen. Kunden, die bei uns kaufen, k\u00f6nnen sicher sein, dass sie das bekommen, wof\u00fcr sie bezahlen. Kaufen Sie Sparkle Bath Salt jetzt zu den besten Preisen!<\/p>\n<p>Stellen Sie sicher, dass Sie JENAM LIVE LOVE SPARKLE BATH SALT CUP sowohl in den Niederlanden als auch in den USA zum besten Preis online kaufen. Kaufen Sie jetzt etwas von Best Global Meds. Sie haben tolle Preise!<\/p>\n<p>Konzentriertes Badesalz der besten Marken. Ein Muss f\u00fcr jeden Sternengucker. Sie werden sich so hell wie die Sterne f\u00fchlen.<\/p>\n","protected":false},"featured_media":5648,"comment_status":"open","ping_status":"closed","template":"","meta":[],"product_brand":[],"product_cat":[2014,610],"product_tag":[3380,3381,3382,3391,3383,3388,3386,3390,3387,3389,3393,3392,3385,3384,3394,3395],"class_list":{"0":"post-5637","1":"product","2":"type-product","3":"status-publish","4":"has-post-thumbnail","6":"product_cat-kaufen-forschungschemikalien","7":"product_cat-kaufen-sie-haschisch-haschisch","8":"product_tag-buy-sparkle-bath-salt","9":"product_tag-buy-sparkle-bath-salt-europe","10":"product_tag-buy-sparkle-bath-salt-uk","11":"product_tag-sparkle-badesalz-reddit","12":"product_tag-bestell-sparkle-badesalz","13":"product_tag-sparkle-badesalz-bestellung","14":"product_tag-funkelndes-badesalz-deutschland","15":"product_tag-sparkle-badesalz-kauf","16":"product_tag-funkelndes-badesalz-online","17":"product_tag-sparkle-badesalz-polen","18":"product_tag-sparkle-badesalz-schweden","19":"product_tag-sparkle-badesalz-sale","20":"product_tag-sparkle-badesalz-effekt","21":"product_tag-sparkle-bath-salt-buy","22":"product_tag-where-to-buy-sparkle-bath-salt","23":"product_tag-where-to-order-sparkle-bath-salt","25":"first","26":"instock","27":"shipping-taxable","28":"purchasable","29":"product-type-variable","30":"has-default-attributes"},"yoast_head":"<!-- This site is optimized with the Yoast SEO plugin v27.3 - https:\/\/yoast.com\/product\/yoast-seo-wordpress\/ -->\n<title>Sparkle Badesalz kaufen - Sparkle Badesalz - Best Global Meds<\/title>\n<meta name=\"description\" content=\"Kaufen Sie funkelndes Badesalz zum Verkauf in Gro\u00dfbritannien, Europa, Australien. Wir bieten die zuverl\u00e4ssigste Transaktion und verkaufen zu sehr g\u00fcnstigen Preisen. Jetzt Sparkle Badesalz zu Bestpreisen bestellen\" \/>\n<meta name=\"robots\" content=\"index, follow, max-snippet:-1, max-image-preview:large, max-video-preview:-1\" \/>\n<link rel=\"canonical\" href=\"https:\/\/medicinasinc.com\/de\/product\/badesalz-kaufen\/\" \/>\n<meta property=\"og:locale\" content=\"de_DE\" \/>\n<meta property=\"og:type\" content=\"article\" \/>\n<meta property=\"og:title\" content=\"Sparkle Badesalz kaufen - Sparkle Badesalz - Best Global Meds\" \/>\n<meta property=\"og:description\" content=\"Kaufen Sie funkelndes Badesalz zum Verkauf in Gro\u00dfbritannien, Europa, Australien. Wir bieten die zuverl\u00e4ssigste Transaktion und verkaufen zu sehr g\u00fcnstigen Preisen. Jetzt Sparkle Badesalz zu Bestpreisen bestellen\" \/>\n<meta property=\"og:url\" content=\"https:\/\/medicinasinc.com\/de\/product\/badesalz-kaufen\/\" \/>\n<meta property=\"og:site_name\" content=\"Medicinas Inc\" \/>\n<meta property=\"article:modified_time\" content=\"2022-03-18T00:15:21+00:00\" \/>\n<meta property=\"og:image\" content=\"https:\/\/medicinasinc.com\/de\/wp-content\/uploads\/sites\/6\/2022\/02\/Buy-Sparkle-Bath-Salt.jpg\" \/>\n\t<meta property=\"og:image:width\" content=\"750\" \/>\n\t<meta property=\"og:image:height\" content=\"750\" \/>\n\t<meta property=\"og:image:type\" content=\"image\/jpeg\" \/>\n<meta name=\"twitter:card\" content=\"summary_large_image\" \/>\n<meta name=\"twitter:label1\" content=\"Gesch\u00e4tzte Lesezeit\" \/>\n\t<meta name=\"twitter:data1\" content=\"2\u00a0Minuten\" \/>\n<script type=\"application\/ld+json\" class=\"yoast-schema-graph\">{\"@context\":\"https:\\\/\\\/schema.org\",\"@graph\":[{\"@type\":\"WebPage\",\"@id\":\"https:\\\/\\\/medicinasinc.com\\\/de\\\/product\\\/badesalz-kaufen\\\/\",\"url\":\"https:\\\/\\\/medicinasinc.com\\\/de\\\/product\\\/badesalz-kaufen\\\/\",\"name\":\"Sparkle Badesalz kaufen - Sparkle Badesalz - Best Global Meds\",\"isPartOf\":{\"@id\":\"https:\\\/\\\/medicinasinc.com\\\/de\\\/#website\"},\"primaryImageOfPage\":{\"@id\":\"https:\\\/\\\/medicinasinc.com\\\/de\\\/product\\\/badesalz-kaufen\\\/#primaryimage\"},\"image\":{\"@id\":\"https:\\\/\\\/medicinasinc.com\\\/de\\\/product\\\/badesalz-kaufen\\\/#primaryimage\"},\"thumbnailUrl\":\"https:\\\/\\\/medicinasinc.com\\\/de\\\/wp-content\\\/uploads\\\/sites\\\/6\\\/2022\\\/02\\\/Buy-Sparkle-Bath-Salt.jpg\",\"datePublished\":\"2022-02-22T03:10:06+00:00\",\"dateModified\":\"2022-03-18T00:15:21+00:00\",\"description\":\"Kaufen Sie funkelndes Badesalz zum Verkauf in Gro\u00dfbritannien, Europa, Australien. Wir bieten die zuverl\u00e4ssigste Transaktion und verkaufen zu sehr g\u00fcnstigen Preisen. Jetzt Sparkle Badesalz zu Bestpreisen bestellen\",\"breadcrumb\":{\"@id\":\"https:\\\/\\\/medicinasinc.com\\\/de\\\/product\\\/badesalz-kaufen\\\/#breadcrumb\"},\"inLanguage\":\"de\",\"potentialAction\":[{\"@type\":\"ReadAction\",\"target\":[\"https:\\\/\\\/medicinasinc.com\\\/de\\\/product\\\/badesalz-kaufen\\\/\"]}]},{\"@type\":\"ImageObject\",\"inLanguage\":\"de\",\"@id\":\"https:\\\/\\\/medicinasinc.com\\\/de\\\/product\\\/badesalz-kaufen\\\/#primaryimage\",\"url\":\"https:\\\/\\\/medicinasinc.com\\\/de\\\/wp-content\\\/uploads\\\/sites\\\/6\\\/2022\\\/02\\\/Buy-Sparkle-Bath-Salt.jpg\",\"contentUrl\":\"https:\\\/\\\/medicinasinc.com\\\/de\\\/wp-content\\\/uploads\\\/sites\\\/6\\\/2022\\\/02\\\/Buy-Sparkle-Bath-Salt.jpg\",\"width\":750,\"height\":750},{\"@type\":\"BreadcrumbList\",\"@id\":\"https:\\\/\\\/medicinasinc.com\\\/de\\\/product\\\/badesalz-kaufen\\\/#breadcrumb\",\"itemListElement\":[{\"@type\":\"ListItem\",\"position\":1,\"name\":\"Einkaufen\",\"item\":\"https:\\\/\\\/medicinasinc.com\\\/de\\\/einkaufen\\\/\"},{\"@type\":\"ListItem\",\"position\":2,\"name\":\"Sparkle Badesalz kaufen\"}]},{\"@type\":\"WebSite\",\"@id\":\"https:\\\/\\\/medicinasinc.com\\\/de\\\/#website\",\"url\":\"https:\\\/\\\/medicinasinc.com\\\/de\\\/\",\"name\":\"Medicinas Inc\",\"description\":\"Health Medical Clinic\",\"potentialAction\":[{\"@type\":\"SearchAction\",\"target\":{\"@type\":\"EntryPoint\",\"urlTemplate\":\"https:\\\/\\\/medicinasinc.com\\\/de\\\/?s={search_term_string}\"},\"query-input\":{\"@type\":\"PropertyValueSpecification\",\"valueRequired\":true,\"valueName\":\"search_term_string\"}}],\"inLanguage\":\"de\"}]}<\/script>\n<!-- \/ Yoast SEO plugin. -->","yoast_head_json":{"title":"Sparkle Badesalz kaufen - Sparkle Badesalz - Best Global Meds","description":"Kaufen Sie funkelndes Badesalz zum Verkauf in Gro\u00dfbritannien, Europa, Australien. Wir bieten die zuverl\u00e4ssigste Transaktion und verkaufen zu sehr g\u00fcnstigen Preisen. Jetzt Sparkle Badesalz zu Bestpreisen bestellen","robots":{"index":"index","follow":"follow","max-snippet":"max-snippet:-1","max-image-preview":"max-image-preview:large","max-video-preview":"max-video-preview:-1"},"canonical":"https:\/\/medicinasinc.com\/de\/product\/badesalz-kaufen\/","og_locale":"de_DE","og_type":"article","og_title":"Sparkle Badesalz kaufen - Sparkle Badesalz - Best Global Meds","og_description":"Kaufen Sie funkelndes Badesalz zum Verkauf in Gro\u00dfbritannien, Europa, Australien. Wir bieten die zuverl\u00e4ssigste Transaktion und verkaufen zu sehr g\u00fcnstigen Preisen. Jetzt Sparkle Badesalz zu Bestpreisen bestellen","og_url":"https:\/\/medicinasinc.com\/de\/product\/badesalz-kaufen\/","og_site_name":"Medicinas Inc","article_modified_time":"2022-03-18T00:15:21+00:00","og_image":[{"width":750,"height":750,"url":"https:\/\/medicinasinc.com\/de\/wp-content\/uploads\/sites\/6\/2022\/02\/Buy-Sparkle-Bath-Salt.jpg","type":"image\/jpeg"}],"twitter_card":"summary_large_image","twitter_misc":{"Gesch\u00e4tzte Lesezeit":"2\u00a0Minuten"},"schema":{"@context":"https:\/\/schema.org","@graph":[{"@type":"WebPage","@id":"https:\/\/medicinasinc.com\/de\/product\/badesalz-kaufen\/","url":"https:\/\/medicinasinc.com\/de\/product\/badesalz-kaufen\/","name":"Sparkle Badesalz kaufen - Sparkle Badesalz - Best Global Meds","isPartOf":{"@id":"https:\/\/medicinasinc.com\/de\/#website"},"primaryImageOfPage":{"@id":"https:\/\/medicinasinc.com\/de\/product\/badesalz-kaufen\/#primaryimage"},"image":{"@id":"https:\/\/medicinasinc.com\/de\/product\/badesalz-kaufen\/#primaryimage"},"thumbnailUrl":"https:\/\/medicinasinc.com\/de\/wp-content\/uploads\/sites\/6\/2022\/02\/Buy-Sparkle-Bath-Salt.jpg","datePublished":"2022-02-22T03:10:06+00:00","dateModified":"2022-03-18T00:15:21+00:00","description":"Kaufen Sie funkelndes Badesalz zum Verkauf in Gro\u00dfbritannien, Europa, Australien. Wir bieten die zuverl\u00e4ssigste Transaktion und verkaufen zu sehr g\u00fcnstigen Preisen. Jetzt Sparkle Badesalz zu Bestpreisen bestellen","breadcrumb":{"@id":"https:\/\/medicinasinc.com\/de\/product\/badesalz-kaufen\/#breadcrumb"},"inLanguage":"de","potentialAction":[{"@type":"ReadAction","target":["https:\/\/medicinasinc.com\/de\/product\/badesalz-kaufen\/"]}]},{"@type":"ImageObject","inLanguage":"de","@id":"https:\/\/medicinasinc.com\/de\/product\/badesalz-kaufen\/#primaryimage","url":"https:\/\/medicinasinc.com\/de\/wp-content\/uploads\/sites\/6\/2022\/02\/Buy-Sparkle-Bath-Salt.jpg","contentUrl":"https:\/\/medicinasinc.com\/de\/wp-content\/uploads\/sites\/6\/2022\/02\/Buy-Sparkle-Bath-Salt.jpg","width":750,"height":750},{"@type":"BreadcrumbList","@id":"https:\/\/medicinasinc.com\/de\/product\/badesalz-kaufen\/#breadcrumb","itemListElement":[{"@type":"ListItem","position":1,"name":"Einkaufen","item":"https:\/\/medicinasinc.com\/de\/einkaufen\/"},{"@type":"ListItem","position":2,"name":"Sparkle Badesalz kaufen"}]},{"@type":"WebSite","@id":"https:\/\/medicinasinc.com\/de\/#website","url":"https:\/\/medicinasinc.com\/de\/","name":"Medicinas Inc","description":"Health Medical Clinic","potentialAction":[{"@type":"SearchAction","target":{"@type":"EntryPoint","urlTemplate":"https:\/\/medicinasinc.com\/de\/?s={search_term_string}"},"query-input":{"@type":"PropertyValueSpecification","valueRequired":true,"valueName":"search_term_string"}}],"inLanguage":"de"}]}},"_links":{"self":[{"href":"https:\/\/medicinasinc.com\/de\/wp-json\/wp\/v2\/product\/5637","targetHints":{"allow":["GET"]}}],"collection":[{"href":"https:\/\/medicinasinc.com\/de\/wp-json\/wp\/v2\/product"}],"about":[{"href":"https:\/\/medicinasinc.com\/de\/wp-json\/wp\/v2\/types\/product"}],"replies":[{"embeddable":true,"href":"https:\/\/medicinasinc.com\/de\/wp-json\/wp\/v2\/comments?post=5637"}],"wp:featuredmedia":[{"embeddable":true,"href":"https:\/\/medicinasinc.com\/de\/wp-json\/wp\/v2\/media\/5648"}],"wp:attachment":[{"href":"https:\/\/medicinasinc.com\/de\/wp-json\/wp\/v2\/media?parent=5637"}],"wp:term":[{"taxonomy":"product_brand","embeddable":true,"href":"https:\/\/medicinasinc.com\/de\/wp-json\/wp\/v2\/product_brand?post=5637"},{"taxonomy":"product_cat","embeddable":true,"href":"https:\/\/medicinasinc.com\/de\/wp-json\/wp\/v2\/product_cat?post=5637"},{"taxonomy":"product_tag","embeddable":true,"href":"https:\/\/medicinasinc.com\/de\/wp-json\/wp\/v2\/product_tag?post=5637"}],"curies":[{"name":"wp","href":"https:\/\/api.w.org\/{rel}","templated":true}]}}