{"id":5636,"date":"2022-02-22T03:08:33","date_gmt":"2022-02-22T03:08:33","guid":{"rendered":"https:\/\/medicinasinc.com\/de\/?post_type=product&#038;p=5636"},"modified":"2022-03-18T00:15:29","modified_gmt":"2022-03-18T00:15:29","slug":"kaufen-synthacain-pulver","status":"publish","type":"product","link":"https:\/\/medicinasinc.com\/de\/product\/kaufen-synthacain-pulver\/","title":{"rendered":"Kaufen Sie Synthacain-Pulver"},"content":{"rendered":"<p>KAUFEN SIE SYNTHACAIN-PULVER ZUR VERWENDUNG<br \/> Synthacain-Pulver ist eine Forschungschemikalie, die von einem Gro\u00dfh\u00e4ndler verkauft wird.<br \/> Wenn Sie zur Kasse gehen, k\u00f6nnen Sie w\u00e4hlen, ob Sie per Bank\u00fcberweisung oder mit Bitcoins bezahlen m\u00f6chten.<br \/> Bitte beachten Sie, dass Sie nur versichert sind, wenn Ihr Paket verloren geht. Wenn Sie einen Tracked Insured-Service nutzen und Ihr Paket verloren geht, senden wir es Ihnen kostenlos zur\u00fcck.<br \/> Bitte \u00fcberpr\u00fcfen Sie die Gesetze Ihres Landes zum Import von Chemikalien.<br \/> Bestellungen f\u00fcr Bitcoins, die von Montag bis Freitag aufgegeben werden bis 15.30 Uhr werden noch am selben Tag versendet.<\/p>\n<p>Als Synthacain zum ersten Mal in der Forschung eingesetzt wurde, hatte es einen schlechten Ruf. Dies liegt haupts\u00e4chlich daran, dass viele Unternehmen minderwertige Proben davon verkauften. Allerdings nicht hier bei Highstore.net!<\/p>\n<p>Wir arbeiten mit einem guten Labor zusammen, um sicherzustellen, dass das gesamte von uns hergestellte Synthacain zu mindestens 98 % rein ist. Wir geben das genaue Rezept f\u00fcr dieses Produkt nicht heraus, da es sich um eine geheime Mischung handelt.<\/p>\n<p>Gr8 Research Chems Synthacain genie\u00dft einen guten Ruf. Wir freuen uns, sagen zu k\u00f6nnen, dass unser Vorrat aus derselben Quelle stammt.<\/p>\n<p>Es gibt noch vieles, was wir \u00fcber diese Chemikalie nicht wissen, aber bisher haben Tests gezeigt, dass sie Menschen sehr schnell gl\u00fccklich machen kann .<\/p>\n<p>Es kann auch ein Stimulans sein, daher ist es wichtig, dass Forscher Schritte unternehmen, um sich davon fernzuhalten und nur zwei Chargen davon gleichzeitig zu testen.<\/p>\n<p>Die Chemikalien die wir verkaufen, sind nicht f\u00fcr In-vivo-Forschung (d. h. nicht an Menschen oder Tieren) oder klinische Studien zugelassen. Wenn sie also versehentlich eingenommen werden, sollten Sie sofort medizinische Hilfe in Anspruch nehmen. Dies gilt f\u00fcr alle Chemikalien, die wir verkaufen. Bitte befolgen Sie die Standardsicherheitsregeln f\u00fcr Labore, wie das Tragen des richtigen Haut-, Augen- und Kleidungsschutzes.<\/p>\n<p>Wenn Sie es essen, sollten Sie sofort medizinische Hilfe in Anspruch nehmen.<\/p>\n<p>Die Leute k\u00f6nnen es kaufen dieses Produkt in Mengen von 500 mg und 1 Gramm. Sie k\u00f6nnen es auch in Mengen von 500 mg und 2 Gramm kaufen.<\/p>\n<p>Muss \u00fcber 18 Jahre alt sein und darf nicht von Menschen gegessen werden.<\/p>\n","protected":false},"excerpt":{"rendered":"<div class=\"woocommerce-product-details__short-description\">\n<p>Sie k\u00f6nnen Synthacain-Pulver in unserem Online-Shop Best Global Meds in Gro\u00dfbritannien, Europa, Asien und China kaufen und es schnell in die ganze Welt liefern lassen! Hier finden Sie das beste Synthacain zum Kaufen.<\/p>\n<p>Synthacain-Pulver: Kaufen Sie Synthacain-Pulver, Synthacain-Pulver Research Chemical Wholesaler. Wenn Sie auschecken, k\u00f6nnen Sie w\u00e4hlen, ob Sie per Bank\u00fcberweisung oder mit Bitcoins bezahlen m\u00f6chten.<\/p>\n<p>Synthacain online kaufen Synthacain kann in Online-Chemiel\u00e4den gekauft werden. Sie k\u00f6nnen sie finden. Online-Chemikalienshops sind der beste Ort, um Forschungschemikalien zu kaufen, weil Sie sie dort bekommen k\u00f6nnen.<\/p>\n<p>Was ist Synthacain? Wo kann ich es kaufen? Best Global Meds ist einer der besten Orte, um Synthacaine online zu kaufen. Zum Verkauf: Wir haben hochwertiges Synthacain zum Verkauf.<\/p>\n<p>Kaufen Sie Synthacain-Pulver g\u00fcnstig online.<\/p>\n<p>Synthacain ist zu 99,8 % rein. Synthacain wird in der Forschung verwendet. Bei 100 mg ist es sehr stark.<\/p>\n<\/p><\/div>\n","protected":false},"featured_media":5646,"comment_status":"open","ping_status":"closed","template":"","meta":[],"product_brand":[],"product_cat":[2014],"product_tag":[3363,3359,3360,3365,3364,3376,3366,3378,3362,3367,3374,3369,3372,3368,3370,3373,3375,3371,3361,3377,3379],"class_list":{"0":"post-5636","1":"product","2":"type-product","3":"status-publish","4":"has-post-thumbnail","6":"product_cat-kaufen-forschungschemikalien","7":"product_tag-bestellen-synthacain-pulver-europa","8":"product_tag-buy-research-chemical-synthacaine-powder","9":"product_tag-buy-research-chemical-synthacaine-powder-online","10":"product_tag-forschungschemikalien-neuerscheinung-synthacain-pulver","11":"product_tag-research-chem-synthacaine-pulver","12":"product_tag-synthacain-pulver-forschungschemikalie","13":"product_tag-forschungschemikalien-synthacain-pulver","14":"product_tag-synthacain-pulver-grohandel","15":"product_tag-buy-synthacaine-powder-uk","16":"product_tag-recherche-chemikalien-online","17":"product_tag-synthacain-pulver-bestellung","18":"product_tag-synthacain-pulver-kaufen","19":"product_tag-synthacain-pulver-zum-verkauf","20":"product_tag-synthacain-pulver","21":"product_tag-synthacain-pulver-porzellan","22":"product_tag-synthacain-pulver-online","23":"product_tag-synthacain-pulver-reddit","24":"product_tag-synthacain-pulver-effekt","25":"product_tag-kaufen-synthacain-pulver","26":"product_tag-synthacain-pulver-verkauf","27":"product_tag-where-to-buy-synthacaine-powder","29":"first","30":"instock","31":"shipping-taxable","32":"purchasable","33":"product-type-variable","34":"has-default-attributes"},"yoast_head":"<!-- This site is optimized with the Yoast SEO plugin v27.3 - https:\/\/yoast.com\/product\/yoast-seo-wordpress\/ -->\n<title>Kaufen Sie Synthacaine Powder - Synthacaine Powder - Best Global Meds<\/title>\n<meta name=\"description\" content=\"Kaufen Sie Synthacaine-Pulver in Gro\u00dfbritannien, Europa, Asien und China in unserem Best Global Meds Online-Shop mit schneller weltweiter Lieferung! Die besten Synthacaine zum Bestellen finden Sie hier!\" \/>\n<meta name=\"robots\" content=\"index, follow, max-snippet:-1, max-image-preview:large, max-video-preview:-1\" \/>\n<link rel=\"canonical\" href=\"https:\/\/medicinasinc.com\/de\/product\/kaufen-synthacain-pulver\/\" \/>\n<meta property=\"og:locale\" content=\"de_DE\" \/>\n<meta property=\"og:type\" content=\"article\" \/>\n<meta property=\"og:title\" content=\"Kaufen Sie Synthacaine Powder - Synthacaine Powder - Best Global Meds\" \/>\n<meta property=\"og:description\" content=\"Kaufen Sie Synthacaine-Pulver in Gro\u00dfbritannien, Europa, Asien und China in unserem Best Global Meds Online-Shop mit schneller weltweiter Lieferung! Die besten Synthacaine zum Bestellen finden Sie hier!\" \/>\n<meta property=\"og:url\" content=\"https:\/\/medicinasinc.com\/de\/product\/kaufen-synthacain-pulver\/\" \/>\n<meta property=\"og:site_name\" content=\"Medicinas Inc\" \/>\n<meta property=\"article:modified_time\" content=\"2022-03-18T00:15:29+00:00\" \/>\n<meta property=\"og:image\" content=\"https:\/\/medicinasinc.com\/de\/wp-content\/uploads\/sites\/6\/2022\/02\/Buy-Synthacaine-Powder.jpg\" \/>\n\t<meta property=\"og:image:width\" content=\"600\" \/>\n\t<meta property=\"og:image:height\" content=\"600\" \/>\n\t<meta property=\"og:image:type\" content=\"image\/jpeg\" \/>\n<meta name=\"twitter:card\" content=\"summary_large_image\" \/>\n<meta name=\"twitter:label1\" content=\"Gesch\u00e4tzte Lesezeit\" \/>\n\t<meta name=\"twitter:data1\" content=\"2\u00a0Minuten\" \/>\n<script type=\"application\/ld+json\" class=\"yoast-schema-graph\">{\"@context\":\"https:\\\/\\\/schema.org\",\"@graph\":[{\"@type\":\"WebPage\",\"@id\":\"https:\\\/\\\/medicinasinc.com\\\/de\\\/product\\\/kaufen-synthacain-pulver\\\/\",\"url\":\"https:\\\/\\\/medicinasinc.com\\\/de\\\/product\\\/kaufen-synthacain-pulver\\\/\",\"name\":\"Kaufen Sie Synthacaine Powder - Synthacaine Powder - Best Global Meds\",\"isPartOf\":{\"@id\":\"https:\\\/\\\/medicinasinc.com\\\/de\\\/#website\"},\"primaryImageOfPage\":{\"@id\":\"https:\\\/\\\/medicinasinc.com\\\/de\\\/product\\\/kaufen-synthacain-pulver\\\/#primaryimage\"},\"image\":{\"@id\":\"https:\\\/\\\/medicinasinc.com\\\/de\\\/product\\\/kaufen-synthacain-pulver\\\/#primaryimage\"},\"thumbnailUrl\":\"https:\\\/\\\/medicinasinc.com\\\/de\\\/wp-content\\\/uploads\\\/sites\\\/6\\\/2022\\\/02\\\/Buy-Synthacaine-Powder.jpg\",\"datePublished\":\"2022-02-22T03:08:33+00:00\",\"dateModified\":\"2022-03-18T00:15:29+00:00\",\"description\":\"Kaufen Sie Synthacaine-Pulver in Gro\u00dfbritannien, Europa, Asien und China in unserem Best Global Meds Online-Shop mit schneller weltweiter Lieferung! Die besten Synthacaine zum Bestellen finden Sie hier!\",\"breadcrumb\":{\"@id\":\"https:\\\/\\\/medicinasinc.com\\\/de\\\/product\\\/kaufen-synthacain-pulver\\\/#breadcrumb\"},\"inLanguage\":\"de\",\"potentialAction\":[{\"@type\":\"ReadAction\",\"target\":[\"https:\\\/\\\/medicinasinc.com\\\/de\\\/product\\\/kaufen-synthacain-pulver\\\/\"]}]},{\"@type\":\"ImageObject\",\"inLanguage\":\"de\",\"@id\":\"https:\\\/\\\/medicinasinc.com\\\/de\\\/product\\\/kaufen-synthacain-pulver\\\/#primaryimage\",\"url\":\"https:\\\/\\\/medicinasinc.com\\\/de\\\/wp-content\\\/uploads\\\/sites\\\/6\\\/2022\\\/02\\\/Buy-Synthacaine-Powder.jpg\",\"contentUrl\":\"https:\\\/\\\/medicinasinc.com\\\/de\\\/wp-content\\\/uploads\\\/sites\\\/6\\\/2022\\\/02\\\/Buy-Synthacaine-Powder.jpg\",\"width\":600,\"height\":600},{\"@type\":\"BreadcrumbList\",\"@id\":\"https:\\\/\\\/medicinasinc.com\\\/de\\\/product\\\/kaufen-synthacain-pulver\\\/#breadcrumb\",\"itemListElement\":[{\"@type\":\"ListItem\",\"position\":1,\"name\":\"Einkaufen\",\"item\":\"https:\\\/\\\/medicinasinc.com\\\/de\\\/einkaufen\\\/\"},{\"@type\":\"ListItem\",\"position\":2,\"name\":\"Kaufen Sie Synthacain-Pulver\"}]},{\"@type\":\"WebSite\",\"@id\":\"https:\\\/\\\/medicinasinc.com\\\/de\\\/#website\",\"url\":\"https:\\\/\\\/medicinasinc.com\\\/de\\\/\",\"name\":\"Medicinas Inc\",\"description\":\"Health Medical Clinic\",\"potentialAction\":[{\"@type\":\"SearchAction\",\"target\":{\"@type\":\"EntryPoint\",\"urlTemplate\":\"https:\\\/\\\/medicinasinc.com\\\/de\\\/?s={search_term_string}\"},\"query-input\":{\"@type\":\"PropertyValueSpecification\",\"valueRequired\":true,\"valueName\":\"search_term_string\"}}],\"inLanguage\":\"de\"}]}<\/script>\n<!-- \/ Yoast SEO plugin. -->","yoast_head_json":{"title":"Kaufen Sie Synthacaine Powder - Synthacaine Powder - Best Global Meds","description":"Kaufen Sie Synthacaine-Pulver in Gro\u00dfbritannien, Europa, Asien und China in unserem Best Global Meds Online-Shop mit schneller weltweiter Lieferung! Die besten Synthacaine zum Bestellen finden Sie hier!","robots":{"index":"index","follow":"follow","max-snippet":"max-snippet:-1","max-image-preview":"max-image-preview:large","max-video-preview":"max-video-preview:-1"},"canonical":"https:\/\/medicinasinc.com\/de\/product\/kaufen-synthacain-pulver\/","og_locale":"de_DE","og_type":"article","og_title":"Kaufen Sie Synthacaine Powder - Synthacaine Powder - Best Global Meds","og_description":"Kaufen Sie Synthacaine-Pulver in Gro\u00dfbritannien, Europa, Asien und China in unserem Best Global Meds Online-Shop mit schneller weltweiter Lieferung! Die besten Synthacaine zum Bestellen finden Sie hier!","og_url":"https:\/\/medicinasinc.com\/de\/product\/kaufen-synthacain-pulver\/","og_site_name":"Medicinas Inc","article_modified_time":"2022-03-18T00:15:29+00:00","og_image":[{"width":600,"height":600,"url":"https:\/\/medicinasinc.com\/de\/wp-content\/uploads\/sites\/6\/2022\/02\/Buy-Synthacaine-Powder.jpg","type":"image\/jpeg"}],"twitter_card":"summary_large_image","twitter_misc":{"Gesch\u00e4tzte Lesezeit":"2\u00a0Minuten"},"schema":{"@context":"https:\/\/schema.org","@graph":[{"@type":"WebPage","@id":"https:\/\/medicinasinc.com\/de\/product\/kaufen-synthacain-pulver\/","url":"https:\/\/medicinasinc.com\/de\/product\/kaufen-synthacain-pulver\/","name":"Kaufen Sie Synthacaine Powder - Synthacaine Powder - Best Global Meds","isPartOf":{"@id":"https:\/\/medicinasinc.com\/de\/#website"},"primaryImageOfPage":{"@id":"https:\/\/medicinasinc.com\/de\/product\/kaufen-synthacain-pulver\/#primaryimage"},"image":{"@id":"https:\/\/medicinasinc.com\/de\/product\/kaufen-synthacain-pulver\/#primaryimage"},"thumbnailUrl":"https:\/\/medicinasinc.com\/de\/wp-content\/uploads\/sites\/6\/2022\/02\/Buy-Synthacaine-Powder.jpg","datePublished":"2022-02-22T03:08:33+00:00","dateModified":"2022-03-18T00:15:29+00:00","description":"Kaufen Sie Synthacaine-Pulver in Gro\u00dfbritannien, Europa, Asien und China in unserem Best Global Meds Online-Shop mit schneller weltweiter Lieferung! Die besten Synthacaine zum Bestellen finden Sie hier!","breadcrumb":{"@id":"https:\/\/medicinasinc.com\/de\/product\/kaufen-synthacain-pulver\/#breadcrumb"},"inLanguage":"de","potentialAction":[{"@type":"ReadAction","target":["https:\/\/medicinasinc.com\/de\/product\/kaufen-synthacain-pulver\/"]}]},{"@type":"ImageObject","inLanguage":"de","@id":"https:\/\/medicinasinc.com\/de\/product\/kaufen-synthacain-pulver\/#primaryimage","url":"https:\/\/medicinasinc.com\/de\/wp-content\/uploads\/sites\/6\/2022\/02\/Buy-Synthacaine-Powder.jpg","contentUrl":"https:\/\/medicinasinc.com\/de\/wp-content\/uploads\/sites\/6\/2022\/02\/Buy-Synthacaine-Powder.jpg","width":600,"height":600},{"@type":"BreadcrumbList","@id":"https:\/\/medicinasinc.com\/de\/product\/kaufen-synthacain-pulver\/#breadcrumb","itemListElement":[{"@type":"ListItem","position":1,"name":"Einkaufen","item":"https:\/\/medicinasinc.com\/de\/einkaufen\/"},{"@type":"ListItem","position":2,"name":"Kaufen Sie Synthacain-Pulver"}]},{"@type":"WebSite","@id":"https:\/\/medicinasinc.com\/de\/#website","url":"https:\/\/medicinasinc.com\/de\/","name":"Medicinas Inc","description":"Health Medical Clinic","potentialAction":[{"@type":"SearchAction","target":{"@type":"EntryPoint","urlTemplate":"https:\/\/medicinasinc.com\/de\/?s={search_term_string}"},"query-input":{"@type":"PropertyValueSpecification","valueRequired":true,"valueName":"search_term_string"}}],"inLanguage":"de"}]}},"_links":{"self":[{"href":"https:\/\/medicinasinc.com\/de\/wp-json\/wp\/v2\/product\/5636","targetHints":{"allow":["GET"]}}],"collection":[{"href":"https:\/\/medicinasinc.com\/de\/wp-json\/wp\/v2\/product"}],"about":[{"href":"https:\/\/medicinasinc.com\/de\/wp-json\/wp\/v2\/types\/product"}],"replies":[{"embeddable":true,"href":"https:\/\/medicinasinc.com\/de\/wp-json\/wp\/v2\/comments?post=5636"}],"wp:featuredmedia":[{"embeddable":true,"href":"https:\/\/medicinasinc.com\/de\/wp-json\/wp\/v2\/media\/5646"}],"wp:attachment":[{"href":"https:\/\/medicinasinc.com\/de\/wp-json\/wp\/v2\/media?parent=5636"}],"wp:term":[{"taxonomy":"product_brand","embeddable":true,"href":"https:\/\/medicinasinc.com\/de\/wp-json\/wp\/v2\/product_brand?post=5636"},{"taxonomy":"product_cat","embeddable":true,"href":"https:\/\/medicinasinc.com\/de\/wp-json\/wp\/v2\/product_cat?post=5636"},{"taxonomy":"product_tag","embeddable":true,"href":"https:\/\/medicinasinc.com\/de\/wp-json\/wp\/v2\/product_tag?post=5636"}],"curies":[{"name":"wp","href":"https:\/\/api.w.org\/{rel}","templated":true}]}}