{"id":5635,"date":"2022-02-22T03:07:02","date_gmt":"2022-02-22T03:07:02","guid":{"rendered":"https:\/\/medicinasinc.com\/de\/?post_type=product&#038;p=5635"},"modified":"2022-08-03T09:05:15","modified_gmt":"2022-08-03T09:05:15","slug":"kaufe-ruhe-badesalz","status":"publish","type":"product","link":"https:\/\/medicinasinc.com\/de\/product\/kaufe-ruhe-badesalz\/","title":{"rendered":"Kaufen Sie Tranquility Badesalz"},"content":{"rendered":"<p>Kaufen Sie Tranquility-Badesalz online: Wie kauft man es?<\/p>\n<p>Best Best Global Meds verkauft hochwertige Badesalze, die Ihnen ein sanftes, sinnliches Bad geben, bei dem Sie sich sauber f\u00fchlen.<\/p>\n<p>&gt;<\/p>\n<p>Wenn Sie bei uns \u201eBeruhigungsbadesalz online kaufen\u201c, k\u00f6nnen Sie sicher sein, dass es das Beste ist, was Sie bekommen k\u00f6nnen. Wir verkaufen und kaufen andere konzentrierte Badesalze zu guten Preisen.<\/p>\n<p>Unsere Badesalze haben einen starken Geruch.<\/p>\n<p>Suchen Sie nach einem Ort, an dem Sie Ruhe-Badesalze im Internet kaufen k\u00f6nnen? Chemicals Lab gibt Ihnen die M\u00f6glichkeit, Ruhe-Badesalz online zu kaufen, ohne sich mit irgendwelchen Problemen oder Unannehmlichkeiten herumschlagen zu m\u00fcssen. Wir arbeiten rund um die Uhr, um sicherzustellen, dass Sie bei jedem Kauf von Beruhigungsbadesalzen in unserer Online-Apotheke Geld sparen. Wenn Sie etwas bei Chemicals Lab kaufen, m\u00f6chten wir, dass Sie weniger bezahlen und mehr bekommen.<\/p>\n<div class=\"product-next- previous\">\n<div class=\"product-prev\"><\/div>\n<\/div>\n","protected":false},"excerpt":{"rendered":"<p>Auf unserer Medicinasinc.com-Website k\u00f6nnen Sie Tranquility-Badesalz aus Gro\u00dfbritannien, Europa, Asien und China kaufen und es schnell in die ganze Welt liefern lassen! Hier k\u00f6nnen Sie das beste Tranquility-Badesalz bestellen.<\/p>\n<p>Tranquility-Badesalz kann online bei einem seri\u00f6sen Anbieter gekauft werden. Wir verkaufen die besten Badeprodukte, wie Badesalze.<\/p>\n<p>Kaufen Sie Tranquility Badesalze JETZT online! Wir haben die besten Badeprodukte, wie Badesalze, f\u00fcr Sie.<\/p>\n","protected":false},"featured_media":5644,"comment_status":"open","ping_status":"closed","template":"","meta":[],"product_brand":[],"product_cat":[2014],"product_tag":[3347,3344,3346,3349,3351,3353,3348,3345,3350,3354,3352,3357,3356,3355,3358],"class_list":{"0":"post-5635","1":"product","2":"type-product","3":"status-publish","4":"has-post-thumbnail","6":"product_cat-kaufen-forschungschemikalien","7":"product_tag-bestellen-ruhe-badesalz","8":"product_tag-buy-tranquility-bath-salts","9":"product_tag-kaufen-tranquility-badesalze-uk","10":"product_tag-ruhe-badesalz","11":"product_tag-ruhe-badesalz-online","12":"product_tag-ruhe-badesalz-reddit","13":"product_tag-ruhe-badesalz-online-bestellen","14":"product_tag-ruhe-badesalz-online-kaufen","15":"product_tag-ruhe-badesalz-zu-verkaufen","16":"product_tag-ruhe-badesalz-hndler","17":"product_tag-ruhe-badesalz-bestellung-europa","18":"product_tag-ruhe-badesalz-grohandel","19":"product_tag-ruhe-badesalz-lieferant","20":"product_tag-ruhe-badesalz-verkauf","21":"product_tag-wo-zu-kaufen-ruhe-badesalz","23":"first","24":"instock","25":"shipping-taxable","26":"purchasable","27":"product-type-variable"},"yoast_head":"<!-- This site is optimized with the Yoast SEO plugin v27.3 - https:\/\/yoast.com\/product\/yoast-seo-wordpress\/ -->\n<title>Kaufen Sie Tranquility Bath Salt - Tranquility Bath Salt - Best Global Meds<\/title>\n<meta name=\"description\" content=\"Kaufen Sie Tranquility Badesalz UK, Europa, Asien, China in unserem Medicinasinc.com Online-Shop mit schneller weltweiter Lieferung! Das beste Tranquility Badesalz zum Bestellen finden Sie hier!\" \/>\n<meta name=\"robots\" content=\"index, follow, max-snippet:-1, max-image-preview:large, max-video-preview:-1\" \/>\n<link rel=\"canonical\" href=\"https:\/\/medicinasinc.com\/de\/product\/kaufe-ruhe-badesalz\/\" \/>\n<meta property=\"og:locale\" content=\"de_DE\" \/>\n<meta property=\"og:type\" content=\"article\" \/>\n<meta property=\"og:title\" content=\"Kaufen Sie Tranquility Bath Salt - Tranquility Bath Salt - Best Global Meds\" \/>\n<meta property=\"og:description\" content=\"Kaufen Sie Tranquility Badesalz UK, Europa, Asien, China in unserem Medicinasinc.com Online-Shop mit schneller weltweiter Lieferung! Das beste Tranquility Badesalz zum Bestellen finden Sie hier!\" \/>\n<meta property=\"og:url\" content=\"https:\/\/medicinasinc.com\/de\/product\/kaufe-ruhe-badesalz\/\" \/>\n<meta property=\"og:site_name\" content=\"Medicinas Inc\" \/>\n<meta property=\"article:modified_time\" content=\"2022-08-03T09:05:15+00:00\" \/>\n<meta property=\"og:image\" content=\"https:\/\/medicinasinc.com\/de\/wp-content\/uploads\/sites\/6\/2022\/02\/Buy-Tranquility-Bath-Salt.jpg\" \/>\n\t<meta property=\"og:image:width\" content=\"236\" \/>\n\t<meta property=\"og:image:height\" content=\"225\" \/>\n\t<meta property=\"og:image:type\" content=\"image\/jpeg\" \/>\n<meta name=\"twitter:card\" content=\"summary_large_image\" \/>\n<meta name=\"twitter:label1\" content=\"Gesch\u00e4tzte Lesezeit\" \/>\n\t<meta name=\"twitter:data1\" content=\"1\u00a0Minute\" \/>\n<script type=\"application\/ld+json\" class=\"yoast-schema-graph\">{\"@context\":\"https:\\\/\\\/schema.org\",\"@graph\":[{\"@type\":\"WebPage\",\"@id\":\"https:\\\/\\\/medicinasinc.com\\\/de\\\/product\\\/kaufe-ruhe-badesalz\\\/\",\"url\":\"https:\\\/\\\/medicinasinc.com\\\/de\\\/product\\\/kaufe-ruhe-badesalz\\\/\",\"name\":\"Kaufen Sie Tranquility Bath Salt - Tranquility Bath Salt - Best Global Meds\",\"isPartOf\":{\"@id\":\"https:\\\/\\\/medicinasinc.com\\\/de\\\/#website\"},\"primaryImageOfPage\":{\"@id\":\"https:\\\/\\\/medicinasinc.com\\\/de\\\/product\\\/kaufe-ruhe-badesalz\\\/#primaryimage\"},\"image\":{\"@id\":\"https:\\\/\\\/medicinasinc.com\\\/de\\\/product\\\/kaufe-ruhe-badesalz\\\/#primaryimage\"},\"thumbnailUrl\":\"https:\\\/\\\/medicinasinc.com\\\/de\\\/wp-content\\\/uploads\\\/sites\\\/6\\\/2022\\\/02\\\/Buy-Tranquility-Bath-Salt.jpg\",\"datePublished\":\"2022-02-22T03:07:02+00:00\",\"dateModified\":\"2022-08-03T09:05:15+00:00\",\"description\":\"Kaufen Sie Tranquility Badesalz UK, Europa, Asien, China in unserem Medicinasinc.com Online-Shop mit schneller weltweiter Lieferung! Das beste Tranquility Badesalz zum Bestellen finden Sie hier!\",\"breadcrumb\":{\"@id\":\"https:\\\/\\\/medicinasinc.com\\\/de\\\/product\\\/kaufe-ruhe-badesalz\\\/#breadcrumb\"},\"inLanguage\":\"de\",\"potentialAction\":[{\"@type\":\"ReadAction\",\"target\":[\"https:\\\/\\\/medicinasinc.com\\\/de\\\/product\\\/kaufe-ruhe-badesalz\\\/\"]}]},{\"@type\":\"ImageObject\",\"inLanguage\":\"de\",\"@id\":\"https:\\\/\\\/medicinasinc.com\\\/de\\\/product\\\/kaufe-ruhe-badesalz\\\/#primaryimage\",\"url\":\"https:\\\/\\\/medicinasinc.com\\\/de\\\/wp-content\\\/uploads\\\/sites\\\/6\\\/2022\\\/02\\\/Buy-Tranquility-Bath-Salt.jpg\",\"contentUrl\":\"https:\\\/\\\/medicinasinc.com\\\/de\\\/wp-content\\\/uploads\\\/sites\\\/6\\\/2022\\\/02\\\/Buy-Tranquility-Bath-Salt.jpg\",\"width\":236,\"height\":225},{\"@type\":\"BreadcrumbList\",\"@id\":\"https:\\\/\\\/medicinasinc.com\\\/de\\\/product\\\/kaufe-ruhe-badesalz\\\/#breadcrumb\",\"itemListElement\":[{\"@type\":\"ListItem\",\"position\":1,\"name\":\"Einkaufen\",\"item\":\"https:\\\/\\\/medicinasinc.com\\\/de\\\/einkaufen\\\/\"},{\"@type\":\"ListItem\",\"position\":2,\"name\":\"Kaufen Sie Tranquility Badesalz\"}]},{\"@type\":\"WebSite\",\"@id\":\"https:\\\/\\\/medicinasinc.com\\\/de\\\/#website\",\"url\":\"https:\\\/\\\/medicinasinc.com\\\/de\\\/\",\"name\":\"Medicinas Inc\",\"description\":\"Health Medical Clinic\",\"potentialAction\":[{\"@type\":\"SearchAction\",\"target\":{\"@type\":\"EntryPoint\",\"urlTemplate\":\"https:\\\/\\\/medicinasinc.com\\\/de\\\/?s={search_term_string}\"},\"query-input\":{\"@type\":\"PropertyValueSpecification\",\"valueRequired\":true,\"valueName\":\"search_term_string\"}}],\"inLanguage\":\"de\"}]}<\/script>\n<!-- \/ Yoast SEO plugin. -->","yoast_head_json":{"title":"Kaufen Sie Tranquility Bath Salt - Tranquility Bath Salt - Best Global Meds","description":"Kaufen Sie Tranquility Badesalz UK, Europa, Asien, China in unserem Medicinasinc.com Online-Shop mit schneller weltweiter Lieferung! Das beste Tranquility Badesalz zum Bestellen finden Sie hier!","robots":{"index":"index","follow":"follow","max-snippet":"max-snippet:-1","max-image-preview":"max-image-preview:large","max-video-preview":"max-video-preview:-1"},"canonical":"https:\/\/medicinasinc.com\/de\/product\/kaufe-ruhe-badesalz\/","og_locale":"de_DE","og_type":"article","og_title":"Kaufen Sie Tranquility Bath Salt - Tranquility Bath Salt - Best Global Meds","og_description":"Kaufen Sie Tranquility Badesalz UK, Europa, Asien, China in unserem Medicinasinc.com Online-Shop mit schneller weltweiter Lieferung! Das beste Tranquility Badesalz zum Bestellen finden Sie hier!","og_url":"https:\/\/medicinasinc.com\/de\/product\/kaufe-ruhe-badesalz\/","og_site_name":"Medicinas Inc","article_modified_time":"2022-08-03T09:05:15+00:00","og_image":[{"width":236,"height":225,"url":"https:\/\/medicinasinc.com\/de\/wp-content\/uploads\/sites\/6\/2022\/02\/Buy-Tranquility-Bath-Salt.jpg","type":"image\/jpeg"}],"twitter_card":"summary_large_image","twitter_misc":{"Gesch\u00e4tzte Lesezeit":"1\u00a0Minute"},"schema":{"@context":"https:\/\/schema.org","@graph":[{"@type":"WebPage","@id":"https:\/\/medicinasinc.com\/de\/product\/kaufe-ruhe-badesalz\/","url":"https:\/\/medicinasinc.com\/de\/product\/kaufe-ruhe-badesalz\/","name":"Kaufen Sie Tranquility Bath Salt - Tranquility Bath Salt - Best Global Meds","isPartOf":{"@id":"https:\/\/medicinasinc.com\/de\/#website"},"primaryImageOfPage":{"@id":"https:\/\/medicinasinc.com\/de\/product\/kaufe-ruhe-badesalz\/#primaryimage"},"image":{"@id":"https:\/\/medicinasinc.com\/de\/product\/kaufe-ruhe-badesalz\/#primaryimage"},"thumbnailUrl":"https:\/\/medicinasinc.com\/de\/wp-content\/uploads\/sites\/6\/2022\/02\/Buy-Tranquility-Bath-Salt.jpg","datePublished":"2022-02-22T03:07:02+00:00","dateModified":"2022-08-03T09:05:15+00:00","description":"Kaufen Sie Tranquility Badesalz UK, Europa, Asien, China in unserem Medicinasinc.com Online-Shop mit schneller weltweiter Lieferung! Das beste Tranquility Badesalz zum Bestellen finden Sie hier!","breadcrumb":{"@id":"https:\/\/medicinasinc.com\/de\/product\/kaufe-ruhe-badesalz\/#breadcrumb"},"inLanguage":"de","potentialAction":[{"@type":"ReadAction","target":["https:\/\/medicinasinc.com\/de\/product\/kaufe-ruhe-badesalz\/"]}]},{"@type":"ImageObject","inLanguage":"de","@id":"https:\/\/medicinasinc.com\/de\/product\/kaufe-ruhe-badesalz\/#primaryimage","url":"https:\/\/medicinasinc.com\/de\/wp-content\/uploads\/sites\/6\/2022\/02\/Buy-Tranquility-Bath-Salt.jpg","contentUrl":"https:\/\/medicinasinc.com\/de\/wp-content\/uploads\/sites\/6\/2022\/02\/Buy-Tranquility-Bath-Salt.jpg","width":236,"height":225},{"@type":"BreadcrumbList","@id":"https:\/\/medicinasinc.com\/de\/product\/kaufe-ruhe-badesalz\/#breadcrumb","itemListElement":[{"@type":"ListItem","position":1,"name":"Einkaufen","item":"https:\/\/medicinasinc.com\/de\/einkaufen\/"},{"@type":"ListItem","position":2,"name":"Kaufen Sie Tranquility Badesalz"}]},{"@type":"WebSite","@id":"https:\/\/medicinasinc.com\/de\/#website","url":"https:\/\/medicinasinc.com\/de\/","name":"Medicinas Inc","description":"Health Medical Clinic","potentialAction":[{"@type":"SearchAction","target":{"@type":"EntryPoint","urlTemplate":"https:\/\/medicinasinc.com\/de\/?s={search_term_string}"},"query-input":{"@type":"PropertyValueSpecification","valueRequired":true,"valueName":"search_term_string"}}],"inLanguage":"de"}]}},"_links":{"self":[{"href":"https:\/\/medicinasinc.com\/de\/wp-json\/wp\/v2\/product\/5635","targetHints":{"allow":["GET"]}}],"collection":[{"href":"https:\/\/medicinasinc.com\/de\/wp-json\/wp\/v2\/product"}],"about":[{"href":"https:\/\/medicinasinc.com\/de\/wp-json\/wp\/v2\/types\/product"}],"replies":[{"embeddable":true,"href":"https:\/\/medicinasinc.com\/de\/wp-json\/wp\/v2\/comments?post=5635"}],"wp:featuredmedia":[{"embeddable":true,"href":"https:\/\/medicinasinc.com\/de\/wp-json\/wp\/v2\/media\/5644"}],"wp:attachment":[{"href":"https:\/\/medicinasinc.com\/de\/wp-json\/wp\/v2\/media?parent=5635"}],"wp:term":[{"taxonomy":"product_brand","embeddable":true,"href":"https:\/\/medicinasinc.com\/de\/wp-json\/wp\/v2\/product_brand?post=5635"},{"taxonomy":"product_cat","embeddable":true,"href":"https:\/\/medicinasinc.com\/de\/wp-json\/wp\/v2\/product_cat?post=5635"},{"taxonomy":"product_tag","embeddable":true,"href":"https:\/\/medicinasinc.com\/de\/wp-json\/wp\/v2\/product_tag?post=5635"}],"curies":[{"name":"wp","href":"https:\/\/api.w.org\/{rel}","templated":true}]}}