{"id":5617,"date":"2022-02-22T02:48:56","date_gmt":"2022-02-22T02:48:56","guid":{"rendered":"https:\/\/medicinasinc.com\/de\/?post_type=product&#038;p=5617"},"modified":"2022-08-03T09:09:37","modified_gmt":"2022-08-03T09:09:37","slug":"buy-u-47700-pulver","status":"publish","type":"product","link":"https:\/\/medicinasinc.com\/de\/product\/buy-u-47700-pulver\/","title":{"rendered":"U-47700 Pulver kaufen"},"content":{"rendered":"<p>Online k\u00f6nnen Sie U-47700-Pulver zu einem sehr niedrigen Preis kaufen.<\/p>\n<p>Kaufen Sie U-47700 bei bestglobalmeds.com.<br \/>\nEin Schmerzmittel namens U-47700 ist Teil des Opioids Familie. Es wurde erstmals vor etwa 40 Jahren von Upjohn hergestellt. Es wurde aus AH-7921 hergestellt, einem \u00e4hnlichen Opioid. U-47700 war wichtig f\u00fcr die Entwicklung dieser Klasse von Opioiden, aber es wurde nicht an Menschen oder Tieren getestet.<\/p>\n<p>Pharmakologie: U-47700 ist sehr gut darin, den -Opioidrezeptor anzugreifen. Es wird angenommen, dass es 7- bis 8-mal st\u00e4rker ist als Morphin, Dosis pro Dosis. Es wird angenommen, dass es ein starker Kappa-Agonist ist, was bedeutet, dass es nicht viele Dysphorie oder andere Probleme verursachen sollte.<\/p>\n<p>Leute, die die gleichen Arten von Chemikalien herstellen<\/p>\n<p>U-50488<br \/>\nAH-7921<br \/>\nU-69,593<br \/>\nSchweden hat U-47700 seit Januar 2016 verboten, aber keine anderen gro\u00dfen L\u00e4nder haben dasselbe getan.<\/p>\n<p>U-47700, wie die meisten Opioide und ihre Derivate, ist f\u00fcr Menschen nicht sicher zu essen. Es wird nur an forschende Chemiker und Labormitarbeiter verkauft.<\/p>\n","protected":false},"excerpt":{"rendered":"<div class=\"woocommerce-product-details__short-description\">\n<p>Es ist einfach, U-47700-Pulver online in unserem Shop Medicinasinc.com zu kaufen und es schnell in jedes Land der Welt liefern zu lassen! Das beste U-47700-Pulver, das Sie kaufen k\u00f6nnen, finden Sie hier!<\/p>\n<p>Kaufen Sie u-47700-Pulver online. Dieses braune Pulver ist sehr rein. In 99,8\u00a0% der F\u00e4lle ist es nat\u00fcrlich.<\/p>\n<p>Online k\u00f6nnen Sie 1 Unze U-47700-Pulver g\u00fcnstig kaufen. Eine typische Dosis betr\u00e4gt einige Milligramm. Sehen Sie sich an, worauf Sie sich einlassen.<\/p>\n<div class=\"char\">SPEZIFIKATION<\/div>\n<div class=\"Spezifikation\">\n<div class=\"sprow\"><span class=\"spname \">Produktname:<\/span><span class=\"sptext\">U-47700<\/span><\/div>\n<div class=\"sprow\"><span class=\"spname\">IUPAC-Name:<\/span><span class=\"sptext\">trans-3,4-Dichlor-N-(2-(dimethylamino)cyclohexyl)-N-methylbenzamid<\/span><\/div>\n<div class=\"sprow\">Andere Namen:<span class=\"sptext\">Pink, Pinky, U-47700<\/span><\/div>\n<div class=\"sprow\"><span class=\"spname\">Cas-Nummer:<\/span><span class=\"sptext\">121348-98-9<\/span><\/div>\n<div class=\"sprow\"><span class=\"spname\">Molekularformel:<\/span><span class=\"sptext\">C16H22Cl2N2O<\/span><\/div>\n<div class=\"sprow\"><span class=\"spname\">Molarmasse:<\/span><span class=\"sptext\"> 329,265 g\/mol<\/span><\/div>\n<div class=\"sprow\"><span class=\"spname\">Wirkung:<\/span><span class=\"sptext\">beruhigend<\/span><\/div>\n<div class=\"sprow\"><span class=\"spname\">Reinheit der Substanz:<\/span><span class=\"sptext\"> 99,9 %<\/span><\/div>\n<div class=\"sprow\"><span class=\"spname\">Physikalische Eigenschaften:<\/span><span class=\"sptext\">Kristallines Pulver<\/span><\/div>\n<\/div>\n<\/div>\n","protected":false},"featured_media":5629,"comment_status":"open","ping_status":"closed","template":"","meta":[],"product_brand":[],"product_cat":[2014],"product_tag":[3322,3326,3324,3325,3343,3327,3329,3334,3335,3336,3337,3330,3331,3328,3338,3333,3340,3332,3339,3341,3342],"class_list":{"0":"post-5617","1":"product","2":"type-product","3":"status-publish","4":"has-post-thumbnail","6":"product_cat-kaufen-forschungschemikalien","7":"product_tag-best-place-to-buy-u-47700-powder","8":"product_tag-bestell-u-47700-pulver","9":"product_tag-buy-u-47700-powder-europe","10":"product_tag-buy-u-47700-powder-uk","11":"product_tag-grohandel-u-47700-pulver","12":"product_tag-retail-u-47700-powder","13":"product_tag-u-47700-powder-buy-uk","14":"product_tag-u-47700-powder-germany","15":"product_tag-u-47700-powder-google","16":"product_tag-u-47700-powder-lithuania","17":"product_tag-u-47700-powder-near-me","18":"product_tag-u-47700-puder-effekt","19":"product_tag-u-47700-pulver-europa","20":"product_tag-u-47700-pulver-kaufen","21":"product_tag-u-47700-pulver-online","22":"product_tag-u-47700-pulver-online-verkaufen","23":"product_tag-u-47700-pulver-reddit","24":"product_tag-u-47700-pulver-zu-verkaufen","25":"product_tag-u-47700-pulver-bestellung","26":"product_tag-u-47700-pulver-verkauf","27":"product_tag-wo-zu-kaufen-u-47700-pulver","29":"first","30":"instock","31":"shipping-taxable","32":"purchasable","33":"product-type-variable","34":"has-default-attributes"},"yoast_head":"<!-- This site is optimized with the Yoast SEO plugin v27.3 - https:\/\/yoast.com\/product\/yoast-seo-wordpress\/ -->\n<title>Kaufen Sie U-47700-Pulver - U-47700-Pulver online - Best Global Meds<\/title>\n<meta name=\"description\" content=\"Kaufen Sie U-47700 Pulver UK, Europa, Asien, China in unserem Online-Shop Medicinasinc.com mit schneller weltweiter Lieferung! Das beste U-47700 Pulver zum Bestellen finden Sie hier!\" \/>\n<meta name=\"robots\" content=\"index, follow, max-snippet:-1, max-image-preview:large, max-video-preview:-1\" \/>\n<link rel=\"canonical\" href=\"https:\/\/medicinasinc.com\/de\/product\/buy-u-47700-pulver\/\" \/>\n<meta property=\"og:locale\" content=\"de_DE\" \/>\n<meta property=\"og:type\" content=\"article\" \/>\n<meta property=\"og:title\" content=\"Kaufen Sie U-47700-Pulver - U-47700-Pulver online - Best Global Meds\" \/>\n<meta property=\"og:description\" content=\"Kaufen Sie U-47700 Pulver UK, Europa, Asien, China in unserem Online-Shop Medicinasinc.com mit schneller weltweiter Lieferung! Das beste U-47700 Pulver zum Bestellen finden Sie hier!\" \/>\n<meta property=\"og:url\" content=\"https:\/\/medicinasinc.com\/de\/product\/buy-u-47700-pulver\/\" \/>\n<meta property=\"og:site_name\" content=\"Medicinas Inc\" \/>\n<meta property=\"article:modified_time\" content=\"2022-08-03T09:09:37+00:00\" \/>\n<meta property=\"og:image\" content=\"https:\/\/medicinasinc.com\/de\/wp-content\/uploads\/sites\/6\/2022\/02\/Buy-U-47700-POWDER.jpg\" \/>\n\t<meta property=\"og:image:width\" content=\"600\" \/>\n\t<meta property=\"og:image:height\" content=\"600\" \/>\n\t<meta property=\"og:image:type\" content=\"image\/jpeg\" \/>\n<meta name=\"twitter:card\" content=\"summary_large_image\" \/>\n<meta name=\"twitter:label1\" content=\"Gesch\u00e4tzte Lesezeit\" \/>\n\t<meta name=\"twitter:data1\" content=\"1\u00a0Minute\" \/>\n<script type=\"application\/ld+json\" class=\"yoast-schema-graph\">{\"@context\":\"https:\\\/\\\/schema.org\",\"@graph\":[{\"@type\":\"WebPage\",\"@id\":\"https:\\\/\\\/medicinasinc.com\\\/de\\\/product\\\/buy-u-47700-pulver\\\/\",\"url\":\"https:\\\/\\\/medicinasinc.com\\\/de\\\/product\\\/buy-u-47700-pulver\\\/\",\"name\":\"Kaufen Sie U-47700-Pulver - U-47700-Pulver online - Best Global Meds\",\"isPartOf\":{\"@id\":\"https:\\\/\\\/medicinasinc.com\\\/de\\\/#website\"},\"primaryImageOfPage\":{\"@id\":\"https:\\\/\\\/medicinasinc.com\\\/de\\\/product\\\/buy-u-47700-pulver\\\/#primaryimage\"},\"image\":{\"@id\":\"https:\\\/\\\/medicinasinc.com\\\/de\\\/product\\\/buy-u-47700-pulver\\\/#primaryimage\"},\"thumbnailUrl\":\"https:\\\/\\\/medicinasinc.com\\\/de\\\/wp-content\\\/uploads\\\/sites\\\/6\\\/2022\\\/02\\\/Buy-U-47700-POWDER.jpg\",\"datePublished\":\"2022-02-22T02:48:56+00:00\",\"dateModified\":\"2022-08-03T09:09:37+00:00\",\"description\":\"Kaufen Sie U-47700 Pulver UK, Europa, Asien, China in unserem Online-Shop Medicinasinc.com mit schneller weltweiter Lieferung! Das beste U-47700 Pulver zum Bestellen finden Sie hier!\",\"breadcrumb\":{\"@id\":\"https:\\\/\\\/medicinasinc.com\\\/de\\\/product\\\/buy-u-47700-pulver\\\/#breadcrumb\"},\"inLanguage\":\"de\",\"potentialAction\":[{\"@type\":\"ReadAction\",\"target\":[\"https:\\\/\\\/medicinasinc.com\\\/de\\\/product\\\/buy-u-47700-pulver\\\/\"]}]},{\"@type\":\"ImageObject\",\"inLanguage\":\"de\",\"@id\":\"https:\\\/\\\/medicinasinc.com\\\/de\\\/product\\\/buy-u-47700-pulver\\\/#primaryimage\",\"url\":\"https:\\\/\\\/medicinasinc.com\\\/de\\\/wp-content\\\/uploads\\\/sites\\\/6\\\/2022\\\/02\\\/Buy-U-47700-POWDER.jpg\",\"contentUrl\":\"https:\\\/\\\/medicinasinc.com\\\/de\\\/wp-content\\\/uploads\\\/sites\\\/6\\\/2022\\\/02\\\/Buy-U-47700-POWDER.jpg\",\"width\":600,\"height\":600},{\"@type\":\"BreadcrumbList\",\"@id\":\"https:\\\/\\\/medicinasinc.com\\\/de\\\/product\\\/buy-u-47700-pulver\\\/#breadcrumb\",\"itemListElement\":[{\"@type\":\"ListItem\",\"position\":1,\"name\":\"Einkaufen\",\"item\":\"https:\\\/\\\/medicinasinc.com\\\/de\\\/einkaufen\\\/\"},{\"@type\":\"ListItem\",\"position\":2,\"name\":\"U-47700 Pulver kaufen\"}]},{\"@type\":\"WebSite\",\"@id\":\"https:\\\/\\\/medicinasinc.com\\\/de\\\/#website\",\"url\":\"https:\\\/\\\/medicinasinc.com\\\/de\\\/\",\"name\":\"Medicinas Inc\",\"description\":\"Health Medical Clinic\",\"potentialAction\":[{\"@type\":\"SearchAction\",\"target\":{\"@type\":\"EntryPoint\",\"urlTemplate\":\"https:\\\/\\\/medicinasinc.com\\\/de\\\/?s={search_term_string}\"},\"query-input\":{\"@type\":\"PropertyValueSpecification\",\"valueRequired\":true,\"valueName\":\"search_term_string\"}}],\"inLanguage\":\"de\"}]}<\/script>\n<!-- \/ Yoast SEO plugin. -->","yoast_head_json":{"title":"Kaufen Sie U-47700-Pulver - U-47700-Pulver online - Best Global Meds","description":"Kaufen Sie U-47700 Pulver UK, Europa, Asien, China in unserem Online-Shop Medicinasinc.com mit schneller weltweiter Lieferung! Das beste U-47700 Pulver zum Bestellen finden Sie hier!","robots":{"index":"index","follow":"follow","max-snippet":"max-snippet:-1","max-image-preview":"max-image-preview:large","max-video-preview":"max-video-preview:-1"},"canonical":"https:\/\/medicinasinc.com\/de\/product\/buy-u-47700-pulver\/","og_locale":"de_DE","og_type":"article","og_title":"Kaufen Sie U-47700-Pulver - U-47700-Pulver online - Best Global Meds","og_description":"Kaufen Sie U-47700 Pulver UK, Europa, Asien, China in unserem Online-Shop Medicinasinc.com mit schneller weltweiter Lieferung! Das beste U-47700 Pulver zum Bestellen finden Sie hier!","og_url":"https:\/\/medicinasinc.com\/de\/product\/buy-u-47700-pulver\/","og_site_name":"Medicinas Inc","article_modified_time":"2022-08-03T09:09:37+00:00","og_image":[{"width":600,"height":600,"url":"https:\/\/medicinasinc.com\/de\/wp-content\/uploads\/sites\/6\/2022\/02\/Buy-U-47700-POWDER.jpg","type":"image\/jpeg"}],"twitter_card":"summary_large_image","twitter_misc":{"Gesch\u00e4tzte Lesezeit":"1\u00a0Minute"},"schema":{"@context":"https:\/\/schema.org","@graph":[{"@type":"WebPage","@id":"https:\/\/medicinasinc.com\/de\/product\/buy-u-47700-pulver\/","url":"https:\/\/medicinasinc.com\/de\/product\/buy-u-47700-pulver\/","name":"Kaufen Sie U-47700-Pulver - U-47700-Pulver online - Best Global Meds","isPartOf":{"@id":"https:\/\/medicinasinc.com\/de\/#website"},"primaryImageOfPage":{"@id":"https:\/\/medicinasinc.com\/de\/product\/buy-u-47700-pulver\/#primaryimage"},"image":{"@id":"https:\/\/medicinasinc.com\/de\/product\/buy-u-47700-pulver\/#primaryimage"},"thumbnailUrl":"https:\/\/medicinasinc.com\/de\/wp-content\/uploads\/sites\/6\/2022\/02\/Buy-U-47700-POWDER.jpg","datePublished":"2022-02-22T02:48:56+00:00","dateModified":"2022-08-03T09:09:37+00:00","description":"Kaufen Sie U-47700 Pulver UK, Europa, Asien, China in unserem Online-Shop Medicinasinc.com mit schneller weltweiter Lieferung! Das beste U-47700 Pulver zum Bestellen finden Sie hier!","breadcrumb":{"@id":"https:\/\/medicinasinc.com\/de\/product\/buy-u-47700-pulver\/#breadcrumb"},"inLanguage":"de","potentialAction":[{"@type":"ReadAction","target":["https:\/\/medicinasinc.com\/de\/product\/buy-u-47700-pulver\/"]}]},{"@type":"ImageObject","inLanguage":"de","@id":"https:\/\/medicinasinc.com\/de\/product\/buy-u-47700-pulver\/#primaryimage","url":"https:\/\/medicinasinc.com\/de\/wp-content\/uploads\/sites\/6\/2022\/02\/Buy-U-47700-POWDER.jpg","contentUrl":"https:\/\/medicinasinc.com\/de\/wp-content\/uploads\/sites\/6\/2022\/02\/Buy-U-47700-POWDER.jpg","width":600,"height":600},{"@type":"BreadcrumbList","@id":"https:\/\/medicinasinc.com\/de\/product\/buy-u-47700-pulver\/#breadcrumb","itemListElement":[{"@type":"ListItem","position":1,"name":"Einkaufen","item":"https:\/\/medicinasinc.com\/de\/einkaufen\/"},{"@type":"ListItem","position":2,"name":"U-47700 Pulver kaufen"}]},{"@type":"WebSite","@id":"https:\/\/medicinasinc.com\/de\/#website","url":"https:\/\/medicinasinc.com\/de\/","name":"Medicinas Inc","description":"Health Medical Clinic","potentialAction":[{"@type":"SearchAction","target":{"@type":"EntryPoint","urlTemplate":"https:\/\/medicinasinc.com\/de\/?s={search_term_string}"},"query-input":{"@type":"PropertyValueSpecification","valueRequired":true,"valueName":"search_term_string"}}],"inLanguage":"de"}]}},"_links":{"self":[{"href":"https:\/\/medicinasinc.com\/de\/wp-json\/wp\/v2\/product\/5617","targetHints":{"allow":["GET"]}}],"collection":[{"href":"https:\/\/medicinasinc.com\/de\/wp-json\/wp\/v2\/product"}],"about":[{"href":"https:\/\/medicinasinc.com\/de\/wp-json\/wp\/v2\/types\/product"}],"replies":[{"embeddable":true,"href":"https:\/\/medicinasinc.com\/de\/wp-json\/wp\/v2\/comments?post=5617"}],"wp:featuredmedia":[{"embeddable":true,"href":"https:\/\/medicinasinc.com\/de\/wp-json\/wp\/v2\/media\/5629"}],"wp:attachment":[{"href":"https:\/\/medicinasinc.com\/de\/wp-json\/wp\/v2\/media?parent=5617"}],"wp:term":[{"taxonomy":"product_brand","embeddable":true,"href":"https:\/\/medicinasinc.com\/de\/wp-json\/wp\/v2\/product_brand?post=5617"},{"taxonomy":"product_cat","embeddable":true,"href":"https:\/\/medicinasinc.com\/de\/wp-json\/wp\/v2\/product_cat?post=5617"},{"taxonomy":"product_tag","embeddable":true,"href":"https:\/\/medicinasinc.com\/de\/wp-json\/wp\/v2\/product_tag?post=5617"}],"curies":[{"name":"wp","href":"https:\/\/api.w.org\/{rel}","templated":true}]}}