{"id":5616,"date":"2022-02-22T02:47:20","date_gmt":"2022-02-22T02:47:20","guid":{"rendered":"https:\/\/medicinasinc.com\/de\/?post_type=product&#038;p=5616"},"modified":"2022-03-18T00:16:06","modified_gmt":"2022-03-18T00:16:06","slug":"kaufen-w-18-pillen","status":"publish","type":"product","link":"https:\/\/medicinasinc.com\/de\/product\/kaufen-w-18-pillen\/","title":{"rendered":"Kaufen Sie W-18-Pillen"},"content":{"rendered":"<p>W-18-Pillen k\u00f6nnen gekauft werden.<\/p>\n<p>Kaufen Sie W-18-Pillen hier. Dies ist eine Chemikalie, die nicht von Menschen verwendet werden darf.<\/p>\n<p>Eigenschaften<br \/> Dieser Artikel wurde hergestellt und getestet, um die Standards ISO17025:2005 und Guide 34:2009 zu erf\u00fcllen.<br \/> Dieser Artikel ist dazu bestimmt als analytischer Referenzstandard verwendet werden.<br \/> F\u00fcr die akademische Forschung an bestimmten Institutionen ist viel Material verf\u00fcgbar. Bitte erfragen Sie die Preise bei unserer Verkaufsabteilung.<br \/> W-18 (Art.-Nr. 15480) ist ein Material, das zu Testzwecken verwendet werden kann. Aus diesem Grund kann es sehr effektiv bei der Linderung von Schmerzen sein. Im Maus-Phenylchinon-Writhing-Assay wurde festgestellt, dass es bei der Linderung von Schmerzen sehr wirksam ist. 1 Wenn es um Menschen geht, wissen wir nicht, wie sich diese Substanz auf ihren K\u00f6rper auswirkt oder wie sie ihnen schaden kann. Dies ist ein Produkt, das f\u00fcr forensische und Forschungszwecke verwendet werden kann.<\/p>\n","protected":false},"excerpt":{"rendered":"<div class=\"woocommerce-product-details__short-description\">\n<p>Kaufen Sie W-18-Pillen zum Verkauf in Gro\u00dfbritannien, Europa online. Unsere Versand- und Lieferkosten sind 100 % sicher und bequem. Geben Sie Ihre Bestellung f\u00fcr W-18-Pillen auf und erhalten Sie erstaunliche Qualit\u00e4t von uns<\/p>\n<p>W-18 zum Verkauf | W-18 online kaufen | Wo kann man W-18 online kaufen? Wo kann man W-18-Pillen online kaufen? Dieses Produkt wurde gem\u00e4\u00df den Richtlinien ISO17025:2005 und Guide 34:2009 hergestellt und getestet<\/p>\n<\/p><\/div>\n","protected":false},"featured_media":5627,"comment_status":"open","ping_status":"closed","template":"","meta":[],"product_brand":[],"product_cat":[1117],"product_tag":[3309,3308,3311,3310,3307,3315,3316,3319,3320,3317,3321,3314,3313,3312,3318],"class_list":{"0":"post-5616","1":"product","2":"type-product","3":"status-publish","4":"has-post-thumbnail","6":"product_cat-kaufen-sie-schmerz-schlaf-und-sexpillen","7":"product_tag-buy-w-18-pills","8":"product_tag-kaufen-w-18-drogen","9":"product_tag-w-18-drugs","10":"product_tag-w-18-kaufen","11":"product_tag-kaufen-w-18","12":"product_tag-w-18-online","13":"product_tag-w-18-order","14":"product_tag-w-18-pillen-bestellung","15":"product_tag-w-18-pillen-grohandel","16":"product_tag-w-18-pillen-kaufen","17":"product_tag-w-18-reddit","18":"product_tag-w-18-zu-verkaufen","19":"product_tag-w-18-effekt","20":"product_tag-w-18-drogen-zum-verkauf","21":"product_tag-w-18-pille-wirkung","23":"first","24":"instock","25":"shipping-taxable","26":"purchasable","27":"product-type-variable"},"yoast_head":"<!-- This site is optimized with the Yoast SEO plugin v27.3 - https:\/\/yoast.com\/product\/yoast-seo-wordpress\/ -->\n<title>Kaufen Sie W-18-Pillen - W-18-Pillen zum Verkauf - Best Global Meds<\/title>\n<meta name=\"description\" content=\"Kaufen Sie W-18-Pillen zum Verkauf in Gro\u00dfbritannien, Europa online. Unsere Versand- und Lieferkosten sind 100% sicher und bequem. Geben Sie Ihre Bestellung f\u00fcr W-18-Pillen auf und erhalten Sie eine erstaunliche Qualit\u00e4t von uns\" \/>\n<meta name=\"robots\" content=\"index, follow, max-snippet:-1, max-image-preview:large, max-video-preview:-1\" \/>\n<link rel=\"canonical\" href=\"https:\/\/medicinasinc.com\/de\/product\/kaufen-w-18-pillen\/\" \/>\n<meta property=\"og:locale\" content=\"de_DE\" \/>\n<meta property=\"og:type\" content=\"article\" \/>\n<meta property=\"og:title\" content=\"Kaufen Sie W-18-Pillen - W-18-Pillen zum Verkauf - Best Global Meds\" \/>\n<meta property=\"og:description\" content=\"Kaufen Sie W-18-Pillen zum Verkauf in Gro\u00dfbritannien, Europa online. Unsere Versand- und Lieferkosten sind 100% sicher und bequem. Geben Sie Ihre Bestellung f\u00fcr W-18-Pillen auf und erhalten Sie eine erstaunliche Qualit\u00e4t von uns\" \/>\n<meta property=\"og:url\" content=\"https:\/\/medicinasinc.com\/de\/product\/kaufen-w-18-pillen\/\" \/>\n<meta property=\"og:site_name\" content=\"Medicinas Inc\" \/>\n<meta property=\"article:modified_time\" content=\"2022-03-18T00:16:06+00:00\" \/>\n<meta property=\"og:image\" content=\"https:\/\/medicinasinc.com\/de\/wp-content\/uploads\/sites\/6\/2022\/02\/Buy-W-18-Pills.jpg\" \/>\n\t<meta property=\"og:image:width\" content=\"840\" \/>\n\t<meta property=\"og:image:height\" content=\"781\" \/>\n\t<meta property=\"og:image:type\" content=\"image\/jpeg\" \/>\n<meta name=\"twitter:card\" content=\"summary_large_image\" \/>\n<meta name=\"twitter:label1\" content=\"Gesch\u00e4tzte Lesezeit\" \/>\n\t<meta name=\"twitter:data1\" content=\"1\u00a0Minute\" \/>\n<script type=\"application\/ld+json\" class=\"yoast-schema-graph\">{\"@context\":\"https:\\\/\\\/schema.org\",\"@graph\":[{\"@type\":\"WebPage\",\"@id\":\"https:\\\/\\\/medicinasinc.com\\\/de\\\/product\\\/kaufen-w-18-pillen\\\/\",\"url\":\"https:\\\/\\\/medicinasinc.com\\\/de\\\/product\\\/kaufen-w-18-pillen\\\/\",\"name\":\"Kaufen Sie W-18-Pillen - W-18-Pillen zum Verkauf - Best Global Meds\",\"isPartOf\":{\"@id\":\"https:\\\/\\\/medicinasinc.com\\\/de\\\/#website\"},\"primaryImageOfPage\":{\"@id\":\"https:\\\/\\\/medicinasinc.com\\\/de\\\/product\\\/kaufen-w-18-pillen\\\/#primaryimage\"},\"image\":{\"@id\":\"https:\\\/\\\/medicinasinc.com\\\/de\\\/product\\\/kaufen-w-18-pillen\\\/#primaryimage\"},\"thumbnailUrl\":\"https:\\\/\\\/medicinasinc.com\\\/de\\\/wp-content\\\/uploads\\\/sites\\\/6\\\/2022\\\/02\\\/Buy-W-18-Pills.jpg\",\"datePublished\":\"2022-02-22T02:47:20+00:00\",\"dateModified\":\"2022-03-18T00:16:06+00:00\",\"description\":\"Kaufen Sie W-18-Pillen zum Verkauf in Gro\u00dfbritannien, Europa online. Unsere Versand- und Lieferkosten sind 100% sicher und bequem. Geben Sie Ihre Bestellung f\u00fcr W-18-Pillen auf und erhalten Sie eine erstaunliche Qualit\u00e4t von uns\",\"breadcrumb\":{\"@id\":\"https:\\\/\\\/medicinasinc.com\\\/de\\\/product\\\/kaufen-w-18-pillen\\\/#breadcrumb\"},\"inLanguage\":\"de\",\"potentialAction\":[{\"@type\":\"ReadAction\",\"target\":[\"https:\\\/\\\/medicinasinc.com\\\/de\\\/product\\\/kaufen-w-18-pillen\\\/\"]}]},{\"@type\":\"ImageObject\",\"inLanguage\":\"de\",\"@id\":\"https:\\\/\\\/medicinasinc.com\\\/de\\\/product\\\/kaufen-w-18-pillen\\\/#primaryimage\",\"url\":\"https:\\\/\\\/medicinasinc.com\\\/de\\\/wp-content\\\/uploads\\\/sites\\\/6\\\/2022\\\/02\\\/Buy-W-18-Pills.jpg\",\"contentUrl\":\"https:\\\/\\\/medicinasinc.com\\\/de\\\/wp-content\\\/uploads\\\/sites\\\/6\\\/2022\\\/02\\\/Buy-W-18-Pills.jpg\",\"width\":840,\"height\":781},{\"@type\":\"BreadcrumbList\",\"@id\":\"https:\\\/\\\/medicinasinc.com\\\/de\\\/product\\\/kaufen-w-18-pillen\\\/#breadcrumb\",\"itemListElement\":[{\"@type\":\"ListItem\",\"position\":1,\"name\":\"Einkaufen\",\"item\":\"https:\\\/\\\/medicinasinc.com\\\/de\\\/einkaufen\\\/\"},{\"@type\":\"ListItem\",\"position\":2,\"name\":\"Kaufen Sie W-18-Pillen\"}]},{\"@type\":\"WebSite\",\"@id\":\"https:\\\/\\\/medicinasinc.com\\\/de\\\/#website\",\"url\":\"https:\\\/\\\/medicinasinc.com\\\/de\\\/\",\"name\":\"Medicinas Inc\",\"description\":\"Health Medical Clinic\",\"potentialAction\":[{\"@type\":\"SearchAction\",\"target\":{\"@type\":\"EntryPoint\",\"urlTemplate\":\"https:\\\/\\\/medicinasinc.com\\\/de\\\/?s={search_term_string}\"},\"query-input\":{\"@type\":\"PropertyValueSpecification\",\"valueRequired\":true,\"valueName\":\"search_term_string\"}}],\"inLanguage\":\"de\"}]}<\/script>\n<!-- \/ Yoast SEO plugin. -->","yoast_head_json":{"title":"Kaufen Sie W-18-Pillen - W-18-Pillen zum Verkauf - Best Global Meds","description":"Kaufen Sie W-18-Pillen zum Verkauf in Gro\u00dfbritannien, Europa online. Unsere Versand- und Lieferkosten sind 100% sicher und bequem. Geben Sie Ihre Bestellung f\u00fcr W-18-Pillen auf und erhalten Sie eine erstaunliche Qualit\u00e4t von uns","robots":{"index":"index","follow":"follow","max-snippet":"max-snippet:-1","max-image-preview":"max-image-preview:large","max-video-preview":"max-video-preview:-1"},"canonical":"https:\/\/medicinasinc.com\/de\/product\/kaufen-w-18-pillen\/","og_locale":"de_DE","og_type":"article","og_title":"Kaufen Sie W-18-Pillen - W-18-Pillen zum Verkauf - Best Global Meds","og_description":"Kaufen Sie W-18-Pillen zum Verkauf in Gro\u00dfbritannien, Europa online. Unsere Versand- und Lieferkosten sind 100% sicher und bequem. Geben Sie Ihre Bestellung f\u00fcr W-18-Pillen auf und erhalten Sie eine erstaunliche Qualit\u00e4t von uns","og_url":"https:\/\/medicinasinc.com\/de\/product\/kaufen-w-18-pillen\/","og_site_name":"Medicinas Inc","article_modified_time":"2022-03-18T00:16:06+00:00","og_image":[{"width":840,"height":781,"url":"https:\/\/medicinasinc.com\/de\/wp-content\/uploads\/sites\/6\/2022\/02\/Buy-W-18-Pills.jpg","type":"image\/jpeg"}],"twitter_card":"summary_large_image","twitter_misc":{"Gesch\u00e4tzte Lesezeit":"1\u00a0Minute"},"schema":{"@context":"https:\/\/schema.org","@graph":[{"@type":"WebPage","@id":"https:\/\/medicinasinc.com\/de\/product\/kaufen-w-18-pillen\/","url":"https:\/\/medicinasinc.com\/de\/product\/kaufen-w-18-pillen\/","name":"Kaufen Sie W-18-Pillen - W-18-Pillen zum Verkauf - Best Global Meds","isPartOf":{"@id":"https:\/\/medicinasinc.com\/de\/#website"},"primaryImageOfPage":{"@id":"https:\/\/medicinasinc.com\/de\/product\/kaufen-w-18-pillen\/#primaryimage"},"image":{"@id":"https:\/\/medicinasinc.com\/de\/product\/kaufen-w-18-pillen\/#primaryimage"},"thumbnailUrl":"https:\/\/medicinasinc.com\/de\/wp-content\/uploads\/sites\/6\/2022\/02\/Buy-W-18-Pills.jpg","datePublished":"2022-02-22T02:47:20+00:00","dateModified":"2022-03-18T00:16:06+00:00","description":"Kaufen Sie W-18-Pillen zum Verkauf in Gro\u00dfbritannien, Europa online. Unsere Versand- und Lieferkosten sind 100% sicher und bequem. Geben Sie Ihre Bestellung f\u00fcr W-18-Pillen auf und erhalten Sie eine erstaunliche Qualit\u00e4t von uns","breadcrumb":{"@id":"https:\/\/medicinasinc.com\/de\/product\/kaufen-w-18-pillen\/#breadcrumb"},"inLanguage":"de","potentialAction":[{"@type":"ReadAction","target":["https:\/\/medicinasinc.com\/de\/product\/kaufen-w-18-pillen\/"]}]},{"@type":"ImageObject","inLanguage":"de","@id":"https:\/\/medicinasinc.com\/de\/product\/kaufen-w-18-pillen\/#primaryimage","url":"https:\/\/medicinasinc.com\/de\/wp-content\/uploads\/sites\/6\/2022\/02\/Buy-W-18-Pills.jpg","contentUrl":"https:\/\/medicinasinc.com\/de\/wp-content\/uploads\/sites\/6\/2022\/02\/Buy-W-18-Pills.jpg","width":840,"height":781},{"@type":"BreadcrumbList","@id":"https:\/\/medicinasinc.com\/de\/product\/kaufen-w-18-pillen\/#breadcrumb","itemListElement":[{"@type":"ListItem","position":1,"name":"Einkaufen","item":"https:\/\/medicinasinc.com\/de\/einkaufen\/"},{"@type":"ListItem","position":2,"name":"Kaufen Sie W-18-Pillen"}]},{"@type":"WebSite","@id":"https:\/\/medicinasinc.com\/de\/#website","url":"https:\/\/medicinasinc.com\/de\/","name":"Medicinas Inc","description":"Health Medical Clinic","potentialAction":[{"@type":"SearchAction","target":{"@type":"EntryPoint","urlTemplate":"https:\/\/medicinasinc.com\/de\/?s={search_term_string}"},"query-input":{"@type":"PropertyValueSpecification","valueRequired":true,"valueName":"search_term_string"}}],"inLanguage":"de"}]}},"_links":{"self":[{"href":"https:\/\/medicinasinc.com\/de\/wp-json\/wp\/v2\/product\/5616","targetHints":{"allow":["GET"]}}],"collection":[{"href":"https:\/\/medicinasinc.com\/de\/wp-json\/wp\/v2\/product"}],"about":[{"href":"https:\/\/medicinasinc.com\/de\/wp-json\/wp\/v2\/types\/product"}],"replies":[{"embeddable":true,"href":"https:\/\/medicinasinc.com\/de\/wp-json\/wp\/v2\/comments?post=5616"}],"wp:featuredmedia":[{"embeddable":true,"href":"https:\/\/medicinasinc.com\/de\/wp-json\/wp\/v2\/media\/5627"}],"wp:attachment":[{"href":"https:\/\/medicinasinc.com\/de\/wp-json\/wp\/v2\/media?parent=5616"}],"wp:term":[{"taxonomy":"product_brand","embeddable":true,"href":"https:\/\/medicinasinc.com\/de\/wp-json\/wp\/v2\/product_brand?post=5616"},{"taxonomy":"product_cat","embeddable":true,"href":"https:\/\/medicinasinc.com\/de\/wp-json\/wp\/v2\/product_cat?post=5616"},{"taxonomy":"product_tag","embeddable":true,"href":"https:\/\/medicinasinc.com\/de\/wp-json\/wp\/v2\/product_tag?post=5616"}],"curies":[{"name":"wp","href":"https:\/\/api.w.org\/{rel}","templated":true}]}}