{"id":5615,"date":"2022-02-22T02:46:09","date_gmt":"2022-02-22T02:46:09","guid":{"rendered":"https:\/\/medicinasinc.com\/de\/?post_type=product&#038;p=5615"},"modified":"2022-03-18T00:16:18","modified_gmt":"2022-03-18T00:16:18","slug":"kaufen-weises-madchen-badesalz","status":"publish","type":"product","link":"https:\/\/medicinasinc.com\/de\/product\/kaufen-weises-madchen-badesalz\/","title":{"rendered":"Kaufen Sie White Girl Badesalz"},"content":{"rendered":"<p>Du kannst White Girl Badesalz im Internet kaufen.<br \/> White Girl Badesalz kann online gekauft werden. Wie kaufe ich sie?<\/p>\n<p>Wo m\u00f6chten Sie Badesalz f\u00fcr wei\u00dfe M\u00e4dchen kaufen? Es gibt keine Probleme oder Unbeholfenheit, wenn Sie Badesalz f\u00fcr wei\u00dfe M\u00e4dchen von Best Global Meds kaufen. Damit Sie Geld sparen, wenn Sie Badesalze f\u00fcr wei\u00dfe M\u00e4dchen in unserer Online-Apotheke kaufen, arbeiten wir hart daran. Wenn Sie etwas von Chemicals Lab kaufen, m\u00f6chten wir, dass Sie weniger bezahlen und mehr bekommen.<\/p>\n<p>Kaufen Sie etwas White Girl Badesalz.<\/p>\n<p>Sie k\u00f6nnen White Girl Bath aus einer seri\u00f6sen Quelle kaufen Salze im Internet. Wir verkaufen die besten Badeprodukte, wie Badesalze. Badesalze geben Ihnen ein sanftes, sinnliches Bad, bei dem Sie sich nach der Anwendung sauber f\u00fchlen. Unsere Kunden k\u00f6nnen jedoch sicher sein, dass sie die besten Produkte auf dem Markt erhalten. Wir verkaufen und kaufen aber auch andere konzentrierte Badesalze zu guten Preisen.<\/p>\n<p>Unsere Badesalze haben einen starken Geruch.<\/p>\n<p>Es gibt viele verschiedene Arten von White Girl Badesalzen, und sie sollen Ihr Badeerlebnis noch besser machen. Eine kleine Menge gen\u00fcgt, um Gro\u00dfes zu bewirken. Sie k\u00f6nnen jedoch einfach eine kleine Menge in ein hei\u00dfes Bad geben, um das Wasser auf nat\u00fcrliche Weise weicher zu machen, wodurch Sie sich danach sehr energetisiert und gl\u00fccklich f\u00fchlen werden. Es wird jedoch verwendet, um wie die nat\u00fcrlichen hei\u00dfen Quellen des griechischen Meeres auszusehen. Verwenden Sie am Anfang nur sehr wenig von dem White Girl Badesalz, denn zu viel verschmutzt Ihr Badewasser und macht Sie ungl\u00fccklich. Badesalze von White Girl hingegen k\u00f6nnen dir dabei helfen, Orte zu erreichen, die du f\u00fcr unm\u00f6glich gehalten hast.<\/p>\n","protected":false},"excerpt":{"rendered":"<p>Unser Shop Bestglobalmeds.com verkauft White Girl Badesalz zum Verkauf in Gro\u00dfbritannien, Europa und auf der ganzen Welt! Hier k\u00f6nnen Sie das beste White Girl Badesalz kaufen!<\/p>\n<p>Der Preis f\u00fcr White Girl Badesalz im Internet kann zu hoch sein.<\/p>\n<p>Bei Best Global Meds k\u00f6nnen Sie White Girl kaufen Badesalz bequem von zu Hause aus. White Girl Badesalze stehen zum Verkauf.<\/p>\n<p>In diesem Fall k\u00f6nnen Sie Badesalze im Internet kaufen White Girl 500mg Badesalz<\/p>\n<p>Best Global Meds verkauft hochwertige Badesalze, die es werden geben Ihnen ein sanftes, sinnliches Bad, das Ihnen ein sauberes Gef\u00fchl gibt.<\/p>\n<p>Wenn Sie Badesalz f\u00fcr wei\u00dfe M\u00e4dchen online bei uns kaufen, k\u00f6nnen Sie sicher sein, dass es das Beste ist, was Sie bekommen k\u00f6nnen. Wir verkaufen und kaufen andere konzentrierte Badesalze zu guten Preisen.<\/p>\n<p>Unsere Badesalze haben einen starken Geruch.<\/p>\n<div class=\"product-next- previous\">\n<div class=\"product- zur\u00fcck\"><\/div>\n<\/p><\/div>\n","protected":false},"featured_media":5625,"comment_status":"open","ping_status":"closed","template":"","meta":[],"product_brand":[],"product_cat":[2014],"product_tag":[3300,3299,3301,3306,3304,3302,3305,3303],"class_list":{"0":"post-5615","1":"product","2":"type-product","3":"status-publish","4":"has-post-thumbnail","6":"product_cat-kaufen-forschungschemikalien","7":"product_tag-kaufe-weisse-madchen-badesalze-online","8":"product_tag-kaufen-konzentriertes-weies-mdchen-500mg-badesalz-online","9":"product_tag-konzentriertes-weies-mdchen-500mg-badesalz","10":"product_tag-weies-mdchen-badesalz-zu-verkaufen","11":"product_tag-white-girl-500mg-bath-salt-online","12":"product_tag-white-girl-badesalz-online-bestellen","13":"product_tag-white-girl-bath-salts","14":"product_tag-wo-weies-mdchen-badesalz-kaufen","16":"first","17":"instock","18":"shipping-taxable","19":"purchasable","20":"product-type-variable","21":"has-default-attributes"},"yoast_head":"<!-- This site is optimized with the Yoast SEO plugin v27.3 - https:\/\/yoast.com\/product\/yoast-seo-wordpress\/ -->\n<title>Kaufen Sie White Girl Bath Salt - Badesalz zum Verkauf - Best Global Meds<\/title>\n<meta name=\"description\" content=\"auf der Suche nach White Girl Badesalz zum Verkauf in Gro\u00dfbritannien, Europa in unserem Shop Bestglobalmeds.com mit schnellem weltweiten Versand! Das beste White Girl Badesalz zum Bestellen findest du hier!\" \/>\n<meta name=\"robots\" content=\"index, follow, max-snippet:-1, max-image-preview:large, max-video-preview:-1\" \/>\n<link rel=\"canonical\" href=\"https:\/\/medicinasinc.com\/de\/product\/kaufen-weises-madchen-badesalz\/\" \/>\n<meta property=\"og:locale\" content=\"de_DE\" \/>\n<meta property=\"og:type\" content=\"article\" \/>\n<meta property=\"og:title\" content=\"Kaufen Sie White Girl Bath Salt - Badesalz zum Verkauf - Best Global Meds\" \/>\n<meta property=\"og:description\" content=\"auf der Suche nach White Girl Badesalz zum Verkauf in Gro\u00dfbritannien, Europa in unserem Shop Bestglobalmeds.com mit schnellem weltweiten Versand! Das beste White Girl Badesalz zum Bestellen findest du hier!\" \/>\n<meta property=\"og:url\" content=\"https:\/\/medicinasinc.com\/de\/product\/kaufen-weises-madchen-badesalz\/\" \/>\n<meta property=\"og:site_name\" content=\"Medicinas Inc\" \/>\n<meta property=\"article:modified_time\" content=\"2022-03-18T00:16:18+00:00\" \/>\n<meta property=\"og:image\" content=\"https:\/\/medicinasinc.com\/de\/wp-content\/uploads\/sites\/6\/2022\/02\/Buy-White-Girl-Bath-Salt.jpg\" \/>\n\t<meta property=\"og:image:width\" content=\"600\" \/>\n\t<meta property=\"og:image:height\" content=\"600\" \/>\n\t<meta property=\"og:image:type\" content=\"image\/jpeg\" \/>\n<meta name=\"twitter:card\" content=\"summary_large_image\" \/>\n<meta name=\"twitter:label1\" content=\"Gesch\u00e4tzte Lesezeit\" \/>\n\t<meta name=\"twitter:data1\" content=\"2\u00a0Minuten\" \/>\n<script type=\"application\/ld+json\" class=\"yoast-schema-graph\">{\"@context\":\"https:\\\/\\\/schema.org\",\"@graph\":[{\"@type\":\"WebPage\",\"@id\":\"https:\\\/\\\/medicinasinc.com\\\/de\\\/product\\\/kaufen-weises-madchen-badesalz\\\/\",\"url\":\"https:\\\/\\\/medicinasinc.com\\\/de\\\/product\\\/kaufen-weises-madchen-badesalz\\\/\",\"name\":\"Kaufen Sie White Girl Bath Salt - Badesalz zum Verkauf - Best Global Meds\",\"isPartOf\":{\"@id\":\"https:\\\/\\\/medicinasinc.com\\\/de\\\/#website\"},\"primaryImageOfPage\":{\"@id\":\"https:\\\/\\\/medicinasinc.com\\\/de\\\/product\\\/kaufen-weises-madchen-badesalz\\\/#primaryimage\"},\"image\":{\"@id\":\"https:\\\/\\\/medicinasinc.com\\\/de\\\/product\\\/kaufen-weises-madchen-badesalz\\\/#primaryimage\"},\"thumbnailUrl\":\"https:\\\/\\\/medicinasinc.com\\\/de\\\/wp-content\\\/uploads\\\/sites\\\/6\\\/2022\\\/02\\\/Buy-White-Girl-Bath-Salt.jpg\",\"datePublished\":\"2022-02-22T02:46:09+00:00\",\"dateModified\":\"2022-03-18T00:16:18+00:00\",\"description\":\"auf der Suche nach White Girl Badesalz zum Verkauf in Gro\u00dfbritannien, Europa in unserem Shop Bestglobalmeds.com mit schnellem weltweiten Versand! Das beste White Girl Badesalz zum Bestellen findest du hier!\",\"breadcrumb\":{\"@id\":\"https:\\\/\\\/medicinasinc.com\\\/de\\\/product\\\/kaufen-weises-madchen-badesalz\\\/#breadcrumb\"},\"inLanguage\":\"de\",\"potentialAction\":[{\"@type\":\"ReadAction\",\"target\":[\"https:\\\/\\\/medicinasinc.com\\\/de\\\/product\\\/kaufen-weises-madchen-badesalz\\\/\"]}]},{\"@type\":\"ImageObject\",\"inLanguage\":\"de\",\"@id\":\"https:\\\/\\\/medicinasinc.com\\\/de\\\/product\\\/kaufen-weises-madchen-badesalz\\\/#primaryimage\",\"url\":\"https:\\\/\\\/medicinasinc.com\\\/de\\\/wp-content\\\/uploads\\\/sites\\\/6\\\/2022\\\/02\\\/Buy-White-Girl-Bath-Salt.jpg\",\"contentUrl\":\"https:\\\/\\\/medicinasinc.com\\\/de\\\/wp-content\\\/uploads\\\/sites\\\/6\\\/2022\\\/02\\\/Buy-White-Girl-Bath-Salt.jpg\",\"width\":600,\"height\":600},{\"@type\":\"BreadcrumbList\",\"@id\":\"https:\\\/\\\/medicinasinc.com\\\/de\\\/product\\\/kaufen-weises-madchen-badesalz\\\/#breadcrumb\",\"itemListElement\":[{\"@type\":\"ListItem\",\"position\":1,\"name\":\"Einkaufen\",\"item\":\"https:\\\/\\\/medicinasinc.com\\\/de\\\/einkaufen\\\/\"},{\"@type\":\"ListItem\",\"position\":2,\"name\":\"Kaufen Sie White Girl Badesalz\"}]},{\"@type\":\"WebSite\",\"@id\":\"https:\\\/\\\/medicinasinc.com\\\/de\\\/#website\",\"url\":\"https:\\\/\\\/medicinasinc.com\\\/de\\\/\",\"name\":\"Medicinas Inc\",\"description\":\"Health Medical Clinic\",\"potentialAction\":[{\"@type\":\"SearchAction\",\"target\":{\"@type\":\"EntryPoint\",\"urlTemplate\":\"https:\\\/\\\/medicinasinc.com\\\/de\\\/?s={search_term_string}\"},\"query-input\":{\"@type\":\"PropertyValueSpecification\",\"valueRequired\":true,\"valueName\":\"search_term_string\"}}],\"inLanguage\":\"de\"}]}<\/script>\n<!-- \/ Yoast SEO plugin. -->","yoast_head_json":{"title":"Kaufen Sie White Girl Bath Salt - Badesalz zum Verkauf - Best Global Meds","description":"auf der Suche nach White Girl Badesalz zum Verkauf in Gro\u00dfbritannien, Europa in unserem Shop Bestglobalmeds.com mit schnellem weltweiten Versand! Das beste White Girl Badesalz zum Bestellen findest du hier!","robots":{"index":"index","follow":"follow","max-snippet":"max-snippet:-1","max-image-preview":"max-image-preview:large","max-video-preview":"max-video-preview:-1"},"canonical":"https:\/\/medicinasinc.com\/de\/product\/kaufen-weises-madchen-badesalz\/","og_locale":"de_DE","og_type":"article","og_title":"Kaufen Sie White Girl Bath Salt - Badesalz zum Verkauf - Best Global Meds","og_description":"auf der Suche nach White Girl Badesalz zum Verkauf in Gro\u00dfbritannien, Europa in unserem Shop Bestglobalmeds.com mit schnellem weltweiten Versand! Das beste White Girl Badesalz zum Bestellen findest du hier!","og_url":"https:\/\/medicinasinc.com\/de\/product\/kaufen-weises-madchen-badesalz\/","og_site_name":"Medicinas Inc","article_modified_time":"2022-03-18T00:16:18+00:00","og_image":[{"width":600,"height":600,"url":"https:\/\/medicinasinc.com\/de\/wp-content\/uploads\/sites\/6\/2022\/02\/Buy-White-Girl-Bath-Salt.jpg","type":"image\/jpeg"}],"twitter_card":"summary_large_image","twitter_misc":{"Gesch\u00e4tzte Lesezeit":"2\u00a0Minuten"},"schema":{"@context":"https:\/\/schema.org","@graph":[{"@type":"WebPage","@id":"https:\/\/medicinasinc.com\/de\/product\/kaufen-weises-madchen-badesalz\/","url":"https:\/\/medicinasinc.com\/de\/product\/kaufen-weises-madchen-badesalz\/","name":"Kaufen Sie White Girl Bath Salt - Badesalz zum Verkauf - Best Global Meds","isPartOf":{"@id":"https:\/\/medicinasinc.com\/de\/#website"},"primaryImageOfPage":{"@id":"https:\/\/medicinasinc.com\/de\/product\/kaufen-weises-madchen-badesalz\/#primaryimage"},"image":{"@id":"https:\/\/medicinasinc.com\/de\/product\/kaufen-weises-madchen-badesalz\/#primaryimage"},"thumbnailUrl":"https:\/\/medicinasinc.com\/de\/wp-content\/uploads\/sites\/6\/2022\/02\/Buy-White-Girl-Bath-Salt.jpg","datePublished":"2022-02-22T02:46:09+00:00","dateModified":"2022-03-18T00:16:18+00:00","description":"auf der Suche nach White Girl Badesalz zum Verkauf in Gro\u00dfbritannien, Europa in unserem Shop Bestglobalmeds.com mit schnellem weltweiten Versand! Das beste White Girl Badesalz zum Bestellen findest du hier!","breadcrumb":{"@id":"https:\/\/medicinasinc.com\/de\/product\/kaufen-weises-madchen-badesalz\/#breadcrumb"},"inLanguage":"de","potentialAction":[{"@type":"ReadAction","target":["https:\/\/medicinasinc.com\/de\/product\/kaufen-weises-madchen-badesalz\/"]}]},{"@type":"ImageObject","inLanguage":"de","@id":"https:\/\/medicinasinc.com\/de\/product\/kaufen-weises-madchen-badesalz\/#primaryimage","url":"https:\/\/medicinasinc.com\/de\/wp-content\/uploads\/sites\/6\/2022\/02\/Buy-White-Girl-Bath-Salt.jpg","contentUrl":"https:\/\/medicinasinc.com\/de\/wp-content\/uploads\/sites\/6\/2022\/02\/Buy-White-Girl-Bath-Salt.jpg","width":600,"height":600},{"@type":"BreadcrumbList","@id":"https:\/\/medicinasinc.com\/de\/product\/kaufen-weises-madchen-badesalz\/#breadcrumb","itemListElement":[{"@type":"ListItem","position":1,"name":"Einkaufen","item":"https:\/\/medicinasinc.com\/de\/einkaufen\/"},{"@type":"ListItem","position":2,"name":"Kaufen Sie White Girl Badesalz"}]},{"@type":"WebSite","@id":"https:\/\/medicinasinc.com\/de\/#website","url":"https:\/\/medicinasinc.com\/de\/","name":"Medicinas Inc","description":"Health Medical Clinic","potentialAction":[{"@type":"SearchAction","target":{"@type":"EntryPoint","urlTemplate":"https:\/\/medicinasinc.com\/de\/?s={search_term_string}"},"query-input":{"@type":"PropertyValueSpecification","valueRequired":true,"valueName":"search_term_string"}}],"inLanguage":"de"}]}},"_links":{"self":[{"href":"https:\/\/medicinasinc.com\/de\/wp-json\/wp\/v2\/product\/5615","targetHints":{"allow":["GET"]}}],"collection":[{"href":"https:\/\/medicinasinc.com\/de\/wp-json\/wp\/v2\/product"}],"about":[{"href":"https:\/\/medicinasinc.com\/de\/wp-json\/wp\/v2\/types\/product"}],"replies":[{"embeddable":true,"href":"https:\/\/medicinasinc.com\/de\/wp-json\/wp\/v2\/comments?post=5615"}],"wp:featuredmedia":[{"embeddable":true,"href":"https:\/\/medicinasinc.com\/de\/wp-json\/wp\/v2\/media\/5625"}],"wp:attachment":[{"href":"https:\/\/medicinasinc.com\/de\/wp-json\/wp\/v2\/media?parent=5615"}],"wp:term":[{"taxonomy":"product_brand","embeddable":true,"href":"https:\/\/medicinasinc.com\/de\/wp-json\/wp\/v2\/product_brand?post=5615"},{"taxonomy":"product_cat","embeddable":true,"href":"https:\/\/medicinasinc.com\/de\/wp-json\/wp\/v2\/product_cat?post=5615"},{"taxonomy":"product_tag","embeddable":true,"href":"https:\/\/medicinasinc.com\/de\/wp-json\/wp\/v2\/product_tag?post=5615"}],"curies":[{"name":"wp","href":"https:\/\/api.w.org\/{rel}","templated":true}]}}