{"id":5614,"date":"2022-02-22T02:44:39","date_gmt":"2022-02-22T02:44:39","guid":{"rendered":"https:\/\/medicinasinc.com\/de\/?post_type=product&#038;p=5614"},"modified":"2022-08-03T08:30:14","modified_gmt":"2022-08-03T08:30:14","slug":"kaufen-bk-ethyl-k-kristalle","status":"publish","type":"product","link":"https:\/\/medicinasinc.com\/de\/product\/kaufen-bk-ethyl-k-kristalle\/","title":{"rendered":"Kaufen Sie bk-Ethyl-K-Kristalle"},"content":{"rendered":"<p>Kaufen Sie bk-Ethyl-K-Chemikalien online bei einem Gro\u00dfh\u00e4ndler.<\/p>\n<p>bk-Ethyl-K-Chemikalien k\u00f6nnen in gro\u00dfen Mengen gekauft werden.<\/p>\n<p>BKK-ethyl-k<\/p>\n<p>Es ist auch als Ethylone bekannt, das ein entaktogener Energizer ist. Es wird oft als 3,4-Methylendioxy-N-ethylcathinon bezeichnet, aber das ist nicht immer der richtige Name. Ethylon wird 1-(1,3-Benzodioxol-5-yl)-2-(methylamino)-1-propanon genannt, weil es einen n\u00fctzlichen Namen hat. Formel: C12H15NO3 hat eine normale Masse von 221,251999 Da und eine monoisotopische Masse von 221,104996 Da. Dies ist die subnukleare Formel. Der beste Ort, um Ethylen zu kaufen, ist China. Ethylone ist ein wertvoller Stein, der gekauft werden kann. Kaufen Sie \u00c4thylsteine, die wertvoll sind. Lieferant von Ethylon. Kaufen Sie Ethylen mit einem Rabatt. Rabatt Ethylone<\/p>\n<p>Das neue Stimulans bk-Ethyl-K ist ein Medikament, das von einem Designer entwickelt wurde. Es ist ein Amphetamin-Analogon. Beim Zoll gibt es mit der neuen Formel keine Probleme.<\/p>\n<table class=\"t1\" cellpadding=\"0\">\n<tbody>\n<tr>\n<td class=\"td1\" valign=\"top \">\n<p class=\"p3\"><span class=\"s1\"><b>Synonyme<\/b><\/span><\/p>\n<\/td>\n<td class=\"td2\" valign=\"top\">\n<p class=\"p3\"><span class=\"s1\"> bk-Ethyl-K<\/span><\/p>\n<\/td>\n<\/tr>\n<tr>\n<td class=\"td3\" valign=\"top\">\n<p class=\"p3\"><span class=\"s1\"><b>IUPAC<\/b><\/span><\/p>\n<\/td>\n<td class=\"td4\" valign=\"top\">\n<p class=\"p3\"><span class=\"s1\">1-(Benzo[d][1,3]dioxol-5-yl)-2-(ethylamino)pentan-1-on<\/span><\/p>\n<\/td>\n<\/tr>\n<tr>\n<td class=\"td1\" valign=\"top\">\n<p class=\"p3\"><span class=\"s1\"><b>Formel<\/b><\/span><\/p>\n<\/td>\n<td class=\"td2\" valign=\"top\">\n<p class=\"p3\"><span class=\"s1\">Nein<\/span><\/p>\n<\/td>\n<\/tr>\n<tr>\n<td class=\"td3\" valign=\"top\">\n<p class=\"p3\"><span class=\"s1\"><b>Molekulargewicht<\/b><\/span><\/p>\n<\/td>\n<td class=\"td4\" valign=\"top\">\n<p class=\"p3\"><span class=\"s1\">Nein <\/span><\/p>\n<\/td>\n<\/tr>\n<tr>\n<td class=\"td1\" valign=\"top\">\n<p class=\"p3\"><span class=\"s1\"><b>CAS<\/b><\/span><\/p>\n<\/td>\n<td class=\"td2\" valign=\"top\">\n<p class=\"p3\"><span class=\"s1\">Nein<\/span><\/p>\n<\/td>\n<\/tr>\n<tr>\n<td class=\"td3\" valign=\"top\">\n<p class=\"p3\"><span class=\"s1\"><b>Aussehen <\/b><\/span><\/p>\n<\/td>\n<td class=\"td4\" valign=\"top\">\n<p class=\"p3\"><span class=\"s1\">Nein<\/span><\/p>\n<\/td>\n<\/tr>\n<tr>\n<td class=\"td1\" valign=\"top\">\n<p class=\"p3\"><span class=\"s1\"><b>Reinheit<\/b><\/span><\/p>\n<\/td>\n<td class=\"td2\" valign=\"top\">\n<p class=\"p3\"><span class=\"s1\">\u2265 99 %<\/span><\/p>\n<\/td>\n<\/tr>\n<\/tbody>\n<\/table>\n<p>&nbsp;<\/p>\n<p>Leute, die Bk-Ethyl-K davon kaufen Website sollte es f\u00fcr Forschung und Forensik verwenden. Ethyl-K geh\u00f6rt zu den chemischen Familien der Cathinone und Amphetamine. Das ist das Gewicht der Formel: 285,8 g-mol<\/p>\n<p>Niemand wei\u00df, was mit Ihnen nach der Einnahme von bk-Ethyl-K passieren wird, aber es kann einige geben.<\/p>\n<p>Das volle chemischer Name ist bk-Ethyl-K: 1-(Benzo[d][1,3]dioxol-5-yl)-2-(Ethylamino)pentan-1-on ist der erste.<\/p>\n<p>Lagerung: an einem k\u00fchlen und trockenen Ort. Die Haltbarkeit von bk-Ethyl-K kann bei richtiger Lagerung bis zu zwei Jahre betragen.<\/p>\n","protected":false},"excerpt":{"rendered":"<div class=\"woocommerce-product-details__short-description\">\n<p>auf der Suche nach g\u00fcnstigen bk-Ethyl-K-Kristallen zum Verkauf in Gro\u00dfbritannien, Europa in unserem Medicinas Inc-Einkaufen mit schnellem weltweiten Versand! Die besten bk-Ethyl-K Kristalle zum Bestellen finden Sie hier!<\/p>\n<p>In unserem Medicinasinc.com-Shop k\u00f6nnen Sie g\u00fcnstige bk-Ethyl-K-Kristalle zum Verkauf in Gro\u00dfbritannien, Europa und auf der ganzen Welt kaufen! Hier k\u00f6nnen Sie die besten bk-Ethyl-K-Kristalle auf Bestellung kaufen.<\/p>\n<p>Kaufen Sie bk-Ethyl-K Chemical online bei einem Gro\u00dfh\u00e4ndler. billige Forschungschemikalien mit der besten Reinheit f\u00fcr die Forschung<\/p>\n<p>.<\/p>\n<\/div>\n","protected":false},"featured_media":5623,"comment_status":"open","ping_status":"closed","template":"","meta":[],"product_brand":[],"product_cat":[2014],"product_tag":[3283,3281,3288,3289,3290,3291,3296,3287,3285,3284,3286,3293,3294,4170,3295,3297,3298,3292,4174],"class_list":{"0":"post-5614","1":"product","2":"type-product","3":"status-publish","4":"has-post-thumbnail","6":"product_cat-kaufen-forschungschemikalien","7":"product_tag-best-place-to-buy-mxe","8":"product_tag-best-bk-ethyl-k-kristalle-grohandel","9":"product_tag-bk-ethyl-k-crystals-for-sale","10":"product_tag-bk-ethyl-k-crystals-kufen","11":"product_tag-bk-ethyl-k-crystals-order","12":"product_tag-bk-ethyl-k-crystals-reddit","13":"product_tag-bestellen-bk-ethyl-k-kristalle-uk","14":"product_tag-bk-ethyl-k-kristalle-effekt","15":"product_tag-bk-ethyl-k-kristalle-kaufen","16":"product_tag-bk-ethyl-k-kristalle","17":"product_tag-bk-ethyl-k-kristalle-kaufen-europa","18":"product_tag-buy-bk-ethyl-k-crystals-europe","19":"product_tag-buy-bk-ethyl-k-crystals-uk","20":"product_tag-der-beste-ort","21":"product_tag-dmt-order","22":"product_tag-retail-bk-ethyl-k-kristalle","23":"product_tag-grohandel-bk-ethyl-k-kristalle","24":"product_tag-kaufen-bk-ethyl-k-kristalle","25":"product_tag-um-bk-ethyl-k-kristalle-zu-kaufen","27":"first","28":"instock","29":"shipping-taxable","30":"purchasable","31":"product-type-variable","32":"has-default-attributes"},"yoast_head":"<!-- This site is optimized with the Yoast SEO plugin v27.3 - https:\/\/yoast.com\/product\/yoast-seo-wordpress\/ -->\n<title>Kaufen Sie bk-Ethyl-K-Kristalle - bk-Ethyl-K Online- Best Global Meds<\/title>\n<meta name=\"description\" content=\"auf der Suche nach g\u00fcnstigen bk-Ethyl-K-Kristallen zum Verkauf in Gro\u00dfbritannien, Europa in unserem Medicinas Inc-Einkaufen mit schnellem weltweiten Versand! Die besten bk-Ethyl-K Kristalle zum Bestellen finden Sie hier!\" \/>\n<meta name=\"robots\" content=\"index, follow, max-snippet:-1, max-image-preview:large, max-video-preview:-1\" \/>\n<link rel=\"canonical\" href=\"https:\/\/medicinasinc.com\/de\/product\/kaufen-bk-ethyl-k-kristalle\/\" \/>\n<meta property=\"og:locale\" content=\"de_DE\" \/>\n<meta property=\"og:type\" content=\"article\" \/>\n<meta property=\"og:title\" content=\"Kaufen Sie bk-Ethyl-K-Kristalle - bk-Ethyl-K Online- Best Global Meds\" \/>\n<meta property=\"og:description\" content=\"auf der Suche nach g\u00fcnstigen bk-Ethyl-K-Kristallen zum Verkauf in Gro\u00dfbritannien, Europa in unserem Medicinas Inc-Einkaufen mit schnellem weltweiten Versand! Die besten bk-Ethyl-K Kristalle zum Bestellen finden Sie hier!\" \/>\n<meta property=\"og:url\" content=\"https:\/\/medicinasinc.com\/de\/product\/kaufen-bk-ethyl-k-kristalle\/\" \/>\n<meta property=\"og:site_name\" content=\"Medicinas Inc\" \/>\n<meta property=\"article:modified_time\" content=\"2022-08-03T08:30:14+00:00\" \/>\n<meta property=\"og:image\" content=\"https:\/\/medicinasinc.com\/de\/wp-content\/uploads\/sites\/6\/2022\/02\/Buy-bk-Ethyl-K-Crystals.jpg\" \/>\n\t<meta property=\"og:image:width\" content=\"600\" \/>\n\t<meta property=\"og:image:height\" content=\"600\" \/>\n\t<meta property=\"og:image:type\" content=\"image\/jpeg\" \/>\n<meta name=\"twitter:card\" content=\"summary_large_image\" \/>\n<meta name=\"twitter:label1\" content=\"Gesch\u00e4tzte Lesezeit\" \/>\n\t<meta name=\"twitter:data1\" content=\"1\u00a0Minute\" \/>\n<script type=\"application\/ld+json\" class=\"yoast-schema-graph\">{\"@context\":\"https:\\\/\\\/schema.org\",\"@graph\":[{\"@type\":\"WebPage\",\"@id\":\"https:\\\/\\\/medicinasinc.com\\\/de\\\/product\\\/kaufen-bk-ethyl-k-kristalle\\\/\",\"url\":\"https:\\\/\\\/medicinasinc.com\\\/de\\\/product\\\/kaufen-bk-ethyl-k-kristalle\\\/\",\"name\":\"Kaufen Sie bk-Ethyl-K-Kristalle - bk-Ethyl-K Online- Best Global Meds\",\"isPartOf\":{\"@id\":\"https:\\\/\\\/medicinasinc.com\\\/de\\\/#website\"},\"primaryImageOfPage\":{\"@id\":\"https:\\\/\\\/medicinasinc.com\\\/de\\\/product\\\/kaufen-bk-ethyl-k-kristalle\\\/#primaryimage\"},\"image\":{\"@id\":\"https:\\\/\\\/medicinasinc.com\\\/de\\\/product\\\/kaufen-bk-ethyl-k-kristalle\\\/#primaryimage\"},\"thumbnailUrl\":\"https:\\\/\\\/medicinasinc.com\\\/de\\\/wp-content\\\/uploads\\\/sites\\\/6\\\/2022\\\/02\\\/Buy-bk-Ethyl-K-Crystals.jpg\",\"datePublished\":\"2022-02-22T02:44:39+00:00\",\"dateModified\":\"2022-08-03T08:30:14+00:00\",\"description\":\"auf der Suche nach g\u00fcnstigen bk-Ethyl-K-Kristallen zum Verkauf in Gro\u00dfbritannien, Europa in unserem Medicinas Inc-Einkaufen mit schnellem weltweiten Versand! Die besten bk-Ethyl-K Kristalle zum Bestellen finden Sie hier!\",\"breadcrumb\":{\"@id\":\"https:\\\/\\\/medicinasinc.com\\\/de\\\/product\\\/kaufen-bk-ethyl-k-kristalle\\\/#breadcrumb\"},\"inLanguage\":\"de\",\"potentialAction\":[{\"@type\":\"ReadAction\",\"target\":[\"https:\\\/\\\/medicinasinc.com\\\/de\\\/product\\\/kaufen-bk-ethyl-k-kristalle\\\/\"]}]},{\"@type\":\"ImageObject\",\"inLanguage\":\"de\",\"@id\":\"https:\\\/\\\/medicinasinc.com\\\/de\\\/product\\\/kaufen-bk-ethyl-k-kristalle\\\/#primaryimage\",\"url\":\"https:\\\/\\\/medicinasinc.com\\\/de\\\/wp-content\\\/uploads\\\/sites\\\/6\\\/2022\\\/02\\\/Buy-bk-Ethyl-K-Crystals.jpg\",\"contentUrl\":\"https:\\\/\\\/medicinasinc.com\\\/de\\\/wp-content\\\/uploads\\\/sites\\\/6\\\/2022\\\/02\\\/Buy-bk-Ethyl-K-Crystals.jpg\",\"width\":600,\"height\":600},{\"@type\":\"BreadcrumbList\",\"@id\":\"https:\\\/\\\/medicinasinc.com\\\/de\\\/product\\\/kaufen-bk-ethyl-k-kristalle\\\/#breadcrumb\",\"itemListElement\":[{\"@type\":\"ListItem\",\"position\":1,\"name\":\"Einkaufen\",\"item\":\"https:\\\/\\\/medicinasinc.com\\\/de\\\/einkaufen\\\/\"},{\"@type\":\"ListItem\",\"position\":2,\"name\":\"Kaufen Sie bk-Ethyl-K-Kristalle\"}]},{\"@type\":\"WebSite\",\"@id\":\"https:\\\/\\\/medicinasinc.com\\\/de\\\/#website\",\"url\":\"https:\\\/\\\/medicinasinc.com\\\/de\\\/\",\"name\":\"Medicinas Inc\",\"description\":\"Health Medical Clinic\",\"potentialAction\":[{\"@type\":\"SearchAction\",\"target\":{\"@type\":\"EntryPoint\",\"urlTemplate\":\"https:\\\/\\\/medicinasinc.com\\\/de\\\/?s={search_term_string}\"},\"query-input\":{\"@type\":\"PropertyValueSpecification\",\"valueRequired\":true,\"valueName\":\"search_term_string\"}}],\"inLanguage\":\"de\"}]}<\/script>\n<!-- \/ Yoast SEO plugin. -->","yoast_head_json":{"title":"Kaufen Sie bk-Ethyl-K-Kristalle - bk-Ethyl-K Online- Best Global Meds","description":"auf der Suche nach g\u00fcnstigen bk-Ethyl-K-Kristallen zum Verkauf in Gro\u00dfbritannien, Europa in unserem Medicinas Inc-Einkaufen mit schnellem weltweiten Versand! Die besten bk-Ethyl-K Kristalle zum Bestellen finden Sie hier!","robots":{"index":"index","follow":"follow","max-snippet":"max-snippet:-1","max-image-preview":"max-image-preview:large","max-video-preview":"max-video-preview:-1"},"canonical":"https:\/\/medicinasinc.com\/de\/product\/kaufen-bk-ethyl-k-kristalle\/","og_locale":"de_DE","og_type":"article","og_title":"Kaufen Sie bk-Ethyl-K-Kristalle - bk-Ethyl-K Online- Best Global Meds","og_description":"auf der Suche nach g\u00fcnstigen bk-Ethyl-K-Kristallen zum Verkauf in Gro\u00dfbritannien, Europa in unserem Medicinas Inc-Einkaufen mit schnellem weltweiten Versand! Die besten bk-Ethyl-K Kristalle zum Bestellen finden Sie hier!","og_url":"https:\/\/medicinasinc.com\/de\/product\/kaufen-bk-ethyl-k-kristalle\/","og_site_name":"Medicinas Inc","article_modified_time":"2022-08-03T08:30:14+00:00","og_image":[{"width":600,"height":600,"url":"https:\/\/medicinasinc.com\/de\/wp-content\/uploads\/sites\/6\/2022\/02\/Buy-bk-Ethyl-K-Crystals.jpg","type":"image\/jpeg"}],"twitter_card":"summary_large_image","twitter_misc":{"Gesch\u00e4tzte Lesezeit":"1\u00a0Minute"},"schema":{"@context":"https:\/\/schema.org","@graph":[{"@type":"WebPage","@id":"https:\/\/medicinasinc.com\/de\/product\/kaufen-bk-ethyl-k-kristalle\/","url":"https:\/\/medicinasinc.com\/de\/product\/kaufen-bk-ethyl-k-kristalle\/","name":"Kaufen Sie bk-Ethyl-K-Kristalle - bk-Ethyl-K Online- Best Global Meds","isPartOf":{"@id":"https:\/\/medicinasinc.com\/de\/#website"},"primaryImageOfPage":{"@id":"https:\/\/medicinasinc.com\/de\/product\/kaufen-bk-ethyl-k-kristalle\/#primaryimage"},"image":{"@id":"https:\/\/medicinasinc.com\/de\/product\/kaufen-bk-ethyl-k-kristalle\/#primaryimage"},"thumbnailUrl":"https:\/\/medicinasinc.com\/de\/wp-content\/uploads\/sites\/6\/2022\/02\/Buy-bk-Ethyl-K-Crystals.jpg","datePublished":"2022-02-22T02:44:39+00:00","dateModified":"2022-08-03T08:30:14+00:00","description":"auf der Suche nach g\u00fcnstigen bk-Ethyl-K-Kristallen zum Verkauf in Gro\u00dfbritannien, Europa in unserem Medicinas Inc-Einkaufen mit schnellem weltweiten Versand! Die besten bk-Ethyl-K Kristalle zum Bestellen finden Sie hier!","breadcrumb":{"@id":"https:\/\/medicinasinc.com\/de\/product\/kaufen-bk-ethyl-k-kristalle\/#breadcrumb"},"inLanguage":"de","potentialAction":[{"@type":"ReadAction","target":["https:\/\/medicinasinc.com\/de\/product\/kaufen-bk-ethyl-k-kristalle\/"]}]},{"@type":"ImageObject","inLanguage":"de","@id":"https:\/\/medicinasinc.com\/de\/product\/kaufen-bk-ethyl-k-kristalle\/#primaryimage","url":"https:\/\/medicinasinc.com\/de\/wp-content\/uploads\/sites\/6\/2022\/02\/Buy-bk-Ethyl-K-Crystals.jpg","contentUrl":"https:\/\/medicinasinc.com\/de\/wp-content\/uploads\/sites\/6\/2022\/02\/Buy-bk-Ethyl-K-Crystals.jpg","width":600,"height":600},{"@type":"BreadcrumbList","@id":"https:\/\/medicinasinc.com\/de\/product\/kaufen-bk-ethyl-k-kristalle\/#breadcrumb","itemListElement":[{"@type":"ListItem","position":1,"name":"Einkaufen","item":"https:\/\/medicinasinc.com\/de\/einkaufen\/"},{"@type":"ListItem","position":2,"name":"Kaufen Sie bk-Ethyl-K-Kristalle"}]},{"@type":"WebSite","@id":"https:\/\/medicinasinc.com\/de\/#website","url":"https:\/\/medicinasinc.com\/de\/","name":"Medicinas Inc","description":"Health Medical Clinic","potentialAction":[{"@type":"SearchAction","target":{"@type":"EntryPoint","urlTemplate":"https:\/\/medicinasinc.com\/de\/?s={search_term_string}"},"query-input":{"@type":"PropertyValueSpecification","valueRequired":true,"valueName":"search_term_string"}}],"inLanguage":"de"}]}},"_links":{"self":[{"href":"https:\/\/medicinasinc.com\/de\/wp-json\/wp\/v2\/product\/5614","targetHints":{"allow":["GET"]}}],"collection":[{"href":"https:\/\/medicinasinc.com\/de\/wp-json\/wp\/v2\/product"}],"about":[{"href":"https:\/\/medicinasinc.com\/de\/wp-json\/wp\/v2\/types\/product"}],"replies":[{"embeddable":true,"href":"https:\/\/medicinasinc.com\/de\/wp-json\/wp\/v2\/comments?post=5614"}],"wp:featuredmedia":[{"embeddable":true,"href":"https:\/\/medicinasinc.com\/de\/wp-json\/wp\/v2\/media\/5623"}],"wp:attachment":[{"href":"https:\/\/medicinasinc.com\/de\/wp-json\/wp\/v2\/media?parent=5614"}],"wp:term":[{"taxonomy":"product_brand","embeddable":true,"href":"https:\/\/medicinasinc.com\/de\/wp-json\/wp\/v2\/product_brand?post=5614"},{"taxonomy":"product_cat","embeddable":true,"href":"https:\/\/medicinasinc.com\/de\/wp-json\/wp\/v2\/product_cat?post=5614"},{"taxonomy":"product_tag","embeddable":true,"href":"https:\/\/medicinasinc.com\/de\/wp-json\/wp\/v2\/product_tag?post=5614"}],"curies":[{"name":"wp","href":"https:\/\/api.w.org\/{rel}","templated":true}]}}