{"id":5592,"date":"2022-02-22T02:23:26","date_gmt":"2022-02-22T02:23:26","guid":{"rendered":"https:\/\/medicinasinc.com\/de\/?post_type=product&#038;p=5592"},"modified":"2022-08-03T08:38:48","modified_gmt":"2022-08-03T08:38:48","slug":"kaufen-eth-lad-pulver","status":"publish","type":"product","link":"https:\/\/medicinasinc.com\/de\/product\/kaufen-eth-lad-pulver\/","title":{"rendered":"Kaufen Sie ETH-LAD-Pulver"},"content":{"rendered":"<p>Eine Quelle, um ETH-LAD-Pulver zu erhalten, ETH-LAD zum Verkauf<\/p>\n<p>ETH-LAD-Pulverhersteller in China. Lieferanten und Gro\u00dfh\u00e4ndler von ETH-LAD-Pulver. Verkauf von Forschungschemikalien aus China: ETH-LAD-Pulver<\/p>\n<p>Ladd, auch bekannt als ETH-LAD, ist ein zyklisches Tetrahydroindol (auch bekannt als ETH-LAD oder ETH-LAD).<\/p>\n<p>Chinolin-9-Carboxamid, Mitglied der Lysergamid-Familie. ETH-LAD ist ein LSD-Analogon, das der Forschungsgemeinschaft erst seit kurzem zur Verf\u00fcgung steht und eine F\u00fclle von M\u00f6glichkeiten zur Untersuchung seiner Wirkungen er\u00f6ffnet. Wie in Alexander Shulgins TiHKAL-Buch in den 1970er Jahren beschrieben, wurde ETH-LAD in den 1970er Jahren von einer japanischen Forschungsgruppe synthetisiert.<\/p>\n<p>Produktbeschreibung:<\/p>\n<p>Herkunftsl\u00e4nder: China; Niederlande; Litauen; Vereinigte Staaten von Amerika<br \/>\nETH-LAD-Pulver ist sein offizieller Name.<br \/>\nMF: Derzeit keine.<br \/>\nReinheit: mehr als oder gleich 99,5 Prozent<br \/>\nBlotter im Aussehen<br \/>\nPlastik- oder Alufolienbeutel zum Verpacken<\/p>\n<p>Zahlungsbedingungen:<\/p>\n<p>Die Mindestbestellmenge betr\u00e4gt zehn St\u00fcck. Bezahlen Sie mit Bitcoin, Money Gram, Bank\u00fcberweisung oder einer beliebigen Methode.<\/p>\n<p>Muster sind kostenlos erh\u00e4ltlich.<\/p>\n<p>Kostenlose Bonusmuster sind immer bei jeder Bestellung enthalten. F\u00fcnf verschiedene Artikel mit einem Gewicht von jeweils zwei Gramm.<br \/>\nEin Mustersatz von 10 oder mehr Artikeln mit einem Gewicht von jeweils 5-10 Gramm kostet 400 US-Dollar und beinhaltet die Lieferung. Bitte kontaktieren Sie uns, um eine Bestellung aufzugeben.<\/p>\n<p>Liefer- und Versandbedingungen:<\/p>\n<p>Nach Zahlungseingang werden die Produkte innerhalb eines Werktages versendet.<br \/>\nUPS, EMS, F\u00fcr den Versand der Artikel wird DHL, TNT oder FEDEX verwendet. F\u00fcr jedes Land w\u00e4hlen wir den besten Kurier und die sicherste Versandart f\u00fcr Sie aus.<br \/>\n5.-14 Tage f\u00fcr EMS-Lieferzeit. 4-7 Tage f\u00fcr DHL, UPS und FedEx.<br \/>\nRussland, Australien und Kanada haben alle strenge Zollbestimmungen, bei denen wir Ihnen helfen k\u00f6nnen.<br \/>\nIn den meisten F\u00e4llen erhalten Sie Ihre Bestellung innerhalb von vier Tagen bis sieben Tage. Die Artikel werden erneut gesendet, wenn sie verloren gehen oder aus irgendeinem Grund nicht erhalten werden.<\/p>\n<p>Bitte kontaktieren Sie uns, wenn Sie weitere Informationen ben\u00f6tigen.<\/p>\n<p>Hinweis:<\/p>\n<p>Wir verf\u00fcgen \u00fcber einen gro\u00dfen globalen Kundenstamm und freuen uns auf eine langfristige Zusammenarbeit mit Ihnen. F\u00fcr weitere Informationen z\u00f6gern Sie bitte nicht, uns zu kontaktieren. Wir werden alles tun, um Ihnen zu helfen. Vielen Dank!<\/p>\n","protected":false},"excerpt":{"rendered":"<div class=\"g\">\n<div data-hveid=\"CAUQAA\" data-ved=\"2ahUKEwiXmcfFl6nzAhVLQEEAHXkQAPMQFSgAegQIBRAA\">\n<div class=\"tF2Cxc\">\n<div class=\"IsZvec\">\n<div>\n<p>Kaufen Sie ETH-LAD-Pulver Europa, UK online in unserem Medicinas Inc Online-Shop mit schneller weltweiter Lieferung! Das beste ETH-LAD Pulver zum Bestellen findest du hier!<\/p>\n<p>Unsere Medicinas inc online shop bietet eine schnelle weltweite Lieferung von ETH-LAD-Pulver, das in Europa und Gro\u00dfbritannien hergestellt wird. Hier finden Sie das beste ETH-LAD-Pulver auf dem Markt.<br \/>\nVertreiber von pharmazeutischen Zwischenprodukten und Forschungschemikalien vom chinesischen ETH-LAD-Pulverlieferanten<br \/>\nSie k\u00f6nnen ETH-LAD-Pulver auf dieser Website kaufen.<br \/>\nEurop\u00e4ischer Anbieter von ETH-LAD-Pulver.<br \/>\nEin LSD-Analogon namens ETH-LAD-Pulver kann online erworben werden.<br \/>\n\u00c4hnlich wie LSD ist ETH-LAD eine halluzinogene Substanz.<\/p>\n<p>LSD-Analogon ETH-LAD-Pulver. Die aktive Dosis von ETH-LAD, einer psychedelischen Droge mit einem Potenzbereich zwischen 20 und 150 Mikrogramm, ist vergleichbar mit der von LSD.<\/p>\n<p>ETH-LAD-Pulver ist erh\u00e4ltlich.<\/p>\n<p>6-Ethyl-6-nor-Lysergs\u00e4urediethylamid IUPAC ist ETH-LAD-Pulver<\/p>\n<p>Bestellungen werden aus den folgenden L\u00e4ndern versandt: Frankreich, Deutschland, Gro\u00dfbritannien und Schweden.<\/p>\n<\/div>\n<\/div>\n<\/div>\n<\/div>\n<\/div>\n","protected":false},"featured_media":5604,"comment_status":"open","ping_status":"closed","template":"","meta":[],"product_brand":[],"product_cat":[2014],"product_tag":[3279,3276,3278,3265,3268,3269,3270,3274,3272,3275,3266,3267,3273,3271,3277,3264,3263,3280],"class_list":{"0":"post-5592","1":"product","2":"type-product","3":"status-publish","4":"has-post-thumbnail","6":"product_cat-kaufen-forschungschemikalien","7":"product_tag-bestellen-eth-lad-pulver","8":"product_tag-eth-lad-einzelhandel","9":"product_tag-eth-lad-grosshandel","10":"product_tag-eth-lad-kaufen","11":"product_tag-eth-lad-powder","12":"product_tag-eth-lad-powder-effect","13":"product_tag-eth-lad-pulver-europa","14":"product_tag-eth-lad-powder-wholesale","15":"product_tag-eth-lad-puder-einzelhandel","16":"product_tag-eth-lad-reddit","17":"product_tag-eth-lad-effekt","18":"product_tag-eth-lad-order","19":"product_tag-eth-lad-powder-uk","20":"product_tag-eth-lad-pulver-zu-verkaufen","21":"product_tag-eth-lad-rezension","22":"product_tag-buy-eth-lad-powder-uk","23":"product_tag-kaufen-eth-lad-pulver","24":"product_tag-where-to-buy-eth-lad-powder","26":"first","27":"instock","28":"shipping-taxable","29":"purchasable","30":"product-type-variable","31":"has-default-attributes"},"yoast_head":"<!-- This site is optimized with the Yoast SEO plugin v27.3 - https:\/\/yoast.com\/product\/yoast-seo-wordpress\/ -->\n<title>Kaufen Sie ETH-LAD-Pulver - ETH-LAD-Pulver online - Best Global Meds<\/title>\n<meta name=\"description\" content=\"Kaufen Sie ETH-LAD-Pulver Europa, UK online in unserem Medicinas Inc Online-Shop mit schneller weltweiter Lieferung! Das beste ETH-LAD Pulver zum Bestellen findest du hier!\" \/>\n<meta name=\"robots\" content=\"index, follow, max-snippet:-1, max-image-preview:large, max-video-preview:-1\" \/>\n<link rel=\"canonical\" href=\"https:\/\/medicinasinc.com\/de\/product\/kaufen-eth-lad-pulver\/\" \/>\n<meta property=\"og:locale\" content=\"de_DE\" \/>\n<meta property=\"og:type\" content=\"article\" \/>\n<meta property=\"og:title\" content=\"Kaufen Sie ETH-LAD-Pulver - ETH-LAD-Pulver online - Best Global Meds\" \/>\n<meta property=\"og:description\" content=\"Kaufen Sie ETH-LAD-Pulver Europa, UK online in unserem Medicinas Inc Online-Shop mit schneller weltweiter Lieferung! Das beste ETH-LAD Pulver zum Bestellen findest du hier!\" \/>\n<meta property=\"og:url\" content=\"https:\/\/medicinasinc.com\/de\/product\/kaufen-eth-lad-pulver\/\" \/>\n<meta property=\"og:site_name\" content=\"Medicinas Inc\" \/>\n<meta property=\"article:modified_time\" content=\"2022-08-03T08:38:48+00:00\" \/>\n<meta property=\"og:image\" content=\"https:\/\/medicinasinc.com\/de\/wp-content\/uploads\/sites\/6\/2022\/02\/Buy-ETH-LAD-Powder.jpg\" \/>\n\t<meta property=\"og:image:width\" content=\"600\" \/>\n\t<meta property=\"og:image:height\" content=\"600\" \/>\n\t<meta property=\"og:image:type\" content=\"image\/jpeg\" \/>\n<meta name=\"twitter:card\" content=\"summary_large_image\" \/>\n<meta name=\"twitter:label1\" content=\"Gesch\u00e4tzte Lesezeit\" \/>\n\t<meta name=\"twitter:data1\" content=\"2\u00a0Minuten\" \/>\n<script type=\"application\/ld+json\" class=\"yoast-schema-graph\">{\"@context\":\"https:\\\/\\\/schema.org\",\"@graph\":[{\"@type\":\"WebPage\",\"@id\":\"https:\\\/\\\/medicinasinc.com\\\/de\\\/product\\\/kaufen-eth-lad-pulver\\\/\",\"url\":\"https:\\\/\\\/medicinasinc.com\\\/de\\\/product\\\/kaufen-eth-lad-pulver\\\/\",\"name\":\"Kaufen Sie ETH-LAD-Pulver - ETH-LAD-Pulver online - Best Global Meds\",\"isPartOf\":{\"@id\":\"https:\\\/\\\/medicinasinc.com\\\/de\\\/#website\"},\"primaryImageOfPage\":{\"@id\":\"https:\\\/\\\/medicinasinc.com\\\/de\\\/product\\\/kaufen-eth-lad-pulver\\\/#primaryimage\"},\"image\":{\"@id\":\"https:\\\/\\\/medicinasinc.com\\\/de\\\/product\\\/kaufen-eth-lad-pulver\\\/#primaryimage\"},\"thumbnailUrl\":\"https:\\\/\\\/medicinasinc.com\\\/de\\\/wp-content\\\/uploads\\\/sites\\\/6\\\/2022\\\/02\\\/Buy-ETH-LAD-Powder.jpg\",\"datePublished\":\"2022-02-22T02:23:26+00:00\",\"dateModified\":\"2022-08-03T08:38:48+00:00\",\"description\":\"Kaufen Sie ETH-LAD-Pulver Europa, UK online in unserem Medicinas Inc Online-Shop mit schneller weltweiter Lieferung! Das beste ETH-LAD Pulver zum Bestellen findest du hier!\",\"breadcrumb\":{\"@id\":\"https:\\\/\\\/medicinasinc.com\\\/de\\\/product\\\/kaufen-eth-lad-pulver\\\/#breadcrumb\"},\"inLanguage\":\"de\",\"potentialAction\":[{\"@type\":\"ReadAction\",\"target\":[\"https:\\\/\\\/medicinasinc.com\\\/de\\\/product\\\/kaufen-eth-lad-pulver\\\/\"]}]},{\"@type\":\"ImageObject\",\"inLanguage\":\"de\",\"@id\":\"https:\\\/\\\/medicinasinc.com\\\/de\\\/product\\\/kaufen-eth-lad-pulver\\\/#primaryimage\",\"url\":\"https:\\\/\\\/medicinasinc.com\\\/de\\\/wp-content\\\/uploads\\\/sites\\\/6\\\/2022\\\/02\\\/Buy-ETH-LAD-Powder.jpg\",\"contentUrl\":\"https:\\\/\\\/medicinasinc.com\\\/de\\\/wp-content\\\/uploads\\\/sites\\\/6\\\/2022\\\/02\\\/Buy-ETH-LAD-Powder.jpg\",\"width\":600,\"height\":600},{\"@type\":\"BreadcrumbList\",\"@id\":\"https:\\\/\\\/medicinasinc.com\\\/de\\\/product\\\/kaufen-eth-lad-pulver\\\/#breadcrumb\",\"itemListElement\":[{\"@type\":\"ListItem\",\"position\":1,\"name\":\"Einkaufen\",\"item\":\"https:\\\/\\\/medicinasinc.com\\\/de\\\/einkaufen\\\/\"},{\"@type\":\"ListItem\",\"position\":2,\"name\":\"Kaufen Sie ETH-LAD-Pulver\"}]},{\"@type\":\"WebSite\",\"@id\":\"https:\\\/\\\/medicinasinc.com\\\/de\\\/#website\",\"url\":\"https:\\\/\\\/medicinasinc.com\\\/de\\\/\",\"name\":\"Medicinas Inc\",\"description\":\"Health Medical Clinic\",\"potentialAction\":[{\"@type\":\"SearchAction\",\"target\":{\"@type\":\"EntryPoint\",\"urlTemplate\":\"https:\\\/\\\/medicinasinc.com\\\/de\\\/?s={search_term_string}\"},\"query-input\":{\"@type\":\"PropertyValueSpecification\",\"valueRequired\":true,\"valueName\":\"search_term_string\"}}],\"inLanguage\":\"de\"}]}<\/script>\n<!-- \/ Yoast SEO plugin. -->","yoast_head_json":{"title":"Kaufen Sie ETH-LAD-Pulver - ETH-LAD-Pulver online - Best Global Meds","description":"Kaufen Sie ETH-LAD-Pulver Europa, UK online in unserem Medicinas Inc Online-Shop mit schneller weltweiter Lieferung! Das beste ETH-LAD Pulver zum Bestellen findest du hier!","robots":{"index":"index","follow":"follow","max-snippet":"max-snippet:-1","max-image-preview":"max-image-preview:large","max-video-preview":"max-video-preview:-1"},"canonical":"https:\/\/medicinasinc.com\/de\/product\/kaufen-eth-lad-pulver\/","og_locale":"de_DE","og_type":"article","og_title":"Kaufen Sie ETH-LAD-Pulver - ETH-LAD-Pulver online - Best Global Meds","og_description":"Kaufen Sie ETH-LAD-Pulver Europa, UK online in unserem Medicinas Inc Online-Shop mit schneller weltweiter Lieferung! Das beste ETH-LAD Pulver zum Bestellen findest du hier!","og_url":"https:\/\/medicinasinc.com\/de\/product\/kaufen-eth-lad-pulver\/","og_site_name":"Medicinas Inc","article_modified_time":"2022-08-03T08:38:48+00:00","og_image":[{"width":600,"height":600,"url":"https:\/\/medicinasinc.com\/de\/wp-content\/uploads\/sites\/6\/2022\/02\/Buy-ETH-LAD-Powder.jpg","type":"image\/jpeg"}],"twitter_card":"summary_large_image","twitter_misc":{"Gesch\u00e4tzte Lesezeit":"2\u00a0Minuten"},"schema":{"@context":"https:\/\/schema.org","@graph":[{"@type":"WebPage","@id":"https:\/\/medicinasinc.com\/de\/product\/kaufen-eth-lad-pulver\/","url":"https:\/\/medicinasinc.com\/de\/product\/kaufen-eth-lad-pulver\/","name":"Kaufen Sie ETH-LAD-Pulver - ETH-LAD-Pulver online - Best Global Meds","isPartOf":{"@id":"https:\/\/medicinasinc.com\/de\/#website"},"primaryImageOfPage":{"@id":"https:\/\/medicinasinc.com\/de\/product\/kaufen-eth-lad-pulver\/#primaryimage"},"image":{"@id":"https:\/\/medicinasinc.com\/de\/product\/kaufen-eth-lad-pulver\/#primaryimage"},"thumbnailUrl":"https:\/\/medicinasinc.com\/de\/wp-content\/uploads\/sites\/6\/2022\/02\/Buy-ETH-LAD-Powder.jpg","datePublished":"2022-02-22T02:23:26+00:00","dateModified":"2022-08-03T08:38:48+00:00","description":"Kaufen Sie ETH-LAD-Pulver Europa, UK online in unserem Medicinas Inc Online-Shop mit schneller weltweiter Lieferung! Das beste ETH-LAD Pulver zum Bestellen findest du hier!","breadcrumb":{"@id":"https:\/\/medicinasinc.com\/de\/product\/kaufen-eth-lad-pulver\/#breadcrumb"},"inLanguage":"de","potentialAction":[{"@type":"ReadAction","target":["https:\/\/medicinasinc.com\/de\/product\/kaufen-eth-lad-pulver\/"]}]},{"@type":"ImageObject","inLanguage":"de","@id":"https:\/\/medicinasinc.com\/de\/product\/kaufen-eth-lad-pulver\/#primaryimage","url":"https:\/\/medicinasinc.com\/de\/wp-content\/uploads\/sites\/6\/2022\/02\/Buy-ETH-LAD-Powder.jpg","contentUrl":"https:\/\/medicinasinc.com\/de\/wp-content\/uploads\/sites\/6\/2022\/02\/Buy-ETH-LAD-Powder.jpg","width":600,"height":600},{"@type":"BreadcrumbList","@id":"https:\/\/medicinasinc.com\/de\/product\/kaufen-eth-lad-pulver\/#breadcrumb","itemListElement":[{"@type":"ListItem","position":1,"name":"Einkaufen","item":"https:\/\/medicinasinc.com\/de\/einkaufen\/"},{"@type":"ListItem","position":2,"name":"Kaufen Sie ETH-LAD-Pulver"}]},{"@type":"WebSite","@id":"https:\/\/medicinasinc.com\/de\/#website","url":"https:\/\/medicinasinc.com\/de\/","name":"Medicinas Inc","description":"Health Medical Clinic","potentialAction":[{"@type":"SearchAction","target":{"@type":"EntryPoint","urlTemplate":"https:\/\/medicinasinc.com\/de\/?s={search_term_string}"},"query-input":{"@type":"PropertyValueSpecification","valueRequired":true,"valueName":"search_term_string"}}],"inLanguage":"de"}]}},"_links":{"self":[{"href":"https:\/\/medicinasinc.com\/de\/wp-json\/wp\/v2\/product\/5592","targetHints":{"allow":["GET"]}}],"collection":[{"href":"https:\/\/medicinasinc.com\/de\/wp-json\/wp\/v2\/product"}],"about":[{"href":"https:\/\/medicinasinc.com\/de\/wp-json\/wp\/v2\/types\/product"}],"replies":[{"embeddable":true,"href":"https:\/\/medicinasinc.com\/de\/wp-json\/wp\/v2\/comments?post=5592"}],"wp:featuredmedia":[{"embeddable":true,"href":"https:\/\/medicinasinc.com\/de\/wp-json\/wp\/v2\/media\/5604"}],"wp:attachment":[{"href":"https:\/\/medicinasinc.com\/de\/wp-json\/wp\/v2\/media?parent=5592"}],"wp:term":[{"taxonomy":"product_brand","embeddable":true,"href":"https:\/\/medicinasinc.com\/de\/wp-json\/wp\/v2\/product_brand?post=5592"},{"taxonomy":"product_cat","embeddable":true,"href":"https:\/\/medicinasinc.com\/de\/wp-json\/wp\/v2\/product_cat?post=5592"},{"taxonomy":"product_tag","embeddable":true,"href":"https:\/\/medicinasinc.com\/de\/wp-json\/wp\/v2\/product_tag?post=5592"}],"curies":[{"name":"wp","href":"https:\/\/api.w.org\/{rel}","templated":true}]}}