{"id":5590,"date":"2022-02-22T02:20:06","date_gmt":"2022-02-22T02:20:06","guid":{"rendered":"https:\/\/medicinasinc.com\/de\/?post_type=product&#038;p=5590"},"modified":"2022-08-03T08:50:37","modified_gmt":"2022-08-03T08:50:37","slug":"methiopropamin-pulver-kaufen","status":"publish","type":"product","link":"https:\/\/medicinasinc.com\/de\/product\/methiopropamin-pulver-kaufen\/","title":{"rendered":"Kaufen Sie Methiopropamin-Pulver"},"content":{"rendered":"<p><strong>Kaufen Sie MPA-Methiopropamin-Pulver im Internet.<\/strong><\/p>\n<p>Methiopropamin, auch bekannt als MPA, Methedrene und Syndrax, ist ein strukturelles Analogon von Methamphetamin. Es hat einen Thiophenring wie Methamphetamin. Methiopropamin soll unter anderem eine leichte Euphorie und eine Sensibilisierung bewirken. Es ist etwa ein Drittel so stark wie Dextroamphetamin.<\/p>\n<p>Cas-Nummer: 801156-47-8<br \/>\nSo funktioniert die Formel: C8H13NS<br \/>\nIUPAC: 1-(Thiophen-2- yl) 2-Methylaminopropan ist der Name.<br \/>\nAussehen:<br \/>\nReinheit:<\/p>\n<div class=\"product-next- previous\">\n<div class=\"product-prev\"><\/div>\n<\/div>\n","protected":false},"excerpt":{"rendered":"<p>In unserem Online-Shop Medicinasinc.com k\u00f6nnen Sie MPA-Methiopropamin-Pulver zum Verkauf in Gro\u00dfbritannien, Europa und auf der ganzen Welt kaufen! Wir haben das beste MPA-Methiopropamin zum Verkauf, und Sie k\u00f6nnen es bei uns kaufen!<\/p>\n<p>Kaufen Sie MPA-Methiopropamin-Pulver im Internet. Methiopropamin ist der Name des Medikaments. Dasselbe wie Methamphetamin<br \/>\n100 bis 200 mg ist die empfohlene Dosis.<\/p>\n<p>Kaufen Sie reines, hochwertiges Methiopropamin-Pulver online mit Bitcoin \u2013 Sie k\u00f6nnen das tun.<\/p>\n<p>Kaufen Sie legal Medikamente online kaufen, Forschungschemikalien, pharmazeutische Rohpulver und mehr in einem Gesch\u00e4ft kaufen.<\/p>\n<p>Methiopropamin (MPA) ist eine synthetische Droge, die Amphetamin sehr \u00e4hnlich sieht und fr\u00fcher als \u201elegal\u201c verkauft wurde Alternative\u201d zu Kokain. Der Beirat f\u00fcr den Missbrauch von Arzneimitteln hat empfohlen, MPA als Arzneimittel der Klasse B (ACMD) einzustufen.<\/p>\n","protected":false},"featured_media":5600,"comment_status":"open","ping_status":"closed","template":"","meta":[],"product_brand":[],"product_cat":[2014],"product_tag":[3242,3244,4170,3240,3233,3232,3246,3238,3241,3236,3243,3234,3237,3239,3245,4181,3248,3235],"class_list":{"0":"post-5590","1":"product","2":"type-product","3":"status-publish","4":"has-post-thumbnail","6":"product_cat-kaufen-forschungschemikalien","7":"product_tag-methiopropamin-lieferant","8":"product_tag-methiopropamin-online-bestellen","9":"product_tag-der-beste-ort","10":"product_tag-methiopropamin-einzelhandel","11":"product_tag-how-to-buy-methiopropamine-online","12":"product_tag-methiopropamin-online-kaufen","13":"product_tag-lieferant-von-methiopropamin","14":"product_tag-methiopropamin-ordnung","15":"product_tag-methiopropamin-rezensionen","16":"product_tag-methiopropamin-europa-grohandel","17":"product_tag-methiopropamin-grohandel","18":"product_tag-methiopropamin-kaufen","19":"product_tag-methiopropamin-zu-verkaufen","20":"product_tag-methiopropamine-reddit","21":"product_tag-purchase-methiopropamine-online","22":"product_tag-um-methiopropamin-online-zu-kaufen","23":"product_tag-where-to-buy-methiopropamine-online","24":"product_tag-methiopropamin-effekt","26":"first","27":"instock","28":"shipping-taxable","29":"purchasable","30":"product-type-variable","31":"has-default-attributes"},"yoast_head":"<!-- This site is optimized with the Yoast SEO plugin v27.3 - https:\/\/yoast.com\/product\/yoast-seo-wordpress\/ -->\n<title>Kaufen Sie Methiopropaminpulver - Kaufen Sie MPA - Best Global Meds<\/title>\n<meta name=\"description\" content=\"Kaufen Sie MPA-Methiopropamin-Pulver UK, Europa in unserem Online-Shop Medicinasinc.com mit schneller weltweiter Lieferung! Das beste MPA Methiopropamin zum Verkauf finden Sie hier!\" \/>\n<meta name=\"robots\" content=\"index, follow, max-snippet:-1, max-image-preview:large, max-video-preview:-1\" \/>\n<link rel=\"canonical\" href=\"https:\/\/medicinasinc.com\/de\/product\/methiopropamin-pulver-kaufen\/\" \/>\n<meta property=\"og:locale\" content=\"de_DE\" \/>\n<meta property=\"og:type\" content=\"article\" \/>\n<meta property=\"og:title\" content=\"Kaufen Sie Methiopropaminpulver - Kaufen Sie MPA - Best Global Meds\" \/>\n<meta property=\"og:description\" content=\"Kaufen Sie MPA-Methiopropamin-Pulver UK, Europa in unserem Online-Shop Medicinasinc.com mit schneller weltweiter Lieferung! Das beste MPA Methiopropamin zum Verkauf finden Sie hier!\" \/>\n<meta property=\"og:url\" content=\"https:\/\/medicinasinc.com\/de\/product\/methiopropamin-pulver-kaufen\/\" \/>\n<meta property=\"og:site_name\" content=\"Medicinas Inc\" \/>\n<meta property=\"article:modified_time\" content=\"2022-08-03T08:50:37+00:00\" \/>\n<meta property=\"og:image\" content=\"https:\/\/medicinasinc.com\/de\/wp-content\/uploads\/sites\/6\/2022\/02\/Buy-Methiopropamine-powder.png\" \/>\n\t<meta property=\"og:image:width\" content=\"457\" \/>\n\t<meta property=\"og:image:height\" content=\"323\" \/>\n\t<meta property=\"og:image:type\" content=\"image\/png\" \/>\n<meta name=\"twitter:card\" content=\"summary_large_image\" \/>\n<meta name=\"twitter:label1\" content=\"Gesch\u00e4tzte Lesezeit\" \/>\n\t<meta name=\"twitter:data1\" content=\"1\u00a0Minute\" \/>\n<script type=\"application\/ld+json\" class=\"yoast-schema-graph\">{\"@context\":\"https:\\\/\\\/schema.org\",\"@graph\":[{\"@type\":\"WebPage\",\"@id\":\"https:\\\/\\\/medicinasinc.com\\\/de\\\/product\\\/methiopropamin-pulver-kaufen\\\/\",\"url\":\"https:\\\/\\\/medicinasinc.com\\\/de\\\/product\\\/methiopropamin-pulver-kaufen\\\/\",\"name\":\"Kaufen Sie Methiopropaminpulver - Kaufen Sie MPA - Best Global Meds\",\"isPartOf\":{\"@id\":\"https:\\\/\\\/medicinasinc.com\\\/de\\\/#website\"},\"primaryImageOfPage\":{\"@id\":\"https:\\\/\\\/medicinasinc.com\\\/de\\\/product\\\/methiopropamin-pulver-kaufen\\\/#primaryimage\"},\"image\":{\"@id\":\"https:\\\/\\\/medicinasinc.com\\\/de\\\/product\\\/methiopropamin-pulver-kaufen\\\/#primaryimage\"},\"thumbnailUrl\":\"https:\\\/\\\/medicinasinc.com\\\/de\\\/wp-content\\\/uploads\\\/sites\\\/6\\\/2022\\\/02\\\/Buy-Methiopropamine-powder.png\",\"datePublished\":\"2022-02-22T02:20:06+00:00\",\"dateModified\":\"2022-08-03T08:50:37+00:00\",\"description\":\"Kaufen Sie MPA-Methiopropamin-Pulver UK, Europa in unserem Online-Shop Medicinasinc.com mit schneller weltweiter Lieferung! Das beste MPA Methiopropamin zum Verkauf finden Sie hier!\",\"breadcrumb\":{\"@id\":\"https:\\\/\\\/medicinasinc.com\\\/de\\\/product\\\/methiopropamin-pulver-kaufen\\\/#breadcrumb\"},\"inLanguage\":\"de\",\"potentialAction\":[{\"@type\":\"ReadAction\",\"target\":[\"https:\\\/\\\/medicinasinc.com\\\/de\\\/product\\\/methiopropamin-pulver-kaufen\\\/\"]}]},{\"@type\":\"ImageObject\",\"inLanguage\":\"de\",\"@id\":\"https:\\\/\\\/medicinasinc.com\\\/de\\\/product\\\/methiopropamin-pulver-kaufen\\\/#primaryimage\",\"url\":\"https:\\\/\\\/medicinasinc.com\\\/de\\\/wp-content\\\/uploads\\\/sites\\\/6\\\/2022\\\/02\\\/Buy-Methiopropamine-powder.png\",\"contentUrl\":\"https:\\\/\\\/medicinasinc.com\\\/de\\\/wp-content\\\/uploads\\\/sites\\\/6\\\/2022\\\/02\\\/Buy-Methiopropamine-powder.png\",\"width\":457,\"height\":323},{\"@type\":\"BreadcrumbList\",\"@id\":\"https:\\\/\\\/medicinasinc.com\\\/de\\\/product\\\/methiopropamin-pulver-kaufen\\\/#breadcrumb\",\"itemListElement\":[{\"@type\":\"ListItem\",\"position\":1,\"name\":\"Einkaufen\",\"item\":\"https:\\\/\\\/medicinasinc.com\\\/de\\\/einkaufen\\\/\"},{\"@type\":\"ListItem\",\"position\":2,\"name\":\"Kaufen Sie Methiopropamin-Pulver\"}]},{\"@type\":\"WebSite\",\"@id\":\"https:\\\/\\\/medicinasinc.com\\\/de\\\/#website\",\"url\":\"https:\\\/\\\/medicinasinc.com\\\/de\\\/\",\"name\":\"Medicinas Inc\",\"description\":\"Health Medical Clinic\",\"potentialAction\":[{\"@type\":\"SearchAction\",\"target\":{\"@type\":\"EntryPoint\",\"urlTemplate\":\"https:\\\/\\\/medicinasinc.com\\\/de\\\/?s={search_term_string}\"},\"query-input\":{\"@type\":\"PropertyValueSpecification\",\"valueRequired\":true,\"valueName\":\"search_term_string\"}}],\"inLanguage\":\"de\"}]}<\/script>\n<!-- \/ Yoast SEO plugin. -->","yoast_head_json":{"title":"Kaufen Sie Methiopropaminpulver - Kaufen Sie MPA - Best Global Meds","description":"Kaufen Sie MPA-Methiopropamin-Pulver UK, Europa in unserem Online-Shop Medicinasinc.com mit schneller weltweiter Lieferung! Das beste MPA Methiopropamin zum Verkauf finden Sie hier!","robots":{"index":"index","follow":"follow","max-snippet":"max-snippet:-1","max-image-preview":"max-image-preview:large","max-video-preview":"max-video-preview:-1"},"canonical":"https:\/\/medicinasinc.com\/de\/product\/methiopropamin-pulver-kaufen\/","og_locale":"de_DE","og_type":"article","og_title":"Kaufen Sie Methiopropaminpulver - Kaufen Sie MPA - Best Global Meds","og_description":"Kaufen Sie MPA-Methiopropamin-Pulver UK, Europa in unserem Online-Shop Medicinasinc.com mit schneller weltweiter Lieferung! Das beste MPA Methiopropamin zum Verkauf finden Sie hier!","og_url":"https:\/\/medicinasinc.com\/de\/product\/methiopropamin-pulver-kaufen\/","og_site_name":"Medicinas Inc","article_modified_time":"2022-08-03T08:50:37+00:00","og_image":[{"width":457,"height":323,"url":"https:\/\/medicinasinc.com\/de\/wp-content\/uploads\/sites\/6\/2022\/02\/Buy-Methiopropamine-powder.png","type":"image\/png"}],"twitter_card":"summary_large_image","twitter_misc":{"Gesch\u00e4tzte Lesezeit":"1\u00a0Minute"},"schema":{"@context":"https:\/\/schema.org","@graph":[{"@type":"WebPage","@id":"https:\/\/medicinasinc.com\/de\/product\/methiopropamin-pulver-kaufen\/","url":"https:\/\/medicinasinc.com\/de\/product\/methiopropamin-pulver-kaufen\/","name":"Kaufen Sie Methiopropaminpulver - Kaufen Sie MPA - Best Global Meds","isPartOf":{"@id":"https:\/\/medicinasinc.com\/de\/#website"},"primaryImageOfPage":{"@id":"https:\/\/medicinasinc.com\/de\/product\/methiopropamin-pulver-kaufen\/#primaryimage"},"image":{"@id":"https:\/\/medicinasinc.com\/de\/product\/methiopropamin-pulver-kaufen\/#primaryimage"},"thumbnailUrl":"https:\/\/medicinasinc.com\/de\/wp-content\/uploads\/sites\/6\/2022\/02\/Buy-Methiopropamine-powder.png","datePublished":"2022-02-22T02:20:06+00:00","dateModified":"2022-08-03T08:50:37+00:00","description":"Kaufen Sie MPA-Methiopropamin-Pulver UK, Europa in unserem Online-Shop Medicinasinc.com mit schneller weltweiter Lieferung! Das beste MPA Methiopropamin zum Verkauf finden Sie hier!","breadcrumb":{"@id":"https:\/\/medicinasinc.com\/de\/product\/methiopropamin-pulver-kaufen\/#breadcrumb"},"inLanguage":"de","potentialAction":[{"@type":"ReadAction","target":["https:\/\/medicinasinc.com\/de\/product\/methiopropamin-pulver-kaufen\/"]}]},{"@type":"ImageObject","inLanguage":"de","@id":"https:\/\/medicinasinc.com\/de\/product\/methiopropamin-pulver-kaufen\/#primaryimage","url":"https:\/\/medicinasinc.com\/de\/wp-content\/uploads\/sites\/6\/2022\/02\/Buy-Methiopropamine-powder.png","contentUrl":"https:\/\/medicinasinc.com\/de\/wp-content\/uploads\/sites\/6\/2022\/02\/Buy-Methiopropamine-powder.png","width":457,"height":323},{"@type":"BreadcrumbList","@id":"https:\/\/medicinasinc.com\/de\/product\/methiopropamin-pulver-kaufen\/#breadcrumb","itemListElement":[{"@type":"ListItem","position":1,"name":"Einkaufen","item":"https:\/\/medicinasinc.com\/de\/einkaufen\/"},{"@type":"ListItem","position":2,"name":"Kaufen Sie Methiopropamin-Pulver"}]},{"@type":"WebSite","@id":"https:\/\/medicinasinc.com\/de\/#website","url":"https:\/\/medicinasinc.com\/de\/","name":"Medicinas Inc","description":"Health Medical Clinic","potentialAction":[{"@type":"SearchAction","target":{"@type":"EntryPoint","urlTemplate":"https:\/\/medicinasinc.com\/de\/?s={search_term_string}"},"query-input":{"@type":"PropertyValueSpecification","valueRequired":true,"valueName":"search_term_string"}}],"inLanguage":"de"}]}},"_links":{"self":[{"href":"https:\/\/medicinasinc.com\/de\/wp-json\/wp\/v2\/product\/5590","targetHints":{"allow":["GET"]}}],"collection":[{"href":"https:\/\/medicinasinc.com\/de\/wp-json\/wp\/v2\/product"}],"about":[{"href":"https:\/\/medicinasinc.com\/de\/wp-json\/wp\/v2\/types\/product"}],"replies":[{"embeddable":true,"href":"https:\/\/medicinasinc.com\/de\/wp-json\/wp\/v2\/comments?post=5590"}],"wp:featuredmedia":[{"embeddable":true,"href":"https:\/\/medicinasinc.com\/de\/wp-json\/wp\/v2\/media\/5600"}],"wp:attachment":[{"href":"https:\/\/medicinasinc.com\/de\/wp-json\/wp\/v2\/media?parent=5590"}],"wp:term":[{"taxonomy":"product_brand","embeddable":true,"href":"https:\/\/medicinasinc.com\/de\/wp-json\/wp\/v2\/product_brand?post=5590"},{"taxonomy":"product_cat","embeddable":true,"href":"https:\/\/medicinasinc.com\/de\/wp-json\/wp\/v2\/product_cat?post=5590"},{"taxonomy":"product_tag","embeddable":true,"href":"https:\/\/medicinasinc.com\/de\/wp-json\/wp\/v2\/product_tag?post=5590"}],"curies":[{"name":"wp","href":"https:\/\/api.w.org\/{rel}","templated":true}]}}